{"id":16562,"date":"2023-11-09T11:17:49","date_gmt":"2023-11-09T10:17:49","guid":{"rendered":"https:\/\/polsoft.pl\/microsoft-surface\/produkt\/microsoft-surface-go-3-platinum-8vi-00003-i3-10100y-8gb-128gb-105-w11p\/"},"modified":"2025-07-15T13:56:20","modified_gmt":"2025-07-15T11:56:20","slug":"microsoft-surface-go-3-platinum-8vi-00003-i3-10100y-8gb-128gb-105-w11p","status":"publish","type":"product","link":"https:\/\/www.polsoft.pl\/microsoft-surface\/produkt\/microsoft-surface-go-3-platinum-8vi-00003-i3-10100y-8gb-128gb-105-w11p\/","title":{"rendered":"Microsoft Surface Go 3 Platinum 8VI-00003\/i3-10100Y\/8GB\/128GB\/10,5\u201d\/W11P"},"content":{"rendered":"<p>Microsoft Surface Go 3 8VI-00003 jest najnowsz\u0105 ods\u0142on\u0105 najl\u017cejszych urz\u0105dze\u0144 2w1 w portfolio firmy Microsoft. Zadbaj o sta\u0142\u0105 \u0142\u0105czno\u015b\u0107 z innymi niezale\u017cnie od miejsca, w kt\u00f3rym si\u0119 znajdujesz \u2013 w domu, czy w d\u0142ugiej podr\u00f3\u017cy. Wysok\u0105 wydajno\u015b\u0107 zapewniaj\u0105 procesory mobilne 10 generacji Intela, a niezawodn\u0105 mobilno\u015b\u0107 szereg bezprzewodowych modu\u0142\u00f3w \u0142\u0105czno\u015bci. To wszystko w lekkiej i stylowej obudowie charakterystycznej dla urz\u0105dze\u0144 Surface. Dodatkowo sprz\u0119t zawiera udoskonalone zabezpieczenia systemowe, dbaj\u0105ce o bezpiecze\u0144stwo wra\u017cliwych danych u\u017cytkownika.<\/p>\n<p>Pod mask\u0105 w tej konfiguracji zastosowano procesor Intel\u00ae Core\u00ae i3-10100Y o wyj\u0105tkowej energooszcz\u0119dno\u015bci pozwalaj\u0105cej nawet na 11 godzin pracy na baterii. Nasze dane przechowamy na dysku SSD o pojemno\u015bci 128 GB, a p\u0142ynno\u015b\u0107 dzia\u0142ania aplikacji zapewni 8 GB pami\u0119ci RAM LPDDR3. Za wy\u015bwietlanie obrazu odpowiada karta graficzna Intel\u00ae UHD Graphics 615.<\/p>\n<p>Wygodnie przegl\u0105daj strony, komfortowo pracuj z dokumentami, precyzyjnie szkicuj i wiele wi\u0119cej z dotykowym 10,5\u201d ekranem PixelSense\u2122. Technologia PixelSense\u2122 zapewnia rewelacyjne odwzorowanie barw, szerokie k\u0105ty widzenia oraz ostry obraz. Matryca wyr\u00f3\u017cnia si\u0119 ponadto wysokim zag\u0119szczeniem pikseli na poziomie 220 PPI. Czujnik nat\u0119\u017cenia \u015bwiat\u0142a pozwoli na automatyczne dostosowanie jasno\u015bci ekranu do zewn\u0119trznych warunk\u00f3w o\u015bwietlenia. Ekran zabezpieczony jest ochronnym szk\u0142em Corning\u00ae Gorilla\u00ae Glass 3 przez co nie musisz si\u0119 martwi\u0107 o wszelkie zarysowania na ekranie.<\/p>\n<p>Pracuj tak jak chcesz, dzi\u0119ki dost\u0119pnym r\u00f3\u017cnych trybom pracy. W trybie tabletu przegl\u0105daj strony za pomoc\u0105 dotykowego ekranu. Pod\u0142\u0105cz klawiatur\u0119 Surface Go Type Cover aby zamieni\u0107 tablet w laptopa i m\u00f3c wygodnie odpisywa\u0107 na maile. Mo\u017cesz tak\u017ce zamieni\u0107 tablet w komputer stacjonarny pod\u0142\u0105czaj\u0105c go do stacji dokuj\u0105cej Surface Dock 2. Zadbaj o wygod\u0119 Twojej d\u0142oni z szerok\u0105 gam\u0105 mobilnych myszek Microsoft Surface Mobile, Modern Mobile lub Arc Mouse. Dodatkowo tw\u00f3rz bez \u017cadnych ogranicze\u0144 z rysikami Surface Pen.<\/p>\n<p>B\u0105d\u017a zawsze w kontakcie dzi\u0119ki szerokim mo\u017cliwo\u015bciom \u0142\u0105czno\u015bci bezprzewodowej jak LTE, Bluetooth 5.0. W dodatku na pok\u0142adzie nie zabraknie sensor\u00f3w po\u0142o\u017cenia jak i bezpiecze\u0144stwa. Loguj si\u0119 szybko i bezpiecznie dzi\u0119ki wbudowanej funkcji rozpoznawania twarzy Windows Hello w przedniej kamerce. Niech inni Ci\u0119 wyra\u017anie widz\u0105 oraz s\u0142ysz\u0105 dzi\u0119ki wysokiej jako\u015bci mikrofonom studyjnym dalekiego pola i doskona\u0142ej kamerce HD. Ty tak\u017ce us\u0142yszysz ka\u017cdy detal z g\u0142o\u015bnikami Dolby\u00ae Audio\u2122.<\/p>\n<p>&nbsp;<\/p>\n","protected":false},"excerpt":{"rendered":"<p>Microsoft Surface Go 3 8VI-00003 jest najnowsz\u0105 ods\u0142on\u0105 najl\u017cejszych urz\u0105dze\u0144 2w1 w portfolio firmy Microsoft. Zadbaj o sta\u0142\u0105 \u0142\u0105czno\u015b\u0107 z innymi niezale\u017cnie od miejsca, w kt\u00f3rym si\u0119 znajdujesz \u2013 w domu, czy w d\u0142ugiej podr\u00f3\u017cy. Wysok\u0105 wydajno\u015b\u0107 zapewniaj\u0105 procesory mobilne 10 generacji Intela, a niezawodn\u0105 mobilno\u015b\u0107 szereg bezprzewodowych modu\u0142\u00f3w \u0142\u0105czno\u015bci. To wszystko w lekkiej i [&hellip;]<\/p>\n","protected":false},"featured_media":16621,"template":"","meta":{"site-sidebar-layout":"default","site-content-layout":"","ast-site-content-layout":"default","site-content-style":"default","site-sidebar-style":"default","ast-global-header-display":"","ast-banner-title-visibility":"","ast-main-header-display":"","ast-hfb-above-header-display":"","ast-hfb-below-header-display":"","ast-hfb-mobile-header-display":"","site-post-title":"","ast-breadcrumbs-content":"","ast-featured-img":"","footer-sml-layout":"","ast-disable-related-posts":"","theme-transparent-header-meta":"default","adv-header-id-meta":"","stick-header-meta":"","header-above-stick-meta":"","header-main-stick-meta":"","header-below-stick-meta":"","astra-migrate-meta-layouts":"set","ast-page-background-enabled":"default","ast-page-background-meta":{"desktop":{"background-color":"","background-image":"","background-repeat":"repeat","background-position":"center center","background-size":"auto","background-attachment":"scroll","background-type":"","background-media":"","overlay-type":"","overlay-color":"","overlay-opacity":"","overlay-gradient":""},"tablet":{"background-color":"","background-image":"","background-repeat":"repeat","background-position":"center center","background-size":"auto","background-attachment":"scroll","background-type":"","background-media":"","overlay-type":"","overlay-color":"","overlay-opacity":"","overlay-gradient":""},"mobile":{"background-color":"","background-image":"","background-repeat":"repeat","background-position":"center center","background-size":"auto","background-attachment":"scroll","background-type":"","background-media":"","overlay-type":"","overlay-color":"","overlay-opacity":"","overlay-gradient":""}},"ast-content-background-meta":{"desktop":{"background-color":"var(--ast-global-color-5)","background-image":"","background-repeat":"repeat","background-position":"center center","background-size":"auto","background-attachment":"scroll","background-type":"","background-media":"","overlay-type":"","overlay-color":"","overlay-opacity":"","overlay-gradient":""},"tablet":{"background-color":"var(--ast-global-color-5)","background-image":"","background-repeat":"repeat","background-position":"center center","background-size":"auto","background-attachment":"scroll","background-type":"","background-media":"","overlay-type":"","overlay-color":"","overlay-opacity":"","overlay-gradient":""},"mobile":{"background-color":"var(--ast-global-color-5)","background-image":"","background-repeat":"repeat","background-position":"center center","background-size":"auto","background-attachment":"scroll","background-type":"","background-media":"","overlay-type":"","overlay-color":"","overlay-opacity":"","overlay-gradient":""}},"_links_to":"","_links_to_target":""},"product_brand":[],"product_cat":[],"product_tag":[],"class_list":{"0":"post-16562","1":"product","2":"type-product","3":"status-publish","4":"has-post-thumbnail","6":"pa_dodatkowe-komponenty-lte","7":"pa_matryca-155","8":"pa_model-procesora-i3-10100y","9":"pa_pamiec-ram-8-gb","10":"pa_pojemnosc-dysku-128-gb","11":"pa_producent-procesora-intel","12":"pa_w-zestawie-urzadzenie-zasilacz","13":"desktop-align-left","14":"tablet-align-left","15":"mobile-align-left","17":"first","18":"instock","19":"taxable","20":"shipping-taxable","21":"purchasable","22":"product-type-simple"},"yoast_head":"<!-- This site is optimized with the Yoast SEO plugin v26.7 - https:\/\/yoast.com\/wordpress\/plugins\/seo\/ -->\n<title>Microsoft Surface Go 3 Platinum 8VI-00003\/i3-10100Y\/8GB\/128GB\/10,5\u201d\/W11P - Sklep rozwi\u0105za\u0144 Microsoft Surface<\/title>\n<meta name=\"robots\" content=\"index, follow, max-snippet:-1, max-image-preview:large, max-video-preview:-1\" \/>\n<link rel=\"canonical\" href=\"https:\/\/polsoft.pl\/microsoft-surface\/produkt\/microsoft-surface-go-3-platinum-8vi-00003-i3-10100y-8gb-128gb-105-w11p\/\" \/>\n<meta property=\"og:locale\" content=\"pl_PL\" \/>\n<meta property=\"og:type\" content=\"article\" \/>\n<meta property=\"og:title\" content=\"Microsoft Surface Go 3 Platinum 8VI-00003\/i3-10100Y\/8GB\/128GB\/10,5\u201d\/W11P - Sklep rozwi\u0105za\u0144 Microsoft Surface\" \/>\n<meta property=\"og:description\" content=\"Microsoft Surface Go 3 8VI-00003 jest najnowsz\u0105 ods\u0142on\u0105 najl\u017cejszych urz\u0105dze\u0144 2w1 w portfolio firmy Microsoft. Zadbaj o sta\u0142\u0105 \u0142\u0105czno\u015b\u0107 z innymi niezale\u017cnie od miejsca, w kt\u00f3rym si\u0119 znajdujesz \u2013 w domu, czy w d\u0142ugiej podr\u00f3\u017cy. Wysok\u0105 wydajno\u015b\u0107 zapewniaj\u0105 procesory mobilne 10 generacji Intela, a niezawodn\u0105 mobilno\u015b\u0107 szereg bezprzewodowych modu\u0142\u00f3w \u0142\u0105czno\u015bci. To wszystko w lekkiej i [&hellip;]\" \/>\n<meta property=\"og:url\" content=\"https:\/\/polsoft.pl\/microsoft-surface\/produkt\/microsoft-surface-go-3-platinum-8vi-00003-i3-10100y-8gb-128gb-105-w11p\/\" \/>\n<meta property=\"og:site_name\" content=\"Sklep rozwi\u0105za\u0144 Microsoft Surface\" \/>\n<meta property=\"article:modified_time\" content=\"2025-07-15T11:56:20+00:00\" \/>\n<meta property=\"og:image\" content=\"https:\/\/polsoft.pl\/microsoft-surface\/wp-content\/uploads\/2023\/11\/Tablet-Microsoft-Surface-Go-3-Platinum-8VI-00003-2.jpg\" \/>\n\t<meta property=\"og:image:width\" content=\"1233\" \/>\n\t<meta property=\"og:image:height\" content=\"1233\" \/>\n\t<meta property=\"og:image:type\" content=\"image\/jpeg\" \/>\n<meta name=\"twitter:card\" content=\"summary_large_image\" \/>\n<meta name=\"twitter:label1\" content=\"Szacowany czas czytania\" \/>\n\t<meta name=\"twitter:data1\" content=\"3 minuty\" \/>\n<script type=\"application\/ld+json\" class=\"yoast-schema-graph\">{\"@context\":\"https:\/\/schema.org\",\"@graph\":[{\"@type\":\"WebPage\",\"@id\":\"https:\/\/polsoft.pl\/microsoft-surface\/produkt\/microsoft-surface-go-3-platinum-8vi-00003-i3-10100y-8gb-128gb-105-w11p\/\",\"url\":\"https:\/\/polsoft.pl\/microsoft-surface\/produkt\/microsoft-surface-go-3-platinum-8vi-00003-i3-10100y-8gb-128gb-105-w11p\/\",\"name\":\"Microsoft Surface Go 3 Platinum 8VI-00003\/i3-10100Y\/8GB\/128GB\/10,5\u201d\/W11P - Sklep rozwi\u0105za\u0144 Microsoft Surface\",\"isPartOf\":{\"@id\":\"https:\/\/polsoft.pl\/microsoft-surface\/#website\"},\"primaryImageOfPage\":{\"@id\":\"https:\/\/polsoft.pl\/microsoft-surface\/produkt\/microsoft-surface-go-3-platinum-8vi-00003-i3-10100y-8gb-128gb-105-w11p\/#primaryimage\"},\"image\":{\"@id\":\"https:\/\/polsoft.pl\/microsoft-surface\/produkt\/microsoft-surface-go-3-platinum-8vi-00003-i3-10100y-8gb-128gb-105-w11p\/#primaryimage\"},\"thumbnailUrl\":\"https:\/\/www.polsoft.pl\/microsoft-surface\/wp-content\/uploads\/2023\/11\/Tablet-Microsoft-Surface-Go-3-Platinum-8VI-00003-2.jpg\",\"datePublished\":\"2023-11-09T10:17:49+00:00\",\"dateModified\":\"2025-07-15T11:56:20+00:00\",\"breadcrumb\":{\"@id\":\"https:\/\/polsoft.pl\/microsoft-surface\/produkt\/microsoft-surface-go-3-platinum-8vi-00003-i3-10100y-8gb-128gb-105-w11p\/#breadcrumb\"},\"inLanguage\":\"pl-PL\",\"potentialAction\":[{\"@type\":\"ReadAction\",\"target\":[\"https:\/\/polsoft.pl\/microsoft-surface\/produkt\/microsoft-surface-go-3-platinum-8vi-00003-i3-10100y-8gb-128gb-105-w11p\/\"]}]},{\"@type\":\"ImageObject\",\"inLanguage\":\"pl-PL\",\"@id\":\"https:\/\/polsoft.pl\/microsoft-surface\/produkt\/microsoft-surface-go-3-platinum-8vi-00003-i3-10100y-8gb-128gb-105-w11p\/#primaryimage\",\"url\":\"https:\/\/www.polsoft.pl\/microsoft-surface\/wp-content\/uploads\/2023\/11\/Tablet-Microsoft-Surface-Go-3-Platinum-8VI-00003-2.jpg\",\"contentUrl\":\"https:\/\/www.polsoft.pl\/microsoft-surface\/wp-content\/uploads\/2023\/11\/Tablet-Microsoft-Surface-Go-3-Platinum-8VI-00003-2.jpg\",\"width\":1233,\"height\":1233,\"caption\":\"Zdj\u0119cie produktu Microsoft Surface Go 3 Platinum\"},{\"@type\":\"BreadcrumbList\",\"@id\":\"https:\/\/polsoft.pl\/microsoft-surface\/produkt\/microsoft-surface-go-3-platinum-8vi-00003-i3-10100y-8gb-128gb-105-w11p\/#breadcrumb\",\"itemListElement\":[{\"@type\":\"ListItem\",\"position\":1,\"name\":\"Strona g\u0142\u00f3wna\",\"item\":\"https:\/\/polsoft.pl\/microsoft-surface\/\"},{\"@type\":\"ListItem\",\"position\":2,\"name\":\"Sklep\",\"item\":\"https:\/\/polsoft.pl\/microsoft-surface\/sklep\/\"},{\"@type\":\"ListItem\",\"position\":3,\"name\":\"Microsoft Surface Go 3 Platinum 8VI-00003\/i3-10100Y\/8GB\/128GB\/10,5\u201d\/W11P\"}]},{\"@type\":\"WebSite\",\"@id\":\"https:\/\/polsoft.pl\/microsoft-surface\/#website\",\"url\":\"https:\/\/polsoft.pl\/microsoft-surface\/\",\"name\":\"Sklep Microsoft Surface\",\"description\":\"Sklep Microsoft Surface\",\"publisher\":{\"@id\":\"https:\/\/polsoft.pl\/microsoft-surface\/#organization\"},\"potentialAction\":[{\"@type\":\"SearchAction\",\"target\":{\"@type\":\"EntryPoint\",\"urlTemplate\":\"https:\/\/polsoft.pl\/microsoft-surface\/?s={search_term_string}\"},\"query-input\":{\"@type\":\"PropertyValueSpecification\",\"valueRequired\":true,\"valueName\":\"search_term_string\"}}],\"inLanguage\":\"pl-PL\"},{\"@type\":\"Organization\",\"@id\":\"https:\/\/polsoft.pl\/microsoft-surface\/#organization\",\"name\":\"Polsoft Engineering Sp. z o.o.\",\"url\":\"https:\/\/polsoft.pl\/microsoft-surface\/\",\"logo\":{\"@type\":\"ImageObject\",\"inLanguage\":\"pl-PL\",\"@id\":\"https:\/\/polsoft.pl\/microsoft-surface\/#\/schema\/logo\/image\/\",\"url\":\"https:\/\/www.polsoft.pl\/microsoft-surface\/wp-content\/uploads\/2020\/10\/microsoft_partner_logo_black_polsoft.png\",\"contentUrl\":\"https:\/\/www.polsoft.pl\/microsoft-surface\/wp-content\/uploads\/2020\/10\/microsoft_partner_logo_black_polsoft.png\",\"width\":613,\"height\":158,\"caption\":\"Polsoft Engineering Sp. z o.o.\"},\"image\":{\"@id\":\"https:\/\/polsoft.pl\/microsoft-surface\/#\/schema\/logo\/image\/\"}}]}<\/script>\n<!-- \/ Yoast SEO plugin. -->","yoast_head_json":{"title":"Microsoft Surface Go 3 Platinum 8VI-00003\/i3-10100Y\/8GB\/128GB\/10,5\u201d\/W11P - Sklep rozwi\u0105za\u0144 Microsoft Surface","robots":{"index":"index","follow":"follow","max-snippet":"max-snippet:-1","max-image-preview":"max-image-preview:large","max-video-preview":"max-video-preview:-1"},"canonical":"https:\/\/polsoft.pl\/microsoft-surface\/produkt\/microsoft-surface-go-3-platinum-8vi-00003-i3-10100y-8gb-128gb-105-w11p\/","og_locale":"pl_PL","og_type":"article","og_title":"Microsoft Surface Go 3 Platinum 8VI-00003\/i3-10100Y\/8GB\/128GB\/10,5\u201d\/W11P - Sklep rozwi\u0105za\u0144 Microsoft Surface","og_description":"Microsoft Surface Go 3 8VI-00003 jest najnowsz\u0105 ods\u0142on\u0105 najl\u017cejszych urz\u0105dze\u0144 2w1 w portfolio firmy Microsoft. Zadbaj o sta\u0142\u0105 \u0142\u0105czno\u015b\u0107 z innymi niezale\u017cnie od miejsca, w kt\u00f3rym si\u0119 znajdujesz \u2013 w domu, czy w d\u0142ugiej podr\u00f3\u017cy. Wysok\u0105 wydajno\u015b\u0107 zapewniaj\u0105 procesory mobilne 10 generacji Intela, a niezawodn\u0105 mobilno\u015b\u0107 szereg bezprzewodowych modu\u0142\u00f3w \u0142\u0105czno\u015bci. To wszystko w lekkiej i [&hellip;]","og_url":"https:\/\/polsoft.pl\/microsoft-surface\/produkt\/microsoft-surface-go-3-platinum-8vi-00003-i3-10100y-8gb-128gb-105-w11p\/","og_site_name":"Sklep rozwi\u0105za\u0144 Microsoft Surface","article_modified_time":"2025-07-15T11:56:20+00:00","og_image":[{"width":1233,"height":1233,"url":"https:\/\/polsoft.pl\/microsoft-surface\/wp-content\/uploads\/2023\/11\/Tablet-Microsoft-Surface-Go-3-Platinum-8VI-00003-2.jpg","type":"image\/jpeg"}],"twitter_card":"summary_large_image","twitter_misc":{"Szacowany czas czytania":"3 minuty"},"schema":{"@context":"https:\/\/schema.org","@graph":[{"@type":"WebPage","@id":"https:\/\/polsoft.pl\/microsoft-surface\/produkt\/microsoft-surface-go-3-platinum-8vi-00003-i3-10100y-8gb-128gb-105-w11p\/","url":"https:\/\/polsoft.pl\/microsoft-surface\/produkt\/microsoft-surface-go-3-platinum-8vi-00003-i3-10100y-8gb-128gb-105-w11p\/","name":"Microsoft Surface Go 3 Platinum 8VI-00003\/i3-10100Y\/8GB\/128GB\/10,5\u201d\/W11P - Sklep rozwi\u0105za\u0144 Microsoft Surface","isPartOf":{"@id":"https:\/\/polsoft.pl\/microsoft-surface\/#website"},"primaryImageOfPage":{"@id":"https:\/\/polsoft.pl\/microsoft-surface\/produkt\/microsoft-surface-go-3-platinum-8vi-00003-i3-10100y-8gb-128gb-105-w11p\/#primaryimage"},"image":{"@id":"https:\/\/polsoft.pl\/microsoft-surface\/produkt\/microsoft-surface-go-3-platinum-8vi-00003-i3-10100y-8gb-128gb-105-w11p\/#primaryimage"},"thumbnailUrl":"https:\/\/www.polsoft.pl\/microsoft-surface\/wp-content\/uploads\/2023\/11\/Tablet-Microsoft-Surface-Go-3-Platinum-8VI-00003-2.jpg","datePublished":"2023-11-09T10:17:49+00:00","dateModified":"2025-07-15T11:56:20+00:00","breadcrumb":{"@id":"https:\/\/polsoft.pl\/microsoft-surface\/produkt\/microsoft-surface-go-3-platinum-8vi-00003-i3-10100y-8gb-128gb-105-w11p\/#breadcrumb"},"inLanguage":"pl-PL","potentialAction":[{"@type":"ReadAction","target":["https:\/\/polsoft.pl\/microsoft-surface\/produkt\/microsoft-surface-go-3-platinum-8vi-00003-i3-10100y-8gb-128gb-105-w11p\/"]}]},{"@type":"ImageObject","inLanguage":"pl-PL","@id":"https:\/\/polsoft.pl\/microsoft-surface\/produkt\/microsoft-surface-go-3-platinum-8vi-00003-i3-10100y-8gb-128gb-105-w11p\/#primaryimage","url":"https:\/\/www.polsoft.pl\/microsoft-surface\/wp-content\/uploads\/2023\/11\/Tablet-Microsoft-Surface-Go-3-Platinum-8VI-00003-2.jpg","contentUrl":"https:\/\/www.polsoft.pl\/microsoft-surface\/wp-content\/uploads\/2023\/11\/Tablet-Microsoft-Surface-Go-3-Platinum-8VI-00003-2.jpg","width":1233,"height":1233,"caption":"Zdj\u0119cie produktu Microsoft Surface Go 3 Platinum"},{"@type":"BreadcrumbList","@id":"https:\/\/polsoft.pl\/microsoft-surface\/produkt\/microsoft-surface-go-3-platinum-8vi-00003-i3-10100y-8gb-128gb-105-w11p\/#breadcrumb","itemListElement":[{"@type":"ListItem","position":1,"name":"Strona g\u0142\u00f3wna","item":"https:\/\/polsoft.pl\/microsoft-surface\/"},{"@type":"ListItem","position":2,"name":"Sklep","item":"https:\/\/polsoft.pl\/microsoft-surface\/sklep\/"},{"@type":"ListItem","position":3,"name":"Microsoft Surface Go 3 Platinum 8VI-00003\/i3-10100Y\/8GB\/128GB\/10,5\u201d\/W11P"}]},{"@type":"WebSite","@id":"https:\/\/polsoft.pl\/microsoft-surface\/#website","url":"https:\/\/polsoft.pl\/microsoft-surface\/","name":"Sklep Microsoft Surface","description":"Sklep Microsoft Surface","publisher":{"@id":"https:\/\/polsoft.pl\/microsoft-surface\/#organization"},"potentialAction":[{"@type":"SearchAction","target":{"@type":"EntryPoint","urlTemplate":"https:\/\/polsoft.pl\/microsoft-surface\/?s={search_term_string}"},"query-input":{"@type":"PropertyValueSpecification","valueRequired":true,"valueName":"search_term_string"}}],"inLanguage":"pl-PL"},{"@type":"Organization","@id":"https:\/\/polsoft.pl\/microsoft-surface\/#organization","name":"Polsoft Engineering Sp. z o.o.","url":"https:\/\/polsoft.pl\/microsoft-surface\/","logo":{"@type":"ImageObject","inLanguage":"pl-PL","@id":"https:\/\/polsoft.pl\/microsoft-surface\/#\/schema\/logo\/image\/","url":"https:\/\/www.polsoft.pl\/microsoft-surface\/wp-content\/uploads\/2020\/10\/microsoft_partner_logo_black_polsoft.png","contentUrl":"https:\/\/www.polsoft.pl\/microsoft-surface\/wp-content\/uploads\/2020\/10\/microsoft_partner_logo_black_polsoft.png","width":613,"height":158,"caption":"Polsoft Engineering Sp. z o.o."},"image":{"@id":"https:\/\/polsoft.pl\/microsoft-surface\/#\/schema\/logo\/image\/"}}]}},"_links":{"self":[{"href":"https:\/\/www.polsoft.pl\/microsoft-surface\/wp-json\/wp\/v2\/product\/16562","targetHints":{"allow":["GET"]}}],"collection":[{"href":"https:\/\/www.polsoft.pl\/microsoft-surface\/wp-json\/wp\/v2\/product"}],"about":[{"href":"https:\/\/www.polsoft.pl\/microsoft-surface\/wp-json\/wp\/v2\/types\/product"}],"version-history":[{"count":4,"href":"https:\/\/www.polsoft.pl\/microsoft-surface\/wp-json\/wp\/v2\/product\/16562\/revisions"}],"predecessor-version":[{"id":16615,"href":"https:\/\/www.polsoft.pl\/microsoft-surface\/wp-json\/wp\/v2\/product\/16562\/revisions\/16615"}],"wp:featuredmedia":[{"embeddable":true,"href":"https:\/\/www.polsoft.pl\/microsoft-surface\/wp-json\/wp\/v2\/media\/16621"}],"wp:attachment":[{"href":"https:\/\/www.polsoft.pl\/microsoft-surface\/wp-json\/wp\/v2\/media?parent=16562"}],"wp:term":[{"taxonomy":"product_brand","embeddable":true,"href":"https:\/\/www.polsoft.pl\/microsoft-surface\/wp-json\/wp\/v2\/product_brand?post=16562"},{"taxonomy":"product_cat","embeddable":true,"href":"https:\/\/www.polsoft.pl\/microsoft-surface\/wp-json\/wp\/v2\/product_cat?post=16562"},{"taxonomy":"product_tag","embeddable":true,"href":"https:\/\/www.polsoft.pl\/microsoft-surface\/wp-json\/wp\/v2\/product_tag?post=16562"}],"curies":[{"name":"wp","href":"https:\/\/api.w.org\/{rel}","templated":true}]}}