{"id":16568,"date":"2023-11-09T11:17:49","date_gmt":"2023-11-09T10:17:49","guid":{"rendered":"https:\/\/polsoft.pl\/microsoft-surface\/produkt\/microsoft-surface-go-4-platinum-xig-00004-n200-8gb-256gb-10-5-w11p\/"},"modified":"2026-01-23T12:45:47","modified_gmt":"2026-01-23T11:45:47","slug":"microsoft-surface-go-4-platinum-xig-00004-n200-8gb-256gb-10-5-w11p","status":"publish","type":"product","link":"https:\/\/www.polsoft.pl\/microsoft-surface\/produkt\/microsoft-surface-go-4-platinum-xig-00004-n200-8gb-256gb-10-5-w11p\/","title":{"rendered":"Microsoft Surface Go 4 Platinum XIG-00004\/N200\/8GB\/256GB\/10.5\u201d\/W11P"},"content":{"rendered":"<p>Microsoft Surface Go 4 XIG-00004<\/p>\n<p>W dzisiejszym dynamicznym \u015bwiecie mobilno\u015b\u0107 i wielofunkcyjno\u015b\u0107 s\u0105 kluczowymi czynnikami sukcesu dla firm. Microsoft doskonale rozumie te potrzeby i wprowadza na rynek Surface Go 4 &#8211; nowoczesny tablet skierowany do klient\u00f3w biznesowych, kt\u00f3rego cechy wyr\u00f3\u017cniaj\u0105 go w tej klasie urz\u0105dze\u0144. Surface Go 4 dla firm to odpowied\u017a na zapotrzebowanie na mobilny, wszechstronny i niezawodny sprz\u0119t, kt\u00f3ry spe\u0142ni wy\u015brubowane oczekiwania pracownik\u00f3w.<\/p>\n<p>Surface Go to najmniejsza seria tablet\u00f3w od Microsoftu. Surface Go 4 doskonale sprawdzi si\u0119 zar\u00f3wno w biurze, jak i w terenie. Jego kompaktowe wymiary i lekka konstrukcja sprawiaj\u0105, \u017ce jest idealny do pracy w podr\u00f3\u017cy, na spotkaniach z klientami czy podczas prezentacji. Wyposa\u017cony w 10,5-calowy ekran, oferuje on doskona\u0142\u0105 jako\u015b\u0107 obrazu i wygod\u0119 korzystania.<\/p>\n<p>Tablet jest nap\u0119dzany mocnym procesorem Intel N200, kt\u00f3ry zapewnia o 4,5x wi\u0119ksz\u0105 moc w por\u00f3wnaniu do poprzedniej generacji. Dzi\u0119ki temu mo\u017ce obs\u0142ugiwa\u0107 nawet wymagaj\u0105ce zadania biznesowe, takie jak przeprowadzanie p\u0142ynnych konferencji wideo czy korzystanie z funkcji sztucznej inteligencji, takich jak Voice Clarity. Dodatkowo, 8GB pami\u0119ci RAM LPDDR5 zapewnia p\u0142ynne dzia\u0142anie systemu i szybkie \u0142adowanie aplikacji.<\/p>\n<p>Surface Go 4 dla firm to nie tylko mobilno\u015b\u0107 i wydajno\u015b\u0107, ale tak\u017ce wszechstronno\u015b\u0107 i niezawodno\u015b\u0107. Microsoft zadba\u0142 o to, by tablet by\u0142 przyjazny dla u\u017cytkownika i spe\u0142nia\u0142 oczekiwania nawet najbardziej wymagaj\u0105cych klient\u00f3w. Wszystkie warianty tabletu s\u0105 wyposa\u017cone w 8GB RAM, co stanowi znacz\u0105cy upgrade w por\u00f3wnaniu do poprzedniej generacji. Za przechowywanie naszych b\u0119d\u0105 odpowiada\u0107 szybkie dyski SSD o pojemno\u015bciach 64 GB, 128 GB oraz 256 GB.<\/p>\n<p>Wizualnie nie r\u00f3\u017cni si\u0119 zbytnio od swojego poprzednika, jednak pod mask\u0105 dokonano wielu istotnych zmian. Microsoft zdecydowa\u0142 si\u0119 na zmiany w takich elementach, jak wy\u015bwietlacz, bateria, podp\u00f3rka czy zawiasy, aby zapewni\u0107 jeszcze wi\u0119ksz\u0105 wygod\u0119 u\u017cytkowania. Dodatkowo obecno\u015b\u0107 czytnika kart microSDXC, z\u0142\u0105cza Type Cover czy kamer\u0119 Windows Hello, sprawia, \u017ce jest gotowy do pracy wsz\u0119dzie.<\/p>\n<p>Surface Go 4 dla firm to mobilny, wszechstronny i niezawodny tablet, kt\u00f3ry spe\u0142nia oczekiwania klient\u00f3w biznesowych. Dzi\u0119ki najnowszym technologiom i innowacjom Microsoft stworzy\u0142 urz\u0105dzenie, kt\u00f3re pozwala na efektywn\u0105 prac\u0119 w terenie, zapewniaj\u0105c jednocze\u015bnie wysok\u0105 wydajno\u015b\u0107 i niezawodno\u015b\u0107. Je\u015bli szukasz sprz\u0119tu, kt\u00f3ry pozwoli Ci by\u0107 mobilnym i jednocze\u015bnie efektywnym w swojej pracy, Surface Go 4 dla firm jest doskona\u0142ym wyborem.<\/p>\n","protected":false},"excerpt":{"rendered":"<p>Microsoft Surface Go 4 XIG-00004 W dzisiejszym dynamicznym \u015bwiecie mobilno\u015b\u0107 i wielofunkcyjno\u015b\u0107 s\u0105 kluczowymi czynnikami sukcesu dla firm. Microsoft doskonale rozumie te potrzeby i wprowadza na rynek Surface Go 4 &#8211; nowoczesny tablet skierowany do klient\u00f3w biznesowych, kt\u00f3rego cechy wyr\u00f3\u017cniaj\u0105 go w tej klasie urz\u0105dze\u0144. Surface Go 4 dla firm to odpowied\u017a na zapotrzebowanie na [&hellip;]<\/p>\n","protected":false},"featured_media":16632,"template":"","meta":{"site-sidebar-layout":"default","site-content-layout":"","ast-site-content-layout":"default","site-content-style":"default","site-sidebar-style":"default","ast-global-header-display":"","ast-banner-title-visibility":"","ast-main-header-display":"","ast-hfb-above-header-display":"","ast-hfb-below-header-display":"","ast-hfb-mobile-header-display":"","site-post-title":"","ast-breadcrumbs-content":"","ast-featured-img":"","footer-sml-layout":"","ast-disable-related-posts":"","theme-transparent-header-meta":"default","adv-header-id-meta":"","stick-header-meta":"","header-above-stick-meta":"","header-main-stick-meta":"","header-below-stick-meta":"","astra-migrate-meta-layouts":"set","ast-page-background-enabled":"default","ast-page-background-meta":{"desktop":{"background-color":"","background-image":"","background-repeat":"repeat","background-position":"center center","background-size":"auto","background-attachment":"scroll","background-type":"","background-media":"","overlay-type":"","overlay-color":"","overlay-opacity":"","overlay-gradient":""},"tablet":{"background-color":"","background-image":"","background-repeat":"repeat","background-position":"center center","background-size":"auto","background-attachment":"scroll","background-type":"","background-media":"","overlay-type":"","overlay-color":"","overlay-opacity":"","overlay-gradient":""},"mobile":{"background-color":"","background-image":"","background-repeat":"repeat","background-position":"center center","background-size":"auto","background-attachment":"scroll","background-type":"","background-media":"","overlay-type":"","overlay-color":"","overlay-opacity":"","overlay-gradient":""}},"ast-content-background-meta":{"desktop":{"background-color":"var(--ast-global-color-5)","background-image":"","background-repeat":"repeat","background-position":"center center","background-size":"auto","background-attachment":"scroll","background-type":"","background-media":"","overlay-type":"","overlay-color":"","overlay-opacity":"","overlay-gradient":""},"tablet":{"background-color":"var(--ast-global-color-5)","background-image":"","background-repeat":"repeat","background-position":"center center","background-size":"auto","background-attachment":"scroll","background-type":"","background-media":"","overlay-type":"","overlay-color":"","overlay-opacity":"","overlay-gradient":""},"mobile":{"background-color":"var(--ast-global-color-5)","background-image":"","background-repeat":"repeat","background-position":"center center","background-size":"auto","background-attachment":"scroll","background-type":"","background-media":"","overlay-type":"","overlay-color":"","overlay-opacity":"","overlay-gradient":""}},"_links_to":"","_links_to_target":""},"product_brand":[],"product_cat":[69,284],"product_tag":[],"class_list":{"0":"post-16568","1":"product","2":"type-product","3":"status-publish","4":"has-post-thumbnail","6":"product_cat-tablety-microsoft-surface","7":"product_cat-microsoft-surface-go-4","8":"pa_dodatkowe-komponenty-wifi","9":"pa_matryca-155","10":"pa_model-procesora-n200","11":"pa_pamiec-ram-8-gb","12":"pa_pojemnosc-dysku-256-gb","13":"pa_producent-procesora-intel","14":"pa_w-zestawie-urzadzenie-zasilacz","15":"desktop-align-left","16":"tablet-align-left","17":"mobile-align-left","19":"first","20":"instock","21":"taxable","22":"shipping-taxable","23":"purchasable","24":"product-type-simple"},"yoast_head":"<!-- This site is optimized with the Yoast SEO plugin v26.7 - https:\/\/yoast.com\/wordpress\/plugins\/seo\/ -->\n<title>Microsoft Surface Go 4 Platinum XIG-00004\/N200\/8GB\/256GB\/10.5\u201d\/W11P - Sklep rozwi\u0105za\u0144 Microsoft Surface<\/title>\n<meta name=\"robots\" content=\"index, follow, max-snippet:-1, max-image-preview:large, max-video-preview:-1\" \/>\n<link rel=\"canonical\" href=\"https:\/\/polsoft.pl\/microsoft-surface\/produkt\/microsoft-surface-go-4-platinum-xig-00004-n200-8gb-256gb-10-5-w11p\/\" \/>\n<meta property=\"og:locale\" content=\"pl_PL\" \/>\n<meta property=\"og:type\" content=\"article\" \/>\n<meta property=\"og:title\" content=\"Microsoft Surface Go 4 Platinum XIG-00004\/N200\/8GB\/256GB\/10.5\u201d\/W11P - Sklep rozwi\u0105za\u0144 Microsoft Surface\" \/>\n<meta property=\"og:description\" content=\"Microsoft Surface Go 4 XIG-00004 W dzisiejszym dynamicznym \u015bwiecie mobilno\u015b\u0107 i wielofunkcyjno\u015b\u0107 s\u0105 kluczowymi czynnikami sukcesu dla firm. Microsoft doskonale rozumie te potrzeby i wprowadza na rynek Surface Go 4 &#8211; nowoczesny tablet skierowany do klient\u00f3w biznesowych, kt\u00f3rego cechy wyr\u00f3\u017cniaj\u0105 go w tej klasie urz\u0105dze\u0144. Surface Go 4 dla firm to odpowied\u017a na zapotrzebowanie na [&hellip;]\" \/>\n<meta property=\"og:url\" content=\"https:\/\/polsoft.pl\/microsoft-surface\/produkt\/microsoft-surface-go-4-platinum-xig-00004-n200-8gb-256gb-10-5-w11p\/\" \/>\n<meta property=\"og:site_name\" content=\"Sklep rozwi\u0105za\u0144 Microsoft Surface\" \/>\n<meta property=\"article:modified_time\" content=\"2026-01-23T11:45:47+00:00\" \/>\n<meta property=\"og:image\" content=\"https:\/\/polsoft.pl\/microsoft-surface\/wp-content\/uploads\/2023\/11\/Tablet-Microsoft-Surface-Go-4-XIG-00004.jpg\" \/>\n\t<meta property=\"og:image:width\" content=\"1400\" \/>\n\t<meta property=\"og:image:height\" content=\"1400\" \/>\n\t<meta property=\"og:image:type\" content=\"image\/jpeg\" \/>\n<meta name=\"twitter:card\" content=\"summary_large_image\" \/>\n<meta name=\"twitter:label1\" content=\"Szacowany czas czytania\" \/>\n\t<meta name=\"twitter:data1\" content=\"3 minuty\" \/>\n<script type=\"application\/ld+json\" class=\"yoast-schema-graph\">{\"@context\":\"https:\/\/schema.org\",\"@graph\":[{\"@type\":\"WebPage\",\"@id\":\"https:\/\/polsoft.pl\/microsoft-surface\/produkt\/microsoft-surface-go-4-platinum-xig-00004-n200-8gb-256gb-10-5-w11p\/\",\"url\":\"https:\/\/polsoft.pl\/microsoft-surface\/produkt\/microsoft-surface-go-4-platinum-xig-00004-n200-8gb-256gb-10-5-w11p\/\",\"name\":\"Microsoft Surface Go 4 Platinum XIG-00004\/N200\/8GB\/256GB\/10.5\u201d\/W11P - Sklep rozwi\u0105za\u0144 Microsoft Surface\",\"isPartOf\":{\"@id\":\"https:\/\/polsoft.pl\/microsoft-surface\/#website\"},\"primaryImageOfPage\":{\"@id\":\"https:\/\/polsoft.pl\/microsoft-surface\/produkt\/microsoft-surface-go-4-platinum-xig-00004-n200-8gb-256gb-10-5-w11p\/#primaryimage\"},\"image\":{\"@id\":\"https:\/\/polsoft.pl\/microsoft-surface\/produkt\/microsoft-surface-go-4-platinum-xig-00004-n200-8gb-256gb-10-5-w11p\/#primaryimage\"},\"thumbnailUrl\":\"https:\/\/www.polsoft.pl\/microsoft-surface\/wp-content\/uploads\/2023\/11\/Tablet-Microsoft-Surface-Go-4-XIG-00004.jpg\",\"datePublished\":\"2023-11-09T10:17:49+00:00\",\"dateModified\":\"2026-01-23T11:45:47+00:00\",\"breadcrumb\":{\"@id\":\"https:\/\/polsoft.pl\/microsoft-surface\/produkt\/microsoft-surface-go-4-platinum-xig-00004-n200-8gb-256gb-10-5-w11p\/#breadcrumb\"},\"inLanguage\":\"pl-PL\",\"potentialAction\":[{\"@type\":\"ReadAction\",\"target\":[\"https:\/\/polsoft.pl\/microsoft-surface\/produkt\/microsoft-surface-go-4-platinum-xig-00004-n200-8gb-256gb-10-5-w11p\/\"]}]},{\"@type\":\"ImageObject\",\"inLanguage\":\"pl-PL\",\"@id\":\"https:\/\/polsoft.pl\/microsoft-surface\/produkt\/microsoft-surface-go-4-platinum-xig-00004-n200-8gb-256gb-10-5-w11p\/#primaryimage\",\"url\":\"https:\/\/www.polsoft.pl\/microsoft-surface\/wp-content\/uploads\/2023\/11\/Tablet-Microsoft-Surface-Go-4-XIG-00004.jpg\",\"contentUrl\":\"https:\/\/www.polsoft.pl\/microsoft-surface\/wp-content\/uploads\/2023\/11\/Tablet-Microsoft-Surface-Go-4-XIG-00004.jpg\",\"width\":1400,\"height\":1400,\"caption\":\"Tablet Microsoft Surface Go 4\"},{\"@type\":\"BreadcrumbList\",\"@id\":\"https:\/\/polsoft.pl\/microsoft-surface\/produkt\/microsoft-surface-go-4-platinum-xig-00004-n200-8gb-256gb-10-5-w11p\/#breadcrumb\",\"itemListElement\":[{\"@type\":\"ListItem\",\"position\":1,\"name\":\"Strona g\u0142\u00f3wna\",\"item\":\"https:\/\/polsoft.pl\/microsoft-surface\/\"},{\"@type\":\"ListItem\",\"position\":2,\"name\":\"Sklep\",\"item\":\"https:\/\/polsoft.pl\/microsoft-surface\/sklep\/\"},{\"@type\":\"ListItem\",\"position\":3,\"name\":\"Microsoft Surface Go 4 Platinum XIG-00004\/N200\/8GB\/256GB\/10.5\u201d\/W11P\"}]},{\"@type\":\"WebSite\",\"@id\":\"https:\/\/polsoft.pl\/microsoft-surface\/#website\",\"url\":\"https:\/\/polsoft.pl\/microsoft-surface\/\",\"name\":\"Sklep Microsoft Surface\",\"description\":\"Sklep Microsoft Surface\",\"publisher\":{\"@id\":\"https:\/\/polsoft.pl\/microsoft-surface\/#organization\"},\"potentialAction\":[{\"@type\":\"SearchAction\",\"target\":{\"@type\":\"EntryPoint\",\"urlTemplate\":\"https:\/\/polsoft.pl\/microsoft-surface\/?s={search_term_string}\"},\"query-input\":{\"@type\":\"PropertyValueSpecification\",\"valueRequired\":true,\"valueName\":\"search_term_string\"}}],\"inLanguage\":\"pl-PL\"},{\"@type\":\"Organization\",\"@id\":\"https:\/\/polsoft.pl\/microsoft-surface\/#organization\",\"name\":\"Polsoft Engineering Sp. z o.o.\",\"url\":\"https:\/\/polsoft.pl\/microsoft-surface\/\",\"logo\":{\"@type\":\"ImageObject\",\"inLanguage\":\"pl-PL\",\"@id\":\"https:\/\/polsoft.pl\/microsoft-surface\/#\/schema\/logo\/image\/\",\"url\":\"https:\/\/www.polsoft.pl\/microsoft-surface\/wp-content\/uploads\/2020\/10\/microsoft_partner_logo_black_polsoft.png\",\"contentUrl\":\"https:\/\/www.polsoft.pl\/microsoft-surface\/wp-content\/uploads\/2020\/10\/microsoft_partner_logo_black_polsoft.png\",\"width\":613,\"height\":158,\"caption\":\"Polsoft Engineering Sp. z o.o.\"},\"image\":{\"@id\":\"https:\/\/polsoft.pl\/microsoft-surface\/#\/schema\/logo\/image\/\"}}]}<\/script>\n<!-- \/ Yoast SEO plugin. -->","yoast_head_json":{"title":"Microsoft Surface Go 4 Platinum XIG-00004\/N200\/8GB\/256GB\/10.5\u201d\/W11P - Sklep rozwi\u0105za\u0144 Microsoft Surface","robots":{"index":"index","follow":"follow","max-snippet":"max-snippet:-1","max-image-preview":"max-image-preview:large","max-video-preview":"max-video-preview:-1"},"canonical":"https:\/\/polsoft.pl\/microsoft-surface\/produkt\/microsoft-surface-go-4-platinum-xig-00004-n200-8gb-256gb-10-5-w11p\/","og_locale":"pl_PL","og_type":"article","og_title":"Microsoft Surface Go 4 Platinum XIG-00004\/N200\/8GB\/256GB\/10.5\u201d\/W11P - Sklep rozwi\u0105za\u0144 Microsoft Surface","og_description":"Microsoft Surface Go 4 XIG-00004 W dzisiejszym dynamicznym \u015bwiecie mobilno\u015b\u0107 i wielofunkcyjno\u015b\u0107 s\u0105 kluczowymi czynnikami sukcesu dla firm. Microsoft doskonale rozumie te potrzeby i wprowadza na rynek Surface Go 4 &#8211; nowoczesny tablet skierowany do klient\u00f3w biznesowych, kt\u00f3rego cechy wyr\u00f3\u017cniaj\u0105 go w tej klasie urz\u0105dze\u0144. Surface Go 4 dla firm to odpowied\u017a na zapotrzebowanie na [&hellip;]","og_url":"https:\/\/polsoft.pl\/microsoft-surface\/produkt\/microsoft-surface-go-4-platinum-xig-00004-n200-8gb-256gb-10-5-w11p\/","og_site_name":"Sklep rozwi\u0105za\u0144 Microsoft Surface","article_modified_time":"2026-01-23T11:45:47+00:00","og_image":[{"width":1400,"height":1400,"url":"https:\/\/polsoft.pl\/microsoft-surface\/wp-content\/uploads\/2023\/11\/Tablet-Microsoft-Surface-Go-4-XIG-00004.jpg","type":"image\/jpeg"}],"twitter_card":"summary_large_image","twitter_misc":{"Szacowany czas czytania":"3 minuty"},"schema":{"@context":"https:\/\/schema.org","@graph":[{"@type":"WebPage","@id":"https:\/\/polsoft.pl\/microsoft-surface\/produkt\/microsoft-surface-go-4-platinum-xig-00004-n200-8gb-256gb-10-5-w11p\/","url":"https:\/\/polsoft.pl\/microsoft-surface\/produkt\/microsoft-surface-go-4-platinum-xig-00004-n200-8gb-256gb-10-5-w11p\/","name":"Microsoft Surface Go 4 Platinum XIG-00004\/N200\/8GB\/256GB\/10.5\u201d\/W11P - Sklep rozwi\u0105za\u0144 Microsoft Surface","isPartOf":{"@id":"https:\/\/polsoft.pl\/microsoft-surface\/#website"},"primaryImageOfPage":{"@id":"https:\/\/polsoft.pl\/microsoft-surface\/produkt\/microsoft-surface-go-4-platinum-xig-00004-n200-8gb-256gb-10-5-w11p\/#primaryimage"},"image":{"@id":"https:\/\/polsoft.pl\/microsoft-surface\/produkt\/microsoft-surface-go-4-platinum-xig-00004-n200-8gb-256gb-10-5-w11p\/#primaryimage"},"thumbnailUrl":"https:\/\/www.polsoft.pl\/microsoft-surface\/wp-content\/uploads\/2023\/11\/Tablet-Microsoft-Surface-Go-4-XIG-00004.jpg","datePublished":"2023-11-09T10:17:49+00:00","dateModified":"2026-01-23T11:45:47+00:00","breadcrumb":{"@id":"https:\/\/polsoft.pl\/microsoft-surface\/produkt\/microsoft-surface-go-4-platinum-xig-00004-n200-8gb-256gb-10-5-w11p\/#breadcrumb"},"inLanguage":"pl-PL","potentialAction":[{"@type":"ReadAction","target":["https:\/\/polsoft.pl\/microsoft-surface\/produkt\/microsoft-surface-go-4-platinum-xig-00004-n200-8gb-256gb-10-5-w11p\/"]}]},{"@type":"ImageObject","inLanguage":"pl-PL","@id":"https:\/\/polsoft.pl\/microsoft-surface\/produkt\/microsoft-surface-go-4-platinum-xig-00004-n200-8gb-256gb-10-5-w11p\/#primaryimage","url":"https:\/\/www.polsoft.pl\/microsoft-surface\/wp-content\/uploads\/2023\/11\/Tablet-Microsoft-Surface-Go-4-XIG-00004.jpg","contentUrl":"https:\/\/www.polsoft.pl\/microsoft-surface\/wp-content\/uploads\/2023\/11\/Tablet-Microsoft-Surface-Go-4-XIG-00004.jpg","width":1400,"height":1400,"caption":"Tablet Microsoft Surface Go 4"},{"@type":"BreadcrumbList","@id":"https:\/\/polsoft.pl\/microsoft-surface\/produkt\/microsoft-surface-go-4-platinum-xig-00004-n200-8gb-256gb-10-5-w11p\/#breadcrumb","itemListElement":[{"@type":"ListItem","position":1,"name":"Strona g\u0142\u00f3wna","item":"https:\/\/polsoft.pl\/microsoft-surface\/"},{"@type":"ListItem","position":2,"name":"Sklep","item":"https:\/\/polsoft.pl\/microsoft-surface\/sklep\/"},{"@type":"ListItem","position":3,"name":"Microsoft Surface Go 4 Platinum XIG-00004\/N200\/8GB\/256GB\/10.5\u201d\/W11P"}]},{"@type":"WebSite","@id":"https:\/\/polsoft.pl\/microsoft-surface\/#website","url":"https:\/\/polsoft.pl\/microsoft-surface\/","name":"Sklep Microsoft Surface","description":"Sklep Microsoft Surface","publisher":{"@id":"https:\/\/polsoft.pl\/microsoft-surface\/#organization"},"potentialAction":[{"@type":"SearchAction","target":{"@type":"EntryPoint","urlTemplate":"https:\/\/polsoft.pl\/microsoft-surface\/?s={search_term_string}"},"query-input":{"@type":"PropertyValueSpecification","valueRequired":true,"valueName":"search_term_string"}}],"inLanguage":"pl-PL"},{"@type":"Organization","@id":"https:\/\/polsoft.pl\/microsoft-surface\/#organization","name":"Polsoft Engineering Sp. z o.o.","url":"https:\/\/polsoft.pl\/microsoft-surface\/","logo":{"@type":"ImageObject","inLanguage":"pl-PL","@id":"https:\/\/polsoft.pl\/microsoft-surface\/#\/schema\/logo\/image\/","url":"https:\/\/www.polsoft.pl\/microsoft-surface\/wp-content\/uploads\/2020\/10\/microsoft_partner_logo_black_polsoft.png","contentUrl":"https:\/\/www.polsoft.pl\/microsoft-surface\/wp-content\/uploads\/2020\/10\/microsoft_partner_logo_black_polsoft.png","width":613,"height":158,"caption":"Polsoft Engineering Sp. z o.o."},"image":{"@id":"https:\/\/polsoft.pl\/microsoft-surface\/#\/schema\/logo\/image\/"}}]}},"_links":{"self":[{"href":"https:\/\/www.polsoft.pl\/microsoft-surface\/wp-json\/wp\/v2\/product\/16568","targetHints":{"allow":["GET"]}}],"collection":[{"href":"https:\/\/www.polsoft.pl\/microsoft-surface\/wp-json\/wp\/v2\/product"}],"about":[{"href":"https:\/\/www.polsoft.pl\/microsoft-surface\/wp-json\/wp\/v2\/types\/product"}],"version-history":[{"count":3,"href":"https:\/\/www.polsoft.pl\/microsoft-surface\/wp-json\/wp\/v2\/product\/16568\/revisions"}],"predecessor-version":[{"id":16638,"href":"https:\/\/www.polsoft.pl\/microsoft-surface\/wp-json\/wp\/v2\/product\/16568\/revisions\/16638"}],"wp:featuredmedia":[{"embeddable":true,"href":"https:\/\/www.polsoft.pl\/microsoft-surface\/wp-json\/wp\/v2\/media\/16632"}],"wp:attachment":[{"href":"https:\/\/www.polsoft.pl\/microsoft-surface\/wp-json\/wp\/v2\/media?parent=16568"}],"wp:term":[{"taxonomy":"product_brand","embeddable":true,"href":"https:\/\/www.polsoft.pl\/microsoft-surface\/wp-json\/wp\/v2\/product_brand?post=16568"},{"taxonomy":"product_cat","embeddable":true,"href":"https:\/\/www.polsoft.pl\/microsoft-surface\/wp-json\/wp\/v2\/product_cat?post=16568"},{"taxonomy":"product_tag","embeddable":true,"href":"https:\/\/www.polsoft.pl\/microsoft-surface\/wp-json\/wp\/v2\/product_tag?post=16568"}],"curies":[{"name":"wp","href":"https:\/\/api.w.org\/{rel}","templated":true}]}}