{"id":16586,"date":"2023-11-09T11:17:49","date_gmt":"2023-11-09T10:17:49","guid":{"rendered":"https:\/\/polsoft.pl\/microsoft-surface\/produkt\/microsoft-surface-laptop-studio-2-platinum-z2f-00009-i7-13800h-64gb-1tb-144-w11p\/"},"modified":"2025-07-15T13:56:22","modified_gmt":"2025-07-15T11:56:22","slug":"microsoft-surface-laptop-studio-2-platinum-z2f-00009-i7-13800h-64gb-1tb-144-w11p","status":"publish","type":"product","link":"https:\/\/www.polsoft.pl\/microsoft-surface\/produkt\/microsoft-surface-laptop-studio-2-platinum-z2f-00009-i7-13800h-64gb-1tb-144-w11p\/","title":{"rendered":"Microsoft Surface Laptop Studio 2 Platinum Z2F-00009\/i7-13800H\/64GB\/1TB\/14,4\u201d\/W11P"},"content":{"rendered":"<p>Microsoft Surface Laptop Studio 2 Platinum Z2F-00009<\/p>\n<p>Microsoft Surface Laptop Studio 2 Z2F-00009 to innowacyjne urz\u0105dzenie, kt\u00f3re \u0142\u0105czy w sobie imponuj\u0105cy design, niezwyk\u0142\u0105 wydajno\u015b\u0107 i wszechstronno\u015b\u0107. Ten laptop dedykowany do zada\u0144 kreatywnych i rozrywki oferuje niezr\u00f3wnan\u0105 moc obliczeniow\u0105, d\u0142ug\u0105 \u017cywotno\u015b\u0107 baterii oraz zaawansowane funkcje. Dzi\u0119ki niemu b\u0119dziesz m\u00f3g\u0142 bez problemu obs\u0142ugiwa\u0107 wymagaj\u0105ce aplikacje, tworzy\u0107 i edytowa\u0107 tre\u015bci, a tak\u017ce korzysta\u0107 z rozrywki przez ca\u0142y dzie\u0144.<\/p>\n<p>Surface Laptop Studio 2 posiada jasny, dynamiczny ekran dotykowy PixelSense\u2122 Flow o przek\u0105tnej 14,4-cala z realistycznymi kolorami i wysok\u0105 cz\u0119stotliwo\u015bci\u0105 od\u015bwie\u017cania do 120 Hz. Dzi\u0119ki temu mo\u017cesz cieszy\u0107 si\u0119 p\u0142ynniejszym przewijaniem tre\u015bci oraz jeszcze lepiej odwzorowanymi kolorami. Wy\u015bwietlacz ten obs\u0142uguje technologi\u0119 Dolby Vision IQ\u00ae oraz HDR, co pozwala na jeszcze bardziej imponuj\u0105ce wra\u017cenia wizualne.<\/p>\n<p>Wyposa\u017cony w procesor Intel \u00ae Core\u2122 i7-13700H 13 generacji, oferuje on ponad dwukrotnie wi\u0119ksz\u0105 moc obliczeniow\u0105 w por\u00f3wnaniu do poprzednich wersji. Dzi\u0119ki temu mo\u017cesz bez problemu wykonywa\u0107 nawet najbardziej z\u0142o\u017cone zadania i korzysta\u0107 z najbardziej wymagaj\u0105cych aplikacji. Surface Laptop Studio 2 zosta\u0142 zaprojektowany tak, aby sprosta\u0107 wymaganiom kreatywnych zada\u0144 i zapewni\u0107 rozrywk\u0119 przez ca\u0142y dzie\u0144.<\/p>\n<p>Dzi\u0119ki maksymalnie 18 godzinnemu czasowi pracy na baterii mo\u017cesz bez przeszk\u00f3d pracowa\u0107, tworzy\u0107, edytowa\u0107 i cieszy\u0107 si\u0119 prac\u0105, nie martwi\u0105c si\u0119 o konieczno\u015b\u0107 cz\u0119stego \u0142adowania.<\/p>\n<p>Dzi\u0119ki ultra wydajnej baterii mo\u017cesz bez przeszk\u00f3d pracowa\u0107, tworzy\u0107, edytowa\u0107 i cieszy\u0107 si\u0119 rozrywk\u0105 do 18 godzin na jednym \u0142adowaniu, nie martwi\u0105c si\u0119 o konieczno\u015b\u0107 cz\u0119stego \u0142adowania.<\/p>\n<p>Surface Laptop Studio 2 zosta\u0142 zaprojektowany tak, aby sprosta\u0107 wszystkim Twoim potrzebom. Wyposa\u017cony w dwa porty USB-C\u00ae 4.0 w technologii Thunderbolt\u2122 4, port USB-A, czytnik kart microSD oraz port Surface Connect do dokowania i \u0142adowania, ten laptop umo\u017cliwia pod\u0142\u0105czenie wszystkich niezb\u0119dnych akcesori\u00f3w. Bez wzgl\u0119du na to, czy potrzebujesz pod\u0142\u0105czy\u0107 zewn\u0119trzny monitor, drukark\u0119, myszk\u0119 czy inne urz\u0105dzenia.<\/p>\n<p>Jednym z wyr\u00f3\u017cniaj\u0105cych si\u0119 element\u00f3w Surface Laptop Studio 2 jest pi\u00f3ro Surface Slim Pen 2. Dzi\u0119ki temu narz\u0119dziu zawsze b\u0119dziesz mia\u0142 pod r\u0119k\u0105 odpowiednie narz\u0119dzie do tworzenia i edytowania tre\u015bci. Pi\u00f3ro to jest przechowywane w bezpiecznym schowku pod przedni\u0105 cz\u0119\u015bci\u0105 klawiatury, gdzie r\u00f3wnie\u017c si\u0119 \u0142aduje. Dzi\u0119ki sygna\u0142om dotykowym zapewnia ono odczucie korzystania z prawdziwej kartki papieru.<\/p>\n<p>Nasz laptop zosta\u0142 zaprojektowany tak, aby zapewni\u0107 nie tylko wydajno\u015b\u0107, ale tak\u017ce wysok\u0105 jako\u015b\u0107 d\u017awi\u0119ku i obrazu. Wyposa\u017cony w podw\u00f3jne mikrofony studyjne dalekiego zasi\u0119gu z funkcj\u0105 Voice Clarity oraz cztery g\u0142o\u015bniki Omnisonic\u00ae z technologi\u0105 Dolby\u00ae Atmos\u00ae, ten laptop oferuje niesamowit\u0105 jako\u015b\u0107 d\u017awi\u0119ku, kt\u00f3ra pozwoli Ci cieszy\u0107 si\u0119 muzyk\u0105, filmami i grami w niezwyk\u0142y spos\u00f3b.<\/p>\n<p>Podsumowuj\u0105c<\/p>\n<p>Microsoft Surface Laptop Studio 2 to niezwykle wszechstronny laptop, kt\u00f3ry spe\u0142ni oczekiwania nawet najbardziej wymagaj\u0105cych u\u017cytkownik\u00f3w. Dzi\u0119ki wysokiej wydajno\u015bci, d\u0142ugiej \u017cywotno\u015bci baterii, zaawansowanym funkcjom i wysokiej jako\u015bci d\u017awi\u0119ku i obrazu, ten laptop jest idealnym narz\u0119dziem zar\u00f3wno do pracy, jak i do rozrywki. Bez wzgl\u0119du na to, czy jeste\u015b profesjonalist\u0105, kt\u00f3ry potrzebuje mocy obliczeniowej do z\u0142o\u017conych zada\u0144, czy osob\u0105 kreatywn\u0105, kt\u00f3ra potrzebuje laptopa do tworzenia i edytowania tre\u015bci, Surface Laptop Studio 2 spe\u0142ni Twoje oczekiwania.<\/p>\n","protected":false},"excerpt":{"rendered":"<p>Microsoft Surface Laptop Studio 2 Platinum Z2F-00009 Microsoft Surface Laptop Studio 2 Z2F-00009 to innowacyjne urz\u0105dzenie, kt\u00f3re \u0142\u0105czy w sobie imponuj\u0105cy design, niezwyk\u0142\u0105 wydajno\u015b\u0107 i wszechstronno\u015b\u0107. Ten laptop dedykowany do zada\u0144 kreatywnych i rozrywki oferuje niezr\u00f3wnan\u0105 moc obliczeniow\u0105, d\u0142ug\u0105 \u017cywotno\u015b\u0107 baterii oraz zaawansowane funkcje. Dzi\u0119ki niemu b\u0119dziesz m\u00f3g\u0142 bez problemu obs\u0142ugiwa\u0107 wymagaj\u0105ce aplikacje, tworzy\u0107 i [&hellip;]<\/p>\n","protected":false},"featured_media":16672,"template":"","meta":{"site-sidebar-layout":"default","site-content-layout":"","ast-site-content-layout":"default","site-content-style":"default","site-sidebar-style":"default","ast-global-header-display":"","ast-banner-title-visibility":"","ast-main-header-display":"","ast-hfb-above-header-display":"","ast-hfb-below-header-display":"","ast-hfb-mobile-header-display":"","site-post-title":"","ast-breadcrumbs-content":"","ast-featured-img":"","footer-sml-layout":"","ast-disable-related-posts":"","theme-transparent-header-meta":"default","adv-header-id-meta":"","stick-header-meta":"","header-above-stick-meta":"","header-main-stick-meta":"","header-below-stick-meta":"","astra-migrate-meta-layouts":"set","ast-page-background-enabled":"default","ast-page-background-meta":{"desktop":{"background-color":"","background-image":"","background-repeat":"repeat","background-position":"center center","background-size":"auto","background-attachment":"scroll","background-type":"","background-media":"","overlay-type":"","overlay-color":"","overlay-opacity":"","overlay-gradient":""},"tablet":{"background-color":"","background-image":"","background-repeat":"repeat","background-position":"center center","background-size":"auto","background-attachment":"scroll","background-type":"","background-media":"","overlay-type":"","overlay-color":"","overlay-opacity":"","overlay-gradient":""},"mobile":{"background-color":"","background-image":"","background-repeat":"repeat","background-position":"center center","background-size":"auto","background-attachment":"scroll","background-type":"","background-media":"","overlay-type":"","overlay-color":"","overlay-opacity":"","overlay-gradient":""}},"ast-content-background-meta":{"desktop":{"background-color":"var(--ast-global-color-5)","background-image":"","background-repeat":"repeat","background-position":"center center","background-size":"auto","background-attachment":"scroll","background-type":"","background-media":"","overlay-type":"","overlay-color":"","overlay-opacity":"","overlay-gradient":""},"tablet":{"background-color":"var(--ast-global-color-5)","background-image":"","background-repeat":"repeat","background-position":"center center","background-size":"auto","background-attachment":"scroll","background-type":"","background-media":"","overlay-type":"","overlay-color":"","overlay-opacity":"","overlay-gradient":""},"mobile":{"background-color":"var(--ast-global-color-5)","background-image":"","background-repeat":"repeat","background-position":"center center","background-size":"auto","background-attachment":"scroll","background-type":"","background-media":"","overlay-type":"","overlay-color":"","overlay-opacity":"","overlay-gradient":""}},"_links_to":"","_links_to_target":""},"product_brand":[],"product_cat":[],"product_tag":[],"class_list":{"0":"post-16586","1":"product","2":"type-product","3":"status-publish","4":"has-post-thumbnail","6":"pa_dodatkowe-komponenty-wifi-bluetooth","7":"pa_matryca-169","8":"pa_model-procesora-i7-13800h","9":"pa_pamiec-ram-64-gb","10":"pa_pojemnosc-dysku-1-tb","11":"pa_producent-procesora-intel","12":"pa_w-zestawie-urzadzenie-zasilacz","13":"desktop-align-left","14":"tablet-align-left","15":"mobile-align-left","17":"first","18":"instock","19":"taxable","20":"shipping-taxable","21":"purchasable","22":"product-type-simple"},"yoast_head":"<!-- This site is optimized with the Yoast SEO plugin v26.7 - https:\/\/yoast.com\/wordpress\/plugins\/seo\/ -->\n<title>Microsoft Surface Laptop Studio 2 Platinum Z2F-00009\/i7-13800H\/64GB\/1TB\/14,4\u201d\/W11P - Sklep rozwi\u0105za\u0144 Microsoft Surface<\/title>\n<meta name=\"robots\" content=\"index, follow, max-snippet:-1, max-image-preview:large, max-video-preview:-1\" \/>\n<link rel=\"canonical\" href=\"https:\/\/polsoft.pl\/microsoft-surface\/produkt\/microsoft-surface-laptop-studio-2-platinum-z2f-00009-i7-13800h-64gb-1tb-144-w11p\/\" \/>\n<meta property=\"og:locale\" content=\"pl_PL\" \/>\n<meta property=\"og:type\" content=\"article\" \/>\n<meta property=\"og:title\" content=\"Microsoft Surface Laptop Studio 2 Platinum Z2F-00009\/i7-13800H\/64GB\/1TB\/14,4\u201d\/W11P - Sklep rozwi\u0105za\u0144 Microsoft Surface\" \/>\n<meta property=\"og:description\" content=\"Microsoft Surface Laptop Studio 2 Platinum Z2F-00009 Microsoft Surface Laptop Studio 2 Z2F-00009 to innowacyjne urz\u0105dzenie, kt\u00f3re \u0142\u0105czy w sobie imponuj\u0105cy design, niezwyk\u0142\u0105 wydajno\u015b\u0107 i wszechstronno\u015b\u0107. Ten laptop dedykowany do zada\u0144 kreatywnych i rozrywki oferuje niezr\u00f3wnan\u0105 moc obliczeniow\u0105, d\u0142ug\u0105 \u017cywotno\u015b\u0107 baterii oraz zaawansowane funkcje. Dzi\u0119ki niemu b\u0119dziesz m\u00f3g\u0142 bez problemu obs\u0142ugiwa\u0107 wymagaj\u0105ce aplikacje, tworzy\u0107 i [&hellip;]\" \/>\n<meta property=\"og:url\" content=\"https:\/\/polsoft.pl\/microsoft-surface\/produkt\/microsoft-surface-laptop-studio-2-platinum-z2f-00009-i7-13800h-64gb-1tb-144-w11p\/\" \/>\n<meta property=\"og:site_name\" content=\"Sklep rozwi\u0105za\u0144 Microsoft Surface\" \/>\n<meta property=\"article:modified_time\" content=\"2025-07-15T11:56:22+00:00\" \/>\n<meta property=\"og:image\" content=\"https:\/\/polsoft.pl\/microsoft-surface\/wp-content\/uploads\/2023\/11\/Microsoft-Surface-Laptop-Studio-2-Z2F-00009-3.jpg\" \/>\n\t<meta property=\"og:image:width\" content=\"1603\" \/>\n\t<meta property=\"og:image:height\" content=\"1603\" \/>\n\t<meta property=\"og:image:type\" content=\"image\/jpeg\" \/>\n<meta name=\"twitter:card\" content=\"summary_large_image\" \/>\n<meta name=\"twitter:label1\" content=\"Szacowany czas czytania\" \/>\n\t<meta name=\"twitter:data1\" content=\"4 minuty\" \/>\n<script type=\"application\/ld+json\" class=\"yoast-schema-graph\">{\"@context\":\"https:\/\/schema.org\",\"@graph\":[{\"@type\":\"WebPage\",\"@id\":\"https:\/\/polsoft.pl\/microsoft-surface\/produkt\/microsoft-surface-laptop-studio-2-platinum-z2f-00009-i7-13800h-64gb-1tb-144-w11p\/\",\"url\":\"https:\/\/polsoft.pl\/microsoft-surface\/produkt\/microsoft-surface-laptop-studio-2-platinum-z2f-00009-i7-13800h-64gb-1tb-144-w11p\/\",\"name\":\"Microsoft Surface Laptop Studio 2 Platinum Z2F-00009\/i7-13800H\/64GB\/1TB\/14,4\u201d\/W11P - Sklep rozwi\u0105za\u0144 Microsoft Surface\",\"isPartOf\":{\"@id\":\"https:\/\/polsoft.pl\/microsoft-surface\/#website\"},\"primaryImageOfPage\":{\"@id\":\"https:\/\/polsoft.pl\/microsoft-surface\/produkt\/microsoft-surface-laptop-studio-2-platinum-z2f-00009-i7-13800h-64gb-1tb-144-w11p\/#primaryimage\"},\"image\":{\"@id\":\"https:\/\/polsoft.pl\/microsoft-surface\/produkt\/microsoft-surface-laptop-studio-2-platinum-z2f-00009-i7-13800h-64gb-1tb-144-w11p\/#primaryimage\"},\"thumbnailUrl\":\"https:\/\/www.polsoft.pl\/microsoft-surface\/wp-content\/uploads\/2023\/11\/Microsoft-Surface-Laptop-Studio-2-Z2F-00009-3.jpg\",\"datePublished\":\"2023-11-09T10:17:49+00:00\",\"dateModified\":\"2025-07-15T11:56:22+00:00\",\"breadcrumb\":{\"@id\":\"https:\/\/polsoft.pl\/microsoft-surface\/produkt\/microsoft-surface-laptop-studio-2-platinum-z2f-00009-i7-13800h-64gb-1tb-144-w11p\/#breadcrumb\"},\"inLanguage\":\"pl-PL\",\"potentialAction\":[{\"@type\":\"ReadAction\",\"target\":[\"https:\/\/polsoft.pl\/microsoft-surface\/produkt\/microsoft-surface-laptop-studio-2-platinum-z2f-00009-i7-13800h-64gb-1tb-144-w11p\/\"]}]},{\"@type\":\"ImageObject\",\"inLanguage\":\"pl-PL\",\"@id\":\"https:\/\/polsoft.pl\/microsoft-surface\/produkt\/microsoft-surface-laptop-studio-2-platinum-z2f-00009-i7-13800h-64gb-1tb-144-w11p\/#primaryimage\",\"url\":\"https:\/\/www.polsoft.pl\/microsoft-surface\/wp-content\/uploads\/2023\/11\/Microsoft-Surface-Laptop-Studio-2-Z2F-00009-3.jpg\",\"contentUrl\":\"https:\/\/www.polsoft.pl\/microsoft-surface\/wp-content\/uploads\/2023\/11\/Microsoft-Surface-Laptop-Studio-2-Z2F-00009-3.jpg\",\"width\":1603,\"height\":1603,\"caption\":\"Zdj\u0119cie produktu Microsoft Surface Laptop Studio 2\"},{\"@type\":\"BreadcrumbList\",\"@id\":\"https:\/\/polsoft.pl\/microsoft-surface\/produkt\/microsoft-surface-laptop-studio-2-platinum-z2f-00009-i7-13800h-64gb-1tb-144-w11p\/#breadcrumb\",\"itemListElement\":[{\"@type\":\"ListItem\",\"position\":1,\"name\":\"Strona g\u0142\u00f3wna\",\"item\":\"https:\/\/polsoft.pl\/microsoft-surface\/\"},{\"@type\":\"ListItem\",\"position\":2,\"name\":\"Sklep\",\"item\":\"https:\/\/polsoft.pl\/microsoft-surface\/sklep\/\"},{\"@type\":\"ListItem\",\"position\":3,\"name\":\"Microsoft Surface Laptop Studio 2 Platinum Z2F-00009\/i7-13800H\/64GB\/1TB\/14,4\u201d\/W11P\"}]},{\"@type\":\"WebSite\",\"@id\":\"https:\/\/polsoft.pl\/microsoft-surface\/#website\",\"url\":\"https:\/\/polsoft.pl\/microsoft-surface\/\",\"name\":\"Sklep Microsoft Surface\",\"description\":\"Sklep Microsoft Surface\",\"publisher\":{\"@id\":\"https:\/\/polsoft.pl\/microsoft-surface\/#organization\"},\"potentialAction\":[{\"@type\":\"SearchAction\",\"target\":{\"@type\":\"EntryPoint\",\"urlTemplate\":\"https:\/\/polsoft.pl\/microsoft-surface\/?s={search_term_string}\"},\"query-input\":{\"@type\":\"PropertyValueSpecification\",\"valueRequired\":true,\"valueName\":\"search_term_string\"}}],\"inLanguage\":\"pl-PL\"},{\"@type\":\"Organization\",\"@id\":\"https:\/\/polsoft.pl\/microsoft-surface\/#organization\",\"name\":\"Polsoft Engineering Sp. z o.o.\",\"url\":\"https:\/\/polsoft.pl\/microsoft-surface\/\",\"logo\":{\"@type\":\"ImageObject\",\"inLanguage\":\"pl-PL\",\"@id\":\"https:\/\/polsoft.pl\/microsoft-surface\/#\/schema\/logo\/image\/\",\"url\":\"https:\/\/www.polsoft.pl\/microsoft-surface\/wp-content\/uploads\/2020\/10\/microsoft_partner_logo_black_polsoft.png\",\"contentUrl\":\"https:\/\/www.polsoft.pl\/microsoft-surface\/wp-content\/uploads\/2020\/10\/microsoft_partner_logo_black_polsoft.png\",\"width\":613,\"height\":158,\"caption\":\"Polsoft Engineering Sp. z o.o.\"},\"image\":{\"@id\":\"https:\/\/polsoft.pl\/microsoft-surface\/#\/schema\/logo\/image\/\"}}]}<\/script>\n<!-- \/ Yoast SEO plugin. -->","yoast_head_json":{"title":"Microsoft Surface Laptop Studio 2 Platinum Z2F-00009\/i7-13800H\/64GB\/1TB\/14,4\u201d\/W11P - Sklep rozwi\u0105za\u0144 Microsoft Surface","robots":{"index":"index","follow":"follow","max-snippet":"max-snippet:-1","max-image-preview":"max-image-preview:large","max-video-preview":"max-video-preview:-1"},"canonical":"https:\/\/polsoft.pl\/microsoft-surface\/produkt\/microsoft-surface-laptop-studio-2-platinum-z2f-00009-i7-13800h-64gb-1tb-144-w11p\/","og_locale":"pl_PL","og_type":"article","og_title":"Microsoft Surface Laptop Studio 2 Platinum Z2F-00009\/i7-13800H\/64GB\/1TB\/14,4\u201d\/W11P - Sklep rozwi\u0105za\u0144 Microsoft Surface","og_description":"Microsoft Surface Laptop Studio 2 Platinum Z2F-00009 Microsoft Surface Laptop Studio 2 Z2F-00009 to innowacyjne urz\u0105dzenie, kt\u00f3re \u0142\u0105czy w sobie imponuj\u0105cy design, niezwyk\u0142\u0105 wydajno\u015b\u0107 i wszechstronno\u015b\u0107. Ten laptop dedykowany do zada\u0144 kreatywnych i rozrywki oferuje niezr\u00f3wnan\u0105 moc obliczeniow\u0105, d\u0142ug\u0105 \u017cywotno\u015b\u0107 baterii oraz zaawansowane funkcje. Dzi\u0119ki niemu b\u0119dziesz m\u00f3g\u0142 bez problemu obs\u0142ugiwa\u0107 wymagaj\u0105ce aplikacje, tworzy\u0107 i [&hellip;]","og_url":"https:\/\/polsoft.pl\/microsoft-surface\/produkt\/microsoft-surface-laptop-studio-2-platinum-z2f-00009-i7-13800h-64gb-1tb-144-w11p\/","og_site_name":"Sklep rozwi\u0105za\u0144 Microsoft Surface","article_modified_time":"2025-07-15T11:56:22+00:00","og_image":[{"width":1603,"height":1603,"url":"https:\/\/polsoft.pl\/microsoft-surface\/wp-content\/uploads\/2023\/11\/Microsoft-Surface-Laptop-Studio-2-Z2F-00009-3.jpg","type":"image\/jpeg"}],"twitter_card":"summary_large_image","twitter_misc":{"Szacowany czas czytania":"4 minuty"},"schema":{"@context":"https:\/\/schema.org","@graph":[{"@type":"WebPage","@id":"https:\/\/polsoft.pl\/microsoft-surface\/produkt\/microsoft-surface-laptop-studio-2-platinum-z2f-00009-i7-13800h-64gb-1tb-144-w11p\/","url":"https:\/\/polsoft.pl\/microsoft-surface\/produkt\/microsoft-surface-laptop-studio-2-platinum-z2f-00009-i7-13800h-64gb-1tb-144-w11p\/","name":"Microsoft Surface Laptop Studio 2 Platinum Z2F-00009\/i7-13800H\/64GB\/1TB\/14,4\u201d\/W11P - Sklep rozwi\u0105za\u0144 Microsoft Surface","isPartOf":{"@id":"https:\/\/polsoft.pl\/microsoft-surface\/#website"},"primaryImageOfPage":{"@id":"https:\/\/polsoft.pl\/microsoft-surface\/produkt\/microsoft-surface-laptop-studio-2-platinum-z2f-00009-i7-13800h-64gb-1tb-144-w11p\/#primaryimage"},"image":{"@id":"https:\/\/polsoft.pl\/microsoft-surface\/produkt\/microsoft-surface-laptop-studio-2-platinum-z2f-00009-i7-13800h-64gb-1tb-144-w11p\/#primaryimage"},"thumbnailUrl":"https:\/\/www.polsoft.pl\/microsoft-surface\/wp-content\/uploads\/2023\/11\/Microsoft-Surface-Laptop-Studio-2-Z2F-00009-3.jpg","datePublished":"2023-11-09T10:17:49+00:00","dateModified":"2025-07-15T11:56:22+00:00","breadcrumb":{"@id":"https:\/\/polsoft.pl\/microsoft-surface\/produkt\/microsoft-surface-laptop-studio-2-platinum-z2f-00009-i7-13800h-64gb-1tb-144-w11p\/#breadcrumb"},"inLanguage":"pl-PL","potentialAction":[{"@type":"ReadAction","target":["https:\/\/polsoft.pl\/microsoft-surface\/produkt\/microsoft-surface-laptop-studio-2-platinum-z2f-00009-i7-13800h-64gb-1tb-144-w11p\/"]}]},{"@type":"ImageObject","inLanguage":"pl-PL","@id":"https:\/\/polsoft.pl\/microsoft-surface\/produkt\/microsoft-surface-laptop-studio-2-platinum-z2f-00009-i7-13800h-64gb-1tb-144-w11p\/#primaryimage","url":"https:\/\/www.polsoft.pl\/microsoft-surface\/wp-content\/uploads\/2023\/11\/Microsoft-Surface-Laptop-Studio-2-Z2F-00009-3.jpg","contentUrl":"https:\/\/www.polsoft.pl\/microsoft-surface\/wp-content\/uploads\/2023\/11\/Microsoft-Surface-Laptop-Studio-2-Z2F-00009-3.jpg","width":1603,"height":1603,"caption":"Zdj\u0119cie produktu Microsoft Surface Laptop Studio 2"},{"@type":"BreadcrumbList","@id":"https:\/\/polsoft.pl\/microsoft-surface\/produkt\/microsoft-surface-laptop-studio-2-platinum-z2f-00009-i7-13800h-64gb-1tb-144-w11p\/#breadcrumb","itemListElement":[{"@type":"ListItem","position":1,"name":"Strona g\u0142\u00f3wna","item":"https:\/\/polsoft.pl\/microsoft-surface\/"},{"@type":"ListItem","position":2,"name":"Sklep","item":"https:\/\/polsoft.pl\/microsoft-surface\/sklep\/"},{"@type":"ListItem","position":3,"name":"Microsoft Surface Laptop Studio 2 Platinum Z2F-00009\/i7-13800H\/64GB\/1TB\/14,4\u201d\/W11P"}]},{"@type":"WebSite","@id":"https:\/\/polsoft.pl\/microsoft-surface\/#website","url":"https:\/\/polsoft.pl\/microsoft-surface\/","name":"Sklep Microsoft Surface","description":"Sklep Microsoft Surface","publisher":{"@id":"https:\/\/polsoft.pl\/microsoft-surface\/#organization"},"potentialAction":[{"@type":"SearchAction","target":{"@type":"EntryPoint","urlTemplate":"https:\/\/polsoft.pl\/microsoft-surface\/?s={search_term_string}"},"query-input":{"@type":"PropertyValueSpecification","valueRequired":true,"valueName":"search_term_string"}}],"inLanguage":"pl-PL"},{"@type":"Organization","@id":"https:\/\/polsoft.pl\/microsoft-surface\/#organization","name":"Polsoft Engineering Sp. z o.o.","url":"https:\/\/polsoft.pl\/microsoft-surface\/","logo":{"@type":"ImageObject","inLanguage":"pl-PL","@id":"https:\/\/polsoft.pl\/microsoft-surface\/#\/schema\/logo\/image\/","url":"https:\/\/www.polsoft.pl\/microsoft-surface\/wp-content\/uploads\/2020\/10\/microsoft_partner_logo_black_polsoft.png","contentUrl":"https:\/\/www.polsoft.pl\/microsoft-surface\/wp-content\/uploads\/2020\/10\/microsoft_partner_logo_black_polsoft.png","width":613,"height":158,"caption":"Polsoft Engineering Sp. z o.o."},"image":{"@id":"https:\/\/polsoft.pl\/microsoft-surface\/#\/schema\/logo\/image\/"}}]}},"_links":{"self":[{"href":"https:\/\/www.polsoft.pl\/microsoft-surface\/wp-json\/wp\/v2\/product\/16586","targetHints":{"allow":["GET"]}}],"collection":[{"href":"https:\/\/www.polsoft.pl\/microsoft-surface\/wp-json\/wp\/v2\/product"}],"about":[{"href":"https:\/\/www.polsoft.pl\/microsoft-surface\/wp-json\/wp\/v2\/types\/product"}],"version-history":[{"count":3,"href":"https:\/\/www.polsoft.pl\/microsoft-surface\/wp-json\/wp\/v2\/product\/16586\/revisions"}],"predecessor-version":[{"id":16677,"href":"https:\/\/www.polsoft.pl\/microsoft-surface\/wp-json\/wp\/v2\/product\/16586\/revisions\/16677"}],"wp:featuredmedia":[{"embeddable":true,"href":"https:\/\/www.polsoft.pl\/microsoft-surface\/wp-json\/wp\/v2\/media\/16672"}],"wp:attachment":[{"href":"https:\/\/www.polsoft.pl\/microsoft-surface\/wp-json\/wp\/v2\/media?parent=16586"}],"wp:term":[{"taxonomy":"product_brand","embeddable":true,"href":"https:\/\/www.polsoft.pl\/microsoft-surface\/wp-json\/wp\/v2\/product_brand?post=16586"},{"taxonomy":"product_cat","embeddable":true,"href":"https:\/\/www.polsoft.pl\/microsoft-surface\/wp-json\/wp\/v2\/product_cat?post=16586"},{"taxonomy":"product_tag","embeddable":true,"href":"https:\/\/www.polsoft.pl\/microsoft-surface\/wp-json\/wp\/v2\/product_tag?post=16586"}],"curies":[{"name":"wp","href":"https:\/\/api.w.org\/{rel}","templated":true}]}}