{"id":16755,"date":"2024-04-04T14:28:14","date_gmt":"2024-04-04T12:28:14","guid":{"rendered":"https:\/\/polsoft.pl\/microsoft-surface\/produkt\/surface-pro-10-zdr-00004-5135h-8gb-256gb-13-wi-fi-platinium\/"},"modified":"2026-01-23T12:58:10","modified_gmt":"2026-01-23T11:58:10","slug":"microsoft-surface-pro-10-zdr-00004-5135h-8gb-256gb-13-wi-fi-platinium","status":"publish","type":"product","link":"https:\/\/www.polsoft.pl\/microsoft-surface\/produkt\/microsoft-surface-pro-10-zdr-00004-5135h-8gb-256gb-13-wi-fi-platinium\/","title":{"rendered":"Microsoft Surface Pro 10 ZDR-00004\/135U\/8GB\/256GB\/13&#8243;\/Wi-Fi\/Platinium"},"content":{"rendered":"<p>Microsoft Surface Pro 10 ZDR-00004 to nowy wymiar kreatywno\u015bci i produktywno\u015bci w Twoim miejscu pracy. \u0141\u0105cz wygod\u0119 korzystania z tabletu z funkcjonalno\u015bci\u0105 i wydajno\u015bci\u0105 laptopa w po\u0142\u0105czeniu z funkcj\u0105 Copilot, by mierzy\u0107 si\u0119 z najtrudniejszymi projektami gdziekolwiek jeste\u015b. Nast\u0119pca Microsoft Surface Pro 9 posiada nowy, jeszcze wydajniejszy procesor Intel\u00ae Ultra\u2122 Core, zachowuj\u0105c przy tym niemal identycznych rozmiar\u00f3w lecz wa\u017c\u0105c ju\u017c znacznie mniej ni\u017c jego poprzednik. W po\u0142\u0105czeniu z wysok\u0105 \u017cywotno\u015bci\u0105 baterii, energooszcz\u0119dnym procesorem, oraz smuk\u0142\u0105 i zoptymalizowan\u0105 obudow\u0105, mo\u017cesz niezwykle d\u0142ugo i wygodnie pracowa\u0107 gdzie tylko chcesz, bez \u017cadnych ogranicze\u0144.<\/p>\n<p>Za wydajno\u015b\u0107 na najwy\u017cszym poziomie w Microsoft Surface Pro 10 ZDR-00004 odpowiada najnowszy procesor <strong>Intel\u00ae Core Ultra 7 165U<\/strong>. Wysok\u0105 responsywno\u015b\u0107 w pracy zapewnia system Microsoft Windows 11 w parze z maksymalnie 64 GB ultra wydajnej i energooszcz\u0119dnej pami\u0119ci \u00a0LPDDR5x. Szybki dysk SSD (PCIe 4.0) o pojemno\u015bci do 1TB zapewni ogromny zapas przestrzeni na wa\u017cne dane, spe\u0142niaj\u0105c oczekiwania nawet najbardziej wymagaj\u0105cych u\u017cytkownik\u00f3w. Ponadto pojemna bateria pozwala na korzystanie z urz\u0105dzenia nawet przez 19h bez \u0142adowania przy typowym obci\u0105\u017ceniu, dzi\u0119ki czemu masz pe\u0142n\u0105 swobod\u0119 pracy w ci\u0105gu ca\u0142ego dnia.<\/p>\n<p>Dostrzegaj wi\u0119cej, z niemal bez kraw\u0119dziowym, 13-calowym ekranem dotykowym PixelSense\u2122 o rozdzielczo\u015bci 2880 x 1920 (267 PPI). Doskona\u0142y kontrast sprawia, \u017ce z \u0142atwo\u015bci\u0105 odnajdziesz si\u0119 w obszernych dokumentach i skoroszytach, za\u015b wysoka cz\u0119stotliwo\u015b\u0107 od\u015bwie\u017cania do 120Hz pomo\u017ce Twoim oczom odpocz\u0105\u0107 i bezproblemowo nad\u0105\u017ca\u0107 za poruszaj\u0105cymi si\u0119 elementami na ekranie. Wynosz\u0105ca nawet 600 nit\u00f3w, wysoka jasno\u015b\u0107 ekranu pozwoli Ci pracowa\u0107 mobilnie nawet w towarzystwie bardzo ostrego \u015bwiat\u0142a. Ekran posiada 10 punkt\u00f3w dotykowych zwi\u0119kszaj\u0105c przy tym mo\u017cliwo\u015bci wykorzystania o wiele dotykowych funkcjonalno\u015bci.<\/p>\n<p>Korzystaj z najnowszych funkcji efekt\u00f3w Studio Windows podczas spotka\u0144 w Microsoft Teams i wygodnie si\u0119 uwierzytelniaj z Windows Hello bez konieczno\u015bci podawania has\u0142a. Dzi\u0119ki kamerze studyjnej Surface nigdy nie jeste\u015b poza kadrem, regulowana podp\u00f3rka z szerokim zakresem regulacji, co w po\u0142\u0105czeniu z klawiatur\u0105 Microsoft Signature do Surface Pro umo\u017cliwia korzystanie z urz\u0105dzenia jak ze standardowego laptopa. Po sparowaniu tabletu z pi\u00f3rem Microsoft Surface Slim Pen 2 zyskasz jeszcze wi\u0119ksz\u0105 precyzj\u0119 i swobod\u0119 tworzenia.<\/p>\n<p>Surface Pro 10 to ZDR-00004 tablet z zabezpieczonym rdzeniem, czyli wysoce bezpieczne urz\u0105dzenie z systemem Windows 11 \u0142\u0105cz\u0105ce zabezpieczenia systemowe oraz sprz\u0119towe. Ponadto bezpiecze\u0144stwa danych u\u017cytkownika szyfrowanie danych, system TPM 2.0 oraz autorski system Microsoft Windows Hello, pozwalaj\u0105cy na uwierzytelnianie u\u017cytkownika za pomoc\u0105 skanu twarzy. Zintegrowany czytnik NFC umo\u017cliwia u\u017cytkownikom logowanie si\u0119 za pomoc\u0105 identyfikatora bez konieczno\u015bci podawania has\u0142a.<\/p>\n<p>Microsoft Surface Pro 10 ZDR-00004 umo\u017cliwia szybkie i stabilne po\u0142\u0105czenie internetowe dzi\u0119ki \u0142\u0105czno\u015bci Wi-Fi 6E. Wszystkie urz\u0105dzenia peryferyjne po\u0142\u0105czysz korzystaj\u0105c z szybkiego Bluetooth\u00ae 5.3.<\/p>\n<p>Tablet posiada 2 kamery: przedni\u0105 z mo\u017cliwo\u015bci\u0105 rejestrowania wideo Quad HD 1440p, oraz tyln\u0105 o rozdzielczo\u015bci 10.5 MP Ultra HD z autofokusem i mo\u017cliwo\u015bci\u0105 nagrywania wideo Full HD 1080p i 4K. Doskona\u0142y d\u017awi\u0119k zapewniaj\u0105 stereofoniczne g\u0142o\u015bniki o mocy 2W z systemem Dolby\u00ae Atmos\u00ae.<\/p>\n","protected":false},"excerpt":{"rendered":"<p>Microsoft Surface Pro 10 ZDR-00004 to nowy wymiar kreatywno\u015bci i produktywno\u015bci w Twoim miejscu pracy. \u0141\u0105cz wygod\u0119 korzystania z tabletu z funkcjonalno\u015bci\u0105 i wydajno\u015bci\u0105 laptopa w po\u0142\u0105czeniu z funkcj\u0105 Copilot, by mierzy\u0107 si\u0119 z najtrudniejszymi projektami gdziekolwiek jeste\u015b. Nast\u0119pca Microsoft Surface Pro 9 posiada nowy, jeszcze wydajniejszy procesor Intel\u00ae Ultra\u2122 Core, zachowuj\u0105c przy tym niemal [&hellip;]<\/p>\n","protected":false},"featured_media":17303,"template":"","meta":{"site-sidebar-layout":"default","site-content-layout":"","ast-site-content-layout":"default","site-content-style":"default","site-sidebar-style":"default","ast-global-header-display":"","ast-banner-title-visibility":"","ast-main-header-display":"","ast-hfb-above-header-display":"","ast-hfb-below-header-display":"","ast-hfb-mobile-header-display":"","site-post-title":"","ast-breadcrumbs-content":"","ast-featured-img":"","footer-sml-layout":"","ast-disable-related-posts":"","theme-transparent-header-meta":"default","adv-header-id-meta":"","stick-header-meta":"","header-above-stick-meta":"","header-main-stick-meta":"","header-below-stick-meta":"","astra-migrate-meta-layouts":"set","ast-page-background-enabled":"default","ast-page-background-meta":{"desktop":{"background-color":"","background-image":"","background-repeat":"repeat","background-position":"center center","background-size":"auto","background-attachment":"scroll","background-type":"","background-media":"","overlay-type":"","overlay-color":"","overlay-opacity":"","overlay-gradient":""},"tablet":{"background-color":"","background-image":"","background-repeat":"repeat","background-position":"center center","background-size":"auto","background-attachment":"scroll","background-type":"","background-media":"","overlay-type":"","overlay-color":"","overlay-opacity":"","overlay-gradient":""},"mobile":{"background-color":"","background-image":"","background-repeat":"repeat","background-position":"center center","background-size":"auto","background-attachment":"scroll","background-type":"","background-media":"","overlay-type":"","overlay-color":"","overlay-opacity":"","overlay-gradient":""}},"ast-content-background-meta":{"desktop":{"background-color":"var(--ast-global-color-5)","background-image":"","background-repeat":"repeat","background-position":"center center","background-size":"auto","background-attachment":"scroll","background-type":"","background-media":"","overlay-type":"","overlay-color":"","overlay-opacity":"","overlay-gradient":""},"tablet":{"background-color":"var(--ast-global-color-5)","background-image":"","background-repeat":"repeat","background-position":"center center","background-size":"auto","background-attachment":"scroll","background-type":"","background-media":"","overlay-type":"","overlay-color":"","overlay-opacity":"","overlay-gradient":""},"mobile":{"background-color":"var(--ast-global-color-5)","background-image":"","background-repeat":"repeat","background-position":"center center","background-size":"auto","background-attachment":"scroll","background-type":"","background-media":"","overlay-type":"","overlay-color":"","overlay-opacity":"","overlay-gradient":""}},"_links_to":"","_links_to_target":""},"product_brand":[],"product_cat":[],"product_tag":[],"class_list":{"0":"post-16755","1":"product","2":"type-product","3":"status-publish","4":"has-post-thumbnail","6":"pa_dodatkowe-komponenty-wi-fi","7":"pa_dysk-ssd-256gb","8":"pa_model-procesora-135u","9":"pa_pamiec-ram-8gb","10":"pa_procesor-intel-core-ultra-5","11":"pa_w-zestawie-urzadzenie","12":"pa_wielkosc-matrycy-289","13":"desktop-align-left","14":"tablet-align-left","15":"mobile-align-left","17":"first","18":"outofstock","19":"taxable","20":"shipping-taxable","21":"purchasable","22":"product-type-simple"},"yoast_head":"<!-- This site is optimized with the Yoast SEO plugin v26.7 - https:\/\/yoast.com\/wordpress\/plugins\/seo\/ -->\n<title>Microsoft Surface Pro 10 ZDR-00004\/135U\/8GB\/256GB\/13&quot;\/Wi-Fi\/Platinium - Sklep rozwi\u0105za\u0144 Microsoft Surface<\/title>\n<meta name=\"description\" content=\"Poznaj nowy Surface Pro 10 ZDR-00004 dla firm. Wydajno\u015b\u0107 Intel Core Ultra, czytnik NFC i zaawansowane zabezpieczenia w tablecie 2w1. Sprawd\u017a i zam\u00f3w online!\" \/>\n<meta name=\"robots\" content=\"index, follow, max-snippet:-1, max-image-preview:large, max-video-preview:-1\" \/>\n<link rel=\"canonical\" href=\"https:\/\/polsoft.pl\/microsoft-surface\/produkt\/microsoft-surface-pro-10-zdr-00004-5135h-8gb-256gb-13-wi-fi-platinium\/\" \/>\n<meta property=\"og:locale\" content=\"pl_PL\" \/>\n<meta property=\"og:type\" content=\"article\" \/>\n<meta property=\"og:title\" content=\"Microsoft Surface Pro 10 ZDR-00004\/135U\/8GB\/256GB\/13&quot;\/Wi-Fi\/Platinium - Sklep rozwi\u0105za\u0144 Microsoft Surface\" \/>\n<meta property=\"og:description\" content=\"Poznaj nowy Surface Pro 10 ZDR-00004 dla firm. Wydajno\u015b\u0107 Intel Core Ultra, czytnik NFC i zaawansowane zabezpieczenia w tablecie 2w1. Sprawd\u017a i zam\u00f3w online!\" \/>\n<meta property=\"og:url\" content=\"https:\/\/polsoft.pl\/microsoft-surface\/produkt\/microsoft-surface-pro-10-zdr-00004-5135h-8gb-256gb-13-wi-fi-platinium\/\" \/>\n<meta property=\"og:site_name\" content=\"Sklep rozwi\u0105za\u0144 Microsoft Surface\" \/>\n<meta property=\"article:modified_time\" content=\"2026-01-23T11:58:10+00:00\" \/>\n<meta property=\"og:image\" content=\"https:\/\/polsoft.pl\/microsoft-surface\/wp-content\/uploads\/2024\/04\/Surface-Pro-10-ZDU-00004-5135H-16GB-512GB-13-Wi-Fi-Platynowy-5.jpg\" \/>\n\t<meta property=\"og:image:width\" content=\"817\" \/>\n\t<meta property=\"og:image:height\" content=\"817\" \/>\n\t<meta property=\"og:image:type\" content=\"image\/jpeg\" \/>\n<meta name=\"twitter:card\" content=\"summary_large_image\" \/>\n<meta name=\"twitter:label1\" content=\"Szacowany czas czytania\" \/>\n\t<meta name=\"twitter:data1\" content=\"3 minuty\" \/>\n<script type=\"application\/ld+json\" class=\"yoast-schema-graph\">{\"@context\":\"https:\/\/schema.org\",\"@graph\":[{\"@type\":\"WebPage\",\"@id\":\"https:\/\/polsoft.pl\/microsoft-surface\/produkt\/microsoft-surface-pro-10-zdr-00004-5135h-8gb-256gb-13-wi-fi-platinium\/\",\"url\":\"https:\/\/polsoft.pl\/microsoft-surface\/produkt\/microsoft-surface-pro-10-zdr-00004-5135h-8gb-256gb-13-wi-fi-platinium\/\",\"name\":\"Microsoft Surface Pro 10 ZDR-00004\/135U\/8GB\/256GB\/13\\\"\/Wi-Fi\/Platinium - Sklep rozwi\u0105za\u0144 Microsoft Surface\",\"isPartOf\":{\"@id\":\"https:\/\/polsoft.pl\/microsoft-surface\/#website\"},\"primaryImageOfPage\":{\"@id\":\"https:\/\/polsoft.pl\/microsoft-surface\/produkt\/microsoft-surface-pro-10-zdr-00004-5135h-8gb-256gb-13-wi-fi-platinium\/#primaryimage\"},\"image\":{\"@id\":\"https:\/\/polsoft.pl\/microsoft-surface\/produkt\/microsoft-surface-pro-10-zdr-00004-5135h-8gb-256gb-13-wi-fi-platinium\/#primaryimage\"},\"thumbnailUrl\":\"https:\/\/www.polsoft.pl\/microsoft-surface\/wp-content\/uploads\/2024\/04\/Surface-Pro-10-ZDU-00004-5135H-16GB-512GB-13-Wi-Fi-Platynowy-5.jpg\",\"datePublished\":\"2024-04-04T12:28:14+00:00\",\"dateModified\":\"2026-01-23T11:58:10+00:00\",\"description\":\"Poznaj nowy Surface Pro 10 ZDR-00004 dla firm. Wydajno\u015b\u0107 Intel Core Ultra, czytnik NFC i zaawansowane zabezpieczenia w tablecie 2w1. Sprawd\u017a i zam\u00f3w online!\",\"breadcrumb\":{\"@id\":\"https:\/\/polsoft.pl\/microsoft-surface\/produkt\/microsoft-surface-pro-10-zdr-00004-5135h-8gb-256gb-13-wi-fi-platinium\/#breadcrumb\"},\"inLanguage\":\"pl-PL\",\"potentialAction\":[{\"@type\":\"ReadAction\",\"target\":[\"https:\/\/polsoft.pl\/microsoft-surface\/produkt\/microsoft-surface-pro-10-zdr-00004-5135h-8gb-256gb-13-wi-fi-platinium\/\"]}]},{\"@type\":\"ImageObject\",\"inLanguage\":\"pl-PL\",\"@id\":\"https:\/\/polsoft.pl\/microsoft-surface\/produkt\/microsoft-surface-pro-10-zdr-00004-5135h-8gb-256gb-13-wi-fi-platinium\/#primaryimage\",\"url\":\"https:\/\/www.polsoft.pl\/microsoft-surface\/wp-content\/uploads\/2024\/04\/Surface-Pro-10-ZDU-00004-5135H-16GB-512GB-13-Wi-Fi-Platynowy-5.jpg\",\"contentUrl\":\"https:\/\/www.polsoft.pl\/microsoft-surface\/wp-content\/uploads\/2024\/04\/Surface-Pro-10-ZDU-00004-5135H-16GB-512GB-13-Wi-Fi-Platynowy-5.jpg\",\"width\":817,\"height\":817,\"caption\":\"Zdj\u0119cie produktu - Microsoft Laptop 6 Platinum\"},{\"@type\":\"BreadcrumbList\",\"@id\":\"https:\/\/polsoft.pl\/microsoft-surface\/produkt\/microsoft-surface-pro-10-zdr-00004-5135h-8gb-256gb-13-wi-fi-platinium\/#breadcrumb\",\"itemListElement\":[{\"@type\":\"ListItem\",\"position\":1,\"name\":\"Strona g\u0142\u00f3wna\",\"item\":\"https:\/\/polsoft.pl\/microsoft-surface\/\"},{\"@type\":\"ListItem\",\"position\":2,\"name\":\"Sklep\",\"item\":\"https:\/\/polsoft.pl\/microsoft-surface\/sklep\/\"},{\"@type\":\"ListItem\",\"position\":3,\"name\":\"Microsoft Surface Pro 10 ZDR-00004\/135U\/8GB\/256GB\/13&#8243;\/Wi-Fi\/Platinium\"}]},{\"@type\":\"WebSite\",\"@id\":\"https:\/\/polsoft.pl\/microsoft-surface\/#website\",\"url\":\"https:\/\/polsoft.pl\/microsoft-surface\/\",\"name\":\"Sklep Microsoft Surface\",\"description\":\"Sklep Microsoft Surface\",\"publisher\":{\"@id\":\"https:\/\/polsoft.pl\/microsoft-surface\/#organization\"},\"potentialAction\":[{\"@type\":\"SearchAction\",\"target\":{\"@type\":\"EntryPoint\",\"urlTemplate\":\"https:\/\/polsoft.pl\/microsoft-surface\/?s={search_term_string}\"},\"query-input\":{\"@type\":\"PropertyValueSpecification\",\"valueRequired\":true,\"valueName\":\"search_term_string\"}}],\"inLanguage\":\"pl-PL\"},{\"@type\":\"Organization\",\"@id\":\"https:\/\/polsoft.pl\/microsoft-surface\/#organization\",\"name\":\"Polsoft Engineering Sp. z o.o.\",\"url\":\"https:\/\/polsoft.pl\/microsoft-surface\/\",\"logo\":{\"@type\":\"ImageObject\",\"inLanguage\":\"pl-PL\",\"@id\":\"https:\/\/polsoft.pl\/microsoft-surface\/#\/schema\/logo\/image\/\",\"url\":\"https:\/\/www.polsoft.pl\/microsoft-surface\/wp-content\/uploads\/2020\/10\/microsoft_partner_logo_black_polsoft.png\",\"contentUrl\":\"https:\/\/www.polsoft.pl\/microsoft-surface\/wp-content\/uploads\/2020\/10\/microsoft_partner_logo_black_polsoft.png\",\"width\":613,\"height\":158,\"caption\":\"Polsoft Engineering Sp. z o.o.\"},\"image\":{\"@id\":\"https:\/\/polsoft.pl\/microsoft-surface\/#\/schema\/logo\/image\/\"}}]}<\/script>\n<!-- \/ Yoast SEO plugin. -->","yoast_head_json":{"title":"Microsoft Surface Pro 10 ZDR-00004\/135U\/8GB\/256GB\/13\"\/Wi-Fi\/Platinium - Sklep rozwi\u0105za\u0144 Microsoft Surface","description":"Poznaj nowy Surface Pro 10 ZDR-00004 dla firm. Wydajno\u015b\u0107 Intel Core Ultra, czytnik NFC i zaawansowane zabezpieczenia w tablecie 2w1. Sprawd\u017a i zam\u00f3w online!","robots":{"index":"index","follow":"follow","max-snippet":"max-snippet:-1","max-image-preview":"max-image-preview:large","max-video-preview":"max-video-preview:-1"},"canonical":"https:\/\/polsoft.pl\/microsoft-surface\/produkt\/microsoft-surface-pro-10-zdr-00004-5135h-8gb-256gb-13-wi-fi-platinium\/","og_locale":"pl_PL","og_type":"article","og_title":"Microsoft Surface Pro 10 ZDR-00004\/135U\/8GB\/256GB\/13\"\/Wi-Fi\/Platinium - Sklep rozwi\u0105za\u0144 Microsoft Surface","og_description":"Poznaj nowy Surface Pro 10 ZDR-00004 dla firm. Wydajno\u015b\u0107 Intel Core Ultra, czytnik NFC i zaawansowane zabezpieczenia w tablecie 2w1. Sprawd\u017a i zam\u00f3w online!","og_url":"https:\/\/polsoft.pl\/microsoft-surface\/produkt\/microsoft-surface-pro-10-zdr-00004-5135h-8gb-256gb-13-wi-fi-platinium\/","og_site_name":"Sklep rozwi\u0105za\u0144 Microsoft Surface","article_modified_time":"2026-01-23T11:58:10+00:00","og_image":[{"width":817,"height":817,"url":"https:\/\/polsoft.pl\/microsoft-surface\/wp-content\/uploads\/2024\/04\/Surface-Pro-10-ZDU-00004-5135H-16GB-512GB-13-Wi-Fi-Platynowy-5.jpg","type":"image\/jpeg"}],"twitter_card":"summary_large_image","twitter_misc":{"Szacowany czas czytania":"3 minuty"},"schema":{"@context":"https:\/\/schema.org","@graph":[{"@type":"WebPage","@id":"https:\/\/polsoft.pl\/microsoft-surface\/produkt\/microsoft-surface-pro-10-zdr-00004-5135h-8gb-256gb-13-wi-fi-platinium\/","url":"https:\/\/polsoft.pl\/microsoft-surface\/produkt\/microsoft-surface-pro-10-zdr-00004-5135h-8gb-256gb-13-wi-fi-platinium\/","name":"Microsoft Surface Pro 10 ZDR-00004\/135U\/8GB\/256GB\/13\"\/Wi-Fi\/Platinium - Sklep rozwi\u0105za\u0144 Microsoft Surface","isPartOf":{"@id":"https:\/\/polsoft.pl\/microsoft-surface\/#website"},"primaryImageOfPage":{"@id":"https:\/\/polsoft.pl\/microsoft-surface\/produkt\/microsoft-surface-pro-10-zdr-00004-5135h-8gb-256gb-13-wi-fi-platinium\/#primaryimage"},"image":{"@id":"https:\/\/polsoft.pl\/microsoft-surface\/produkt\/microsoft-surface-pro-10-zdr-00004-5135h-8gb-256gb-13-wi-fi-platinium\/#primaryimage"},"thumbnailUrl":"https:\/\/www.polsoft.pl\/microsoft-surface\/wp-content\/uploads\/2024\/04\/Surface-Pro-10-ZDU-00004-5135H-16GB-512GB-13-Wi-Fi-Platynowy-5.jpg","datePublished":"2024-04-04T12:28:14+00:00","dateModified":"2026-01-23T11:58:10+00:00","description":"Poznaj nowy Surface Pro 10 ZDR-00004 dla firm. Wydajno\u015b\u0107 Intel Core Ultra, czytnik NFC i zaawansowane zabezpieczenia w tablecie 2w1. Sprawd\u017a i zam\u00f3w online!","breadcrumb":{"@id":"https:\/\/polsoft.pl\/microsoft-surface\/produkt\/microsoft-surface-pro-10-zdr-00004-5135h-8gb-256gb-13-wi-fi-platinium\/#breadcrumb"},"inLanguage":"pl-PL","potentialAction":[{"@type":"ReadAction","target":["https:\/\/polsoft.pl\/microsoft-surface\/produkt\/microsoft-surface-pro-10-zdr-00004-5135h-8gb-256gb-13-wi-fi-platinium\/"]}]},{"@type":"ImageObject","inLanguage":"pl-PL","@id":"https:\/\/polsoft.pl\/microsoft-surface\/produkt\/microsoft-surface-pro-10-zdr-00004-5135h-8gb-256gb-13-wi-fi-platinium\/#primaryimage","url":"https:\/\/www.polsoft.pl\/microsoft-surface\/wp-content\/uploads\/2024\/04\/Surface-Pro-10-ZDU-00004-5135H-16GB-512GB-13-Wi-Fi-Platynowy-5.jpg","contentUrl":"https:\/\/www.polsoft.pl\/microsoft-surface\/wp-content\/uploads\/2024\/04\/Surface-Pro-10-ZDU-00004-5135H-16GB-512GB-13-Wi-Fi-Platynowy-5.jpg","width":817,"height":817,"caption":"Zdj\u0119cie produktu - Microsoft Laptop 6 Platinum"},{"@type":"BreadcrumbList","@id":"https:\/\/polsoft.pl\/microsoft-surface\/produkt\/microsoft-surface-pro-10-zdr-00004-5135h-8gb-256gb-13-wi-fi-platinium\/#breadcrumb","itemListElement":[{"@type":"ListItem","position":1,"name":"Strona g\u0142\u00f3wna","item":"https:\/\/polsoft.pl\/microsoft-surface\/"},{"@type":"ListItem","position":2,"name":"Sklep","item":"https:\/\/polsoft.pl\/microsoft-surface\/sklep\/"},{"@type":"ListItem","position":3,"name":"Microsoft Surface Pro 10 ZDR-00004\/135U\/8GB\/256GB\/13&#8243;\/Wi-Fi\/Platinium"}]},{"@type":"WebSite","@id":"https:\/\/polsoft.pl\/microsoft-surface\/#website","url":"https:\/\/polsoft.pl\/microsoft-surface\/","name":"Sklep Microsoft Surface","description":"Sklep Microsoft Surface","publisher":{"@id":"https:\/\/polsoft.pl\/microsoft-surface\/#organization"},"potentialAction":[{"@type":"SearchAction","target":{"@type":"EntryPoint","urlTemplate":"https:\/\/polsoft.pl\/microsoft-surface\/?s={search_term_string}"},"query-input":{"@type":"PropertyValueSpecification","valueRequired":true,"valueName":"search_term_string"}}],"inLanguage":"pl-PL"},{"@type":"Organization","@id":"https:\/\/polsoft.pl\/microsoft-surface\/#organization","name":"Polsoft Engineering Sp. z o.o.","url":"https:\/\/polsoft.pl\/microsoft-surface\/","logo":{"@type":"ImageObject","inLanguage":"pl-PL","@id":"https:\/\/polsoft.pl\/microsoft-surface\/#\/schema\/logo\/image\/","url":"https:\/\/www.polsoft.pl\/microsoft-surface\/wp-content\/uploads\/2020\/10\/microsoft_partner_logo_black_polsoft.png","contentUrl":"https:\/\/www.polsoft.pl\/microsoft-surface\/wp-content\/uploads\/2020\/10\/microsoft_partner_logo_black_polsoft.png","width":613,"height":158,"caption":"Polsoft Engineering Sp. z o.o."},"image":{"@id":"https:\/\/polsoft.pl\/microsoft-surface\/#\/schema\/logo\/image\/"}}]}},"_links":{"self":[{"href":"https:\/\/www.polsoft.pl\/microsoft-surface\/wp-json\/wp\/v2\/product\/16755","targetHints":{"allow":["GET"]}}],"collection":[{"href":"https:\/\/www.polsoft.pl\/microsoft-surface\/wp-json\/wp\/v2\/product"}],"about":[{"href":"https:\/\/www.polsoft.pl\/microsoft-surface\/wp-json\/wp\/v2\/types\/product"}],"version-history":[{"count":5,"href":"https:\/\/www.polsoft.pl\/microsoft-surface\/wp-json\/wp\/v2\/product\/16755\/revisions"}],"predecessor-version":[{"id":17806,"href":"https:\/\/www.polsoft.pl\/microsoft-surface\/wp-json\/wp\/v2\/product\/16755\/revisions\/17806"}],"wp:featuredmedia":[{"embeddable":true,"href":"https:\/\/www.polsoft.pl\/microsoft-surface\/wp-json\/wp\/v2\/media\/17303"}],"wp:attachment":[{"href":"https:\/\/www.polsoft.pl\/microsoft-surface\/wp-json\/wp\/v2\/media?parent=16755"}],"wp:term":[{"taxonomy":"product_brand","embeddable":true,"href":"https:\/\/www.polsoft.pl\/microsoft-surface\/wp-json\/wp\/v2\/product_brand?post=16755"},{"taxonomy":"product_cat","embeddable":true,"href":"https:\/\/www.polsoft.pl\/microsoft-surface\/wp-json\/wp\/v2\/product_cat?post=16755"},{"taxonomy":"product_tag","embeddable":true,"href":"https:\/\/www.polsoft.pl\/microsoft-surface\/wp-json\/wp\/v2\/product_tag?post=16755"}],"curies":[{"name":"wp","href":"https:\/\/api.w.org\/{rel}","templated":true}]}}