{"id":16795,"date":"2024-04-04T14:28:22","date_gmt":"2024-04-04T12:28:22","guid":{"rendered":"https:\/\/polsoft.pl\/microsoft-surface\/produkt\/surface-laptop-6-zjq-00034-5135h-16gb-256gb-135-wi-fi-platinium\/"},"modified":"2026-01-23T12:58:19","modified_gmt":"2026-01-23T11:58:19","slug":"microsoft-surface-laptop-6-zjq-00034-5135h-16gb-256gb-135-wi-fi-platinium","status":"publish","type":"product","link":"https:\/\/www.polsoft.pl\/microsoft-surface\/produkt\/microsoft-surface-laptop-6-zjq-00034-5135h-16gb-256gb-135-wi-fi-platinium\/","title":{"rendered":"Microsoft Surface Laptop 6 ZJQ-00034\/135H\/16GB\/256GB\/13,5&#8243;\/Wi-Fi\/Platinium"},"content":{"rendered":"<p>Odkryj mobiln\u0105 doskona\u0142o\u015b\u0107 dla \u015bwiata biznesu z Microsoft Surface Laptop 6 for Business ZJQ-00034. Ten kompaktowy, 13,5-calowy laptop w klasycznym, platynowym kolorze, jest idealnym towarzyszem dla mobilnego profesjonalisty, kt\u00f3ry ceni sobie elegancj\u0119, lekko\u015b\u0107 i bezkompromisow\u0105 jako\u015b\u0107 wykonania. <span class=\"citation-175 citation-end-175\">Zosta\u0142 zaprojektowany, aby dostarczy\u0107 moc i bezpiecze\u0144stwo niezb\u0119dne do pracy w podr\u00f3\u017cy, na spotkaniach z klientami i w dynamicznie zmieniaj\u0105cych si\u0119 \u015brodowiskach pracy, nie rezygnuj\u0105c przy tym z komfortu i stylu, z kt\u00f3rego s\u0142ynie linia Surface.<\/span><\/p>\n<p><span class=\"citation-174\">Sercem urz\u0105dzenia jest nowoczesny procesor <\/span><span class=\"citation-174\">Intel\u00ae Core\u2122 Ultra 5 135H<\/span><span class=\"citation-174\"> ze zintegrowan\u0105 grafik\u0105 <\/span><span class=\"citation-174\">Intel\u00ae Graphics<\/span><span class=\"citation-174 citation-end-174\">, zoptymalizowany pod k\u0105tem wydajno\u015bci i d\u0142ugiego czasu pracy na baterii, co jest kluczowe w pracy mobilnej.<\/span> <span class=\"citation-173 citation-end-173\">Jego architektura, wzbogacona o dedykowany silnik NPU, efektywnie zarz\u0105dza zadaniami AI, zwi\u0119kszaj\u0105c responsywno\u015b\u0107 systemu.<\/span> Wspierany przez 16 GB szybkiej pami\u0119ci RAM LPDDR5x, laptop ten stanowi doskonale zbalansowan\u0105 konfiguracj\u0119 do p\u0142ynnej pracy z pakietem Microsoft 365, wieloma kartami w przegl\u0105darce i aplikacjami biznesowymi w chmurze. Szybki dysk SSD o pojemno\u015bci 256 GB (PCIe 4.0) zapewnia b\u0142yskawiczny start systemu i natychmiastowy dost\u0119p do kluczowych danych.<\/p>\n<p>Ka\u017cdy szczeg\u00f3\u0142 Twojej pracy b\u0119dzie doskonale widoczny na krystalicznie czystym, 13,5-calowym ekranie dotykowym PixelSense\u2122. <span class=\"citation-172\">Jego wysoka rozdzielczo\u015b\u0107 <\/span><span class=\"citation-172\">2256 x 1504 (201 PPI)<\/span><span class=\"citation-172 citation-end-172\"> oraz proporcje 3:2 oferuj\u0105 wi\u0119cej przestrzeni roboczej w pionie, co jest idealne do pracy z dokumentami i przegl\u0105dania stron internetowych.<\/span> <span class=\"citation-171 citation-end-171\">Kluczowym ulepszeniem jest zaawansowana pow\u0142oka antyrefleksyjna, kt\u00f3ra znacz\u0105co redukuje odbicia, zapewniaj\u0105c wyj\u0105tkow\u0105 czytelno\u015b\u0107 w r\u00f3\u017cnych warunkach o\u015bwietleniowych.<\/span> <span class=\"citation-170\">Funkcja adaptacyjnego dopasowywania kolor\u00f3w dba o komfort Twoich oczu, a wytrzyma\u0142e szk\u0142o <\/span><span class=\"citation-170\">Corning\u00ae Gorilla\u00ae Glass 5<\/span><span class=\"citation-170 citation-end-170\"> chroni ekran.<\/span><\/p>\n<p>Niezr\u00f3wnany komfort pisania i interakcji to znak rozpoznawczy urz\u0105dze\u0144 Surface. Klawiatura w tym modelu zosta\u0142a zaprojektowana z my\u015bl\u0105 o d\u0142ugich godzinach pisania, oferuj\u0105c optymalny skok klawiszy i cich\u0105 prac\u0119. Du\u017cy, precyzyjny g\u0142adzik pozwala na \u0142atw\u0105 nawigacj\u0119 i obs\u0142ug\u0119 gest\u00f3w w systemie Windows 11. Obudowa wykonana z anodyzowanego aluminium jest nie tylko niezwykle wytrzyma\u0142a, ale i przyjemna w dotyku. 10-punktowy ekran dotykowy, w po\u0142\u0105czeniu z opcjonalnym pi\u00f3rem Microsoft Surface Slim Pen 2, otwiera nowe mo\u017cliwo\u015bci w zakresie notowania i kreatywno\u015bci.<\/p>\n<p>W \u015brodowisku biznesowym bezpiecze\u0144stwo jest absolutnym priorytetem. <span class=\"citation-169 citation-end-169\">Dlatego Surface Laptop 6 to urz\u0105dzenie z zabezpieczonym rdzeniem (Secured-core PC), gdzie ochrona jest wbudowana na ka\u017cdym poziomie.<\/span> <span class=\"citation-168\">Sprz\u0119towy modu\u0142 <\/span><span class=\"citation-168\">TPM 2.0<\/span><span class=\"citation-168\"> szyfruje dane, a system <\/span><span class=\"citation-168\">Windows Hello<\/span><span class=\"citation-168 citation-end-168\"> z zaawansowanym rozpoznawaniem twarzy za pomoc\u0105 kamery na podczerwie\u0144 zapewnia szybkie i bezpieczne logowanie, eliminuj\u0105c ryzyko zwi\u0105zane z tradycyjnymi has\u0142ami.<\/span><\/p>\n<p>B\u0105d\u017a zawsze w kontakcie dzi\u0119ki pe\u0142nemu spektrum nowoczesnej \u0142\u0105czno\u015bci. Najnowszy standard Wi-Fi 6E oraz Bluetooth\u00ae 5.3 gwarantuj\u0105 stabilne i szybkie po\u0142\u0105czenie z sieci\u0105 i bezprzewodowymi akcesoriami. <span class=\"citation-167\">Wszechstronno\u015b\u0107 po\u0142\u0105cze\u0144 przewodowych zapewnia jeden port <\/span><span class=\"citation-167\">USB-C\u00ae z obs\u0142ug\u0105 Thunderbolt\u2122 4<\/span><span class=\"citation-167\">, jeden klasyczny port <\/span><span class=\"citation-167\">USB-A 3.1<\/span><span class=\"citation-167\"> dla starszych akcesori\u00f3w, oraz port <\/span><span class=\"citation-167\">Surface Connect<\/span><span class=\"citation-167 citation-end-167\"> do szybkiego i wygodnego \u0142adowania.<\/span><\/p>\n<p>Tw\u00f3j profesjonalny wizerunek podczas spotka\u0144 online jest kluczowy. <span class=\"citation-166\">Nowa kamera <\/span><span class=\"citation-166\">Surface Studio<\/span><span class=\"citation-166 citation-end-166\"> o jako\u015bci Full HD (1080p) dba o to, by obraz by\u0142 zawsze ostry i wyra\u017any.<\/span> <span class=\"citation-165\">Dwa mikrofony studyjne precyzyjnie zbieraj\u0105 Tw\u00f3j g\u0142os, a g\u0142o\u015bniki <\/span><span class=\"citation-165\">Omnisonic\u00ae z Dolby\u00ae Atmos\u00ae<\/span><span class=\"citation-165 citation-end-165\"> zapewniaj\u0105 czysty i bogaty d\u017awi\u0119k.<\/span> Dedykowany klawisz Copilot zapewnia natychmiastowy dost\u0119p do inteligentnego asystenta, kt\u00f3ry wspiera Twoj\u0105 produktywno\u015b\u0107<\/p>\n","protected":false},"excerpt":{"rendered":"<p>Odkryj mobiln\u0105 doskona\u0142o\u015b\u0107 dla \u015bwiata biznesu z Microsoft Surface Laptop 6 for Business ZJQ-00034. Ten kompaktowy, 13,5-calowy laptop w klasycznym, platynowym kolorze, jest idealnym towarzyszem dla mobilnego profesjonalisty, kt\u00f3ry ceni sobie elegancj\u0119, lekko\u015b\u0107 i bezkompromisow\u0105 jako\u015b\u0107 wykonania. Zosta\u0142 zaprojektowany, aby dostarczy\u0107 moc i bezpiecze\u0144stwo niezb\u0119dne do pracy w podr\u00f3\u017cy, na spotkaniach z klientami i w [&hellip;]<\/p>\n","protected":false},"featured_media":19435,"template":"","meta":{"site-sidebar-layout":"default","site-content-layout":"","ast-site-content-layout":"default","site-content-style":"default","site-sidebar-style":"default","ast-global-header-display":"","ast-banner-title-visibility":"","ast-main-header-display":"","ast-hfb-above-header-display":"","ast-hfb-below-header-display":"","ast-hfb-mobile-header-display":"","site-post-title":"","ast-breadcrumbs-content":"","ast-featured-img":"","footer-sml-layout":"","ast-disable-related-posts":"","theme-transparent-header-meta":"default","adv-header-id-meta":"","stick-header-meta":"","header-above-stick-meta":"","header-main-stick-meta":"","header-below-stick-meta":"","astra-migrate-meta-layouts":"set","ast-page-background-enabled":"default","ast-page-background-meta":{"desktop":{"background-color":"","background-image":"","background-repeat":"repeat","background-position":"center center","background-size":"auto","background-attachment":"scroll","background-type":"","background-media":"","overlay-type":"","overlay-color":"","overlay-opacity":"","overlay-gradient":""},"tablet":{"background-color":"","background-image":"","background-repeat":"repeat","background-position":"center center","background-size":"auto","background-attachment":"scroll","background-type":"","background-media":"","overlay-type":"","overlay-color":"","overlay-opacity":"","overlay-gradient":""},"mobile":{"background-color":"","background-image":"","background-repeat":"repeat","background-position":"center center","background-size":"auto","background-attachment":"scroll","background-type":"","background-media":"","overlay-type":"","overlay-color":"","overlay-opacity":"","overlay-gradient":""}},"ast-content-background-meta":{"desktop":{"background-color":"var(--ast-global-color-5)","background-image":"","background-repeat":"repeat","background-position":"center center","background-size":"auto","background-attachment":"scroll","background-type":"","background-media":"","overlay-type":"","overlay-color":"","overlay-opacity":"","overlay-gradient":""},"tablet":{"background-color":"var(--ast-global-color-5)","background-image":"","background-repeat":"repeat","background-position":"center center","background-size":"auto","background-attachment":"scroll","background-type":"","background-media":"","overlay-type":"","overlay-color":"","overlay-opacity":"","overlay-gradient":""},"mobile":{"background-color":"var(--ast-global-color-5)","background-image":"","background-repeat":"repeat","background-position":"center center","background-size":"auto","background-attachment":"scroll","background-type":"","background-media":"","overlay-type":"","overlay-color":"","overlay-opacity":"","overlay-gradient":""}},"_links_to":"","_links_to_target":""},"product_brand":[],"product_cat":[],"product_tag":[],"class_list":{"0":"post-16795","1":"product","2":"type-product","3":"status-publish","4":"has-post-thumbnail","6":"pa_dodatkowe-komponenty-wi-fi","7":"pa_dysk-ssd-256gb","8":"pa_model-procesora-135h","9":"pa_pamiec-ram-16gb","10":"pa_procesor-intel-core-ultra-5","11":"pa_w-zestawie-urzadzenie","12":"pa_wielkosc-matrycy-295","13":"desktop-align-left","14":"tablet-align-left","15":"mobile-align-left","17":"first","18":"outofstock","19":"taxable","20":"shipping-taxable","21":"purchasable","22":"product-type-simple"},"yoast_head":"<!-- This site is optimized with the Yoast SEO plugin v26.7 - https:\/\/yoast.com\/wordpress\/plugins\/seo\/ -->\n<title>Microsoft Surface Laptop 6 ZJQ-00034\/135H\/16GB\/256GB\/13,5&quot;\/Wi-Fi\/Platinium - Sklep rozwi\u0105za\u0144 Microsoft Surface<\/title>\n<meta name=\"description\" content=\"Surface Laptop 6 ZJQ-00034 \u2013 nowoczesny laptop z ekranem dotykowym, \u0142\u0105czno\u015bci\u0105 5G i moc\u0105 AI. Wybierz mobilno\u015b\u0107 i styl. Kup ju\u017c dzi\u015b z szybk\u0105 dostaw\u0105!\" \/>\n<meta name=\"robots\" content=\"index, follow, max-snippet:-1, max-image-preview:large, max-video-preview:-1\" \/>\n<link rel=\"canonical\" href=\"https:\/\/polsoft.pl\/microsoft-surface\/produkt\/microsoft-surface-laptop-6-zjq-00034-5135h-16gb-256gb-135-wi-fi-platinium\/\" \/>\n<meta property=\"og:locale\" content=\"pl_PL\" \/>\n<meta property=\"og:type\" content=\"article\" \/>\n<meta property=\"og:title\" content=\"Microsoft Surface Laptop 6 ZJQ-00034\/135H\/16GB\/256GB\/13,5&quot;\/Wi-Fi\/Platinium - Sklep rozwi\u0105za\u0144 Microsoft Surface\" \/>\n<meta property=\"og:description\" content=\"Surface Laptop 6 ZJQ-00034 \u2013 nowoczesny laptop z ekranem dotykowym, \u0142\u0105czno\u015bci\u0105 5G i moc\u0105 AI. Wybierz mobilno\u015b\u0107 i styl. Kup ju\u017c dzi\u015b z szybk\u0105 dostaw\u0105!\" \/>\n<meta property=\"og:url\" content=\"https:\/\/polsoft.pl\/microsoft-surface\/produkt\/microsoft-surface-laptop-6-zjq-00034-5135h-16gb-256gb-135-wi-fi-platinium\/\" \/>\n<meta property=\"og:site_name\" content=\"Sklep rozwi\u0105za\u0144 Microsoft Surface\" \/>\n<meta property=\"article:modified_time\" content=\"2026-01-23T11:58:19+00:00\" \/>\n<meta property=\"og:image\" content=\"https:\/\/polsoft.pl\/microsoft-surface\/wp-content\/uploads\/Laptopy\/Microsoft-Surface-Laptop-6-ZJQ-00034-2.jpg\" \/>\n\t<meta property=\"og:image:width\" content=\"2062\" \/>\n\t<meta property=\"og:image:height\" content=\"2062\" \/>\n\t<meta property=\"og:image:type\" content=\"image\/jpeg\" \/>\n<meta name=\"twitter:card\" content=\"summary_large_image\" \/>\n<meta name=\"twitter:label1\" content=\"Szacowany czas czytania\" \/>\n\t<meta name=\"twitter:data1\" content=\"4 minuty\" \/>\n<script type=\"application\/ld+json\" class=\"yoast-schema-graph\">{\"@context\":\"https:\/\/schema.org\",\"@graph\":[{\"@type\":\"WebPage\",\"@id\":\"https:\/\/polsoft.pl\/microsoft-surface\/produkt\/microsoft-surface-laptop-6-zjq-00034-5135h-16gb-256gb-135-wi-fi-platinium\/\",\"url\":\"https:\/\/polsoft.pl\/microsoft-surface\/produkt\/microsoft-surface-laptop-6-zjq-00034-5135h-16gb-256gb-135-wi-fi-platinium\/\",\"name\":\"Microsoft Surface Laptop 6 ZJQ-00034\/135H\/16GB\/256GB\/13,5\\\"\/Wi-Fi\/Platinium - Sklep rozwi\u0105za\u0144 Microsoft Surface\",\"isPartOf\":{\"@id\":\"https:\/\/polsoft.pl\/microsoft-surface\/#website\"},\"primaryImageOfPage\":{\"@id\":\"https:\/\/polsoft.pl\/microsoft-surface\/produkt\/microsoft-surface-laptop-6-zjq-00034-5135h-16gb-256gb-135-wi-fi-platinium\/#primaryimage\"},\"image\":{\"@id\":\"https:\/\/polsoft.pl\/microsoft-surface\/produkt\/microsoft-surface-laptop-6-zjq-00034-5135h-16gb-256gb-135-wi-fi-platinium\/#primaryimage\"},\"thumbnailUrl\":\"https:\/\/www.polsoft.pl\/microsoft-surface\/wp-content\/uploads\/Laptopy\/Microsoft-Surface-Laptop-6-ZJQ-00034-2.jpg\",\"datePublished\":\"2024-04-04T12:28:22+00:00\",\"dateModified\":\"2026-01-23T11:58:19+00:00\",\"description\":\"Surface Laptop 6 ZJQ-00034 \u2013 nowoczesny laptop z ekranem dotykowym, \u0142\u0105czno\u015bci\u0105 5G i moc\u0105 AI. Wybierz mobilno\u015b\u0107 i styl. Kup ju\u017c dzi\u015b z szybk\u0105 dostaw\u0105!\",\"breadcrumb\":{\"@id\":\"https:\/\/polsoft.pl\/microsoft-surface\/produkt\/microsoft-surface-laptop-6-zjq-00034-5135h-16gb-256gb-135-wi-fi-platinium\/#breadcrumb\"},\"inLanguage\":\"pl-PL\",\"potentialAction\":[{\"@type\":\"ReadAction\",\"target\":[\"https:\/\/polsoft.pl\/microsoft-surface\/produkt\/microsoft-surface-laptop-6-zjq-00034-5135h-16gb-256gb-135-wi-fi-platinium\/\"]}]},{\"@type\":\"ImageObject\",\"inLanguage\":\"pl-PL\",\"@id\":\"https:\/\/polsoft.pl\/microsoft-surface\/produkt\/microsoft-surface-laptop-6-zjq-00034-5135h-16gb-256gb-135-wi-fi-platinium\/#primaryimage\",\"url\":\"https:\/\/www.polsoft.pl\/microsoft-surface\/wp-content\/uploads\/Laptopy\/Microsoft-Surface-Laptop-6-ZJQ-00034-2.jpg\",\"contentUrl\":\"https:\/\/www.polsoft.pl\/microsoft-surface\/wp-content\/uploads\/Laptopy\/Microsoft-Surface-Laptop-6-ZJQ-00034-2.jpg\",\"width\":2062,\"height\":2062},{\"@type\":\"BreadcrumbList\",\"@id\":\"https:\/\/polsoft.pl\/microsoft-surface\/produkt\/microsoft-surface-laptop-6-zjq-00034-5135h-16gb-256gb-135-wi-fi-platinium\/#breadcrumb\",\"itemListElement\":[{\"@type\":\"ListItem\",\"position\":1,\"name\":\"Strona g\u0142\u00f3wna\",\"item\":\"https:\/\/polsoft.pl\/microsoft-surface\/\"},{\"@type\":\"ListItem\",\"position\":2,\"name\":\"Sklep\",\"item\":\"https:\/\/polsoft.pl\/microsoft-surface\/sklep\/\"},{\"@type\":\"ListItem\",\"position\":3,\"name\":\"Microsoft Surface Laptop 6 ZJQ-00034\/135H\/16GB\/256GB\/13,5&#8243;\/Wi-Fi\/Platinium\"}]},{\"@type\":\"WebSite\",\"@id\":\"https:\/\/polsoft.pl\/microsoft-surface\/#website\",\"url\":\"https:\/\/polsoft.pl\/microsoft-surface\/\",\"name\":\"Sklep Microsoft Surface\",\"description\":\"Sklep Microsoft Surface\",\"publisher\":{\"@id\":\"https:\/\/polsoft.pl\/microsoft-surface\/#organization\"},\"potentialAction\":[{\"@type\":\"SearchAction\",\"target\":{\"@type\":\"EntryPoint\",\"urlTemplate\":\"https:\/\/polsoft.pl\/microsoft-surface\/?s={search_term_string}\"},\"query-input\":{\"@type\":\"PropertyValueSpecification\",\"valueRequired\":true,\"valueName\":\"search_term_string\"}}],\"inLanguage\":\"pl-PL\"},{\"@type\":\"Organization\",\"@id\":\"https:\/\/polsoft.pl\/microsoft-surface\/#organization\",\"name\":\"Polsoft Engineering Sp. z o.o.\",\"url\":\"https:\/\/polsoft.pl\/microsoft-surface\/\",\"logo\":{\"@type\":\"ImageObject\",\"inLanguage\":\"pl-PL\",\"@id\":\"https:\/\/polsoft.pl\/microsoft-surface\/#\/schema\/logo\/image\/\",\"url\":\"https:\/\/www.polsoft.pl\/microsoft-surface\/wp-content\/uploads\/2020\/10\/microsoft_partner_logo_black_polsoft.png\",\"contentUrl\":\"https:\/\/www.polsoft.pl\/microsoft-surface\/wp-content\/uploads\/2020\/10\/microsoft_partner_logo_black_polsoft.png\",\"width\":613,\"height\":158,\"caption\":\"Polsoft Engineering Sp. z o.o.\"},\"image\":{\"@id\":\"https:\/\/polsoft.pl\/microsoft-surface\/#\/schema\/logo\/image\/\"}}]}<\/script>\n<!-- \/ Yoast SEO plugin. -->","yoast_head_json":{"title":"Microsoft Surface Laptop 6 ZJQ-00034\/135H\/16GB\/256GB\/13,5\"\/Wi-Fi\/Platinium - Sklep rozwi\u0105za\u0144 Microsoft Surface","description":"Surface Laptop 6 ZJQ-00034 \u2013 nowoczesny laptop z ekranem dotykowym, \u0142\u0105czno\u015bci\u0105 5G i moc\u0105 AI. Wybierz mobilno\u015b\u0107 i styl. Kup ju\u017c dzi\u015b z szybk\u0105 dostaw\u0105!","robots":{"index":"index","follow":"follow","max-snippet":"max-snippet:-1","max-image-preview":"max-image-preview:large","max-video-preview":"max-video-preview:-1"},"canonical":"https:\/\/polsoft.pl\/microsoft-surface\/produkt\/microsoft-surface-laptop-6-zjq-00034-5135h-16gb-256gb-135-wi-fi-platinium\/","og_locale":"pl_PL","og_type":"article","og_title":"Microsoft Surface Laptop 6 ZJQ-00034\/135H\/16GB\/256GB\/13,5\"\/Wi-Fi\/Platinium - Sklep rozwi\u0105za\u0144 Microsoft Surface","og_description":"Surface Laptop 6 ZJQ-00034 \u2013 nowoczesny laptop z ekranem dotykowym, \u0142\u0105czno\u015bci\u0105 5G i moc\u0105 AI. Wybierz mobilno\u015b\u0107 i styl. Kup ju\u017c dzi\u015b z szybk\u0105 dostaw\u0105!","og_url":"https:\/\/polsoft.pl\/microsoft-surface\/produkt\/microsoft-surface-laptop-6-zjq-00034-5135h-16gb-256gb-135-wi-fi-platinium\/","og_site_name":"Sklep rozwi\u0105za\u0144 Microsoft Surface","article_modified_time":"2026-01-23T11:58:19+00:00","og_image":[{"width":2062,"height":2062,"url":"https:\/\/polsoft.pl\/microsoft-surface\/wp-content\/uploads\/Laptopy\/Microsoft-Surface-Laptop-6-ZJQ-00034-2.jpg","type":"image\/jpeg"}],"twitter_card":"summary_large_image","twitter_misc":{"Szacowany czas czytania":"4 minuty"},"schema":{"@context":"https:\/\/schema.org","@graph":[{"@type":"WebPage","@id":"https:\/\/polsoft.pl\/microsoft-surface\/produkt\/microsoft-surface-laptop-6-zjq-00034-5135h-16gb-256gb-135-wi-fi-platinium\/","url":"https:\/\/polsoft.pl\/microsoft-surface\/produkt\/microsoft-surface-laptop-6-zjq-00034-5135h-16gb-256gb-135-wi-fi-platinium\/","name":"Microsoft Surface Laptop 6 ZJQ-00034\/135H\/16GB\/256GB\/13,5\"\/Wi-Fi\/Platinium - Sklep rozwi\u0105za\u0144 Microsoft Surface","isPartOf":{"@id":"https:\/\/polsoft.pl\/microsoft-surface\/#website"},"primaryImageOfPage":{"@id":"https:\/\/polsoft.pl\/microsoft-surface\/produkt\/microsoft-surface-laptop-6-zjq-00034-5135h-16gb-256gb-135-wi-fi-platinium\/#primaryimage"},"image":{"@id":"https:\/\/polsoft.pl\/microsoft-surface\/produkt\/microsoft-surface-laptop-6-zjq-00034-5135h-16gb-256gb-135-wi-fi-platinium\/#primaryimage"},"thumbnailUrl":"https:\/\/www.polsoft.pl\/microsoft-surface\/wp-content\/uploads\/Laptopy\/Microsoft-Surface-Laptop-6-ZJQ-00034-2.jpg","datePublished":"2024-04-04T12:28:22+00:00","dateModified":"2026-01-23T11:58:19+00:00","description":"Surface Laptop 6 ZJQ-00034 \u2013 nowoczesny laptop z ekranem dotykowym, \u0142\u0105czno\u015bci\u0105 5G i moc\u0105 AI. Wybierz mobilno\u015b\u0107 i styl. Kup ju\u017c dzi\u015b z szybk\u0105 dostaw\u0105!","breadcrumb":{"@id":"https:\/\/polsoft.pl\/microsoft-surface\/produkt\/microsoft-surface-laptop-6-zjq-00034-5135h-16gb-256gb-135-wi-fi-platinium\/#breadcrumb"},"inLanguage":"pl-PL","potentialAction":[{"@type":"ReadAction","target":["https:\/\/polsoft.pl\/microsoft-surface\/produkt\/microsoft-surface-laptop-6-zjq-00034-5135h-16gb-256gb-135-wi-fi-platinium\/"]}]},{"@type":"ImageObject","inLanguage":"pl-PL","@id":"https:\/\/polsoft.pl\/microsoft-surface\/produkt\/microsoft-surface-laptop-6-zjq-00034-5135h-16gb-256gb-135-wi-fi-platinium\/#primaryimage","url":"https:\/\/www.polsoft.pl\/microsoft-surface\/wp-content\/uploads\/Laptopy\/Microsoft-Surface-Laptop-6-ZJQ-00034-2.jpg","contentUrl":"https:\/\/www.polsoft.pl\/microsoft-surface\/wp-content\/uploads\/Laptopy\/Microsoft-Surface-Laptop-6-ZJQ-00034-2.jpg","width":2062,"height":2062},{"@type":"BreadcrumbList","@id":"https:\/\/polsoft.pl\/microsoft-surface\/produkt\/microsoft-surface-laptop-6-zjq-00034-5135h-16gb-256gb-135-wi-fi-platinium\/#breadcrumb","itemListElement":[{"@type":"ListItem","position":1,"name":"Strona g\u0142\u00f3wna","item":"https:\/\/polsoft.pl\/microsoft-surface\/"},{"@type":"ListItem","position":2,"name":"Sklep","item":"https:\/\/polsoft.pl\/microsoft-surface\/sklep\/"},{"@type":"ListItem","position":3,"name":"Microsoft Surface Laptop 6 ZJQ-00034\/135H\/16GB\/256GB\/13,5&#8243;\/Wi-Fi\/Platinium"}]},{"@type":"WebSite","@id":"https:\/\/polsoft.pl\/microsoft-surface\/#website","url":"https:\/\/polsoft.pl\/microsoft-surface\/","name":"Sklep Microsoft Surface","description":"Sklep Microsoft Surface","publisher":{"@id":"https:\/\/polsoft.pl\/microsoft-surface\/#organization"},"potentialAction":[{"@type":"SearchAction","target":{"@type":"EntryPoint","urlTemplate":"https:\/\/polsoft.pl\/microsoft-surface\/?s={search_term_string}"},"query-input":{"@type":"PropertyValueSpecification","valueRequired":true,"valueName":"search_term_string"}}],"inLanguage":"pl-PL"},{"@type":"Organization","@id":"https:\/\/polsoft.pl\/microsoft-surface\/#organization","name":"Polsoft Engineering Sp. z o.o.","url":"https:\/\/polsoft.pl\/microsoft-surface\/","logo":{"@type":"ImageObject","inLanguage":"pl-PL","@id":"https:\/\/polsoft.pl\/microsoft-surface\/#\/schema\/logo\/image\/","url":"https:\/\/www.polsoft.pl\/microsoft-surface\/wp-content\/uploads\/2020\/10\/microsoft_partner_logo_black_polsoft.png","contentUrl":"https:\/\/www.polsoft.pl\/microsoft-surface\/wp-content\/uploads\/2020\/10\/microsoft_partner_logo_black_polsoft.png","width":613,"height":158,"caption":"Polsoft Engineering Sp. z o.o."},"image":{"@id":"https:\/\/polsoft.pl\/microsoft-surface\/#\/schema\/logo\/image\/"}}]}},"_links":{"self":[{"href":"https:\/\/www.polsoft.pl\/microsoft-surface\/wp-json\/wp\/v2\/product\/16795","targetHints":{"allow":["GET"]}}],"collection":[{"href":"https:\/\/www.polsoft.pl\/microsoft-surface\/wp-json\/wp\/v2\/product"}],"about":[{"href":"https:\/\/www.polsoft.pl\/microsoft-surface\/wp-json\/wp\/v2\/types\/product"}],"version-history":[{"count":6,"href":"https:\/\/www.polsoft.pl\/microsoft-surface\/wp-json\/wp\/v2\/product\/16795\/revisions"}],"predecessor-version":[{"id":19446,"href":"https:\/\/www.polsoft.pl\/microsoft-surface\/wp-json\/wp\/v2\/product\/16795\/revisions\/19446"}],"wp:featuredmedia":[{"embeddable":true,"href":"https:\/\/www.polsoft.pl\/microsoft-surface\/wp-json\/wp\/v2\/media\/19435"}],"wp:attachment":[{"href":"https:\/\/www.polsoft.pl\/microsoft-surface\/wp-json\/wp\/v2\/media?parent=16795"}],"wp:term":[{"taxonomy":"product_brand","embeddable":true,"href":"https:\/\/www.polsoft.pl\/microsoft-surface\/wp-json\/wp\/v2\/product_brand?post=16795"},{"taxonomy":"product_cat","embeddable":true,"href":"https:\/\/www.polsoft.pl\/microsoft-surface\/wp-json\/wp\/v2\/product_cat?post=16795"},{"taxonomy":"product_tag","embeddable":true,"href":"https:\/\/www.polsoft.pl\/microsoft-surface\/wp-json\/wp\/v2\/product_tag?post=16795"}],"curies":[{"name":"wp","href":"https:\/\/api.w.org\/{rel}","templated":true}]}}