{"id":16815,"date":"2024-04-04T14:28:22","date_gmt":"2024-04-04T12:28:22","guid":{"rendered":"https:\/\/polsoft.pl\/microsoft-surface\/produkt\/surface-laptop-6-zjw-00034-7165h-16gb-256gb-135-wi-fi-platinium\/"},"modified":"2026-01-23T12:58:29","modified_gmt":"2026-01-23T11:58:29","slug":"microsoft-surface-laptop-6-zjw-00034-7165h-16gb-256gb-135-wi-fi-platinium","status":"publish","type":"product","link":"https:\/\/www.polsoft.pl\/microsoft-surface\/produkt\/microsoft-surface-laptop-6-zjw-00034-7165h-16gb-256gb-135-wi-fi-platinium\/","title":{"rendered":"Microsoft Surface Laptop 6 ZJW-00034\/165H\/16GB\/256GB\/13,5&#8243;\/Wi-Fi\/Platinium"},"content":{"rendered":"<p>Microsoft Surface Laptop 6 to nie tylko elegancki ultraprzeno\u015bny notebook, ale tak\u017ce pot\u0119\u017cne narz\u0119dzie do pracy, kt\u00f3re podnosi standardy wydajno\u015bci i mobilno\u015bci. Dzi\u0119ki najnowszemu procesorowi Intel\u00ae Core\u2122 Ultra serii H oraz zintegrowanemu uk\u0142adowi graficznemu Intel\u00ae Arc\u2122 Graphics, Surface Laptop 6 oferuje jeszcze wy\u017csz\u0105 wydajno\u015b\u0107 obliczeniow\u0105 i graficzn\u0105.<\/p>\n<p>Surface Laptop 6 z \u0142atwo\u015bci\u0105 skomponujesz wed\u0142ug w\u0142asnych potrzeb, korzystaj\u0105c z szerokiego zakresu wyboru pami\u0119ci RAM od 8 GB do a\u017c 64 GB oraz przestrzeni dyskowej w postaci wymiennego dysku SSD o pojemno\u015bciach od 256 GB do 1 TB.<\/p>\n<p>13,5-calowy ekran dotykowy PixelSense\u2122 zachwyca nie tylko doskona\u0142\u0105 jako\u015bci\u0105 obrazu o rozdzielczo\u015bci 2256 x 1504 (201 PPI), ale tak\u017ce inteligentnymi funkcjami, takimi jak Dolby Vision IQ\u2122 i adaptacyjny kolor, kt\u00f3re sprawiaj\u0105, \u017ce ogl\u0105danie tre\u015bci staje si\u0119 prawdziw\u0105 przyjemno\u015bci\u0105. Dodatkowo, dzi\u0119ki szklanej pow\u0142oce Corning\u00ae Gorilla\u00ae Glass 5, ekran jest wyj\u0105tkowo odporny na zarysowania i uszkodzenia.<\/p>\n<p>Surface Laptop 6 oferuje tak\u017ce szeroki zakres opcji \u0142\u0105czno\u015bci, w tym Wi-Fi 6E, Bluetooth\u00ae 5.3 oraz porty USB-C\u00ae z obs\u0142ug\u0105 USB 4\/Thunderbolt\u2122 4. Szeroki wachlarz metod \u0142\u0105czno\u015bci sprawia, \u017ce dostosujesz si\u0119 do ka\u017cdej infrastruktury i zawsze pozostaniesz w kontakcie.<\/p>\n<p>Je\u015bli chodzi o bezpiecze\u0144stwo, Microsoft nie zostawia pola na \u017cadne kompromisy. Uk\u0142ad TPM 2.0, funkcja rozpoznawania twarzy Windows Hello oraz zaawansowane funkcje systemu Windows 11 zapewniaj\u0105 najwy\u017cszy poziom ochrony danych i prywatno\u015bci u\u017cytkownika.<\/p>\n<p>Wreszcie, dzi\u0119ki funkcji Copilot, korzystanie z laptopa Surface Laptop 6 staje si\u0119 jeszcze bardziej intuicyjne i wygodne. Sztuczna inteligencja wspomaga Ci\u0119 w codziennych zadaniach, pozwalaj\u0105c skupi\u0107 si\u0119 na tym, co naprawd\u0119 wa\u017cne, utrzymuj\u0105c wysok\u0105 efektywno\u015b\u0107 w pracy.<\/p>\n<p>Podsumowuj\u0105c, Microsoft Surface Laptop 6 to nie tylko elegancja i styl, ale tak\u017ce pot\u0119\u017cna platforma do pracy stacjonarnej jak i zdalnej, kt\u00f3ra sprosta nawet najbardziej wymagaj\u0105cym zadaniom. Dzi\u0119ki doskona\u0142ej wydajno\u015bci, zaawansowanym funkcjom i solidnej konstrukcji, jest to laptop, na kt\u00f3rym zawsze mo\u017cesz polega\u0107, niezale\u017cnie od tego, gdzie jeste\u015b i co robisz.<\/p>\n","protected":false},"excerpt":{"rendered":"<p>Microsoft Surface Laptop 6 to nie tylko elegancki ultraprzeno\u015bny notebook, ale tak\u017ce pot\u0119\u017cne narz\u0119dzie do pracy, kt\u00f3re podnosi standardy wydajno\u015bci i mobilno\u015bci. Dzi\u0119ki najnowszemu procesorowi Intel\u00ae Core\u2122 Ultra serii H oraz zintegrowanemu uk\u0142adowi graficznemu Intel\u00ae Arc\u2122 Graphics, Surface Laptop 6 oferuje jeszcze wy\u017csz\u0105 wydajno\u015b\u0107 obliczeniow\u0105 i graficzn\u0105. Surface Laptop 6 z \u0142atwo\u015bci\u0105 skomponujesz wed\u0142ug w\u0142asnych [&hellip;]<\/p>\n","protected":false},"featured_media":19571,"template":"","meta":{"site-sidebar-layout":"default","site-content-layout":"","ast-site-content-layout":"default","site-content-style":"default","site-sidebar-style":"default","ast-global-header-display":"","ast-banner-title-visibility":"","ast-main-header-display":"","ast-hfb-above-header-display":"","ast-hfb-below-header-display":"","ast-hfb-mobile-header-display":"","site-post-title":"","ast-breadcrumbs-content":"","ast-featured-img":"","footer-sml-layout":"","ast-disable-related-posts":"","theme-transparent-header-meta":"default","adv-header-id-meta":"","stick-header-meta":"","header-above-stick-meta":"","header-main-stick-meta":"","header-below-stick-meta":"","astra-migrate-meta-layouts":"set","ast-page-background-enabled":"default","ast-page-background-meta":{"desktop":{"background-color":"","background-image":"","background-repeat":"repeat","background-position":"center center","background-size":"auto","background-attachment":"scroll","background-type":"","background-media":"","overlay-type":"","overlay-color":"","overlay-opacity":"","overlay-gradient":""},"tablet":{"background-color":"","background-image":"","background-repeat":"repeat","background-position":"center center","background-size":"auto","background-attachment":"scroll","background-type":"","background-media":"","overlay-type":"","overlay-color":"","overlay-opacity":"","overlay-gradient":""},"mobile":{"background-color":"","background-image":"","background-repeat":"repeat","background-position":"center center","background-size":"auto","background-attachment":"scroll","background-type":"","background-media":"","overlay-type":"","overlay-color":"","overlay-opacity":"","overlay-gradient":""}},"ast-content-background-meta":{"desktop":{"background-color":"var(--ast-global-color-5)","background-image":"","background-repeat":"repeat","background-position":"center center","background-size":"auto","background-attachment":"scroll","background-type":"","background-media":"","overlay-type":"","overlay-color":"","overlay-opacity":"","overlay-gradient":""},"tablet":{"background-color":"var(--ast-global-color-5)","background-image":"","background-repeat":"repeat","background-position":"center center","background-size":"auto","background-attachment":"scroll","background-type":"","background-media":"","overlay-type":"","overlay-color":"","overlay-opacity":"","overlay-gradient":""},"mobile":{"background-color":"var(--ast-global-color-5)","background-image":"","background-repeat":"repeat","background-position":"center center","background-size":"auto","background-attachment":"scroll","background-type":"","background-media":"","overlay-type":"","overlay-color":"","overlay-opacity":"","overlay-gradient":""}},"_links_to":"","_links_to_target":""},"product_brand":[],"product_cat":[],"product_tag":[],"class_list":{"0":"post-16815","1":"product","2":"type-product","3":"status-publish","4":"has-post-thumbnail","6":"pa_dodatkowe-komponenty-wi-fi","7":"pa_dysk-ssd-256gb","8":"pa_model-procesora-165h","9":"pa_pamiec-ram-16gb","10":"pa_procesor-intel-core-ultra-7","11":"pa_w-zestawie-urzadzenie","12":"pa_wielkosc-matrycy-295","13":"desktop-align-left","14":"tablet-align-left","15":"mobile-align-left","17":"first","18":"outofstock","19":"taxable","20":"shipping-taxable","21":"purchasable","22":"product-type-simple"},"yoast_head":"<!-- This site is optimized with the Yoast SEO plugin v26.7 - https:\/\/yoast.com\/wordpress\/plugins\/seo\/ -->\n<title>Microsoft Surface Laptop 6 ZJW-00034\/165H\/16GB\/256GB\/13,5&quot;\/Wi-Fi\/Platinium - Sklep rozwi\u0105za\u0144 Microsoft Surface<\/title>\n<meta name=\"description\" content=\"Surface Laptop 6 \u2013 nowoczesny laptop z ekranem dotykowym, \u0142\u0105czno\u015bci\u0105 5G i moc\u0105 AI. Wybierz mobilno\u015b\u0107 i styl. Kup ju\u017c dzi\u015b z szybk\u0105 dostaw\u0105!\" \/>\n<meta name=\"robots\" content=\"index, follow, max-snippet:-1, max-image-preview:large, max-video-preview:-1\" \/>\n<link rel=\"canonical\" href=\"https:\/\/polsoft.pl\/microsoft-surface\/produkt\/microsoft-surface-laptop-6-zjw-00034-7165h-16gb-256gb-135-wi-fi-platinium\/\" \/>\n<meta property=\"og:locale\" content=\"pl_PL\" \/>\n<meta property=\"og:type\" content=\"article\" \/>\n<meta property=\"og:title\" content=\"Microsoft Surface Laptop 6 ZJW-00034\/165H\/16GB\/256GB\/13,5&quot;\/Wi-Fi\/Platinium - Sklep rozwi\u0105za\u0144 Microsoft Surface\" \/>\n<meta property=\"og:description\" content=\"Surface Laptop 6 \u2013 nowoczesny laptop z ekranem dotykowym, \u0142\u0105czno\u015bci\u0105 5G i moc\u0105 AI. Wybierz mobilno\u015b\u0107 i styl. Kup ju\u017c dzi\u015b z szybk\u0105 dostaw\u0105!\" \/>\n<meta property=\"og:url\" content=\"https:\/\/polsoft.pl\/microsoft-surface\/produkt\/microsoft-surface-laptop-6-zjw-00034-7165h-16gb-256gb-135-wi-fi-platinium\/\" \/>\n<meta property=\"og:site_name\" content=\"Sklep rozwi\u0105za\u0144 Microsoft Surface\" \/>\n<meta property=\"article:modified_time\" content=\"2026-01-23T11:58:29+00:00\" \/>\n<meta property=\"og:image\" content=\"https:\/\/polsoft.pl\/microsoft-surface\/wp-content\/uploads\/Laptopy\/Microsoft-Surface-Laptop-6-ZJW-00034-1.jpg\" \/>\n\t<meta property=\"og:image:width\" content=\"2062\" \/>\n\t<meta property=\"og:image:height\" content=\"2062\" \/>\n\t<meta property=\"og:image:type\" content=\"image\/jpeg\" \/>\n<meta name=\"twitter:card\" content=\"summary_large_image\" \/>\n<meta name=\"twitter:label1\" content=\"Szacowany czas czytania\" \/>\n\t<meta name=\"twitter:data1\" content=\"3 minuty\" \/>\n<script type=\"application\/ld+json\" class=\"yoast-schema-graph\">{\"@context\":\"https:\/\/schema.org\",\"@graph\":[{\"@type\":\"WebPage\",\"@id\":\"https:\/\/polsoft.pl\/microsoft-surface\/produkt\/microsoft-surface-laptop-6-zjw-00034-7165h-16gb-256gb-135-wi-fi-platinium\/\",\"url\":\"https:\/\/polsoft.pl\/microsoft-surface\/produkt\/microsoft-surface-laptop-6-zjw-00034-7165h-16gb-256gb-135-wi-fi-platinium\/\",\"name\":\"Microsoft Surface Laptop 6 ZJW-00034\/165H\/16GB\/256GB\/13,5\\\"\/Wi-Fi\/Platinium - Sklep rozwi\u0105za\u0144 Microsoft Surface\",\"isPartOf\":{\"@id\":\"https:\/\/polsoft.pl\/microsoft-surface\/#website\"},\"primaryImageOfPage\":{\"@id\":\"https:\/\/polsoft.pl\/microsoft-surface\/produkt\/microsoft-surface-laptop-6-zjw-00034-7165h-16gb-256gb-135-wi-fi-platinium\/#primaryimage\"},\"image\":{\"@id\":\"https:\/\/polsoft.pl\/microsoft-surface\/produkt\/microsoft-surface-laptop-6-zjw-00034-7165h-16gb-256gb-135-wi-fi-platinium\/#primaryimage\"},\"thumbnailUrl\":\"https:\/\/www.polsoft.pl\/microsoft-surface\/wp-content\/uploads\/Laptopy\/Microsoft-Surface-Laptop-6-ZJW-00034-1.jpg\",\"datePublished\":\"2024-04-04T12:28:22+00:00\",\"dateModified\":\"2026-01-23T11:58:29+00:00\",\"description\":\"Surface Laptop 6 \u2013 nowoczesny laptop z ekranem dotykowym, \u0142\u0105czno\u015bci\u0105 5G i moc\u0105 AI. Wybierz mobilno\u015b\u0107 i styl. Kup ju\u017c dzi\u015b z szybk\u0105 dostaw\u0105!\",\"breadcrumb\":{\"@id\":\"https:\/\/polsoft.pl\/microsoft-surface\/produkt\/microsoft-surface-laptop-6-zjw-00034-7165h-16gb-256gb-135-wi-fi-platinium\/#breadcrumb\"},\"inLanguage\":\"pl-PL\",\"potentialAction\":[{\"@type\":\"ReadAction\",\"target\":[\"https:\/\/polsoft.pl\/microsoft-surface\/produkt\/microsoft-surface-laptop-6-zjw-00034-7165h-16gb-256gb-135-wi-fi-platinium\/\"]}]},{\"@type\":\"ImageObject\",\"inLanguage\":\"pl-PL\",\"@id\":\"https:\/\/polsoft.pl\/microsoft-surface\/produkt\/microsoft-surface-laptop-6-zjw-00034-7165h-16gb-256gb-135-wi-fi-platinium\/#primaryimage\",\"url\":\"https:\/\/www.polsoft.pl\/microsoft-surface\/wp-content\/uploads\/Laptopy\/Microsoft-Surface-Laptop-6-ZJW-00034-1.jpg\",\"contentUrl\":\"https:\/\/www.polsoft.pl\/microsoft-surface\/wp-content\/uploads\/Laptopy\/Microsoft-Surface-Laptop-6-ZJW-00034-1.jpg\",\"width\":2062,\"height\":2062},{\"@type\":\"BreadcrumbList\",\"@id\":\"https:\/\/polsoft.pl\/microsoft-surface\/produkt\/microsoft-surface-laptop-6-zjw-00034-7165h-16gb-256gb-135-wi-fi-platinium\/#breadcrumb\",\"itemListElement\":[{\"@type\":\"ListItem\",\"position\":1,\"name\":\"Strona g\u0142\u00f3wna\",\"item\":\"https:\/\/polsoft.pl\/microsoft-surface\/\"},{\"@type\":\"ListItem\",\"position\":2,\"name\":\"Sklep\",\"item\":\"https:\/\/polsoft.pl\/microsoft-surface\/sklep\/\"},{\"@type\":\"ListItem\",\"position\":3,\"name\":\"Microsoft Surface Laptop 6 ZJW-00034\/165H\/16GB\/256GB\/13,5&#8243;\/Wi-Fi\/Platinium\"}]},{\"@type\":\"WebSite\",\"@id\":\"https:\/\/polsoft.pl\/microsoft-surface\/#website\",\"url\":\"https:\/\/polsoft.pl\/microsoft-surface\/\",\"name\":\"Sklep Microsoft Surface\",\"description\":\"Sklep Microsoft Surface\",\"publisher\":{\"@id\":\"https:\/\/polsoft.pl\/microsoft-surface\/#organization\"},\"potentialAction\":[{\"@type\":\"SearchAction\",\"target\":{\"@type\":\"EntryPoint\",\"urlTemplate\":\"https:\/\/polsoft.pl\/microsoft-surface\/?s={search_term_string}\"},\"query-input\":{\"@type\":\"PropertyValueSpecification\",\"valueRequired\":true,\"valueName\":\"search_term_string\"}}],\"inLanguage\":\"pl-PL\"},{\"@type\":\"Organization\",\"@id\":\"https:\/\/polsoft.pl\/microsoft-surface\/#organization\",\"name\":\"Polsoft Engineering Sp. z o.o.\",\"url\":\"https:\/\/polsoft.pl\/microsoft-surface\/\",\"logo\":{\"@type\":\"ImageObject\",\"inLanguage\":\"pl-PL\",\"@id\":\"https:\/\/polsoft.pl\/microsoft-surface\/#\/schema\/logo\/image\/\",\"url\":\"https:\/\/www.polsoft.pl\/microsoft-surface\/wp-content\/uploads\/2020\/10\/microsoft_partner_logo_black_polsoft.png\",\"contentUrl\":\"https:\/\/www.polsoft.pl\/microsoft-surface\/wp-content\/uploads\/2020\/10\/microsoft_partner_logo_black_polsoft.png\",\"width\":613,\"height\":158,\"caption\":\"Polsoft Engineering Sp. z o.o.\"},\"image\":{\"@id\":\"https:\/\/polsoft.pl\/microsoft-surface\/#\/schema\/logo\/image\/\"}}]}<\/script>\n<!-- \/ Yoast SEO plugin. -->","yoast_head_json":{"title":"Microsoft Surface Laptop 6 ZJW-00034\/165H\/16GB\/256GB\/13,5\"\/Wi-Fi\/Platinium - Sklep rozwi\u0105za\u0144 Microsoft Surface","description":"Surface Laptop 6 \u2013 nowoczesny laptop z ekranem dotykowym, \u0142\u0105czno\u015bci\u0105 5G i moc\u0105 AI. Wybierz mobilno\u015b\u0107 i styl. Kup ju\u017c dzi\u015b z szybk\u0105 dostaw\u0105!","robots":{"index":"index","follow":"follow","max-snippet":"max-snippet:-1","max-image-preview":"max-image-preview:large","max-video-preview":"max-video-preview:-1"},"canonical":"https:\/\/polsoft.pl\/microsoft-surface\/produkt\/microsoft-surface-laptop-6-zjw-00034-7165h-16gb-256gb-135-wi-fi-platinium\/","og_locale":"pl_PL","og_type":"article","og_title":"Microsoft Surface Laptop 6 ZJW-00034\/165H\/16GB\/256GB\/13,5\"\/Wi-Fi\/Platinium - Sklep rozwi\u0105za\u0144 Microsoft Surface","og_description":"Surface Laptop 6 \u2013 nowoczesny laptop z ekranem dotykowym, \u0142\u0105czno\u015bci\u0105 5G i moc\u0105 AI. Wybierz mobilno\u015b\u0107 i styl. Kup ju\u017c dzi\u015b z szybk\u0105 dostaw\u0105!","og_url":"https:\/\/polsoft.pl\/microsoft-surface\/produkt\/microsoft-surface-laptop-6-zjw-00034-7165h-16gb-256gb-135-wi-fi-platinium\/","og_site_name":"Sklep rozwi\u0105za\u0144 Microsoft Surface","article_modified_time":"2026-01-23T11:58:29+00:00","og_image":[{"width":2062,"height":2062,"url":"https:\/\/polsoft.pl\/microsoft-surface\/wp-content\/uploads\/Laptopy\/Microsoft-Surface-Laptop-6-ZJW-00034-1.jpg","type":"image\/jpeg"}],"twitter_card":"summary_large_image","twitter_misc":{"Szacowany czas czytania":"3 minuty"},"schema":{"@context":"https:\/\/schema.org","@graph":[{"@type":"WebPage","@id":"https:\/\/polsoft.pl\/microsoft-surface\/produkt\/microsoft-surface-laptop-6-zjw-00034-7165h-16gb-256gb-135-wi-fi-platinium\/","url":"https:\/\/polsoft.pl\/microsoft-surface\/produkt\/microsoft-surface-laptop-6-zjw-00034-7165h-16gb-256gb-135-wi-fi-platinium\/","name":"Microsoft Surface Laptop 6 ZJW-00034\/165H\/16GB\/256GB\/13,5\"\/Wi-Fi\/Platinium - Sklep rozwi\u0105za\u0144 Microsoft Surface","isPartOf":{"@id":"https:\/\/polsoft.pl\/microsoft-surface\/#website"},"primaryImageOfPage":{"@id":"https:\/\/polsoft.pl\/microsoft-surface\/produkt\/microsoft-surface-laptop-6-zjw-00034-7165h-16gb-256gb-135-wi-fi-platinium\/#primaryimage"},"image":{"@id":"https:\/\/polsoft.pl\/microsoft-surface\/produkt\/microsoft-surface-laptop-6-zjw-00034-7165h-16gb-256gb-135-wi-fi-platinium\/#primaryimage"},"thumbnailUrl":"https:\/\/www.polsoft.pl\/microsoft-surface\/wp-content\/uploads\/Laptopy\/Microsoft-Surface-Laptop-6-ZJW-00034-1.jpg","datePublished":"2024-04-04T12:28:22+00:00","dateModified":"2026-01-23T11:58:29+00:00","description":"Surface Laptop 6 \u2013 nowoczesny laptop z ekranem dotykowym, \u0142\u0105czno\u015bci\u0105 5G i moc\u0105 AI. Wybierz mobilno\u015b\u0107 i styl. Kup ju\u017c dzi\u015b z szybk\u0105 dostaw\u0105!","breadcrumb":{"@id":"https:\/\/polsoft.pl\/microsoft-surface\/produkt\/microsoft-surface-laptop-6-zjw-00034-7165h-16gb-256gb-135-wi-fi-platinium\/#breadcrumb"},"inLanguage":"pl-PL","potentialAction":[{"@type":"ReadAction","target":["https:\/\/polsoft.pl\/microsoft-surface\/produkt\/microsoft-surface-laptop-6-zjw-00034-7165h-16gb-256gb-135-wi-fi-platinium\/"]}]},{"@type":"ImageObject","inLanguage":"pl-PL","@id":"https:\/\/polsoft.pl\/microsoft-surface\/produkt\/microsoft-surface-laptop-6-zjw-00034-7165h-16gb-256gb-135-wi-fi-platinium\/#primaryimage","url":"https:\/\/www.polsoft.pl\/microsoft-surface\/wp-content\/uploads\/Laptopy\/Microsoft-Surface-Laptop-6-ZJW-00034-1.jpg","contentUrl":"https:\/\/www.polsoft.pl\/microsoft-surface\/wp-content\/uploads\/Laptopy\/Microsoft-Surface-Laptop-6-ZJW-00034-1.jpg","width":2062,"height":2062},{"@type":"BreadcrumbList","@id":"https:\/\/polsoft.pl\/microsoft-surface\/produkt\/microsoft-surface-laptop-6-zjw-00034-7165h-16gb-256gb-135-wi-fi-platinium\/#breadcrumb","itemListElement":[{"@type":"ListItem","position":1,"name":"Strona g\u0142\u00f3wna","item":"https:\/\/polsoft.pl\/microsoft-surface\/"},{"@type":"ListItem","position":2,"name":"Sklep","item":"https:\/\/polsoft.pl\/microsoft-surface\/sklep\/"},{"@type":"ListItem","position":3,"name":"Microsoft Surface Laptop 6 ZJW-00034\/165H\/16GB\/256GB\/13,5&#8243;\/Wi-Fi\/Platinium"}]},{"@type":"WebSite","@id":"https:\/\/polsoft.pl\/microsoft-surface\/#website","url":"https:\/\/polsoft.pl\/microsoft-surface\/","name":"Sklep Microsoft Surface","description":"Sklep Microsoft Surface","publisher":{"@id":"https:\/\/polsoft.pl\/microsoft-surface\/#organization"},"potentialAction":[{"@type":"SearchAction","target":{"@type":"EntryPoint","urlTemplate":"https:\/\/polsoft.pl\/microsoft-surface\/?s={search_term_string}"},"query-input":{"@type":"PropertyValueSpecification","valueRequired":true,"valueName":"search_term_string"}}],"inLanguage":"pl-PL"},{"@type":"Organization","@id":"https:\/\/polsoft.pl\/microsoft-surface\/#organization","name":"Polsoft Engineering Sp. z o.o.","url":"https:\/\/polsoft.pl\/microsoft-surface\/","logo":{"@type":"ImageObject","inLanguage":"pl-PL","@id":"https:\/\/polsoft.pl\/microsoft-surface\/#\/schema\/logo\/image\/","url":"https:\/\/www.polsoft.pl\/microsoft-surface\/wp-content\/uploads\/2020\/10\/microsoft_partner_logo_black_polsoft.png","contentUrl":"https:\/\/www.polsoft.pl\/microsoft-surface\/wp-content\/uploads\/2020\/10\/microsoft_partner_logo_black_polsoft.png","width":613,"height":158,"caption":"Polsoft Engineering Sp. z o.o."},"image":{"@id":"https:\/\/polsoft.pl\/microsoft-surface\/#\/schema\/logo\/image\/"}}]}},"_links":{"self":[{"href":"https:\/\/www.polsoft.pl\/microsoft-surface\/wp-json\/wp\/v2\/product\/16815","targetHints":{"allow":["GET"]}}],"collection":[{"href":"https:\/\/www.polsoft.pl\/microsoft-surface\/wp-json\/wp\/v2\/product"}],"about":[{"href":"https:\/\/www.polsoft.pl\/microsoft-surface\/wp-json\/wp\/v2\/types\/product"}],"version-history":[{"count":5,"href":"https:\/\/www.polsoft.pl\/microsoft-surface\/wp-json\/wp\/v2\/product\/16815\/revisions"}],"predecessor-version":[{"id":17790,"href":"https:\/\/www.polsoft.pl\/microsoft-surface\/wp-json\/wp\/v2\/product\/16815\/revisions\/17790"}],"wp:featuredmedia":[{"embeddable":true,"href":"https:\/\/www.polsoft.pl\/microsoft-surface\/wp-json\/wp\/v2\/media\/19571"}],"wp:attachment":[{"href":"https:\/\/www.polsoft.pl\/microsoft-surface\/wp-json\/wp\/v2\/media?parent=16815"}],"wp:term":[{"taxonomy":"product_brand","embeddable":true,"href":"https:\/\/www.polsoft.pl\/microsoft-surface\/wp-json\/wp\/v2\/product_brand?post=16815"},{"taxonomy":"product_cat","embeddable":true,"href":"https:\/\/www.polsoft.pl\/microsoft-surface\/wp-json\/wp\/v2\/product_cat?post=16815"},{"taxonomy":"product_tag","embeddable":true,"href":"https:\/\/www.polsoft.pl\/microsoft-surface\/wp-json\/wp\/v2\/product_tag?post=16815"}],"curies":[{"name":"wp","href":"https:\/\/api.w.org\/{rel}","templated":true}]}}