{"id":16833,"date":"2024-04-04T14:28:22","date_gmt":"2024-04-04T12:28:22","guid":{"rendered":"https:\/\/polsoft.pl\/microsoft-surface\/produkt\/surface-laptop-6-zlb-00034-5135h-8gb-256gb-15-wi-fi-platinium\/"},"modified":"2026-01-23T12:58:33","modified_gmt":"2026-01-23T11:58:33","slug":"microsoft-surface-laptop-6-zlb-00034-5135h-8gb-256gb-15-wi-fi-platinium","status":"publish","type":"product","link":"https:\/\/www.polsoft.pl\/microsoft-surface\/produkt\/microsoft-surface-laptop-6-zlb-00034-5135h-8gb-256gb-15-wi-fi-platinium\/","title":{"rendered":"Microsoft Surface Laptop 6 ZLB-00034\/135H\/8GB\/256GB\/15&#8243;\/Wi-Fi\/Platinium"},"content":{"rendered":"<p>Microsoft Surface Laptop 6 for Business 15\u201d ZLB-00034 w eleganckim, platynowym kolorze to inteligentny punkt wej\u015bcia do \u015bwiata premium od Microsoft, zaprojektowany z my\u015bl\u0105 o profesjonalistach i organizacjach, kt\u00f3re ceni\u0105 sobie komfort pracy na du\u017cym ekranie i niezawodno\u015b\u0107 w codziennych zadaniach. Ten model jest idealnym rozwi\u0105zaniem do szerokiego wdro\u017cenia w firmach i instytucjach edukacyjnych, oferuj\u0105c wszystkie kluczowe zalety linii Surface \u2013 doskona\u0142\u0105 jako\u015b\u0107 wykonania, zaawansowane bezpiecze\u0144stwo i wyj\u0105tkowy komfort u\u017cytkowania \u2013 w zoptymalizowanej konfiguracji.<\/p>\n<p>Za wydajno\u015b\u0107, kt\u00f3ra w pe\u0142ni sprosta codziennym wyzwaniom, odpowiada nowoczesny i efektywny energetycznie procesor Intel\u00ae Core\u2122 Ultra 5 135H ze zintegrowan\u0105 grafik\u0105 Intel\u00ae Graphics. Jego architektura zosta\u0142a zoptymalizowana pod k\u0105tem p\u0142ynnej pracy z ca\u0142ym ekosystemem aplikacji biurowych. Konfiguracj\u0119 dope\u0142nia 8 GB szybkiej pami\u0119ci RAM LPDDR5x, kt\u00f3ra zosta\u0142a precyzyjnie dobrana do wydajnej pracy z pakietem Microsoft 365, obs\u0142ugi poczty elektronicznej, przegl\u0105dania internetu i prowadzenia wideokonferencji. To zestawienie stworzone z my\u015bl\u0105 o ustandaryzowanych \u015brodowiskach pracy, gdzie liczy si\u0119 niezawodno\u015b\u0107 i p\u0142ynno\u015b\u0107 w kluczowych zadaniach. Szybki dysk SSD o pojemno\u015bci 256 GB (PCIe 4.0) zapewnia b\u0142yskawiczny start systemu i najwa\u017cniejszych program\u00f3w.<\/p>\n<p><span class=\"citation-191\">Centralnym punktem tego laptopa jest jego przestronny, 15-calowy ekran dotykowy <\/span><span class=\"citation-191\">PixelSense\u2122<\/span><span class=\"citation-191 citation-end-191\">, kt\u00f3ry staje si\u0119 Twoim oknem na produktywno\u015b\u0107.<\/span> <span class=\"citation-190\">Wysoka rozdzielczo\u015b\u0107 <\/span><span class=\"citation-190\">2496 x 1664 (201 PPI)<\/span><span class=\"citation-190 citation-end-190\"> gwarantuje krystalicznie czysty i ostry obraz, a proporcje 3:2 oferuj\u0105 znacznie wi\u0119cej przestrzeni roboczej w pionie ni\u017c w tradycyjnych laptopach, co u\u0142atwia prac\u0119 z kilkoma dokumentami jednocze\u015bnie.<\/span> <span class=\"citation-189 citation-end-189\">Kluczowym ulepszeniem jest zaawansowana pow\u0142oka antyrefleksyjna, kt\u00f3ra radykalnie redukuje odbicia, zapewniaj\u0105c doskona\u0142\u0105 czytelno\u015b\u0107 nawet w jasno o\u015bwietlonych biurach.<\/span> <span class=\"citation-188\">Funkcja adaptacyjnego dopasowywania kolor\u00f3w dba o komfort Twoich oczu, a wytrzyma\u0142e szk\u0142o <\/span><span class=\"citation-188\">Corning\u00ae Gorilla\u00ae Glass 5<\/span><span class=\"citation-188 citation-end-188\"> chroni panel.<\/span><\/p>\n<p>Niezr\u00f3wnany komfort pisania i interakcji to znak rozpoznawczy urz\u0105dze\u0144 Surface. Klawiatura w tym modelu zosta\u0142a zaprojektowana z my\u015bl\u0105 o d\u0142ugich godzinach pisania, oferuj\u0105c optymalny skok klawiszy i cich\u0105 prac\u0119. Du\u017cy, precyzyjny g\u0142adzik pozwala na \u0142atw\u0105 nawigacj\u0119 i obs\u0142ug\u0119 gest\u00f3w w systemie Windows 11. Obudowa wykonana z anodyzowanego aluminium jest nie tylko niezwykle wytrzyma\u0142a, ale i przyjemna w dotyku. 10-punktowy ekran dotykowy, w po\u0142\u0105czeniu z opcjonalnym pi\u00f3rem Microsoft Surface Slim Pen 2, otwiera nowe mo\u017cliwo\u015bci w zakresie notowania i podpisywania dokument\u00f3w.<\/p>\n<p>W \u015brodowisku biznesowym bezpiecze\u0144stwo jest absolutnym priorytetem. <span class=\"citation-187 citation-end-187\">Dlatego Surface Laptop 6 to urz\u0105dzenie z zabezpieczonym rdzeniem (Secured-core PC), gdzie ochrona jest wbudowana na ka\u017cdym poziomie.<\/span> Sprz\u0119towy modu\u0142 TPM 2.0 szyfruje dane, a system Windows Hello z zaawansowanym rozpoznawaniem twarzy za pomoc\u0105 kamery na podczerwie\u0144 zapewnia szybkie i bezpieczne logowanie, eliminuj\u0105c ryzyko zwi\u0105zane ze s\u0142abymi has\u0142ami i podnosz\u0105c poziom ochrony danych firmowych.<\/p>\n<p>B\u0105d\u017a zawsze w kontakcie dzi\u0119ki pe\u0142nemu spektrum nowoczesnej \u0142\u0105czno\u015bci. <span class=\"citation-186\">Najnowszy standard <\/span><span class=\"citation-186\">Wi-Fi 6E<\/span><span class=\"citation-186\"> oraz <\/span><span class=\"citation-186\">Bluetooth\u00ae 5.3<\/span><span class=\"citation-186 citation-end-186\"> gwarantuj\u0105 stabilne i szybkie po\u0142\u0105czenie z sieci\u0105 i bezprzewodowymi akcesoriami.<\/span> Wszechstronno\u015b\u0107 po\u0142\u0105cze\u0144 przewodowych zapewniaj\u0105 dwa porty USB-C\u00ae z obs\u0142ug\u0105 Thunderbolt\u2122 4 oraz jeden klasyczny port USB-A 3.1, co pozwala na pod\u0142\u0105czenie wszystkich niezb\u0119dnych akcesori\u00f3w biurowych bez potrzeby stosowania przej\u015bci\u00f3wek.<\/p>\n<p>Tw\u00f3j profesjonalny wizerunek podczas spotka\u0144 online jest kluczowy. <span class=\"citation-185\">Nowa kamera <\/span><span class=\"citation-185\">Surface Studio<\/span><span class=\"citation-185 citation-end-185\"> o jako\u015bci Full HD (1080p) dba o to, by obraz by\u0142 zawsze ostry i wyra\u017any.<\/span> <span class=\"citation-184\">Dwa mikrofony studyjne precyzyjnie zbieraj\u0105 Tw\u00f3j g\u0142os, a g\u0142o\u015bniki <\/span><span class=\"citation-184\">Omnisonic\u00ae z Dolby\u00ae Atmos\u00ae<\/span><span class=\"citation-184 citation-end-184\"> zapewniaj\u0105 czysty i bogaty d\u017awi\u0119k.<\/span> Dedykowany klawisz Copilot zapewnia natychmiastowy dost\u0119p do inteligentnego asystenta, kt\u00f3ry wspiera produktywno\u015b\u0107 pracownik\u00f3w.<\/p>\n","protected":false},"excerpt":{"rendered":"<p>Microsoft Surface Laptop 6 for Business 15\u201d ZLB-00034 w eleganckim, platynowym kolorze to inteligentny punkt wej\u015bcia do \u015bwiata premium od Microsoft, zaprojektowany z my\u015bl\u0105 o profesjonalistach i organizacjach, kt\u00f3re ceni\u0105 sobie komfort pracy na du\u017cym ekranie i niezawodno\u015b\u0107 w codziennych zadaniach. Ten model jest idealnym rozwi\u0105zaniem do szerokiego wdro\u017cenia w firmach i instytucjach edukacyjnych, oferuj\u0105c [&hellip;]<\/p>\n","protected":false},"featured_media":19443,"template":"","meta":{"site-sidebar-layout":"default","site-content-layout":"","ast-site-content-layout":"default","site-content-style":"default","site-sidebar-style":"default","ast-global-header-display":"","ast-banner-title-visibility":"","ast-main-header-display":"","ast-hfb-above-header-display":"","ast-hfb-below-header-display":"","ast-hfb-mobile-header-display":"","site-post-title":"","ast-breadcrumbs-content":"","ast-featured-img":"","footer-sml-layout":"","ast-disable-related-posts":"","theme-transparent-header-meta":"default","adv-header-id-meta":"","stick-header-meta":"","header-above-stick-meta":"","header-main-stick-meta":"","header-below-stick-meta":"","astra-migrate-meta-layouts":"set","ast-page-background-enabled":"default","ast-page-background-meta":{"desktop":{"background-color":"","background-image":"","background-repeat":"repeat","background-position":"center center","background-size":"auto","background-attachment":"scroll","background-type":"","background-media":"","overlay-type":"","overlay-color":"","overlay-opacity":"","overlay-gradient":""},"tablet":{"background-color":"","background-image":"","background-repeat":"repeat","background-position":"center center","background-size":"auto","background-attachment":"scroll","background-type":"","background-media":"","overlay-type":"","overlay-color":"","overlay-opacity":"","overlay-gradient":""},"mobile":{"background-color":"","background-image":"","background-repeat":"repeat","background-position":"center center","background-size":"auto","background-attachment":"scroll","background-type":"","background-media":"","overlay-type":"","overlay-color":"","overlay-opacity":"","overlay-gradient":""}},"ast-content-background-meta":{"desktop":{"background-color":"var(--ast-global-color-5)","background-image":"","background-repeat":"repeat","background-position":"center center","background-size":"auto","background-attachment":"scroll","background-type":"","background-media":"","overlay-type":"","overlay-color":"","overlay-opacity":"","overlay-gradient":""},"tablet":{"background-color":"var(--ast-global-color-5)","background-image":"","background-repeat":"repeat","background-position":"center center","background-size":"auto","background-attachment":"scroll","background-type":"","background-media":"","overlay-type":"","overlay-color":"","overlay-opacity":"","overlay-gradient":""},"mobile":{"background-color":"var(--ast-global-color-5)","background-image":"","background-repeat":"repeat","background-position":"center center","background-size":"auto","background-attachment":"scroll","background-type":"","background-media":"","overlay-type":"","overlay-color":"","overlay-opacity":"","overlay-gradient":""}},"_links_to":"","_links_to_target":""},"product_brand":[],"product_cat":[],"product_tag":[],"class_list":{"0":"post-16833","1":"product","2":"type-product","3":"status-publish","4":"has-post-thumbnail","6":"pa_dodatkowe-komponenty-wi-fi","7":"pa_dysk-ssd-256gb","8":"pa_model-procesora-135h","9":"pa_pamiec-ram-8gb","10":"pa_procesor-intel-core-ultra-5","11":"pa_w-zestawie-urzadzenie","12":"pa_wielkosc-matrycy-296","13":"desktop-align-left","14":"tablet-align-left","15":"mobile-align-left","17":"first","18":"outofstock","19":"taxable","20":"shipping-taxable","21":"purchasable","22":"product-type-simple"},"yoast_head":"<!-- This site is optimized with the Yoast SEO plugin v26.7 - https:\/\/yoast.com\/wordpress\/plugins\/seo\/ -->\n<title>Microsoft Surface Laptop 6 ZLB-00034\/135H\/8GB\/256GB\/15&quot;\/Wi-Fi\/Platinium - Sklep rozwi\u0105za\u0144 Microsoft Surface<\/title>\n<meta name=\"description\" content=\"Surface Laptop 6 \u2013 nowoczesny laptop z ekranem dotykowym, \u0142\u0105czno\u015bci\u0105 5G i moc\u0105 AI. Wybierz mobilno\u015b\u0107 i styl. Kup ju\u017c dzi\u015b z szybk\u0105 dostaw\u0105!\" \/>\n<meta name=\"robots\" content=\"index, follow, max-snippet:-1, max-image-preview:large, max-video-preview:-1\" \/>\n<link rel=\"canonical\" href=\"https:\/\/polsoft.pl\/microsoft-surface\/produkt\/microsoft-surface-laptop-6-zlb-00034-5135h-8gb-256gb-15-wi-fi-platinium\/\" \/>\n<meta property=\"og:locale\" content=\"pl_PL\" \/>\n<meta property=\"og:type\" content=\"article\" \/>\n<meta property=\"og:title\" content=\"Microsoft Surface Laptop 6 ZLB-00034\/135H\/8GB\/256GB\/15&quot;\/Wi-Fi\/Platinium - Sklep rozwi\u0105za\u0144 Microsoft Surface\" \/>\n<meta property=\"og:description\" content=\"Surface Laptop 6 \u2013 nowoczesny laptop z ekranem dotykowym, \u0142\u0105czno\u015bci\u0105 5G i moc\u0105 AI. Wybierz mobilno\u015b\u0107 i styl. Kup ju\u017c dzi\u015b z szybk\u0105 dostaw\u0105!\" \/>\n<meta property=\"og:url\" content=\"https:\/\/polsoft.pl\/microsoft-surface\/produkt\/microsoft-surface-laptop-6-zlb-00034-5135h-8gb-256gb-15-wi-fi-platinium\/\" \/>\n<meta property=\"og:site_name\" content=\"Sklep rozwi\u0105za\u0144 Microsoft Surface\" \/>\n<meta property=\"article:modified_time\" content=\"2026-01-23T11:58:33+00:00\" \/>\n<meta property=\"og:image\" content=\"https:\/\/polsoft.pl\/microsoft-surface\/wp-content\/uploads\/Laptopy\/Microsoft-Surface-Laptop-6-ZLB-00034-2.jpg\" \/>\n\t<meta property=\"og:image:width\" content=\"2062\" \/>\n\t<meta property=\"og:image:height\" content=\"2062\" \/>\n\t<meta property=\"og:image:type\" content=\"image\/jpeg\" \/>\n<meta name=\"twitter:card\" content=\"summary_large_image\" \/>\n<meta name=\"twitter:label1\" content=\"Szacowany czas czytania\" \/>\n\t<meta name=\"twitter:data1\" content=\"4 minuty\" \/>\n<script type=\"application\/ld+json\" class=\"yoast-schema-graph\">{\"@context\":\"https:\/\/schema.org\",\"@graph\":[{\"@type\":\"WebPage\",\"@id\":\"https:\/\/polsoft.pl\/microsoft-surface\/produkt\/microsoft-surface-laptop-6-zlb-00034-5135h-8gb-256gb-15-wi-fi-platinium\/\",\"url\":\"https:\/\/polsoft.pl\/microsoft-surface\/produkt\/microsoft-surface-laptop-6-zlb-00034-5135h-8gb-256gb-15-wi-fi-platinium\/\",\"name\":\"Microsoft Surface Laptop 6 ZLB-00034\/135H\/8GB\/256GB\/15\\\"\/Wi-Fi\/Platinium - Sklep rozwi\u0105za\u0144 Microsoft Surface\",\"isPartOf\":{\"@id\":\"https:\/\/polsoft.pl\/microsoft-surface\/#website\"},\"primaryImageOfPage\":{\"@id\":\"https:\/\/polsoft.pl\/microsoft-surface\/produkt\/microsoft-surface-laptop-6-zlb-00034-5135h-8gb-256gb-15-wi-fi-platinium\/#primaryimage\"},\"image\":{\"@id\":\"https:\/\/polsoft.pl\/microsoft-surface\/produkt\/microsoft-surface-laptop-6-zlb-00034-5135h-8gb-256gb-15-wi-fi-platinium\/#primaryimage\"},\"thumbnailUrl\":\"https:\/\/www.polsoft.pl\/microsoft-surface\/wp-content\/uploads\/Laptopy\/Microsoft-Surface-Laptop-6-ZLB-00034-2.jpg\",\"datePublished\":\"2024-04-04T12:28:22+00:00\",\"dateModified\":\"2026-01-23T11:58:33+00:00\",\"description\":\"Surface Laptop 6 \u2013 nowoczesny laptop z ekranem dotykowym, \u0142\u0105czno\u015bci\u0105 5G i moc\u0105 AI. Wybierz mobilno\u015b\u0107 i styl. Kup ju\u017c dzi\u015b z szybk\u0105 dostaw\u0105!\",\"breadcrumb\":{\"@id\":\"https:\/\/polsoft.pl\/microsoft-surface\/produkt\/microsoft-surface-laptop-6-zlb-00034-5135h-8gb-256gb-15-wi-fi-platinium\/#breadcrumb\"},\"inLanguage\":\"pl-PL\",\"potentialAction\":[{\"@type\":\"ReadAction\",\"target\":[\"https:\/\/polsoft.pl\/microsoft-surface\/produkt\/microsoft-surface-laptop-6-zlb-00034-5135h-8gb-256gb-15-wi-fi-platinium\/\"]}]},{\"@type\":\"ImageObject\",\"inLanguage\":\"pl-PL\",\"@id\":\"https:\/\/polsoft.pl\/microsoft-surface\/produkt\/microsoft-surface-laptop-6-zlb-00034-5135h-8gb-256gb-15-wi-fi-platinium\/#primaryimage\",\"url\":\"https:\/\/www.polsoft.pl\/microsoft-surface\/wp-content\/uploads\/Laptopy\/Microsoft-Surface-Laptop-6-ZLB-00034-2.jpg\",\"contentUrl\":\"https:\/\/www.polsoft.pl\/microsoft-surface\/wp-content\/uploads\/Laptopy\/Microsoft-Surface-Laptop-6-ZLB-00034-2.jpg\",\"width\":2062,\"height\":2062},{\"@type\":\"BreadcrumbList\",\"@id\":\"https:\/\/polsoft.pl\/microsoft-surface\/produkt\/microsoft-surface-laptop-6-zlb-00034-5135h-8gb-256gb-15-wi-fi-platinium\/#breadcrumb\",\"itemListElement\":[{\"@type\":\"ListItem\",\"position\":1,\"name\":\"Strona g\u0142\u00f3wna\",\"item\":\"https:\/\/polsoft.pl\/microsoft-surface\/\"},{\"@type\":\"ListItem\",\"position\":2,\"name\":\"Sklep\",\"item\":\"https:\/\/polsoft.pl\/microsoft-surface\/sklep\/\"},{\"@type\":\"ListItem\",\"position\":3,\"name\":\"Microsoft Surface Laptop 6 ZLB-00034\/135H\/8GB\/256GB\/15&#8243;\/Wi-Fi\/Platinium\"}]},{\"@type\":\"WebSite\",\"@id\":\"https:\/\/polsoft.pl\/microsoft-surface\/#website\",\"url\":\"https:\/\/polsoft.pl\/microsoft-surface\/\",\"name\":\"Sklep Microsoft Surface\",\"description\":\"Sklep Microsoft Surface\",\"publisher\":{\"@id\":\"https:\/\/polsoft.pl\/microsoft-surface\/#organization\"},\"potentialAction\":[{\"@type\":\"SearchAction\",\"target\":{\"@type\":\"EntryPoint\",\"urlTemplate\":\"https:\/\/polsoft.pl\/microsoft-surface\/?s={search_term_string}\"},\"query-input\":{\"@type\":\"PropertyValueSpecification\",\"valueRequired\":true,\"valueName\":\"search_term_string\"}}],\"inLanguage\":\"pl-PL\"},{\"@type\":\"Organization\",\"@id\":\"https:\/\/polsoft.pl\/microsoft-surface\/#organization\",\"name\":\"Polsoft Engineering Sp. z o.o.\",\"url\":\"https:\/\/polsoft.pl\/microsoft-surface\/\",\"logo\":{\"@type\":\"ImageObject\",\"inLanguage\":\"pl-PL\",\"@id\":\"https:\/\/polsoft.pl\/microsoft-surface\/#\/schema\/logo\/image\/\",\"url\":\"https:\/\/www.polsoft.pl\/microsoft-surface\/wp-content\/uploads\/2020\/10\/microsoft_partner_logo_black_polsoft.png\",\"contentUrl\":\"https:\/\/www.polsoft.pl\/microsoft-surface\/wp-content\/uploads\/2020\/10\/microsoft_partner_logo_black_polsoft.png\",\"width\":613,\"height\":158,\"caption\":\"Polsoft Engineering Sp. z o.o.\"},\"image\":{\"@id\":\"https:\/\/polsoft.pl\/microsoft-surface\/#\/schema\/logo\/image\/\"}}]}<\/script>\n<!-- \/ Yoast SEO plugin. -->","yoast_head_json":{"title":"Microsoft Surface Laptop 6 ZLB-00034\/135H\/8GB\/256GB\/15\"\/Wi-Fi\/Platinium - Sklep rozwi\u0105za\u0144 Microsoft Surface","description":"Surface Laptop 6 \u2013 nowoczesny laptop z ekranem dotykowym, \u0142\u0105czno\u015bci\u0105 5G i moc\u0105 AI. Wybierz mobilno\u015b\u0107 i styl. Kup ju\u017c dzi\u015b z szybk\u0105 dostaw\u0105!","robots":{"index":"index","follow":"follow","max-snippet":"max-snippet:-1","max-image-preview":"max-image-preview:large","max-video-preview":"max-video-preview:-1"},"canonical":"https:\/\/polsoft.pl\/microsoft-surface\/produkt\/microsoft-surface-laptop-6-zlb-00034-5135h-8gb-256gb-15-wi-fi-platinium\/","og_locale":"pl_PL","og_type":"article","og_title":"Microsoft Surface Laptop 6 ZLB-00034\/135H\/8GB\/256GB\/15\"\/Wi-Fi\/Platinium - Sklep rozwi\u0105za\u0144 Microsoft Surface","og_description":"Surface Laptop 6 \u2013 nowoczesny laptop z ekranem dotykowym, \u0142\u0105czno\u015bci\u0105 5G i moc\u0105 AI. Wybierz mobilno\u015b\u0107 i styl. Kup ju\u017c dzi\u015b z szybk\u0105 dostaw\u0105!","og_url":"https:\/\/polsoft.pl\/microsoft-surface\/produkt\/microsoft-surface-laptop-6-zlb-00034-5135h-8gb-256gb-15-wi-fi-platinium\/","og_site_name":"Sklep rozwi\u0105za\u0144 Microsoft Surface","article_modified_time":"2026-01-23T11:58:33+00:00","og_image":[{"width":2062,"height":2062,"url":"https:\/\/polsoft.pl\/microsoft-surface\/wp-content\/uploads\/Laptopy\/Microsoft-Surface-Laptop-6-ZLB-00034-2.jpg","type":"image\/jpeg"}],"twitter_card":"summary_large_image","twitter_misc":{"Szacowany czas czytania":"4 minuty"},"schema":{"@context":"https:\/\/schema.org","@graph":[{"@type":"WebPage","@id":"https:\/\/polsoft.pl\/microsoft-surface\/produkt\/microsoft-surface-laptop-6-zlb-00034-5135h-8gb-256gb-15-wi-fi-platinium\/","url":"https:\/\/polsoft.pl\/microsoft-surface\/produkt\/microsoft-surface-laptop-6-zlb-00034-5135h-8gb-256gb-15-wi-fi-platinium\/","name":"Microsoft Surface Laptop 6 ZLB-00034\/135H\/8GB\/256GB\/15\"\/Wi-Fi\/Platinium - Sklep rozwi\u0105za\u0144 Microsoft Surface","isPartOf":{"@id":"https:\/\/polsoft.pl\/microsoft-surface\/#website"},"primaryImageOfPage":{"@id":"https:\/\/polsoft.pl\/microsoft-surface\/produkt\/microsoft-surface-laptop-6-zlb-00034-5135h-8gb-256gb-15-wi-fi-platinium\/#primaryimage"},"image":{"@id":"https:\/\/polsoft.pl\/microsoft-surface\/produkt\/microsoft-surface-laptop-6-zlb-00034-5135h-8gb-256gb-15-wi-fi-platinium\/#primaryimage"},"thumbnailUrl":"https:\/\/www.polsoft.pl\/microsoft-surface\/wp-content\/uploads\/Laptopy\/Microsoft-Surface-Laptop-6-ZLB-00034-2.jpg","datePublished":"2024-04-04T12:28:22+00:00","dateModified":"2026-01-23T11:58:33+00:00","description":"Surface Laptop 6 \u2013 nowoczesny laptop z ekranem dotykowym, \u0142\u0105czno\u015bci\u0105 5G i moc\u0105 AI. Wybierz mobilno\u015b\u0107 i styl. Kup ju\u017c dzi\u015b z szybk\u0105 dostaw\u0105!","breadcrumb":{"@id":"https:\/\/polsoft.pl\/microsoft-surface\/produkt\/microsoft-surface-laptop-6-zlb-00034-5135h-8gb-256gb-15-wi-fi-platinium\/#breadcrumb"},"inLanguage":"pl-PL","potentialAction":[{"@type":"ReadAction","target":["https:\/\/polsoft.pl\/microsoft-surface\/produkt\/microsoft-surface-laptop-6-zlb-00034-5135h-8gb-256gb-15-wi-fi-platinium\/"]}]},{"@type":"ImageObject","inLanguage":"pl-PL","@id":"https:\/\/polsoft.pl\/microsoft-surface\/produkt\/microsoft-surface-laptop-6-zlb-00034-5135h-8gb-256gb-15-wi-fi-platinium\/#primaryimage","url":"https:\/\/www.polsoft.pl\/microsoft-surface\/wp-content\/uploads\/Laptopy\/Microsoft-Surface-Laptop-6-ZLB-00034-2.jpg","contentUrl":"https:\/\/www.polsoft.pl\/microsoft-surface\/wp-content\/uploads\/Laptopy\/Microsoft-Surface-Laptop-6-ZLB-00034-2.jpg","width":2062,"height":2062},{"@type":"BreadcrumbList","@id":"https:\/\/polsoft.pl\/microsoft-surface\/produkt\/microsoft-surface-laptop-6-zlb-00034-5135h-8gb-256gb-15-wi-fi-platinium\/#breadcrumb","itemListElement":[{"@type":"ListItem","position":1,"name":"Strona g\u0142\u00f3wna","item":"https:\/\/polsoft.pl\/microsoft-surface\/"},{"@type":"ListItem","position":2,"name":"Sklep","item":"https:\/\/polsoft.pl\/microsoft-surface\/sklep\/"},{"@type":"ListItem","position":3,"name":"Microsoft Surface Laptop 6 ZLB-00034\/135H\/8GB\/256GB\/15&#8243;\/Wi-Fi\/Platinium"}]},{"@type":"WebSite","@id":"https:\/\/polsoft.pl\/microsoft-surface\/#website","url":"https:\/\/polsoft.pl\/microsoft-surface\/","name":"Sklep Microsoft Surface","description":"Sklep Microsoft Surface","publisher":{"@id":"https:\/\/polsoft.pl\/microsoft-surface\/#organization"},"potentialAction":[{"@type":"SearchAction","target":{"@type":"EntryPoint","urlTemplate":"https:\/\/polsoft.pl\/microsoft-surface\/?s={search_term_string}"},"query-input":{"@type":"PropertyValueSpecification","valueRequired":true,"valueName":"search_term_string"}}],"inLanguage":"pl-PL"},{"@type":"Organization","@id":"https:\/\/polsoft.pl\/microsoft-surface\/#organization","name":"Polsoft Engineering Sp. z o.o.","url":"https:\/\/polsoft.pl\/microsoft-surface\/","logo":{"@type":"ImageObject","inLanguage":"pl-PL","@id":"https:\/\/polsoft.pl\/microsoft-surface\/#\/schema\/logo\/image\/","url":"https:\/\/www.polsoft.pl\/microsoft-surface\/wp-content\/uploads\/2020\/10\/microsoft_partner_logo_black_polsoft.png","contentUrl":"https:\/\/www.polsoft.pl\/microsoft-surface\/wp-content\/uploads\/2020\/10\/microsoft_partner_logo_black_polsoft.png","width":613,"height":158,"caption":"Polsoft Engineering Sp. z o.o."},"image":{"@id":"https:\/\/polsoft.pl\/microsoft-surface\/#\/schema\/logo\/image\/"}}]}},"_links":{"self":[{"href":"https:\/\/www.polsoft.pl\/microsoft-surface\/wp-json\/wp\/v2\/product\/16833","targetHints":{"allow":["GET"]}}],"collection":[{"href":"https:\/\/www.polsoft.pl\/microsoft-surface\/wp-json\/wp\/v2\/product"}],"about":[{"href":"https:\/\/www.polsoft.pl\/microsoft-surface\/wp-json\/wp\/v2\/types\/product"}],"version-history":[{"count":5,"href":"https:\/\/www.polsoft.pl\/microsoft-surface\/wp-json\/wp\/v2\/product\/16833\/revisions"}],"predecessor-version":[{"id":19449,"href":"https:\/\/www.polsoft.pl\/microsoft-surface\/wp-json\/wp\/v2\/product\/16833\/revisions\/19449"}],"wp:featuredmedia":[{"embeddable":true,"href":"https:\/\/www.polsoft.pl\/microsoft-surface\/wp-json\/wp\/v2\/media\/19443"}],"wp:attachment":[{"href":"https:\/\/www.polsoft.pl\/microsoft-surface\/wp-json\/wp\/v2\/media?parent=16833"}],"wp:term":[{"taxonomy":"product_brand","embeddable":true,"href":"https:\/\/www.polsoft.pl\/microsoft-surface\/wp-json\/wp\/v2\/product_brand?post=16833"},{"taxonomy":"product_cat","embeddable":true,"href":"https:\/\/www.polsoft.pl\/microsoft-surface\/wp-json\/wp\/v2\/product_cat?post=16833"},{"taxonomy":"product_tag","embeddable":true,"href":"https:\/\/www.polsoft.pl\/microsoft-surface\/wp-json\/wp\/v2\/product_tag?post=16833"}],"curies":[{"name":"wp","href":"https:\/\/api.w.org\/{rel}","templated":true}]}}