{"id":17627,"date":"2024-10-31T09:52:08","date_gmt":"2024-10-31T08:52:08","guid":{"rendered":"https:\/\/polsoft.pl\/microsoft-surface\/produkt\/surface-pro-11-copilot-zik-00004-qualcom-snapdragon-x-plus-16gb-256gb-13-platynowy\/"},"modified":"2026-01-23T12:45:49","modified_gmt":"2026-01-23T11:45:49","slug":"surface-pro-11-copilot-zik-00004-qualcom-snapdragon-x-plus-16gb-256gb-13-platynowy","status":"publish","type":"product","link":"https:\/\/www.polsoft.pl\/microsoft-surface\/produkt\/surface-pro-11-copilot-zik-00004-qualcom-snapdragon-x-plus-16gb-256gb-13-platynowy\/","title":{"rendered":"Microsoft Surface Pro 11 COPILOT+ ZIK-00004-Qualcom Snapdragon X Plus-16GB-256GB-13&#8243;-Platynowy"},"content":{"rendered":"<p>Poznaj now\u0105 definicj\u0119 komputera osobistego z Microsoft Surface Pro 11 ZIK-00004. To urz\u0105dzenie w eleganckiej, platynowej obudowie jest Twoim wej\u015bciem do rewolucyjnej ery Copilot+ PC, gdzie technologia nie tylko wykonuje polecenia, ale uczy si\u0119 Ciebie i przewiduje Twoje potrzeby. Zaprojektowany od podstaw, by zapewni\u0107 niesamowit\u0105 szybko\u015b\u0107, prze\u0142omowe funkcje AI i bateri\u0119, kt\u00f3ra wystarcza na ca\u0142y dzie\u0144 i jeszcze d\u0142u\u017cej, ten Surface Pro jest idealnym narz\u0119dziem dla student\u00f3w, profesjonalist\u00f3w i tw\u00f3rc\u00f3w, kt\u00f3rzy chc\u0105 by\u0107 na czele technologicznej fali.<\/p>\n<p><span class=\"citation-281\">Moc obliczeniow\u0105 i zdumiewaj\u0105c\u0105 efektywno\u015b\u0107 energetyczn\u0105 zapewnia prze\u0142omowy procesor <\/span><span class=\"citation-281\">Snapdragon\u00ae X Plus<\/span><span class=\"citation-281 citation-end-281\">, zbudowany na architekturze ARM, kt\u00f3ra rewolucjonizuje poj\u0119cie wydajno\u015bci mobilnej.<\/span> <span class=\"citation-280\">Jego zintegrowany, pot\u0119\u017cny akcelerator AI (<\/span><span class=\"citation-280\">NPU<\/span><span class=\"citation-280 citation-end-280\">) to prawdziwy &#8222;game-changer&#8221;, wykonuj\u0105cy biliony operacji na sekund\u0119, aby funkcje sztucznej inteligencji dzia\u0142a\u0142y lokalnie, bez op\u00f3\u017anie\u0144 i z poszanowaniem Twojej prywatno\u015bci.<\/span> <span class=\"citation-279\">Wspierany przez <\/span><span class=\"citation-279\">16 GB<\/span><span class=\"citation-279\"> pami\u0119ci RAM <\/span><span class=\"citation-279\">LPDDR5x<\/span><span class=\"citation-279\"> oraz szybki dysk <\/span><span class=\"citation-279\">SSD o pojemno\u015bci 256 GB<\/span><span class=\"citation-279 citation-end-279\"> (PCIe 4.0), ten model stanowi idealnie zbalansowany zestaw do p\u0142ynnej i responsywnej pracy w nowoczesnym \u015bwiecie.<\/span><\/p>\n<p>Twoje okno na cyfrowy \u015bwiat to ol\u015bniewaj\u0105cy, 13-calowy ekran dotykowy PixelSense\u2122 Flow. <span class=\"citation-278\">Jego niezwykle wysoka rozdzielczo\u015b\u0107 <\/span><span class=\"citation-278\">2880 x 1920 (267 PPI)<\/span><span class=\"citation-278 citation-end-278\"> sprawia, \u017ce ka\u017cda tre\u015b\u0107, od tekstu po grafik\u0119, jest niezwykle ostra i czytelna.<\/span> <span class=\"citation-277\">Dynamiczne od\u015bwie\u017canie do <\/span><span class=\"citation-277\">120Hz<\/span><span class=\"citation-277 citation-end-277\"> gwarantuje, \u017ce ka\u017cda interakcja jest jedwabi\u015bcie g\u0142adka, a obs\u0142uga dotyku i pi\u00f3ra jest bardziej precyzyjna ni\u017c kiedykolwiek.<\/span> <span class=\"citation-276\">Technologia adaptacyjnego dopasowywania kolor\u00f3w i wysoka jasno\u015b\u0107 ekranu zapewniaj\u0105 komfort ogl\u0105dania w ka\u017cdych warunkach, a wytrzyma\u0142e szk\u0142o <\/span><span class=\"citation-276\">Corning\u00ae Gorilla\u00ae Glass 5<\/span><span class=\"citation-276 citation-end-276\"> chroni go przed zarysowaniami.<\/span><\/p>\n<p>Wszechstronno\u015b\u0107, kt\u00f3ra uwalnia Twoj\u0105 kreatywno\u015b\u0107 i produktywno\u015b\u0107, jest wpisana w DNA Surface Pro. W jednej chwili to smuk\u0142y i lekki tablet, idealny do odr\u0119cznych notatek z pi\u00f3rem Surface Slim Pen 2 (sprzedawanym osobno) dzi\u0119ki regulowanej podp\u00f3rce. W nast\u0119pnej, po magnetycznym pod\u0142\u0105czeniu innowacyjnej klawiatury Surface Pro Flex Keyboard (sprzedawanej osobno), kt\u00f3ra dzia\u0142a r\u00f3wnie\u017c bezprzewodowo, staje si\u0119 pe\u0142noprawnym laptopem gotowym do intensywnej pracy. Ta elastyczno\u015b\u0107 pozwala Ci pracowa\u0107, uczy\u0107 si\u0119 i tworzy\u0107 w spos\u00f3b, kt\u00f3ry jest dla Ciebie najbardziej naturalny.<\/p>\n<p>Poczuj magi\u0119 AI na wyci\u0105gni\u0119cie r\u0119ki dzi\u0119ki ekskluzywnym funkcjom Copilot+. <span class=\"citation-275\">U\u017cyj funkcji <\/span><span class=\"citation-275\">Recall (Przywo\u0142aj)<\/span><span class=\"citation-275 citation-end-275\">, kt\u00f3ra dzia\u0142a jak osobista wyszukiwarka Twojej przesz\u0142o\u015bci na komputerze, pozwalaj\u0105c Ci odnale\u017a\u0107 dowolny plik, stron\u0119 czy obraz za pomoc\u0105 naturalnego j\u0119zyka.<\/span> <span class=\"citation-274\">Zosta\u0144 artyst\u0105 z funkcj\u0105 <\/span><span class=\"citation-274\">Cocreator<\/span><span class=\"citation-274 citation-end-274\"> w programie Paint, kt\u00f3ra na bie\u017c\u0105co przekszta\u0142ca Twoje pomys\u0142y w obrazy.<\/span> Prze\u0142amuj bariery j\u0119zykowe dzi\u0119ki Napisom na \u017cywo, kt\u00f3re t\u0142umacz\u0105 w czasie rzeczywistym ka\u017cdy d\u017awi\u0119k na Twoim komputerze.<\/p>\n<p>\u0141\u0105czno\u015b\u0107 jutra jest ju\u017c dzi\u015b w Twoim zasi\u0119gu. <span class=\"citation-273\">Nowy horyzont pr\u0119dko\u015bci bezprzewodowej zapewnia standard <\/span><span class=\"citation-273\">Wi-Fi 7<\/span><span class=\"citation-273\">, a stabilne po\u0142\u0105czenie z akcesoriami gwarantuje <\/span><span class=\"citation-273\">Bluetooth\u00ae 5.4<\/span><span class=\"citation-273 citation-end-273\">.<\/span> <span class=\"citation-272\">Dwa wszechstronne porty <\/span><span class=\"citation-272\">USB-C\u00ae<\/span><span class=\"citation-272\"> z obs\u0142ug\u0105 standardu <\/span><span class=\"citation-272\">USB4\u00ae<\/span><span class=\"citation-272 citation-end-272\"> pozwalaj\u0105 na szybkie \u0142adowanie, transfer danych i pod\u0142\u0105czenie dw\u00f3ch monitor\u00f3w 4K.<\/span> <span class=\"citation-271\">Twoje dane chroni wbudowana w sam krzem forteca, czyli procesor bezpiecze\u0144stwa <\/span><span class=\"citation-271\">Microsoft Pluton<\/span><span class=\"citation-271\">, a logowanie do systemu jest b\u0142yskawiczne dzi\u0119ki <\/span><span class=\"citation-271\">Windows Hello<\/span><span class=\"citation-271 citation-end-271\">.<\/span><\/p>\n<p>Podsumowuj\u0105c, Microsoft Surface Pro 11 ZIK-00004 to inteligentny wyb\u00f3r dla ka\u017cdego, kto chce do\u015bwiadczy\u0107 przysz\u0142o\u015bci ju\u017c dzi\u015b. To urz\u0105dzenie, kt\u00f3re \u0142\u0105czy w sobie fenomenaln\u0105 wydajno\u015b\u0107, rewolucyjne mo\u017cliwo\u015bci AI i niezr\u00f3wnan\u0105 wszechstronno\u015b\u0107, a wszystko to w pi\u0119knej i ponadczasowej formie. To dow\u00f3d na to, \u017ce technologia mo\u017ce by\u0107 zar\u00f3wno pot\u0119\u017cna, jak i pi\u0119kna i intuicyjna.<\/p>\n","protected":false},"excerpt":{"rendered":"<p>Poznaj now\u0105 definicj\u0119 komputera osobistego z Microsoft Surface Pro 11 ZIK-00004. To urz\u0105dzenie w eleganckiej, platynowej obudowie jest Twoim wej\u015bciem do rewolucyjnej ery Copilot+ PC, gdzie technologia nie tylko wykonuje polecenia, ale uczy si\u0119 Ciebie i przewiduje Twoje potrzeby. Zaprojektowany od podstaw, by zapewni\u0107 niesamowit\u0105 szybko\u015b\u0107, prze\u0142omowe funkcje AI i bateri\u0119, kt\u00f3ra wystarcza na ca\u0142y [&hellip;]<\/p>\n","protected":false},"featured_media":19492,"template":"","meta":{"site-sidebar-layout":"default","site-content-layout":"","ast-site-content-layout":"default","site-content-style":"default","site-sidebar-style":"default","ast-global-header-display":"","ast-banner-title-visibility":"","ast-main-header-display":"","ast-hfb-above-header-display":"","ast-hfb-below-header-display":"","ast-hfb-mobile-header-display":"","site-post-title":"","ast-breadcrumbs-content":"","ast-featured-img":"","footer-sml-layout":"","ast-disable-related-posts":"","theme-transparent-header-meta":"default","adv-header-id-meta":"","stick-header-meta":"","header-above-stick-meta":"","header-main-stick-meta":"","header-below-stick-meta":"","astra-migrate-meta-layouts":"set","ast-page-background-enabled":"default","ast-page-background-meta":{"desktop":{"background-color":"","background-image":"","background-repeat":"repeat","background-position":"center center","background-size":"auto","background-attachment":"scroll","background-type":"","background-media":"","overlay-type":"","overlay-color":"","overlay-opacity":"","overlay-gradient":""},"tablet":{"background-color":"","background-image":"","background-repeat":"repeat","background-position":"center center","background-size":"auto","background-attachment":"scroll","background-type":"","background-media":"","overlay-type":"","overlay-color":"","overlay-opacity":"","overlay-gradient":""},"mobile":{"background-color":"","background-image":"","background-repeat":"repeat","background-position":"center center","background-size":"auto","background-attachment":"scroll","background-type":"","background-media":"","overlay-type":"","overlay-color":"","overlay-opacity":"","overlay-gradient":""}},"ast-content-background-meta":{"desktop":{"background-color":"var(--ast-global-color-5)","background-image":"","background-repeat":"repeat","background-position":"center center","background-size":"auto","background-attachment":"scroll","background-type":"","background-media":"","overlay-type":"","overlay-color":"","overlay-opacity":"","overlay-gradient":""},"tablet":{"background-color":"var(--ast-global-color-5)","background-image":"","background-repeat":"repeat","background-position":"center center","background-size":"auto","background-attachment":"scroll","background-type":"","background-media":"","overlay-type":"","overlay-color":"","overlay-opacity":"","overlay-gradient":""},"mobile":{"background-color":"var(--ast-global-color-5)","background-image":"","background-repeat":"repeat","background-position":"center center","background-size":"auto","background-attachment":"scroll","background-type":"","background-media":"","overlay-type":"","overlay-color":"","overlay-opacity":"","overlay-gradient":""}},"_links_to":"","_links_to_target":""},"product_brand":[],"product_cat":[69,316],"product_tag":[],"class_list":{"0":"post-17627","1":"product","2":"type-product","3":"status-publish","4":"has-post-thumbnail","6":"product_cat-tablety-microsoft-surface","7":"product_cat-microsoft-surface-pro-11","8":"pa_dodatkowe-komponenty-wifi","9":"pa_matryca-48","10":"pa_model-procesora-snapdragon-x-plus","11":"pa_pamiec-ram-16gb","12":"pa_pojemnosc-dysku-256gb","13":"pa_producent-procesora-qualcomm","14":"desktop-align-left","15":"tablet-align-left","16":"mobile-align-left","18":"first","19":"instock","20":"taxable","21":"shipping-taxable","22":"purchasable","23":"product-type-simple"},"yoast_head":"<!-- This site is optimized with the Yoast SEO plugin v26.7 - https:\/\/yoast.com\/wordpress\/plugins\/seo\/ -->\n<title>Microsoft Surface Pro 11 COPILOT+ ZIK-00004-Qualcom Snapdragon X Plus-16GB-256GB-13&quot;-Platynowy - Sklep rozwi\u0105za\u0144 Microsoft Surface<\/title>\n<meta name=\"description\" content=\"Odkryj nowy Surface Pro 11 COPILOT+ ZIK-00004 PC. Rewolucyjna moc AI i zjawiskowy ekran OLED w jednym. Sprawd\u017a cen\u0119, konfiguracje i zam\u00f3w z szybk\u0105 dostaw\u0105!\" \/>\n<meta name=\"robots\" content=\"index, follow, max-snippet:-1, max-image-preview:large, max-video-preview:-1\" \/>\n<link rel=\"canonical\" href=\"https:\/\/polsoft.pl\/microsoft-surface\/produkt\/surface-pro-11-copilot-zik-00004-qualcom-snapdragon-x-plus-16gb-256gb-13-platynowy\/\" \/>\n<meta property=\"og:locale\" content=\"pl_PL\" \/>\n<meta property=\"og:type\" content=\"article\" \/>\n<meta property=\"og:title\" content=\"Microsoft Surface Pro 11 COPILOT+ ZIK-00004-Qualcom Snapdragon X Plus-16GB-256GB-13&quot;-Platynowy - Sklep rozwi\u0105za\u0144 Microsoft Surface\" \/>\n<meta property=\"og:description\" content=\"Odkryj nowy Surface Pro 11 COPILOT+ ZIK-00004 PC. Rewolucyjna moc AI i zjawiskowy ekran OLED w jednym. Sprawd\u017a cen\u0119, konfiguracje i zam\u00f3w z szybk\u0105 dostaw\u0105!\" \/>\n<meta property=\"og:url\" content=\"https:\/\/polsoft.pl\/microsoft-surface\/produkt\/surface-pro-11-copilot-zik-00004-qualcom-snapdragon-x-plus-16gb-256gb-13-platynowy\/\" \/>\n<meta property=\"og:site_name\" content=\"Sklep rozwi\u0105za\u0144 Microsoft Surface\" \/>\n<meta property=\"article:modified_time\" content=\"2026-01-23T11:45:49+00:00\" \/>\n<meta property=\"og:image\" content=\"https:\/\/polsoft.pl\/microsoft-surface\/wp-content\/uploads\/2025\/06\/Microsoft-Surface-Pro-11-COPILOT-ZIK-00004.jpg\" \/>\n\t<meta property=\"og:image:width\" content=\"1694\" \/>\n\t<meta property=\"og:image:height\" content=\"1693\" \/>\n\t<meta property=\"og:image:type\" content=\"image\/jpeg\" \/>\n<meta name=\"twitter:card\" content=\"summary_large_image\" \/>\n<meta name=\"twitter:label1\" content=\"Szacowany czas czytania\" \/>\n\t<meta name=\"twitter:data1\" content=\"4 minuty\" \/>\n<script type=\"application\/ld+json\" class=\"yoast-schema-graph\">{\"@context\":\"https:\/\/schema.org\",\"@graph\":[{\"@type\":\"WebPage\",\"@id\":\"https:\/\/polsoft.pl\/microsoft-surface\/produkt\/surface-pro-11-copilot-zik-00004-qualcom-snapdragon-x-plus-16gb-256gb-13-platynowy\/\",\"url\":\"https:\/\/polsoft.pl\/microsoft-surface\/produkt\/surface-pro-11-copilot-zik-00004-qualcom-snapdragon-x-plus-16gb-256gb-13-platynowy\/\",\"name\":\"Microsoft Surface Pro 11 COPILOT+ ZIK-00004-Qualcom Snapdragon X Plus-16GB-256GB-13\\\"-Platynowy - Sklep rozwi\u0105za\u0144 Microsoft Surface\",\"isPartOf\":{\"@id\":\"https:\/\/polsoft.pl\/microsoft-surface\/#website\"},\"primaryImageOfPage\":{\"@id\":\"https:\/\/polsoft.pl\/microsoft-surface\/produkt\/surface-pro-11-copilot-zik-00004-qualcom-snapdragon-x-plus-16gb-256gb-13-platynowy\/#primaryimage\"},\"image\":{\"@id\":\"https:\/\/polsoft.pl\/microsoft-surface\/produkt\/surface-pro-11-copilot-zik-00004-qualcom-snapdragon-x-plus-16gb-256gb-13-platynowy\/#primaryimage\"},\"thumbnailUrl\":\"https:\/\/www.polsoft.pl\/microsoft-surface\/wp-content\/uploads\/2025\/06\/Microsoft-Surface-Pro-11-COPILOT-ZIK-00004.jpg\",\"datePublished\":\"2024-10-31T08:52:08+00:00\",\"dateModified\":\"2026-01-23T11:45:49+00:00\",\"description\":\"Odkryj nowy Surface Pro 11 COPILOT+ ZIK-00004 PC. Rewolucyjna moc AI i zjawiskowy ekran OLED w jednym. Sprawd\u017a cen\u0119, konfiguracje i zam\u00f3w z szybk\u0105 dostaw\u0105!\",\"breadcrumb\":{\"@id\":\"https:\/\/polsoft.pl\/microsoft-surface\/produkt\/surface-pro-11-copilot-zik-00004-qualcom-snapdragon-x-plus-16gb-256gb-13-platynowy\/#breadcrumb\"},\"inLanguage\":\"pl-PL\",\"potentialAction\":[{\"@type\":\"ReadAction\",\"target\":[\"https:\/\/polsoft.pl\/microsoft-surface\/produkt\/surface-pro-11-copilot-zik-00004-qualcom-snapdragon-x-plus-16gb-256gb-13-platynowy\/\"]}]},{\"@type\":\"ImageObject\",\"inLanguage\":\"pl-PL\",\"@id\":\"https:\/\/polsoft.pl\/microsoft-surface\/produkt\/surface-pro-11-copilot-zik-00004-qualcom-snapdragon-x-plus-16gb-256gb-13-platynowy\/#primaryimage\",\"url\":\"https:\/\/www.polsoft.pl\/microsoft-surface\/wp-content\/uploads\/2025\/06\/Microsoft-Surface-Pro-11-COPILOT-ZIK-00004.jpg\",\"contentUrl\":\"https:\/\/www.polsoft.pl\/microsoft-surface\/wp-content\/uploads\/2025\/06\/Microsoft-Surface-Pro-11-COPILOT-ZIK-00004.jpg\",\"width\":1694,\"height\":1693},{\"@type\":\"BreadcrumbList\",\"@id\":\"https:\/\/polsoft.pl\/microsoft-surface\/produkt\/surface-pro-11-copilot-zik-00004-qualcom-snapdragon-x-plus-16gb-256gb-13-platynowy\/#breadcrumb\",\"itemListElement\":[{\"@type\":\"ListItem\",\"position\":1,\"name\":\"Strona g\u0142\u00f3wna\",\"item\":\"https:\/\/polsoft.pl\/microsoft-surface\/\"},{\"@type\":\"ListItem\",\"position\":2,\"name\":\"Sklep\",\"item\":\"https:\/\/polsoft.pl\/microsoft-surface\/sklep\/\"},{\"@type\":\"ListItem\",\"position\":3,\"name\":\"Microsoft Surface Pro 11 COPILOT+ ZIK-00004-Qualcom Snapdragon X Plus-16GB-256GB-13&#8243;-Platynowy\"}]},{\"@type\":\"WebSite\",\"@id\":\"https:\/\/polsoft.pl\/microsoft-surface\/#website\",\"url\":\"https:\/\/polsoft.pl\/microsoft-surface\/\",\"name\":\"Sklep Microsoft Surface\",\"description\":\"Sklep Microsoft Surface\",\"publisher\":{\"@id\":\"https:\/\/polsoft.pl\/microsoft-surface\/#organization\"},\"potentialAction\":[{\"@type\":\"SearchAction\",\"target\":{\"@type\":\"EntryPoint\",\"urlTemplate\":\"https:\/\/polsoft.pl\/microsoft-surface\/?s={search_term_string}\"},\"query-input\":{\"@type\":\"PropertyValueSpecification\",\"valueRequired\":true,\"valueName\":\"search_term_string\"}}],\"inLanguage\":\"pl-PL\"},{\"@type\":\"Organization\",\"@id\":\"https:\/\/polsoft.pl\/microsoft-surface\/#organization\",\"name\":\"Polsoft Engineering Sp. z o.o.\",\"url\":\"https:\/\/polsoft.pl\/microsoft-surface\/\",\"logo\":{\"@type\":\"ImageObject\",\"inLanguage\":\"pl-PL\",\"@id\":\"https:\/\/polsoft.pl\/microsoft-surface\/#\/schema\/logo\/image\/\",\"url\":\"https:\/\/www.polsoft.pl\/microsoft-surface\/wp-content\/uploads\/2020\/10\/microsoft_partner_logo_black_polsoft.png\",\"contentUrl\":\"https:\/\/www.polsoft.pl\/microsoft-surface\/wp-content\/uploads\/2020\/10\/microsoft_partner_logo_black_polsoft.png\",\"width\":613,\"height\":158,\"caption\":\"Polsoft Engineering Sp. z o.o.\"},\"image\":{\"@id\":\"https:\/\/polsoft.pl\/microsoft-surface\/#\/schema\/logo\/image\/\"}}]}<\/script>\n<!-- \/ Yoast SEO plugin. -->","yoast_head_json":{"title":"Microsoft Surface Pro 11 COPILOT+ ZIK-00004-Qualcom Snapdragon X Plus-16GB-256GB-13\"-Platynowy - Sklep rozwi\u0105za\u0144 Microsoft Surface","description":"Odkryj nowy Surface Pro 11 COPILOT+ ZIK-00004 PC. Rewolucyjna moc AI i zjawiskowy ekran OLED w jednym. Sprawd\u017a cen\u0119, konfiguracje i zam\u00f3w z szybk\u0105 dostaw\u0105!","robots":{"index":"index","follow":"follow","max-snippet":"max-snippet:-1","max-image-preview":"max-image-preview:large","max-video-preview":"max-video-preview:-1"},"canonical":"https:\/\/polsoft.pl\/microsoft-surface\/produkt\/surface-pro-11-copilot-zik-00004-qualcom-snapdragon-x-plus-16gb-256gb-13-platynowy\/","og_locale":"pl_PL","og_type":"article","og_title":"Microsoft Surface Pro 11 COPILOT+ ZIK-00004-Qualcom Snapdragon X Plus-16GB-256GB-13\"-Platynowy - Sklep rozwi\u0105za\u0144 Microsoft Surface","og_description":"Odkryj nowy Surface Pro 11 COPILOT+ ZIK-00004 PC. Rewolucyjna moc AI i zjawiskowy ekran OLED w jednym. Sprawd\u017a cen\u0119, konfiguracje i zam\u00f3w z szybk\u0105 dostaw\u0105!","og_url":"https:\/\/polsoft.pl\/microsoft-surface\/produkt\/surface-pro-11-copilot-zik-00004-qualcom-snapdragon-x-plus-16gb-256gb-13-platynowy\/","og_site_name":"Sklep rozwi\u0105za\u0144 Microsoft Surface","article_modified_time":"2026-01-23T11:45:49+00:00","og_image":[{"width":1694,"height":1693,"url":"https:\/\/polsoft.pl\/microsoft-surface\/wp-content\/uploads\/2025\/06\/Microsoft-Surface-Pro-11-COPILOT-ZIK-00004.jpg","type":"image\/jpeg"}],"twitter_card":"summary_large_image","twitter_misc":{"Szacowany czas czytania":"4 minuty"},"schema":{"@context":"https:\/\/schema.org","@graph":[{"@type":"WebPage","@id":"https:\/\/polsoft.pl\/microsoft-surface\/produkt\/surface-pro-11-copilot-zik-00004-qualcom-snapdragon-x-plus-16gb-256gb-13-platynowy\/","url":"https:\/\/polsoft.pl\/microsoft-surface\/produkt\/surface-pro-11-copilot-zik-00004-qualcom-snapdragon-x-plus-16gb-256gb-13-platynowy\/","name":"Microsoft Surface Pro 11 COPILOT+ ZIK-00004-Qualcom Snapdragon X Plus-16GB-256GB-13\"-Platynowy - Sklep rozwi\u0105za\u0144 Microsoft Surface","isPartOf":{"@id":"https:\/\/polsoft.pl\/microsoft-surface\/#website"},"primaryImageOfPage":{"@id":"https:\/\/polsoft.pl\/microsoft-surface\/produkt\/surface-pro-11-copilot-zik-00004-qualcom-snapdragon-x-plus-16gb-256gb-13-platynowy\/#primaryimage"},"image":{"@id":"https:\/\/polsoft.pl\/microsoft-surface\/produkt\/surface-pro-11-copilot-zik-00004-qualcom-snapdragon-x-plus-16gb-256gb-13-platynowy\/#primaryimage"},"thumbnailUrl":"https:\/\/www.polsoft.pl\/microsoft-surface\/wp-content\/uploads\/2025\/06\/Microsoft-Surface-Pro-11-COPILOT-ZIK-00004.jpg","datePublished":"2024-10-31T08:52:08+00:00","dateModified":"2026-01-23T11:45:49+00:00","description":"Odkryj nowy Surface Pro 11 COPILOT+ ZIK-00004 PC. Rewolucyjna moc AI i zjawiskowy ekran OLED w jednym. Sprawd\u017a cen\u0119, konfiguracje i zam\u00f3w z szybk\u0105 dostaw\u0105!","breadcrumb":{"@id":"https:\/\/polsoft.pl\/microsoft-surface\/produkt\/surface-pro-11-copilot-zik-00004-qualcom-snapdragon-x-plus-16gb-256gb-13-platynowy\/#breadcrumb"},"inLanguage":"pl-PL","potentialAction":[{"@type":"ReadAction","target":["https:\/\/polsoft.pl\/microsoft-surface\/produkt\/surface-pro-11-copilot-zik-00004-qualcom-snapdragon-x-plus-16gb-256gb-13-platynowy\/"]}]},{"@type":"ImageObject","inLanguage":"pl-PL","@id":"https:\/\/polsoft.pl\/microsoft-surface\/produkt\/surface-pro-11-copilot-zik-00004-qualcom-snapdragon-x-plus-16gb-256gb-13-platynowy\/#primaryimage","url":"https:\/\/www.polsoft.pl\/microsoft-surface\/wp-content\/uploads\/2025\/06\/Microsoft-Surface-Pro-11-COPILOT-ZIK-00004.jpg","contentUrl":"https:\/\/www.polsoft.pl\/microsoft-surface\/wp-content\/uploads\/2025\/06\/Microsoft-Surface-Pro-11-COPILOT-ZIK-00004.jpg","width":1694,"height":1693},{"@type":"BreadcrumbList","@id":"https:\/\/polsoft.pl\/microsoft-surface\/produkt\/surface-pro-11-copilot-zik-00004-qualcom-snapdragon-x-plus-16gb-256gb-13-platynowy\/#breadcrumb","itemListElement":[{"@type":"ListItem","position":1,"name":"Strona g\u0142\u00f3wna","item":"https:\/\/polsoft.pl\/microsoft-surface\/"},{"@type":"ListItem","position":2,"name":"Sklep","item":"https:\/\/polsoft.pl\/microsoft-surface\/sklep\/"},{"@type":"ListItem","position":3,"name":"Microsoft Surface Pro 11 COPILOT+ ZIK-00004-Qualcom Snapdragon X Plus-16GB-256GB-13&#8243;-Platynowy"}]},{"@type":"WebSite","@id":"https:\/\/polsoft.pl\/microsoft-surface\/#website","url":"https:\/\/polsoft.pl\/microsoft-surface\/","name":"Sklep Microsoft Surface","description":"Sklep Microsoft Surface","publisher":{"@id":"https:\/\/polsoft.pl\/microsoft-surface\/#organization"},"potentialAction":[{"@type":"SearchAction","target":{"@type":"EntryPoint","urlTemplate":"https:\/\/polsoft.pl\/microsoft-surface\/?s={search_term_string}"},"query-input":{"@type":"PropertyValueSpecification","valueRequired":true,"valueName":"search_term_string"}}],"inLanguage":"pl-PL"},{"@type":"Organization","@id":"https:\/\/polsoft.pl\/microsoft-surface\/#organization","name":"Polsoft Engineering Sp. z o.o.","url":"https:\/\/polsoft.pl\/microsoft-surface\/","logo":{"@type":"ImageObject","inLanguage":"pl-PL","@id":"https:\/\/polsoft.pl\/microsoft-surface\/#\/schema\/logo\/image\/","url":"https:\/\/www.polsoft.pl\/microsoft-surface\/wp-content\/uploads\/2020\/10\/microsoft_partner_logo_black_polsoft.png","contentUrl":"https:\/\/www.polsoft.pl\/microsoft-surface\/wp-content\/uploads\/2020\/10\/microsoft_partner_logo_black_polsoft.png","width":613,"height":158,"caption":"Polsoft Engineering Sp. z o.o."},"image":{"@id":"https:\/\/polsoft.pl\/microsoft-surface\/#\/schema\/logo\/image\/"}}]}},"_links":{"self":[{"href":"https:\/\/www.polsoft.pl\/microsoft-surface\/wp-json\/wp\/v2\/product\/17627","targetHints":{"allow":["GET"]}}],"collection":[{"href":"https:\/\/www.polsoft.pl\/microsoft-surface\/wp-json\/wp\/v2\/product"}],"about":[{"href":"https:\/\/www.polsoft.pl\/microsoft-surface\/wp-json\/wp\/v2\/types\/product"}],"version-history":[{"count":4,"href":"https:\/\/www.polsoft.pl\/microsoft-surface\/wp-json\/wp\/v2\/product\/17627\/revisions"}],"predecessor-version":[{"id":19495,"href":"https:\/\/www.polsoft.pl\/microsoft-surface\/wp-json\/wp\/v2\/product\/17627\/revisions\/19495"}],"wp:featuredmedia":[{"embeddable":true,"href":"https:\/\/www.polsoft.pl\/microsoft-surface\/wp-json\/wp\/v2\/media\/19492"}],"wp:attachment":[{"href":"https:\/\/www.polsoft.pl\/microsoft-surface\/wp-json\/wp\/v2\/media?parent=17627"}],"wp:term":[{"taxonomy":"product_brand","embeddable":true,"href":"https:\/\/www.polsoft.pl\/microsoft-surface\/wp-json\/wp\/v2\/product_brand?post=17627"},{"taxonomy":"product_cat","embeddable":true,"href":"https:\/\/www.polsoft.pl\/microsoft-surface\/wp-json\/wp\/v2\/product_cat?post=17627"},{"taxonomy":"product_tag","embeddable":true,"href":"https:\/\/www.polsoft.pl\/microsoft-surface\/wp-json\/wp\/v2\/product_tag?post=17627"}],"curies":[{"name":"wp","href":"https:\/\/api.w.org\/{rel}","templated":true}]}}