{"id":17633,"date":"2024-10-31T09:52:08","date_gmt":"2024-10-31T08:52:08","guid":{"rendered":"https:\/\/polsoft.pl\/microsoft-surface\/produkt\/surface-pro-11-copilot-zil-00022-qualcom-snapdragon-x-plus-16gb-512gb-13-czarny\/"},"modified":"2026-01-23T12:45:50","modified_gmt":"2026-01-23T11:45:50","slug":"surface-pro-11-copilot-zil-00022-qualcom-snapdragon-x-plus-16gb-512gb-13-czarny","status":"publish","type":"product","link":"https:\/\/www.polsoft.pl\/microsoft-surface\/produkt\/surface-pro-11-copilot-zil-00022-qualcom-snapdragon-x-plus-16gb-512gb-13-czarny\/","title":{"rendered":"Surface Pro 11 COPILOT+-ZIL-00022-Qualcom Snapdragon X Plus-16GB-512GB-13&#8243;-Czarny"},"content":{"rendered":"<p>Poznaj komputer wymy\u015blony na nowo. Microsoft Surface Pro 11 ZIL-00022 to nie jest kolejna iteracja \u2013 to rewolucja w \u015bwiecie komputer\u00f3w osobistych i flagowy przedstawiciel nowej kategorii Copilot+ PC. To urz\u0105dzenie w eleganckiej, czarnej obudowie, zosta\u0142o zaprojektowane od podstaw, aby dostarczy\u0107 Ci niespotykan\u0105 dot\u0105d wydajno\u015b\u0107, prze\u0142omowe funkcje oparte na sztucznej inteligencji i zdumiewaj\u0105cy czas pracy na baterii. To po\u0142\u0105czenie mocy, inteligencji i wszechstronno\u015bci, kt\u00f3re na zawsze zmieni Tw\u00f3j spos\u00f3b pracy, tworzenia i komunikacji.<\/p>\n<p>Sercem tego komputera jest rewolucyjny procesor Snapdragon\u00ae X Plus, zbudowany na energooszcz\u0119dnej architekturze ARM, kt\u00f3ra zapewnia b\u0142yskawiczn\u0105 responsywno\u015b\u0107 i pozwala na prac\u0119 przez ca\u0142y dzie\u0144 bez potrzeby si\u0119gania po \u0142adowark\u0119. <span class=\"citation-153\">Ale jego prawdziwym sekretem jest jeden z najpot\u0119\u017cniejszych na \u015bwiecie uk\u0142ad\u00f3w <\/span><span class=\"citation-153\">NPU (Neural Processing Unit)<\/span><span class=\"citation-153 citation-end-153\">, zdolny do wykonywania 45 bilion\u00f3w operacji na sekund\u0119.<\/span> To dzi\u0119ki niemu funkcje AI, kt\u00f3re do tej pory wymaga\u0142y po\u0142\u0105czenia z chmur\u0105, dzia\u0142aj\u0105 b\u0142yskawicznie i bezpiecznie, bezpo\u015brednio na Twoim urz\u0105dzeniu. <span class=\"citation-152\">Wspierany przez <\/span><span class=\"citation-152\">16 GB<\/span><span class=\"citation-152\"> pami\u0119ci RAM <\/span><span class=\"citation-152\">LPDDR5x<\/span><span class=\"citation-152\"> oraz szybki dysk <\/span><span class=\"citation-152\">SSD o pojemno\u015bci 512 GB<\/span><span class=\"citation-152 citation-end-152\"> (PCIe 4.0), ten Surface Pro zapewnia ogromn\u0105 przestrze\u0144 i natychmiastowy dost\u0119p do danych.<\/span><\/p>\n<p>Zanurz si\u0119 w ol\u015bniewaj\u0105cej jako\u015bci obrazie na spektakularnym, 13-calowym ekranie dotykowym PixelSense\u2122 Flow. <span class=\"citation-151\">Jego niezwykle wysoka rozdzielczo\u015b\u0107 <\/span><span class=\"citation-151\">2880 x 1920 (267 PPI)<\/span><span class=\"citation-151 citation-end-151\"> sprawia, \u017ce ka\u017cdy detal jest renderowany z absolutn\u0105 precyzj\u0105.<\/span> <span class=\"citation-150\">Dynamiczne od\u015bwie\u017canie do <\/span><span class=\"citation-150\">120Hz<\/span><span class=\"citation-150 citation-end-150\"> to p\u0142ynno\u015b\u0107, kt\u00f3ra redefiniuje interakcj\u0119 z ekranem dotykowym, czyni\u0105c ka\u017cd\u0105 operacj\u0119 niezwykle responsywn\u0105.<\/span> Technologia adaptacyjnego dopasowywania kolor\u00f3w i wysoka jasno\u015b\u0107 ekranu zapewniaj\u0105 doskona\u0142\u0105 czytelno\u015b\u0107 w ka\u017cdych warunkach o\u015bwietleniowych, a wytrzyma\u0142e szk\u0142o Corning\u00ae Gorilla\u00ae Glass 5 chroni ten pi\u0119kny wy\u015bwietlacz.<\/p>\n<p>Niezr\u00f3wnana wszechstronno\u015b\u0107 Surface Pro 11 tkwi w jego unikalnej konstrukcji. Dzi\u0119ki wbudowanej, regulowanej podp\u00f3rce o zakresie ruchu niemal 180 stopni, mo\u017cesz ustawi\u0107 urz\u0105dzenie pod dowolnym k\u0105tem. A co najwa\u017cniejsze, jest on w pe\u0142ni kompatybilny z now\u0105, rewolucyjn\u0105 klawiatur\u0105 Surface Pro Flex Keyboard (sprzedawan\u0105 osobno), kt\u00f3ra jako pierwsza w historii mo\u017ce by\u0107 u\u017cywana zar\u00f3wno po pod\u0142\u0105czeniu, jak i ca\u0142kowicie bezprzewodowo przez Bluetooth, daj\u0105c Ci bezprecedensow\u0105 swobod\u0119 aran\u017cacji miejsca pracy.<\/p>\n<p>Witaj w erze Copilot+. <span class=\"citation-149 citation-end-149\">Jako pe\u0142noprawny Copilot+ PC, ten Surface Pro oferuje ekskluzywne funkcje AI.<\/span> Wyobra\u017a sobie, \u017ce masz fotograficzn\u0105 pami\u0119\u0107 \u2013 funkcja Recall (Przywo\u0142aj) pozwala Ci odnale\u017a\u0107 wszystko, co kiedykolwiek widzia\u0142e\u015b na swoim komputerze za pomoc\u0105 prostego opisu. <span class=\"citation-148\">Tw\u00f3rz obrazy w czasie rzeczywistym dzi\u0119ki funkcji <\/span><span class=\"citation-148\">Cocreator<\/span><span class=\"citation-148 citation-end-148\"> w programie Paint, kt\u00f3ra zamienia Twoje proste szkice w zachwycaj\u0105ce dzie\u0142a sztuki.<\/span> Prze\u0142amuj bariery j\u0119zykowe dzi\u0119ki Napisom na \u017cywo z t\u0142umaczeniem w czasie rzeczywistym dla ka\u017cdego materia\u0142u wideo lub audio.<\/p>\n<p><span class=\"citation-147\">B\u0105d\u017a got\u00f3w na przysz\u0142o\u015b\u0107 \u0142\u0105czno\u015bci dzi\u0119ki najnowszemu standardowi <\/span><span class=\"citation-147\">Wi-Fi 7<\/span><span class=\"citation-147\">, kt\u00f3ry oferuje jeszcze wi\u0119ksze pr\u0119dko\u015bci i mniejsze op\u00f3\u017anienia, oraz <\/span><span class=\"citation-147\">Bluetooth\u00ae 5.4<\/span><span class=\"citation-147 citation-end-147\">.<\/span> <span class=\"citation-146\">Dwa wszechstronne porty <\/span><span class=\"citation-146\">USB-C\u00ae<\/span><span class=\"citation-146\"> z obs\u0142ug\u0105 standardu <\/span><span class=\"citation-146\">USB4\u00ae<\/span><span class=\"citation-146 citation-end-146\"> pozwalaj\u0105 na szybkie \u0142adowanie, transfer danych i pod\u0142\u0105czenie dw\u00f3ch monitor\u00f3w 4K.<\/span> <span class=\"citation-145\">Twoje dane s\u0105 chronione przez zaawansowany procesor bezpiecze\u0144stwa <\/span><span class=\"citation-145\">Microsoft Pluton<\/span><span class=\"citation-145 citation-end-145\">, kt\u00f3ry jest zintegrowany bezpo\u015brednio z chipem i zapewnia ochron\u0119 od samego startu systemu.<\/span> Logowanie jest b\u0142yskawiczne i bezpieczne dzi\u0119ki Windows Hello.<\/p>\n<p>Podsumowuj\u0105c, Microsoft Surface Pro 11 ZIL-00022 to znacznie wi\u0119cej ni\u017c komputer. To Tw\u00f3j inteligentny partner, kt\u00f3ry uczy si\u0119 Ciebie i pomaga Ci pracowa\u0107 m\u0105drzej, szybciej i bardziej kreatywnie. To idealne narz\u0119dzie dla innowator\u00f3w, tw\u00f3rc\u00f3w i profesjonalist\u00f3w, kt\u00f3rzy chc\u0105 by\u0107 na czele technologicznej rewolucji i korzysta\u0107 z mo\u017cliwo\u015bci, jakie oferuje prawdziwa sztuczna inteligencja na Twoim urz\u0105dzeniu.<\/p>\n","protected":false},"excerpt":{"rendered":"<p>Poznaj komputer wymy\u015blony na nowo. Microsoft Surface Pro 11 ZIL-00022 to nie jest kolejna iteracja \u2013 to rewolucja w \u015bwiecie komputer\u00f3w osobistych i flagowy przedstawiciel nowej kategorii Copilot+ PC. To urz\u0105dzenie w eleganckiej, czarnej obudowie, zosta\u0142o zaprojektowane od podstaw, aby dostarczy\u0107 Ci niespotykan\u0105 dot\u0105d wydajno\u015b\u0107, prze\u0142omowe funkcje oparte na sztucznej inteligencji i zdumiewaj\u0105cy czas pracy [&hellip;]<\/p>\n","protected":false},"featured_media":19429,"template":"","meta":{"site-sidebar-layout":"default","site-content-layout":"","ast-site-content-layout":"default","site-content-style":"default","site-sidebar-style":"default","ast-global-header-display":"","ast-banner-title-visibility":"","ast-main-header-display":"","ast-hfb-above-header-display":"","ast-hfb-below-header-display":"","ast-hfb-mobile-header-display":"","site-post-title":"","ast-breadcrumbs-content":"","ast-featured-img":"","footer-sml-layout":"","ast-disable-related-posts":"","theme-transparent-header-meta":"default","adv-header-id-meta":"","stick-header-meta":"","header-above-stick-meta":"","header-main-stick-meta":"","header-below-stick-meta":"","astra-migrate-meta-layouts":"set","ast-page-background-enabled":"default","ast-page-background-meta":{"desktop":{"background-color":"","background-image":"","background-repeat":"repeat","background-position":"center center","background-size":"auto","background-attachment":"scroll","background-type":"","background-media":"","overlay-type":"","overlay-color":"","overlay-opacity":"","overlay-gradient":""},"tablet":{"background-color":"","background-image":"","background-repeat":"repeat","background-position":"center center","background-size":"auto","background-attachment":"scroll","background-type":"","background-media":"","overlay-type":"","overlay-color":"","overlay-opacity":"","overlay-gradient":""},"mobile":{"background-color":"","background-image":"","background-repeat":"repeat","background-position":"center center","background-size":"auto","background-attachment":"scroll","background-type":"","background-media":"","overlay-type":"","overlay-color":"","overlay-opacity":"","overlay-gradient":""}},"ast-content-background-meta":{"desktop":{"background-color":"var(--ast-global-color-5)","background-image":"","background-repeat":"repeat","background-position":"center center","background-size":"auto","background-attachment":"scroll","background-type":"","background-media":"","overlay-type":"","overlay-color":"","overlay-opacity":"","overlay-gradient":""},"tablet":{"background-color":"var(--ast-global-color-5)","background-image":"","background-repeat":"repeat","background-position":"center center","background-size":"auto","background-attachment":"scroll","background-type":"","background-media":"","overlay-type":"","overlay-color":"","overlay-opacity":"","overlay-gradient":""},"mobile":{"background-color":"var(--ast-global-color-5)","background-image":"","background-repeat":"repeat","background-position":"center center","background-size":"auto","background-attachment":"scroll","background-type":"","background-media":"","overlay-type":"","overlay-color":"","overlay-opacity":"","overlay-gradient":""}},"_links_to":"","_links_to_target":""},"product_brand":[],"product_cat":[69,316],"product_tag":[],"class_list":{"0":"post-17633","1":"product","2":"type-product","3":"status-publish","4":"has-post-thumbnail","6":"product_cat-tablety-microsoft-surface","7":"product_cat-microsoft-surface-pro-11","8":"pa_dodatkowe-komponenty-wifi","9":"pa_matryca-48","10":"pa_model-procesora-snapdragon-x-plus","11":"pa_pamiec-ram-16gb","12":"pa_pojemnosc-dysku-512gb","13":"pa_producent-procesora-qualcomm","14":"desktop-align-left","15":"tablet-align-left","16":"mobile-align-left","18":"first","19":"instock","20":"taxable","21":"shipping-taxable","22":"purchasable","23":"product-type-simple"},"yoast_head":"<!-- This site is optimized with the Yoast SEO plugin v26.7 - https:\/\/yoast.com\/wordpress\/plugins\/seo\/ -->\n<title>Surface Pro 11 COPILOT+-ZIL-00022-Qualcom Snapdragon X Plus-16GB-512GB-13&quot;-Czarny - Sklep rozwi\u0105za\u0144 Microsoft Surface<\/title>\n<meta name=\"description\" content=\"Odkryj nowy Surface Pro 11 ZIL-00022 Copilot+ PC. Rewolucyjna moc AI i zjawiskowy ekran OLED w jednym. Sprawd\u017a cen\u0119, konfiguracje i zam\u00f3w z szybk\u0105 dostaw\u0105!\" \/>\n<meta name=\"robots\" content=\"index, follow, max-snippet:-1, max-image-preview:large, max-video-preview:-1\" \/>\n<link rel=\"canonical\" href=\"https:\/\/polsoft.pl\/microsoft-surface\/produkt\/surface-pro-11-copilot-zil-00022-qualcom-snapdragon-x-plus-16gb-512gb-13-czarny\/\" \/>\n<meta property=\"og:locale\" content=\"pl_PL\" \/>\n<meta property=\"og:type\" content=\"article\" \/>\n<meta property=\"og:title\" content=\"Surface Pro 11 COPILOT+-ZIL-00022-Qualcom Snapdragon X Plus-16GB-512GB-13&quot;-Czarny - Sklep rozwi\u0105za\u0144 Microsoft Surface\" \/>\n<meta property=\"og:description\" content=\"Odkryj nowy Surface Pro 11 ZIL-00022 Copilot+ PC. Rewolucyjna moc AI i zjawiskowy ekran OLED w jednym. Sprawd\u017a cen\u0119, konfiguracje i zam\u00f3w z szybk\u0105 dostaw\u0105!\" \/>\n<meta property=\"og:url\" content=\"https:\/\/polsoft.pl\/microsoft-surface\/produkt\/surface-pro-11-copilot-zil-00022-qualcom-snapdragon-x-plus-16gb-512gb-13-czarny\/\" \/>\n<meta property=\"og:site_name\" content=\"Sklep rozwi\u0105za\u0144 Microsoft Surface\" \/>\n<meta property=\"article:modified_time\" content=\"2026-01-23T11:45:50+00:00\" \/>\n<meta property=\"og:image\" content=\"https:\/\/polsoft.pl\/microsoft-surface\/wp-content\/uploads\/Tablety\/Surface-Pro\/Microsoft-Surface-Pro-11-ZIL-00022-1.jpg\" \/>\n\t<meta property=\"og:image:width\" content=\"1724\" \/>\n\t<meta property=\"og:image:height\" content=\"1724\" \/>\n\t<meta property=\"og:image:type\" content=\"image\/jpeg\" \/>\n<meta name=\"twitter:card\" content=\"summary_large_image\" \/>\n<meta name=\"twitter:label1\" content=\"Szacowany czas czytania\" \/>\n\t<meta name=\"twitter:data1\" content=\"4 minuty\" \/>\n<script type=\"application\/ld+json\" class=\"yoast-schema-graph\">{\"@context\":\"https:\/\/schema.org\",\"@graph\":[{\"@type\":\"WebPage\",\"@id\":\"https:\/\/polsoft.pl\/microsoft-surface\/produkt\/surface-pro-11-copilot-zil-00022-qualcom-snapdragon-x-plus-16gb-512gb-13-czarny\/\",\"url\":\"https:\/\/polsoft.pl\/microsoft-surface\/produkt\/surface-pro-11-copilot-zil-00022-qualcom-snapdragon-x-plus-16gb-512gb-13-czarny\/\",\"name\":\"Surface Pro 11 COPILOT+-ZIL-00022-Qualcom Snapdragon X Plus-16GB-512GB-13\\\"-Czarny - Sklep rozwi\u0105za\u0144 Microsoft Surface\",\"isPartOf\":{\"@id\":\"https:\/\/polsoft.pl\/microsoft-surface\/#website\"},\"primaryImageOfPage\":{\"@id\":\"https:\/\/polsoft.pl\/microsoft-surface\/produkt\/surface-pro-11-copilot-zil-00022-qualcom-snapdragon-x-plus-16gb-512gb-13-czarny\/#primaryimage\"},\"image\":{\"@id\":\"https:\/\/polsoft.pl\/microsoft-surface\/produkt\/surface-pro-11-copilot-zil-00022-qualcom-snapdragon-x-plus-16gb-512gb-13-czarny\/#primaryimage\"},\"thumbnailUrl\":\"https:\/\/www.polsoft.pl\/microsoft-surface\/wp-content\/uploads\/Tablety\/Surface-Pro\/Microsoft-Surface-Pro-11-ZIL-00022-1.jpg\",\"datePublished\":\"2024-10-31T08:52:08+00:00\",\"dateModified\":\"2026-01-23T11:45:50+00:00\",\"description\":\"Odkryj nowy Surface Pro 11 ZIL-00022 Copilot+ PC. Rewolucyjna moc AI i zjawiskowy ekran OLED w jednym. Sprawd\u017a cen\u0119, konfiguracje i zam\u00f3w z szybk\u0105 dostaw\u0105!\",\"breadcrumb\":{\"@id\":\"https:\/\/polsoft.pl\/microsoft-surface\/produkt\/surface-pro-11-copilot-zil-00022-qualcom-snapdragon-x-plus-16gb-512gb-13-czarny\/#breadcrumb\"},\"inLanguage\":\"pl-PL\",\"potentialAction\":[{\"@type\":\"ReadAction\",\"target\":[\"https:\/\/polsoft.pl\/microsoft-surface\/produkt\/surface-pro-11-copilot-zil-00022-qualcom-snapdragon-x-plus-16gb-512gb-13-czarny\/\"]}]},{\"@type\":\"ImageObject\",\"inLanguage\":\"pl-PL\",\"@id\":\"https:\/\/polsoft.pl\/microsoft-surface\/produkt\/surface-pro-11-copilot-zil-00022-qualcom-snapdragon-x-plus-16gb-512gb-13-czarny\/#primaryimage\",\"url\":\"https:\/\/www.polsoft.pl\/microsoft-surface\/wp-content\/uploads\/Tablety\/Surface-Pro\/Microsoft-Surface-Pro-11-ZIL-00022-1.jpg\",\"contentUrl\":\"https:\/\/www.polsoft.pl\/microsoft-surface\/wp-content\/uploads\/Tablety\/Surface-Pro\/Microsoft-Surface-Pro-11-ZIL-00022-1.jpg\",\"width\":1724,\"height\":1724},{\"@type\":\"BreadcrumbList\",\"@id\":\"https:\/\/polsoft.pl\/microsoft-surface\/produkt\/surface-pro-11-copilot-zil-00022-qualcom-snapdragon-x-plus-16gb-512gb-13-czarny\/#breadcrumb\",\"itemListElement\":[{\"@type\":\"ListItem\",\"position\":1,\"name\":\"Strona g\u0142\u00f3wna\",\"item\":\"https:\/\/polsoft.pl\/microsoft-surface\/\"},{\"@type\":\"ListItem\",\"position\":2,\"name\":\"Sklep\",\"item\":\"https:\/\/polsoft.pl\/microsoft-surface\/sklep\/\"},{\"@type\":\"ListItem\",\"position\":3,\"name\":\"Surface Pro 11 COPILOT+-ZIL-00022-Qualcom Snapdragon X Plus-16GB-512GB-13&#8243;-Czarny\"}]},{\"@type\":\"WebSite\",\"@id\":\"https:\/\/polsoft.pl\/microsoft-surface\/#website\",\"url\":\"https:\/\/polsoft.pl\/microsoft-surface\/\",\"name\":\"Sklep Microsoft Surface\",\"description\":\"Sklep Microsoft Surface\",\"publisher\":{\"@id\":\"https:\/\/polsoft.pl\/microsoft-surface\/#organization\"},\"potentialAction\":[{\"@type\":\"SearchAction\",\"target\":{\"@type\":\"EntryPoint\",\"urlTemplate\":\"https:\/\/polsoft.pl\/microsoft-surface\/?s={search_term_string}\"},\"query-input\":{\"@type\":\"PropertyValueSpecification\",\"valueRequired\":true,\"valueName\":\"search_term_string\"}}],\"inLanguage\":\"pl-PL\"},{\"@type\":\"Organization\",\"@id\":\"https:\/\/polsoft.pl\/microsoft-surface\/#organization\",\"name\":\"Polsoft Engineering Sp. z o.o.\",\"url\":\"https:\/\/polsoft.pl\/microsoft-surface\/\",\"logo\":{\"@type\":\"ImageObject\",\"inLanguage\":\"pl-PL\",\"@id\":\"https:\/\/polsoft.pl\/microsoft-surface\/#\/schema\/logo\/image\/\",\"url\":\"https:\/\/www.polsoft.pl\/microsoft-surface\/wp-content\/uploads\/2020\/10\/microsoft_partner_logo_black_polsoft.png\",\"contentUrl\":\"https:\/\/www.polsoft.pl\/microsoft-surface\/wp-content\/uploads\/2020\/10\/microsoft_partner_logo_black_polsoft.png\",\"width\":613,\"height\":158,\"caption\":\"Polsoft Engineering Sp. z o.o.\"},\"image\":{\"@id\":\"https:\/\/polsoft.pl\/microsoft-surface\/#\/schema\/logo\/image\/\"}}]}<\/script>\n<!-- \/ Yoast SEO plugin. -->","yoast_head_json":{"title":"Surface Pro 11 COPILOT+-ZIL-00022-Qualcom Snapdragon X Plus-16GB-512GB-13\"-Czarny - Sklep rozwi\u0105za\u0144 Microsoft Surface","description":"Odkryj nowy Surface Pro 11 ZIL-00022 Copilot+ PC. Rewolucyjna moc AI i zjawiskowy ekran OLED w jednym. Sprawd\u017a cen\u0119, konfiguracje i zam\u00f3w z szybk\u0105 dostaw\u0105!","robots":{"index":"index","follow":"follow","max-snippet":"max-snippet:-1","max-image-preview":"max-image-preview:large","max-video-preview":"max-video-preview:-1"},"canonical":"https:\/\/polsoft.pl\/microsoft-surface\/produkt\/surface-pro-11-copilot-zil-00022-qualcom-snapdragon-x-plus-16gb-512gb-13-czarny\/","og_locale":"pl_PL","og_type":"article","og_title":"Surface Pro 11 COPILOT+-ZIL-00022-Qualcom Snapdragon X Plus-16GB-512GB-13\"-Czarny - Sklep rozwi\u0105za\u0144 Microsoft Surface","og_description":"Odkryj nowy Surface Pro 11 ZIL-00022 Copilot+ PC. Rewolucyjna moc AI i zjawiskowy ekran OLED w jednym. Sprawd\u017a cen\u0119, konfiguracje i zam\u00f3w z szybk\u0105 dostaw\u0105!","og_url":"https:\/\/polsoft.pl\/microsoft-surface\/produkt\/surface-pro-11-copilot-zil-00022-qualcom-snapdragon-x-plus-16gb-512gb-13-czarny\/","og_site_name":"Sklep rozwi\u0105za\u0144 Microsoft Surface","article_modified_time":"2026-01-23T11:45:50+00:00","og_image":[{"width":1724,"height":1724,"url":"https:\/\/polsoft.pl\/microsoft-surface\/wp-content\/uploads\/Tablety\/Surface-Pro\/Microsoft-Surface-Pro-11-ZIL-00022-1.jpg","type":"image\/jpeg"}],"twitter_card":"summary_large_image","twitter_misc":{"Szacowany czas czytania":"4 minuty"},"schema":{"@context":"https:\/\/schema.org","@graph":[{"@type":"WebPage","@id":"https:\/\/polsoft.pl\/microsoft-surface\/produkt\/surface-pro-11-copilot-zil-00022-qualcom-snapdragon-x-plus-16gb-512gb-13-czarny\/","url":"https:\/\/polsoft.pl\/microsoft-surface\/produkt\/surface-pro-11-copilot-zil-00022-qualcom-snapdragon-x-plus-16gb-512gb-13-czarny\/","name":"Surface Pro 11 COPILOT+-ZIL-00022-Qualcom Snapdragon X Plus-16GB-512GB-13\"-Czarny - Sklep rozwi\u0105za\u0144 Microsoft Surface","isPartOf":{"@id":"https:\/\/polsoft.pl\/microsoft-surface\/#website"},"primaryImageOfPage":{"@id":"https:\/\/polsoft.pl\/microsoft-surface\/produkt\/surface-pro-11-copilot-zil-00022-qualcom-snapdragon-x-plus-16gb-512gb-13-czarny\/#primaryimage"},"image":{"@id":"https:\/\/polsoft.pl\/microsoft-surface\/produkt\/surface-pro-11-copilot-zil-00022-qualcom-snapdragon-x-plus-16gb-512gb-13-czarny\/#primaryimage"},"thumbnailUrl":"https:\/\/www.polsoft.pl\/microsoft-surface\/wp-content\/uploads\/Tablety\/Surface-Pro\/Microsoft-Surface-Pro-11-ZIL-00022-1.jpg","datePublished":"2024-10-31T08:52:08+00:00","dateModified":"2026-01-23T11:45:50+00:00","description":"Odkryj nowy Surface Pro 11 ZIL-00022 Copilot+ PC. Rewolucyjna moc AI i zjawiskowy ekran OLED w jednym. Sprawd\u017a cen\u0119, konfiguracje i zam\u00f3w z szybk\u0105 dostaw\u0105!","breadcrumb":{"@id":"https:\/\/polsoft.pl\/microsoft-surface\/produkt\/surface-pro-11-copilot-zil-00022-qualcom-snapdragon-x-plus-16gb-512gb-13-czarny\/#breadcrumb"},"inLanguage":"pl-PL","potentialAction":[{"@type":"ReadAction","target":["https:\/\/polsoft.pl\/microsoft-surface\/produkt\/surface-pro-11-copilot-zil-00022-qualcom-snapdragon-x-plus-16gb-512gb-13-czarny\/"]}]},{"@type":"ImageObject","inLanguage":"pl-PL","@id":"https:\/\/polsoft.pl\/microsoft-surface\/produkt\/surface-pro-11-copilot-zil-00022-qualcom-snapdragon-x-plus-16gb-512gb-13-czarny\/#primaryimage","url":"https:\/\/www.polsoft.pl\/microsoft-surface\/wp-content\/uploads\/Tablety\/Surface-Pro\/Microsoft-Surface-Pro-11-ZIL-00022-1.jpg","contentUrl":"https:\/\/www.polsoft.pl\/microsoft-surface\/wp-content\/uploads\/Tablety\/Surface-Pro\/Microsoft-Surface-Pro-11-ZIL-00022-1.jpg","width":1724,"height":1724},{"@type":"BreadcrumbList","@id":"https:\/\/polsoft.pl\/microsoft-surface\/produkt\/surface-pro-11-copilot-zil-00022-qualcom-snapdragon-x-plus-16gb-512gb-13-czarny\/#breadcrumb","itemListElement":[{"@type":"ListItem","position":1,"name":"Strona g\u0142\u00f3wna","item":"https:\/\/polsoft.pl\/microsoft-surface\/"},{"@type":"ListItem","position":2,"name":"Sklep","item":"https:\/\/polsoft.pl\/microsoft-surface\/sklep\/"},{"@type":"ListItem","position":3,"name":"Surface Pro 11 COPILOT+-ZIL-00022-Qualcom Snapdragon X Plus-16GB-512GB-13&#8243;-Czarny"}]},{"@type":"WebSite","@id":"https:\/\/polsoft.pl\/microsoft-surface\/#website","url":"https:\/\/polsoft.pl\/microsoft-surface\/","name":"Sklep Microsoft Surface","description":"Sklep Microsoft Surface","publisher":{"@id":"https:\/\/polsoft.pl\/microsoft-surface\/#organization"},"potentialAction":[{"@type":"SearchAction","target":{"@type":"EntryPoint","urlTemplate":"https:\/\/polsoft.pl\/microsoft-surface\/?s={search_term_string}"},"query-input":{"@type":"PropertyValueSpecification","valueRequired":true,"valueName":"search_term_string"}}],"inLanguage":"pl-PL"},{"@type":"Organization","@id":"https:\/\/polsoft.pl\/microsoft-surface\/#organization","name":"Polsoft Engineering Sp. z o.o.","url":"https:\/\/polsoft.pl\/microsoft-surface\/","logo":{"@type":"ImageObject","inLanguage":"pl-PL","@id":"https:\/\/polsoft.pl\/microsoft-surface\/#\/schema\/logo\/image\/","url":"https:\/\/www.polsoft.pl\/microsoft-surface\/wp-content\/uploads\/2020\/10\/microsoft_partner_logo_black_polsoft.png","contentUrl":"https:\/\/www.polsoft.pl\/microsoft-surface\/wp-content\/uploads\/2020\/10\/microsoft_partner_logo_black_polsoft.png","width":613,"height":158,"caption":"Polsoft Engineering Sp. z o.o."},"image":{"@id":"https:\/\/polsoft.pl\/microsoft-surface\/#\/schema\/logo\/image\/"}}]}},"_links":{"self":[{"href":"https:\/\/www.polsoft.pl\/microsoft-surface\/wp-json\/wp\/v2\/product\/17633","targetHints":{"allow":["GET"]}}],"collection":[{"href":"https:\/\/www.polsoft.pl\/microsoft-surface\/wp-json\/wp\/v2\/product"}],"about":[{"href":"https:\/\/www.polsoft.pl\/microsoft-surface\/wp-json\/wp\/v2\/types\/product"}],"version-history":[{"count":2,"href":"https:\/\/www.polsoft.pl\/microsoft-surface\/wp-json\/wp\/v2\/product\/17633\/revisions"}],"predecessor-version":[{"id":19434,"href":"https:\/\/www.polsoft.pl\/microsoft-surface\/wp-json\/wp\/v2\/product\/17633\/revisions\/19434"}],"wp:featuredmedia":[{"embeddable":true,"href":"https:\/\/www.polsoft.pl\/microsoft-surface\/wp-json\/wp\/v2\/media\/19429"}],"wp:attachment":[{"href":"https:\/\/www.polsoft.pl\/microsoft-surface\/wp-json\/wp\/v2\/media?parent=17633"}],"wp:term":[{"taxonomy":"product_brand","embeddable":true,"href":"https:\/\/www.polsoft.pl\/microsoft-surface\/wp-json\/wp\/v2\/product_brand?post=17633"},{"taxonomy":"product_cat","embeddable":true,"href":"https:\/\/www.polsoft.pl\/microsoft-surface\/wp-json\/wp\/v2\/product_cat?post=17633"},{"taxonomy":"product_tag","embeddable":true,"href":"https:\/\/www.polsoft.pl\/microsoft-surface\/wp-json\/wp\/v2\/product_tag?post=17633"}],"curies":[{"name":"wp","href":"https:\/\/api.w.org\/{rel}","templated":true}]}}