{"id":17639,"date":"2024-10-31T09:52:08","date_gmt":"2024-10-31T08:52:08","guid":{"rendered":"https:\/\/polsoft.pl\/microsoft-surface\/produkt\/surface-pro-11-copilot-zin-00022-qualcom-snapdragon-x-elite-16gb-512gb-13-czarny\/"},"modified":"2026-01-23T12:45:50","modified_gmt":"2026-01-23T11:45:50","slug":"microsoft-surface-pro-11-copilot-zin-00022-qualcom-snapdragon-x-elite-16gb-512gb-13-czarny","status":"publish","type":"product","link":"https:\/\/www.polsoft.pl\/microsoft-surface\/produkt\/microsoft-surface-pro-11-copilot-zin-00022-qualcom-snapdragon-x-elite-16gb-512gb-13-czarny\/","title":{"rendered":"Microsoft Surface Pro 11 COPILOT+ ZIN-00022-Qualcom Snapdragon X Elite-16GB-512GB-13&#8243;-Czarny"},"content":{"rendered":"<p>Odkryj pot\u0119g\u0119 i elegancj\u0119 w najczystszej postaci z Microsoft Surface Pro 11 ZIN-00022. To urz\u0105dzenie w minimalistycznej, czarnej obudowie to szczytowe osi\u0105gni\u0119cie in\u017cynierii, w kt\u00f3rym kryje si\u0119 technologia jutra. Jako elitarny model z serii Copilot+ PC, ten Surface Pro jest przeznaczony dla tych, kt\u00f3rzy ceni\u0105 sobie nie tylko to, co w \u015brodku, ale i wyrafinowany, nowoczesny design. To bezkompromisowe po\u0142\u0105czenie mocy procesora Snapdragon\u00ae X Elite, rewolucyjnego ekranu OLED i prze\u0142omowych funkcji AI, kt\u00f3re razem tworz\u0105 narz\u0119dzie nowej generacji.<\/p>\n<p><span class=\"citation-331\">Sercem tej pot\u0119\u017cnej maszyny jest rewolucyjny procesor <\/span><span class=\"citation-331\">Snapdragon\u00ae X Elite<\/span><span class=\"citation-331 citation-end-331\">, kt\u00f3ry oferuje wydajno\u015b\u0107 na poziomie komputer\u00f3w stacjonarnych przy zachowaniu energooszcz\u0119dno\u015bci, kt\u00f3ra pozwala na cich\u0105 prac\u0119 bez przegrzewania.<\/span> <span class=\"citation-330\">Jego zintegrowany, pot\u0119\u017cny uk\u0142ad <\/span><span class=\"citation-330\">NPU (Neural Processing Unit)<\/span><span class=\"citation-330 citation-end-330\"> wykonuje biliony operacji na sekund\u0119, aby wszystkie inteligentne funkcje dzia\u0142a\u0142y p\u0142ynnie i natychmiastowo.<\/span> <span class=\"citation-329\">Wspierany przez <\/span><span class=\"citation-329\">16 GB<\/span><span class=\"citation-329\"> pami\u0119ci RAM <\/span><span class=\"citation-329\">LPDDR5x<\/span><span class=\"citation-329\"> oraz pojemny dysk <\/span><span class=\"citation-329\">SSD o pojemno\u015bci 512 GB<\/span><span class=\"citation-329 citation-end-329\"> (PCIe 4.0), ten model zapewnia idealny balans mi\u0119dzy p\u0142ynno\u015bci\u0105 w najbardziej wymagaj\u0105cych zadaniach a du\u017c\u0105, lokaln\u0105 przestrzeni\u0105 na Twoje kreatywne projekty.<\/span><\/p>\n<p>Twoje oczy zas\u0142uguj\u0105 na najlepsze. <span class=\"citation-328\">Dlatego ten model Surface Pro 11 wyposa\u017cono w rewolucyjny, 13-calowy ekran dotykowy <\/span><span class=\"citation-328\">PixelSense\u2122 Flow z technologi\u0105 OLED<\/span><span class=\"citation-328 citation-end-328\">.<\/span> Ka\u017cdy piksel to niezale\u017cne \u017ar\u00f3d\u0142o \u015bwiat\u0142a, co pozwala na uzyskanie prawdziwej, atramentowej czerni i niesko\u0144czonego kontrastu. Kolory nie s\u0105 tylko \u017cywe \u2013 one pulsuj\u0105 energi\u0105, a obs\u0142uga HDR sprawia, \u017ce tre\u015bci wideo nabieraj\u0105 kinowej g\u0142\u0119bi. <span class=\"citation-327\">Dynamiczne od\u015bwie\u017canie do <\/span><span class=\"citation-327\">120Hz<\/span><span class=\"citation-327\"> sprawia, \u017ce ka\u017cda interakcja jest niezwykle p\u0142ynna, a wytrzyma\u0142e szk\u0142o <\/span><span class=\"citation-327\">Corning\u00ae Gorilla\u00ae Glass 5<\/span><span class=\"citation-327 citation-end-327\"> chroni ten doskona\u0142y wy\u015bwietlacz.<\/span><\/p>\n<p>Wszechstronno\u015b\u0107, kt\u00f3ra inspiruje. Od porannej sesji szkicowania w trybie studio z pi\u00f3rem Surface Slim Pen 2 (sprzedawanym osobno), przez prezentacj\u0119 klientowi w trybie laptopa z klawiatur\u0105 Surface Pro Flex Keyboard (sprzedawan\u0105 osobno), a\u017c po wieczorny seans filmowy, gdzie ekran OLED pokazuje pe\u0142ni\u0119 swoich mo\u017cliwo\u015bci \u2013 ten komputer dopasuje si\u0119 do ka\u017cdego etapu Twojego dnia. Wbudowana, regulowana podp\u00f3rka o zakresie ruchu niemal 180 stopni pozwala na ustawienie urz\u0105dzenia pod dowolnym k\u0105tem.<\/p>\n<p>Poczuj magi\u0119 AI na wyci\u0105gni\u0119cie r\u0119ki dzi\u0119ki ekskluzywnym funkcjom Copilot+. U\u017cyj funkcji Recall (Przywo\u0142aj), kt\u00f3ra dzia\u0142a jak osobista wyszukiwarka Twojej przesz\u0142o\u015bci na komputerze, pozwalaj\u0105c Ci odnale\u017a\u0107 dowolny plik, stron\u0119 czy obraz za pomoc\u0105 naturalnego j\u0119zyka. <span class=\"citation-326\">Zosta\u0144 artyst\u0105 z funkcj\u0105 <\/span><span class=\"citation-326\">Cocreator<\/span><span class=\"citation-326 citation-end-326\"> w programie Paint, kt\u00f3ra na bie\u017c\u0105co przekszta\u0142ca Twoje pomys\u0142y w obrazy.<\/span> <span class=\"citation-325\">Prze\u0142amuj bariery j\u0119zykowe dzi\u0119ki <\/span><span class=\"citation-325\">Napisom na \u017cywo<\/span><span class=\"citation-325 citation-end-325\">, kt\u00f3re t\u0142umacz\u0105 w czasie rzeczywistym ka\u017cdy d\u017awi\u0119k na Twoim komputerze.<\/span><\/p>\n<p><span class=\"citation-324\">B\u0105d\u017a got\u00f3w na przysz\u0142o\u015b\u0107 \u0142\u0105czno\u015bci dzi\u0119ki najnowszemu standardowi <\/span><span class=\"citation-324\">Wi-Fi 7<\/span><span class=\"citation-324\">, kt\u00f3ry oferuje jeszcze wi\u0119ksze pr\u0119dko\u015bci i mniejsze op\u00f3\u017anienia, oraz <\/span><span class=\"citation-324\">Bluetooth\u00ae 5.4<\/span><span class=\"citation-324 citation-end-324\">.<\/span> <span class=\"citation-323\">Dwa uniwersalne porty przysz\u0142o\u015bci, <\/span><span class=\"citation-323\">USB-C\u00ae<\/span><span class=\"citation-323\"> z obs\u0142ug\u0105 standardu <\/span><span class=\"citation-323\">USB4\u00ae<\/span><span class=\"citation-323 citation-end-323\">, s\u0105 gotowe na pod\u0142\u0105czenie najszybszych dysk\u00f3w i wielu monitor\u00f3w.<\/span> Twoje dane chroni wbudowany w sam krzem stra\u017cnik Twojej cyfrowej to\u017csamo\u015bci \u2013 procesor bezpiecze\u0144stwa Microsoft Pluton, a logowanie do systemu jest b\u0142yskawiczne dzi\u0119ki Windows Hello.<\/p>\n<p>Podsumowuj\u0105c, Microsoft Surface Pro 11 ZIN-00022 w kolorze czarnym to kwintesencja nowoczesnej technologii. To wyb\u00f3r dla os\u00f3b bezkompromisowych, kt\u00f3re poszukuj\u0105 narz\u0119dzia o najwy\u017cszej wydajno\u015bci, rewolucyjnych funkcjach AI i najlepszym na rynku ekranie, a wszystko to zamkni\u0119te w formie, kt\u00f3ra jest r\u00f3wnie pi\u0119kna, co funkcjonalna<\/p>\n","protected":false},"excerpt":{"rendered":"<p>Odkryj pot\u0119g\u0119 i elegancj\u0119 w najczystszej postaci z Microsoft Surface Pro 11 ZIN-00022. To urz\u0105dzenie w minimalistycznej, czarnej obudowie to szczytowe osi\u0105gni\u0119cie in\u017cynierii, w kt\u00f3rym kryje si\u0119 technologia jutra. Jako elitarny model z serii Copilot+ PC, ten Surface Pro jest przeznaczony dla tych, kt\u00f3rzy ceni\u0105 sobie nie tylko to, co w \u015brodku, ale i wyrafinowany, [&hellip;]<\/p>\n","protected":false},"featured_media":19504,"template":"","meta":{"site-sidebar-layout":"default","site-content-layout":"","ast-site-content-layout":"default","site-content-style":"default","site-sidebar-style":"default","ast-global-header-display":"","ast-banner-title-visibility":"","ast-main-header-display":"","ast-hfb-above-header-display":"","ast-hfb-below-header-display":"","ast-hfb-mobile-header-display":"","site-post-title":"","ast-breadcrumbs-content":"","ast-featured-img":"","footer-sml-layout":"","ast-disable-related-posts":"","theme-transparent-header-meta":"default","adv-header-id-meta":"","stick-header-meta":"","header-above-stick-meta":"","header-main-stick-meta":"","header-below-stick-meta":"","astra-migrate-meta-layouts":"set","ast-page-background-enabled":"default","ast-page-background-meta":{"desktop":{"background-color":"","background-image":"","background-repeat":"repeat","background-position":"center center","background-size":"auto","background-attachment":"scroll","background-type":"","background-media":"","overlay-type":"","overlay-color":"","overlay-opacity":"","overlay-gradient":""},"tablet":{"background-color":"","background-image":"","background-repeat":"repeat","background-position":"center center","background-size":"auto","background-attachment":"scroll","background-type":"","background-media":"","overlay-type":"","overlay-color":"","overlay-opacity":"","overlay-gradient":""},"mobile":{"background-color":"","background-image":"","background-repeat":"repeat","background-position":"center center","background-size":"auto","background-attachment":"scroll","background-type":"","background-media":"","overlay-type":"","overlay-color":"","overlay-opacity":"","overlay-gradient":""}},"ast-content-background-meta":{"desktop":{"background-color":"var(--ast-global-color-5)","background-image":"","background-repeat":"repeat","background-position":"center center","background-size":"auto","background-attachment":"scroll","background-type":"","background-media":"","overlay-type":"","overlay-color":"","overlay-opacity":"","overlay-gradient":""},"tablet":{"background-color":"var(--ast-global-color-5)","background-image":"","background-repeat":"repeat","background-position":"center center","background-size":"auto","background-attachment":"scroll","background-type":"","background-media":"","overlay-type":"","overlay-color":"","overlay-opacity":"","overlay-gradient":""},"mobile":{"background-color":"var(--ast-global-color-5)","background-image":"","background-repeat":"repeat","background-position":"center center","background-size":"auto","background-attachment":"scroll","background-type":"","background-media":"","overlay-type":"","overlay-color":"","overlay-opacity":"","overlay-gradient":""}},"_links_to":"","_links_to_target":""},"product_brand":[],"product_cat":[69,316],"product_tag":[],"class_list":{"0":"post-17639","1":"product","2":"type-product","3":"status-publish","4":"has-post-thumbnail","6":"product_cat-tablety-microsoft-surface","7":"product_cat-microsoft-surface-pro-11","8":"pa_dodatkowe-komponenty-wifi","9":"pa_matryca-48","10":"pa_model-procesora-snapdragon-x-elite","11":"pa_pamiec-ram-16gb","12":"pa_pojemnosc-dysku-512gb","13":"pa_producent-procesora-qualcomm","14":"desktop-align-left","15":"tablet-align-left","16":"mobile-align-left","18":"first","19":"instock","20":"taxable","21":"shipping-taxable","22":"purchasable","23":"product-type-simple"},"yoast_head":"<!-- This site is optimized with the Yoast SEO plugin v26.7 - https:\/\/yoast.com\/wordpress\/plugins\/seo\/ -->\n<title>Microsoft Surface Pro 11 COPILOT+ ZIN-00022-Qualcom Snapdragon X Elite-16GB-512GB-13&quot;-Czarny - Sklep rozwi\u0105za\u0144 Microsoft Surface<\/title>\n<meta name=\"description\" content=\"Odkryj nowy Surface Pro 11 ZIN-00022 Copilot+ PC. Rewolucyjna moc AI i zjawiskowy ekran OLED w jednym. Sprawd\u017a cen\u0119, konfiguracje i zam\u00f3w z szybk\u0105 dostaw\u0105!\" \/>\n<meta name=\"robots\" content=\"index, follow, max-snippet:-1, max-image-preview:large, max-video-preview:-1\" \/>\n<link rel=\"canonical\" href=\"https:\/\/polsoft.pl\/microsoft-surface\/produkt\/microsoft-surface-pro-11-copilot-zin-00022-qualcom-snapdragon-x-elite-16gb-512gb-13-czarny\/\" \/>\n<meta property=\"og:locale\" content=\"pl_PL\" \/>\n<meta property=\"og:type\" content=\"article\" \/>\n<meta property=\"og:title\" content=\"Microsoft Surface Pro 11 COPILOT+ ZIN-00022-Qualcom Snapdragon X Elite-16GB-512GB-13&quot;-Czarny - Sklep rozwi\u0105za\u0144 Microsoft Surface\" \/>\n<meta property=\"og:description\" content=\"Odkryj nowy Surface Pro 11 ZIN-00022 Copilot+ PC. Rewolucyjna moc AI i zjawiskowy ekran OLED w jednym. Sprawd\u017a cen\u0119, konfiguracje i zam\u00f3w z szybk\u0105 dostaw\u0105!\" \/>\n<meta property=\"og:url\" content=\"https:\/\/polsoft.pl\/microsoft-surface\/produkt\/microsoft-surface-pro-11-copilot-zin-00022-qualcom-snapdragon-x-elite-16gb-512gb-13-czarny\/\" \/>\n<meta property=\"og:site_name\" content=\"Sklep rozwi\u0105za\u0144 Microsoft Surface\" \/>\n<meta property=\"article:modified_time\" content=\"2026-01-23T11:45:50+00:00\" \/>\n<meta property=\"og:image\" content=\"https:\/\/polsoft.pl\/microsoft-surface\/wp-content\/uploads\/2025\/06\/Microsoft-Surface-Pro-11-COPILOT-ZIN-00022.jpg\" \/>\n\t<meta property=\"og:image:width\" content=\"1694\" \/>\n\t<meta property=\"og:image:height\" content=\"1693\" \/>\n\t<meta property=\"og:image:type\" content=\"image\/jpeg\" \/>\n<meta name=\"twitter:card\" content=\"summary_large_image\" \/>\n<meta name=\"twitter:label1\" content=\"Szacowany czas czytania\" \/>\n\t<meta name=\"twitter:data1\" content=\"4 minuty\" \/>\n<script type=\"application\/ld+json\" class=\"yoast-schema-graph\">{\"@context\":\"https:\/\/schema.org\",\"@graph\":[{\"@type\":\"WebPage\",\"@id\":\"https:\/\/polsoft.pl\/microsoft-surface\/produkt\/microsoft-surface-pro-11-copilot-zin-00022-qualcom-snapdragon-x-elite-16gb-512gb-13-czarny\/\",\"url\":\"https:\/\/polsoft.pl\/microsoft-surface\/produkt\/microsoft-surface-pro-11-copilot-zin-00022-qualcom-snapdragon-x-elite-16gb-512gb-13-czarny\/\",\"name\":\"Microsoft Surface Pro 11 COPILOT+ ZIN-00022-Qualcom Snapdragon X Elite-16GB-512GB-13\\\"-Czarny - Sklep rozwi\u0105za\u0144 Microsoft Surface\",\"isPartOf\":{\"@id\":\"https:\/\/polsoft.pl\/microsoft-surface\/#website\"},\"primaryImageOfPage\":{\"@id\":\"https:\/\/polsoft.pl\/microsoft-surface\/produkt\/microsoft-surface-pro-11-copilot-zin-00022-qualcom-snapdragon-x-elite-16gb-512gb-13-czarny\/#primaryimage\"},\"image\":{\"@id\":\"https:\/\/polsoft.pl\/microsoft-surface\/produkt\/microsoft-surface-pro-11-copilot-zin-00022-qualcom-snapdragon-x-elite-16gb-512gb-13-czarny\/#primaryimage\"},\"thumbnailUrl\":\"https:\/\/www.polsoft.pl\/microsoft-surface\/wp-content\/uploads\/2025\/06\/Microsoft-Surface-Pro-11-COPILOT-ZIN-00022.jpg\",\"datePublished\":\"2024-10-31T08:52:08+00:00\",\"dateModified\":\"2026-01-23T11:45:50+00:00\",\"description\":\"Odkryj nowy Surface Pro 11 ZIN-00022 Copilot+ PC. Rewolucyjna moc AI i zjawiskowy ekran OLED w jednym. Sprawd\u017a cen\u0119, konfiguracje i zam\u00f3w z szybk\u0105 dostaw\u0105!\",\"breadcrumb\":{\"@id\":\"https:\/\/polsoft.pl\/microsoft-surface\/produkt\/microsoft-surface-pro-11-copilot-zin-00022-qualcom-snapdragon-x-elite-16gb-512gb-13-czarny\/#breadcrumb\"},\"inLanguage\":\"pl-PL\",\"potentialAction\":[{\"@type\":\"ReadAction\",\"target\":[\"https:\/\/polsoft.pl\/microsoft-surface\/produkt\/microsoft-surface-pro-11-copilot-zin-00022-qualcom-snapdragon-x-elite-16gb-512gb-13-czarny\/\"]}]},{\"@type\":\"ImageObject\",\"inLanguage\":\"pl-PL\",\"@id\":\"https:\/\/polsoft.pl\/microsoft-surface\/produkt\/microsoft-surface-pro-11-copilot-zin-00022-qualcom-snapdragon-x-elite-16gb-512gb-13-czarny\/#primaryimage\",\"url\":\"https:\/\/www.polsoft.pl\/microsoft-surface\/wp-content\/uploads\/2025\/06\/Microsoft-Surface-Pro-11-COPILOT-ZIN-00022.jpg\",\"contentUrl\":\"https:\/\/www.polsoft.pl\/microsoft-surface\/wp-content\/uploads\/2025\/06\/Microsoft-Surface-Pro-11-COPILOT-ZIN-00022.jpg\",\"width\":1694,\"height\":1693},{\"@type\":\"BreadcrumbList\",\"@id\":\"https:\/\/polsoft.pl\/microsoft-surface\/produkt\/microsoft-surface-pro-11-copilot-zin-00022-qualcom-snapdragon-x-elite-16gb-512gb-13-czarny\/#breadcrumb\",\"itemListElement\":[{\"@type\":\"ListItem\",\"position\":1,\"name\":\"Strona g\u0142\u00f3wna\",\"item\":\"https:\/\/polsoft.pl\/microsoft-surface\/\"},{\"@type\":\"ListItem\",\"position\":2,\"name\":\"Sklep\",\"item\":\"https:\/\/polsoft.pl\/microsoft-surface\/sklep\/\"},{\"@type\":\"ListItem\",\"position\":3,\"name\":\"Microsoft Surface Pro 11 COPILOT+ ZIN-00022-Qualcom Snapdragon X Elite-16GB-512GB-13&#8243;-Czarny\"}]},{\"@type\":\"WebSite\",\"@id\":\"https:\/\/polsoft.pl\/microsoft-surface\/#website\",\"url\":\"https:\/\/polsoft.pl\/microsoft-surface\/\",\"name\":\"Sklep Microsoft Surface\",\"description\":\"Sklep Microsoft Surface\",\"publisher\":{\"@id\":\"https:\/\/polsoft.pl\/microsoft-surface\/#organization\"},\"potentialAction\":[{\"@type\":\"SearchAction\",\"target\":{\"@type\":\"EntryPoint\",\"urlTemplate\":\"https:\/\/polsoft.pl\/microsoft-surface\/?s={search_term_string}\"},\"query-input\":{\"@type\":\"PropertyValueSpecification\",\"valueRequired\":true,\"valueName\":\"search_term_string\"}}],\"inLanguage\":\"pl-PL\"},{\"@type\":\"Organization\",\"@id\":\"https:\/\/polsoft.pl\/microsoft-surface\/#organization\",\"name\":\"Polsoft Engineering Sp. z o.o.\",\"url\":\"https:\/\/polsoft.pl\/microsoft-surface\/\",\"logo\":{\"@type\":\"ImageObject\",\"inLanguage\":\"pl-PL\",\"@id\":\"https:\/\/polsoft.pl\/microsoft-surface\/#\/schema\/logo\/image\/\",\"url\":\"https:\/\/www.polsoft.pl\/microsoft-surface\/wp-content\/uploads\/2020\/10\/microsoft_partner_logo_black_polsoft.png\",\"contentUrl\":\"https:\/\/www.polsoft.pl\/microsoft-surface\/wp-content\/uploads\/2020\/10\/microsoft_partner_logo_black_polsoft.png\",\"width\":613,\"height\":158,\"caption\":\"Polsoft Engineering Sp. z o.o.\"},\"image\":{\"@id\":\"https:\/\/polsoft.pl\/microsoft-surface\/#\/schema\/logo\/image\/\"}}]}<\/script>\n<!-- \/ Yoast SEO plugin. -->","yoast_head_json":{"title":"Microsoft Surface Pro 11 COPILOT+ ZIN-00022-Qualcom Snapdragon X Elite-16GB-512GB-13\"-Czarny - Sklep rozwi\u0105za\u0144 Microsoft Surface","description":"Odkryj nowy Surface Pro 11 ZIN-00022 Copilot+ PC. Rewolucyjna moc AI i zjawiskowy ekran OLED w jednym. Sprawd\u017a cen\u0119, konfiguracje i zam\u00f3w z szybk\u0105 dostaw\u0105!","robots":{"index":"index","follow":"follow","max-snippet":"max-snippet:-1","max-image-preview":"max-image-preview:large","max-video-preview":"max-video-preview:-1"},"canonical":"https:\/\/polsoft.pl\/microsoft-surface\/produkt\/microsoft-surface-pro-11-copilot-zin-00022-qualcom-snapdragon-x-elite-16gb-512gb-13-czarny\/","og_locale":"pl_PL","og_type":"article","og_title":"Microsoft Surface Pro 11 COPILOT+ ZIN-00022-Qualcom Snapdragon X Elite-16GB-512GB-13\"-Czarny - Sklep rozwi\u0105za\u0144 Microsoft Surface","og_description":"Odkryj nowy Surface Pro 11 ZIN-00022 Copilot+ PC. Rewolucyjna moc AI i zjawiskowy ekran OLED w jednym. Sprawd\u017a cen\u0119, konfiguracje i zam\u00f3w z szybk\u0105 dostaw\u0105!","og_url":"https:\/\/polsoft.pl\/microsoft-surface\/produkt\/microsoft-surface-pro-11-copilot-zin-00022-qualcom-snapdragon-x-elite-16gb-512gb-13-czarny\/","og_site_name":"Sklep rozwi\u0105za\u0144 Microsoft Surface","article_modified_time":"2026-01-23T11:45:50+00:00","og_image":[{"width":1694,"height":1693,"url":"https:\/\/polsoft.pl\/microsoft-surface\/wp-content\/uploads\/2025\/06\/Microsoft-Surface-Pro-11-COPILOT-ZIN-00022.jpg","type":"image\/jpeg"}],"twitter_card":"summary_large_image","twitter_misc":{"Szacowany czas czytania":"4 minuty"},"schema":{"@context":"https:\/\/schema.org","@graph":[{"@type":"WebPage","@id":"https:\/\/polsoft.pl\/microsoft-surface\/produkt\/microsoft-surface-pro-11-copilot-zin-00022-qualcom-snapdragon-x-elite-16gb-512gb-13-czarny\/","url":"https:\/\/polsoft.pl\/microsoft-surface\/produkt\/microsoft-surface-pro-11-copilot-zin-00022-qualcom-snapdragon-x-elite-16gb-512gb-13-czarny\/","name":"Microsoft Surface Pro 11 COPILOT+ ZIN-00022-Qualcom Snapdragon X Elite-16GB-512GB-13\"-Czarny - Sklep rozwi\u0105za\u0144 Microsoft Surface","isPartOf":{"@id":"https:\/\/polsoft.pl\/microsoft-surface\/#website"},"primaryImageOfPage":{"@id":"https:\/\/polsoft.pl\/microsoft-surface\/produkt\/microsoft-surface-pro-11-copilot-zin-00022-qualcom-snapdragon-x-elite-16gb-512gb-13-czarny\/#primaryimage"},"image":{"@id":"https:\/\/polsoft.pl\/microsoft-surface\/produkt\/microsoft-surface-pro-11-copilot-zin-00022-qualcom-snapdragon-x-elite-16gb-512gb-13-czarny\/#primaryimage"},"thumbnailUrl":"https:\/\/www.polsoft.pl\/microsoft-surface\/wp-content\/uploads\/2025\/06\/Microsoft-Surface-Pro-11-COPILOT-ZIN-00022.jpg","datePublished":"2024-10-31T08:52:08+00:00","dateModified":"2026-01-23T11:45:50+00:00","description":"Odkryj nowy Surface Pro 11 ZIN-00022 Copilot+ PC. Rewolucyjna moc AI i zjawiskowy ekran OLED w jednym. Sprawd\u017a cen\u0119, konfiguracje i zam\u00f3w z szybk\u0105 dostaw\u0105!","breadcrumb":{"@id":"https:\/\/polsoft.pl\/microsoft-surface\/produkt\/microsoft-surface-pro-11-copilot-zin-00022-qualcom-snapdragon-x-elite-16gb-512gb-13-czarny\/#breadcrumb"},"inLanguage":"pl-PL","potentialAction":[{"@type":"ReadAction","target":["https:\/\/polsoft.pl\/microsoft-surface\/produkt\/microsoft-surface-pro-11-copilot-zin-00022-qualcom-snapdragon-x-elite-16gb-512gb-13-czarny\/"]}]},{"@type":"ImageObject","inLanguage":"pl-PL","@id":"https:\/\/polsoft.pl\/microsoft-surface\/produkt\/microsoft-surface-pro-11-copilot-zin-00022-qualcom-snapdragon-x-elite-16gb-512gb-13-czarny\/#primaryimage","url":"https:\/\/www.polsoft.pl\/microsoft-surface\/wp-content\/uploads\/2025\/06\/Microsoft-Surface-Pro-11-COPILOT-ZIN-00022.jpg","contentUrl":"https:\/\/www.polsoft.pl\/microsoft-surface\/wp-content\/uploads\/2025\/06\/Microsoft-Surface-Pro-11-COPILOT-ZIN-00022.jpg","width":1694,"height":1693},{"@type":"BreadcrumbList","@id":"https:\/\/polsoft.pl\/microsoft-surface\/produkt\/microsoft-surface-pro-11-copilot-zin-00022-qualcom-snapdragon-x-elite-16gb-512gb-13-czarny\/#breadcrumb","itemListElement":[{"@type":"ListItem","position":1,"name":"Strona g\u0142\u00f3wna","item":"https:\/\/polsoft.pl\/microsoft-surface\/"},{"@type":"ListItem","position":2,"name":"Sklep","item":"https:\/\/polsoft.pl\/microsoft-surface\/sklep\/"},{"@type":"ListItem","position":3,"name":"Microsoft Surface Pro 11 COPILOT+ ZIN-00022-Qualcom Snapdragon X Elite-16GB-512GB-13&#8243;-Czarny"}]},{"@type":"WebSite","@id":"https:\/\/polsoft.pl\/microsoft-surface\/#website","url":"https:\/\/polsoft.pl\/microsoft-surface\/","name":"Sklep Microsoft Surface","description":"Sklep Microsoft Surface","publisher":{"@id":"https:\/\/polsoft.pl\/microsoft-surface\/#organization"},"potentialAction":[{"@type":"SearchAction","target":{"@type":"EntryPoint","urlTemplate":"https:\/\/polsoft.pl\/microsoft-surface\/?s={search_term_string}"},"query-input":{"@type":"PropertyValueSpecification","valueRequired":true,"valueName":"search_term_string"}}],"inLanguage":"pl-PL"},{"@type":"Organization","@id":"https:\/\/polsoft.pl\/microsoft-surface\/#organization","name":"Polsoft Engineering Sp. z o.o.","url":"https:\/\/polsoft.pl\/microsoft-surface\/","logo":{"@type":"ImageObject","inLanguage":"pl-PL","@id":"https:\/\/polsoft.pl\/microsoft-surface\/#\/schema\/logo\/image\/","url":"https:\/\/www.polsoft.pl\/microsoft-surface\/wp-content\/uploads\/2020\/10\/microsoft_partner_logo_black_polsoft.png","contentUrl":"https:\/\/www.polsoft.pl\/microsoft-surface\/wp-content\/uploads\/2020\/10\/microsoft_partner_logo_black_polsoft.png","width":613,"height":158,"caption":"Polsoft Engineering Sp. z o.o."},"image":{"@id":"https:\/\/polsoft.pl\/microsoft-surface\/#\/schema\/logo\/image\/"}}]}},"_links":{"self":[{"href":"https:\/\/www.polsoft.pl\/microsoft-surface\/wp-json\/wp\/v2\/product\/17639","targetHints":{"allow":["GET"]}}],"collection":[{"href":"https:\/\/www.polsoft.pl\/microsoft-surface\/wp-json\/wp\/v2\/product"}],"about":[{"href":"https:\/\/www.polsoft.pl\/microsoft-surface\/wp-json\/wp\/v2\/types\/product"}],"version-history":[{"count":4,"href":"https:\/\/www.polsoft.pl\/microsoft-surface\/wp-json\/wp\/v2\/product\/17639\/revisions"}],"predecessor-version":[{"id":19508,"href":"https:\/\/www.polsoft.pl\/microsoft-surface\/wp-json\/wp\/v2\/product\/17639\/revisions\/19508"}],"wp:featuredmedia":[{"embeddable":true,"href":"https:\/\/www.polsoft.pl\/microsoft-surface\/wp-json\/wp\/v2\/media\/19504"}],"wp:attachment":[{"href":"https:\/\/www.polsoft.pl\/microsoft-surface\/wp-json\/wp\/v2\/media?parent=17639"}],"wp:term":[{"taxonomy":"product_brand","embeddable":true,"href":"https:\/\/www.polsoft.pl\/microsoft-surface\/wp-json\/wp\/v2\/product_brand?post=17639"},{"taxonomy":"product_cat","embeddable":true,"href":"https:\/\/www.polsoft.pl\/microsoft-surface\/wp-json\/wp\/v2\/product_cat?post=17639"},{"taxonomy":"product_tag","embeddable":true,"href":"https:\/\/www.polsoft.pl\/microsoft-surface\/wp-json\/wp\/v2\/product_tag?post=17639"}],"curies":[{"name":"wp","href":"https:\/\/api.w.org\/{rel}","templated":true}]}}