{"id":17645,"date":"2024-10-31T09:52:08","date_gmt":"2024-10-31T08:52:08","guid":{"rendered":"https:\/\/polsoft.pl\/microsoft-surface\/produkt\/surface-pro-11-copilot-zip-00022-qualcom-snapdragon-x-elite-16gb-1tb-13-czarny\/"},"modified":"2026-01-23T12:45:51","modified_gmt":"2026-01-23T11:45:51","slug":"microsoft-surface-pro-11-copilot-zip-00022-qualcom-snapdragon-x-elite-16gb-1tb-13-czarny","status":"publish","type":"product","link":"https:\/\/www.polsoft.pl\/microsoft-surface\/produkt\/microsoft-surface-pro-11-copilot-zip-00022-qualcom-snapdragon-x-elite-16gb-1tb-13-czarny\/","title":{"rendered":"Microsoft Surface Pro 11 COPILOT+ ZIP-00022-Qualcom Snapdragon X Elite-16GB-1TB-13&#8243;-Czarny"},"content":{"rendered":"\t\t<div data-elementor-type=\"product-post\" data-elementor-id=\"17645\" class=\"elementor elementor-17645\" data-elementor-post-type=\"product\">\n\t\t\t\t\t\t<section class=\"elementor-section elementor-top-section elementor-element elementor-element-66ba2e8 elementor-section-boxed elementor-section-height-default elementor-section-height-default\" data-id=\"66ba2e8\" data-element_type=\"section\" data-e-type=\"section\">\n\t\t\t\t\t\t<div class=\"elementor-container elementor-column-gap-default\">\n\t\t\t\t\t<div class=\"elementor-column elementor-col-100 elementor-top-column elementor-element elementor-element-299d1a1\" data-id=\"299d1a1\" data-element_type=\"column\" data-e-type=\"column\">\n\t\t\t<div class=\"elementor-widget-wrap elementor-element-populated\">\n\t\t\t\t\t\t<div class=\"elementor-element elementor-element-ab1fca7 elementor-widget elementor-widget-text-editor\" data-id=\"ab1fca7\" data-element_type=\"widget\" data-e-type=\"widget\" data-widget_type=\"text-editor.default\">\n\t\t\t\t<div class=\"elementor-widget-container\">\n\t\t\t\t\t\t\t\t\t<p><b>Odkryj przysz\u0142o\u015b\u0107. Nowy Surface Pro 11 to Tw\u00f3j najinteligentniejszy asystent.<\/b><\/p><p>Wyobra\u017a sobie urz\u0105dzenie, kt\u00f3re nie tylko wykonuje Twoje polecenia, ale wr\u0119cz je przewiduje. Urz\u0105dzenie, kt\u00f3re \u0142\u0105czy elegancj\u0119 ultrabooka i swobod\u0119 tabletu, oferuj\u0105c niespotykan\u0105 dot\u0105d moc i inteligencj\u0119. To jest w\u0142a\u015bnie Microsoft Surface Pro 11 \u2014 komputer nowej generacji Copilot+, stworzony, by na zawsze zmieni\u0107 Twoje podej\u015bcie do produktywno\u015bci i kreatywno\u015bci. Ta flagowa konfiguracja w eleganckim czarnym kolorze, z 16 GB pami\u0119ci RAM i pojemnym dyskiem SSD 1 TB, to bezkompromisowe rozwi\u0105zanie dla najbardziej wymagaj\u0105cych profesjonalist\u00f3w.<\/p><p><b>Niesamowita szybko\u015b\u0107 i wydajno\u015b\u0107 dzi\u0119ki Snapdragon\u00ae X Elite<\/b><\/p><p>Sercem tego rewolucyjnego urz\u0105dzenia jest najnowocze\u015bniejszy procesor <b>Qualcomm Snapdragon X Elite<\/b>. Dzi\u0119ki niemu Surface Pro 11 dzia\u0142a do 90% szybciej ni\u017c jego poprzednik, Surface Pro 9. Zapomnij o oczekiwaniu i op\u00f3\u017anieniach. B\u0142yskawicznie uruchamiaj wymagaj\u0105ce aplikacje profesjonalne, pracuj z dziesi\u0105tkami kart w przegl\u0105darce, edytuj wideo w wysokiej rozdzielczo\u015bci i ciesz si\u0119 natychmiastow\u0105 reakcj\u0105 systemu na ka\u017cde Twoje dzia\u0142anie. 16 GB pami\u0119ci RAM zapewnia p\u0142ynn\u0105 wielozadaniowo\u015b\u0107, a dysk SSD o pojemno\u015bci 1 TB daje ogromn\u0105 przestrze\u0144 na wszystkie Twoje projekty, dokumenty i multimedia z b\u0142yskawicznym dost\u0119pem.<\/p><p><b>Pierwszy Surface Pro z ekranem OLED \u2014 wra\u017cenia wizualne, kt\u00f3re zachwycaj\u0105<\/b><\/p><p>Przygotuj si\u0119, aby zobaczy\u0107 swoje pomys\u0142y w zupe\u0142nie nowym \u015bwietle. Ten model zosta\u0142 wyposa\u017cony w osza\u0142amiaj\u0105cy 13-calowy ekran dotykowy <b>PixelSense\u2122 Flow z technologi\u0105 OLED<\/b>. Ciesz si\u0119 g\u0142\u0119bok\u0105, idealn\u0105 czerni\u0105 i niesko\u0144czonym kontrastem, kt\u00f3re sprawiaj\u0105, \u017ce ka\u017cdy obraz staje si\u0119 niewiarygodnie realistyczny. Technologia HDR zapewnia \u017cywe i nasycone kolory, a dynamiczna cz\u0119stotliwo\u015b\u0107 od\u015bwie\u017cania do 120 Hz sprawia, \u017ce ka\u017cdy ruch na ekranie, od przewijania stron po rysowanie pi\u00f3rem, jest absolutnie p\u0142ynny.<\/p><p><b>Nowy poziom interakcji z Copilot+<\/b><\/p><p>Surface Pro 11 to nie tylko komputer, to Tw\u00f3j partner, wyposa\u017cony w mo\u017cliwo\u015bci sztucznej inteligencji nowej generacji. Dzi\u0119ki wbudowanemu procesorowi neuronowemu (NPU) masz dost\u0119p do ekskluzywnych funkcji <b>Copilot+<\/b>, kt\u00f3re dzia\u0142aj\u0105 lokalnie na urz\u0105dzeniu, zapewniaj\u0105c maksymaln\u0105 szybko\u015b\u0107 i prywatno\u015b\u0107:<\/p><ul><li><p><b>Recall:<\/b> B\u0142yskawicznie znajduj wszystko, co kiedykolwiek widzia\u0142e\u015b na swoim ekranie. Niezale\u017cnie od tego, czy by\u0142 to dokument, strona internetowa, czy rozmowa na czacie \u2014 po prostu opisz, co pami\u0119tasz, a Recall znajdzie to w kilka sekund.<\/p><\/li><li><p><b>Cocreator:<\/b> Przekszta\u0142caj swoje proste szkice w prawdziwe dzie\u0142a sztuki za pomoc\u0105 polece\u0144 tekstowych.<\/p><\/li><li><p><b>Live Captions:<\/b> Otrzymuj napisy na \u017cywo i t\u0142umaczenie z 44 j\u0119zyk\u00f3w w czasie rzeczywistym podczas rozm\u00f3w wideo lub ogl\u0105dania tre\u015bci.<\/p><\/li><\/ul><p><b>Klawiatura Surface Pro Flex \u2014 swoboda jak nigdy dot\u0105d<\/b><\/p><p>Wraz z Surface Pro 11 debiutuje innowacyjna klawiatura <b>Surface Pro Flex Keyboard<\/b> (sprzedawana oddzielnie). Po raz pierwszy mo\u017cesz jej u\u017cywa\u0107 nie tylko po pod\u0142\u0105czeniu do urz\u0105dzenia, ale tak\u017ce ca\u0142kowicie osobno dzi\u0119ki bezprzewodowemu po\u0142\u0105czeniu Bluetooth. Pisz na kolanach, podczas gdy tablet stoi na biurku, lub ustaw klawiatur\u0119 tak, jak Ci wygodnie, dla maksymalnego komfortu. Posiada ona wzmocnion\u0105 konstrukcj\u0119 dla stabilnego pisania i powi\u0119kszony, dotykowy g\u0142adzik.<\/p><p><b>Design i mobilno\u015b\u0107 bez kompromis\u00f3w<\/b><\/p><p>Surface Pro 11 zachowuje sw\u00f3j kultowy design: jest lekki, smuk\u0142y i wszechstronny. U\u017cywaj go jako pot\u0119\u017cnego laptopa z klawiatur\u0105, przeno\u015bnego tabletu do pracy kreatywnej z pi\u00f3rem Surface Slim Pen lub ustaw na biurku pod dowolnym k\u0105tem dzi\u0119ki wbudowanej podstawce Kickstand. Ultraprzeno\u015bna obudowa w klasycznym czarnym kolorze i d\u0142ugi czas pracy na baterii (do 14 godzin) pozwalaj\u0105 pracowa\u0107 i tworzy\u0107 w dowolnym miejscu przez ca\u0142y dzie\u0144.<\/p><p><b>Surface Pro 11 (ZIP-00022) to Tw\u00f3j krok w przysz\u0142o\u015b\u0107 komputeryzacji. To idealny wyb\u00f3r dla profesjonalist\u00f3w, kt\u00f3rzy nie uznaj\u0105 kompromis\u00f3w mi\u0119dzy mobilno\u015bci\u0105 a wydajno\u015bci\u0105. Zam\u00f3w sw\u00f3j egzemplarz ju\u017c dzi\u015b i poczuj przewag\u0119 najinteligentniejszego i najszybszego Surface&#8217;a w historii.<\/b><\/p><p>.<\/p>\t\t\t\t\t\t\t\t<\/div>\n\t\t\t\t<\/div>\n\t\t\t\t\t<\/div>\n\t\t<\/div>\n\t\t\t\t\t<\/div>\n\t\t<\/section>\n\t\t\t\t<\/div>\n\t\t","protected":false},"excerpt":{"rendered":"<p>Odkryj przysz\u0142o\u015b\u0107. Nowy Surface Pro 11 to Tw\u00f3j najinteligentniejszy asystent. Wyobra\u017a sobie urz\u0105dzenie, kt\u00f3re nie tylko wykonuje Twoje polecenia, ale wr\u0119cz je przewiduje. Urz\u0105dzenie, kt\u00f3re \u0142\u0105czy elegancj\u0119 ultrabooka i swobod\u0119 tabletu, oferuj\u0105c niespotykan\u0105 dot\u0105d moc i inteligencj\u0119. To jest w\u0142a\u015bnie Microsoft Surface Pro 11 \u2014 komputer nowej generacji Copilot+, stworzony, by na zawsze zmieni\u0107 Twoje [&hellip;]<\/p>\n","protected":false},"featured_media":19512,"template":"","meta":{"site-sidebar-layout":"no-sidebar","site-content-layout":"page-builder","ast-site-content-layout":"full-width-container","site-content-style":"default","site-sidebar-style":"default","ast-global-header-display":"","ast-banner-title-visibility":"","ast-main-header-display":"","ast-hfb-above-header-display":"","ast-hfb-below-header-display":"","ast-hfb-mobile-header-display":"","site-post-title":"disabled","ast-breadcrumbs-content":"","ast-featured-img":"disabled","footer-sml-layout":"","ast-disable-related-posts":"","theme-transparent-header-meta":"default","adv-header-id-meta":"","stick-header-meta":"","header-above-stick-meta":"","header-main-stick-meta":"","header-below-stick-meta":"","astra-migrate-meta-layouts":"set","ast-page-background-enabled":"default","ast-page-background-meta":{"desktop":{"background-color":"","background-image":"","background-repeat":"repeat","background-position":"center center","background-size":"auto","background-attachment":"scroll","background-type":"","background-media":"","overlay-type":"","overlay-color":"","overlay-opacity":"","overlay-gradient":""},"tablet":{"background-color":"","background-image":"","background-repeat":"repeat","background-position":"center center","background-size":"auto","background-attachment":"scroll","background-type":"","background-media":"","overlay-type":"","overlay-color":"","overlay-opacity":"","overlay-gradient":""},"mobile":{"background-color":"","background-image":"","background-repeat":"repeat","background-position":"center center","background-size":"auto","background-attachment":"scroll","background-type":"","background-media":"","overlay-type":"","overlay-color":"","overlay-opacity":"","overlay-gradient":""}},"ast-content-background-meta":{"desktop":{"background-color":"var(--ast-global-color-5)","background-image":"","background-repeat":"repeat","background-position":"center center","background-size":"auto","background-attachment":"scroll","background-type":"","background-media":"","overlay-type":"","overlay-color":"","overlay-opacity":"","overlay-gradient":""},"tablet":{"background-color":"var(--ast-global-color-5)","background-image":"","background-repeat":"repeat","background-position":"center center","background-size":"auto","background-attachment":"scroll","background-type":"","background-media":"","overlay-type":"","overlay-color":"","overlay-opacity":"","overlay-gradient":""},"mobile":{"background-color":"var(--ast-global-color-5)","background-image":"","background-repeat":"repeat","background-position":"center center","background-size":"auto","background-attachment":"scroll","background-type":"","background-media":"","overlay-type":"","overlay-color":"","overlay-opacity":"","overlay-gradient":""}},"_links_to":"","_links_to_target":""},"product_brand":[],"product_cat":[69,316],"product_tag":[],"class_list":{"0":"post-17645","1":"product","2":"type-product","3":"status-publish","4":"has-post-thumbnail","6":"product_cat-tablety-microsoft-surface","7":"product_cat-microsoft-surface-pro-11","8":"pa_dodatkowe-komponenty-wifi","9":"pa_matryca-48","10":"pa_model-procesora-snapdragon-x-elite","11":"pa_pamiec-ram-16gb","12":"pa_pojemnosc-dysku-1tb","13":"pa_producent-procesora-qualcomm","14":"desktop-align-left","15":"tablet-align-left","16":"mobile-align-left","18":"first","19":"instock","20":"taxable","21":"shipping-taxable","22":"purchasable","23":"product-type-simple"},"yoast_head":"<!-- This site is optimized with the Yoast SEO plugin v26.7 - https:\/\/yoast.com\/wordpress\/plugins\/seo\/ -->\n<title>Microsoft Surface Pro 11 COPILOT+ ZIP-00022-Qualcom Snapdragon X Elite-16GB-1TB-13&quot;-Czarny - Sklep rozwi\u0105za\u0144 Microsoft Surface<\/title>\n<meta name=\"description\" content=\"Odkryj nowy Surface Pro 11 ZIP-00022 Copilot+ PC. Rewolucyjna moc AI i zjawiskowy ekran OLED w jednym. Sprawd\u017a cen\u0119, konfiguracje i zam\u00f3w z szybk\u0105 dostaw\u0105!\" \/>\n<meta name=\"robots\" content=\"index, follow, max-snippet:-1, max-image-preview:large, max-video-preview:-1\" \/>\n<link rel=\"canonical\" href=\"https:\/\/polsoft.pl\/microsoft-surface\/produkt\/microsoft-surface-pro-11-copilot-zip-00022-qualcom-snapdragon-x-elite-16gb-1tb-13-czarny\/\" \/>\n<meta property=\"og:locale\" content=\"pl_PL\" \/>\n<meta property=\"og:type\" content=\"article\" \/>\n<meta property=\"og:title\" content=\"Microsoft Surface Pro 11 COPILOT+ ZIP-00022-Qualcom Snapdragon X Elite-16GB-1TB-13&quot;-Czarny - Sklep rozwi\u0105za\u0144 Microsoft Surface\" \/>\n<meta property=\"og:description\" content=\"Odkryj nowy Surface Pro 11 ZIP-00022 Copilot+ PC. Rewolucyjna moc AI i zjawiskowy ekran OLED w jednym. Sprawd\u017a cen\u0119, konfiguracje i zam\u00f3w z szybk\u0105 dostaw\u0105!\" \/>\n<meta property=\"og:url\" content=\"https:\/\/polsoft.pl\/microsoft-surface\/produkt\/microsoft-surface-pro-11-copilot-zip-00022-qualcom-snapdragon-x-elite-16gb-1tb-13-czarny\/\" \/>\n<meta property=\"og:site_name\" content=\"Sklep rozwi\u0105za\u0144 Microsoft Surface\" \/>\n<meta property=\"article:modified_time\" content=\"2026-01-23T11:45:51+00:00\" \/>\n<meta property=\"og:image\" content=\"https:\/\/polsoft.pl\/microsoft-surface\/wp-content\/uploads\/2025\/06\/Microsoft-Surface-Pro-11-COPILOT-ZIP-00022.jpg\" \/>\n\t<meta property=\"og:image:width\" content=\"1694\" \/>\n\t<meta property=\"og:image:height\" content=\"1693\" \/>\n\t<meta property=\"og:image:type\" content=\"image\/jpeg\" \/>\n<meta name=\"twitter:card\" content=\"summary_large_image\" \/>\n<meta name=\"twitter:label1\" content=\"Szacowany czas czytania\" \/>\n\t<meta name=\"twitter:data1\" content=\"4 minuty\" \/>\n<script type=\"application\/ld+json\" class=\"yoast-schema-graph\">{\"@context\":\"https:\/\/schema.org\",\"@graph\":[{\"@type\":\"WebPage\",\"@id\":\"https:\/\/polsoft.pl\/microsoft-surface\/produkt\/microsoft-surface-pro-11-copilot-zip-00022-qualcom-snapdragon-x-elite-16gb-1tb-13-czarny\/\",\"url\":\"https:\/\/polsoft.pl\/microsoft-surface\/produkt\/microsoft-surface-pro-11-copilot-zip-00022-qualcom-snapdragon-x-elite-16gb-1tb-13-czarny\/\",\"name\":\"Microsoft Surface Pro 11 COPILOT+ ZIP-00022-Qualcom Snapdragon X Elite-16GB-1TB-13\\\"-Czarny - Sklep rozwi\u0105za\u0144 Microsoft Surface\",\"isPartOf\":{\"@id\":\"https:\/\/polsoft.pl\/microsoft-surface\/#website\"},\"primaryImageOfPage\":{\"@id\":\"https:\/\/polsoft.pl\/microsoft-surface\/produkt\/microsoft-surface-pro-11-copilot-zip-00022-qualcom-snapdragon-x-elite-16gb-1tb-13-czarny\/#primaryimage\"},\"image\":{\"@id\":\"https:\/\/polsoft.pl\/microsoft-surface\/produkt\/microsoft-surface-pro-11-copilot-zip-00022-qualcom-snapdragon-x-elite-16gb-1tb-13-czarny\/#primaryimage\"},\"thumbnailUrl\":\"https:\/\/www.polsoft.pl\/microsoft-surface\/wp-content\/uploads\/2025\/06\/Microsoft-Surface-Pro-11-COPILOT-ZIP-00022.jpg\",\"datePublished\":\"2024-10-31T08:52:08+00:00\",\"dateModified\":\"2026-01-23T11:45:51+00:00\",\"description\":\"Odkryj nowy Surface Pro 11 ZIP-00022 Copilot+ PC. Rewolucyjna moc AI i zjawiskowy ekran OLED w jednym. Sprawd\u017a cen\u0119, konfiguracje i zam\u00f3w z szybk\u0105 dostaw\u0105!\",\"breadcrumb\":{\"@id\":\"https:\/\/polsoft.pl\/microsoft-surface\/produkt\/microsoft-surface-pro-11-copilot-zip-00022-qualcom-snapdragon-x-elite-16gb-1tb-13-czarny\/#breadcrumb\"},\"inLanguage\":\"pl-PL\",\"potentialAction\":[{\"@type\":\"ReadAction\",\"target\":[\"https:\/\/polsoft.pl\/microsoft-surface\/produkt\/microsoft-surface-pro-11-copilot-zip-00022-qualcom-snapdragon-x-elite-16gb-1tb-13-czarny\/\"]}]},{\"@type\":\"ImageObject\",\"inLanguage\":\"pl-PL\",\"@id\":\"https:\/\/polsoft.pl\/microsoft-surface\/produkt\/microsoft-surface-pro-11-copilot-zip-00022-qualcom-snapdragon-x-elite-16gb-1tb-13-czarny\/#primaryimage\",\"url\":\"https:\/\/www.polsoft.pl\/microsoft-surface\/wp-content\/uploads\/2025\/06\/Microsoft-Surface-Pro-11-COPILOT-ZIP-00022.jpg\",\"contentUrl\":\"https:\/\/www.polsoft.pl\/microsoft-surface\/wp-content\/uploads\/2025\/06\/Microsoft-Surface-Pro-11-COPILOT-ZIP-00022.jpg\",\"width\":1694,\"height\":1693},{\"@type\":\"BreadcrumbList\",\"@id\":\"https:\/\/polsoft.pl\/microsoft-surface\/produkt\/microsoft-surface-pro-11-copilot-zip-00022-qualcom-snapdragon-x-elite-16gb-1tb-13-czarny\/#breadcrumb\",\"itemListElement\":[{\"@type\":\"ListItem\",\"position\":1,\"name\":\"Strona g\u0142\u00f3wna\",\"item\":\"https:\/\/polsoft.pl\/microsoft-surface\/\"},{\"@type\":\"ListItem\",\"position\":2,\"name\":\"Sklep\",\"item\":\"https:\/\/polsoft.pl\/microsoft-surface\/sklep\/\"},{\"@type\":\"ListItem\",\"position\":3,\"name\":\"Microsoft Surface Pro 11 COPILOT+ ZIP-00022-Qualcom Snapdragon X Elite-16GB-1TB-13&#8243;-Czarny\"}]},{\"@type\":\"WebSite\",\"@id\":\"https:\/\/polsoft.pl\/microsoft-surface\/#website\",\"url\":\"https:\/\/polsoft.pl\/microsoft-surface\/\",\"name\":\"Sklep Microsoft Surface\",\"description\":\"Sklep Microsoft Surface\",\"publisher\":{\"@id\":\"https:\/\/polsoft.pl\/microsoft-surface\/#organization\"},\"potentialAction\":[{\"@type\":\"SearchAction\",\"target\":{\"@type\":\"EntryPoint\",\"urlTemplate\":\"https:\/\/polsoft.pl\/microsoft-surface\/?s={search_term_string}\"},\"query-input\":{\"@type\":\"PropertyValueSpecification\",\"valueRequired\":true,\"valueName\":\"search_term_string\"}}],\"inLanguage\":\"pl-PL\"},{\"@type\":\"Organization\",\"@id\":\"https:\/\/polsoft.pl\/microsoft-surface\/#organization\",\"name\":\"Polsoft Engineering Sp. z o.o.\",\"url\":\"https:\/\/polsoft.pl\/microsoft-surface\/\",\"logo\":{\"@type\":\"ImageObject\",\"inLanguage\":\"pl-PL\",\"@id\":\"https:\/\/polsoft.pl\/microsoft-surface\/#\/schema\/logo\/image\/\",\"url\":\"https:\/\/www.polsoft.pl\/microsoft-surface\/wp-content\/uploads\/2020\/10\/microsoft_partner_logo_black_polsoft.png\",\"contentUrl\":\"https:\/\/www.polsoft.pl\/microsoft-surface\/wp-content\/uploads\/2020\/10\/microsoft_partner_logo_black_polsoft.png\",\"width\":613,\"height\":158,\"caption\":\"Polsoft Engineering Sp. z o.o.\"},\"image\":{\"@id\":\"https:\/\/polsoft.pl\/microsoft-surface\/#\/schema\/logo\/image\/\"}}]}<\/script>\n<!-- \/ Yoast SEO plugin. -->","yoast_head_json":{"title":"Microsoft Surface Pro 11 COPILOT+ ZIP-00022-Qualcom Snapdragon X Elite-16GB-1TB-13\"-Czarny - Sklep rozwi\u0105za\u0144 Microsoft Surface","description":"Odkryj nowy Surface Pro 11 ZIP-00022 Copilot+ PC. Rewolucyjna moc AI i zjawiskowy ekran OLED w jednym. Sprawd\u017a cen\u0119, konfiguracje i zam\u00f3w z szybk\u0105 dostaw\u0105!","robots":{"index":"index","follow":"follow","max-snippet":"max-snippet:-1","max-image-preview":"max-image-preview:large","max-video-preview":"max-video-preview:-1"},"canonical":"https:\/\/polsoft.pl\/microsoft-surface\/produkt\/microsoft-surface-pro-11-copilot-zip-00022-qualcom-snapdragon-x-elite-16gb-1tb-13-czarny\/","og_locale":"pl_PL","og_type":"article","og_title":"Microsoft Surface Pro 11 COPILOT+ ZIP-00022-Qualcom Snapdragon X Elite-16GB-1TB-13\"-Czarny - Sklep rozwi\u0105za\u0144 Microsoft Surface","og_description":"Odkryj nowy Surface Pro 11 ZIP-00022 Copilot+ PC. Rewolucyjna moc AI i zjawiskowy ekran OLED w jednym. Sprawd\u017a cen\u0119, konfiguracje i zam\u00f3w z szybk\u0105 dostaw\u0105!","og_url":"https:\/\/polsoft.pl\/microsoft-surface\/produkt\/microsoft-surface-pro-11-copilot-zip-00022-qualcom-snapdragon-x-elite-16gb-1tb-13-czarny\/","og_site_name":"Sklep rozwi\u0105za\u0144 Microsoft Surface","article_modified_time":"2026-01-23T11:45:51+00:00","og_image":[{"width":1694,"height":1693,"url":"https:\/\/polsoft.pl\/microsoft-surface\/wp-content\/uploads\/2025\/06\/Microsoft-Surface-Pro-11-COPILOT-ZIP-00022.jpg","type":"image\/jpeg"}],"twitter_card":"summary_large_image","twitter_misc":{"Szacowany czas czytania":"4 minuty"},"schema":{"@context":"https:\/\/schema.org","@graph":[{"@type":"WebPage","@id":"https:\/\/polsoft.pl\/microsoft-surface\/produkt\/microsoft-surface-pro-11-copilot-zip-00022-qualcom-snapdragon-x-elite-16gb-1tb-13-czarny\/","url":"https:\/\/polsoft.pl\/microsoft-surface\/produkt\/microsoft-surface-pro-11-copilot-zip-00022-qualcom-snapdragon-x-elite-16gb-1tb-13-czarny\/","name":"Microsoft Surface Pro 11 COPILOT+ ZIP-00022-Qualcom Snapdragon X Elite-16GB-1TB-13\"-Czarny - Sklep rozwi\u0105za\u0144 Microsoft Surface","isPartOf":{"@id":"https:\/\/polsoft.pl\/microsoft-surface\/#website"},"primaryImageOfPage":{"@id":"https:\/\/polsoft.pl\/microsoft-surface\/produkt\/microsoft-surface-pro-11-copilot-zip-00022-qualcom-snapdragon-x-elite-16gb-1tb-13-czarny\/#primaryimage"},"image":{"@id":"https:\/\/polsoft.pl\/microsoft-surface\/produkt\/microsoft-surface-pro-11-copilot-zip-00022-qualcom-snapdragon-x-elite-16gb-1tb-13-czarny\/#primaryimage"},"thumbnailUrl":"https:\/\/www.polsoft.pl\/microsoft-surface\/wp-content\/uploads\/2025\/06\/Microsoft-Surface-Pro-11-COPILOT-ZIP-00022.jpg","datePublished":"2024-10-31T08:52:08+00:00","dateModified":"2026-01-23T11:45:51+00:00","description":"Odkryj nowy Surface Pro 11 ZIP-00022 Copilot+ PC. Rewolucyjna moc AI i zjawiskowy ekran OLED w jednym. Sprawd\u017a cen\u0119, konfiguracje i zam\u00f3w z szybk\u0105 dostaw\u0105!","breadcrumb":{"@id":"https:\/\/polsoft.pl\/microsoft-surface\/produkt\/microsoft-surface-pro-11-copilot-zip-00022-qualcom-snapdragon-x-elite-16gb-1tb-13-czarny\/#breadcrumb"},"inLanguage":"pl-PL","potentialAction":[{"@type":"ReadAction","target":["https:\/\/polsoft.pl\/microsoft-surface\/produkt\/microsoft-surface-pro-11-copilot-zip-00022-qualcom-snapdragon-x-elite-16gb-1tb-13-czarny\/"]}]},{"@type":"ImageObject","inLanguage":"pl-PL","@id":"https:\/\/polsoft.pl\/microsoft-surface\/produkt\/microsoft-surface-pro-11-copilot-zip-00022-qualcom-snapdragon-x-elite-16gb-1tb-13-czarny\/#primaryimage","url":"https:\/\/www.polsoft.pl\/microsoft-surface\/wp-content\/uploads\/2025\/06\/Microsoft-Surface-Pro-11-COPILOT-ZIP-00022.jpg","contentUrl":"https:\/\/www.polsoft.pl\/microsoft-surface\/wp-content\/uploads\/2025\/06\/Microsoft-Surface-Pro-11-COPILOT-ZIP-00022.jpg","width":1694,"height":1693},{"@type":"BreadcrumbList","@id":"https:\/\/polsoft.pl\/microsoft-surface\/produkt\/microsoft-surface-pro-11-copilot-zip-00022-qualcom-snapdragon-x-elite-16gb-1tb-13-czarny\/#breadcrumb","itemListElement":[{"@type":"ListItem","position":1,"name":"Strona g\u0142\u00f3wna","item":"https:\/\/polsoft.pl\/microsoft-surface\/"},{"@type":"ListItem","position":2,"name":"Sklep","item":"https:\/\/polsoft.pl\/microsoft-surface\/sklep\/"},{"@type":"ListItem","position":3,"name":"Microsoft Surface Pro 11 COPILOT+ ZIP-00022-Qualcom Snapdragon X Elite-16GB-1TB-13&#8243;-Czarny"}]},{"@type":"WebSite","@id":"https:\/\/polsoft.pl\/microsoft-surface\/#website","url":"https:\/\/polsoft.pl\/microsoft-surface\/","name":"Sklep Microsoft Surface","description":"Sklep Microsoft Surface","publisher":{"@id":"https:\/\/polsoft.pl\/microsoft-surface\/#organization"},"potentialAction":[{"@type":"SearchAction","target":{"@type":"EntryPoint","urlTemplate":"https:\/\/polsoft.pl\/microsoft-surface\/?s={search_term_string}"},"query-input":{"@type":"PropertyValueSpecification","valueRequired":true,"valueName":"search_term_string"}}],"inLanguage":"pl-PL"},{"@type":"Organization","@id":"https:\/\/polsoft.pl\/microsoft-surface\/#organization","name":"Polsoft Engineering Sp. z o.o.","url":"https:\/\/polsoft.pl\/microsoft-surface\/","logo":{"@type":"ImageObject","inLanguage":"pl-PL","@id":"https:\/\/polsoft.pl\/microsoft-surface\/#\/schema\/logo\/image\/","url":"https:\/\/www.polsoft.pl\/microsoft-surface\/wp-content\/uploads\/2020\/10\/microsoft_partner_logo_black_polsoft.png","contentUrl":"https:\/\/www.polsoft.pl\/microsoft-surface\/wp-content\/uploads\/2020\/10\/microsoft_partner_logo_black_polsoft.png","width":613,"height":158,"caption":"Polsoft Engineering Sp. z o.o."},"image":{"@id":"https:\/\/polsoft.pl\/microsoft-surface\/#\/schema\/logo\/image\/"}}]}},"_links":{"self":[{"href":"https:\/\/www.polsoft.pl\/microsoft-surface\/wp-json\/wp\/v2\/product\/17645","targetHints":{"allow":["GET"]}}],"collection":[{"href":"https:\/\/www.polsoft.pl\/microsoft-surface\/wp-json\/wp\/v2\/product"}],"about":[{"href":"https:\/\/www.polsoft.pl\/microsoft-surface\/wp-json\/wp\/v2\/types\/product"}],"version-history":[{"count":6,"href":"https:\/\/www.polsoft.pl\/microsoft-surface\/wp-json\/wp\/v2\/product\/17645\/revisions"}],"predecessor-version":[{"id":19855,"href":"https:\/\/www.polsoft.pl\/microsoft-surface\/wp-json\/wp\/v2\/product\/17645\/revisions\/19855"}],"wp:featuredmedia":[{"embeddable":true,"href":"https:\/\/www.polsoft.pl\/microsoft-surface\/wp-json\/wp\/v2\/media\/19512"}],"wp:attachment":[{"href":"https:\/\/www.polsoft.pl\/microsoft-surface\/wp-json\/wp\/v2\/media?parent=17645"}],"wp:term":[{"taxonomy":"product_brand","embeddable":true,"href":"https:\/\/www.polsoft.pl\/microsoft-surface\/wp-json\/wp\/v2\/product_brand?post=17645"},{"taxonomy":"product_cat","embeddable":true,"href":"https:\/\/www.polsoft.pl\/microsoft-surface\/wp-json\/wp\/v2\/product_cat?post=17645"},{"taxonomy":"product_tag","embeddable":true,"href":"https:\/\/www.polsoft.pl\/microsoft-surface\/wp-json\/wp\/v2\/product_tag?post=17645"}],"curies":[{"name":"wp","href":"https:\/\/api.w.org\/{rel}","templated":true}]}}