{"id":17663,"date":"2024-10-31T09:52:08","date_gmt":"2024-10-31T08:52:08","guid":{"rendered":"https:\/\/polsoft.pl\/microsoft-surface\/produkt\/surface-laptop-7-zgz-00046-qualcom-snapdragon-x-elite-16gb-512gb-138-czarny\/"},"modified":"2026-01-23T12:46:27","modified_gmt":"2026-01-23T11:46:27","slug":"microsoft-surface-laptop-7-zgz-00046-qualcom-snapdragon-x-elite-16gb-512gb-138-czarny","status":"publish","type":"product","link":"https:\/\/www.polsoft.pl\/microsoft-surface\/produkt\/microsoft-surface-laptop-7-zgz-00046-qualcom-snapdragon-x-elite-16gb-512gb-138-czarny\/","title":{"rendered":"Microsoft Surface Laptop 7 ZGZ-00046-Qualcom Snapdragon X Elite-16GB-512GB-13,8&#8243;-Czarny"},"content":{"rendered":"\t\t<div data-elementor-type=\"product-post\" data-elementor-id=\"17663\" class=\"elementor elementor-17663\" data-elementor-post-type=\"product\">\n\t\t\t\t\t\t<section class=\"elementor-section elementor-top-section elementor-element elementor-element-ae03feb elementor-section-boxed elementor-section-height-default elementor-section-height-default\" data-id=\"ae03feb\" data-element_type=\"section\" data-e-type=\"section\">\n\t\t\t\t\t\t<div class=\"elementor-container elementor-column-gap-default\">\n\t\t\t\t\t<div class=\"elementor-column elementor-col-100 elementor-top-column elementor-element elementor-element-19decb4\" data-id=\"19decb4\" data-element_type=\"column\" data-e-type=\"column\">\n\t\t\t<div class=\"elementor-widget-wrap elementor-element-populated\">\n\t\t\t\t\t\t<div class=\"elementor-element elementor-element-06b180e elementor-widget elementor-widget-text-editor\" data-id=\"06b180e\" data-element_type=\"widget\" data-e-type=\"widget\" data-widget_type=\"text-editor.default\">\n\t\t\t\t<div class=\"elementor-widget-container\">\n\t\t\t\t\t\t\t\t\t<p>Surface Laptop 7 Copilot+ to najnowszy laptop od Microsoftu, zaprojektowany z my\u015bl\u0105 o u\u017cytkownikach ceni\u0105cych funkcje AI i wyj\u0105tkow\u0105 wydajno\u015b\u0107. Wyposa\u017cony w procesory Qualcomm Snapdragon X Elite lub X Plus oraz zaawansowany uk\u0142ad NPU (Neural Processing Unit) wykorzystywany podczas oblicze\u0144 sztucznej inteligencji, laptop oferuje wydajno\u015b\u0107 na poziomie 45 TOPS, co pozwala na p\u0142ynne dzia\u0142anie funkcji opartych na sztucznej inteligencji, w tym systemu Windows Copilot, Paint Cocreator i efekt\u00f3w Windows Studio Effects.<\/p><p>\u00a0<\/p><p>Model ten wyst\u0119puje w dw\u00f3ch rozmiarach ekran\u00f3w &#8211; 13,8 i 15 cali. Obie wersje posiadaj\u0105 ekrany PixelSense Flow o rozdzielczo\u015bciach odpowiednio 2304 x 1536 i 2496 x 1664 oraz cz\u0119stotliwo\u015bci od\u015bwie\u017cania do 120 Hz. Wy\u015bwietlacze obs\u0142uguj\u0105 Dolby Vision IQ, co czyni je \u015bwietnym wyborem dla os\u00f3b zajmuj\u0105cych si\u0119 grafik\u0105 i wideo, oferuj\u0105c nasycone kolory i wysok\u0105 jako\u015b\u0107 obrazu nawet w trudnych warunkach o\u015bwietleniowych.<\/p><p>\u00a0<\/p><p>Jednym z kluczowych aspekt\u00f3w Surface Laptop 7 Copilot+ s\u0105 funkcje AI, kt\u00f3re wykorzystuj\u0105 zaawansowan\u0105 obs\u0142ug\u0119 wideo i d\u017awi\u0119ku. Dzi\u0119ki Windows Studio Effects u\u017cytkownicy mog\u0105 poprawia\u0107 jako\u015b\u0107 wideorozm\u00f3w, stosuj\u0105c takie efekty jak rozmycie t\u0142a, korekcj\u0119 oczu i dodawanie animacji. W Paint Cocreator mo\u017cna skorzysta\u0107 z narz\u0119dzi do szkicowania i generowania obraz\u00f3w, co daje mo\u017cliwo\u015bci kreatywne na poziomie podstawowym i pozwala na proste eksperymenty z grafik\u0105.<\/p><p>\u00a0<\/p><p>Wydajno\u015b\u0107 baterii w Surface Laptop 7 jest imponuj\u0105ca: wersja 15-calowa mo\u017ce pracowa\u0107 do 22 godzin na jednym \u0142adowaniu podczas odtwarzania wideo i do 15 godzin przy przegl\u0105daniu internetu. Model 13,8-calowy oferuje nieco mniejsze, cho\u0107 wci\u0105\u017c doskona\u0142e parametry z czasem pracy do 20 godzin przy odtwarzaniu wideo.<\/p><p>\u00a0<\/p><p>Surface Laptop 7 jest wszechstronny dzi\u0119ki portom USB-C\/USB4, wsparciu dla szybkiego \u0142adowania oraz portowi Surface Connect. Jest tak\u017ce urz\u0105dzeniem wykonanym z du\u017c\u0105 dba\u0142o\u015bci\u0105 o zr\u00f3wnowa\u017cony rozw\u00f3j naszej planety, z obudow\u0105 wykonan\u0105 w 67% z materia\u0142\u00f3w pochodz\u0105cych z recyklingu.<\/p><p>\u00a0<\/p><p>Surface Laptop 7 Copilot+ to doskona\u0142y wyb\u00f3r dla profesjonalist\u00f3w szukaj\u0105cych laptopa o wysokiej wydajno\u015bci z funkcjami AI, kt\u00f3re wspieraj\u0105 produktywno\u015b\u0107, ale te\u017c kreatywno\u015b\u0107 w codziennych zadaniach.<\/p>\t\t\t\t\t\t\t\t<\/div>\n\t\t\t\t<\/div>\n\t\t\t\t\t<\/div>\n\t\t<\/div>\n\t\t\t\t\t<\/div>\n\t\t<\/section>\n\t\t\t\t<\/div>\n\t\t","protected":false},"excerpt":{"rendered":"<p>Surface Laptop 7 Copilot+ to najnowszy laptop od Microsoftu, zaprojektowany z my\u015bl\u0105 o u\u017cytkownikach ceni\u0105cych funkcje AI i wyj\u0105tkow\u0105 wydajno\u015b\u0107. Wyposa\u017cony w procesory Qualcomm Snapdragon X Elite lub X Plus oraz zaawansowany uk\u0142ad NPU (Neural Processing Unit) wykorzystywany podczas oblicze\u0144 sztucznej inteligencji, laptop oferuje wydajno\u015b\u0107 na poziomie 45 TOPS, co pozwala na p\u0142ynne dzia\u0142anie funkcji [&hellip;]<\/p>\n","protected":false},"featured_media":19281,"template":"","meta":{"site-sidebar-layout":"default","site-content-layout":"page-builder","ast-site-content-layout":"default","site-content-style":"default","site-sidebar-style":"default","ast-global-header-display":"","ast-banner-title-visibility":"","ast-main-header-display":"","ast-hfb-above-header-display":"","ast-hfb-below-header-display":"","ast-hfb-mobile-header-display":"","site-post-title":"","ast-breadcrumbs-content":"","ast-featured-img":"","footer-sml-layout":"","ast-disable-related-posts":"","theme-transparent-header-meta":"default","adv-header-id-meta":"","stick-header-meta":"","header-above-stick-meta":"","header-main-stick-meta":"","header-below-stick-meta":"","astra-migrate-meta-layouts":"set","ast-page-background-enabled":"default","ast-page-background-meta":{"desktop":{"background-color":"","background-image":"","background-repeat":"repeat","background-position":"center center","background-size":"auto","background-attachment":"scroll","background-type":"","background-media":"","overlay-type":"","overlay-color":"","overlay-opacity":"","overlay-gradient":""},"tablet":{"background-color":"","background-image":"","background-repeat":"repeat","background-position":"center center","background-size":"auto","background-attachment":"scroll","background-type":"","background-media":"","overlay-type":"","overlay-color":"","overlay-opacity":"","overlay-gradient":""},"mobile":{"background-color":"","background-image":"","background-repeat":"repeat","background-position":"center center","background-size":"auto","background-attachment":"scroll","background-type":"","background-media":"","overlay-type":"","overlay-color":"","overlay-opacity":"","overlay-gradient":""}},"ast-content-background-meta":{"desktop":{"background-color":"var(--ast-global-color-5)","background-image":"","background-repeat":"repeat","background-position":"center center","background-size":"auto","background-attachment":"scroll","background-type":"","background-media":"","overlay-type":"","overlay-color":"","overlay-opacity":"","overlay-gradient":""},"tablet":{"background-color":"var(--ast-global-color-5)","background-image":"","background-repeat":"repeat","background-position":"center center","background-size":"auto","background-attachment":"scroll","background-type":"","background-media":"","overlay-type":"","overlay-color":"","overlay-opacity":"","overlay-gradient":""},"mobile":{"background-color":"var(--ast-global-color-5)","background-image":"","background-repeat":"repeat","background-position":"center center","background-size":"auto","background-attachment":"scroll","background-type":"","background-media":"","overlay-type":"","overlay-color":"","overlay-opacity":"","overlay-gradient":""}},"_links_to":"","_links_to_target":""},"product_brand":[],"product_cat":[70,315],"product_tag":[],"class_list":{"0":"post-17663","1":"product","2":"type-product","3":"status-publish","4":"has-post-thumbnail","6":"product_cat-laptopy-microsoft-surface","7":"product_cat-microsoft-surface-laptop-7","8":"pa_dodatkowe-komponenty-wifi","9":"pa_matryca-314","10":"pa_model-procesora-snapdragon-x-elite","11":"pa_pamiec-ram-16gb","12":"pa_pojemnosc-dysku-512gb","13":"pa_producent-procesora-qualcomm","14":"desktop-align-left","15":"tablet-align-left","16":"mobile-align-left","18":"first","19":"instock","20":"taxable","21":"shipping-taxable","22":"purchasable","23":"product-type-simple"},"yoast_head":"<!-- This site is optimized with the Yoast SEO plugin v26.7 - https:\/\/yoast.com\/wordpress\/plugins\/seo\/ -->\n<title>Microsoft Surface Laptop 7 ZGZ-00046-Qualcom Snapdragon X Elite-16GB-512GB-13,8&quot;-Czarny - Sklep rozwi\u0105za\u0144 Microsoft Surface<\/title>\n<meta name=\"description\" content=\"Surface Laptop 7 \u2013 nowoczesny laptop z ekranem dotykowym, \u0142\u0105czno\u015bci\u0105 5G i moc\u0105 AI. Wybierz mobilno\u015b\u0107 i styl. Kup ju\u017c dzi\u015b z szybk\u0105 dostaw\u0105!\" \/>\n<meta name=\"robots\" content=\"index, follow, max-snippet:-1, max-image-preview:large, max-video-preview:-1\" \/>\n<link rel=\"canonical\" href=\"https:\/\/polsoft.pl\/microsoft-surface\/produkt\/microsoft-surface-laptop-7-zgz-00046-qualcom-snapdragon-x-elite-16gb-512gb-138-czarny\/\" \/>\n<meta property=\"og:locale\" content=\"pl_PL\" \/>\n<meta property=\"og:type\" content=\"article\" \/>\n<meta property=\"og:title\" content=\"Microsoft Surface Laptop 7 ZGZ-00046-Qualcom Snapdragon X Elite-16GB-512GB-13,8&quot;-Czarny - Sklep rozwi\u0105za\u0144 Microsoft Surface\" \/>\n<meta property=\"og:description\" content=\"Surface Laptop 7 \u2013 nowoczesny laptop z ekranem dotykowym, \u0142\u0105czno\u015bci\u0105 5G i moc\u0105 AI. Wybierz mobilno\u015b\u0107 i styl. Kup ju\u017c dzi\u015b z szybk\u0105 dostaw\u0105!\" \/>\n<meta property=\"og:url\" content=\"https:\/\/polsoft.pl\/microsoft-surface\/produkt\/microsoft-surface-laptop-7-zgz-00046-qualcom-snapdragon-x-elite-16gb-512gb-138-czarny\/\" \/>\n<meta property=\"og:site_name\" content=\"Sklep rozwi\u0105za\u0144 Microsoft Surface\" \/>\n<meta property=\"article:modified_time\" content=\"2026-01-23T11:46:27+00:00\" \/>\n<meta property=\"og:image\" content=\"https:\/\/polsoft.pl\/microsoft-surface\/wp-content\/uploads\/2025\/06\/Microsoft-Surface-Laptop-7-ZGZ-00046.jpg\" \/>\n\t<meta property=\"og:image:width\" content=\"1668\" \/>\n\t<meta property=\"og:image:height\" content=\"1668\" \/>\n\t<meta property=\"og:image:type\" content=\"image\/jpeg\" \/>\n<meta name=\"twitter:card\" content=\"summary_large_image\" \/>\n<meta name=\"twitter:label1\" content=\"Szacowany czas czytania\" \/>\n\t<meta name=\"twitter:data1\" content=\"3 minuty\" \/>\n<script type=\"application\/ld+json\" class=\"yoast-schema-graph\">{\"@context\":\"https:\/\/schema.org\",\"@graph\":[{\"@type\":\"WebPage\",\"@id\":\"https:\/\/polsoft.pl\/microsoft-surface\/produkt\/microsoft-surface-laptop-7-zgz-00046-qualcom-snapdragon-x-elite-16gb-512gb-138-czarny\/\",\"url\":\"https:\/\/polsoft.pl\/microsoft-surface\/produkt\/microsoft-surface-laptop-7-zgz-00046-qualcom-snapdragon-x-elite-16gb-512gb-138-czarny\/\",\"name\":\"Microsoft Surface Laptop 7 ZGZ-00046-Qualcom Snapdragon X Elite-16GB-512GB-13,8\\\"-Czarny - Sklep rozwi\u0105za\u0144 Microsoft Surface\",\"isPartOf\":{\"@id\":\"https:\/\/polsoft.pl\/microsoft-surface\/#website\"},\"primaryImageOfPage\":{\"@id\":\"https:\/\/polsoft.pl\/microsoft-surface\/produkt\/microsoft-surface-laptop-7-zgz-00046-qualcom-snapdragon-x-elite-16gb-512gb-138-czarny\/#primaryimage\"},\"image\":{\"@id\":\"https:\/\/polsoft.pl\/microsoft-surface\/produkt\/microsoft-surface-laptop-7-zgz-00046-qualcom-snapdragon-x-elite-16gb-512gb-138-czarny\/#primaryimage\"},\"thumbnailUrl\":\"https:\/\/www.polsoft.pl\/microsoft-surface\/wp-content\/uploads\/2025\/06\/Microsoft-Surface-Laptop-7-ZGZ-00046.jpg\",\"datePublished\":\"2024-10-31T08:52:08+00:00\",\"dateModified\":\"2026-01-23T11:46:27+00:00\",\"description\":\"Surface Laptop 7 \u2013 nowoczesny laptop z ekranem dotykowym, \u0142\u0105czno\u015bci\u0105 5G i moc\u0105 AI. Wybierz mobilno\u015b\u0107 i styl. Kup ju\u017c dzi\u015b z szybk\u0105 dostaw\u0105!\",\"breadcrumb\":{\"@id\":\"https:\/\/polsoft.pl\/microsoft-surface\/produkt\/microsoft-surface-laptop-7-zgz-00046-qualcom-snapdragon-x-elite-16gb-512gb-138-czarny\/#breadcrumb\"},\"inLanguage\":\"pl-PL\",\"potentialAction\":[{\"@type\":\"ReadAction\",\"target\":[\"https:\/\/polsoft.pl\/microsoft-surface\/produkt\/microsoft-surface-laptop-7-zgz-00046-qualcom-snapdragon-x-elite-16gb-512gb-138-czarny\/\"]}]},{\"@type\":\"ImageObject\",\"inLanguage\":\"pl-PL\",\"@id\":\"https:\/\/polsoft.pl\/microsoft-surface\/produkt\/microsoft-surface-laptop-7-zgz-00046-qualcom-snapdragon-x-elite-16gb-512gb-138-czarny\/#primaryimage\",\"url\":\"https:\/\/www.polsoft.pl\/microsoft-surface\/wp-content\/uploads\/2025\/06\/Microsoft-Surface-Laptop-7-ZGZ-00046.jpg\",\"contentUrl\":\"https:\/\/www.polsoft.pl\/microsoft-surface\/wp-content\/uploads\/2025\/06\/Microsoft-Surface-Laptop-7-ZGZ-00046.jpg\",\"width\":1668,\"height\":1668},{\"@type\":\"BreadcrumbList\",\"@id\":\"https:\/\/polsoft.pl\/microsoft-surface\/produkt\/microsoft-surface-laptop-7-zgz-00046-qualcom-snapdragon-x-elite-16gb-512gb-138-czarny\/#breadcrumb\",\"itemListElement\":[{\"@type\":\"ListItem\",\"position\":1,\"name\":\"Strona g\u0142\u00f3wna\",\"item\":\"https:\/\/polsoft.pl\/microsoft-surface\/\"},{\"@type\":\"ListItem\",\"position\":2,\"name\":\"Sklep\",\"item\":\"https:\/\/polsoft.pl\/microsoft-surface\/sklep\/\"},{\"@type\":\"ListItem\",\"position\":3,\"name\":\"Microsoft Surface Laptop 7 ZGZ-00046-Qualcom Snapdragon X Elite-16GB-512GB-13,8&#8243;-Czarny\"}]},{\"@type\":\"WebSite\",\"@id\":\"https:\/\/polsoft.pl\/microsoft-surface\/#website\",\"url\":\"https:\/\/polsoft.pl\/microsoft-surface\/\",\"name\":\"Sklep Microsoft Surface\",\"description\":\"Sklep Microsoft Surface\",\"publisher\":{\"@id\":\"https:\/\/polsoft.pl\/microsoft-surface\/#organization\"},\"potentialAction\":[{\"@type\":\"SearchAction\",\"target\":{\"@type\":\"EntryPoint\",\"urlTemplate\":\"https:\/\/polsoft.pl\/microsoft-surface\/?s={search_term_string}\"},\"query-input\":{\"@type\":\"PropertyValueSpecification\",\"valueRequired\":true,\"valueName\":\"search_term_string\"}}],\"inLanguage\":\"pl-PL\"},{\"@type\":\"Organization\",\"@id\":\"https:\/\/polsoft.pl\/microsoft-surface\/#organization\",\"name\":\"Polsoft Engineering Sp. z o.o.\",\"url\":\"https:\/\/polsoft.pl\/microsoft-surface\/\",\"logo\":{\"@type\":\"ImageObject\",\"inLanguage\":\"pl-PL\",\"@id\":\"https:\/\/polsoft.pl\/microsoft-surface\/#\/schema\/logo\/image\/\",\"url\":\"https:\/\/www.polsoft.pl\/microsoft-surface\/wp-content\/uploads\/2020\/10\/microsoft_partner_logo_black_polsoft.png\",\"contentUrl\":\"https:\/\/www.polsoft.pl\/microsoft-surface\/wp-content\/uploads\/2020\/10\/microsoft_partner_logo_black_polsoft.png\",\"width\":613,\"height\":158,\"caption\":\"Polsoft Engineering Sp. z o.o.\"},\"image\":{\"@id\":\"https:\/\/polsoft.pl\/microsoft-surface\/#\/schema\/logo\/image\/\"}}]}<\/script>\n<!-- \/ Yoast SEO plugin. -->","yoast_head_json":{"title":"Microsoft Surface Laptop 7 ZGZ-00046-Qualcom Snapdragon X Elite-16GB-512GB-13,8\"-Czarny - Sklep rozwi\u0105za\u0144 Microsoft Surface","description":"Surface Laptop 7 \u2013 nowoczesny laptop z ekranem dotykowym, \u0142\u0105czno\u015bci\u0105 5G i moc\u0105 AI. Wybierz mobilno\u015b\u0107 i styl. Kup ju\u017c dzi\u015b z szybk\u0105 dostaw\u0105!","robots":{"index":"index","follow":"follow","max-snippet":"max-snippet:-1","max-image-preview":"max-image-preview:large","max-video-preview":"max-video-preview:-1"},"canonical":"https:\/\/polsoft.pl\/microsoft-surface\/produkt\/microsoft-surface-laptop-7-zgz-00046-qualcom-snapdragon-x-elite-16gb-512gb-138-czarny\/","og_locale":"pl_PL","og_type":"article","og_title":"Microsoft Surface Laptop 7 ZGZ-00046-Qualcom Snapdragon X Elite-16GB-512GB-13,8\"-Czarny - Sklep rozwi\u0105za\u0144 Microsoft Surface","og_description":"Surface Laptop 7 \u2013 nowoczesny laptop z ekranem dotykowym, \u0142\u0105czno\u015bci\u0105 5G i moc\u0105 AI. Wybierz mobilno\u015b\u0107 i styl. Kup ju\u017c dzi\u015b z szybk\u0105 dostaw\u0105!","og_url":"https:\/\/polsoft.pl\/microsoft-surface\/produkt\/microsoft-surface-laptop-7-zgz-00046-qualcom-snapdragon-x-elite-16gb-512gb-138-czarny\/","og_site_name":"Sklep rozwi\u0105za\u0144 Microsoft Surface","article_modified_time":"2026-01-23T11:46:27+00:00","og_image":[{"width":1668,"height":1668,"url":"https:\/\/polsoft.pl\/microsoft-surface\/wp-content\/uploads\/2025\/06\/Microsoft-Surface-Laptop-7-ZGZ-00046.jpg","type":"image\/jpeg"}],"twitter_card":"summary_large_image","twitter_misc":{"Szacowany czas czytania":"3 minuty"},"schema":{"@context":"https:\/\/schema.org","@graph":[{"@type":"WebPage","@id":"https:\/\/polsoft.pl\/microsoft-surface\/produkt\/microsoft-surface-laptop-7-zgz-00046-qualcom-snapdragon-x-elite-16gb-512gb-138-czarny\/","url":"https:\/\/polsoft.pl\/microsoft-surface\/produkt\/microsoft-surface-laptop-7-zgz-00046-qualcom-snapdragon-x-elite-16gb-512gb-138-czarny\/","name":"Microsoft Surface Laptop 7 ZGZ-00046-Qualcom Snapdragon X Elite-16GB-512GB-13,8\"-Czarny - Sklep rozwi\u0105za\u0144 Microsoft Surface","isPartOf":{"@id":"https:\/\/polsoft.pl\/microsoft-surface\/#website"},"primaryImageOfPage":{"@id":"https:\/\/polsoft.pl\/microsoft-surface\/produkt\/microsoft-surface-laptop-7-zgz-00046-qualcom-snapdragon-x-elite-16gb-512gb-138-czarny\/#primaryimage"},"image":{"@id":"https:\/\/polsoft.pl\/microsoft-surface\/produkt\/microsoft-surface-laptop-7-zgz-00046-qualcom-snapdragon-x-elite-16gb-512gb-138-czarny\/#primaryimage"},"thumbnailUrl":"https:\/\/www.polsoft.pl\/microsoft-surface\/wp-content\/uploads\/2025\/06\/Microsoft-Surface-Laptop-7-ZGZ-00046.jpg","datePublished":"2024-10-31T08:52:08+00:00","dateModified":"2026-01-23T11:46:27+00:00","description":"Surface Laptop 7 \u2013 nowoczesny laptop z ekranem dotykowym, \u0142\u0105czno\u015bci\u0105 5G i moc\u0105 AI. Wybierz mobilno\u015b\u0107 i styl. Kup ju\u017c dzi\u015b z szybk\u0105 dostaw\u0105!","breadcrumb":{"@id":"https:\/\/polsoft.pl\/microsoft-surface\/produkt\/microsoft-surface-laptop-7-zgz-00046-qualcom-snapdragon-x-elite-16gb-512gb-138-czarny\/#breadcrumb"},"inLanguage":"pl-PL","potentialAction":[{"@type":"ReadAction","target":["https:\/\/polsoft.pl\/microsoft-surface\/produkt\/microsoft-surface-laptop-7-zgz-00046-qualcom-snapdragon-x-elite-16gb-512gb-138-czarny\/"]}]},{"@type":"ImageObject","inLanguage":"pl-PL","@id":"https:\/\/polsoft.pl\/microsoft-surface\/produkt\/microsoft-surface-laptop-7-zgz-00046-qualcom-snapdragon-x-elite-16gb-512gb-138-czarny\/#primaryimage","url":"https:\/\/www.polsoft.pl\/microsoft-surface\/wp-content\/uploads\/2025\/06\/Microsoft-Surface-Laptop-7-ZGZ-00046.jpg","contentUrl":"https:\/\/www.polsoft.pl\/microsoft-surface\/wp-content\/uploads\/2025\/06\/Microsoft-Surface-Laptop-7-ZGZ-00046.jpg","width":1668,"height":1668},{"@type":"BreadcrumbList","@id":"https:\/\/polsoft.pl\/microsoft-surface\/produkt\/microsoft-surface-laptop-7-zgz-00046-qualcom-snapdragon-x-elite-16gb-512gb-138-czarny\/#breadcrumb","itemListElement":[{"@type":"ListItem","position":1,"name":"Strona g\u0142\u00f3wna","item":"https:\/\/polsoft.pl\/microsoft-surface\/"},{"@type":"ListItem","position":2,"name":"Sklep","item":"https:\/\/polsoft.pl\/microsoft-surface\/sklep\/"},{"@type":"ListItem","position":3,"name":"Microsoft Surface Laptop 7 ZGZ-00046-Qualcom Snapdragon X Elite-16GB-512GB-13,8&#8243;-Czarny"}]},{"@type":"WebSite","@id":"https:\/\/polsoft.pl\/microsoft-surface\/#website","url":"https:\/\/polsoft.pl\/microsoft-surface\/","name":"Sklep Microsoft Surface","description":"Sklep Microsoft Surface","publisher":{"@id":"https:\/\/polsoft.pl\/microsoft-surface\/#organization"},"potentialAction":[{"@type":"SearchAction","target":{"@type":"EntryPoint","urlTemplate":"https:\/\/polsoft.pl\/microsoft-surface\/?s={search_term_string}"},"query-input":{"@type":"PropertyValueSpecification","valueRequired":true,"valueName":"search_term_string"}}],"inLanguage":"pl-PL"},{"@type":"Organization","@id":"https:\/\/polsoft.pl\/microsoft-surface\/#organization","name":"Polsoft Engineering Sp. z o.o.","url":"https:\/\/polsoft.pl\/microsoft-surface\/","logo":{"@type":"ImageObject","inLanguage":"pl-PL","@id":"https:\/\/polsoft.pl\/microsoft-surface\/#\/schema\/logo\/image\/","url":"https:\/\/www.polsoft.pl\/microsoft-surface\/wp-content\/uploads\/2020\/10\/microsoft_partner_logo_black_polsoft.png","contentUrl":"https:\/\/www.polsoft.pl\/microsoft-surface\/wp-content\/uploads\/2020\/10\/microsoft_partner_logo_black_polsoft.png","width":613,"height":158,"caption":"Polsoft Engineering Sp. z o.o."},"image":{"@id":"https:\/\/polsoft.pl\/microsoft-surface\/#\/schema\/logo\/image\/"}}]}},"_links":{"self":[{"href":"https:\/\/www.polsoft.pl\/microsoft-surface\/wp-json\/wp\/v2\/product\/17663","targetHints":{"allow":["GET"]}}],"collection":[{"href":"https:\/\/www.polsoft.pl\/microsoft-surface\/wp-json\/wp\/v2\/product"}],"about":[{"href":"https:\/\/www.polsoft.pl\/microsoft-surface\/wp-json\/wp\/v2\/types\/product"}],"version-history":[{"count":6,"href":"https:\/\/www.polsoft.pl\/microsoft-surface\/wp-json\/wp\/v2\/product\/17663\/revisions"}],"predecessor-version":[{"id":18403,"href":"https:\/\/www.polsoft.pl\/microsoft-surface\/wp-json\/wp\/v2\/product\/17663\/revisions\/18403"}],"wp:featuredmedia":[{"embeddable":true,"href":"https:\/\/www.polsoft.pl\/microsoft-surface\/wp-json\/wp\/v2\/media\/19281"}],"wp:attachment":[{"href":"https:\/\/www.polsoft.pl\/microsoft-surface\/wp-json\/wp\/v2\/media?parent=17663"}],"wp:term":[{"taxonomy":"product_brand","embeddable":true,"href":"https:\/\/www.polsoft.pl\/microsoft-surface\/wp-json\/wp\/v2\/product_brand?post=17663"},{"taxonomy":"product_cat","embeddable":true,"href":"https:\/\/www.polsoft.pl\/microsoft-surface\/wp-json\/wp\/v2\/product_cat?post=17663"},{"taxonomy":"product_tag","embeddable":true,"href":"https:\/\/www.polsoft.pl\/microsoft-surface\/wp-json\/wp\/v2\/product_tag?post=17663"}],"curies":[{"name":"wp","href":"https:\/\/api.w.org\/{rel}","templated":true}]}}