{"id":17672,"date":"2024-10-31T09:52:15","date_gmt":"2024-10-31T08:52:15","guid":{"rendered":"https:\/\/polsoft.pl\/microsoft-surface\/produkt\/surface-laptop-7-zhb-00009-qualcom-snapdragon-x-elite-32gb-1tb-138-czarny\/"},"modified":"2026-01-23T12:46:28","modified_gmt":"2026-01-23T11:46:28","slug":"surface-laptop-7-zhb-00009-qualcom-snapdragon-x-elite-32gb-1tb-138-czarny","status":"publish","type":"product","link":"https:\/\/www.polsoft.pl\/microsoft-surface\/produkt\/surface-laptop-7-zhb-00009-qualcom-snapdragon-x-elite-32gb-1tb-138-czarny\/","title":{"rendered":"Microsoft Surface Laptop 7 ZHB-00009-Qualcom Snapdragon X Elite-32GB-1TB-13,8&#8243;-Czarny"},"content":{"rendered":"\t\t<div data-elementor-type=\"product-post\" data-elementor-id=\"17672\" class=\"elementor elementor-17672\" data-elementor-post-type=\"product\">\n\t\t\t\t\t\t<section class=\"elementor-section elementor-top-section elementor-element elementor-element-d39d158 elementor-section-boxed elementor-section-height-default elementor-section-height-default\" data-id=\"d39d158\" data-element_type=\"section\" data-e-type=\"section\">\n\t\t\t\t\t\t<div class=\"elementor-container elementor-column-gap-default\">\n\t\t\t\t\t<div class=\"elementor-column elementor-col-100 elementor-top-column elementor-element elementor-element-2e330b3\" data-id=\"2e330b3\" data-element_type=\"column\" data-e-type=\"column\">\n\t\t\t<div class=\"elementor-widget-wrap elementor-element-populated\">\n\t\t\t\t\t\t<div class=\"elementor-element elementor-element-2c3af35 elementor-widget elementor-widget-text-editor\" data-id=\"2c3af35\" data-element_type=\"widget\" data-e-type=\"widget\" data-widget_type=\"text-editor.default\">\n\t\t\t\t<div class=\"elementor-widget-container\">\n\t\t\t\t\t\t\t\t\t<h3 data-sourcepos=\"1:1-1:111\">\u00a0<\/h3><p data-sourcepos=\"5:1-5:95\">Odkryj przysz\u0142o\u015b\u0107 komputer\u00f3w osobistych z <b>Microsoft Surface Laptop 7 ZHB-00009<\/b>, prawdziwym <b>Copilot+ PC<\/b> w ekstremalnej konfiguracji. To kompaktowa pot\u0119ga w czarnej, matowej obudowie, stworzona dla najbardziej wymagaj\u0105cych profesjonalist\u00f3w \u2013 deweloper\u00f3w, analityk\u00f3w danych i tw\u00f3rc\u00f3w, kt\u00f3rzy potrzebuj\u0105 wydajno\u015bci stacji roboczej w ultralekkiej, mobilnej formie. To nie jest ewolucja, to rewolucja w sposobie, w jaki wchodzisz w interakcj\u0119 z technologi\u0105.<\/p><p>Sercem tego niezwyk\u0142ego urz\u0105dzenia jest pot\u0119\u017cny procesor <b>Snapdragon\u00ae X Elite<\/b>, kt\u00f3ry dzi\u0119ki dedykowanemu uk\u0142adowi NPU (Neural Processing Unit) o mocy 45 bilion\u00f3w operacji na sekund\u0119, zapewnia b\u0142yskawiczne dzia\u0142anie funkcji AI bezpo\u015brednio na urz\u0105dzeniu. W po\u0142\u0105czeniu z a\u017c <b>32 GB<\/b> pami\u0119ci RAM <b>LPDDR5x<\/b> i wydajn\u0105 grafik\u0105 <b>Qualcomm\u00ae Adreno\u2122<\/b>, pozwala na p\u0142ynn\u0105 prac\u0119 z wieloma aplikacjami jednocze\u015bnie, obr\u00f3bk\u0119 wideo 4K i realizacj\u0119 najbardziej ambitnych projekt\u00f3w. Gigantyczny dysk <b>SSD o pojemno\u015bci 1 TB<\/b> (PCIe 4.0) eliminuje wszelkie kompromisy w kwestii przechowywania danych.<\/p><p>Niesamowity, 13,8-calowy ekran dotykowy <b>PixelSense\u2122 Flow<\/b> o wysokiej rozdzielczo\u015bci <b>2304 x 1536 (201 PPI)<\/b> zachwyca jako\u015bci\u0105 obrazu i p\u0142ynno\u015bci\u0105 dzi\u0119ki dynamicznemu od\u015bwie\u017caniu <b>120 Hz<\/b>. Technologia <b>Dolby Vision IQ\u2122<\/b> dostosowuje obraz do otoczenia, zapewniaj\u0105c kinowe wra\u017cenia, a wysoka jasno\u015b\u0107 pozwala na komfortow\u0105 prac\u0119 na zewn\u0105trz. Wytrzyma\u0142o\u015b\u0107 na poziomie premium gwarantuje szk\u0142o <b>Corning\u00ae Gorilla\u00ae Glass 5<\/b>.<\/p><p>Do\u015bwiadcz niezr\u00f3wnanego komfortu pisania dzi\u0119ki legendarnej ju\u017c klawiaturze Surface, kt\u00f3ra zapewnia idealny skok klawiszy i cich\u0105 prac\u0119. Du\u017cy, precyzyjny g\u0142adzik z funkcj\u0105 haptyczn\u0105 pozwala na \u0142atw\u0105 nawigacj\u0119. Ekran dotykowy oraz kompatybilno\u015b\u0107 z pi\u00f3rem <b>Microsoft Surface Slim Pen 2<\/b> (sprzedawanym osobno) rozszerzaj\u0105 mo\u017cliwo\u015bci interakcji, pozwalaj\u0105c na intuicyjne nanoszenie adnotacji na dokumentach.<\/p><p>Twoje cenne dane s\u0105 chronione przez zaawansowane, sprz\u0119towe zabezpieczenia z procesorem <b>Microsoft Pluton<\/b>, kt\u00f3ry jest zintegrowany bezpo\u015brednio z chipem i zapewnia ochron\u0119 od samego startu systemu. Wygodne i szybkie logowanie umo\u017cliwia system rozpoznawania twarzy w <b>Windows Hello<\/b>.<\/p><p>Jako <b>Copilot+ PC<\/b>, ten laptop oferuje unikalne funkcje AI, takie jak <b>Recall<\/b>, kt\u00f3ra pozwala odnale\u017a\u0107 wszystko, co widzia\u0142e\u015b na ekranie. Inteligentne efekty w kamerze <b>Surface Studio<\/b> z jako\u015bci\u0105 Full HD sprawi\u0105, \u017ce b\u0119dziesz wygl\u0105da\u0107 doskonale podczas ka\u017cdej wideorozmowy, a funkcja <b>Cocreator<\/b> w programie Paint zamieni Twoje szkice w dzie\u0142a sztuki.<\/p><p>Laptop jest gotowy na przysz\u0142o\u015b\u0107 dzi\u0119ki \u0142\u0105czno\u015bci <b>Wi-Fi 7<\/b> i <b>Bluetooth\u00ae 5.4<\/b>. Dwa porty <b>USB-C\u00ae (USB4\u00ae)<\/b> pozwalaj\u0105 na szybkie \u0142adowanie, transfer danych i pod\u0142\u0105czenie zewn\u0119trznych monitor\u00f3w 4K, tworz\u0105c wszechstronne stanowisko pracy. Dope\u0142nieniem ca\u0142o\u015bci s\u0105 g\u0142o\u015bniki <b>Omnisonic\u00ae z technologi\u0105 Dolby\u00ae Atmos\u00ae<\/b>, kt\u00f3re dostarczaj\u0105 bogaty, przestrzenny d\u017awi\u0119k<\/p><p data-sourcepos=\"9:1-9:343\">Sercem urz\u0105dzenia jest topowy procesor <strong>Snapdragon\u00ae X Elite<\/strong> i zintegrowana grafika <strong>Qualcomm\u00ae Adreno\u2122<\/strong>. Dzi\u0119ki pot\u0119\u017cnemu uk\u0142adowi NPU (Neural Processing Unit), kt\u00f3ry w po\u0142\u0105czeniu z a\u017c <strong>32 GB pami\u0119ci RAM<\/strong> tworzy zestaw gotowy na najci\u0119\u017csze zadania, takie jak programowanie, analiza danych, wirtualizacja czy praca z zaawansowan\u0105 grafik\u0105.<\/p><p data-sourcepos=\"11:1-11:224\">Model ZHB-00009 zosta\u0142 wyposa\u017cony w gigantyczny i ultraszybki dysk <strong>SSD o pojemno\u015bci 1 TB<\/strong>, kt\u00f3ry eliminuje problem braku miejsca i zapewnia natychmiastowy dost\u0119p do ogromnych plik\u00f3w, projekt\u00f3w i bibliotek multimedialnych.<\/p><p data-sourcepos=\"13:1-13:334\">Mimo niewielkich rozmiar\u00f3w, laptop zachwyca rewelacyjnym, 13,8-calowym ekranem dotykowym <strong>PixelSense\u2122 Flow<\/strong> o rozdzielczo\u015bci <strong>2304 x 1536 (201 PPI)<\/strong>. Dynamiczne od\u015bwie\u017canie <strong>120 Hz<\/strong>, kinowa jako\u015b\u0107 kolor\u00f3w dzi\u0119ki <strong>Dolby Vision IQ\u2122<\/strong> oraz ochrona <strong>Corning\u00ae Gorilla\u00ae Glass 5<\/strong> gwarantuj\u0105 niezr\u00f3wnane wra\u017cenia wizualne i trwa\u0142o\u015b\u0107.<\/p><p data-sourcepos=\"15:1-15:282\">Laptop oferuje najnowocze\u015bniejsze standardy \u0142\u0105czno\u015bci, w tym <strong>Wi-Fi 7<\/strong> oraz <strong>Bluetooth\u00ae 5.4<\/strong>. Dwa uniwersalne porty <strong>USB-C\u00ae<\/strong> z obs\u0142ug\u0105 standardu <strong>USB4\u00ae<\/strong> pozwalaj\u0105 na b\u0142yskawiczny transfer danych, pod\u0142\u0105czanie wielu monitor\u00f3w 4K i korzystanie z nowoczesnych stacji dokuj\u0105cych.<\/p><p data-sourcepos=\"17:1-17:214\">Twoje najcenniejsze dane s\u0105 chronione przez zaawansowane, sprz\u0119towe zabezpieczenia z procesorem <strong>Microsoft Pluton<\/strong> oraz wygodne i szybkie logowanie biometryczne za pomoc\u0105 rozpoznawania twarzy w <strong>Windows Hello<\/strong>.<\/p><p data-sourcepos=\"19:1-19:258\">Jako pe\u0142noprawny <strong>Copilot+ PC<\/strong>, ten model oferuje ekskluzywne, przyspieszane przez AI funkcje, takie jak <strong>Recall (Przywo\u0142aj)<\/strong>, pozwalaj\u0105ca b\u0142yskawicznie odnale\u017a\u0107 wszystko, co widzia\u0142e\u015b na ekranie, czy <strong>Cocreator<\/strong>, kt\u00f3ry wspiera Ci\u0119 w procesie tw\u00f3rczym.<\/p><p data-sourcepos=\"21:1-21:293\">Podsumowuj\u0105c, <strong>Microsoft Surface Laptop 7 13,8\u201d ZHB-00009<\/strong> to elitarna mobilna stacja robocCza. To idealne narz\u0119dzie dla profesjonalist\u00f3w, kt\u00f3rzy nie uznaj\u0105 kompromis\u00f3w i potrzebuj\u0105 maksymalnej mocy obliczeniowej, ogromnej przestrzeni na dane i inteligencji AI w maksymalnie mobilnej formie.<\/p>\t\t\t\t\t\t\t\t<\/div>\n\t\t\t\t<\/div>\n\t\t\t\t\t<\/div>\n\t\t<\/div>\n\t\t\t\t\t<\/div>\n\t\t<\/section>\n\t\t\t\t<\/div>\n\t\t","protected":false},"excerpt":{"rendered":"<p>Odkryj przysz\u0142o\u015b\u0107 komputer\u00f3w osobistych z Microsoft Surface Laptop 7 ZHB-00009, prawdziwym Copilot+ PC w ekstremalnej konfiguracji. To kompaktowa pot\u0119ga w czarnej, matowej obudowie, stworzona dla najbardziej wymagaj\u0105cych profesjonalist\u00f3w \u2013 deweloper\u00f3w, analityk\u00f3w danych i tw\u00f3rc\u00f3w, kt\u00f3rzy potrzebuj\u0105 wydajno\u015bci stacji roboczej w ultralekkiej, mobilnej formie. To nie jest ewolucja, to rewolucja w sposobie, w jaki wchodzisz w [&hellip;]<\/p>\n","protected":false},"featured_media":19089,"template":"","meta":{"site-sidebar-layout":"default","site-content-layout":"page-builder","ast-site-content-layout":"default","site-content-style":"default","site-sidebar-style":"default","ast-global-header-display":"","ast-banner-title-visibility":"","ast-main-header-display":"","ast-hfb-above-header-display":"","ast-hfb-below-header-display":"","ast-hfb-mobile-header-display":"","site-post-title":"","ast-breadcrumbs-content":"","ast-featured-img":"","footer-sml-layout":"","ast-disable-related-posts":"","theme-transparent-header-meta":"default","adv-header-id-meta":"","stick-header-meta":"","header-above-stick-meta":"","header-main-stick-meta":"","header-below-stick-meta":"","astra-migrate-meta-layouts":"set","ast-page-background-enabled":"default","ast-page-background-meta":{"desktop":{"background-color":"","background-image":"","background-repeat":"repeat","background-position":"center center","background-size":"auto","background-attachment":"scroll","background-type":"","background-media":"","overlay-type":"","overlay-color":"","overlay-opacity":"","overlay-gradient":""},"tablet":{"background-color":"","background-image":"","background-repeat":"repeat","background-position":"center center","background-size":"auto","background-attachment":"scroll","background-type":"","background-media":"","overlay-type":"","overlay-color":"","overlay-opacity":"","overlay-gradient":""},"mobile":{"background-color":"","background-image":"","background-repeat":"repeat","background-position":"center center","background-size":"auto","background-attachment":"scroll","background-type":"","background-media":"","overlay-type":"","overlay-color":"","overlay-opacity":"","overlay-gradient":""}},"ast-content-background-meta":{"desktop":{"background-color":"var(--ast-global-color-5)","background-image":"","background-repeat":"repeat","background-position":"center center","background-size":"auto","background-attachment":"scroll","background-type":"","background-media":"","overlay-type":"","overlay-color":"","overlay-opacity":"","overlay-gradient":""},"tablet":{"background-color":"var(--ast-global-color-5)","background-image":"","background-repeat":"repeat","background-position":"center center","background-size":"auto","background-attachment":"scroll","background-type":"","background-media":"","overlay-type":"","overlay-color":"","overlay-opacity":"","overlay-gradient":""},"mobile":{"background-color":"var(--ast-global-color-5)","background-image":"","background-repeat":"repeat","background-position":"center center","background-size":"auto","background-attachment":"scroll","background-type":"","background-media":"","overlay-type":"","overlay-color":"","overlay-opacity":"","overlay-gradient":""}},"_links_to":"","_links_to_target":""},"product_brand":[],"product_cat":[70,315],"product_tag":[],"class_list":{"0":"post-17672","1":"product","2":"type-product","3":"status-publish","4":"has-post-thumbnail","6":"product_cat-laptopy-microsoft-surface","7":"product_cat-microsoft-surface-laptop-7","8":"pa_dodatkowe-komponenty-wifi","9":"pa_matryca-314","10":"pa_model-procesora-snapdragon-x-elite","11":"pa_pamiec-ram-32gb","12":"pa_pojemnosc-dysku-1tb","13":"pa_producent-procesora-qualcomm","14":"desktop-align-left","15":"tablet-align-left","16":"mobile-align-left","18":"first","19":"instock","20":"taxable","21":"shipping-taxable","22":"purchasable","23":"product-type-simple"},"yoast_head":"<!-- This site is optimized with the Yoast SEO plugin v26.7 - https:\/\/yoast.com\/wordpress\/plugins\/seo\/ -->\n<title>Microsoft Surface Laptop 7 ZHB-00009-Qualcom Snapdragon X Elite-32GB-1TB-13,8&quot;-Czarny - Sklep rozwi\u0105za\u0144 Microsoft Surface<\/title>\n<meta name=\"description\" content=\"Surface Laptop 7 \u2013 nowoczesny laptop z ekranem dotykowym, \u0142\u0105czno\u015bci\u0105 5G i moc\u0105 AI. Wybierz mobilno\u015b\u0107 i styl. Kup ju\u017c dzi\u015b z szybk\u0105 dostaw\u0105!\" \/>\n<meta name=\"robots\" content=\"index, follow, max-snippet:-1, max-image-preview:large, max-video-preview:-1\" \/>\n<link rel=\"canonical\" href=\"https:\/\/polsoft.pl\/microsoft-surface\/produkt\/surface-laptop-7-zhb-00009-qualcom-snapdragon-x-elite-32gb-1tb-138-czarny\/\" \/>\n<meta property=\"og:locale\" content=\"pl_PL\" \/>\n<meta property=\"og:type\" content=\"article\" \/>\n<meta property=\"og:title\" content=\"Microsoft Surface Laptop 7 ZHB-00009-Qualcom Snapdragon X Elite-32GB-1TB-13,8&quot;-Czarny - Sklep rozwi\u0105za\u0144 Microsoft Surface\" \/>\n<meta property=\"og:description\" content=\"Surface Laptop 7 \u2013 nowoczesny laptop z ekranem dotykowym, \u0142\u0105czno\u015bci\u0105 5G i moc\u0105 AI. Wybierz mobilno\u015b\u0107 i styl. Kup ju\u017c dzi\u015b z szybk\u0105 dostaw\u0105!\" \/>\n<meta property=\"og:url\" content=\"https:\/\/polsoft.pl\/microsoft-surface\/produkt\/surface-laptop-7-zhb-00009-qualcom-snapdragon-x-elite-32gb-1tb-138-czarny\/\" \/>\n<meta property=\"og:site_name\" content=\"Sklep rozwi\u0105za\u0144 Microsoft Surface\" \/>\n<meta property=\"article:modified_time\" content=\"2026-01-23T11:46:28+00:00\" \/>\n<meta property=\"og:image\" content=\"https:\/\/polsoft.pl\/microsoft-surface\/wp-content\/uploads\/2025\/06\/Microsoft-Surface-Laptop-7-ZHB-00009-2-1.jpg\" \/>\n\t<meta property=\"og:image:width\" content=\"1668\" \/>\n\t<meta property=\"og:image:height\" content=\"1668\" \/>\n\t<meta property=\"og:image:type\" content=\"image\/jpeg\" \/>\n<meta name=\"twitter:card\" content=\"summary_large_image\" \/>\n<meta name=\"twitter:label1\" content=\"Szacowany czas czytania\" \/>\n\t<meta name=\"twitter:data1\" content=\"4 minuty\" \/>\n<script type=\"application\/ld+json\" class=\"yoast-schema-graph\">{\"@context\":\"https:\/\/schema.org\",\"@graph\":[{\"@type\":\"WebPage\",\"@id\":\"https:\/\/polsoft.pl\/microsoft-surface\/produkt\/surface-laptop-7-zhb-00009-qualcom-snapdragon-x-elite-32gb-1tb-138-czarny\/\",\"url\":\"https:\/\/polsoft.pl\/microsoft-surface\/produkt\/surface-laptop-7-zhb-00009-qualcom-snapdragon-x-elite-32gb-1tb-138-czarny\/\",\"name\":\"Microsoft Surface Laptop 7 ZHB-00009-Qualcom Snapdragon X Elite-32GB-1TB-13,8\\\"-Czarny - Sklep rozwi\u0105za\u0144 Microsoft Surface\",\"isPartOf\":{\"@id\":\"https:\/\/polsoft.pl\/microsoft-surface\/#website\"},\"primaryImageOfPage\":{\"@id\":\"https:\/\/polsoft.pl\/microsoft-surface\/produkt\/surface-laptop-7-zhb-00009-qualcom-snapdragon-x-elite-32gb-1tb-138-czarny\/#primaryimage\"},\"image\":{\"@id\":\"https:\/\/polsoft.pl\/microsoft-surface\/produkt\/surface-laptop-7-zhb-00009-qualcom-snapdragon-x-elite-32gb-1tb-138-czarny\/#primaryimage\"},\"thumbnailUrl\":\"https:\/\/www.polsoft.pl\/microsoft-surface\/wp-content\/uploads\/2025\/06\/Microsoft-Surface-Laptop-7-ZHB-00009-2-1.jpg\",\"datePublished\":\"2024-10-31T08:52:15+00:00\",\"dateModified\":\"2026-01-23T11:46:28+00:00\",\"description\":\"Surface Laptop 7 \u2013 nowoczesny laptop z ekranem dotykowym, \u0142\u0105czno\u015bci\u0105 5G i moc\u0105 AI. Wybierz mobilno\u015b\u0107 i styl. Kup ju\u017c dzi\u015b z szybk\u0105 dostaw\u0105!\",\"breadcrumb\":{\"@id\":\"https:\/\/polsoft.pl\/microsoft-surface\/produkt\/surface-laptop-7-zhb-00009-qualcom-snapdragon-x-elite-32gb-1tb-138-czarny\/#breadcrumb\"},\"inLanguage\":\"pl-PL\",\"potentialAction\":[{\"@type\":\"ReadAction\",\"target\":[\"https:\/\/polsoft.pl\/microsoft-surface\/produkt\/surface-laptop-7-zhb-00009-qualcom-snapdragon-x-elite-32gb-1tb-138-czarny\/\"]}]},{\"@type\":\"ImageObject\",\"inLanguage\":\"pl-PL\",\"@id\":\"https:\/\/polsoft.pl\/microsoft-surface\/produkt\/surface-laptop-7-zhb-00009-qualcom-snapdragon-x-elite-32gb-1tb-138-czarny\/#primaryimage\",\"url\":\"https:\/\/www.polsoft.pl\/microsoft-surface\/wp-content\/uploads\/2025\/06\/Microsoft-Surface-Laptop-7-ZHB-00009-2-1.jpg\",\"contentUrl\":\"https:\/\/www.polsoft.pl\/microsoft-surface\/wp-content\/uploads\/2025\/06\/Microsoft-Surface-Laptop-7-ZHB-00009-2-1.jpg\",\"width\":1668,\"height\":1668},{\"@type\":\"BreadcrumbList\",\"@id\":\"https:\/\/polsoft.pl\/microsoft-surface\/produkt\/surface-laptop-7-zhb-00009-qualcom-snapdragon-x-elite-32gb-1tb-138-czarny\/#breadcrumb\",\"itemListElement\":[{\"@type\":\"ListItem\",\"position\":1,\"name\":\"Strona g\u0142\u00f3wna\",\"item\":\"https:\/\/polsoft.pl\/microsoft-surface\/\"},{\"@type\":\"ListItem\",\"position\":2,\"name\":\"Sklep\",\"item\":\"https:\/\/polsoft.pl\/microsoft-surface\/sklep\/\"},{\"@type\":\"ListItem\",\"position\":3,\"name\":\"Microsoft Surface Laptop 7 ZHB-00009-Qualcom Snapdragon X Elite-32GB-1TB-13,8&#8243;-Czarny\"}]},{\"@type\":\"WebSite\",\"@id\":\"https:\/\/polsoft.pl\/microsoft-surface\/#website\",\"url\":\"https:\/\/polsoft.pl\/microsoft-surface\/\",\"name\":\"Sklep Microsoft Surface\",\"description\":\"Sklep Microsoft Surface\",\"publisher\":{\"@id\":\"https:\/\/polsoft.pl\/microsoft-surface\/#organization\"},\"potentialAction\":[{\"@type\":\"SearchAction\",\"target\":{\"@type\":\"EntryPoint\",\"urlTemplate\":\"https:\/\/polsoft.pl\/microsoft-surface\/?s={search_term_string}\"},\"query-input\":{\"@type\":\"PropertyValueSpecification\",\"valueRequired\":true,\"valueName\":\"search_term_string\"}}],\"inLanguage\":\"pl-PL\"},{\"@type\":\"Organization\",\"@id\":\"https:\/\/polsoft.pl\/microsoft-surface\/#organization\",\"name\":\"Polsoft Engineering Sp. z o.o.\",\"url\":\"https:\/\/polsoft.pl\/microsoft-surface\/\",\"logo\":{\"@type\":\"ImageObject\",\"inLanguage\":\"pl-PL\",\"@id\":\"https:\/\/polsoft.pl\/microsoft-surface\/#\/schema\/logo\/image\/\",\"url\":\"https:\/\/www.polsoft.pl\/microsoft-surface\/wp-content\/uploads\/2020\/10\/microsoft_partner_logo_black_polsoft.png\",\"contentUrl\":\"https:\/\/www.polsoft.pl\/microsoft-surface\/wp-content\/uploads\/2020\/10\/microsoft_partner_logo_black_polsoft.png\",\"width\":613,\"height\":158,\"caption\":\"Polsoft Engineering Sp. z o.o.\"},\"image\":{\"@id\":\"https:\/\/polsoft.pl\/microsoft-surface\/#\/schema\/logo\/image\/\"}}]}<\/script>\n<!-- \/ Yoast SEO plugin. -->","yoast_head_json":{"title":"Microsoft Surface Laptop 7 ZHB-00009-Qualcom Snapdragon X Elite-32GB-1TB-13,8\"-Czarny - Sklep rozwi\u0105za\u0144 Microsoft Surface","description":"Surface Laptop 7 \u2013 nowoczesny laptop z ekranem dotykowym, \u0142\u0105czno\u015bci\u0105 5G i moc\u0105 AI. Wybierz mobilno\u015b\u0107 i styl. Kup ju\u017c dzi\u015b z szybk\u0105 dostaw\u0105!","robots":{"index":"index","follow":"follow","max-snippet":"max-snippet:-1","max-image-preview":"max-image-preview:large","max-video-preview":"max-video-preview:-1"},"canonical":"https:\/\/polsoft.pl\/microsoft-surface\/produkt\/surface-laptop-7-zhb-00009-qualcom-snapdragon-x-elite-32gb-1tb-138-czarny\/","og_locale":"pl_PL","og_type":"article","og_title":"Microsoft Surface Laptop 7 ZHB-00009-Qualcom Snapdragon X Elite-32GB-1TB-13,8\"-Czarny - Sklep rozwi\u0105za\u0144 Microsoft Surface","og_description":"Surface Laptop 7 \u2013 nowoczesny laptop z ekranem dotykowym, \u0142\u0105czno\u015bci\u0105 5G i moc\u0105 AI. Wybierz mobilno\u015b\u0107 i styl. Kup ju\u017c dzi\u015b z szybk\u0105 dostaw\u0105!","og_url":"https:\/\/polsoft.pl\/microsoft-surface\/produkt\/surface-laptop-7-zhb-00009-qualcom-snapdragon-x-elite-32gb-1tb-138-czarny\/","og_site_name":"Sklep rozwi\u0105za\u0144 Microsoft Surface","article_modified_time":"2026-01-23T11:46:28+00:00","og_image":[{"width":1668,"height":1668,"url":"https:\/\/polsoft.pl\/microsoft-surface\/wp-content\/uploads\/2025\/06\/Microsoft-Surface-Laptop-7-ZHB-00009-2-1.jpg","type":"image\/jpeg"}],"twitter_card":"summary_large_image","twitter_misc":{"Szacowany czas czytania":"4 minuty"},"schema":{"@context":"https:\/\/schema.org","@graph":[{"@type":"WebPage","@id":"https:\/\/polsoft.pl\/microsoft-surface\/produkt\/surface-laptop-7-zhb-00009-qualcom-snapdragon-x-elite-32gb-1tb-138-czarny\/","url":"https:\/\/polsoft.pl\/microsoft-surface\/produkt\/surface-laptop-7-zhb-00009-qualcom-snapdragon-x-elite-32gb-1tb-138-czarny\/","name":"Microsoft Surface Laptop 7 ZHB-00009-Qualcom Snapdragon X Elite-32GB-1TB-13,8\"-Czarny - Sklep rozwi\u0105za\u0144 Microsoft Surface","isPartOf":{"@id":"https:\/\/polsoft.pl\/microsoft-surface\/#website"},"primaryImageOfPage":{"@id":"https:\/\/polsoft.pl\/microsoft-surface\/produkt\/surface-laptop-7-zhb-00009-qualcom-snapdragon-x-elite-32gb-1tb-138-czarny\/#primaryimage"},"image":{"@id":"https:\/\/polsoft.pl\/microsoft-surface\/produkt\/surface-laptop-7-zhb-00009-qualcom-snapdragon-x-elite-32gb-1tb-138-czarny\/#primaryimage"},"thumbnailUrl":"https:\/\/www.polsoft.pl\/microsoft-surface\/wp-content\/uploads\/2025\/06\/Microsoft-Surface-Laptop-7-ZHB-00009-2-1.jpg","datePublished":"2024-10-31T08:52:15+00:00","dateModified":"2026-01-23T11:46:28+00:00","description":"Surface Laptop 7 \u2013 nowoczesny laptop z ekranem dotykowym, \u0142\u0105czno\u015bci\u0105 5G i moc\u0105 AI. Wybierz mobilno\u015b\u0107 i styl. Kup ju\u017c dzi\u015b z szybk\u0105 dostaw\u0105!","breadcrumb":{"@id":"https:\/\/polsoft.pl\/microsoft-surface\/produkt\/surface-laptop-7-zhb-00009-qualcom-snapdragon-x-elite-32gb-1tb-138-czarny\/#breadcrumb"},"inLanguage":"pl-PL","potentialAction":[{"@type":"ReadAction","target":["https:\/\/polsoft.pl\/microsoft-surface\/produkt\/surface-laptop-7-zhb-00009-qualcom-snapdragon-x-elite-32gb-1tb-138-czarny\/"]}]},{"@type":"ImageObject","inLanguage":"pl-PL","@id":"https:\/\/polsoft.pl\/microsoft-surface\/produkt\/surface-laptop-7-zhb-00009-qualcom-snapdragon-x-elite-32gb-1tb-138-czarny\/#primaryimage","url":"https:\/\/www.polsoft.pl\/microsoft-surface\/wp-content\/uploads\/2025\/06\/Microsoft-Surface-Laptop-7-ZHB-00009-2-1.jpg","contentUrl":"https:\/\/www.polsoft.pl\/microsoft-surface\/wp-content\/uploads\/2025\/06\/Microsoft-Surface-Laptop-7-ZHB-00009-2-1.jpg","width":1668,"height":1668},{"@type":"BreadcrumbList","@id":"https:\/\/polsoft.pl\/microsoft-surface\/produkt\/surface-laptop-7-zhb-00009-qualcom-snapdragon-x-elite-32gb-1tb-138-czarny\/#breadcrumb","itemListElement":[{"@type":"ListItem","position":1,"name":"Strona g\u0142\u00f3wna","item":"https:\/\/polsoft.pl\/microsoft-surface\/"},{"@type":"ListItem","position":2,"name":"Sklep","item":"https:\/\/polsoft.pl\/microsoft-surface\/sklep\/"},{"@type":"ListItem","position":3,"name":"Microsoft Surface Laptop 7 ZHB-00009-Qualcom Snapdragon X Elite-32GB-1TB-13,8&#8243;-Czarny"}]},{"@type":"WebSite","@id":"https:\/\/polsoft.pl\/microsoft-surface\/#website","url":"https:\/\/polsoft.pl\/microsoft-surface\/","name":"Sklep Microsoft Surface","description":"Sklep Microsoft Surface","publisher":{"@id":"https:\/\/polsoft.pl\/microsoft-surface\/#organization"},"potentialAction":[{"@type":"SearchAction","target":{"@type":"EntryPoint","urlTemplate":"https:\/\/polsoft.pl\/microsoft-surface\/?s={search_term_string}"},"query-input":{"@type":"PropertyValueSpecification","valueRequired":true,"valueName":"search_term_string"}}],"inLanguage":"pl-PL"},{"@type":"Organization","@id":"https:\/\/polsoft.pl\/microsoft-surface\/#organization","name":"Polsoft Engineering Sp. z o.o.","url":"https:\/\/polsoft.pl\/microsoft-surface\/","logo":{"@type":"ImageObject","inLanguage":"pl-PL","@id":"https:\/\/polsoft.pl\/microsoft-surface\/#\/schema\/logo\/image\/","url":"https:\/\/www.polsoft.pl\/microsoft-surface\/wp-content\/uploads\/2020\/10\/microsoft_partner_logo_black_polsoft.png","contentUrl":"https:\/\/www.polsoft.pl\/microsoft-surface\/wp-content\/uploads\/2020\/10\/microsoft_partner_logo_black_polsoft.png","width":613,"height":158,"caption":"Polsoft Engineering Sp. z o.o."},"image":{"@id":"https:\/\/polsoft.pl\/microsoft-surface\/#\/schema\/logo\/image\/"}}]}},"_links":{"self":[{"href":"https:\/\/www.polsoft.pl\/microsoft-surface\/wp-json\/wp\/v2\/product\/17672","targetHints":{"allow":["GET"]}}],"collection":[{"href":"https:\/\/www.polsoft.pl\/microsoft-surface\/wp-json\/wp\/v2\/product"}],"about":[{"href":"https:\/\/www.polsoft.pl\/microsoft-surface\/wp-json\/wp\/v2\/types\/product"}],"version-history":[{"count":16,"href":"https:\/\/www.polsoft.pl\/microsoft-surface\/wp-json\/wp\/v2\/product\/17672\/revisions"}],"predecessor-version":[{"id":20215,"href":"https:\/\/www.polsoft.pl\/microsoft-surface\/wp-json\/wp\/v2\/product\/17672\/revisions\/20215"}],"wp:featuredmedia":[{"embeddable":true,"href":"https:\/\/www.polsoft.pl\/microsoft-surface\/wp-json\/wp\/v2\/media\/19089"}],"wp:attachment":[{"href":"https:\/\/www.polsoft.pl\/microsoft-surface\/wp-json\/wp\/v2\/media?parent=17672"}],"wp:term":[{"taxonomy":"product_brand","embeddable":true,"href":"https:\/\/www.polsoft.pl\/microsoft-surface\/wp-json\/wp\/v2\/product_brand?post=17672"},{"taxonomy":"product_cat","embeddable":true,"href":"https:\/\/www.polsoft.pl\/microsoft-surface\/wp-json\/wp\/v2\/product_cat?post=17672"},{"taxonomy":"product_tag","embeddable":true,"href":"https:\/\/www.polsoft.pl\/microsoft-surface\/wp-json\/wp\/v2\/product_tag?post=17672"}],"curies":[{"name":"wp","href":"https:\/\/api.w.org\/{rel}","templated":true}]}}