{"id":17681,"date":"2024-10-31T09:52:15","date_gmt":"2024-10-31T08:52:15","guid":{"rendered":"https:\/\/polsoft.pl\/microsoft-surface\/produkt\/surface-laptop-7-zhq-00034-qualcom-snapdragon-x-elite-16gb-512gb-15-czarny\/"},"modified":"2026-01-23T12:46:29","modified_gmt":"2026-01-23T11:46:29","slug":"microsoft-surface-laptop-7-zhq-00034-qualcom-snapdragon-x-elite-16gb-512gb-15-czarny","status":"publish","type":"product","link":"https:\/\/www.polsoft.pl\/microsoft-surface\/produkt\/microsoft-surface-laptop-7-zhq-00034-qualcom-snapdragon-x-elite-16gb-512gb-15-czarny\/","title":{"rendered":"Microsoft Surface Laptop 7 ZHQ-00034-Qualcom Snapdragon X Elite-16GB-512GB-15&#8243;-Czarny"},"content":{"rendered":"<p>Microsoft Surface Laptop 7 ZHQ-00034 w 15-calowej, czarnej ods\u0142onie to idealne po\u0142\u0105czenie du\u017cej przestrzeni roboczej z inteligencj\u0105 i moc\u0105 Copilot+ PC. Zosta\u0142 stworzony dla profesjonalist\u00f3w i tw\u00f3rc\u00f3w, kt\u00f3rzy potrzebuj\u0105 wydajnego i eleganckiego narz\u0119dzia do realizacji swoich pomys\u0142\u00f3w, oferuj\u0105c przy tym du\u017c\u0105 pojemno\u015b\u0107 na pliki i projekty. Ten laptop w minimalistycznym, czarnym wyko\u0144czeniu, to symbol nowoczesnej technologii i pot\u0119\u017cnych mo\u017cliwo\u015bci.<\/p>\n<p>Sercem urz\u0105dzenia jest pot\u0119\u017cny procesor Snapdragon\u00ae X Elite z wydajn\u0105, zintegrowan\u0105 grafik\u0105 Qualcomm\u00ae Adreno\u2122. Dzi\u0119ki wbudowanemu uk\u0142adowi NPU (Neural Processing Unit), laptop oferuje fenomenaln\u0105 wydajno\u015b\u0107 w zadaniach AI, zachowuj\u0105c przy tym wyj\u0105tkow\u0105 energooszcz\u0119dno\u015b\u0107. Wspierany przez 16 GB szybkiej pami\u0119ci RAM LPDDR5x, pozwala na p\u0142ynn\u0105 prac\u0119 z wieloma aplikacjami. Szybki dysk SSD o pojemno\u015bci 512 GB (PCIe 4.0) stanowi idealne po\u0142\u0105czenie pojemno\u015bci i szybko\u015bci, mieszcz\u0105c obszerne projekty graficzne i biblioteki plik\u00f3w.<\/p>\n<p>Przestronny, 15-calowy ekran dotykowy PixelSense\u2122 Flow o wysokiej rozdzielczo\u015bci 2496 x 1664 (201 PPI) to idealne p\u0142\u00f3tno dla kreatywnych profesjonalist\u00f3w. Dynamiczne od\u015bwie\u017canie do 120Hz, technologia Dolby Vision IQ\u2122 i ochrona Corning\u00ae Gorilla\u00ae Glass 5 zapewniaj\u0105 niezr\u00f3wnane wra\u017cenia wizualne i p\u0142ynno\u015b\u0107, kt\u00f3ra jest kluczowa w pracy z ruchem i grafik\u0105. Proporcje 3:2 to wi\u0119cej miejsca w pionie, co u\u0142atwia prac\u0119 z wieloma oknami.<\/p>\n<p>Praca na tym laptopie to synonim komfortu. Klawiatura zosta\u0142a zaprojektowana z my\u015bl\u0105 o d\u0142ugich godzinach pisania, oferuj\u0105c optymalny skok klawiszy i cich\u0105 prac\u0119. Du\u017cy, precyzyjny g\u0142adzik z funkcj\u0105 haptyczn\u0105 u\u0142atwia nawigacj\u0119. Ekran dotykowy oraz kompatybilno\u015b\u0107 z pi\u00f3rem Microsoft Surface Slim Pen 2 (sprzedawanym osobno) rozszerzaj\u0105 mo\u017cliwo\u015bci interakcji i kreatywno\u015bci.<\/p>\n<p>Twoje dane s\u0105 chronione przez zaawansowany procesor bezpiecze\u0144stwa Microsoft Pluton oraz wygodny system logowania biometrycznego Windows Hello, co zapewnia kompleksow\u0105 ochron\u0119 od startu systemu. Mo\u017cesz by\u0107 spokojny o bezpiecze\u0144stwo swoich najcenniejszych projekt\u00f3w.<\/p>\n<p>Jako Copilot+ PC, ten laptop oferuje unikalne funkcje AI, takie jak Recall, kt\u00f3ra pozwala odnale\u017a\u0107 wszystko, co widzia\u0142e\u015b na ekranie. Inteligentne efekty w kamerze Surface Studio sprawi\u0105, \u017ce b\u0119dziesz wygl\u0105da\u0107 doskonale podczas ka\u017cdej wideokonferencji, a funkcja Cocreator w programie Paint zamieni Twoje szkice w dzie\u0142a sztuki.<\/p>\n<p>Laptop oferuje najnowocze\u015bniejsz\u0105 \u0142\u0105czno\u015b\u0107, w tym Wi-Fi 7 i Bluetooth\u00ae 5.4. Dwa porty USB-C\u00ae (USB4\u00ae) pozwalaj\u0105 na szybkie \u0142adowanie, transfer danych i pod\u0142\u0105czenie zewn\u0119trznych akcesori\u00f3w, w tym monitor\u00f3w 4K, tworz\u0105c pot\u0119\u017cne, kreatywne \u015brodowisko pracy. Dope\u0142nieniem ca\u0142o\u015bci s\u0105 g\u0142o\u015bniki Omnisonic\u00ae z technologi\u0105 Dolby\u00ae Atmos\u00ae, kt\u00f3re dostarczaj\u0105 bogaty, przestrzenny d\u017awi\u0119k.<\/p>\n","protected":false},"excerpt":{"rendered":"<p>Microsoft Surface Laptop 7 ZHQ-00034 w 15-calowej, czarnej ods\u0142onie to idealne po\u0142\u0105czenie du\u017cej przestrzeni roboczej z inteligencj\u0105 i moc\u0105 Copilot+ PC. Zosta\u0142 stworzony dla profesjonalist\u00f3w i tw\u00f3rc\u00f3w, kt\u00f3rzy potrzebuj\u0105 wydajnego i eleganckiego narz\u0119dzia do realizacji swoich pomys\u0142\u00f3w, oferuj\u0105c przy tym du\u017c\u0105 pojemno\u015b\u0107 na pliki i projekty. Ten laptop w minimalistycznym, czarnym wyko\u0144czeniu, to symbol nowoczesnej [&hellip;]<\/p>\n","protected":false},"featured_media":19267,"template":"","meta":{"site-sidebar-layout":"default","site-content-layout":"","ast-site-content-layout":"default","site-content-style":"default","site-sidebar-style":"default","ast-global-header-display":"","ast-banner-title-visibility":"","ast-main-header-display":"","ast-hfb-above-header-display":"","ast-hfb-below-header-display":"","ast-hfb-mobile-header-display":"","site-post-title":"","ast-breadcrumbs-content":"","ast-featured-img":"","footer-sml-layout":"","ast-disable-related-posts":"","theme-transparent-header-meta":"default","adv-header-id-meta":"","stick-header-meta":"","header-above-stick-meta":"","header-main-stick-meta":"","header-below-stick-meta":"","astra-migrate-meta-layouts":"set","ast-page-background-enabled":"default","ast-page-background-meta":{"desktop":{"background-color":"","background-image":"","background-repeat":"repeat","background-position":"center center","background-size":"auto","background-attachment":"scroll","background-type":"","background-media":"","overlay-type":"","overlay-color":"","overlay-opacity":"","overlay-gradient":""},"tablet":{"background-color":"","background-image":"","background-repeat":"repeat","background-position":"center center","background-size":"auto","background-attachment":"scroll","background-type":"","background-media":"","overlay-type":"","overlay-color":"","overlay-opacity":"","overlay-gradient":""},"mobile":{"background-color":"","background-image":"","background-repeat":"repeat","background-position":"center center","background-size":"auto","background-attachment":"scroll","background-type":"","background-media":"","overlay-type":"","overlay-color":"","overlay-opacity":"","overlay-gradient":""}},"ast-content-background-meta":{"desktop":{"background-color":"var(--ast-global-color-5)","background-image":"","background-repeat":"repeat","background-position":"center center","background-size":"auto","background-attachment":"scroll","background-type":"","background-media":"","overlay-type":"","overlay-color":"","overlay-opacity":"","overlay-gradient":""},"tablet":{"background-color":"var(--ast-global-color-5)","background-image":"","background-repeat":"repeat","background-position":"center center","background-size":"auto","background-attachment":"scroll","background-type":"","background-media":"","overlay-type":"","overlay-color":"","overlay-opacity":"","overlay-gradient":""},"mobile":{"background-color":"var(--ast-global-color-5)","background-image":"","background-repeat":"repeat","background-position":"center center","background-size":"auto","background-attachment":"scroll","background-type":"","background-media":"","overlay-type":"","overlay-color":"","overlay-opacity":"","overlay-gradient":""}},"_links_to":"","_links_to_target":""},"product_brand":[],"product_cat":[70,315],"product_tag":[],"class_list":{"0":"post-17681","1":"product","2":"type-product","3":"status-publish","4":"has-post-thumbnail","6":"product_cat-laptopy-microsoft-surface","7":"product_cat-microsoft-surface-laptop-7","8":"pa_dodatkowe-komponenty-wifi","9":"pa_matryca-43","10":"pa_model-procesora-snapdragon-x-elite","11":"pa_pamiec-ram-16gb","12":"pa_pojemnosc-dysku-512gb","13":"pa_producent-procesora-qualcomm","14":"desktop-align-left","15":"tablet-align-left","16":"mobile-align-left","18":"first","19":"instock","20":"taxable","21":"shipping-taxable","22":"purchasable","23":"product-type-simple"},"yoast_head":"<!-- This site is optimized with the Yoast SEO plugin v26.7 - https:\/\/yoast.com\/wordpress\/plugins\/seo\/ -->\n<title>Microsoft Surface Laptop 7 ZHQ-00034-Qualcom Snapdragon X Elite-16GB-512GB-15&quot;-Czarny - Sklep rozwi\u0105za\u0144 Microsoft Surface<\/title>\n<meta name=\"description\" content=\"Surface Laptop 7 \u2013 nowoczesny laptop z ekranem dotykowym, \u0142\u0105czno\u015bci\u0105 5G i moc\u0105 AI. Wybierz mobilno\u015b\u0107 i styl. Kup ju\u017c dzi\u015b z szybk\u0105 dostaw\u0105!\" \/>\n<meta name=\"robots\" content=\"index, follow, max-snippet:-1, max-image-preview:large, max-video-preview:-1\" \/>\n<link rel=\"canonical\" href=\"https:\/\/polsoft.pl\/microsoft-surface\/produkt\/microsoft-surface-laptop-7-zhq-00034-qualcom-snapdragon-x-elite-16gb-512gb-15-czarny\/\" \/>\n<meta property=\"og:locale\" content=\"pl_PL\" \/>\n<meta property=\"og:type\" content=\"article\" \/>\n<meta property=\"og:title\" content=\"Microsoft Surface Laptop 7 ZHQ-00034-Qualcom Snapdragon X Elite-16GB-512GB-15&quot;-Czarny - Sklep rozwi\u0105za\u0144 Microsoft Surface\" \/>\n<meta property=\"og:description\" content=\"Surface Laptop 7 \u2013 nowoczesny laptop z ekranem dotykowym, \u0142\u0105czno\u015bci\u0105 5G i moc\u0105 AI. Wybierz mobilno\u015b\u0107 i styl. Kup ju\u017c dzi\u015b z szybk\u0105 dostaw\u0105!\" \/>\n<meta property=\"og:url\" content=\"https:\/\/polsoft.pl\/microsoft-surface\/produkt\/microsoft-surface-laptop-7-zhq-00034-qualcom-snapdragon-x-elite-16gb-512gb-15-czarny\/\" \/>\n<meta property=\"og:site_name\" content=\"Sklep rozwi\u0105za\u0144 Microsoft Surface\" \/>\n<meta property=\"article:modified_time\" content=\"2026-01-23T11:46:29+00:00\" \/>\n<meta property=\"og:image\" content=\"https:\/\/polsoft.pl\/microsoft-surface\/wp-content\/uploads\/2025\/06\/Microsoft-Surface-Laptop-7-ZHQ-00034-2.jpg\" \/>\n\t<meta property=\"og:image:width\" content=\"1668\" \/>\n\t<meta property=\"og:image:height\" content=\"1668\" \/>\n\t<meta property=\"og:image:type\" content=\"image\/jpeg\" \/>\n<meta name=\"twitter:card\" content=\"summary_large_image\" \/>\n<meta name=\"twitter:label1\" content=\"Szacowany czas czytania\" \/>\n\t<meta name=\"twitter:data1\" content=\"3 minuty\" \/>\n<script type=\"application\/ld+json\" class=\"yoast-schema-graph\">{\"@context\":\"https:\/\/schema.org\",\"@graph\":[{\"@type\":\"WebPage\",\"@id\":\"https:\/\/polsoft.pl\/microsoft-surface\/produkt\/microsoft-surface-laptop-7-zhq-00034-qualcom-snapdragon-x-elite-16gb-512gb-15-czarny\/\",\"url\":\"https:\/\/polsoft.pl\/microsoft-surface\/produkt\/microsoft-surface-laptop-7-zhq-00034-qualcom-snapdragon-x-elite-16gb-512gb-15-czarny\/\",\"name\":\"Microsoft Surface Laptop 7 ZHQ-00034-Qualcom Snapdragon X Elite-16GB-512GB-15\\\"-Czarny - Sklep rozwi\u0105za\u0144 Microsoft Surface\",\"isPartOf\":{\"@id\":\"https:\/\/polsoft.pl\/microsoft-surface\/#website\"},\"primaryImageOfPage\":{\"@id\":\"https:\/\/polsoft.pl\/microsoft-surface\/produkt\/microsoft-surface-laptop-7-zhq-00034-qualcom-snapdragon-x-elite-16gb-512gb-15-czarny\/#primaryimage\"},\"image\":{\"@id\":\"https:\/\/polsoft.pl\/microsoft-surface\/produkt\/microsoft-surface-laptop-7-zhq-00034-qualcom-snapdragon-x-elite-16gb-512gb-15-czarny\/#primaryimage\"},\"thumbnailUrl\":\"https:\/\/www.polsoft.pl\/microsoft-surface\/wp-content\/uploads\/2025\/06\/Microsoft-Surface-Laptop-7-ZHQ-00034-2.jpg\",\"datePublished\":\"2024-10-31T08:52:15+00:00\",\"dateModified\":\"2026-01-23T11:46:29+00:00\",\"description\":\"Surface Laptop 7 \u2013 nowoczesny laptop z ekranem dotykowym, \u0142\u0105czno\u015bci\u0105 5G i moc\u0105 AI. Wybierz mobilno\u015b\u0107 i styl. Kup ju\u017c dzi\u015b z szybk\u0105 dostaw\u0105!\",\"breadcrumb\":{\"@id\":\"https:\/\/polsoft.pl\/microsoft-surface\/produkt\/microsoft-surface-laptop-7-zhq-00034-qualcom-snapdragon-x-elite-16gb-512gb-15-czarny\/#breadcrumb\"},\"inLanguage\":\"pl-PL\",\"potentialAction\":[{\"@type\":\"ReadAction\",\"target\":[\"https:\/\/polsoft.pl\/microsoft-surface\/produkt\/microsoft-surface-laptop-7-zhq-00034-qualcom-snapdragon-x-elite-16gb-512gb-15-czarny\/\"]}]},{\"@type\":\"ImageObject\",\"inLanguage\":\"pl-PL\",\"@id\":\"https:\/\/polsoft.pl\/microsoft-surface\/produkt\/microsoft-surface-laptop-7-zhq-00034-qualcom-snapdragon-x-elite-16gb-512gb-15-czarny\/#primaryimage\",\"url\":\"https:\/\/www.polsoft.pl\/microsoft-surface\/wp-content\/uploads\/2025\/06\/Microsoft-Surface-Laptop-7-ZHQ-00034-2.jpg\",\"contentUrl\":\"https:\/\/www.polsoft.pl\/microsoft-surface\/wp-content\/uploads\/2025\/06\/Microsoft-Surface-Laptop-7-ZHQ-00034-2.jpg\",\"width\":1668,\"height\":1668},{\"@type\":\"BreadcrumbList\",\"@id\":\"https:\/\/polsoft.pl\/microsoft-surface\/produkt\/microsoft-surface-laptop-7-zhq-00034-qualcom-snapdragon-x-elite-16gb-512gb-15-czarny\/#breadcrumb\",\"itemListElement\":[{\"@type\":\"ListItem\",\"position\":1,\"name\":\"Strona g\u0142\u00f3wna\",\"item\":\"https:\/\/polsoft.pl\/microsoft-surface\/\"},{\"@type\":\"ListItem\",\"position\":2,\"name\":\"Sklep\",\"item\":\"https:\/\/polsoft.pl\/microsoft-surface\/sklep\/\"},{\"@type\":\"ListItem\",\"position\":3,\"name\":\"Microsoft Surface Laptop 7 ZHQ-00034-Qualcom Snapdragon X Elite-16GB-512GB-15&#8243;-Czarny\"}]},{\"@type\":\"WebSite\",\"@id\":\"https:\/\/polsoft.pl\/microsoft-surface\/#website\",\"url\":\"https:\/\/polsoft.pl\/microsoft-surface\/\",\"name\":\"Sklep Microsoft Surface\",\"description\":\"Sklep Microsoft Surface\",\"publisher\":{\"@id\":\"https:\/\/polsoft.pl\/microsoft-surface\/#organization\"},\"potentialAction\":[{\"@type\":\"SearchAction\",\"target\":{\"@type\":\"EntryPoint\",\"urlTemplate\":\"https:\/\/polsoft.pl\/microsoft-surface\/?s={search_term_string}\"},\"query-input\":{\"@type\":\"PropertyValueSpecification\",\"valueRequired\":true,\"valueName\":\"search_term_string\"}}],\"inLanguage\":\"pl-PL\"},{\"@type\":\"Organization\",\"@id\":\"https:\/\/polsoft.pl\/microsoft-surface\/#organization\",\"name\":\"Polsoft Engineering Sp. z o.o.\",\"url\":\"https:\/\/polsoft.pl\/microsoft-surface\/\",\"logo\":{\"@type\":\"ImageObject\",\"inLanguage\":\"pl-PL\",\"@id\":\"https:\/\/polsoft.pl\/microsoft-surface\/#\/schema\/logo\/image\/\",\"url\":\"https:\/\/www.polsoft.pl\/microsoft-surface\/wp-content\/uploads\/2020\/10\/microsoft_partner_logo_black_polsoft.png\",\"contentUrl\":\"https:\/\/www.polsoft.pl\/microsoft-surface\/wp-content\/uploads\/2020\/10\/microsoft_partner_logo_black_polsoft.png\",\"width\":613,\"height\":158,\"caption\":\"Polsoft Engineering Sp. z o.o.\"},\"image\":{\"@id\":\"https:\/\/polsoft.pl\/microsoft-surface\/#\/schema\/logo\/image\/\"}}]}<\/script>\n<!-- \/ Yoast SEO plugin. -->","yoast_head_json":{"title":"Microsoft Surface Laptop 7 ZHQ-00034-Qualcom Snapdragon X Elite-16GB-512GB-15\"-Czarny - Sklep rozwi\u0105za\u0144 Microsoft Surface","description":"Surface Laptop 7 \u2013 nowoczesny laptop z ekranem dotykowym, \u0142\u0105czno\u015bci\u0105 5G i moc\u0105 AI. Wybierz mobilno\u015b\u0107 i styl. Kup ju\u017c dzi\u015b z szybk\u0105 dostaw\u0105!","robots":{"index":"index","follow":"follow","max-snippet":"max-snippet:-1","max-image-preview":"max-image-preview:large","max-video-preview":"max-video-preview:-1"},"canonical":"https:\/\/polsoft.pl\/microsoft-surface\/produkt\/microsoft-surface-laptop-7-zhq-00034-qualcom-snapdragon-x-elite-16gb-512gb-15-czarny\/","og_locale":"pl_PL","og_type":"article","og_title":"Microsoft Surface Laptop 7 ZHQ-00034-Qualcom Snapdragon X Elite-16GB-512GB-15\"-Czarny - Sklep rozwi\u0105za\u0144 Microsoft Surface","og_description":"Surface Laptop 7 \u2013 nowoczesny laptop z ekranem dotykowym, \u0142\u0105czno\u015bci\u0105 5G i moc\u0105 AI. Wybierz mobilno\u015b\u0107 i styl. Kup ju\u017c dzi\u015b z szybk\u0105 dostaw\u0105!","og_url":"https:\/\/polsoft.pl\/microsoft-surface\/produkt\/microsoft-surface-laptop-7-zhq-00034-qualcom-snapdragon-x-elite-16gb-512gb-15-czarny\/","og_site_name":"Sklep rozwi\u0105za\u0144 Microsoft Surface","article_modified_time":"2026-01-23T11:46:29+00:00","og_image":[{"width":1668,"height":1668,"url":"https:\/\/polsoft.pl\/microsoft-surface\/wp-content\/uploads\/2025\/06\/Microsoft-Surface-Laptop-7-ZHQ-00034-2.jpg","type":"image\/jpeg"}],"twitter_card":"summary_large_image","twitter_misc":{"Szacowany czas czytania":"3 minuty"},"schema":{"@context":"https:\/\/schema.org","@graph":[{"@type":"WebPage","@id":"https:\/\/polsoft.pl\/microsoft-surface\/produkt\/microsoft-surface-laptop-7-zhq-00034-qualcom-snapdragon-x-elite-16gb-512gb-15-czarny\/","url":"https:\/\/polsoft.pl\/microsoft-surface\/produkt\/microsoft-surface-laptop-7-zhq-00034-qualcom-snapdragon-x-elite-16gb-512gb-15-czarny\/","name":"Microsoft Surface Laptop 7 ZHQ-00034-Qualcom Snapdragon X Elite-16GB-512GB-15\"-Czarny - Sklep rozwi\u0105za\u0144 Microsoft Surface","isPartOf":{"@id":"https:\/\/polsoft.pl\/microsoft-surface\/#website"},"primaryImageOfPage":{"@id":"https:\/\/polsoft.pl\/microsoft-surface\/produkt\/microsoft-surface-laptop-7-zhq-00034-qualcom-snapdragon-x-elite-16gb-512gb-15-czarny\/#primaryimage"},"image":{"@id":"https:\/\/polsoft.pl\/microsoft-surface\/produkt\/microsoft-surface-laptop-7-zhq-00034-qualcom-snapdragon-x-elite-16gb-512gb-15-czarny\/#primaryimage"},"thumbnailUrl":"https:\/\/www.polsoft.pl\/microsoft-surface\/wp-content\/uploads\/2025\/06\/Microsoft-Surface-Laptop-7-ZHQ-00034-2.jpg","datePublished":"2024-10-31T08:52:15+00:00","dateModified":"2026-01-23T11:46:29+00:00","description":"Surface Laptop 7 \u2013 nowoczesny laptop z ekranem dotykowym, \u0142\u0105czno\u015bci\u0105 5G i moc\u0105 AI. Wybierz mobilno\u015b\u0107 i styl. Kup ju\u017c dzi\u015b z szybk\u0105 dostaw\u0105!","breadcrumb":{"@id":"https:\/\/polsoft.pl\/microsoft-surface\/produkt\/microsoft-surface-laptop-7-zhq-00034-qualcom-snapdragon-x-elite-16gb-512gb-15-czarny\/#breadcrumb"},"inLanguage":"pl-PL","potentialAction":[{"@type":"ReadAction","target":["https:\/\/polsoft.pl\/microsoft-surface\/produkt\/microsoft-surface-laptop-7-zhq-00034-qualcom-snapdragon-x-elite-16gb-512gb-15-czarny\/"]}]},{"@type":"ImageObject","inLanguage":"pl-PL","@id":"https:\/\/polsoft.pl\/microsoft-surface\/produkt\/microsoft-surface-laptop-7-zhq-00034-qualcom-snapdragon-x-elite-16gb-512gb-15-czarny\/#primaryimage","url":"https:\/\/www.polsoft.pl\/microsoft-surface\/wp-content\/uploads\/2025\/06\/Microsoft-Surface-Laptop-7-ZHQ-00034-2.jpg","contentUrl":"https:\/\/www.polsoft.pl\/microsoft-surface\/wp-content\/uploads\/2025\/06\/Microsoft-Surface-Laptop-7-ZHQ-00034-2.jpg","width":1668,"height":1668},{"@type":"BreadcrumbList","@id":"https:\/\/polsoft.pl\/microsoft-surface\/produkt\/microsoft-surface-laptop-7-zhq-00034-qualcom-snapdragon-x-elite-16gb-512gb-15-czarny\/#breadcrumb","itemListElement":[{"@type":"ListItem","position":1,"name":"Strona g\u0142\u00f3wna","item":"https:\/\/polsoft.pl\/microsoft-surface\/"},{"@type":"ListItem","position":2,"name":"Sklep","item":"https:\/\/polsoft.pl\/microsoft-surface\/sklep\/"},{"@type":"ListItem","position":3,"name":"Microsoft Surface Laptop 7 ZHQ-00034-Qualcom Snapdragon X Elite-16GB-512GB-15&#8243;-Czarny"}]},{"@type":"WebSite","@id":"https:\/\/polsoft.pl\/microsoft-surface\/#website","url":"https:\/\/polsoft.pl\/microsoft-surface\/","name":"Sklep Microsoft Surface","description":"Sklep Microsoft Surface","publisher":{"@id":"https:\/\/polsoft.pl\/microsoft-surface\/#organization"},"potentialAction":[{"@type":"SearchAction","target":{"@type":"EntryPoint","urlTemplate":"https:\/\/polsoft.pl\/microsoft-surface\/?s={search_term_string}"},"query-input":{"@type":"PropertyValueSpecification","valueRequired":true,"valueName":"search_term_string"}}],"inLanguage":"pl-PL"},{"@type":"Organization","@id":"https:\/\/polsoft.pl\/microsoft-surface\/#organization","name":"Polsoft Engineering Sp. z o.o.","url":"https:\/\/polsoft.pl\/microsoft-surface\/","logo":{"@type":"ImageObject","inLanguage":"pl-PL","@id":"https:\/\/polsoft.pl\/microsoft-surface\/#\/schema\/logo\/image\/","url":"https:\/\/www.polsoft.pl\/microsoft-surface\/wp-content\/uploads\/2020\/10\/microsoft_partner_logo_black_polsoft.png","contentUrl":"https:\/\/www.polsoft.pl\/microsoft-surface\/wp-content\/uploads\/2020\/10\/microsoft_partner_logo_black_polsoft.png","width":613,"height":158,"caption":"Polsoft Engineering Sp. z o.o."},"image":{"@id":"https:\/\/polsoft.pl\/microsoft-surface\/#\/schema\/logo\/image\/"}}]}},"_links":{"self":[{"href":"https:\/\/www.polsoft.pl\/microsoft-surface\/wp-json\/wp\/v2\/product\/17681","targetHints":{"allow":["GET"]}}],"collection":[{"href":"https:\/\/www.polsoft.pl\/microsoft-surface\/wp-json\/wp\/v2\/product"}],"about":[{"href":"https:\/\/www.polsoft.pl\/microsoft-surface\/wp-json\/wp\/v2\/types\/product"}],"version-history":[{"count":6,"href":"https:\/\/www.polsoft.pl\/microsoft-surface\/wp-json\/wp\/v2\/product\/17681\/revisions"}],"predecessor-version":[{"id":19271,"href":"https:\/\/www.polsoft.pl\/microsoft-surface\/wp-json\/wp\/v2\/product\/17681\/revisions\/19271"}],"wp:featuredmedia":[{"embeddable":true,"href":"https:\/\/www.polsoft.pl\/microsoft-surface\/wp-json\/wp\/v2\/media\/19267"}],"wp:attachment":[{"href":"https:\/\/www.polsoft.pl\/microsoft-surface\/wp-json\/wp\/v2\/media?parent=17681"}],"wp:term":[{"taxonomy":"product_brand","embeddable":true,"href":"https:\/\/www.polsoft.pl\/microsoft-surface\/wp-json\/wp\/v2\/product_brand?post=17681"},{"taxonomy":"product_cat","embeddable":true,"href":"https:\/\/www.polsoft.pl\/microsoft-surface\/wp-json\/wp\/v2\/product_cat?post=17681"},{"taxonomy":"product_tag","embeddable":true,"href":"https:\/\/www.polsoft.pl\/microsoft-surface\/wp-json\/wp\/v2\/product_tag?post=17681"}],"curies":[{"name":"wp","href":"https:\/\/api.w.org\/{rel}","templated":true}]}}