{"id":17708,"date":"2024-10-31T09:52:15","date_gmt":"2024-10-31T08:52:15","guid":{"rendered":"https:\/\/polsoft.pl\/microsoft-surface\/produkt\/surface-adaptive-hub-j71-00002-czarny\/"},"modified":"2026-01-23T12:47:31","modified_gmt":"2026-01-23T11:47:31","slug":"surface-adaptive-hub-j71-00002-czarny","status":"publish","type":"product","link":"https:\/\/www.polsoft.pl\/microsoft-surface\/produkt\/surface-adaptive-hub-j71-00002-czarny\/","title":{"rendered":"Surface Adaptive HUB J71-00002-Czarny"},"content":{"rendered":"<p>Odkryj technologi\u0119, kt\u00f3ra burzy bariery i otwiera cyfrowy \u015bwiat dla ka\u017cdego, dzi\u0119ki Microsoft Surface Adaptive Hub J71-00002. To znacznie wi\u0119cej ni\u017c tylko akcesorium \u2013 to serce rewolucyjnego ekosystemu adaptacyjnego, zaprojektowanego z my\u015bl\u0105 o osobach z niepe\u0142nosprawno\u015bciami i ograniczon\u0105 mobilno\u015bci\u0105. Ten kompaktowy i wszechstronny hub w eleganckim, czarnym kolorze, stanowi centralny punkt \u0142\u0105cz\u0105cy tradycyjn\u0105 technologi\u0119 komputerow\u0105 ze \u015bwiatem spersonalizowanych technologii asystuj\u0105cych. Jego celem jest oddanie pe\u0142nej kontroli w r\u0119ce u\u017cytkownika, umo\u017cliwiaj\u0105c stworzenie unikalnego, idealnie dopasowanego do indywidualnych potrzeb \u015brodowiska pracy, nauki i kreatywno\u015bci.<\/p>\n<p>Surface Adaptive Hub to Twoje osobiste centrum dowodzenia dost\u0119pno\u015bci\u0105. Dzia\u0142a jako inteligentny most, kt\u00f3ry pozwala na bezproblemowe pod\u0142\u0105czenie i skonfigurowanie szerokiej gamy urz\u0105dze\u0144 wej\u015bciowych. Hub bezprzewodowo \u0142\u0105czy si\u0119 z nawet czterema przyciskami Microsoft Adaptive Button, pozwalaj\u0105c na stworzenie w pe\u0142ni spersonalizowanego uk\u0142adu sterowania, kt\u00f3ry mo\u017ce by\u0107 umieszczony w dowolnym, najwygodniejszym dla u\u017cytkownika miejscu. Co wi\u0119cej, zosta\u0142 wyposa\u017cony w trzy standardowe porty 3,5 mm, kt\u00f3re otwieraj\u0105 \u015bwiat kompatybilno\u015bci z istniej\u0105cymi technologiami asystuj\u0105cymi, takimi jak prze\u0142\u0105czniki, joysticki i inne urz\u0105dzenia wej\u015bciowe firm trzecich. Dzi\u0119ki temu, mo\u017cesz nadal korzysta\u0107 ze sprawdzonych i ulubionych rozwi\u0105za\u0144, integruj\u0105c je w jeden, sp\u00f3jny system.<\/p>\n<p>Prawdziwa moc tego urz\u0105dzenia tkwi w personalizacji bez granic, realizowanej za pomoc\u0105 intuicyjnej aplikacji Microsoft Accessory Center. To w\u0142a\u015bnie tutaj mo\u017cesz w pe\u0142ni uwolni\u0107 potencja\u0142 swojego adaptacyjnego zestawu. Ka\u017cdy port i ka\u017cdy po\u0142\u0105czony bezprzewodowo przycisk mo\u017ce by\u0107 dowolnie zaprogramowany do wykonywania okre\u015blonych czynno\u015bci. Przypisuj proste klikni\u0119cia myszy, skomplikowane makra sk\u0142adaj\u0105ce si\u0119 z wielu krok\u00f3w, ulubione skr\u00f3ty klawiaturowe czy funkcje systemowe do wybranego przez siebie prze\u0142\u0105cznika. Mo\u017cliwo\u015b\u0107 tworzenia wielu profili pozwala na b\u0142yskawiczne prze\u0142\u0105czanie si\u0119 mi\u0119dzy konfiguracjami przystosowanymi do r\u00f3\u017cnych program\u00f3w \u2013 inaczej dla edytora tekstu, inaczej dla programu graficznego, a jeszcze inaczej dla ulubionej gry.<\/p>\n<p>Projekt Surface Adaptive Hub zosta\u0142 starannie przemy\u015blany pod k\u0105tem prostoty i funkcjonalno\u015bci. Jego smuk\u0142a, lekka i przeno\u015bna konstrukcja sprawia, \u017ce mo\u017cna go z \u0142atwo\u015bci\u0105 zabra\u0107 ze sob\u0105 i u\u017cywa\u0107 zar\u00f3wno ze stacjonarnym komputerem PC, jak i z laptopem czy tabletem Surface. Prosty w obs\u0142udze przycisk parowania sekwencyjnego u\u0142atwia dodawanie nowych, bezprzewodowych akcesori\u00f3w, a wyra\u017ane oznaczenia port\u00f3w eliminuj\u0105 wszelkie w\u0105tpliwo\u015bci podczas pod\u0142\u0105czania urz\u0105dze\u0144. Dwa dodatkowe porty USB-C\u00ae pozwalaj\u0105 na pod\u0142\u0105czenie innych urz\u0105dze\u0144 peryferyjnych lub \u0142adowanie, co czyni z huba jeszcze bardziej wszechstronne narz\u0119dzie na Twoim biurku.<\/p>\n<p>Celem Microsoft jest tworzenie technologii, kt\u00f3ra w\u0142\u0105cza, a nie wyklucza. Surface Adaptive Hub jest doskona\u0142ym przyk\u0142adem tej misji. To narz\u0119dzie, kt\u00f3re daje osobom z niepe\u0142nosprawno\u015bciami wi\u0119ksz\u0105 niezale\u017cno\u015b\u0107 w pracy, nauce i w \u017cyciu codziennym. Umo\u017cliwia efektywn\u0105 prac\u0119, swobodn\u0105 komunikacj\u0119 z bliskimi, rozwijanie pasji i czerpanie rado\u015bci z cyfrowego \u015bwiata na w\u0142asnych zasadach. To inwestycja w samodzielno\u015b\u0107 i r\u00f3wne szanse, kt\u00f3ra pokazuje, \u017ce odpowiednio zaprojektowana technologia mo\u017ce naprawd\u0119 zmienia\u0107 \u017cycie na lepsze.<\/p>\n<p>Podsumowuj\u0105c, Microsoft Surface Adaptive Hub (J71-00002) to kluczowy element ekosystemu, kt\u00f3ry umo\u017cliwia ka\u017cdemu, bez wzgl\u0119du na ograniczenia fizyczne, pe\u0142ne i komfortowe korzystanie z komputera. To pot\u0119\u017cne, elastyczne i \u0142atwe w obs\u0142udze rozwi\u0105zanie, kt\u00f3re oddaje technologi\u0119 w Twoje r\u0119ce, pozwalaj\u0105c Ci stworzy\u0107 system sterowania tak unikalny, jak Ty sam. To nie tylko produkt \u2013 to krok w stron\u0119 bardziej inkluzywnej i dost\u0119pnej przysz\u0142o\u015bci cyfrowej.<\/p>\n","protected":false},"excerpt":{"rendered":"<p>Odkryj technologi\u0119, kt\u00f3ra burzy bariery i otwiera cyfrowy \u015bwiat dla ka\u017cdego, dzi\u0119ki Microsoft Surface Adaptive Hub J71-00002. To znacznie wi\u0119cej ni\u017c tylko akcesorium \u2013 to serce rewolucyjnego ekosystemu adaptacyjnego, zaprojektowanego z my\u015bl\u0105 o osobach z niepe\u0142nosprawno\u015bciami i ograniczon\u0105 mobilno\u015bci\u0105. Ten kompaktowy i wszechstronny hub w eleganckim, czarnym kolorze, stanowi centralny punkt \u0142\u0105cz\u0105cy tradycyjn\u0105 technologi\u0119 komputerow\u0105 [&hellip;]<\/p>\n","protected":false},"featured_media":19393,"template":"","meta":{"site-sidebar-layout":"default","site-content-layout":"","ast-site-content-layout":"default","site-content-style":"default","site-sidebar-style":"default","ast-global-header-display":"","ast-banner-title-visibility":"","ast-main-header-display":"","ast-hfb-above-header-display":"","ast-hfb-below-header-display":"","ast-hfb-mobile-header-display":"","site-post-title":"","ast-breadcrumbs-content":"","ast-featured-img":"","footer-sml-layout":"","ast-disable-related-posts":"","theme-transparent-header-meta":"default","adv-header-id-meta":"","stick-header-meta":"","header-above-stick-meta":"","header-main-stick-meta":"","header-below-stick-meta":"","astra-migrate-meta-layouts":"set","ast-page-background-enabled":"default","ast-page-background-meta":{"desktop":{"background-color":"","background-image":"","background-repeat":"repeat","background-position":"center center","background-size":"auto","background-attachment":"scroll","background-type":"","background-media":"","overlay-type":"","overlay-color":"","overlay-opacity":"","overlay-gradient":""},"tablet":{"background-color":"","background-image":"","background-repeat":"repeat","background-position":"center center","background-size":"auto","background-attachment":"scroll","background-type":"","background-media":"","overlay-type":"","overlay-color":"","overlay-opacity":"","overlay-gradient":""},"mobile":{"background-color":"","background-image":"","background-repeat":"repeat","background-position":"center center","background-size":"auto","background-attachment":"scroll","background-type":"","background-media":"","overlay-type":"","overlay-color":"","overlay-opacity":"","overlay-gradient":""}},"ast-content-background-meta":{"desktop":{"background-color":"var(--ast-global-color-5)","background-image":"","background-repeat":"repeat","background-position":"center center","background-size":"auto","background-attachment":"scroll","background-type":"","background-media":"","overlay-type":"","overlay-color":"","overlay-opacity":"","overlay-gradient":""},"tablet":{"background-color":"var(--ast-global-color-5)","background-image":"","background-repeat":"repeat","background-position":"center center","background-size":"auto","background-attachment":"scroll","background-type":"","background-media":"","overlay-type":"","overlay-color":"","overlay-opacity":"","overlay-gradient":""},"mobile":{"background-color":"var(--ast-global-color-5)","background-image":"","background-repeat":"repeat","background-position":"center center","background-size":"auto","background-attachment":"scroll","background-type":"","background-media":"","overlay-type":"","overlay-color":"","overlay-opacity":"","overlay-gradient":""}},"_links_to":"","_links_to_target":""},"product_brand":[],"product_cat":[90],"product_tag":[],"class_list":{"0":"post-17708","1":"product","2":"type-product","3":"status-publish","4":"has-post-thumbnail","6":"product_cat-akcesoria-microsoft-surface","7":"desktop-align-left","8":"tablet-align-left","9":"mobile-align-left","11":"first","12":"instock","13":"taxable","14":"shipping-taxable","15":"purchasable","16":"product-type-simple"},"yoast_head":"<!-- This site is optimized with the Yoast SEO plugin v26.7 - https:\/\/yoast.com\/wordpress\/plugins\/seo\/ -->\n<title>Surface Adaptive HUB J71-00002-Czarny - Sklep rozwi\u0105za\u0144 Microsoft Surface<\/title>\n<meta name=\"robots\" content=\"index, follow, max-snippet:-1, max-image-preview:large, max-video-preview:-1\" \/>\n<link rel=\"canonical\" href=\"https:\/\/polsoft.pl\/microsoft-surface\/produkt\/surface-adaptive-hub-j71-00002-czarny\/\" \/>\n<meta property=\"og:locale\" content=\"pl_PL\" \/>\n<meta property=\"og:type\" content=\"article\" \/>\n<meta property=\"og:title\" content=\"Surface Adaptive HUB J71-00002-Czarny - Sklep rozwi\u0105za\u0144 Microsoft Surface\" \/>\n<meta property=\"og:description\" content=\"Odkryj technologi\u0119, kt\u00f3ra burzy bariery i otwiera cyfrowy \u015bwiat dla ka\u017cdego, dzi\u0119ki Microsoft Surface Adaptive Hub J71-00002. To znacznie wi\u0119cej ni\u017c tylko akcesorium \u2013 to serce rewolucyjnego ekosystemu adaptacyjnego, zaprojektowanego z my\u015bl\u0105 o osobach z niepe\u0142nosprawno\u015bciami i ograniczon\u0105 mobilno\u015bci\u0105. Ten kompaktowy i wszechstronny hub w eleganckim, czarnym kolorze, stanowi centralny punkt \u0142\u0105cz\u0105cy tradycyjn\u0105 technologi\u0119 komputerow\u0105 [&hellip;]\" \/>\n<meta property=\"og:url\" content=\"https:\/\/polsoft.pl\/microsoft-surface\/produkt\/surface-adaptive-hub-j71-00002-czarny\/\" \/>\n<meta property=\"og:site_name\" content=\"Sklep rozwi\u0105za\u0144 Microsoft Surface\" \/>\n<meta property=\"article:modified_time\" content=\"2026-01-23T11:47:31+00:00\" \/>\n<meta property=\"og:image\" content=\"https:\/\/polsoft.pl\/microsoft-surface\/wp-content\/uploads\/2025\/06\/Surface-Adaptive-HUB-J71-00002-Czarny.jpg\" \/>\n\t<meta property=\"og:image:width\" content=\"2175\" \/>\n\t<meta property=\"og:image:height\" content=\"2175\" \/>\n\t<meta property=\"og:image:type\" content=\"image\/jpeg\" \/>\n<meta name=\"twitter:card\" content=\"summary_large_image\" \/>\n<meta name=\"twitter:label1\" content=\"Szacowany czas czytania\" \/>\n\t<meta name=\"twitter:data1\" content=\"4 minuty\" \/>\n<script type=\"application\/ld+json\" class=\"yoast-schema-graph\">{\"@context\":\"https:\/\/schema.org\",\"@graph\":[{\"@type\":\"WebPage\",\"@id\":\"https:\/\/polsoft.pl\/microsoft-surface\/produkt\/surface-adaptive-hub-j71-00002-czarny\/\",\"url\":\"https:\/\/polsoft.pl\/microsoft-surface\/produkt\/surface-adaptive-hub-j71-00002-czarny\/\",\"name\":\"Surface Adaptive HUB J71-00002-Czarny - Sklep rozwi\u0105za\u0144 Microsoft Surface\",\"isPartOf\":{\"@id\":\"https:\/\/polsoft.pl\/microsoft-surface\/#website\"},\"primaryImageOfPage\":{\"@id\":\"https:\/\/polsoft.pl\/microsoft-surface\/produkt\/surface-adaptive-hub-j71-00002-czarny\/#primaryimage\"},\"image\":{\"@id\":\"https:\/\/polsoft.pl\/microsoft-surface\/produkt\/surface-adaptive-hub-j71-00002-czarny\/#primaryimage\"},\"thumbnailUrl\":\"https:\/\/www.polsoft.pl\/microsoft-surface\/wp-content\/uploads\/2025\/06\/Surface-Adaptive-HUB-J71-00002-Czarny.jpg\",\"datePublished\":\"2024-10-31T08:52:15+00:00\",\"dateModified\":\"2026-01-23T11:47:31+00:00\",\"breadcrumb\":{\"@id\":\"https:\/\/polsoft.pl\/microsoft-surface\/produkt\/surface-adaptive-hub-j71-00002-czarny\/#breadcrumb\"},\"inLanguage\":\"pl-PL\",\"potentialAction\":[{\"@type\":\"ReadAction\",\"target\":[\"https:\/\/polsoft.pl\/microsoft-surface\/produkt\/surface-adaptive-hub-j71-00002-czarny\/\"]}]},{\"@type\":\"ImageObject\",\"inLanguage\":\"pl-PL\",\"@id\":\"https:\/\/polsoft.pl\/microsoft-surface\/produkt\/surface-adaptive-hub-j71-00002-czarny\/#primaryimage\",\"url\":\"https:\/\/www.polsoft.pl\/microsoft-surface\/wp-content\/uploads\/2025\/06\/Surface-Adaptive-HUB-J71-00002-Czarny.jpg\",\"contentUrl\":\"https:\/\/www.polsoft.pl\/microsoft-surface\/wp-content\/uploads\/2025\/06\/Surface-Adaptive-HUB-J71-00002-Czarny.jpg\",\"width\":2175,\"height\":2175},{\"@type\":\"BreadcrumbList\",\"@id\":\"https:\/\/polsoft.pl\/microsoft-surface\/produkt\/surface-adaptive-hub-j71-00002-czarny\/#breadcrumb\",\"itemListElement\":[{\"@type\":\"ListItem\",\"position\":1,\"name\":\"Strona g\u0142\u00f3wna\",\"item\":\"https:\/\/polsoft.pl\/microsoft-surface\/\"},{\"@type\":\"ListItem\",\"position\":2,\"name\":\"Sklep\",\"item\":\"https:\/\/polsoft.pl\/microsoft-surface\/sklep\/\"},{\"@type\":\"ListItem\",\"position\":3,\"name\":\"Surface Adaptive HUB J71-00002-Czarny\"}]},{\"@type\":\"WebSite\",\"@id\":\"https:\/\/polsoft.pl\/microsoft-surface\/#website\",\"url\":\"https:\/\/polsoft.pl\/microsoft-surface\/\",\"name\":\"Sklep Microsoft Surface\",\"description\":\"Sklep Microsoft Surface\",\"publisher\":{\"@id\":\"https:\/\/polsoft.pl\/microsoft-surface\/#organization\"},\"potentialAction\":[{\"@type\":\"SearchAction\",\"target\":{\"@type\":\"EntryPoint\",\"urlTemplate\":\"https:\/\/polsoft.pl\/microsoft-surface\/?s={search_term_string}\"},\"query-input\":{\"@type\":\"PropertyValueSpecification\",\"valueRequired\":true,\"valueName\":\"search_term_string\"}}],\"inLanguage\":\"pl-PL\"},{\"@type\":\"Organization\",\"@id\":\"https:\/\/polsoft.pl\/microsoft-surface\/#organization\",\"name\":\"Polsoft Engineering Sp. z o.o.\",\"url\":\"https:\/\/polsoft.pl\/microsoft-surface\/\",\"logo\":{\"@type\":\"ImageObject\",\"inLanguage\":\"pl-PL\",\"@id\":\"https:\/\/polsoft.pl\/microsoft-surface\/#\/schema\/logo\/image\/\",\"url\":\"https:\/\/www.polsoft.pl\/microsoft-surface\/wp-content\/uploads\/2020\/10\/microsoft_partner_logo_black_polsoft.png\",\"contentUrl\":\"https:\/\/www.polsoft.pl\/microsoft-surface\/wp-content\/uploads\/2020\/10\/microsoft_partner_logo_black_polsoft.png\",\"width\":613,\"height\":158,\"caption\":\"Polsoft Engineering Sp. z o.o.\"},\"image\":{\"@id\":\"https:\/\/polsoft.pl\/microsoft-surface\/#\/schema\/logo\/image\/\"}}]}<\/script>\n<!-- \/ Yoast SEO plugin. -->","yoast_head_json":{"title":"Surface Adaptive HUB J71-00002-Czarny - Sklep rozwi\u0105za\u0144 Microsoft Surface","robots":{"index":"index","follow":"follow","max-snippet":"max-snippet:-1","max-image-preview":"max-image-preview:large","max-video-preview":"max-video-preview:-1"},"canonical":"https:\/\/polsoft.pl\/microsoft-surface\/produkt\/surface-adaptive-hub-j71-00002-czarny\/","og_locale":"pl_PL","og_type":"article","og_title":"Surface Adaptive HUB J71-00002-Czarny - Sklep rozwi\u0105za\u0144 Microsoft Surface","og_description":"Odkryj technologi\u0119, kt\u00f3ra burzy bariery i otwiera cyfrowy \u015bwiat dla ka\u017cdego, dzi\u0119ki Microsoft Surface Adaptive Hub J71-00002. To znacznie wi\u0119cej ni\u017c tylko akcesorium \u2013 to serce rewolucyjnego ekosystemu adaptacyjnego, zaprojektowanego z my\u015bl\u0105 o osobach z niepe\u0142nosprawno\u015bciami i ograniczon\u0105 mobilno\u015bci\u0105. Ten kompaktowy i wszechstronny hub w eleganckim, czarnym kolorze, stanowi centralny punkt \u0142\u0105cz\u0105cy tradycyjn\u0105 technologi\u0119 komputerow\u0105 [&hellip;]","og_url":"https:\/\/polsoft.pl\/microsoft-surface\/produkt\/surface-adaptive-hub-j71-00002-czarny\/","og_site_name":"Sklep rozwi\u0105za\u0144 Microsoft Surface","article_modified_time":"2026-01-23T11:47:31+00:00","og_image":[{"width":2175,"height":2175,"url":"https:\/\/polsoft.pl\/microsoft-surface\/wp-content\/uploads\/2025\/06\/Surface-Adaptive-HUB-J71-00002-Czarny.jpg","type":"image\/jpeg"}],"twitter_card":"summary_large_image","twitter_misc":{"Szacowany czas czytania":"4 minuty"},"schema":{"@context":"https:\/\/schema.org","@graph":[{"@type":"WebPage","@id":"https:\/\/polsoft.pl\/microsoft-surface\/produkt\/surface-adaptive-hub-j71-00002-czarny\/","url":"https:\/\/polsoft.pl\/microsoft-surface\/produkt\/surface-adaptive-hub-j71-00002-czarny\/","name":"Surface Adaptive HUB J71-00002-Czarny - Sklep rozwi\u0105za\u0144 Microsoft Surface","isPartOf":{"@id":"https:\/\/polsoft.pl\/microsoft-surface\/#website"},"primaryImageOfPage":{"@id":"https:\/\/polsoft.pl\/microsoft-surface\/produkt\/surface-adaptive-hub-j71-00002-czarny\/#primaryimage"},"image":{"@id":"https:\/\/polsoft.pl\/microsoft-surface\/produkt\/surface-adaptive-hub-j71-00002-czarny\/#primaryimage"},"thumbnailUrl":"https:\/\/www.polsoft.pl\/microsoft-surface\/wp-content\/uploads\/2025\/06\/Surface-Adaptive-HUB-J71-00002-Czarny.jpg","datePublished":"2024-10-31T08:52:15+00:00","dateModified":"2026-01-23T11:47:31+00:00","breadcrumb":{"@id":"https:\/\/polsoft.pl\/microsoft-surface\/produkt\/surface-adaptive-hub-j71-00002-czarny\/#breadcrumb"},"inLanguage":"pl-PL","potentialAction":[{"@type":"ReadAction","target":["https:\/\/polsoft.pl\/microsoft-surface\/produkt\/surface-adaptive-hub-j71-00002-czarny\/"]}]},{"@type":"ImageObject","inLanguage":"pl-PL","@id":"https:\/\/polsoft.pl\/microsoft-surface\/produkt\/surface-adaptive-hub-j71-00002-czarny\/#primaryimage","url":"https:\/\/www.polsoft.pl\/microsoft-surface\/wp-content\/uploads\/2025\/06\/Surface-Adaptive-HUB-J71-00002-Czarny.jpg","contentUrl":"https:\/\/www.polsoft.pl\/microsoft-surface\/wp-content\/uploads\/2025\/06\/Surface-Adaptive-HUB-J71-00002-Czarny.jpg","width":2175,"height":2175},{"@type":"BreadcrumbList","@id":"https:\/\/polsoft.pl\/microsoft-surface\/produkt\/surface-adaptive-hub-j71-00002-czarny\/#breadcrumb","itemListElement":[{"@type":"ListItem","position":1,"name":"Strona g\u0142\u00f3wna","item":"https:\/\/polsoft.pl\/microsoft-surface\/"},{"@type":"ListItem","position":2,"name":"Sklep","item":"https:\/\/polsoft.pl\/microsoft-surface\/sklep\/"},{"@type":"ListItem","position":3,"name":"Surface Adaptive HUB J71-00002-Czarny"}]},{"@type":"WebSite","@id":"https:\/\/polsoft.pl\/microsoft-surface\/#website","url":"https:\/\/polsoft.pl\/microsoft-surface\/","name":"Sklep Microsoft Surface","description":"Sklep Microsoft Surface","publisher":{"@id":"https:\/\/polsoft.pl\/microsoft-surface\/#organization"},"potentialAction":[{"@type":"SearchAction","target":{"@type":"EntryPoint","urlTemplate":"https:\/\/polsoft.pl\/microsoft-surface\/?s={search_term_string}"},"query-input":{"@type":"PropertyValueSpecification","valueRequired":true,"valueName":"search_term_string"}}],"inLanguage":"pl-PL"},{"@type":"Organization","@id":"https:\/\/polsoft.pl\/microsoft-surface\/#organization","name":"Polsoft Engineering Sp. z o.o.","url":"https:\/\/polsoft.pl\/microsoft-surface\/","logo":{"@type":"ImageObject","inLanguage":"pl-PL","@id":"https:\/\/polsoft.pl\/microsoft-surface\/#\/schema\/logo\/image\/","url":"https:\/\/www.polsoft.pl\/microsoft-surface\/wp-content\/uploads\/2020\/10\/microsoft_partner_logo_black_polsoft.png","contentUrl":"https:\/\/www.polsoft.pl\/microsoft-surface\/wp-content\/uploads\/2020\/10\/microsoft_partner_logo_black_polsoft.png","width":613,"height":158,"caption":"Polsoft Engineering Sp. z o.o."},"image":{"@id":"https:\/\/polsoft.pl\/microsoft-surface\/#\/schema\/logo\/image\/"}}]}},"_links":{"self":[{"href":"https:\/\/www.polsoft.pl\/microsoft-surface\/wp-json\/wp\/v2\/product\/17708","targetHints":{"allow":["GET"]}}],"collection":[{"href":"https:\/\/www.polsoft.pl\/microsoft-surface\/wp-json\/wp\/v2\/product"}],"about":[{"href":"https:\/\/www.polsoft.pl\/microsoft-surface\/wp-json\/wp\/v2\/types\/product"}],"version-history":[{"count":4,"href":"https:\/\/www.polsoft.pl\/microsoft-surface\/wp-json\/wp\/v2\/product\/17708\/revisions"}],"predecessor-version":[{"id":19396,"href":"https:\/\/www.polsoft.pl\/microsoft-surface\/wp-json\/wp\/v2\/product\/17708\/revisions\/19396"}],"wp:featuredmedia":[{"embeddable":true,"href":"https:\/\/www.polsoft.pl\/microsoft-surface\/wp-json\/wp\/v2\/media\/19393"}],"wp:attachment":[{"href":"https:\/\/www.polsoft.pl\/microsoft-surface\/wp-json\/wp\/v2\/media?parent=17708"}],"wp:term":[{"taxonomy":"product_brand","embeddable":true,"href":"https:\/\/www.polsoft.pl\/microsoft-surface\/wp-json\/wp\/v2\/product_brand?post=17708"},{"taxonomy":"product_cat","embeddable":true,"href":"https:\/\/www.polsoft.pl\/microsoft-surface\/wp-json\/wp\/v2\/product_cat?post=17708"},{"taxonomy":"product_tag","embeddable":true,"href":"https:\/\/www.polsoft.pl\/microsoft-surface\/wp-json\/wp\/v2\/product_tag?post=17708"}],"curies":[{"name":"wp","href":"https:\/\/api.w.org\/{rel}","templated":true}]}}