{"id":18676,"date":"2025-03-21T12:21:36","date_gmt":"2025-03-21T11:21:36","guid":{"rendered":"https:\/\/polsoft.pl\/microsoft-surface\/produkt\/microsoft-surface-laptop-7-138-ep2-21137-ultra-7-268v-32gb-512gb-138-wifi-platynowy\/"},"modified":"2026-01-23T12:46:14","modified_gmt":"2026-01-23T11:46:14","slug":"microsoft-surface-laptop-7-138-ep2-21137-ultra-7-268v-32gb-512gb-138-wifi-platynowy","status":"publish","type":"product","link":"https:\/\/www.polsoft.pl\/microsoft-surface\/produkt\/microsoft-surface-laptop-7-138-ep2-21137-ultra-7-268v-32gb-512gb-138-wifi-platynowy\/","title":{"rendered":"Microsoft Surface Laptop 7 13,8&#8221; EP2-21137 Ultra 7 268V\/32GB\/512GB\/13,8&#8243;\/WiFi\/Platynowy"},"content":{"rendered":"<p>Gdy liczy si\u0119 ka\u017cda sekunda i potrzebujesz absolutnej pewno\u015bci dzia\u0142ania, Microsoft Surface Laptop 7 13,8\u201d EP2-21137 w wersji platynowej staje na wysoko\u015bci zadania. To laptop dla in\u017cynier\u00f3w, analityk\u00f3w i wszystkich profesjonalist\u00f3w, kt\u00f3rzy pracuj\u0105 z oprogramowaniem wymagaj\u0105cym ogromnych zasob\u00f3w i potrzebuj\u0105 konfiguracji, kt\u00f3ra nigdy ich nie spowolni. To po\u0142\u0105czenie topowej wydajno\u015bci, du\u017cej pojemno\u015bci i mobilno\u015bci.<\/p>\n<p>Sercem tej maszyny jest najmocniejszy procesor Intel\u00ae Core\u2122 Ultra 7 268V z wydajn\u0105, zintegrowan\u0105 grafik\u0105 Intel\u00ae Arc\u2122. W po\u0142\u0105czeniu z a\u017c 32 GB szybkiej pami\u0119ci RAM LPDDR5x, jest gotowy na najbardziej intensywn\u0105 prac\u0119. Pozwala na swobodn\u0105 obs\u0142ug\u0119 zaawansowanych aplikacji do modelowania, wielkich zbior\u00f3w danych i wielu maszyn wirtualnych jednocze\u015bnie. Pojemny i szybki dysk SSD o pojemno\u015bci 512 GB (PCIe 4.0) zapewnia idealny balans mi\u0119dzy du\u017c\u0105 przestrzeni\u0105 na projekty a b\u0142yskawicznym dost\u0119pem do danych.<\/p>\n<p>Niesamowity, 13,8-calowy ekran dotykowy PixelSense\u2122 Flow o wysokiej rozdzielczo\u015bci 2304 x 1536 (201 PPI) sprawia, \u017ce praca na tym urz\u0105dzeniu to czysta przyjemno\u015b\u0107. Proporcje 3:2 to wi\u0119cej miejsca w pionie, co jest nieocenione przy pracy z danymi. Technologia Dolby Vision IQ\u2122 gwarantuje, \u017ce kolory s\u0105 zawsze \u017cywe i dok\u0142adne, a dynamiczne od\u015bwie\u017canie do 120Hz zapewnia wyj\u0105tkow\u0105 p\u0142ynno\u015b\u0107 obrazu. Ochron\u0119 panelu gwarantuje szk\u0142o Corning\u00ae Gorilla\u00ae Glass 5.<\/p>\n<p>Do\u015bwiadcz niezr\u00f3wnanego komfortu pisania dzi\u0119ki legendarnej ju\u017c klawiaturze Surface. Obszerny, precyzyjny g\u0142adzik u\u0142atwia nawigacj\u0119 i precyzyjne operacje. Mimo ogromnej mocy, laptop zachowuje smuk\u0142y i profesjonalny wygl\u0105d dzi\u0119ki obudowie z anodyzowanego aluminium. 10-punktowy ekran dotykowy oraz kompatybilno\u015b\u0107 z pi\u00f3rem Microsoft Surface Slim Pen 2 (sprzedawanym osobno) pozwalaj\u0105 na jeszcze wi\u0119ksz\u0105 swobod\u0119 w interakcji z urz\u0105dzeniem.<\/p>\n<p>Zaawansowane zabezpieczenia, w tym modu\u0142 TPM 2.0 i logowanie biometryczne Windows Hello, chroni\u0105 Twoj\u0105 prac\u0119 i prywatno\u015b\u0107. Masz pewno\u015b\u0107, \u017ce Twoje cenne projekty i dane s\u0105 chronione na najwy\u017cszym, sprz\u0119towym poziomie przed nieautoryzowanym dost\u0119pem.<\/p>\n<p>Dwa wszechstronne porty USB-C\u00ae z obs\u0142ug\u0105 USB 4 i Thunderbolt\u2122 4 oraz \u0142\u0105czno\u015b\u0107 Wi-Fi 6E i Bluetooth\u00ae 5.4 oferuj\u0105 pe\u0142n\u0105 wszechstronno\u015b\u0107 w pod\u0142\u0105czaniu nowoczesnych akcesori\u00f3w i szybki transfer danych, co pozwala na stworzenie pot\u0119\u017cnego, mobilnego stanowiska pracy.<\/p>\n<p>Wysokiej jako\u015bci kamera Surface Studio (1080p) i dwa mikrofony studyjne gwarantuj\u0105, \u017ce Twoje spotkania online i rozmowy wideo z bliskimi b\u0119d\u0105 zawsze przebiega\u0107 bez zak\u0142\u00f3ce\u0144. G\u0142o\u015bniki Omnisonic\u00ae z Dolby\u00ae Atmos\u00ae zapewniaj\u0105 doskona\u0142\u0105 jako\u015b\u0107 audio, kt\u00f3ra o\u017cywi Twoje prezentacje i multimedia. Inteligentny asystent Copilot jest zawsze gotowy do pomocy, optymalizuj\u0105c przep\u0142yw pracy i pomagaj\u0105c w szybszym rozwi\u0105zywaniu problem\u00f3w.<\/p>\n","protected":false},"excerpt":{"rendered":"<p>Gdy liczy si\u0119 ka\u017cda sekunda i potrzebujesz absolutnej pewno\u015bci dzia\u0142ania, Microsoft Surface Laptop 7 13,8\u201d EP2-21137 w wersji platynowej staje na wysoko\u015bci zadania. To laptop dla in\u017cynier\u00f3w, analityk\u00f3w i wszystkich profesjonalist\u00f3w, kt\u00f3rzy pracuj\u0105 z oprogramowaniem wymagaj\u0105cym ogromnych zasob\u00f3w i potrzebuj\u0105 konfiguracji, kt\u00f3ra nigdy ich nie spowolni. To po\u0142\u0105czenie topowej wydajno\u015bci, du\u017cej pojemno\u015bci i mobilno\u015bci. Sercem [&hellip;]<\/p>\n","protected":false},"featured_media":19218,"template":"","meta":{"site-sidebar-layout":"default","site-content-layout":"","ast-site-content-layout":"default","site-content-style":"default","site-sidebar-style":"default","ast-global-header-display":"","ast-banner-title-visibility":"","ast-main-header-display":"","ast-hfb-above-header-display":"","ast-hfb-below-header-display":"","ast-hfb-mobile-header-display":"","site-post-title":"","ast-breadcrumbs-content":"","ast-featured-img":"","footer-sml-layout":"","ast-disable-related-posts":"","theme-transparent-header-meta":"default","adv-header-id-meta":"","stick-header-meta":"","header-above-stick-meta":"","header-main-stick-meta":"","header-below-stick-meta":"","astra-migrate-meta-layouts":"set","ast-page-background-enabled":"default","ast-page-background-meta":{"desktop":{"background-color":"","background-image":"","background-repeat":"repeat","background-position":"center center","background-size":"auto","background-attachment":"scroll","background-type":"","background-media":"","overlay-type":"","overlay-color":"","overlay-opacity":"","overlay-gradient":""},"tablet":{"background-color":"","background-image":"","background-repeat":"repeat","background-position":"center center","background-size":"auto","background-attachment":"scroll","background-type":"","background-media":"","overlay-type":"","overlay-color":"","overlay-opacity":"","overlay-gradient":""},"mobile":{"background-color":"","background-image":"","background-repeat":"repeat","background-position":"center center","background-size":"auto","background-attachment":"scroll","background-type":"","background-media":"","overlay-type":"","overlay-color":"","overlay-opacity":"","overlay-gradient":""}},"ast-content-background-meta":{"desktop":{"background-color":"var(--ast-global-color-5)","background-image":"","background-repeat":"repeat","background-position":"center center","background-size":"auto","background-attachment":"scroll","background-type":"","background-media":"","overlay-type":"","overlay-color":"","overlay-opacity":"","overlay-gradient":""},"tablet":{"background-color":"var(--ast-global-color-5)","background-image":"","background-repeat":"repeat","background-position":"center center","background-size":"auto","background-attachment":"scroll","background-type":"","background-media":"","overlay-type":"","overlay-color":"","overlay-opacity":"","overlay-gradient":""},"mobile":{"background-color":"var(--ast-global-color-5)","background-image":"","background-repeat":"repeat","background-position":"center center","background-size":"auto","background-attachment":"scroll","background-type":"","background-media":"","overlay-type":"","overlay-color":"","overlay-opacity":"","overlay-gradient":""}},"_links_to":"","_links_to_target":""},"product_brand":[],"product_cat":[70,315],"product_tag":[],"class_list":{"0":"post-18676","1":"product","2":"type-product","3":"status-publish","4":"has-post-thumbnail","6":"product_cat-laptopy-microsoft-surface","7":"product_cat-microsoft-surface-laptop-7","8":"pa_dodatkowe-komponenty-wifi","9":"pa_matryca-314","10":"pa_model-procesora-ultra-7-268v","11":"pa_pamiec-ram-32gb","12":"pa_pojemnosc-dysku-512gb","13":"pa_producent-procesora-intel","14":"desktop-align-left","15":"tablet-align-left","16":"mobile-align-left","18":"first","19":"instock","20":"taxable","21":"shipping-taxable","22":"purchasable","23":"product-type-simple"},"yoast_head":"<!-- This site is optimized with the Yoast SEO plugin v26.7 - https:\/\/yoast.com\/wordpress\/plugins\/seo\/ -->\n<title>Microsoft Surface Laptop 7 13,8&#039;&#039; EP2-21137 Ultra 7 268V\/32GB\/512GB\/13,8&quot;\/WiFi\/Platynowy - Sklep rozwi\u0105za\u0144 Microsoft Surface<\/title>\n<meta name=\"description\" content=\"Surface Laptop 7 \u2013 nowoczesny laptop z ekranem dotykowym, \u0142\u0105czno\u015bci\u0105 5G i moc\u0105 AI. Wybierz mobilno\u015b\u0107 i styl. Kup ju\u017c dzi\u015b z szybk\u0105 dostaw\u0105!\" \/>\n<meta name=\"robots\" content=\"index, follow, max-snippet:-1, max-image-preview:large, max-video-preview:-1\" \/>\n<link rel=\"canonical\" href=\"https:\/\/polsoft.pl\/microsoft-surface\/produkt\/microsoft-surface-laptop-7-138-ep2-21137-ultra-7-268v-32gb-512gb-138-wifi-platynowy\/\" \/>\n<meta property=\"og:locale\" content=\"pl_PL\" \/>\n<meta property=\"og:type\" content=\"article\" \/>\n<meta property=\"og:title\" content=\"Microsoft Surface Laptop 7 13,8&#039;&#039; EP2-21137 Ultra 7 268V\/32GB\/512GB\/13,8&quot;\/WiFi\/Platynowy - Sklep rozwi\u0105za\u0144 Microsoft Surface\" \/>\n<meta property=\"og:description\" content=\"Surface Laptop 7 \u2013 nowoczesny laptop z ekranem dotykowym, \u0142\u0105czno\u015bci\u0105 5G i moc\u0105 AI. Wybierz mobilno\u015b\u0107 i styl. Kup ju\u017c dzi\u015b z szybk\u0105 dostaw\u0105!\" \/>\n<meta property=\"og:url\" content=\"https:\/\/polsoft.pl\/microsoft-surface\/produkt\/microsoft-surface-laptop-7-138-ep2-21137-ultra-7-268v-32gb-512gb-138-wifi-platynowy\/\" \/>\n<meta property=\"og:site_name\" content=\"Sklep rozwi\u0105za\u0144 Microsoft Surface\" \/>\n<meta property=\"article:modified_time\" content=\"2026-01-23T11:46:14+00:00\" \/>\n<meta property=\"og:image\" content=\"https:\/\/polsoft.pl\/microsoft-surface\/wp-content\/uploads\/2025\/06\/Microsoft-Surface-Laptop-7-EP2-21137-2.jpg\" \/>\n\t<meta property=\"og:image:width\" content=\"1608\" \/>\n\t<meta property=\"og:image:height\" content=\"1608\" \/>\n\t<meta property=\"og:image:type\" content=\"image\/jpeg\" \/>\n<meta name=\"twitter:card\" content=\"summary_large_image\" \/>\n<meta name=\"twitter:label1\" content=\"Szacowany czas czytania\" \/>\n\t<meta name=\"twitter:data1\" content=\"3 minuty\" \/>\n<script type=\"application\/ld+json\" class=\"yoast-schema-graph\">{\"@context\":\"https:\/\/schema.org\",\"@graph\":[{\"@type\":\"WebPage\",\"@id\":\"https:\/\/polsoft.pl\/microsoft-surface\/produkt\/microsoft-surface-laptop-7-138-ep2-21137-ultra-7-268v-32gb-512gb-138-wifi-platynowy\/\",\"url\":\"https:\/\/polsoft.pl\/microsoft-surface\/produkt\/microsoft-surface-laptop-7-138-ep2-21137-ultra-7-268v-32gb-512gb-138-wifi-platynowy\/\",\"name\":\"Microsoft Surface Laptop 7 13,8'' EP2-21137 Ultra 7 268V\/32GB\/512GB\/13,8\\\"\/WiFi\/Platynowy - Sklep rozwi\u0105za\u0144 Microsoft Surface\",\"isPartOf\":{\"@id\":\"https:\/\/polsoft.pl\/microsoft-surface\/#website\"},\"primaryImageOfPage\":{\"@id\":\"https:\/\/polsoft.pl\/microsoft-surface\/produkt\/microsoft-surface-laptop-7-138-ep2-21137-ultra-7-268v-32gb-512gb-138-wifi-platynowy\/#primaryimage\"},\"image\":{\"@id\":\"https:\/\/polsoft.pl\/microsoft-surface\/produkt\/microsoft-surface-laptop-7-138-ep2-21137-ultra-7-268v-32gb-512gb-138-wifi-platynowy\/#primaryimage\"},\"thumbnailUrl\":\"https:\/\/www.polsoft.pl\/microsoft-surface\/wp-content\/uploads\/2025\/06\/Microsoft-Surface-Laptop-7-EP2-21137-2.jpg\",\"datePublished\":\"2025-03-21T11:21:36+00:00\",\"dateModified\":\"2026-01-23T11:46:14+00:00\",\"description\":\"Surface Laptop 7 \u2013 nowoczesny laptop z ekranem dotykowym, \u0142\u0105czno\u015bci\u0105 5G i moc\u0105 AI. Wybierz mobilno\u015b\u0107 i styl. Kup ju\u017c dzi\u015b z szybk\u0105 dostaw\u0105!\",\"breadcrumb\":{\"@id\":\"https:\/\/polsoft.pl\/microsoft-surface\/produkt\/microsoft-surface-laptop-7-138-ep2-21137-ultra-7-268v-32gb-512gb-138-wifi-platynowy\/#breadcrumb\"},\"inLanguage\":\"pl-PL\",\"potentialAction\":[{\"@type\":\"ReadAction\",\"target\":[\"https:\/\/polsoft.pl\/microsoft-surface\/produkt\/microsoft-surface-laptop-7-138-ep2-21137-ultra-7-268v-32gb-512gb-138-wifi-platynowy\/\"]}]},{\"@type\":\"ImageObject\",\"inLanguage\":\"pl-PL\",\"@id\":\"https:\/\/polsoft.pl\/microsoft-surface\/produkt\/microsoft-surface-laptop-7-138-ep2-21137-ultra-7-268v-32gb-512gb-138-wifi-platynowy\/#primaryimage\",\"url\":\"https:\/\/www.polsoft.pl\/microsoft-surface\/wp-content\/uploads\/2025\/06\/Microsoft-Surface-Laptop-7-EP2-21137-2.jpg\",\"contentUrl\":\"https:\/\/www.polsoft.pl\/microsoft-surface\/wp-content\/uploads\/2025\/06\/Microsoft-Surface-Laptop-7-EP2-21137-2.jpg\",\"width\":1608,\"height\":1608},{\"@type\":\"BreadcrumbList\",\"@id\":\"https:\/\/polsoft.pl\/microsoft-surface\/produkt\/microsoft-surface-laptop-7-138-ep2-21137-ultra-7-268v-32gb-512gb-138-wifi-platynowy\/#breadcrumb\",\"itemListElement\":[{\"@type\":\"ListItem\",\"position\":1,\"name\":\"Strona g\u0142\u00f3wna\",\"item\":\"https:\/\/polsoft.pl\/microsoft-surface\/\"},{\"@type\":\"ListItem\",\"position\":2,\"name\":\"Sklep\",\"item\":\"https:\/\/polsoft.pl\/microsoft-surface\/sklep\/\"},{\"@type\":\"ListItem\",\"position\":3,\"name\":\"Microsoft Surface Laptop 7 13,8&#8221; EP2-21137 Ultra 7 268V\/32GB\/512GB\/13,8&#8243;\/WiFi\/Platynowy\"}]},{\"@type\":\"WebSite\",\"@id\":\"https:\/\/polsoft.pl\/microsoft-surface\/#website\",\"url\":\"https:\/\/polsoft.pl\/microsoft-surface\/\",\"name\":\"Sklep Microsoft Surface\",\"description\":\"Sklep Microsoft Surface\",\"publisher\":{\"@id\":\"https:\/\/polsoft.pl\/microsoft-surface\/#organization\"},\"potentialAction\":[{\"@type\":\"SearchAction\",\"target\":{\"@type\":\"EntryPoint\",\"urlTemplate\":\"https:\/\/polsoft.pl\/microsoft-surface\/?s={search_term_string}\"},\"query-input\":{\"@type\":\"PropertyValueSpecification\",\"valueRequired\":true,\"valueName\":\"search_term_string\"}}],\"inLanguage\":\"pl-PL\"},{\"@type\":\"Organization\",\"@id\":\"https:\/\/polsoft.pl\/microsoft-surface\/#organization\",\"name\":\"Polsoft Engineering Sp. z o.o.\",\"url\":\"https:\/\/polsoft.pl\/microsoft-surface\/\",\"logo\":{\"@type\":\"ImageObject\",\"inLanguage\":\"pl-PL\",\"@id\":\"https:\/\/polsoft.pl\/microsoft-surface\/#\/schema\/logo\/image\/\",\"url\":\"https:\/\/www.polsoft.pl\/microsoft-surface\/wp-content\/uploads\/2020\/10\/microsoft_partner_logo_black_polsoft.png\",\"contentUrl\":\"https:\/\/www.polsoft.pl\/microsoft-surface\/wp-content\/uploads\/2020\/10\/microsoft_partner_logo_black_polsoft.png\",\"width\":613,\"height\":158,\"caption\":\"Polsoft Engineering Sp. z o.o.\"},\"image\":{\"@id\":\"https:\/\/polsoft.pl\/microsoft-surface\/#\/schema\/logo\/image\/\"}}]}<\/script>\n<!-- \/ Yoast SEO plugin. -->","yoast_head_json":{"title":"Microsoft Surface Laptop 7 13,8'' EP2-21137 Ultra 7 268V\/32GB\/512GB\/13,8\"\/WiFi\/Platynowy - Sklep rozwi\u0105za\u0144 Microsoft Surface","description":"Surface Laptop 7 \u2013 nowoczesny laptop z ekranem dotykowym, \u0142\u0105czno\u015bci\u0105 5G i moc\u0105 AI. Wybierz mobilno\u015b\u0107 i styl. Kup ju\u017c dzi\u015b z szybk\u0105 dostaw\u0105!","robots":{"index":"index","follow":"follow","max-snippet":"max-snippet:-1","max-image-preview":"max-image-preview:large","max-video-preview":"max-video-preview:-1"},"canonical":"https:\/\/polsoft.pl\/microsoft-surface\/produkt\/microsoft-surface-laptop-7-138-ep2-21137-ultra-7-268v-32gb-512gb-138-wifi-platynowy\/","og_locale":"pl_PL","og_type":"article","og_title":"Microsoft Surface Laptop 7 13,8'' EP2-21137 Ultra 7 268V\/32GB\/512GB\/13,8\"\/WiFi\/Platynowy - Sklep rozwi\u0105za\u0144 Microsoft Surface","og_description":"Surface Laptop 7 \u2013 nowoczesny laptop z ekranem dotykowym, \u0142\u0105czno\u015bci\u0105 5G i moc\u0105 AI. Wybierz mobilno\u015b\u0107 i styl. Kup ju\u017c dzi\u015b z szybk\u0105 dostaw\u0105!","og_url":"https:\/\/polsoft.pl\/microsoft-surface\/produkt\/microsoft-surface-laptop-7-138-ep2-21137-ultra-7-268v-32gb-512gb-138-wifi-platynowy\/","og_site_name":"Sklep rozwi\u0105za\u0144 Microsoft Surface","article_modified_time":"2026-01-23T11:46:14+00:00","og_image":[{"width":1608,"height":1608,"url":"https:\/\/polsoft.pl\/microsoft-surface\/wp-content\/uploads\/2025\/06\/Microsoft-Surface-Laptop-7-EP2-21137-2.jpg","type":"image\/jpeg"}],"twitter_card":"summary_large_image","twitter_misc":{"Szacowany czas czytania":"3 minuty"},"schema":{"@context":"https:\/\/schema.org","@graph":[{"@type":"WebPage","@id":"https:\/\/polsoft.pl\/microsoft-surface\/produkt\/microsoft-surface-laptop-7-138-ep2-21137-ultra-7-268v-32gb-512gb-138-wifi-platynowy\/","url":"https:\/\/polsoft.pl\/microsoft-surface\/produkt\/microsoft-surface-laptop-7-138-ep2-21137-ultra-7-268v-32gb-512gb-138-wifi-platynowy\/","name":"Microsoft Surface Laptop 7 13,8'' EP2-21137 Ultra 7 268V\/32GB\/512GB\/13,8\"\/WiFi\/Platynowy - Sklep rozwi\u0105za\u0144 Microsoft Surface","isPartOf":{"@id":"https:\/\/polsoft.pl\/microsoft-surface\/#website"},"primaryImageOfPage":{"@id":"https:\/\/polsoft.pl\/microsoft-surface\/produkt\/microsoft-surface-laptop-7-138-ep2-21137-ultra-7-268v-32gb-512gb-138-wifi-platynowy\/#primaryimage"},"image":{"@id":"https:\/\/polsoft.pl\/microsoft-surface\/produkt\/microsoft-surface-laptop-7-138-ep2-21137-ultra-7-268v-32gb-512gb-138-wifi-platynowy\/#primaryimage"},"thumbnailUrl":"https:\/\/www.polsoft.pl\/microsoft-surface\/wp-content\/uploads\/2025\/06\/Microsoft-Surface-Laptop-7-EP2-21137-2.jpg","datePublished":"2025-03-21T11:21:36+00:00","dateModified":"2026-01-23T11:46:14+00:00","description":"Surface Laptop 7 \u2013 nowoczesny laptop z ekranem dotykowym, \u0142\u0105czno\u015bci\u0105 5G i moc\u0105 AI. Wybierz mobilno\u015b\u0107 i styl. Kup ju\u017c dzi\u015b z szybk\u0105 dostaw\u0105!","breadcrumb":{"@id":"https:\/\/polsoft.pl\/microsoft-surface\/produkt\/microsoft-surface-laptop-7-138-ep2-21137-ultra-7-268v-32gb-512gb-138-wifi-platynowy\/#breadcrumb"},"inLanguage":"pl-PL","potentialAction":[{"@type":"ReadAction","target":["https:\/\/polsoft.pl\/microsoft-surface\/produkt\/microsoft-surface-laptop-7-138-ep2-21137-ultra-7-268v-32gb-512gb-138-wifi-platynowy\/"]}]},{"@type":"ImageObject","inLanguage":"pl-PL","@id":"https:\/\/polsoft.pl\/microsoft-surface\/produkt\/microsoft-surface-laptop-7-138-ep2-21137-ultra-7-268v-32gb-512gb-138-wifi-platynowy\/#primaryimage","url":"https:\/\/www.polsoft.pl\/microsoft-surface\/wp-content\/uploads\/2025\/06\/Microsoft-Surface-Laptop-7-EP2-21137-2.jpg","contentUrl":"https:\/\/www.polsoft.pl\/microsoft-surface\/wp-content\/uploads\/2025\/06\/Microsoft-Surface-Laptop-7-EP2-21137-2.jpg","width":1608,"height":1608},{"@type":"BreadcrumbList","@id":"https:\/\/polsoft.pl\/microsoft-surface\/produkt\/microsoft-surface-laptop-7-138-ep2-21137-ultra-7-268v-32gb-512gb-138-wifi-platynowy\/#breadcrumb","itemListElement":[{"@type":"ListItem","position":1,"name":"Strona g\u0142\u00f3wna","item":"https:\/\/polsoft.pl\/microsoft-surface\/"},{"@type":"ListItem","position":2,"name":"Sklep","item":"https:\/\/polsoft.pl\/microsoft-surface\/sklep\/"},{"@type":"ListItem","position":3,"name":"Microsoft Surface Laptop 7 13,8&#8221; EP2-21137 Ultra 7 268V\/32GB\/512GB\/13,8&#8243;\/WiFi\/Platynowy"}]},{"@type":"WebSite","@id":"https:\/\/polsoft.pl\/microsoft-surface\/#website","url":"https:\/\/polsoft.pl\/microsoft-surface\/","name":"Sklep Microsoft Surface","description":"Sklep Microsoft Surface","publisher":{"@id":"https:\/\/polsoft.pl\/microsoft-surface\/#organization"},"potentialAction":[{"@type":"SearchAction","target":{"@type":"EntryPoint","urlTemplate":"https:\/\/polsoft.pl\/microsoft-surface\/?s={search_term_string}"},"query-input":{"@type":"PropertyValueSpecification","valueRequired":true,"valueName":"search_term_string"}}],"inLanguage":"pl-PL"},{"@type":"Organization","@id":"https:\/\/polsoft.pl\/microsoft-surface\/#organization","name":"Polsoft Engineering Sp. z o.o.","url":"https:\/\/polsoft.pl\/microsoft-surface\/","logo":{"@type":"ImageObject","inLanguage":"pl-PL","@id":"https:\/\/polsoft.pl\/microsoft-surface\/#\/schema\/logo\/image\/","url":"https:\/\/www.polsoft.pl\/microsoft-surface\/wp-content\/uploads\/2020\/10\/microsoft_partner_logo_black_polsoft.png","contentUrl":"https:\/\/www.polsoft.pl\/microsoft-surface\/wp-content\/uploads\/2020\/10\/microsoft_partner_logo_black_polsoft.png","width":613,"height":158,"caption":"Polsoft Engineering Sp. z o.o."},"image":{"@id":"https:\/\/polsoft.pl\/microsoft-surface\/#\/schema\/logo\/image\/"}}]}},"_links":{"self":[{"href":"https:\/\/www.polsoft.pl\/microsoft-surface\/wp-json\/wp\/v2\/product\/18676","targetHints":{"allow":["GET"]}}],"collection":[{"href":"https:\/\/www.polsoft.pl\/microsoft-surface\/wp-json\/wp\/v2\/product"}],"about":[{"href":"https:\/\/www.polsoft.pl\/microsoft-surface\/wp-json\/wp\/v2\/types\/product"}],"version-history":[{"count":4,"href":"https:\/\/www.polsoft.pl\/microsoft-surface\/wp-json\/wp\/v2\/product\/18676\/revisions"}],"predecessor-version":[{"id":19221,"href":"https:\/\/www.polsoft.pl\/microsoft-surface\/wp-json\/wp\/v2\/product\/18676\/revisions\/19221"}],"wp:featuredmedia":[{"embeddable":true,"href":"https:\/\/www.polsoft.pl\/microsoft-surface\/wp-json\/wp\/v2\/media\/19218"}],"wp:attachment":[{"href":"https:\/\/www.polsoft.pl\/microsoft-surface\/wp-json\/wp\/v2\/media?parent=18676"}],"wp:term":[{"taxonomy":"product_brand","embeddable":true,"href":"https:\/\/www.polsoft.pl\/microsoft-surface\/wp-json\/wp\/v2\/product_brand?post=18676"},{"taxonomy":"product_cat","embeddable":true,"href":"https:\/\/www.polsoft.pl\/microsoft-surface\/wp-json\/wp\/v2\/product_cat?post=18676"},{"taxonomy":"product_tag","embeddable":true,"href":"https:\/\/www.polsoft.pl\/microsoft-surface\/wp-json\/wp\/v2\/product_tag?post=18676"}],"curies":[{"name":"wp","href":"https:\/\/api.w.org\/{rel}","templated":true}]}}