{"id":18688,"date":"2025-03-21T12:21:36","date_gmt":"2025-03-21T11:21:36","guid":{"rendered":"https:\/\/polsoft.pl\/microsoft-surface\/produkt\/microsoft-surface-laptop-7-138-ep2-22302-ultra-7-268v-16gb-256gb-138-wifi-czarny\/"},"modified":"2026-01-23T12:46:16","modified_gmt":"2026-01-23T11:46:16","slug":"microsoft-surface-laptop-7-138-ep2-22302-ultra-7-268v-16gb-256gb-138-wifi-czarny","status":"publish","type":"product","link":"https:\/\/www.polsoft.pl\/microsoft-surface\/produkt\/microsoft-surface-laptop-7-138-ep2-22302-ultra-7-268v-16gb-256gb-138-wifi-czarny\/","title":{"rendered":"Microsoft Surface Laptop 7 13,8&#8221; EP2-22302 Ultra 7 268V\/16GB\/256GB\/13,8&#8243;\/WiFi\/Czarny"},"content":{"rendered":"<p>Microsoft Surface Laptop 7 13,8\u201d EP2-22302 w eleganckiej, czarnej obudowie, to laptop dla u\u017cytkownik\u00f3w, kt\u00f3rzy oczekuj\u0105 absolutnie najwy\u017cszej wydajno\u015bci procesora w kompaktowej formie. Jest to idealny wyb\u00f3r dla profesjonalist\u00f3w i specjalist\u00f3w, kt\u00f3rzy potrzebuj\u0105 maksymalnej mocy obliczeniowej do zaawansowanych, specyficznych zada\u0144, takich jak kompilacja kodu czy skomplikowane obliczenia, a jednocze\u015bnie ceni\u0105 sobie mobilno\u015b\u0107 i minimalistyczny design.<\/p>\n<p>Sercem urz\u0105dzenia jest najpot\u0119\u017cniejszy procesor Intel\u00ae Core\u2122 Ultra 7 268V ze zintegrowan\u0105, wydajn\u0105 grafik\u0105 Intel\u00ae Arc\u2122 Graphics. Taki zestaw gwarantuje bezkompromisow\u0105 p\u0142ynno\u015b\u0107 dzia\u0142ania nawet przy najbardziej wymagaj\u0105cych operacjach. Wspierany przez 16 GB szybkiej pami\u0119ci RAM LPDDR5x, pozwala na komfortow\u0105 prac\u0119 z wieloma zadaniami, a szybki dysk SSD o pojemno\u015bci 256 GB (PCIe 4.0) zapewnia doskona\u0142\u0105 responsywno\u015b\u0107 i b\u0142yskawiczny dost\u0119p do kluczowych aplikacji, idealnie sprawdzaj\u0105c si\u0119 w pracy, gdzie szybko\u015b\u0107 procesora jest wa\u017cniejsza ni\u017c lokalna pojemno\u015b\u0107 dyskowa.<\/p>\n<p>Niesamowity, 13,8-calowy ekran dotykowy PixelSense\u2122 Flow o wysokiej rozdzielczo\u015bci 2304 x 1536 (201 PPI) oferuje niesamowit\u0105 szczeg\u00f3\u0142owo\u015b\u0107 obrazu. Technologia Dolby Vision IQ\u2122 i adaptacyjne dopasowywanie kolor\u00f3w oraz ochrona Corning\u00ae Gorilla\u00ae Glass 5 zapewniaj\u0105 komfort i trwa\u0142o\u015b\u0107. Dynamiczne od\u015bwie\u017canie do 120Hz sprawia, \u017ce ka\u017cda interakcja jest niezwykle p\u0142ynna.<\/p>\n<p>Praca na tym laptopie to czysta przyjemno\u015b\u0107, dzi\u0119ki jednej z najlepszych na rynku, precyzyjnej klawiaturze, kt\u00f3ra zapewnia idealny skok i cich\u0105 prac\u0119. Obszerny g\u0142adzik reaguje na ka\u017cdy gest z niezwyk\u0142\u0105 dok\u0142adno\u015bci\u0105. 10-punktowy ekran dotykowy oraz kompatybilno\u015b\u0107 z pi\u00f3rem Microsoft Surface Slim Pen 2 (sprzedawanym osobno) pozwalaj\u0105 na jeszcze wi\u0119ksz\u0105 swobod\u0119 w interakcji z urz\u0105dzeniem.<\/p>\n<p>Laptop jest gotowy na ka\u017cde wyzwanie dzi\u0119ki \u0142\u0105czno\u015bci Wi-Fi 6E i Bluetooth\u00ae 5.4. Dwa porty USB-C\u00ae z obs\u0142ug\u0105 USB 4 i Thunderbolt\u2122 4 pozwalaj\u0105 na stworzenie wszechstronnego stanowiska pracy z zewn\u0119trznymi monitorami i akcesoriami, zapewniaj\u0105c transfer danych z pr\u0119dko\u015bci\u0105 do 40 Gb\/s.<\/p>\n<p>Bezpiecze\u0144stwo Twoich danych jest kluczowe, dlatego laptop posiada modu\u0142 TPM 2.0 oraz szybki i bezpieczny system logowania za pomoc\u0105 rozpoznawania twarzy Windows Hello, kt\u00f3ry chroni Tw\u00f3j komputer przed nieautoryzowanym dost\u0119pem.<\/p>\n<p>Dedykowany klawisz Copilot daje Ci natychmiastowy dost\u0119p do asystenta AI, kt\u00f3ry pomaga w pisaniu, wyszukiwaniu informacji i automatyzacji zada\u0144, znacz\u0105co przyspieszaj\u0105c prac\u0119. Kamera Surface Studio o jako\u015bci Full HD oraz g\u0142o\u015bniki Omnisonic\u00ae z Dolby\u00ae Atmos\u00ae zapewniaj\u0105 doskona\u0142\u0105 jako\u015b\u0107 podczas zdalnych spotka\u0144 i prezentacji.<\/p>\n","protected":false},"excerpt":{"rendered":"<p>Microsoft Surface Laptop 7 13,8\u201d EP2-22302 w eleganckiej, czarnej obudowie, to laptop dla u\u017cytkownik\u00f3w, kt\u00f3rzy oczekuj\u0105 absolutnie najwy\u017cszej wydajno\u015bci procesora w kompaktowej formie. Jest to idealny wyb\u00f3r dla profesjonalist\u00f3w i specjalist\u00f3w, kt\u00f3rzy potrzebuj\u0105 maksymalnej mocy obliczeniowej do zaawansowanych, specyficznych zada\u0144, takich jak kompilacja kodu czy skomplikowane obliczenia, a jednocze\u015bnie ceni\u0105 sobie mobilno\u015b\u0107 i minimalistyczny design. [&hellip;]<\/p>\n","protected":false},"featured_media":19070,"template":"","meta":{"site-sidebar-layout":"default","site-content-layout":"","ast-site-content-layout":"default","site-content-style":"default","site-sidebar-style":"default","ast-global-header-display":"","ast-banner-title-visibility":"","ast-main-header-display":"","ast-hfb-above-header-display":"","ast-hfb-below-header-display":"","ast-hfb-mobile-header-display":"","site-post-title":"","ast-breadcrumbs-content":"","ast-featured-img":"","footer-sml-layout":"","ast-disable-related-posts":"","theme-transparent-header-meta":"default","adv-header-id-meta":"","stick-header-meta":"","header-above-stick-meta":"","header-main-stick-meta":"","header-below-stick-meta":"","astra-migrate-meta-layouts":"set","ast-page-background-enabled":"default","ast-page-background-meta":{"desktop":{"background-color":"","background-image":"","background-repeat":"repeat","background-position":"center center","background-size":"auto","background-attachment":"scroll","background-type":"","background-media":"","overlay-type":"","overlay-color":"","overlay-opacity":"","overlay-gradient":""},"tablet":{"background-color":"","background-image":"","background-repeat":"repeat","background-position":"center center","background-size":"auto","background-attachment":"scroll","background-type":"","background-media":"","overlay-type":"","overlay-color":"","overlay-opacity":"","overlay-gradient":""},"mobile":{"background-color":"","background-image":"","background-repeat":"repeat","background-position":"center center","background-size":"auto","background-attachment":"scroll","background-type":"","background-media":"","overlay-type":"","overlay-color":"","overlay-opacity":"","overlay-gradient":""}},"ast-content-background-meta":{"desktop":{"background-color":"var(--ast-global-color-5)","background-image":"","background-repeat":"repeat","background-position":"center center","background-size":"auto","background-attachment":"scroll","background-type":"","background-media":"","overlay-type":"","overlay-color":"","overlay-opacity":"","overlay-gradient":""},"tablet":{"background-color":"var(--ast-global-color-5)","background-image":"","background-repeat":"repeat","background-position":"center center","background-size":"auto","background-attachment":"scroll","background-type":"","background-media":"","overlay-type":"","overlay-color":"","overlay-opacity":"","overlay-gradient":""},"mobile":{"background-color":"var(--ast-global-color-5)","background-image":"","background-repeat":"repeat","background-position":"center center","background-size":"auto","background-attachment":"scroll","background-type":"","background-media":"","overlay-type":"","overlay-color":"","overlay-opacity":"","overlay-gradient":""}},"_links_to":"","_links_to_target":""},"product_brand":[],"product_cat":[70,315],"product_tag":[],"class_list":{"0":"post-18688","1":"product","2":"type-product","3":"status-publish","4":"has-post-thumbnail","6":"product_cat-laptopy-microsoft-surface","7":"product_cat-microsoft-surface-laptop-7","8":"pa_dodatkowe-komponenty-wifi","9":"pa_matryca-314","10":"pa_model-procesora-ultra-7-268v","11":"pa_pamiec-ram-16gb","12":"pa_pojemnosc-dysku-256gb","13":"pa_producent-procesora-intel","14":"desktop-align-left","15":"tablet-align-left","16":"mobile-align-left","18":"first","19":"instock","20":"taxable","21":"shipping-taxable","22":"purchasable","23":"product-type-simple"},"yoast_head":"<!-- This site is optimized with the Yoast SEO plugin v26.7 - https:\/\/yoast.com\/wordpress\/plugins\/seo\/ -->\n<title>Microsoft Surface Laptop 7 13,8&#039;&#039; EP2-22302 Ultra 7 268V\/16GB\/256GB\/13,8&quot;\/WiFi\/Czarny - Sklep rozwi\u0105za\u0144 Microsoft Surface<\/title>\n<meta name=\"description\" content=\"Surface Laptop 7 \u2013 nowoczesny laptop z ekranem dotykowym, \u0142\u0105czno\u015bci\u0105 5G i moc\u0105 AI. Wybierz mobilno\u015b\u0107 i styl. Kup ju\u017c dzi\u015b z szybk\u0105 dostaw\u0105!\" \/>\n<meta name=\"robots\" content=\"index, follow, max-snippet:-1, max-image-preview:large, max-video-preview:-1\" \/>\n<link rel=\"canonical\" href=\"https:\/\/polsoft.pl\/microsoft-surface\/produkt\/microsoft-surface-laptop-7-138-ep2-22302-ultra-7-268v-16gb-256gb-138-wifi-czarny\/\" \/>\n<meta property=\"og:locale\" content=\"pl_PL\" \/>\n<meta property=\"og:type\" content=\"article\" \/>\n<meta property=\"og:title\" content=\"Microsoft Surface Laptop 7 13,8&#039;&#039; EP2-22302 Ultra 7 268V\/16GB\/256GB\/13,8&quot;\/WiFi\/Czarny - Sklep rozwi\u0105za\u0144 Microsoft Surface\" \/>\n<meta property=\"og:description\" content=\"Surface Laptop 7 \u2013 nowoczesny laptop z ekranem dotykowym, \u0142\u0105czno\u015bci\u0105 5G i moc\u0105 AI. Wybierz mobilno\u015b\u0107 i styl. Kup ju\u017c dzi\u015b z szybk\u0105 dostaw\u0105!\" \/>\n<meta property=\"og:url\" content=\"https:\/\/polsoft.pl\/microsoft-surface\/produkt\/microsoft-surface-laptop-7-138-ep2-22302-ultra-7-268v-16gb-256gb-138-wifi-czarny\/\" \/>\n<meta property=\"og:site_name\" content=\"Sklep rozwi\u0105za\u0144 Microsoft Surface\" \/>\n<meta property=\"article:modified_time\" content=\"2026-01-23T11:46:16+00:00\" \/>\n<meta property=\"og:image\" content=\"https:\/\/polsoft.pl\/microsoft-surface\/wp-content\/uploads\/2025\/06\/Microsoft-Surface-Laptop-7-EP2-22302-2.jpg\" \/>\n\t<meta property=\"og:image:width\" content=\"1668\" \/>\n\t<meta property=\"og:image:height\" content=\"1668\" \/>\n\t<meta property=\"og:image:type\" content=\"image\/jpeg\" \/>\n<meta name=\"twitter:card\" content=\"summary_large_image\" \/>\n<meta name=\"twitter:label1\" content=\"Szacowany czas czytania\" \/>\n\t<meta name=\"twitter:data1\" content=\"3 minuty\" \/>\n<script type=\"application\/ld+json\" class=\"yoast-schema-graph\">{\"@context\":\"https:\/\/schema.org\",\"@graph\":[{\"@type\":\"WebPage\",\"@id\":\"https:\/\/polsoft.pl\/microsoft-surface\/produkt\/microsoft-surface-laptop-7-138-ep2-22302-ultra-7-268v-16gb-256gb-138-wifi-czarny\/\",\"url\":\"https:\/\/polsoft.pl\/microsoft-surface\/produkt\/microsoft-surface-laptop-7-138-ep2-22302-ultra-7-268v-16gb-256gb-138-wifi-czarny\/\",\"name\":\"Microsoft Surface Laptop 7 13,8'' EP2-22302 Ultra 7 268V\/16GB\/256GB\/13,8\\\"\/WiFi\/Czarny - Sklep rozwi\u0105za\u0144 Microsoft Surface\",\"isPartOf\":{\"@id\":\"https:\/\/polsoft.pl\/microsoft-surface\/#website\"},\"primaryImageOfPage\":{\"@id\":\"https:\/\/polsoft.pl\/microsoft-surface\/produkt\/microsoft-surface-laptop-7-138-ep2-22302-ultra-7-268v-16gb-256gb-138-wifi-czarny\/#primaryimage\"},\"image\":{\"@id\":\"https:\/\/polsoft.pl\/microsoft-surface\/produkt\/microsoft-surface-laptop-7-138-ep2-22302-ultra-7-268v-16gb-256gb-138-wifi-czarny\/#primaryimage\"},\"thumbnailUrl\":\"https:\/\/www.polsoft.pl\/microsoft-surface\/wp-content\/uploads\/2025\/06\/Microsoft-Surface-Laptop-7-EP2-22302-2.jpg\",\"datePublished\":\"2025-03-21T11:21:36+00:00\",\"dateModified\":\"2026-01-23T11:46:16+00:00\",\"description\":\"Surface Laptop 7 \u2013 nowoczesny laptop z ekranem dotykowym, \u0142\u0105czno\u015bci\u0105 5G i moc\u0105 AI. Wybierz mobilno\u015b\u0107 i styl. Kup ju\u017c dzi\u015b z szybk\u0105 dostaw\u0105!\",\"breadcrumb\":{\"@id\":\"https:\/\/polsoft.pl\/microsoft-surface\/produkt\/microsoft-surface-laptop-7-138-ep2-22302-ultra-7-268v-16gb-256gb-138-wifi-czarny\/#breadcrumb\"},\"inLanguage\":\"pl-PL\",\"potentialAction\":[{\"@type\":\"ReadAction\",\"target\":[\"https:\/\/polsoft.pl\/microsoft-surface\/produkt\/microsoft-surface-laptop-7-138-ep2-22302-ultra-7-268v-16gb-256gb-138-wifi-czarny\/\"]}]},{\"@type\":\"ImageObject\",\"inLanguage\":\"pl-PL\",\"@id\":\"https:\/\/polsoft.pl\/microsoft-surface\/produkt\/microsoft-surface-laptop-7-138-ep2-22302-ultra-7-268v-16gb-256gb-138-wifi-czarny\/#primaryimage\",\"url\":\"https:\/\/www.polsoft.pl\/microsoft-surface\/wp-content\/uploads\/2025\/06\/Microsoft-Surface-Laptop-7-EP2-22302-2.jpg\",\"contentUrl\":\"https:\/\/www.polsoft.pl\/microsoft-surface\/wp-content\/uploads\/2025\/06\/Microsoft-Surface-Laptop-7-EP2-22302-2.jpg\",\"width\":1668,\"height\":1668},{\"@type\":\"BreadcrumbList\",\"@id\":\"https:\/\/polsoft.pl\/microsoft-surface\/produkt\/microsoft-surface-laptop-7-138-ep2-22302-ultra-7-268v-16gb-256gb-138-wifi-czarny\/#breadcrumb\",\"itemListElement\":[{\"@type\":\"ListItem\",\"position\":1,\"name\":\"Strona g\u0142\u00f3wna\",\"item\":\"https:\/\/polsoft.pl\/microsoft-surface\/\"},{\"@type\":\"ListItem\",\"position\":2,\"name\":\"Sklep\",\"item\":\"https:\/\/polsoft.pl\/microsoft-surface\/sklep\/\"},{\"@type\":\"ListItem\",\"position\":3,\"name\":\"Microsoft Surface Laptop 7 13,8&#8221; EP2-22302 Ultra 7 268V\/16GB\/256GB\/13,8&#8243;\/WiFi\/Czarny\"}]},{\"@type\":\"WebSite\",\"@id\":\"https:\/\/polsoft.pl\/microsoft-surface\/#website\",\"url\":\"https:\/\/polsoft.pl\/microsoft-surface\/\",\"name\":\"Sklep Microsoft Surface\",\"description\":\"Sklep Microsoft Surface\",\"publisher\":{\"@id\":\"https:\/\/polsoft.pl\/microsoft-surface\/#organization\"},\"potentialAction\":[{\"@type\":\"SearchAction\",\"target\":{\"@type\":\"EntryPoint\",\"urlTemplate\":\"https:\/\/polsoft.pl\/microsoft-surface\/?s={search_term_string}\"},\"query-input\":{\"@type\":\"PropertyValueSpecification\",\"valueRequired\":true,\"valueName\":\"search_term_string\"}}],\"inLanguage\":\"pl-PL\"},{\"@type\":\"Organization\",\"@id\":\"https:\/\/polsoft.pl\/microsoft-surface\/#organization\",\"name\":\"Polsoft Engineering Sp. z o.o.\",\"url\":\"https:\/\/polsoft.pl\/microsoft-surface\/\",\"logo\":{\"@type\":\"ImageObject\",\"inLanguage\":\"pl-PL\",\"@id\":\"https:\/\/polsoft.pl\/microsoft-surface\/#\/schema\/logo\/image\/\",\"url\":\"https:\/\/www.polsoft.pl\/microsoft-surface\/wp-content\/uploads\/2020\/10\/microsoft_partner_logo_black_polsoft.png\",\"contentUrl\":\"https:\/\/www.polsoft.pl\/microsoft-surface\/wp-content\/uploads\/2020\/10\/microsoft_partner_logo_black_polsoft.png\",\"width\":613,\"height\":158,\"caption\":\"Polsoft Engineering Sp. z o.o.\"},\"image\":{\"@id\":\"https:\/\/polsoft.pl\/microsoft-surface\/#\/schema\/logo\/image\/\"}}]}<\/script>\n<!-- \/ Yoast SEO plugin. -->","yoast_head_json":{"title":"Microsoft Surface Laptop 7 13,8'' EP2-22302 Ultra 7 268V\/16GB\/256GB\/13,8\"\/WiFi\/Czarny - Sklep rozwi\u0105za\u0144 Microsoft Surface","description":"Surface Laptop 7 \u2013 nowoczesny laptop z ekranem dotykowym, \u0142\u0105czno\u015bci\u0105 5G i moc\u0105 AI. Wybierz mobilno\u015b\u0107 i styl. Kup ju\u017c dzi\u015b z szybk\u0105 dostaw\u0105!","robots":{"index":"index","follow":"follow","max-snippet":"max-snippet:-1","max-image-preview":"max-image-preview:large","max-video-preview":"max-video-preview:-1"},"canonical":"https:\/\/polsoft.pl\/microsoft-surface\/produkt\/microsoft-surface-laptop-7-138-ep2-22302-ultra-7-268v-16gb-256gb-138-wifi-czarny\/","og_locale":"pl_PL","og_type":"article","og_title":"Microsoft Surface Laptop 7 13,8'' EP2-22302 Ultra 7 268V\/16GB\/256GB\/13,8\"\/WiFi\/Czarny - Sklep rozwi\u0105za\u0144 Microsoft Surface","og_description":"Surface Laptop 7 \u2013 nowoczesny laptop z ekranem dotykowym, \u0142\u0105czno\u015bci\u0105 5G i moc\u0105 AI. Wybierz mobilno\u015b\u0107 i styl. Kup ju\u017c dzi\u015b z szybk\u0105 dostaw\u0105!","og_url":"https:\/\/polsoft.pl\/microsoft-surface\/produkt\/microsoft-surface-laptop-7-138-ep2-22302-ultra-7-268v-16gb-256gb-138-wifi-czarny\/","og_site_name":"Sklep rozwi\u0105za\u0144 Microsoft Surface","article_modified_time":"2026-01-23T11:46:16+00:00","og_image":[{"width":1668,"height":1668,"url":"https:\/\/polsoft.pl\/microsoft-surface\/wp-content\/uploads\/2025\/06\/Microsoft-Surface-Laptop-7-EP2-22302-2.jpg","type":"image\/jpeg"}],"twitter_card":"summary_large_image","twitter_misc":{"Szacowany czas czytania":"3 minuty"},"schema":{"@context":"https:\/\/schema.org","@graph":[{"@type":"WebPage","@id":"https:\/\/polsoft.pl\/microsoft-surface\/produkt\/microsoft-surface-laptop-7-138-ep2-22302-ultra-7-268v-16gb-256gb-138-wifi-czarny\/","url":"https:\/\/polsoft.pl\/microsoft-surface\/produkt\/microsoft-surface-laptop-7-138-ep2-22302-ultra-7-268v-16gb-256gb-138-wifi-czarny\/","name":"Microsoft Surface Laptop 7 13,8'' EP2-22302 Ultra 7 268V\/16GB\/256GB\/13,8\"\/WiFi\/Czarny - Sklep rozwi\u0105za\u0144 Microsoft Surface","isPartOf":{"@id":"https:\/\/polsoft.pl\/microsoft-surface\/#website"},"primaryImageOfPage":{"@id":"https:\/\/polsoft.pl\/microsoft-surface\/produkt\/microsoft-surface-laptop-7-138-ep2-22302-ultra-7-268v-16gb-256gb-138-wifi-czarny\/#primaryimage"},"image":{"@id":"https:\/\/polsoft.pl\/microsoft-surface\/produkt\/microsoft-surface-laptop-7-138-ep2-22302-ultra-7-268v-16gb-256gb-138-wifi-czarny\/#primaryimage"},"thumbnailUrl":"https:\/\/www.polsoft.pl\/microsoft-surface\/wp-content\/uploads\/2025\/06\/Microsoft-Surface-Laptop-7-EP2-22302-2.jpg","datePublished":"2025-03-21T11:21:36+00:00","dateModified":"2026-01-23T11:46:16+00:00","description":"Surface Laptop 7 \u2013 nowoczesny laptop z ekranem dotykowym, \u0142\u0105czno\u015bci\u0105 5G i moc\u0105 AI. Wybierz mobilno\u015b\u0107 i styl. Kup ju\u017c dzi\u015b z szybk\u0105 dostaw\u0105!","breadcrumb":{"@id":"https:\/\/polsoft.pl\/microsoft-surface\/produkt\/microsoft-surface-laptop-7-138-ep2-22302-ultra-7-268v-16gb-256gb-138-wifi-czarny\/#breadcrumb"},"inLanguage":"pl-PL","potentialAction":[{"@type":"ReadAction","target":["https:\/\/polsoft.pl\/microsoft-surface\/produkt\/microsoft-surface-laptop-7-138-ep2-22302-ultra-7-268v-16gb-256gb-138-wifi-czarny\/"]}]},{"@type":"ImageObject","inLanguage":"pl-PL","@id":"https:\/\/polsoft.pl\/microsoft-surface\/produkt\/microsoft-surface-laptop-7-138-ep2-22302-ultra-7-268v-16gb-256gb-138-wifi-czarny\/#primaryimage","url":"https:\/\/www.polsoft.pl\/microsoft-surface\/wp-content\/uploads\/2025\/06\/Microsoft-Surface-Laptop-7-EP2-22302-2.jpg","contentUrl":"https:\/\/www.polsoft.pl\/microsoft-surface\/wp-content\/uploads\/2025\/06\/Microsoft-Surface-Laptop-7-EP2-22302-2.jpg","width":1668,"height":1668},{"@type":"BreadcrumbList","@id":"https:\/\/polsoft.pl\/microsoft-surface\/produkt\/microsoft-surface-laptop-7-138-ep2-22302-ultra-7-268v-16gb-256gb-138-wifi-czarny\/#breadcrumb","itemListElement":[{"@type":"ListItem","position":1,"name":"Strona g\u0142\u00f3wna","item":"https:\/\/polsoft.pl\/microsoft-surface\/"},{"@type":"ListItem","position":2,"name":"Sklep","item":"https:\/\/polsoft.pl\/microsoft-surface\/sklep\/"},{"@type":"ListItem","position":3,"name":"Microsoft Surface Laptop 7 13,8&#8221; EP2-22302 Ultra 7 268V\/16GB\/256GB\/13,8&#8243;\/WiFi\/Czarny"}]},{"@type":"WebSite","@id":"https:\/\/polsoft.pl\/microsoft-surface\/#website","url":"https:\/\/polsoft.pl\/microsoft-surface\/","name":"Sklep Microsoft Surface","description":"Sklep Microsoft Surface","publisher":{"@id":"https:\/\/polsoft.pl\/microsoft-surface\/#organization"},"potentialAction":[{"@type":"SearchAction","target":{"@type":"EntryPoint","urlTemplate":"https:\/\/polsoft.pl\/microsoft-surface\/?s={search_term_string}"},"query-input":{"@type":"PropertyValueSpecification","valueRequired":true,"valueName":"search_term_string"}}],"inLanguage":"pl-PL"},{"@type":"Organization","@id":"https:\/\/polsoft.pl\/microsoft-surface\/#organization","name":"Polsoft Engineering Sp. z o.o.","url":"https:\/\/polsoft.pl\/microsoft-surface\/","logo":{"@type":"ImageObject","inLanguage":"pl-PL","@id":"https:\/\/polsoft.pl\/microsoft-surface\/#\/schema\/logo\/image\/","url":"https:\/\/www.polsoft.pl\/microsoft-surface\/wp-content\/uploads\/2020\/10\/microsoft_partner_logo_black_polsoft.png","contentUrl":"https:\/\/www.polsoft.pl\/microsoft-surface\/wp-content\/uploads\/2020\/10\/microsoft_partner_logo_black_polsoft.png","width":613,"height":158,"caption":"Polsoft Engineering Sp. z o.o."},"image":{"@id":"https:\/\/polsoft.pl\/microsoft-surface\/#\/schema\/logo\/image\/"}}]}},"_links":{"self":[{"href":"https:\/\/www.polsoft.pl\/microsoft-surface\/wp-json\/wp\/v2\/product\/18688","targetHints":{"allow":["GET"]}}],"collection":[{"href":"https:\/\/www.polsoft.pl\/microsoft-surface\/wp-json\/wp\/v2\/product"}],"about":[{"href":"https:\/\/www.polsoft.pl\/microsoft-surface\/wp-json\/wp\/v2\/types\/product"}],"version-history":[{"count":3,"href":"https:\/\/www.polsoft.pl\/microsoft-surface\/wp-json\/wp\/v2\/product\/18688\/revisions"}],"predecessor-version":[{"id":19232,"href":"https:\/\/www.polsoft.pl\/microsoft-surface\/wp-json\/wp\/v2\/product\/18688\/revisions\/19232"}],"wp:featuredmedia":[{"embeddable":true,"href":"https:\/\/www.polsoft.pl\/microsoft-surface\/wp-json\/wp\/v2\/media\/19070"}],"wp:attachment":[{"href":"https:\/\/www.polsoft.pl\/microsoft-surface\/wp-json\/wp\/v2\/media?parent=18688"}],"wp:term":[{"taxonomy":"product_brand","embeddable":true,"href":"https:\/\/www.polsoft.pl\/microsoft-surface\/wp-json\/wp\/v2\/product_brand?post=18688"},{"taxonomy":"product_cat","embeddable":true,"href":"https:\/\/www.polsoft.pl\/microsoft-surface\/wp-json\/wp\/v2\/product_cat?post=18688"},{"taxonomy":"product_tag","embeddable":true,"href":"https:\/\/www.polsoft.pl\/microsoft-surface\/wp-json\/wp\/v2\/product_tag?post=18688"}],"curies":[{"name":"wp","href":"https:\/\/api.w.org\/{rel}","templated":true}]}}