{"id":18703,"date":"2025-03-21T12:21:36","date_gmt":"2025-03-21T11:21:36","guid":{"rendered":"https:\/\/polsoft.pl\/microsoft-surface\/produkt\/microsoft-surface-laptop-7-15-ep2-21363-ultra-5-238v-32gb-256gb-15-wifi-platynowy\/"},"modified":"2026-01-23T12:46:31","modified_gmt":"2026-01-23T11:46:31","slug":"microsoft-surface-laptop-7-15-ep2-21363-ultra-5-238v-32gb-256gb-15-wifi-platynowy","status":"publish","type":"product","link":"https:\/\/www.polsoft.pl\/microsoft-surface\/produkt\/microsoft-surface-laptop-7-15-ep2-21363-ultra-5-238v-32gb-256gb-15-wifi-platynowy\/","title":{"rendered":"Microsoft Surface Laptop 7 15&#8221; EP2-21363 Ultra 5 238V\/32GB\/256GB\/15&#8243;\/WiFi\/Platynowy"},"content":{"rendered":"<p>Microsoft Surface Laptop 7 15\u201d EP2-21363 to idealne narz\u0119dzie dla analityk\u00f3w, badaczy i mened\u017cer\u00f3w projekt\u00f3w, dla kt\u00f3rych praca z wieloma programami, przegl\u0105dark\u0105 z dziesi\u0105tkami otwartych kart i du\u017cymi plikami jest codzienno\u015bci\u0105. Ten laptop w eleganckiej, platynowej obudowie zosta\u0142 skonfigurowany z my\u015bl\u0105 o absolutnej p\u0142ynno\u015bci w wielozadaniowo\u015bci, oferuj\u0105c komfort du\u017cego ekranu i ogromn\u0105 ilo\u015b\u0107 pami\u0119ci operacyjnej, by sprosta\u0107 najbardziej intensywnym dniom pracy.<\/p>\n<p>Sercem urz\u0105dzenia jest wydajny procesor Intel\u00ae Core\u2122 Ultra 5 238V z grafik\u0105 Intel\u00ae Arc\u2122, ale jego prawdziw\u0105 si\u0142\u0105 jest po\u0142\u0105czenie go z a\u017c 32 GB pami\u0119ci RAM LPDDR5x. Taka konfiguracja sprawia, \u017ce mo\u017cesz bez obaw o spowolnienia pracowa\u0107 z rozbudowanymi projektami, zaawansowanymi arkuszami kalkulacyjnymi i specjalistycznym oprogramowaniem. Szybki dysk SSD o pojemno\u015bci 256 GB (PCIe 4.0) gwarantuje b\u0142yskawiczne dzia\u0142anie systemu i kluczowych aplikacji, a reszt\u0119 danych mo\u017cna wygodnie przechowywa\u0107 w chmurze lub na zewn\u0119trznych no\u015bnikach.<\/p>\n<p>Du\u017cy, 15-calowy ekran dotykowy PixelSense\u2122 Flow o wysokiej rozdzielczo\u015bci 2496 x 1664 (201 PPI) oferuje ogromn\u0105 przestrze\u0144 robocz\u0105, kt\u00f3ra jest niezb\u0119dna do efektywnej pracy z wieloma oknami. Proporcje 3:2 to wi\u0119cej miejsca w pionie, co u\u0142atwia analiz\u0119 danych. Dynamiczne od\u015bwie\u017canie do 120Hz sprawia, \u017ce ka\u017cda interakcja jest p\u0142ynna, a technologia Dolby Vision IQ\u2122 zapewnia doskona\u0142e odwzorowanie kolor\u00f3w. Wytrzyma\u0142e szk\u0142o Corning\u00ae Gorilla\u00ae Glass 5 chroni ten doskona\u0142y wy\u015bwietlacz.<\/p>\n<p>Do\u015bwiadcz niezr\u00f3wnanego komfortu pisania dzi\u0119ki legendarnej ju\u017c klawiaturze Surface, kt\u00f3ra zapewnia idealny skok i responsywno\u015b\u0107. Obszerny, precyzyjny g\u0142adzik u\u0142atwia nawigacj\u0119 i precyzyjne operacje. Mimo ogromnej mocy, laptop zachowuje smuk\u0142y i profesjonalny wygl\u0105d dzi\u0119ki obudowie z anodyzowanego aluminium. 10-punktowy ekran dotykowy oraz kompatybilno\u015b\u0107 z pi\u00f3rem Microsoft Surface Slim Pen 2 (sprzedawanym osobno) pozwalaj\u0105 na jeszcze wi\u0119ksz\u0105 swobod\u0119 w interakcji z urz\u0105dzeniem.<\/p>\n<p>Bezpiecze\u0144stwo klasy enterprise jest zapewnione przez modu\u0142 TPM 2.0 i szybkie, bezpieczne logowanie za pomoc\u0105 rozpoznawania twarzy w systemie Windows Hello. Zabezpieczony rdze\u0144 PC (Secured-core PC) to gwarancja ochrony na najwy\u017cszym poziomie, od sprz\u0119tu po chmur\u0119, co jest kluczowe przy pracy z wra\u017cliwymi danymi i w\u0142asno\u015bci\u0105 intelektualn\u0105.<\/p>\n<p>Laptop oferuje pe\u0142en zakres \u0142\u0105czno\u015bci biznesowej: Wi-Fi 6E, Bluetooth\u00ae 5.4 oraz porty, w tym USB-C\u00ae z obs\u0142ug\u0105 Thunderbolt\u2122 4 i USB-A, co pozwala na \u0142atwe pod\u0142\u0105czenie wielu monitor\u00f3w i akcesori\u00f3w bez potrzeby stosowania przej\u015bci\u00f3wek. Ta wszechstronno\u015b\u0107 sprawia, \u017ce laptop z \u0142atwo\u015bci\u0105 mo\u017ce sta\u0107 si\u0119 sercem Twojego biurka.<\/p>\n<p>Kamera Surface Studio o jako\u015bci Full HD (1080p) i dwa mikrofony studyjne dalekiego zasi\u0119gu zapewniaj\u0105 profesjonaln\u0105 jako\u015b\u0107 wideokonferencji. Immersyjny d\u017awi\u0119k Omnisonic\u00ae z Dolby\u00ae Atmos\u00ae dostarcza czystego i bogatego brzmienia. Dedykowany klawisz Copilot zapewnia natychmiastowy dost\u0119p do inteligentnego asystenta, kt\u00f3ry pomo\u017ce Ci pracowa\u0107 m\u0105drzej i szybciej.<\/p>\n","protected":false},"excerpt":{"rendered":"<p>Microsoft Surface Laptop 7 15\u201d EP2-21363 to idealne narz\u0119dzie dla analityk\u00f3w, badaczy i mened\u017cer\u00f3w projekt\u00f3w, dla kt\u00f3rych praca z wieloma programami, przegl\u0105dark\u0105 z dziesi\u0105tkami otwartych kart i du\u017cymi plikami jest codzienno\u015bci\u0105. Ten laptop w eleganckiej, platynowej obudowie zosta\u0142 skonfigurowany z my\u015bl\u0105 o absolutnej p\u0142ynno\u015bci w wielozadaniowo\u015bci, oferuj\u0105c komfort du\u017cego ekranu i ogromn\u0105 ilo\u015b\u0107 pami\u0119ci operacyjnej, [&hellip;]<\/p>\n","protected":false},"featured_media":19152,"template":"","meta":{"site-sidebar-layout":"default","site-content-layout":"","ast-site-content-layout":"default","site-content-style":"default","site-sidebar-style":"default","ast-global-header-display":"","ast-banner-title-visibility":"","ast-main-header-display":"","ast-hfb-above-header-display":"","ast-hfb-below-header-display":"","ast-hfb-mobile-header-display":"","site-post-title":"","ast-breadcrumbs-content":"","ast-featured-img":"","footer-sml-layout":"","ast-disable-related-posts":"","theme-transparent-header-meta":"default","adv-header-id-meta":"","stick-header-meta":"","header-above-stick-meta":"","header-main-stick-meta":"","header-below-stick-meta":"","astra-migrate-meta-layouts":"set","ast-page-background-enabled":"default","ast-page-background-meta":{"desktop":{"background-color":"","background-image":"","background-repeat":"repeat","background-position":"center center","background-size":"auto","background-attachment":"scroll","background-type":"","background-media":"","overlay-type":"","overlay-color":"","overlay-opacity":"","overlay-gradient":""},"tablet":{"background-color":"","background-image":"","background-repeat":"repeat","background-position":"center center","background-size":"auto","background-attachment":"scroll","background-type":"","background-media":"","overlay-type":"","overlay-color":"","overlay-opacity":"","overlay-gradient":""},"mobile":{"background-color":"","background-image":"","background-repeat":"repeat","background-position":"center center","background-size":"auto","background-attachment":"scroll","background-type":"","background-media":"","overlay-type":"","overlay-color":"","overlay-opacity":"","overlay-gradient":""}},"ast-content-background-meta":{"desktop":{"background-color":"var(--ast-global-color-5)","background-image":"","background-repeat":"repeat","background-position":"center center","background-size":"auto","background-attachment":"scroll","background-type":"","background-media":"","overlay-type":"","overlay-color":"","overlay-opacity":"","overlay-gradient":""},"tablet":{"background-color":"var(--ast-global-color-5)","background-image":"","background-repeat":"repeat","background-position":"center center","background-size":"auto","background-attachment":"scroll","background-type":"","background-media":"","overlay-type":"","overlay-color":"","overlay-opacity":"","overlay-gradient":""},"mobile":{"background-color":"var(--ast-global-color-5)","background-image":"","background-repeat":"repeat","background-position":"center center","background-size":"auto","background-attachment":"scroll","background-type":"","background-media":"","overlay-type":"","overlay-color":"","overlay-opacity":"","overlay-gradient":""}},"_links_to":"","_links_to_target":""},"product_brand":[],"product_cat":[70,315],"product_tag":[],"class_list":{"0":"post-18703","1":"product","2":"type-product","3":"status-publish","4":"has-post-thumbnail","6":"product_cat-laptopy-microsoft-surface","7":"product_cat-microsoft-surface-laptop-7","8":"pa_dodatkowe-komponenty-wifi","9":"pa_matryca-43","10":"pa_model-procesora-ultra-5-238v","11":"pa_pamiec-ram-32gb","12":"pa_pojemnosc-dysku-256gb","13":"pa_producent-procesora-intel","14":"desktop-align-left","15":"tablet-align-left","16":"mobile-align-left","18":"first","19":"instock","20":"taxable","21":"shipping-taxable","22":"purchasable","23":"product-type-simple"},"yoast_head":"<!-- This site is optimized with the Yoast SEO plugin v26.7 - https:\/\/yoast.com\/wordpress\/plugins\/seo\/ -->\n<title>Microsoft Surface Laptop 7 15&#039;&#039; EP2-21363 Ultra 5 238V\/32GB\/256GB\/15&quot;\/WiFi\/Platynowy - Sklep rozwi\u0105za\u0144 Microsoft Surface<\/title>\n<meta name=\"description\" content=\"Surface Laptop 7 \u2013 nowoczesny laptop z ekranem dotykowym, \u0142\u0105czno\u015bci\u0105 5G i moc\u0105 AI. Wybierz mobilno\u015b\u0107 i styl. Kup ju\u017c dzi\u015b z szybk\u0105 dostaw\u0105!\" \/>\n<meta name=\"robots\" content=\"index, follow, max-snippet:-1, max-image-preview:large, max-video-preview:-1\" \/>\n<link rel=\"canonical\" href=\"https:\/\/polsoft.pl\/microsoft-surface\/produkt\/microsoft-surface-laptop-7-15-ep2-21363-ultra-5-238v-32gb-256gb-15-wifi-platynowy\/\" \/>\n<meta property=\"og:locale\" content=\"pl_PL\" \/>\n<meta property=\"og:type\" content=\"article\" \/>\n<meta property=\"og:title\" content=\"Microsoft Surface Laptop 7 15&#039;&#039; EP2-21363 Ultra 5 238V\/32GB\/256GB\/15&quot;\/WiFi\/Platynowy - Sklep rozwi\u0105za\u0144 Microsoft Surface\" \/>\n<meta property=\"og:description\" content=\"Surface Laptop 7 \u2013 nowoczesny laptop z ekranem dotykowym, \u0142\u0105czno\u015bci\u0105 5G i moc\u0105 AI. Wybierz mobilno\u015b\u0107 i styl. Kup ju\u017c dzi\u015b z szybk\u0105 dostaw\u0105!\" \/>\n<meta property=\"og:url\" content=\"https:\/\/polsoft.pl\/microsoft-surface\/produkt\/microsoft-surface-laptop-7-15-ep2-21363-ultra-5-238v-32gb-256gb-15-wifi-platynowy\/\" \/>\n<meta property=\"og:site_name\" content=\"Sklep rozwi\u0105za\u0144 Microsoft Surface\" \/>\n<meta property=\"article:modified_time\" content=\"2026-01-23T11:46:31+00:00\" \/>\n<meta property=\"og:image\" content=\"https:\/\/polsoft.pl\/microsoft-surface\/wp-content\/uploads\/2025\/06\/Microsoft-Surface-Laptop-7-EP2-21363-2.jpg\" \/>\n\t<meta property=\"og:image:width\" content=\"1608\" \/>\n\t<meta property=\"og:image:height\" content=\"1608\" \/>\n\t<meta property=\"og:image:type\" content=\"image\/jpeg\" \/>\n<meta name=\"twitter:card\" content=\"summary_large_image\" \/>\n<meta name=\"twitter:label1\" content=\"Szacowany czas czytania\" \/>\n\t<meta name=\"twitter:data1\" content=\"3 minuty\" \/>\n<script type=\"application\/ld+json\" class=\"yoast-schema-graph\">{\"@context\":\"https:\/\/schema.org\",\"@graph\":[{\"@type\":\"WebPage\",\"@id\":\"https:\/\/polsoft.pl\/microsoft-surface\/produkt\/microsoft-surface-laptop-7-15-ep2-21363-ultra-5-238v-32gb-256gb-15-wifi-platynowy\/\",\"url\":\"https:\/\/polsoft.pl\/microsoft-surface\/produkt\/microsoft-surface-laptop-7-15-ep2-21363-ultra-5-238v-32gb-256gb-15-wifi-platynowy\/\",\"name\":\"Microsoft Surface Laptop 7 15'' EP2-21363 Ultra 5 238V\/32GB\/256GB\/15\\\"\/WiFi\/Platynowy - Sklep rozwi\u0105za\u0144 Microsoft Surface\",\"isPartOf\":{\"@id\":\"https:\/\/polsoft.pl\/microsoft-surface\/#website\"},\"primaryImageOfPage\":{\"@id\":\"https:\/\/polsoft.pl\/microsoft-surface\/produkt\/microsoft-surface-laptop-7-15-ep2-21363-ultra-5-238v-32gb-256gb-15-wifi-platynowy\/#primaryimage\"},\"image\":{\"@id\":\"https:\/\/polsoft.pl\/microsoft-surface\/produkt\/microsoft-surface-laptop-7-15-ep2-21363-ultra-5-238v-32gb-256gb-15-wifi-platynowy\/#primaryimage\"},\"thumbnailUrl\":\"https:\/\/www.polsoft.pl\/microsoft-surface\/wp-content\/uploads\/2025\/06\/Microsoft-Surface-Laptop-7-EP2-21363-2.jpg\",\"datePublished\":\"2025-03-21T11:21:36+00:00\",\"dateModified\":\"2026-01-23T11:46:31+00:00\",\"description\":\"Surface Laptop 7 \u2013 nowoczesny laptop z ekranem dotykowym, \u0142\u0105czno\u015bci\u0105 5G i moc\u0105 AI. Wybierz mobilno\u015b\u0107 i styl. Kup ju\u017c dzi\u015b z szybk\u0105 dostaw\u0105!\",\"breadcrumb\":{\"@id\":\"https:\/\/polsoft.pl\/microsoft-surface\/produkt\/microsoft-surface-laptop-7-15-ep2-21363-ultra-5-238v-32gb-256gb-15-wifi-platynowy\/#breadcrumb\"},\"inLanguage\":\"pl-PL\",\"potentialAction\":[{\"@type\":\"ReadAction\",\"target\":[\"https:\/\/polsoft.pl\/microsoft-surface\/produkt\/microsoft-surface-laptop-7-15-ep2-21363-ultra-5-238v-32gb-256gb-15-wifi-platynowy\/\"]}]},{\"@type\":\"ImageObject\",\"inLanguage\":\"pl-PL\",\"@id\":\"https:\/\/polsoft.pl\/microsoft-surface\/produkt\/microsoft-surface-laptop-7-15-ep2-21363-ultra-5-238v-32gb-256gb-15-wifi-platynowy\/#primaryimage\",\"url\":\"https:\/\/www.polsoft.pl\/microsoft-surface\/wp-content\/uploads\/2025\/06\/Microsoft-Surface-Laptop-7-EP2-21363-2.jpg\",\"contentUrl\":\"https:\/\/www.polsoft.pl\/microsoft-surface\/wp-content\/uploads\/2025\/06\/Microsoft-Surface-Laptop-7-EP2-21363-2.jpg\",\"width\":1608,\"height\":1608},{\"@type\":\"BreadcrumbList\",\"@id\":\"https:\/\/polsoft.pl\/microsoft-surface\/produkt\/microsoft-surface-laptop-7-15-ep2-21363-ultra-5-238v-32gb-256gb-15-wifi-platynowy\/#breadcrumb\",\"itemListElement\":[{\"@type\":\"ListItem\",\"position\":1,\"name\":\"Strona g\u0142\u00f3wna\",\"item\":\"https:\/\/polsoft.pl\/microsoft-surface\/\"},{\"@type\":\"ListItem\",\"position\":2,\"name\":\"Sklep\",\"item\":\"https:\/\/polsoft.pl\/microsoft-surface\/sklep\/\"},{\"@type\":\"ListItem\",\"position\":3,\"name\":\"Microsoft Surface Laptop 7 15&#8221; EP2-21363 Ultra 5 238V\/32GB\/256GB\/15&#8243;\/WiFi\/Platynowy\"}]},{\"@type\":\"WebSite\",\"@id\":\"https:\/\/polsoft.pl\/microsoft-surface\/#website\",\"url\":\"https:\/\/polsoft.pl\/microsoft-surface\/\",\"name\":\"Sklep Microsoft Surface\",\"description\":\"Sklep Microsoft Surface\",\"publisher\":{\"@id\":\"https:\/\/polsoft.pl\/microsoft-surface\/#organization\"},\"potentialAction\":[{\"@type\":\"SearchAction\",\"target\":{\"@type\":\"EntryPoint\",\"urlTemplate\":\"https:\/\/polsoft.pl\/microsoft-surface\/?s={search_term_string}\"},\"query-input\":{\"@type\":\"PropertyValueSpecification\",\"valueRequired\":true,\"valueName\":\"search_term_string\"}}],\"inLanguage\":\"pl-PL\"},{\"@type\":\"Organization\",\"@id\":\"https:\/\/polsoft.pl\/microsoft-surface\/#organization\",\"name\":\"Polsoft Engineering Sp. z o.o.\",\"url\":\"https:\/\/polsoft.pl\/microsoft-surface\/\",\"logo\":{\"@type\":\"ImageObject\",\"inLanguage\":\"pl-PL\",\"@id\":\"https:\/\/polsoft.pl\/microsoft-surface\/#\/schema\/logo\/image\/\",\"url\":\"https:\/\/www.polsoft.pl\/microsoft-surface\/wp-content\/uploads\/2020\/10\/microsoft_partner_logo_black_polsoft.png\",\"contentUrl\":\"https:\/\/www.polsoft.pl\/microsoft-surface\/wp-content\/uploads\/2020\/10\/microsoft_partner_logo_black_polsoft.png\",\"width\":613,\"height\":158,\"caption\":\"Polsoft Engineering Sp. z o.o.\"},\"image\":{\"@id\":\"https:\/\/polsoft.pl\/microsoft-surface\/#\/schema\/logo\/image\/\"}}]}<\/script>\n<!-- \/ Yoast SEO plugin. -->","yoast_head_json":{"title":"Microsoft Surface Laptop 7 15'' EP2-21363 Ultra 5 238V\/32GB\/256GB\/15\"\/WiFi\/Platynowy - Sklep rozwi\u0105za\u0144 Microsoft Surface","description":"Surface Laptop 7 \u2013 nowoczesny laptop z ekranem dotykowym, \u0142\u0105czno\u015bci\u0105 5G i moc\u0105 AI. Wybierz mobilno\u015b\u0107 i styl. Kup ju\u017c dzi\u015b z szybk\u0105 dostaw\u0105!","robots":{"index":"index","follow":"follow","max-snippet":"max-snippet:-1","max-image-preview":"max-image-preview:large","max-video-preview":"max-video-preview:-1"},"canonical":"https:\/\/polsoft.pl\/microsoft-surface\/produkt\/microsoft-surface-laptop-7-15-ep2-21363-ultra-5-238v-32gb-256gb-15-wifi-platynowy\/","og_locale":"pl_PL","og_type":"article","og_title":"Microsoft Surface Laptop 7 15'' EP2-21363 Ultra 5 238V\/32GB\/256GB\/15\"\/WiFi\/Platynowy - Sklep rozwi\u0105za\u0144 Microsoft Surface","og_description":"Surface Laptop 7 \u2013 nowoczesny laptop z ekranem dotykowym, \u0142\u0105czno\u015bci\u0105 5G i moc\u0105 AI. Wybierz mobilno\u015b\u0107 i styl. Kup ju\u017c dzi\u015b z szybk\u0105 dostaw\u0105!","og_url":"https:\/\/polsoft.pl\/microsoft-surface\/produkt\/microsoft-surface-laptop-7-15-ep2-21363-ultra-5-238v-32gb-256gb-15-wifi-platynowy\/","og_site_name":"Sklep rozwi\u0105za\u0144 Microsoft Surface","article_modified_time":"2026-01-23T11:46:31+00:00","og_image":[{"width":1608,"height":1608,"url":"https:\/\/polsoft.pl\/microsoft-surface\/wp-content\/uploads\/2025\/06\/Microsoft-Surface-Laptop-7-EP2-21363-2.jpg","type":"image\/jpeg"}],"twitter_card":"summary_large_image","twitter_misc":{"Szacowany czas czytania":"3 minuty"},"schema":{"@context":"https:\/\/schema.org","@graph":[{"@type":"WebPage","@id":"https:\/\/polsoft.pl\/microsoft-surface\/produkt\/microsoft-surface-laptop-7-15-ep2-21363-ultra-5-238v-32gb-256gb-15-wifi-platynowy\/","url":"https:\/\/polsoft.pl\/microsoft-surface\/produkt\/microsoft-surface-laptop-7-15-ep2-21363-ultra-5-238v-32gb-256gb-15-wifi-platynowy\/","name":"Microsoft Surface Laptop 7 15'' EP2-21363 Ultra 5 238V\/32GB\/256GB\/15\"\/WiFi\/Platynowy - Sklep rozwi\u0105za\u0144 Microsoft Surface","isPartOf":{"@id":"https:\/\/polsoft.pl\/microsoft-surface\/#website"},"primaryImageOfPage":{"@id":"https:\/\/polsoft.pl\/microsoft-surface\/produkt\/microsoft-surface-laptop-7-15-ep2-21363-ultra-5-238v-32gb-256gb-15-wifi-platynowy\/#primaryimage"},"image":{"@id":"https:\/\/polsoft.pl\/microsoft-surface\/produkt\/microsoft-surface-laptop-7-15-ep2-21363-ultra-5-238v-32gb-256gb-15-wifi-platynowy\/#primaryimage"},"thumbnailUrl":"https:\/\/www.polsoft.pl\/microsoft-surface\/wp-content\/uploads\/2025\/06\/Microsoft-Surface-Laptop-7-EP2-21363-2.jpg","datePublished":"2025-03-21T11:21:36+00:00","dateModified":"2026-01-23T11:46:31+00:00","description":"Surface Laptop 7 \u2013 nowoczesny laptop z ekranem dotykowym, \u0142\u0105czno\u015bci\u0105 5G i moc\u0105 AI. Wybierz mobilno\u015b\u0107 i styl. Kup ju\u017c dzi\u015b z szybk\u0105 dostaw\u0105!","breadcrumb":{"@id":"https:\/\/polsoft.pl\/microsoft-surface\/produkt\/microsoft-surface-laptop-7-15-ep2-21363-ultra-5-238v-32gb-256gb-15-wifi-platynowy\/#breadcrumb"},"inLanguage":"pl-PL","potentialAction":[{"@type":"ReadAction","target":["https:\/\/polsoft.pl\/microsoft-surface\/produkt\/microsoft-surface-laptop-7-15-ep2-21363-ultra-5-238v-32gb-256gb-15-wifi-platynowy\/"]}]},{"@type":"ImageObject","inLanguage":"pl-PL","@id":"https:\/\/polsoft.pl\/microsoft-surface\/produkt\/microsoft-surface-laptop-7-15-ep2-21363-ultra-5-238v-32gb-256gb-15-wifi-platynowy\/#primaryimage","url":"https:\/\/www.polsoft.pl\/microsoft-surface\/wp-content\/uploads\/2025\/06\/Microsoft-Surface-Laptop-7-EP2-21363-2.jpg","contentUrl":"https:\/\/www.polsoft.pl\/microsoft-surface\/wp-content\/uploads\/2025\/06\/Microsoft-Surface-Laptop-7-EP2-21363-2.jpg","width":1608,"height":1608},{"@type":"BreadcrumbList","@id":"https:\/\/polsoft.pl\/microsoft-surface\/produkt\/microsoft-surface-laptop-7-15-ep2-21363-ultra-5-238v-32gb-256gb-15-wifi-platynowy\/#breadcrumb","itemListElement":[{"@type":"ListItem","position":1,"name":"Strona g\u0142\u00f3wna","item":"https:\/\/polsoft.pl\/microsoft-surface\/"},{"@type":"ListItem","position":2,"name":"Sklep","item":"https:\/\/polsoft.pl\/microsoft-surface\/sklep\/"},{"@type":"ListItem","position":3,"name":"Microsoft Surface Laptop 7 15&#8221; EP2-21363 Ultra 5 238V\/32GB\/256GB\/15&#8243;\/WiFi\/Platynowy"}]},{"@type":"WebSite","@id":"https:\/\/polsoft.pl\/microsoft-surface\/#website","url":"https:\/\/polsoft.pl\/microsoft-surface\/","name":"Sklep Microsoft Surface","description":"Sklep Microsoft Surface","publisher":{"@id":"https:\/\/polsoft.pl\/microsoft-surface\/#organization"},"potentialAction":[{"@type":"SearchAction","target":{"@type":"EntryPoint","urlTemplate":"https:\/\/polsoft.pl\/microsoft-surface\/?s={search_term_string}"},"query-input":{"@type":"PropertyValueSpecification","valueRequired":true,"valueName":"search_term_string"}}],"inLanguage":"pl-PL"},{"@type":"Organization","@id":"https:\/\/polsoft.pl\/microsoft-surface\/#organization","name":"Polsoft Engineering Sp. z o.o.","url":"https:\/\/polsoft.pl\/microsoft-surface\/","logo":{"@type":"ImageObject","inLanguage":"pl-PL","@id":"https:\/\/polsoft.pl\/microsoft-surface\/#\/schema\/logo\/image\/","url":"https:\/\/www.polsoft.pl\/microsoft-surface\/wp-content\/uploads\/2020\/10\/microsoft_partner_logo_black_polsoft.png","contentUrl":"https:\/\/www.polsoft.pl\/microsoft-surface\/wp-content\/uploads\/2020\/10\/microsoft_partner_logo_black_polsoft.png","width":613,"height":158,"caption":"Polsoft Engineering Sp. z o.o."},"image":{"@id":"https:\/\/polsoft.pl\/microsoft-surface\/#\/schema\/logo\/image\/"}}]}},"_links":{"self":[{"href":"https:\/\/www.polsoft.pl\/microsoft-surface\/wp-json\/wp\/v2\/product\/18703","targetHints":{"allow":["GET"]}}],"collection":[{"href":"https:\/\/www.polsoft.pl\/microsoft-surface\/wp-json\/wp\/v2\/product"}],"about":[{"href":"https:\/\/www.polsoft.pl\/microsoft-surface\/wp-json\/wp\/v2\/types\/product"}],"version-history":[{"count":4,"href":"https:\/\/www.polsoft.pl\/microsoft-surface\/wp-json\/wp\/v2\/product\/18703\/revisions"}],"predecessor-version":[{"id":19189,"href":"https:\/\/www.polsoft.pl\/microsoft-surface\/wp-json\/wp\/v2\/product\/18703\/revisions\/19189"}],"wp:featuredmedia":[{"embeddable":true,"href":"https:\/\/www.polsoft.pl\/microsoft-surface\/wp-json\/wp\/v2\/media\/19152"}],"wp:attachment":[{"href":"https:\/\/www.polsoft.pl\/microsoft-surface\/wp-json\/wp\/v2\/media?parent=18703"}],"wp:term":[{"taxonomy":"product_brand","embeddable":true,"href":"https:\/\/www.polsoft.pl\/microsoft-surface\/wp-json\/wp\/v2\/product_brand?post=18703"},{"taxonomy":"product_cat","embeddable":true,"href":"https:\/\/www.polsoft.pl\/microsoft-surface\/wp-json\/wp\/v2\/product_cat?post=18703"},{"taxonomy":"product_tag","embeddable":true,"href":"https:\/\/www.polsoft.pl\/microsoft-surface\/wp-json\/wp\/v2\/product_tag?post=18703"}],"curies":[{"name":"wp","href":"https:\/\/api.w.org\/{rel}","templated":true}]}}