{"id":18736,"date":"2025-03-21T12:21:46","date_gmt":"2025-03-21T11:21:46","guid":{"rendered":"https:\/\/polsoft.pl\/microsoft-surface\/produkt\/microsoft-surface-laptop-7-15-ep2-22757-ultra-7-266v-16gb-256gb-15-wifi-czarny\/"},"modified":"2026-01-23T12:46:42","modified_gmt":"2026-01-23T11:46:42","slug":"microsoft-surface-laptop-7-15-ep2-22757-ultra-7-266v-16gb-256gb-15-wifi-czarny","status":"publish","type":"product","link":"https:\/\/www.polsoft.pl\/microsoft-surface\/produkt\/microsoft-surface-laptop-7-15-ep2-22757-ultra-7-266v-16gb-256gb-15-wifi-czarny\/","title":{"rendered":"Microsoft Surface Laptop 7 15&#8221; EP2-22757 Ultra 7 266V\/16GB\/256GB\/15&#8243;\/WiFi\/Czarny"},"content":{"rendered":"<p>Microsoft Surface Laptop 7 15\u201d EP2-22757 w eleganckiej, czarnej obudowie, to wydajne narz\u0119dzie pracy, kt\u00f3re \u0142\u0105czy moc procesora z serii Ultra 7 z komfortem du\u017cego, 15-calowego wy\u015bwietlacza. Jest to doskona\u0142y wyb\u00f3r dla profesjonalist\u00f3w i tw\u00f3rc\u00f3w, kt\u00f3rzy potrzebuj\u0105 niezawodnej mocy do codziennych, wymagaj\u0105cych zada\u0144, pracuj\u0105c g\u0142\u00f3wnie z danymi w chmurze lub na serwerach, a jednocze\u015bnie ceni\u0105 sobie minimalistyczny i nowoczesny design swojego sprz\u0119tu.<\/p>\n<p>Dzi\u0119ki pot\u0119\u017cnemu procesorowi Intel\u00ae Core\u2122 Ultra 7 266V oraz zintegrowanej grafice Intel\u00ae Arc\u2122 Graphics, laptop ten zapewnia wysok\u0105 wydajno\u015b\u0107, kt\u00f3ra sprosta wymagaj\u0105cym zadaniom, takim jak obr\u00f3bka zdj\u0119\u0107 w wysokiej rozdzielczo\u015bci, praca z wieloma warstwami w programach graficznych czy zaawansowana wielozadaniowo\u015b\u0107. Wspierany przez 16 GB szybkiej pami\u0119ci RAM LPDDR5x, zapewnia p\u0142ynno\u015b\u0107 dzia\u0142ania i responsywno\u015b\u0107 systemu. Szybki dysk SSD o pojemno\u015bci 256 GB (PCIe 4.0) gwarantuje b\u0142yskawiczne uruchamianie systemu i kluczowych aplikacji.<\/p>\n<p>Przestronny, 15-calowy ekran dotykowy PixelSense\u2122 Flow o wysokiej rozdzielczo\u015bci 2496 x 1664 (201 PPI) to idealne p\u0142\u00f3tno dla Twojej pracy. Proporcje 3:2 to wi\u0119cej miejsca w pionie, co u\u0142atwia prac\u0119 z d\u0142ugimi dokumentami i stronami internetowymi. Technologia Dolby Vision IQ\u2122 zapewnia \u017cywe i precyzyjne kolory, a dynamiczne od\u015bwie\u017canie do 120Hz czyni ka\u017cd\u0105 interakcj\u0119 niezwykle p\u0142ynn\u0105. Ochron\u0119 przed zarysowaniami gwarantuje wytrzyma\u0142e szk\u0142o Corning\u00ae Gorilla\u00ae Glass 5.<\/p>\n<p>Ergonomiczna i cicha klawiatura pozwala na komfortowe pisanie przez ca\u0142y dzie\u0144, a du\u017cy, precyzyjny g\u0142adzik u\u0142atwia nawigacj\u0119. Mo\u017cliwo\u015b\u0107 obs\u0142ugi dotykowej oraz kompatybilno\u015b\u0107 z pi\u00f3rem Microsoft Surface Slim Pen 2 (sprzedawanym osobno) dodatkowo zwi\u0119ksza wszechstronno\u015b\u0107 urz\u0105dzenia, u\u0142atwiaj\u0105c prac\u0119 z dokumentami i nanoszenie odr\u0119cznych notatek podczas spotka\u0144.<\/p>\n<p>Twoje dane s\u0105 chronione przez zaawansowany modu\u0142 TPM 2.0 oraz szybkie i wygodne logowanie za pomoc\u0105 twarzy w systemie Windows Hello. Zabezpieczenia na poziomie sprz\u0119towym i systemowym daj\u0105 pewno\u015b\u0107, \u017ce Twoje dane s\u0105 chronione przed nieautoryzowanym dost\u0119pem.<\/p>\n<p>Wszechstronne opcje \u0142\u0105czno\u015bci, w tym Wi-Fi 6E, Bluetooth\u00ae 5.4 oraz dwa porty USB-C\u00ae z obs\u0142ug\u0105 USB 4 i Thunderbolt\u2122 4, zapewniaj\u0105 \u0142atw\u0105 integracj\u0119 z dowolnym \u015brodowiskiem pracy i wszystkimi niezb\u0119dnymi akcesoriami, od monitor\u00f3w po szybkie dyski.<\/p>\n<p>Wysokiej jako\u015bci kamera Surface Studio (1080p) i dwa mikrofony studyjne gwarantuj\u0105, \u017ce Twoje spotkania online b\u0119d\u0105 zawsze przebiega\u0107 bez zak\u0142\u00f3ce\u0144, z czystym obrazem i d\u017awi\u0119kiem. G\u0142o\u015bniki Omnisonic\u00ae z Dolby\u00ae Atmos\u00ae zapewniaj\u0105 doskona\u0142\u0105 jako\u015b\u0107 audio, kt\u00f3ra o\u017cywi Twoje prezentacje i multimedia. Wbudowany asystent Copilot jest zawsze pod r\u0119k\u0105, aby pom\u00f3c w organizacji dnia, odpowiedzie\u0107 na pytania i przyspieszy\u0107 realizacj\u0119 zada\u0144.<\/p>\n","protected":false},"excerpt":{"rendered":"<p>Microsoft Surface Laptop 7 15\u201d EP2-22757 w eleganckiej, czarnej obudowie, to wydajne narz\u0119dzie pracy, kt\u00f3re \u0142\u0105czy moc procesora z serii Ultra 7 z komfortem du\u017cego, 15-calowego wy\u015bwietlacza. Jest to doskona\u0142y wyb\u00f3r dla profesjonalist\u00f3w i tw\u00f3rc\u00f3w, kt\u00f3rzy potrzebuj\u0105 niezawodnej mocy do codziennych, wymagaj\u0105cych zada\u0144, pracuj\u0105c g\u0142\u00f3wnie z danymi w chmurze lub na serwerach, a jednocze\u015bnie ceni\u0105 [&hellip;]<\/p>\n","protected":false},"featured_media":19025,"template":"","meta":{"site-sidebar-layout":"default","site-content-layout":"","ast-site-content-layout":"default","site-content-style":"default","site-sidebar-style":"default","ast-global-header-display":"","ast-banner-title-visibility":"","ast-main-header-display":"","ast-hfb-above-header-display":"","ast-hfb-below-header-display":"","ast-hfb-mobile-header-display":"","site-post-title":"","ast-breadcrumbs-content":"","ast-featured-img":"","footer-sml-layout":"","ast-disable-related-posts":"","theme-transparent-header-meta":"default","adv-header-id-meta":"","stick-header-meta":"","header-above-stick-meta":"","header-main-stick-meta":"","header-below-stick-meta":"","astra-migrate-meta-layouts":"set","ast-page-background-enabled":"default","ast-page-background-meta":{"desktop":{"background-color":"","background-image":"","background-repeat":"repeat","background-position":"center center","background-size":"auto","background-attachment":"scroll","background-type":"","background-media":"","overlay-type":"","overlay-color":"","overlay-opacity":"","overlay-gradient":""},"tablet":{"background-color":"","background-image":"","background-repeat":"repeat","background-position":"center center","background-size":"auto","background-attachment":"scroll","background-type":"","background-media":"","overlay-type":"","overlay-color":"","overlay-opacity":"","overlay-gradient":""},"mobile":{"background-color":"","background-image":"","background-repeat":"repeat","background-position":"center center","background-size":"auto","background-attachment":"scroll","background-type":"","background-media":"","overlay-type":"","overlay-color":"","overlay-opacity":"","overlay-gradient":""}},"ast-content-background-meta":{"desktop":{"background-color":"var(--ast-global-color-5)","background-image":"","background-repeat":"repeat","background-position":"center center","background-size":"auto","background-attachment":"scroll","background-type":"","background-media":"","overlay-type":"","overlay-color":"","overlay-opacity":"","overlay-gradient":""},"tablet":{"background-color":"var(--ast-global-color-5)","background-image":"","background-repeat":"repeat","background-position":"center center","background-size":"auto","background-attachment":"scroll","background-type":"","background-media":"","overlay-type":"","overlay-color":"","overlay-opacity":"","overlay-gradient":""},"mobile":{"background-color":"var(--ast-global-color-5)","background-image":"","background-repeat":"repeat","background-position":"center center","background-size":"auto","background-attachment":"scroll","background-type":"","background-media":"","overlay-type":"","overlay-color":"","overlay-opacity":"","overlay-gradient":""}},"_links_to":"","_links_to_target":""},"product_brand":[],"product_cat":[70,315],"product_tag":[],"class_list":{"0":"post-18736","1":"product","2":"type-product","3":"status-publish","4":"has-post-thumbnail","6":"product_cat-laptopy-microsoft-surface","7":"product_cat-microsoft-surface-laptop-7","8":"pa_dodatkowe-komponenty-wifi","9":"pa_matryca-43","10":"pa_model-procesora-ultra-7-266v","11":"pa_pamiec-ram-16gb","12":"pa_pojemnosc-dysku-256gb","13":"pa_producent-procesora-intel","14":"desktop-align-left","15":"tablet-align-left","16":"mobile-align-left","18":"first","19":"instock","20":"taxable","21":"shipping-taxable","22":"purchasable","23":"product-type-simple"},"yoast_head":"<!-- This site is optimized with the Yoast SEO plugin v26.7 - https:\/\/yoast.com\/wordpress\/plugins\/seo\/ -->\n<title>Microsoft Surface Laptop 7 15&#039;&#039; EP2-22757 Ultra 7 266V\/16GB\/256GB\/15&quot;\/WiFi\/Czarny - Sklep rozwi\u0105za\u0144 Microsoft Surface<\/title>\n<meta name=\"description\" content=\"Surface Laptop 7 \u2013 nowoczesny laptop z ekranem dotykowym, \u0142\u0105czno\u015bci\u0105 5G i moc\u0105 AI. Wybierz mobilno\u015b\u0107 i styl. Kup ju\u017c dzi\u015b z szybk\u0105 dostaw\u0105!\" \/>\n<meta name=\"robots\" content=\"index, follow, max-snippet:-1, max-image-preview:large, max-video-preview:-1\" \/>\n<link rel=\"canonical\" href=\"https:\/\/polsoft.pl\/microsoft-surface\/produkt\/microsoft-surface-laptop-7-15-ep2-22757-ultra-7-266v-16gb-256gb-15-wifi-czarny\/\" \/>\n<meta property=\"og:locale\" content=\"pl_PL\" \/>\n<meta property=\"og:type\" content=\"article\" \/>\n<meta property=\"og:title\" content=\"Microsoft Surface Laptop 7 15&#039;&#039; EP2-22757 Ultra 7 266V\/16GB\/256GB\/15&quot;\/WiFi\/Czarny - Sklep rozwi\u0105za\u0144 Microsoft Surface\" \/>\n<meta property=\"og:description\" content=\"Surface Laptop 7 \u2013 nowoczesny laptop z ekranem dotykowym, \u0142\u0105czno\u015bci\u0105 5G i moc\u0105 AI. Wybierz mobilno\u015b\u0107 i styl. Kup ju\u017c dzi\u015b z szybk\u0105 dostaw\u0105!\" \/>\n<meta property=\"og:url\" content=\"https:\/\/polsoft.pl\/microsoft-surface\/produkt\/microsoft-surface-laptop-7-15-ep2-22757-ultra-7-266v-16gb-256gb-15-wifi-czarny\/\" \/>\n<meta property=\"og:site_name\" content=\"Sklep rozwi\u0105za\u0144 Microsoft Surface\" \/>\n<meta property=\"article:modified_time\" content=\"2026-01-23T11:46:42+00:00\" \/>\n<meta property=\"og:image\" content=\"https:\/\/polsoft.pl\/microsoft-surface\/wp-content\/uploads\/2025\/06\/Microsoft-Surface-Laptop-7-EP2-22757-2.jpg\" \/>\n\t<meta property=\"og:image:width\" content=\"1668\" \/>\n\t<meta property=\"og:image:height\" content=\"1668\" \/>\n\t<meta property=\"og:image:type\" content=\"image\/jpeg\" \/>\n<meta name=\"twitter:card\" content=\"summary_large_image\" \/>\n<meta name=\"twitter:label1\" content=\"Szacowany czas czytania\" \/>\n\t<meta name=\"twitter:data1\" content=\"3 minuty\" \/>\n<script type=\"application\/ld+json\" class=\"yoast-schema-graph\">{\"@context\":\"https:\/\/schema.org\",\"@graph\":[{\"@type\":\"WebPage\",\"@id\":\"https:\/\/polsoft.pl\/microsoft-surface\/produkt\/microsoft-surface-laptop-7-15-ep2-22757-ultra-7-266v-16gb-256gb-15-wifi-czarny\/\",\"url\":\"https:\/\/polsoft.pl\/microsoft-surface\/produkt\/microsoft-surface-laptop-7-15-ep2-22757-ultra-7-266v-16gb-256gb-15-wifi-czarny\/\",\"name\":\"Microsoft Surface Laptop 7 15'' EP2-22757 Ultra 7 266V\/16GB\/256GB\/15\\\"\/WiFi\/Czarny - Sklep rozwi\u0105za\u0144 Microsoft Surface\",\"isPartOf\":{\"@id\":\"https:\/\/polsoft.pl\/microsoft-surface\/#website\"},\"primaryImageOfPage\":{\"@id\":\"https:\/\/polsoft.pl\/microsoft-surface\/produkt\/microsoft-surface-laptop-7-15-ep2-22757-ultra-7-266v-16gb-256gb-15-wifi-czarny\/#primaryimage\"},\"image\":{\"@id\":\"https:\/\/polsoft.pl\/microsoft-surface\/produkt\/microsoft-surface-laptop-7-15-ep2-22757-ultra-7-266v-16gb-256gb-15-wifi-czarny\/#primaryimage\"},\"thumbnailUrl\":\"https:\/\/www.polsoft.pl\/microsoft-surface\/wp-content\/uploads\/2025\/06\/Microsoft-Surface-Laptop-7-EP2-22757-2.jpg\",\"datePublished\":\"2025-03-21T11:21:46+00:00\",\"dateModified\":\"2026-01-23T11:46:42+00:00\",\"description\":\"Surface Laptop 7 \u2013 nowoczesny laptop z ekranem dotykowym, \u0142\u0105czno\u015bci\u0105 5G i moc\u0105 AI. Wybierz mobilno\u015b\u0107 i styl. Kup ju\u017c dzi\u015b z szybk\u0105 dostaw\u0105!\",\"breadcrumb\":{\"@id\":\"https:\/\/polsoft.pl\/microsoft-surface\/produkt\/microsoft-surface-laptop-7-15-ep2-22757-ultra-7-266v-16gb-256gb-15-wifi-czarny\/#breadcrumb\"},\"inLanguage\":\"pl-PL\",\"potentialAction\":[{\"@type\":\"ReadAction\",\"target\":[\"https:\/\/polsoft.pl\/microsoft-surface\/produkt\/microsoft-surface-laptop-7-15-ep2-22757-ultra-7-266v-16gb-256gb-15-wifi-czarny\/\"]}]},{\"@type\":\"ImageObject\",\"inLanguage\":\"pl-PL\",\"@id\":\"https:\/\/polsoft.pl\/microsoft-surface\/produkt\/microsoft-surface-laptop-7-15-ep2-22757-ultra-7-266v-16gb-256gb-15-wifi-czarny\/#primaryimage\",\"url\":\"https:\/\/www.polsoft.pl\/microsoft-surface\/wp-content\/uploads\/2025\/06\/Microsoft-Surface-Laptop-7-EP2-22757-2.jpg\",\"contentUrl\":\"https:\/\/www.polsoft.pl\/microsoft-surface\/wp-content\/uploads\/2025\/06\/Microsoft-Surface-Laptop-7-EP2-22757-2.jpg\",\"width\":1668,\"height\":1668},{\"@type\":\"BreadcrumbList\",\"@id\":\"https:\/\/polsoft.pl\/microsoft-surface\/produkt\/microsoft-surface-laptop-7-15-ep2-22757-ultra-7-266v-16gb-256gb-15-wifi-czarny\/#breadcrumb\",\"itemListElement\":[{\"@type\":\"ListItem\",\"position\":1,\"name\":\"Strona g\u0142\u00f3wna\",\"item\":\"https:\/\/polsoft.pl\/microsoft-surface\/\"},{\"@type\":\"ListItem\",\"position\":2,\"name\":\"Sklep\",\"item\":\"https:\/\/polsoft.pl\/microsoft-surface\/sklep\/\"},{\"@type\":\"ListItem\",\"position\":3,\"name\":\"Microsoft Surface Laptop 7 15&#8221; EP2-22757 Ultra 7 266V\/16GB\/256GB\/15&#8243;\/WiFi\/Czarny\"}]},{\"@type\":\"WebSite\",\"@id\":\"https:\/\/polsoft.pl\/microsoft-surface\/#website\",\"url\":\"https:\/\/polsoft.pl\/microsoft-surface\/\",\"name\":\"Sklep Microsoft Surface\",\"description\":\"Sklep Microsoft Surface\",\"publisher\":{\"@id\":\"https:\/\/polsoft.pl\/microsoft-surface\/#organization\"},\"potentialAction\":[{\"@type\":\"SearchAction\",\"target\":{\"@type\":\"EntryPoint\",\"urlTemplate\":\"https:\/\/polsoft.pl\/microsoft-surface\/?s={search_term_string}\"},\"query-input\":{\"@type\":\"PropertyValueSpecification\",\"valueRequired\":true,\"valueName\":\"search_term_string\"}}],\"inLanguage\":\"pl-PL\"},{\"@type\":\"Organization\",\"@id\":\"https:\/\/polsoft.pl\/microsoft-surface\/#organization\",\"name\":\"Polsoft Engineering Sp. z o.o.\",\"url\":\"https:\/\/polsoft.pl\/microsoft-surface\/\",\"logo\":{\"@type\":\"ImageObject\",\"inLanguage\":\"pl-PL\",\"@id\":\"https:\/\/polsoft.pl\/microsoft-surface\/#\/schema\/logo\/image\/\",\"url\":\"https:\/\/www.polsoft.pl\/microsoft-surface\/wp-content\/uploads\/2020\/10\/microsoft_partner_logo_black_polsoft.png\",\"contentUrl\":\"https:\/\/www.polsoft.pl\/microsoft-surface\/wp-content\/uploads\/2020\/10\/microsoft_partner_logo_black_polsoft.png\",\"width\":613,\"height\":158,\"caption\":\"Polsoft Engineering Sp. z o.o.\"},\"image\":{\"@id\":\"https:\/\/polsoft.pl\/microsoft-surface\/#\/schema\/logo\/image\/\"}}]}<\/script>\n<!-- \/ Yoast SEO plugin. -->","yoast_head_json":{"title":"Microsoft Surface Laptop 7 15'' EP2-22757 Ultra 7 266V\/16GB\/256GB\/15\"\/WiFi\/Czarny - Sklep rozwi\u0105za\u0144 Microsoft Surface","description":"Surface Laptop 7 \u2013 nowoczesny laptop z ekranem dotykowym, \u0142\u0105czno\u015bci\u0105 5G i moc\u0105 AI. Wybierz mobilno\u015b\u0107 i styl. Kup ju\u017c dzi\u015b z szybk\u0105 dostaw\u0105!","robots":{"index":"index","follow":"follow","max-snippet":"max-snippet:-1","max-image-preview":"max-image-preview:large","max-video-preview":"max-video-preview:-1"},"canonical":"https:\/\/polsoft.pl\/microsoft-surface\/produkt\/microsoft-surface-laptop-7-15-ep2-22757-ultra-7-266v-16gb-256gb-15-wifi-czarny\/","og_locale":"pl_PL","og_type":"article","og_title":"Microsoft Surface Laptop 7 15'' EP2-22757 Ultra 7 266V\/16GB\/256GB\/15\"\/WiFi\/Czarny - Sklep rozwi\u0105za\u0144 Microsoft Surface","og_description":"Surface Laptop 7 \u2013 nowoczesny laptop z ekranem dotykowym, \u0142\u0105czno\u015bci\u0105 5G i moc\u0105 AI. Wybierz mobilno\u015b\u0107 i styl. Kup ju\u017c dzi\u015b z szybk\u0105 dostaw\u0105!","og_url":"https:\/\/polsoft.pl\/microsoft-surface\/produkt\/microsoft-surface-laptop-7-15-ep2-22757-ultra-7-266v-16gb-256gb-15-wifi-czarny\/","og_site_name":"Sklep rozwi\u0105za\u0144 Microsoft Surface","article_modified_time":"2026-01-23T11:46:42+00:00","og_image":[{"width":1668,"height":1668,"url":"https:\/\/polsoft.pl\/microsoft-surface\/wp-content\/uploads\/2025\/06\/Microsoft-Surface-Laptop-7-EP2-22757-2.jpg","type":"image\/jpeg"}],"twitter_card":"summary_large_image","twitter_misc":{"Szacowany czas czytania":"3 minuty"},"schema":{"@context":"https:\/\/schema.org","@graph":[{"@type":"WebPage","@id":"https:\/\/polsoft.pl\/microsoft-surface\/produkt\/microsoft-surface-laptop-7-15-ep2-22757-ultra-7-266v-16gb-256gb-15-wifi-czarny\/","url":"https:\/\/polsoft.pl\/microsoft-surface\/produkt\/microsoft-surface-laptop-7-15-ep2-22757-ultra-7-266v-16gb-256gb-15-wifi-czarny\/","name":"Microsoft Surface Laptop 7 15'' EP2-22757 Ultra 7 266V\/16GB\/256GB\/15\"\/WiFi\/Czarny - Sklep rozwi\u0105za\u0144 Microsoft Surface","isPartOf":{"@id":"https:\/\/polsoft.pl\/microsoft-surface\/#website"},"primaryImageOfPage":{"@id":"https:\/\/polsoft.pl\/microsoft-surface\/produkt\/microsoft-surface-laptop-7-15-ep2-22757-ultra-7-266v-16gb-256gb-15-wifi-czarny\/#primaryimage"},"image":{"@id":"https:\/\/polsoft.pl\/microsoft-surface\/produkt\/microsoft-surface-laptop-7-15-ep2-22757-ultra-7-266v-16gb-256gb-15-wifi-czarny\/#primaryimage"},"thumbnailUrl":"https:\/\/www.polsoft.pl\/microsoft-surface\/wp-content\/uploads\/2025\/06\/Microsoft-Surface-Laptop-7-EP2-22757-2.jpg","datePublished":"2025-03-21T11:21:46+00:00","dateModified":"2026-01-23T11:46:42+00:00","description":"Surface Laptop 7 \u2013 nowoczesny laptop z ekranem dotykowym, \u0142\u0105czno\u015bci\u0105 5G i moc\u0105 AI. Wybierz mobilno\u015b\u0107 i styl. Kup ju\u017c dzi\u015b z szybk\u0105 dostaw\u0105!","breadcrumb":{"@id":"https:\/\/polsoft.pl\/microsoft-surface\/produkt\/microsoft-surface-laptop-7-15-ep2-22757-ultra-7-266v-16gb-256gb-15-wifi-czarny\/#breadcrumb"},"inLanguage":"pl-PL","potentialAction":[{"@type":"ReadAction","target":["https:\/\/polsoft.pl\/microsoft-surface\/produkt\/microsoft-surface-laptop-7-15-ep2-22757-ultra-7-266v-16gb-256gb-15-wifi-czarny\/"]}]},{"@type":"ImageObject","inLanguage":"pl-PL","@id":"https:\/\/polsoft.pl\/microsoft-surface\/produkt\/microsoft-surface-laptop-7-15-ep2-22757-ultra-7-266v-16gb-256gb-15-wifi-czarny\/#primaryimage","url":"https:\/\/www.polsoft.pl\/microsoft-surface\/wp-content\/uploads\/2025\/06\/Microsoft-Surface-Laptop-7-EP2-22757-2.jpg","contentUrl":"https:\/\/www.polsoft.pl\/microsoft-surface\/wp-content\/uploads\/2025\/06\/Microsoft-Surface-Laptop-7-EP2-22757-2.jpg","width":1668,"height":1668},{"@type":"BreadcrumbList","@id":"https:\/\/polsoft.pl\/microsoft-surface\/produkt\/microsoft-surface-laptop-7-15-ep2-22757-ultra-7-266v-16gb-256gb-15-wifi-czarny\/#breadcrumb","itemListElement":[{"@type":"ListItem","position":1,"name":"Strona g\u0142\u00f3wna","item":"https:\/\/polsoft.pl\/microsoft-surface\/"},{"@type":"ListItem","position":2,"name":"Sklep","item":"https:\/\/polsoft.pl\/microsoft-surface\/sklep\/"},{"@type":"ListItem","position":3,"name":"Microsoft Surface Laptop 7 15&#8221; EP2-22757 Ultra 7 266V\/16GB\/256GB\/15&#8243;\/WiFi\/Czarny"}]},{"@type":"WebSite","@id":"https:\/\/polsoft.pl\/microsoft-surface\/#website","url":"https:\/\/polsoft.pl\/microsoft-surface\/","name":"Sklep Microsoft Surface","description":"Sklep Microsoft Surface","publisher":{"@id":"https:\/\/polsoft.pl\/microsoft-surface\/#organization"},"potentialAction":[{"@type":"SearchAction","target":{"@type":"EntryPoint","urlTemplate":"https:\/\/polsoft.pl\/microsoft-surface\/?s={search_term_string}"},"query-input":{"@type":"PropertyValueSpecification","valueRequired":true,"valueName":"search_term_string"}}],"inLanguage":"pl-PL"},{"@type":"Organization","@id":"https:\/\/polsoft.pl\/microsoft-surface\/#organization","name":"Polsoft Engineering Sp. z o.o.","url":"https:\/\/polsoft.pl\/microsoft-surface\/","logo":{"@type":"ImageObject","inLanguage":"pl-PL","@id":"https:\/\/polsoft.pl\/microsoft-surface\/#\/schema\/logo\/image\/","url":"https:\/\/www.polsoft.pl\/microsoft-surface\/wp-content\/uploads\/2020\/10\/microsoft_partner_logo_black_polsoft.png","contentUrl":"https:\/\/www.polsoft.pl\/microsoft-surface\/wp-content\/uploads\/2020\/10\/microsoft_partner_logo_black_polsoft.png","width":613,"height":158,"caption":"Polsoft Engineering Sp. z o.o."},"image":{"@id":"https:\/\/polsoft.pl\/microsoft-surface\/#\/schema\/logo\/image\/"}}]}},"_links":{"self":[{"href":"https:\/\/www.polsoft.pl\/microsoft-surface\/wp-json\/wp\/v2\/product\/18736","targetHints":{"allow":["GET"]}}],"collection":[{"href":"https:\/\/www.polsoft.pl\/microsoft-surface\/wp-json\/wp\/v2\/product"}],"about":[{"href":"https:\/\/www.polsoft.pl\/microsoft-surface\/wp-json\/wp\/v2\/types\/product"}],"version-history":[{"count":4,"href":"https:\/\/www.polsoft.pl\/microsoft-surface\/wp-json\/wp\/v2\/product\/18736\/revisions"}],"predecessor-version":[{"id":19182,"href":"https:\/\/www.polsoft.pl\/microsoft-surface\/wp-json\/wp\/v2\/product\/18736\/revisions\/19182"}],"wp:featuredmedia":[{"embeddable":true,"href":"https:\/\/www.polsoft.pl\/microsoft-surface\/wp-json\/wp\/v2\/media\/19025"}],"wp:attachment":[{"href":"https:\/\/www.polsoft.pl\/microsoft-surface\/wp-json\/wp\/v2\/media?parent=18736"}],"wp:term":[{"taxonomy":"product_brand","embeddable":true,"href":"https:\/\/www.polsoft.pl\/microsoft-surface\/wp-json\/wp\/v2\/product_brand?post=18736"},{"taxonomy":"product_cat","embeddable":true,"href":"https:\/\/www.polsoft.pl\/microsoft-surface\/wp-json\/wp\/v2\/product_cat?post=18736"},{"taxonomy":"product_tag","embeddable":true,"href":"https:\/\/www.polsoft.pl\/microsoft-surface\/wp-json\/wp\/v2\/product_tag?post=18736"}],"curies":[{"name":"wp","href":"https:\/\/api.w.org\/{rel}","templated":true}]}}