{"id":18742,"date":"2025-03-21T12:21:46","date_gmt":"2025-03-21T11:21:46","guid":{"rendered":"https:\/\/polsoft.pl\/microsoft-surface\/produkt\/microsoft-surface-laptop-7-15-ep2-22833-ultra-7-268v-32gb-256gb-15-wifi-czarny\/"},"modified":"2026-01-23T12:46:43","modified_gmt":"2026-01-23T11:46:43","slug":"microsoft-surface-laptop-7-15-ep2-22833-ultra-7-268v-32gb-256gb-15-wifi-czarny","status":"publish","type":"product","link":"https:\/\/www.polsoft.pl\/microsoft-surface\/produkt\/microsoft-surface-laptop-7-15-ep2-22833-ultra-7-268v-32gb-256gb-15-wifi-czarny\/","title":{"rendered":"Microsoft Surface Laptop 7 15&#8221; EP2-22833 Ultra 7 268V\/32GB\/256GB\/15&#8243;\/WiFi\/Czarny"},"content":{"rendered":"<p>Microsoft Surface Laptop 7 15\u201d EP2-22833 to pot\u0119\u017cne narz\u0119dzie do wielozadaniowo\u015bci, stworzone dla profesjonalist\u00f3w i deweloper\u00f3w, kt\u00f3rzy potrzebuj\u0105 maksymalnej mocy obliczeniowej i komfortu, jaki daje du\u017cy, 15-calowy ekran, aby w pe\u0142ni skupi\u0107 si\u0119 na swojej pracy. Ten laptop w eleganckiej, czarnej obudowie, to synonim wydajno\u015bci, kt\u00f3ry pozwala na p\u0142ynn\u0105 prac\u0119 z najbardziej wymagaj\u0105cymi aplikacjami, od oprogramowania do kompilacji kodu po zaawansowane platformy analityczne.<\/p>\n<p>Za wydajno\u015b\u0107 na najwy\u017cszym poziomie w Microsoft Surface Laptop 7 15\u201d EP2-22833 odpowiada topowy procesor Intel\u00ae Core\u2122 Ultra 7 268V z pot\u0119\u017cn\u0105 zintegrowan\u0105 grafik\u0105 Intel\u00ae Arc\u2122 Graphics. Jego prawdziwa si\u0142a tkwi w po\u0142\u0105czeniu z a\u017c 32 GB ultra wydajnej pami\u0119ci LPDDR5x, co zapewnia absolutn\u0105 p\u0142ynno\u015b\u0107 nawet przy pracy z wieloma wirtualnymi maszynami czy zasobo\u017cernymi aplikacjami jednocze\u015bnie. Szybki dysk SSD (PCIe 4.0) o pojemno\u015bci 256 GB jest idealny dla os\u00f3b pracuj\u0105cych g\u0142\u00f3wnie w chmurze lub z zewn\u0119trznymi, szybkimi no\u015bnikami danych, gwarantuj\u0105c b\u0142yskawiczny start systemu i kluczowych program\u00f3w.<\/p>\n<p>Dostrzegaj wi\u0119cej, z niemal bezkraw\u0119dziowym, 15-calowym ekranem dotykowym PixelSense\u2122 Flow o wysokiej rozdzielczo\u015bci 2496 x 1664 (201 PPI). Wysoka cz\u0119stotliwo\u015b\u0107 od\u015bwie\u017cania do 120Hz pomo\u017ce Twoim oczom odpocz\u0105\u0107 i bezproblemowo nad\u0105\u017ca\u0107 za akcj\u0105 na ekranie, co jest kluczowe podczas d\u0142ugich godzin kodowania lub projektowania. Proporcje 3:2 to wi\u0119cej miejsca w pionie, co u\u0142atwia prac\u0119 z d\u0142ugimi partiami kodu i wieloma oknami. Wytrzyma\u0142e szk\u0142o Corning\u00ae Gorilla\u00ae Glass 5 chroni ten doskona\u0142y wy\u015bwietlacz.<\/p>\n<p>Praca na tym laptopie to czysta przyjemno\u015b\u0107, dzi\u0119ki jednej z najlepszych na rynku, precyzyjnej klawiaturze, kt\u00f3ra zapewnia idealny skok i cich\u0105 prac\u0119, umo\u017cliwiaj\u0105c komfortowe pisanie nawet podczas wielogodzinnych sesji. Obszerny g\u0142adzik reaguje na ka\u017cdy gest z niezwyk\u0142\u0105 dok\u0142adno\u015bci\u0105. 10-punktowy ekran dotykowy oraz kompatybilno\u015b\u0107 z pi\u00f3rem Microsoft Surface Slim Pen 2 (sprzedawanym osobno) daj\u0105 jeszcze wi\u0119ksz\u0105 swobod\u0119 tworzenia i interakcji z oprogramowaniem.<\/p>\n<p>Surface Laptop 7 to urz\u0105dzenie z zaawansowanymi zabezpieczeniami, \u0142\u0105cz\u0105ce ochron\u0119 systemow\u0105 oraz sprz\u0119tow\u0105. Bezpiecze\u0144stwa Twoich danych strze\u017ce system TPM 2.0 oraz autorski system Microsoft Windows Hello, kt\u00f3ry wykorzystuje kamer\u0119 na podczerwie\u0144 do bezpiecznego i b\u0142yskawicznego logowania za pomoc\u0105 skanu twarzy, eliminuj\u0105c potrzeb\u0119 stosowania hase\u0142.<\/p>\n<p>Laptop umo\u017cliwia szybkie i stabilne po\u0142\u0105czenie internetowe dzi\u0119ki \u0142\u0105czno\u015bci Wi-Fi 6E. Wszystkie urz\u0105dzenia peryferyjne, takie jak s\u0142uchawki, myszy czy klawiatury, po\u0142\u0105czysz korzystaj\u0105c z szybkiego i energooszcz\u0119dnego standardu Bluetooth\u00ae 5.4. Dwa porty USB-C\u00ae z obs\u0142ug\u0105 Thunderbolt\u2122 4 oferuj\u0105 ogromne mo\u017cliwo\u015bci rozbudowy stanowiska pracy, pozwalaj\u0105c na pod\u0142\u0105czenie dw\u00f3ch monitor\u00f3w 4K i transfer danych z pr\u0119dko\u015bci\u0105 do 40 Gb\/s.<\/p>\n<p>Doskona\u0142y d\u017awi\u0119k zapewniaj\u0105 g\u0142o\u015bniki Omnisonic\u00ae z systemem Dolby\u00ae Atmos\u00ae, kt\u00f3re tworz\u0105 bogate, przestrzenne brzmienie. Kamera Surface Studio z jako\u015bci\u0105 Full HD sprawia, \u017ce Twoje wideorozmowy zawsze wygl\u0105daj\u0105 profesjonalnie, dzi\u0119ki inteligentnym funkcjom, takim jak automatyczne kadrowanie. Dedykowany przycisk Copilot zapewnia natychmiastowy dost\u0119p do asystenta AI,<\/p>\n","protected":false},"excerpt":{"rendered":"<p>Microsoft Surface Laptop 7 15\u201d EP2-22833 to pot\u0119\u017cne narz\u0119dzie do wielozadaniowo\u015bci, stworzone dla profesjonalist\u00f3w i deweloper\u00f3w, kt\u00f3rzy potrzebuj\u0105 maksymalnej mocy obliczeniowej i komfortu, jaki daje du\u017cy, 15-calowy ekran, aby w pe\u0142ni skupi\u0107 si\u0119 na swojej pracy. Ten laptop w eleganckiej, czarnej obudowie, to synonim wydajno\u015bci, kt\u00f3ry pozwala na p\u0142ynn\u0105 prac\u0119 z najbardziej wymagaj\u0105cymi aplikacjami, od [&hellip;]<\/p>\n","protected":false},"featured_media":18991,"template":"","meta":{"site-sidebar-layout":"default","site-content-layout":"","ast-site-content-layout":"default","site-content-style":"default","site-sidebar-style":"default","ast-global-header-display":"","ast-banner-title-visibility":"","ast-main-header-display":"","ast-hfb-above-header-display":"","ast-hfb-below-header-display":"","ast-hfb-mobile-header-display":"","site-post-title":"","ast-breadcrumbs-content":"","ast-featured-img":"","footer-sml-layout":"","ast-disable-related-posts":"","theme-transparent-header-meta":"default","adv-header-id-meta":"","stick-header-meta":"","header-above-stick-meta":"","header-main-stick-meta":"","header-below-stick-meta":"","astra-migrate-meta-layouts":"set","ast-page-background-enabled":"default","ast-page-background-meta":{"desktop":{"background-color":"","background-image":"","background-repeat":"repeat","background-position":"center center","background-size":"auto","background-attachment":"scroll","background-type":"","background-media":"","overlay-type":"","overlay-color":"","overlay-opacity":"","overlay-gradient":""},"tablet":{"background-color":"","background-image":"","background-repeat":"repeat","background-position":"center center","background-size":"auto","background-attachment":"scroll","background-type":"","background-media":"","overlay-type":"","overlay-color":"","overlay-opacity":"","overlay-gradient":""},"mobile":{"background-color":"","background-image":"","background-repeat":"repeat","background-position":"center center","background-size":"auto","background-attachment":"scroll","background-type":"","background-media":"","overlay-type":"","overlay-color":"","overlay-opacity":"","overlay-gradient":""}},"ast-content-background-meta":{"desktop":{"background-color":"var(--ast-global-color-5)","background-image":"","background-repeat":"repeat","background-position":"center center","background-size":"auto","background-attachment":"scroll","background-type":"","background-media":"","overlay-type":"","overlay-color":"","overlay-opacity":"","overlay-gradient":""},"tablet":{"background-color":"var(--ast-global-color-5)","background-image":"","background-repeat":"repeat","background-position":"center center","background-size":"auto","background-attachment":"scroll","background-type":"","background-media":"","overlay-type":"","overlay-color":"","overlay-opacity":"","overlay-gradient":""},"mobile":{"background-color":"var(--ast-global-color-5)","background-image":"","background-repeat":"repeat","background-position":"center center","background-size":"auto","background-attachment":"scroll","background-type":"","background-media":"","overlay-type":"","overlay-color":"","overlay-opacity":"","overlay-gradient":""}},"_links_to":"","_links_to_target":""},"product_brand":[],"product_cat":[70,315],"product_tag":[],"class_list":{"0":"post-18742","1":"product","2":"type-product","3":"status-publish","4":"has-post-thumbnail","6":"product_cat-laptopy-microsoft-surface","7":"product_cat-microsoft-surface-laptop-7","8":"pa_dodatkowe-komponenty-wifi","9":"pa_matryca-43","10":"pa_model-procesora-ultra-7-268v","11":"pa_pamiec-ram-32gb","12":"pa_pojemnosc-dysku-256gb","13":"pa_producent-procesora-intel","14":"desktop-align-left","15":"tablet-align-left","16":"mobile-align-left","18":"first","19":"instock","20":"taxable","21":"shipping-taxable","22":"purchasable","23":"product-type-simple"},"yoast_head":"<!-- This site is optimized with the Yoast SEO plugin v26.7 - https:\/\/yoast.com\/wordpress\/plugins\/seo\/ -->\n<title>Microsoft Surface Laptop 7 15&#039;&#039; EP2-22833 Ultra 7 268V\/32GB\/256GB\/15&quot;\/WiFi\/Czarny - Sklep rozwi\u0105za\u0144 Microsoft Surface<\/title>\n<meta name=\"description\" content=\"Surface Laptop 7 \u2013 nowoczesny laptop z ekranem dotykowym, \u0142\u0105czno\u015bci\u0105 5G i moc\u0105 AI. Wybierz mobilno\u015b\u0107 i styl. Kup ju\u017c dzi\u015b z szybk\u0105 dostaw\u0105!\" \/>\n<meta name=\"robots\" content=\"index, follow, max-snippet:-1, max-image-preview:large, max-video-preview:-1\" \/>\n<link rel=\"canonical\" href=\"https:\/\/polsoft.pl\/microsoft-surface\/produkt\/microsoft-surface-laptop-7-15-ep2-22833-ultra-7-268v-32gb-256gb-15-wifi-czarny\/\" \/>\n<meta property=\"og:locale\" content=\"pl_PL\" \/>\n<meta property=\"og:type\" content=\"article\" \/>\n<meta property=\"og:title\" content=\"Microsoft Surface Laptop 7 15&#039;&#039; EP2-22833 Ultra 7 268V\/32GB\/256GB\/15&quot;\/WiFi\/Czarny - Sklep rozwi\u0105za\u0144 Microsoft Surface\" \/>\n<meta property=\"og:description\" content=\"Surface Laptop 7 \u2013 nowoczesny laptop z ekranem dotykowym, \u0142\u0105czno\u015bci\u0105 5G i moc\u0105 AI. Wybierz mobilno\u015b\u0107 i styl. Kup ju\u017c dzi\u015b z szybk\u0105 dostaw\u0105!\" \/>\n<meta property=\"og:url\" content=\"https:\/\/polsoft.pl\/microsoft-surface\/produkt\/microsoft-surface-laptop-7-15-ep2-22833-ultra-7-268v-32gb-256gb-15-wifi-czarny\/\" \/>\n<meta property=\"og:site_name\" content=\"Sklep rozwi\u0105za\u0144 Microsoft Surface\" \/>\n<meta property=\"article:modified_time\" content=\"2026-01-23T11:46:43+00:00\" \/>\n<meta property=\"og:image\" content=\"https:\/\/polsoft.pl\/microsoft-surface\/wp-content\/uploads\/Laptopy\/Microsoft-Surface-Laptop-7-EP2-22833-2.jpg\" \/>\n\t<meta property=\"og:image:width\" content=\"1668\" \/>\n\t<meta property=\"og:image:height\" content=\"1668\" \/>\n\t<meta property=\"og:image:type\" content=\"image\/jpeg\" \/>\n<meta name=\"twitter:card\" content=\"summary_large_image\" \/>\n<meta name=\"twitter:label1\" content=\"Szacowany czas czytania\" \/>\n\t<meta name=\"twitter:data1\" content=\"3 minuty\" \/>\n<script type=\"application\/ld+json\" class=\"yoast-schema-graph\">{\"@context\":\"https:\/\/schema.org\",\"@graph\":[{\"@type\":\"WebPage\",\"@id\":\"https:\/\/polsoft.pl\/microsoft-surface\/produkt\/microsoft-surface-laptop-7-15-ep2-22833-ultra-7-268v-32gb-256gb-15-wifi-czarny\/\",\"url\":\"https:\/\/polsoft.pl\/microsoft-surface\/produkt\/microsoft-surface-laptop-7-15-ep2-22833-ultra-7-268v-32gb-256gb-15-wifi-czarny\/\",\"name\":\"Microsoft Surface Laptop 7 15'' EP2-22833 Ultra 7 268V\/32GB\/256GB\/15\\\"\/WiFi\/Czarny - Sklep rozwi\u0105za\u0144 Microsoft Surface\",\"isPartOf\":{\"@id\":\"https:\/\/polsoft.pl\/microsoft-surface\/#website\"},\"primaryImageOfPage\":{\"@id\":\"https:\/\/polsoft.pl\/microsoft-surface\/produkt\/microsoft-surface-laptop-7-15-ep2-22833-ultra-7-268v-32gb-256gb-15-wifi-czarny\/#primaryimage\"},\"image\":{\"@id\":\"https:\/\/polsoft.pl\/microsoft-surface\/produkt\/microsoft-surface-laptop-7-15-ep2-22833-ultra-7-268v-32gb-256gb-15-wifi-czarny\/#primaryimage\"},\"thumbnailUrl\":\"https:\/\/www.polsoft.pl\/microsoft-surface\/wp-content\/uploads\/Laptopy\/Microsoft-Surface-Laptop-7-EP2-22833-2.jpg\",\"datePublished\":\"2025-03-21T11:21:46+00:00\",\"dateModified\":\"2026-01-23T11:46:43+00:00\",\"description\":\"Surface Laptop 7 \u2013 nowoczesny laptop z ekranem dotykowym, \u0142\u0105czno\u015bci\u0105 5G i moc\u0105 AI. Wybierz mobilno\u015b\u0107 i styl. Kup ju\u017c dzi\u015b z szybk\u0105 dostaw\u0105!\",\"breadcrumb\":{\"@id\":\"https:\/\/polsoft.pl\/microsoft-surface\/produkt\/microsoft-surface-laptop-7-15-ep2-22833-ultra-7-268v-32gb-256gb-15-wifi-czarny\/#breadcrumb\"},\"inLanguage\":\"pl-PL\",\"potentialAction\":[{\"@type\":\"ReadAction\",\"target\":[\"https:\/\/polsoft.pl\/microsoft-surface\/produkt\/microsoft-surface-laptop-7-15-ep2-22833-ultra-7-268v-32gb-256gb-15-wifi-czarny\/\"]}]},{\"@type\":\"ImageObject\",\"inLanguage\":\"pl-PL\",\"@id\":\"https:\/\/polsoft.pl\/microsoft-surface\/produkt\/microsoft-surface-laptop-7-15-ep2-22833-ultra-7-268v-32gb-256gb-15-wifi-czarny\/#primaryimage\",\"url\":\"https:\/\/www.polsoft.pl\/microsoft-surface\/wp-content\/uploads\/Laptopy\/Microsoft-Surface-Laptop-7-EP2-22833-2.jpg\",\"contentUrl\":\"https:\/\/www.polsoft.pl\/microsoft-surface\/wp-content\/uploads\/Laptopy\/Microsoft-Surface-Laptop-7-EP2-22833-2.jpg\",\"width\":1668,\"height\":1668},{\"@type\":\"BreadcrumbList\",\"@id\":\"https:\/\/polsoft.pl\/microsoft-surface\/produkt\/microsoft-surface-laptop-7-15-ep2-22833-ultra-7-268v-32gb-256gb-15-wifi-czarny\/#breadcrumb\",\"itemListElement\":[{\"@type\":\"ListItem\",\"position\":1,\"name\":\"Strona g\u0142\u00f3wna\",\"item\":\"https:\/\/polsoft.pl\/microsoft-surface\/\"},{\"@type\":\"ListItem\",\"position\":2,\"name\":\"Sklep\",\"item\":\"https:\/\/polsoft.pl\/microsoft-surface\/sklep\/\"},{\"@type\":\"ListItem\",\"position\":3,\"name\":\"Microsoft Surface Laptop 7 15&#8221; EP2-22833 Ultra 7 268V\/32GB\/256GB\/15&#8243;\/WiFi\/Czarny\"}]},{\"@type\":\"WebSite\",\"@id\":\"https:\/\/polsoft.pl\/microsoft-surface\/#website\",\"url\":\"https:\/\/polsoft.pl\/microsoft-surface\/\",\"name\":\"Sklep Microsoft Surface\",\"description\":\"Sklep Microsoft Surface\",\"publisher\":{\"@id\":\"https:\/\/polsoft.pl\/microsoft-surface\/#organization\"},\"potentialAction\":[{\"@type\":\"SearchAction\",\"target\":{\"@type\":\"EntryPoint\",\"urlTemplate\":\"https:\/\/polsoft.pl\/microsoft-surface\/?s={search_term_string}\"},\"query-input\":{\"@type\":\"PropertyValueSpecification\",\"valueRequired\":true,\"valueName\":\"search_term_string\"}}],\"inLanguage\":\"pl-PL\"},{\"@type\":\"Organization\",\"@id\":\"https:\/\/polsoft.pl\/microsoft-surface\/#organization\",\"name\":\"Polsoft Engineering Sp. z o.o.\",\"url\":\"https:\/\/polsoft.pl\/microsoft-surface\/\",\"logo\":{\"@type\":\"ImageObject\",\"inLanguage\":\"pl-PL\",\"@id\":\"https:\/\/polsoft.pl\/microsoft-surface\/#\/schema\/logo\/image\/\",\"url\":\"https:\/\/www.polsoft.pl\/microsoft-surface\/wp-content\/uploads\/2020\/10\/microsoft_partner_logo_black_polsoft.png\",\"contentUrl\":\"https:\/\/www.polsoft.pl\/microsoft-surface\/wp-content\/uploads\/2020\/10\/microsoft_partner_logo_black_polsoft.png\",\"width\":613,\"height\":158,\"caption\":\"Polsoft Engineering Sp. z o.o.\"},\"image\":{\"@id\":\"https:\/\/polsoft.pl\/microsoft-surface\/#\/schema\/logo\/image\/\"}}]}<\/script>\n<!-- \/ Yoast SEO plugin. -->","yoast_head_json":{"title":"Microsoft Surface Laptop 7 15'' EP2-22833 Ultra 7 268V\/32GB\/256GB\/15\"\/WiFi\/Czarny - Sklep rozwi\u0105za\u0144 Microsoft Surface","description":"Surface Laptop 7 \u2013 nowoczesny laptop z ekranem dotykowym, \u0142\u0105czno\u015bci\u0105 5G i moc\u0105 AI. Wybierz mobilno\u015b\u0107 i styl. Kup ju\u017c dzi\u015b z szybk\u0105 dostaw\u0105!","robots":{"index":"index","follow":"follow","max-snippet":"max-snippet:-1","max-image-preview":"max-image-preview:large","max-video-preview":"max-video-preview:-1"},"canonical":"https:\/\/polsoft.pl\/microsoft-surface\/produkt\/microsoft-surface-laptop-7-15-ep2-22833-ultra-7-268v-32gb-256gb-15-wifi-czarny\/","og_locale":"pl_PL","og_type":"article","og_title":"Microsoft Surface Laptop 7 15'' EP2-22833 Ultra 7 268V\/32GB\/256GB\/15\"\/WiFi\/Czarny - Sklep rozwi\u0105za\u0144 Microsoft Surface","og_description":"Surface Laptop 7 \u2013 nowoczesny laptop z ekranem dotykowym, \u0142\u0105czno\u015bci\u0105 5G i moc\u0105 AI. Wybierz mobilno\u015b\u0107 i styl. Kup ju\u017c dzi\u015b z szybk\u0105 dostaw\u0105!","og_url":"https:\/\/polsoft.pl\/microsoft-surface\/produkt\/microsoft-surface-laptop-7-15-ep2-22833-ultra-7-268v-32gb-256gb-15-wifi-czarny\/","og_site_name":"Sklep rozwi\u0105za\u0144 Microsoft Surface","article_modified_time":"2026-01-23T11:46:43+00:00","og_image":[{"width":1668,"height":1668,"url":"https:\/\/polsoft.pl\/microsoft-surface\/wp-content\/uploads\/Laptopy\/Microsoft-Surface-Laptop-7-EP2-22833-2.jpg","type":"image\/jpeg"}],"twitter_card":"summary_large_image","twitter_misc":{"Szacowany czas czytania":"3 minuty"},"schema":{"@context":"https:\/\/schema.org","@graph":[{"@type":"WebPage","@id":"https:\/\/polsoft.pl\/microsoft-surface\/produkt\/microsoft-surface-laptop-7-15-ep2-22833-ultra-7-268v-32gb-256gb-15-wifi-czarny\/","url":"https:\/\/polsoft.pl\/microsoft-surface\/produkt\/microsoft-surface-laptop-7-15-ep2-22833-ultra-7-268v-32gb-256gb-15-wifi-czarny\/","name":"Microsoft Surface Laptop 7 15'' EP2-22833 Ultra 7 268V\/32GB\/256GB\/15\"\/WiFi\/Czarny - Sklep rozwi\u0105za\u0144 Microsoft Surface","isPartOf":{"@id":"https:\/\/polsoft.pl\/microsoft-surface\/#website"},"primaryImageOfPage":{"@id":"https:\/\/polsoft.pl\/microsoft-surface\/produkt\/microsoft-surface-laptop-7-15-ep2-22833-ultra-7-268v-32gb-256gb-15-wifi-czarny\/#primaryimage"},"image":{"@id":"https:\/\/polsoft.pl\/microsoft-surface\/produkt\/microsoft-surface-laptop-7-15-ep2-22833-ultra-7-268v-32gb-256gb-15-wifi-czarny\/#primaryimage"},"thumbnailUrl":"https:\/\/www.polsoft.pl\/microsoft-surface\/wp-content\/uploads\/Laptopy\/Microsoft-Surface-Laptop-7-EP2-22833-2.jpg","datePublished":"2025-03-21T11:21:46+00:00","dateModified":"2026-01-23T11:46:43+00:00","description":"Surface Laptop 7 \u2013 nowoczesny laptop z ekranem dotykowym, \u0142\u0105czno\u015bci\u0105 5G i moc\u0105 AI. Wybierz mobilno\u015b\u0107 i styl. Kup ju\u017c dzi\u015b z szybk\u0105 dostaw\u0105!","breadcrumb":{"@id":"https:\/\/polsoft.pl\/microsoft-surface\/produkt\/microsoft-surface-laptop-7-15-ep2-22833-ultra-7-268v-32gb-256gb-15-wifi-czarny\/#breadcrumb"},"inLanguage":"pl-PL","potentialAction":[{"@type":"ReadAction","target":["https:\/\/polsoft.pl\/microsoft-surface\/produkt\/microsoft-surface-laptop-7-15-ep2-22833-ultra-7-268v-32gb-256gb-15-wifi-czarny\/"]}]},{"@type":"ImageObject","inLanguage":"pl-PL","@id":"https:\/\/polsoft.pl\/microsoft-surface\/produkt\/microsoft-surface-laptop-7-15-ep2-22833-ultra-7-268v-32gb-256gb-15-wifi-czarny\/#primaryimage","url":"https:\/\/www.polsoft.pl\/microsoft-surface\/wp-content\/uploads\/Laptopy\/Microsoft-Surface-Laptop-7-EP2-22833-2.jpg","contentUrl":"https:\/\/www.polsoft.pl\/microsoft-surface\/wp-content\/uploads\/Laptopy\/Microsoft-Surface-Laptop-7-EP2-22833-2.jpg","width":1668,"height":1668},{"@type":"BreadcrumbList","@id":"https:\/\/polsoft.pl\/microsoft-surface\/produkt\/microsoft-surface-laptop-7-15-ep2-22833-ultra-7-268v-32gb-256gb-15-wifi-czarny\/#breadcrumb","itemListElement":[{"@type":"ListItem","position":1,"name":"Strona g\u0142\u00f3wna","item":"https:\/\/polsoft.pl\/microsoft-surface\/"},{"@type":"ListItem","position":2,"name":"Sklep","item":"https:\/\/polsoft.pl\/microsoft-surface\/sklep\/"},{"@type":"ListItem","position":3,"name":"Microsoft Surface Laptop 7 15&#8221; EP2-22833 Ultra 7 268V\/32GB\/256GB\/15&#8243;\/WiFi\/Czarny"}]},{"@type":"WebSite","@id":"https:\/\/polsoft.pl\/microsoft-surface\/#website","url":"https:\/\/polsoft.pl\/microsoft-surface\/","name":"Sklep Microsoft Surface","description":"Sklep Microsoft Surface","publisher":{"@id":"https:\/\/polsoft.pl\/microsoft-surface\/#organization"},"potentialAction":[{"@type":"SearchAction","target":{"@type":"EntryPoint","urlTemplate":"https:\/\/polsoft.pl\/microsoft-surface\/?s={search_term_string}"},"query-input":{"@type":"PropertyValueSpecification","valueRequired":true,"valueName":"search_term_string"}}],"inLanguage":"pl-PL"},{"@type":"Organization","@id":"https:\/\/polsoft.pl\/microsoft-surface\/#organization","name":"Polsoft Engineering Sp. z o.o.","url":"https:\/\/polsoft.pl\/microsoft-surface\/","logo":{"@type":"ImageObject","inLanguage":"pl-PL","@id":"https:\/\/polsoft.pl\/microsoft-surface\/#\/schema\/logo\/image\/","url":"https:\/\/www.polsoft.pl\/microsoft-surface\/wp-content\/uploads\/2020\/10\/microsoft_partner_logo_black_polsoft.png","contentUrl":"https:\/\/www.polsoft.pl\/microsoft-surface\/wp-content\/uploads\/2020\/10\/microsoft_partner_logo_black_polsoft.png","width":613,"height":158,"caption":"Polsoft Engineering Sp. z o.o."},"image":{"@id":"https:\/\/polsoft.pl\/microsoft-surface\/#\/schema\/logo\/image\/"}}]}},"_links":{"self":[{"href":"https:\/\/www.polsoft.pl\/microsoft-surface\/wp-json\/wp\/v2\/product\/18742","targetHints":{"allow":["GET"]}}],"collection":[{"href":"https:\/\/www.polsoft.pl\/microsoft-surface\/wp-json\/wp\/v2\/product"}],"about":[{"href":"https:\/\/www.polsoft.pl\/microsoft-surface\/wp-json\/wp\/v2\/types\/product"}],"version-history":[{"count":6,"href":"https:\/\/www.polsoft.pl\/microsoft-surface\/wp-json\/wp\/v2\/product\/18742\/revisions"}],"predecessor-version":[{"id":18791,"href":"https:\/\/www.polsoft.pl\/microsoft-surface\/wp-json\/wp\/v2\/product\/18742\/revisions\/18791"}],"wp:featuredmedia":[{"embeddable":true,"href":"https:\/\/www.polsoft.pl\/microsoft-surface\/wp-json\/wp\/v2\/media\/18991"}],"wp:attachment":[{"href":"https:\/\/www.polsoft.pl\/microsoft-surface\/wp-json\/wp\/v2\/media?parent=18742"}],"wp:term":[{"taxonomy":"product_brand","embeddable":true,"href":"https:\/\/www.polsoft.pl\/microsoft-surface\/wp-json\/wp\/v2\/product_brand?post=18742"},{"taxonomy":"product_cat","embeddable":true,"href":"https:\/\/www.polsoft.pl\/microsoft-surface\/wp-json\/wp\/v2\/product_cat?post=18742"},{"taxonomy":"product_tag","embeddable":true,"href":"https:\/\/www.polsoft.pl\/microsoft-surface\/wp-json\/wp\/v2\/product_tag?post=18742"}],"curies":[{"name":"wp","href":"https:\/\/api.w.org\/{rel}","templated":true}]}}