{"id":18745,"date":"2025-03-21T12:21:46","date_gmt":"2025-03-21T11:21:46","guid":{"rendered":"https:\/\/polsoft.pl\/microsoft-surface\/produkt\/microsoft-surface-laptop-7-15-ep2-22858-ultra-7-268v-32gb-512gb-15-wifi-czarny\/"},"modified":"2026-01-23T12:46:44","modified_gmt":"2026-01-23T11:46:44","slug":"microsoft-surface-laptop-7-15-ep2-22858-ultra-7-268v-32gb-512gb-15-wifi-czarny","status":"publish","type":"product","link":"https:\/\/www.polsoft.pl\/microsoft-surface\/produkt\/microsoft-surface-laptop-7-15-ep2-22858-ultra-7-268v-32gb-512gb-15-wifi-czarny\/","title":{"rendered":"Microsoft Surface Laptop 7 15&#8221; EP2-22858 Ultra 7 268V\/32GB\/512GB\/15&#8243;\/WiFi\/Czarny"},"content":{"rendered":"<p>Microsoft Surface Laptop 7 15\u201d EP2-22858 w kolorze czarnym to pot\u0119\u017cne i eleganckie narz\u0119dzie stworzone z my\u015bl\u0105 o zaawansowanych u\u017cytkownikach biznesowych i tw\u00f3rcach. Dzi\u0119ki po\u0142\u0105czeniu procesora Intel\u00ae Core\u2122 Ultra 7 268V oraz grafiki Intel\u00ae Arc\u2122 Graphics, laptop ten gwarantuje wyj\u0105tkow\u0105 wydajno\u015b\u0107 i p\u0142ynno\u015b\u0107 dzia\u0142ania nawet pod du\u017cym obci\u0105\u017ceniem.<\/p>\n<p>Surface Laptop 7\u00a0 wyposa\u017cono w 32 GB pami\u0119ci RAM oraz szybki dysk SSD o pojemno\u015bci 512 GB, kt\u00f3ry mo\u017cna wymienia\u0107 w przysz\u0142o\u015bci. Taka konfiguracja jest idealna dla profesjonalist\u00f3w pracuj\u0105cych z du\u017cymi bazami danych, skomplikowanymi projektami graficznymi czy wieloma aplikacjami jednocze\u015bnie.<\/p>\n<p>15-calowy ekran dotykowy PixelSense\u2122 o rozdzielczo\u015bci 2496 x 1664 (201 PPI) oferuje zachwycaj\u0105c\u0105 jako\u015b\u0107 obrazu i wierne odwzorowanie kolor\u00f3w. Technologia Dolby Vision IQ\u2122 i adaptacyjne dopasowanie kolor\u00f3w inteligentnie reguluj\u0105 wy\u015bwietlacz do o\u015bwietlenia, zapewniaj\u0105c komfort pracy i rozrywki. Wytrzyma\u0142e szk\u0142o Corning\u00ae Gorilla\u00ae Glass 5 chroni ekran przed przypadkowymi uszkodzeniami.<\/p>\n<p>Laptop zapewnia szerokie mo\u017cliwo\u015bci \u0142\u0105czno\u015bci, w tym Wi-Fi 6E, Bluetooth\u00ae 5.4 oraz dwa porty USB-C\u00ae z obs\u0142ug\u0105 USB 4 i Thunderbolt\u2122 4. Umo\u017cliwiaj\u0105 one szybki transfer plik\u00f3w, pod\u0142\u0105czanie nowoczesnych urz\u0105dze\u0144 peryferyjnych i tworzenie rozbudowanych stanowisk pracy.<\/p>\n<p>Bezpiecze\u0144stwo Twoich danych jest priorytetem, dlatego laptop posiada modu\u0142 TPM 2.0, system bezhas\u0142owego logowania Windows Hello z rozpoznawaniem twarzy oraz zaawansowane zabezpieczenia wbudowane w system Windows 11.<\/p>\n<p>Wbudowana funkcja Copilot dzia\u0142a jak inteligentny asystent, kt\u00f3ry usprawnia organizacj\u0119 pracy, pomaga w pisaniu i analizie danych, a tak\u017ce pozwala w pe\u0142ni wykorzysta\u0107 potencja\u0142 komputera przy mniejszym wysi\u0142ku.<\/p>\n<p>Podsumowuj\u0105c, Microsoft Surface Laptop 7 15\u201d EP2-22858 to stylowy, niezwykle wydajny i wszechstronny notebook dla wymagaj\u0105cych. To idealne rozwi\u0105zanie dla os\u00f3b, kt\u00f3re potrzebuj\u0105 pot\u0119\u017cnego narz\u0119dzia, ceni\u0105c jednocze\u015bnie elegancj\u0119, niezawodno\u015b\u0107 i nowoczesne technologie.<\/p>\n","protected":false},"excerpt":{"rendered":"<p>Microsoft Surface Laptop 7 15\u201d EP2-22858 w kolorze czarnym to pot\u0119\u017cne i eleganckie narz\u0119dzie stworzone z my\u015bl\u0105 o zaawansowanych u\u017cytkownikach biznesowych i tw\u00f3rcach. Dzi\u0119ki po\u0142\u0105czeniu procesora Intel\u00ae Core\u2122 Ultra 7 268V oraz grafiki Intel\u00ae Arc\u2122 Graphics, laptop ten gwarantuje wyj\u0105tkow\u0105 wydajno\u015b\u0107 i p\u0142ynno\u015b\u0107 dzia\u0142ania nawet pod du\u017cym obci\u0105\u017ceniem. Surface Laptop 7\u00a0 wyposa\u017cono w 32 GB [&hellip;]<\/p>\n","protected":false},"featured_media":18995,"template":"","meta":{"site-sidebar-layout":"default","site-content-layout":"","ast-site-content-layout":"default","site-content-style":"default","site-sidebar-style":"default","ast-global-header-display":"","ast-banner-title-visibility":"","ast-main-header-display":"","ast-hfb-above-header-display":"","ast-hfb-below-header-display":"","ast-hfb-mobile-header-display":"","site-post-title":"","ast-breadcrumbs-content":"","ast-featured-img":"","footer-sml-layout":"","ast-disable-related-posts":"","theme-transparent-header-meta":"default","adv-header-id-meta":"","stick-header-meta":"","header-above-stick-meta":"","header-main-stick-meta":"","header-below-stick-meta":"","astra-migrate-meta-layouts":"set","ast-page-background-enabled":"default","ast-page-background-meta":{"desktop":{"background-color":"","background-image":"","background-repeat":"repeat","background-position":"center center","background-size":"auto","background-attachment":"scroll","background-type":"","background-media":"","overlay-type":"","overlay-color":"","overlay-opacity":"","overlay-gradient":""},"tablet":{"background-color":"","background-image":"","background-repeat":"repeat","background-position":"center center","background-size":"auto","background-attachment":"scroll","background-type":"","background-media":"","overlay-type":"","overlay-color":"","overlay-opacity":"","overlay-gradient":""},"mobile":{"background-color":"","background-image":"","background-repeat":"repeat","background-position":"center center","background-size":"auto","background-attachment":"scroll","background-type":"","background-media":"","overlay-type":"","overlay-color":"","overlay-opacity":"","overlay-gradient":""}},"ast-content-background-meta":{"desktop":{"background-color":"var(--ast-global-color-5)","background-image":"","background-repeat":"repeat","background-position":"center center","background-size":"auto","background-attachment":"scroll","background-type":"","background-media":"","overlay-type":"","overlay-color":"","overlay-opacity":"","overlay-gradient":""},"tablet":{"background-color":"var(--ast-global-color-5)","background-image":"","background-repeat":"repeat","background-position":"center center","background-size":"auto","background-attachment":"scroll","background-type":"","background-media":"","overlay-type":"","overlay-color":"","overlay-opacity":"","overlay-gradient":""},"mobile":{"background-color":"var(--ast-global-color-5)","background-image":"","background-repeat":"repeat","background-position":"center center","background-size":"auto","background-attachment":"scroll","background-type":"","background-media":"","overlay-type":"","overlay-color":"","overlay-opacity":"","overlay-gradient":""}},"_links_to":"","_links_to_target":""},"product_brand":[],"product_cat":[70,315],"product_tag":[],"class_list":{"0":"post-18745","1":"product","2":"type-product","3":"status-publish","4":"has-post-thumbnail","6":"product_cat-laptopy-microsoft-surface","7":"product_cat-microsoft-surface-laptop-7","8":"pa_dodatkowe-komponenty-wifi","9":"pa_matryca-43","10":"pa_model-procesora-ultra-7-268v","11":"pa_pamiec-ram-32gb","12":"pa_pojemnosc-dysku-512gb","13":"pa_producent-procesora-intel","14":"desktop-align-left","15":"tablet-align-left","16":"mobile-align-left","18":"first","19":"instock","20":"taxable","21":"shipping-taxable","22":"purchasable","23":"product-type-simple"},"yoast_head":"<!-- This site is optimized with the Yoast SEO plugin v26.7 - https:\/\/yoast.com\/wordpress\/plugins\/seo\/ -->\n<title>Microsoft Surface Laptop 7 15&#039;&#039; EP2-22858 Ultra 7 268V\/32GB\/512GB\/15&quot;\/WiFi\/Czarny - Sklep rozwi\u0105za\u0144 Microsoft Surface<\/title>\n<meta name=\"description\" content=\"Surface Laptop 7 \u2013 nowoczesny laptop z ekranem dotykowym, \u0142\u0105czno\u015bci\u0105 5G i moc\u0105 AI. Wybierz mobilno\u015b\u0107 i styl. Kup ju\u017c dzi\u015b z szybk\u0105 dostaw\u0105!\" \/>\n<meta name=\"robots\" content=\"index, follow, max-snippet:-1, max-image-preview:large, max-video-preview:-1\" \/>\n<link rel=\"canonical\" href=\"https:\/\/polsoft.pl\/microsoft-surface\/produkt\/microsoft-surface-laptop-7-15-ep2-22858-ultra-7-268v-32gb-512gb-15-wifi-czarny\/\" \/>\n<meta property=\"og:locale\" content=\"pl_PL\" \/>\n<meta property=\"og:type\" content=\"article\" \/>\n<meta property=\"og:title\" content=\"Microsoft Surface Laptop 7 15&#039;&#039; EP2-22858 Ultra 7 268V\/32GB\/512GB\/15&quot;\/WiFi\/Czarny - Sklep rozwi\u0105za\u0144 Microsoft Surface\" \/>\n<meta property=\"og:description\" content=\"Surface Laptop 7 \u2013 nowoczesny laptop z ekranem dotykowym, \u0142\u0105czno\u015bci\u0105 5G i moc\u0105 AI. Wybierz mobilno\u015b\u0107 i styl. Kup ju\u017c dzi\u015b z szybk\u0105 dostaw\u0105!\" \/>\n<meta property=\"og:url\" content=\"https:\/\/polsoft.pl\/microsoft-surface\/produkt\/microsoft-surface-laptop-7-15-ep2-22858-ultra-7-268v-32gb-512gb-15-wifi-czarny\/\" \/>\n<meta property=\"og:site_name\" content=\"Sklep rozwi\u0105za\u0144 Microsoft Surface\" \/>\n<meta property=\"article:modified_time\" content=\"2026-01-23T11:46:44+00:00\" \/>\n<meta property=\"og:image\" content=\"https:\/\/polsoft.pl\/microsoft-surface\/wp-content\/uploads\/Laptopy\/Microsoft-Surface-Laptop-7-EP2-22858-2.jpg\" \/>\n\t<meta property=\"og:image:width\" content=\"1668\" \/>\n\t<meta property=\"og:image:height\" content=\"1668\" \/>\n\t<meta property=\"og:image:type\" content=\"image\/jpeg\" \/>\n<meta name=\"twitter:card\" content=\"summary_large_image\" \/>\n<meta name=\"twitter:label1\" content=\"Szacowany czas czytania\" \/>\n\t<meta name=\"twitter:data1\" content=\"2 minuty\" \/>\n<script type=\"application\/ld+json\" class=\"yoast-schema-graph\">{\"@context\":\"https:\/\/schema.org\",\"@graph\":[{\"@type\":\"WebPage\",\"@id\":\"https:\/\/polsoft.pl\/microsoft-surface\/produkt\/microsoft-surface-laptop-7-15-ep2-22858-ultra-7-268v-32gb-512gb-15-wifi-czarny\/\",\"url\":\"https:\/\/polsoft.pl\/microsoft-surface\/produkt\/microsoft-surface-laptop-7-15-ep2-22858-ultra-7-268v-32gb-512gb-15-wifi-czarny\/\",\"name\":\"Microsoft Surface Laptop 7 15'' EP2-22858 Ultra 7 268V\/32GB\/512GB\/15\\\"\/WiFi\/Czarny - Sklep rozwi\u0105za\u0144 Microsoft Surface\",\"isPartOf\":{\"@id\":\"https:\/\/polsoft.pl\/microsoft-surface\/#website\"},\"primaryImageOfPage\":{\"@id\":\"https:\/\/polsoft.pl\/microsoft-surface\/produkt\/microsoft-surface-laptop-7-15-ep2-22858-ultra-7-268v-32gb-512gb-15-wifi-czarny\/#primaryimage\"},\"image\":{\"@id\":\"https:\/\/polsoft.pl\/microsoft-surface\/produkt\/microsoft-surface-laptop-7-15-ep2-22858-ultra-7-268v-32gb-512gb-15-wifi-czarny\/#primaryimage\"},\"thumbnailUrl\":\"https:\/\/www.polsoft.pl\/microsoft-surface\/wp-content\/uploads\/Laptopy\/Microsoft-Surface-Laptop-7-EP2-22858-2.jpg\",\"datePublished\":\"2025-03-21T11:21:46+00:00\",\"dateModified\":\"2026-01-23T11:46:44+00:00\",\"description\":\"Surface Laptop 7 \u2013 nowoczesny laptop z ekranem dotykowym, \u0142\u0105czno\u015bci\u0105 5G i moc\u0105 AI. Wybierz mobilno\u015b\u0107 i styl. Kup ju\u017c dzi\u015b z szybk\u0105 dostaw\u0105!\",\"breadcrumb\":{\"@id\":\"https:\/\/polsoft.pl\/microsoft-surface\/produkt\/microsoft-surface-laptop-7-15-ep2-22858-ultra-7-268v-32gb-512gb-15-wifi-czarny\/#breadcrumb\"},\"inLanguage\":\"pl-PL\",\"potentialAction\":[{\"@type\":\"ReadAction\",\"target\":[\"https:\/\/polsoft.pl\/microsoft-surface\/produkt\/microsoft-surface-laptop-7-15-ep2-22858-ultra-7-268v-32gb-512gb-15-wifi-czarny\/\"]}]},{\"@type\":\"ImageObject\",\"inLanguage\":\"pl-PL\",\"@id\":\"https:\/\/polsoft.pl\/microsoft-surface\/produkt\/microsoft-surface-laptop-7-15-ep2-22858-ultra-7-268v-32gb-512gb-15-wifi-czarny\/#primaryimage\",\"url\":\"https:\/\/www.polsoft.pl\/microsoft-surface\/wp-content\/uploads\/Laptopy\/Microsoft-Surface-Laptop-7-EP2-22858-2.jpg\",\"contentUrl\":\"https:\/\/www.polsoft.pl\/microsoft-surface\/wp-content\/uploads\/Laptopy\/Microsoft-Surface-Laptop-7-EP2-22858-2.jpg\",\"width\":1668,\"height\":1668},{\"@type\":\"BreadcrumbList\",\"@id\":\"https:\/\/polsoft.pl\/microsoft-surface\/produkt\/microsoft-surface-laptop-7-15-ep2-22858-ultra-7-268v-32gb-512gb-15-wifi-czarny\/#breadcrumb\",\"itemListElement\":[{\"@type\":\"ListItem\",\"position\":1,\"name\":\"Strona g\u0142\u00f3wna\",\"item\":\"https:\/\/polsoft.pl\/microsoft-surface\/\"},{\"@type\":\"ListItem\",\"position\":2,\"name\":\"Sklep\",\"item\":\"https:\/\/polsoft.pl\/microsoft-surface\/sklep\/\"},{\"@type\":\"ListItem\",\"position\":3,\"name\":\"Microsoft Surface Laptop 7 15&#8221; EP2-22858 Ultra 7 268V\/32GB\/512GB\/15&#8243;\/WiFi\/Czarny\"}]},{\"@type\":\"WebSite\",\"@id\":\"https:\/\/polsoft.pl\/microsoft-surface\/#website\",\"url\":\"https:\/\/polsoft.pl\/microsoft-surface\/\",\"name\":\"Sklep Microsoft Surface\",\"description\":\"Sklep Microsoft Surface\",\"publisher\":{\"@id\":\"https:\/\/polsoft.pl\/microsoft-surface\/#organization\"},\"potentialAction\":[{\"@type\":\"SearchAction\",\"target\":{\"@type\":\"EntryPoint\",\"urlTemplate\":\"https:\/\/polsoft.pl\/microsoft-surface\/?s={search_term_string}\"},\"query-input\":{\"@type\":\"PropertyValueSpecification\",\"valueRequired\":true,\"valueName\":\"search_term_string\"}}],\"inLanguage\":\"pl-PL\"},{\"@type\":\"Organization\",\"@id\":\"https:\/\/polsoft.pl\/microsoft-surface\/#organization\",\"name\":\"Polsoft Engineering Sp. z o.o.\",\"url\":\"https:\/\/polsoft.pl\/microsoft-surface\/\",\"logo\":{\"@type\":\"ImageObject\",\"inLanguage\":\"pl-PL\",\"@id\":\"https:\/\/polsoft.pl\/microsoft-surface\/#\/schema\/logo\/image\/\",\"url\":\"https:\/\/www.polsoft.pl\/microsoft-surface\/wp-content\/uploads\/2020\/10\/microsoft_partner_logo_black_polsoft.png\",\"contentUrl\":\"https:\/\/www.polsoft.pl\/microsoft-surface\/wp-content\/uploads\/2020\/10\/microsoft_partner_logo_black_polsoft.png\",\"width\":613,\"height\":158,\"caption\":\"Polsoft Engineering Sp. z o.o.\"},\"image\":{\"@id\":\"https:\/\/polsoft.pl\/microsoft-surface\/#\/schema\/logo\/image\/\"}}]}<\/script>\n<!-- \/ Yoast SEO plugin. -->","yoast_head_json":{"title":"Microsoft Surface Laptop 7 15'' EP2-22858 Ultra 7 268V\/32GB\/512GB\/15\"\/WiFi\/Czarny - Sklep rozwi\u0105za\u0144 Microsoft Surface","description":"Surface Laptop 7 \u2013 nowoczesny laptop z ekranem dotykowym, \u0142\u0105czno\u015bci\u0105 5G i moc\u0105 AI. Wybierz mobilno\u015b\u0107 i styl. Kup ju\u017c dzi\u015b z szybk\u0105 dostaw\u0105!","robots":{"index":"index","follow":"follow","max-snippet":"max-snippet:-1","max-image-preview":"max-image-preview:large","max-video-preview":"max-video-preview:-1"},"canonical":"https:\/\/polsoft.pl\/microsoft-surface\/produkt\/microsoft-surface-laptop-7-15-ep2-22858-ultra-7-268v-32gb-512gb-15-wifi-czarny\/","og_locale":"pl_PL","og_type":"article","og_title":"Microsoft Surface Laptop 7 15'' EP2-22858 Ultra 7 268V\/32GB\/512GB\/15\"\/WiFi\/Czarny - Sklep rozwi\u0105za\u0144 Microsoft Surface","og_description":"Surface Laptop 7 \u2013 nowoczesny laptop z ekranem dotykowym, \u0142\u0105czno\u015bci\u0105 5G i moc\u0105 AI. Wybierz mobilno\u015b\u0107 i styl. Kup ju\u017c dzi\u015b z szybk\u0105 dostaw\u0105!","og_url":"https:\/\/polsoft.pl\/microsoft-surface\/produkt\/microsoft-surface-laptop-7-15-ep2-22858-ultra-7-268v-32gb-512gb-15-wifi-czarny\/","og_site_name":"Sklep rozwi\u0105za\u0144 Microsoft Surface","article_modified_time":"2026-01-23T11:46:44+00:00","og_image":[{"width":1668,"height":1668,"url":"https:\/\/polsoft.pl\/microsoft-surface\/wp-content\/uploads\/Laptopy\/Microsoft-Surface-Laptop-7-EP2-22858-2.jpg","type":"image\/jpeg"}],"twitter_card":"summary_large_image","twitter_misc":{"Szacowany czas czytania":"2 minuty"},"schema":{"@context":"https:\/\/schema.org","@graph":[{"@type":"WebPage","@id":"https:\/\/polsoft.pl\/microsoft-surface\/produkt\/microsoft-surface-laptop-7-15-ep2-22858-ultra-7-268v-32gb-512gb-15-wifi-czarny\/","url":"https:\/\/polsoft.pl\/microsoft-surface\/produkt\/microsoft-surface-laptop-7-15-ep2-22858-ultra-7-268v-32gb-512gb-15-wifi-czarny\/","name":"Microsoft Surface Laptop 7 15'' EP2-22858 Ultra 7 268V\/32GB\/512GB\/15\"\/WiFi\/Czarny - Sklep rozwi\u0105za\u0144 Microsoft Surface","isPartOf":{"@id":"https:\/\/polsoft.pl\/microsoft-surface\/#website"},"primaryImageOfPage":{"@id":"https:\/\/polsoft.pl\/microsoft-surface\/produkt\/microsoft-surface-laptop-7-15-ep2-22858-ultra-7-268v-32gb-512gb-15-wifi-czarny\/#primaryimage"},"image":{"@id":"https:\/\/polsoft.pl\/microsoft-surface\/produkt\/microsoft-surface-laptop-7-15-ep2-22858-ultra-7-268v-32gb-512gb-15-wifi-czarny\/#primaryimage"},"thumbnailUrl":"https:\/\/www.polsoft.pl\/microsoft-surface\/wp-content\/uploads\/Laptopy\/Microsoft-Surface-Laptop-7-EP2-22858-2.jpg","datePublished":"2025-03-21T11:21:46+00:00","dateModified":"2026-01-23T11:46:44+00:00","description":"Surface Laptop 7 \u2013 nowoczesny laptop z ekranem dotykowym, \u0142\u0105czno\u015bci\u0105 5G i moc\u0105 AI. Wybierz mobilno\u015b\u0107 i styl. Kup ju\u017c dzi\u015b z szybk\u0105 dostaw\u0105!","breadcrumb":{"@id":"https:\/\/polsoft.pl\/microsoft-surface\/produkt\/microsoft-surface-laptop-7-15-ep2-22858-ultra-7-268v-32gb-512gb-15-wifi-czarny\/#breadcrumb"},"inLanguage":"pl-PL","potentialAction":[{"@type":"ReadAction","target":["https:\/\/polsoft.pl\/microsoft-surface\/produkt\/microsoft-surface-laptop-7-15-ep2-22858-ultra-7-268v-32gb-512gb-15-wifi-czarny\/"]}]},{"@type":"ImageObject","inLanguage":"pl-PL","@id":"https:\/\/polsoft.pl\/microsoft-surface\/produkt\/microsoft-surface-laptop-7-15-ep2-22858-ultra-7-268v-32gb-512gb-15-wifi-czarny\/#primaryimage","url":"https:\/\/www.polsoft.pl\/microsoft-surface\/wp-content\/uploads\/Laptopy\/Microsoft-Surface-Laptop-7-EP2-22858-2.jpg","contentUrl":"https:\/\/www.polsoft.pl\/microsoft-surface\/wp-content\/uploads\/Laptopy\/Microsoft-Surface-Laptop-7-EP2-22858-2.jpg","width":1668,"height":1668},{"@type":"BreadcrumbList","@id":"https:\/\/polsoft.pl\/microsoft-surface\/produkt\/microsoft-surface-laptop-7-15-ep2-22858-ultra-7-268v-32gb-512gb-15-wifi-czarny\/#breadcrumb","itemListElement":[{"@type":"ListItem","position":1,"name":"Strona g\u0142\u00f3wna","item":"https:\/\/polsoft.pl\/microsoft-surface\/"},{"@type":"ListItem","position":2,"name":"Sklep","item":"https:\/\/polsoft.pl\/microsoft-surface\/sklep\/"},{"@type":"ListItem","position":3,"name":"Microsoft Surface Laptop 7 15&#8221; EP2-22858 Ultra 7 268V\/32GB\/512GB\/15&#8243;\/WiFi\/Czarny"}]},{"@type":"WebSite","@id":"https:\/\/polsoft.pl\/microsoft-surface\/#website","url":"https:\/\/polsoft.pl\/microsoft-surface\/","name":"Sklep Microsoft Surface","description":"Sklep Microsoft Surface","publisher":{"@id":"https:\/\/polsoft.pl\/microsoft-surface\/#organization"},"potentialAction":[{"@type":"SearchAction","target":{"@type":"EntryPoint","urlTemplate":"https:\/\/polsoft.pl\/microsoft-surface\/?s={search_term_string}"},"query-input":{"@type":"PropertyValueSpecification","valueRequired":true,"valueName":"search_term_string"}}],"inLanguage":"pl-PL"},{"@type":"Organization","@id":"https:\/\/polsoft.pl\/microsoft-surface\/#organization","name":"Polsoft Engineering Sp. z o.o.","url":"https:\/\/polsoft.pl\/microsoft-surface\/","logo":{"@type":"ImageObject","inLanguage":"pl-PL","@id":"https:\/\/polsoft.pl\/microsoft-surface\/#\/schema\/logo\/image\/","url":"https:\/\/www.polsoft.pl\/microsoft-surface\/wp-content\/uploads\/2020\/10\/microsoft_partner_logo_black_polsoft.png","contentUrl":"https:\/\/www.polsoft.pl\/microsoft-surface\/wp-content\/uploads\/2020\/10\/microsoft_partner_logo_black_polsoft.png","width":613,"height":158,"caption":"Polsoft Engineering Sp. z o.o."},"image":{"@id":"https:\/\/polsoft.pl\/microsoft-surface\/#\/schema\/logo\/image\/"}}]}},"_links":{"self":[{"href":"https:\/\/www.polsoft.pl\/microsoft-surface\/wp-json\/wp\/v2\/product\/18745","targetHints":{"allow":["GET"]}}],"collection":[{"href":"https:\/\/www.polsoft.pl\/microsoft-surface\/wp-json\/wp\/v2\/product"}],"about":[{"href":"https:\/\/www.polsoft.pl\/microsoft-surface\/wp-json\/wp\/v2\/types\/product"}],"version-history":[{"count":4,"href":"https:\/\/www.polsoft.pl\/microsoft-surface\/wp-json\/wp\/v2\/product\/18745\/revisions"}],"predecessor-version":[{"id":19827,"href":"https:\/\/www.polsoft.pl\/microsoft-surface\/wp-json\/wp\/v2\/product\/18745\/revisions\/19827"}],"wp:featuredmedia":[{"embeddable":true,"href":"https:\/\/www.polsoft.pl\/microsoft-surface\/wp-json\/wp\/v2\/media\/18995"}],"wp:attachment":[{"href":"https:\/\/www.polsoft.pl\/microsoft-surface\/wp-json\/wp\/v2\/media?parent=18745"}],"wp:term":[{"taxonomy":"product_brand","embeddable":true,"href":"https:\/\/www.polsoft.pl\/microsoft-surface\/wp-json\/wp\/v2\/product_brand?post=18745"},{"taxonomy":"product_cat","embeddable":true,"href":"https:\/\/www.polsoft.pl\/microsoft-surface\/wp-json\/wp\/v2\/product_cat?post=18745"},{"taxonomy":"product_tag","embeddable":true,"href":"https:\/\/www.polsoft.pl\/microsoft-surface\/wp-json\/wp\/v2\/product_tag?post=18745"}],"curies":[{"name":"wp","href":"https:\/\/api.w.org\/{rel}","templated":true}]}}