{"id":18769,"date":"2025-03-21T12:21:46","date_gmt":"2025-03-21T11:21:46","guid":{"rendered":"https:\/\/polsoft.pl\/microsoft-surface\/produkt\/microsoft-surface-signature-type-cover-pro-flex-keyboard-zra-00008\/"},"modified":"2026-01-23T12:47:01","modified_gmt":"2026-01-23T11:47:01","slug":"microsoft-surface-signature-type-cover-pro-flex-keyboard-zra-00008","status":"publish","type":"product","link":"https:\/\/www.polsoft.pl\/microsoft-surface\/produkt\/microsoft-surface-signature-type-cover-pro-flex-keyboard-zra-00008\/","title":{"rendered":"Microsoft Surface Signature Type Cover Pro Flex Keyboard ZRA-00008"},"content":{"rendered":"<p>Uwolnij sw\u00f3j potencja\u0142 i pracuj tak, jak lubisz, dzi\u0119ki rewolucyjnej klawiaturze Microsoft Surface Pro Flex Keyboard ZRA-00008. To nie jest zwyk\u0142e akcesorium \u2013 to nowy wymiar elastyczno\u015bci, kt\u00f3ry na zawsze zmieni Tw\u00f3j spos\u00f3b pracy z urz\u0105dzeniem Surface Pro. To pierwsza w historii klawiatura Surface, kt\u00f3ra dzia\u0142a r\u00f3wnie doskonale po pod\u0142\u0105czeniu, jak i ca\u0142kowicie bezprzewodowo, daj\u0105c Ci bezprecedensow\u0105 swobod\u0119 aran\u017cacji swojego miejsca pracy. Zaprojektowana w eleganckim, platynowym kolorze i pokryta luksusowym materia\u0142em, ta klawiatura jest idealnym wyborem dla profesjonalist\u00f3w, kt\u00f3rzy ceni\u0105 sobie innowacyjno\u015b\u0107, ergonomi\u0119 i najwy\u017cszy komfort.<\/p>\n<p>Rewolucyjna technologia Flex pozwala Ci wybra\u0107, jak chcesz pracowa\u0107. <span class=\"citation-217 citation-end-217\">W trybie klasycznym, klawiatura \u0142\u0105czy si\u0119 magnetycznie z Twoim Surface Pro, tworz\u0105c solidn\u0105 i stabiln\u0105 podstaw\u0119 do pisania, kt\u00f3ra daje poczucie pracy na tradycyjnym laptopie klasy premium.<\/span> Jednak prawdziwa wolno\u015b\u0107 zaczyna si\u0119 po jej od\u0142\u0105czeniu. Dzi\u0119ki niezawodnej, wbudowanej baterii i \u0142\u0105czno\u015bci Bluetooth, mo\u017cesz umie\u015bci\u0107 klawiatur\u0119 w dowolnym miejscu \u2013 na kolanach, gdy relaksujesz si\u0119 na kanapie, na drugim ko\u0144cu sto\u0142u podczas prezentacji, czy w idealnej dla siebie, ergonomicznej pozycji, podczas gdy ekran Surface Pro pozostaje na podstawce w optymalnej odleg\u0142o\u015bci od Twoich oczu. To nowy poziom komfortu, kt\u00f3ry pozwala Ci pracowa\u0107 d\u0142u\u017cej i wydajniej, bez b\u00f3lu nadgarstk\u00f3w.<\/p>\n<p>Do\u015bwiadczenie pisania i nawigacji na tej klawiaturze stoi na najwy\u017cszym poziomie. Pe\u0142nowymiarowy zestaw klawiszy o zoptymalizowanym skoku i cichym mechanizmie sprawia, \u017ce pisanie d\u0142ugich tekst\u00f3w staje si\u0119 czyst\u0105 przyjemno\u015bci\u0105. Mimo smuk\u0142ej i lekkiej formy, posiada ona wzmocniony rdze\u0144 z w\u0142\u00f3kna w\u0119glowego, kt\u00f3ry zapewnia wyj\u0105tkow\u0105 stabilno\u015b\u0107 podczas pisania, eliminuj\u0105c ugi\u0119cia. Nawigacj\u0119 rewolucjonizuje du\u017cy, precyzyjny i niezwykle cichy g\u0142adzik haptyczny. To najbardziej zaawansowany g\u0142adzik w historii Surface, kt\u00f3ry daje Ci fizyczne odczucia podczas klikania i jest w pe\u0142ni personalizowalny. <span class=\"citation-216\">Ca\u0142o\u015b\u0107 pokryta jest luksusowym materia\u0142em <\/span><span class=\"citation-216\">Alcantara\u00ae<\/span><span class=\"citation-216 citation-end-216\">, kt\u00f3ry jest nie tylko pi\u0119kny, ale i trwa\u0142y oraz przyjemny w dotyku.<\/span><\/p>\n<p>Klawiatura Surface Pro Flex zosta\u0142a zaprojektowana z my\u015bl\u0105 o pe\u0142nej integracji z Twoim kreatywnym przep\u0142ywem pracy. Posiada wbudowany, magnetyczny dok, kt\u00f3ry s\u0142u\u017cy do bezpiecznego przechowywania i bezprzewodowego \u0142adowania pi\u00f3ra Surface Slim Pen 2 (do nabycia osobno). To genialne w swojej prostocie rozwi\u0105zanie sprawia, \u017ce je\u015bli posiadasz ju\u017c pi\u00f3ro lub planujesz jego zakup, b\u0119dzie ono zawsze na\u0142adowane, bezpieczne i gotowe do uchwycenia ka\u017cdej inspiracji, idealnie wkomponowane w ca\u0142o\u015b\u0107. Ju\u017c nigdy nie musisz si\u0119 martwi\u0107 o zgubienie pi\u00f3ra czy jego niski poziom baterii.<\/p>\n<p>Klawiatura zosta\u0142a zaprojektowana z my\u015bl\u0105 o inteligentnej funkcjonalno\u015bci. Nowy, dedykowany klawisz Copilot to Tw\u00f3j skr\u00f3t do \u015bwiata sztucznej inteligencji. <span class=\"citation-215 citation-end-215\">Jedno naci\u015bni\u0119cie natychmiast uruchamia asystenta AI, gotowego do pomocy w wyszukiwaniu informacji, generowaniu tekstu czy zarz\u0105dzaniu ustawieniami.<\/span> Pe\u0142ny rz\u0105d klawiszy funkcyjnych daje Ci szybki dost\u0119p do kontroli multimedi\u00f3w, regulacji jasno\u015bci ekranu i g\u0142o\u015bno\u015bci. Po zako\u0144czeniu pracy, po prostu zamknij klawiatur\u0119, a ta zamieni si\u0119 w eleganck\u0105 i wytrzyma\u0142\u0105 os\u0142on\u0119, chroni\u0105c\u0105 cenny ekran Twojego Surface Pro przed zarysowaniami i uszkodzeniami.<\/p>\n<p>Podsumowuj\u0105c, Microsoft Surface Pro Flex Keyboard (ZRA-00008) to kluczowy element ekosystemu Surface, kt\u00f3ry uwalnia niezr\u00f3wnan\u0105 wszechstronno\u015b\u0107 Twojego urz\u0105dzenia. To idealny wyb\u00f3r dla nowoczesnego profesjonalisty, kt\u00f3ry ceni sobie elastyczno\u015b\u0107, ergonomi\u0119 i swobod\u0119 pracy ponad wszystko. To nie tylko klawiatura \u2013 to narz\u0119dzie, kt\u00f3re pozwala Ci pracowa\u0107 m\u0105drzej, wygodniej i bardziej efektywnie, gdziekolwiek jeste\u015b.<\/p>\n","protected":false},"excerpt":{"rendered":"<p>Uwolnij sw\u00f3j potencja\u0142 i pracuj tak, jak lubisz, dzi\u0119ki rewolucyjnej klawiaturze Microsoft Surface Pro Flex Keyboard ZRA-00008. To nie jest zwyk\u0142e akcesorium \u2013 to nowy wymiar elastyczno\u015bci, kt\u00f3ry na zawsze zmieni Tw\u00f3j spos\u00f3b pracy z urz\u0105dzeniem Surface Pro. To pierwsza w historii klawiatura Surface, kt\u00f3ra dzia\u0142a r\u00f3wnie doskonale po pod\u0142\u0105czeniu, jak i ca\u0142kowicie bezprzewodowo, daj\u0105c [&hellip;]<\/p>\n","protected":false},"featured_media":19463,"template":"","meta":{"site-sidebar-layout":"default","site-content-layout":"","ast-site-content-layout":"default","site-content-style":"default","site-sidebar-style":"default","ast-global-header-display":"","ast-banner-title-visibility":"","ast-main-header-display":"","ast-hfb-above-header-display":"","ast-hfb-below-header-display":"","ast-hfb-mobile-header-display":"","site-post-title":"","ast-breadcrumbs-content":"","ast-featured-img":"","footer-sml-layout":"","ast-disable-related-posts":"","theme-transparent-header-meta":"default","adv-header-id-meta":"","stick-header-meta":"","header-above-stick-meta":"","header-main-stick-meta":"","header-below-stick-meta":"","astra-migrate-meta-layouts":"set","ast-page-background-enabled":"default","ast-page-background-meta":{"desktop":{"background-color":"","background-image":"","background-repeat":"repeat","background-position":"center center","background-size":"auto","background-attachment":"scroll","background-type":"","background-media":"","overlay-type":"","overlay-color":"","overlay-opacity":"","overlay-gradient":""},"tablet":{"background-color":"","background-image":"","background-repeat":"repeat","background-position":"center center","background-size":"auto","background-attachment":"scroll","background-type":"","background-media":"","overlay-type":"","overlay-color":"","overlay-opacity":"","overlay-gradient":""},"mobile":{"background-color":"","background-image":"","background-repeat":"repeat","background-position":"center center","background-size":"auto","background-attachment":"scroll","background-type":"","background-media":"","overlay-type":"","overlay-color":"","overlay-opacity":"","overlay-gradient":""}},"ast-content-background-meta":{"desktop":{"background-color":"var(--ast-global-color-5)","background-image":"","background-repeat":"repeat","background-position":"center center","background-size":"auto","background-attachment":"scroll","background-type":"","background-media":"","overlay-type":"","overlay-color":"","overlay-opacity":"","overlay-gradient":""},"tablet":{"background-color":"var(--ast-global-color-5)","background-image":"","background-repeat":"repeat","background-position":"center center","background-size":"auto","background-attachment":"scroll","background-type":"","background-media":"","overlay-type":"","overlay-color":"","overlay-opacity":"","overlay-gradient":""},"mobile":{"background-color":"var(--ast-global-color-5)","background-image":"","background-repeat":"repeat","background-position":"center center","background-size":"auto","background-attachment":"scroll","background-type":"","background-media":"","overlay-type":"","overlay-color":"","overlay-opacity":"","overlay-gradient":""}},"_links_to":"","_links_to_target":""},"product_brand":[],"product_cat":[90],"product_tag":[],"class_list":{"0":"post-18769","1":"product","2":"type-product","3":"status-publish","4":"has-post-thumbnail","6":"product_cat-akcesoria-microsoft-surface","7":"desktop-align-left","8":"tablet-align-left","9":"mobile-align-left","11":"first","12":"instock","13":"taxable","14":"shipping-taxable","15":"purchasable","16":"product-type-simple"},"yoast_head":"<!-- This site is optimized with the Yoast SEO plugin v26.7 - https:\/\/yoast.com\/wordpress\/plugins\/seo\/ -->\n<title>Microsoft Surface Signature Type Cover Pro Flex Keyboard ZRA-00008 - Sklep rozwi\u0105za\u0144 Microsoft Surface<\/title>\n<meta name=\"robots\" content=\"index, follow, max-snippet:-1, max-image-preview:large, max-video-preview:-1\" \/>\n<link rel=\"canonical\" href=\"https:\/\/polsoft.pl\/microsoft-surface\/produkt\/microsoft-surface-signature-type-cover-pro-flex-keyboard-zra-00008\/\" \/>\n<meta property=\"og:locale\" content=\"pl_PL\" \/>\n<meta property=\"og:type\" content=\"article\" \/>\n<meta property=\"og:title\" content=\"Microsoft Surface Signature Type Cover Pro Flex Keyboard ZRA-00008 - Sklep rozwi\u0105za\u0144 Microsoft Surface\" \/>\n<meta property=\"og:description\" content=\"Uwolnij sw\u00f3j potencja\u0142 i pracuj tak, jak lubisz, dzi\u0119ki rewolucyjnej klawiaturze Microsoft Surface Pro Flex Keyboard ZRA-00008. To nie jest zwyk\u0142e akcesorium \u2013 to nowy wymiar elastyczno\u015bci, kt\u00f3ry na zawsze zmieni Tw\u00f3j spos\u00f3b pracy z urz\u0105dzeniem Surface Pro. To pierwsza w historii klawiatura Surface, kt\u00f3ra dzia\u0142a r\u00f3wnie doskonale po pod\u0142\u0105czeniu, jak i ca\u0142kowicie bezprzewodowo, daj\u0105c [&hellip;]\" \/>\n<meta property=\"og:url\" content=\"https:\/\/polsoft.pl\/microsoft-surface\/produkt\/microsoft-surface-signature-type-cover-pro-flex-keyboard-zra-00008\/\" \/>\n<meta property=\"og:site_name\" content=\"Sklep rozwi\u0105za\u0144 Microsoft Surface\" \/>\n<meta property=\"article:modified_time\" content=\"2026-01-23T11:47:01+00:00\" \/>\n<meta property=\"og:image\" content=\"https:\/\/polsoft.pl\/microsoft-surface\/wp-content\/uploads\/Laptopy\/Microsoft-Surface-Signature-Type-Cover-Pro-Flex-Keyboard-ZRA-00008.jpg\" \/>\n\t<meta property=\"og:image:width\" content=\"2000\" \/>\n\t<meta property=\"og:image:height\" content=\"2000\" \/>\n\t<meta property=\"og:image:type\" content=\"image\/jpeg\" \/>\n<meta name=\"twitter:card\" content=\"summary_large_image\" \/>\n<meta name=\"twitter:label1\" content=\"Szacowany czas czytania\" \/>\n\t<meta name=\"twitter:data1\" content=\"4 minuty\" \/>\n<script type=\"application\/ld+json\" class=\"yoast-schema-graph\">{\"@context\":\"https:\/\/schema.org\",\"@graph\":[{\"@type\":\"WebPage\",\"@id\":\"https:\/\/polsoft.pl\/microsoft-surface\/produkt\/microsoft-surface-signature-type-cover-pro-flex-keyboard-zra-00008\/\",\"url\":\"https:\/\/polsoft.pl\/microsoft-surface\/produkt\/microsoft-surface-signature-type-cover-pro-flex-keyboard-zra-00008\/\",\"name\":\"Microsoft Surface Signature Type Cover Pro Flex Keyboard ZRA-00008 - Sklep rozwi\u0105za\u0144 Microsoft Surface\",\"isPartOf\":{\"@id\":\"https:\/\/polsoft.pl\/microsoft-surface\/#website\"},\"primaryImageOfPage\":{\"@id\":\"https:\/\/polsoft.pl\/microsoft-surface\/produkt\/microsoft-surface-signature-type-cover-pro-flex-keyboard-zra-00008\/#primaryimage\"},\"image\":{\"@id\":\"https:\/\/polsoft.pl\/microsoft-surface\/produkt\/microsoft-surface-signature-type-cover-pro-flex-keyboard-zra-00008\/#primaryimage\"},\"thumbnailUrl\":\"https:\/\/www.polsoft.pl\/microsoft-surface\/wp-content\/uploads\/Laptopy\/Microsoft-Surface-Signature-Type-Cover-Pro-Flex-Keyboard-ZRA-00008.jpg\",\"datePublished\":\"2025-03-21T11:21:46+00:00\",\"dateModified\":\"2026-01-23T11:47:01+00:00\",\"breadcrumb\":{\"@id\":\"https:\/\/polsoft.pl\/microsoft-surface\/produkt\/microsoft-surface-signature-type-cover-pro-flex-keyboard-zra-00008\/#breadcrumb\"},\"inLanguage\":\"pl-PL\",\"potentialAction\":[{\"@type\":\"ReadAction\",\"target\":[\"https:\/\/polsoft.pl\/microsoft-surface\/produkt\/microsoft-surface-signature-type-cover-pro-flex-keyboard-zra-00008\/\"]}]},{\"@type\":\"ImageObject\",\"inLanguage\":\"pl-PL\",\"@id\":\"https:\/\/polsoft.pl\/microsoft-surface\/produkt\/microsoft-surface-signature-type-cover-pro-flex-keyboard-zra-00008\/#primaryimage\",\"url\":\"https:\/\/www.polsoft.pl\/microsoft-surface\/wp-content\/uploads\/Laptopy\/Microsoft-Surface-Signature-Type-Cover-Pro-Flex-Keyboard-ZRA-00008.jpg\",\"contentUrl\":\"https:\/\/www.polsoft.pl\/microsoft-surface\/wp-content\/uploads\/Laptopy\/Microsoft-Surface-Signature-Type-Cover-Pro-Flex-Keyboard-ZRA-00008.jpg\",\"width\":2000,\"height\":2000},{\"@type\":\"BreadcrumbList\",\"@id\":\"https:\/\/polsoft.pl\/microsoft-surface\/produkt\/microsoft-surface-signature-type-cover-pro-flex-keyboard-zra-00008\/#breadcrumb\",\"itemListElement\":[{\"@type\":\"ListItem\",\"position\":1,\"name\":\"Strona g\u0142\u00f3wna\",\"item\":\"https:\/\/polsoft.pl\/microsoft-surface\/\"},{\"@type\":\"ListItem\",\"position\":2,\"name\":\"Sklep\",\"item\":\"https:\/\/polsoft.pl\/microsoft-surface\/sklep\/\"},{\"@type\":\"ListItem\",\"position\":3,\"name\":\"Microsoft Surface Signature Type Cover Pro Flex Keyboard ZRA-00008\"}]},{\"@type\":\"WebSite\",\"@id\":\"https:\/\/polsoft.pl\/microsoft-surface\/#website\",\"url\":\"https:\/\/polsoft.pl\/microsoft-surface\/\",\"name\":\"Sklep Microsoft Surface\",\"description\":\"Sklep Microsoft Surface\",\"publisher\":{\"@id\":\"https:\/\/polsoft.pl\/microsoft-surface\/#organization\"},\"potentialAction\":[{\"@type\":\"SearchAction\",\"target\":{\"@type\":\"EntryPoint\",\"urlTemplate\":\"https:\/\/polsoft.pl\/microsoft-surface\/?s={search_term_string}\"},\"query-input\":{\"@type\":\"PropertyValueSpecification\",\"valueRequired\":true,\"valueName\":\"search_term_string\"}}],\"inLanguage\":\"pl-PL\"},{\"@type\":\"Organization\",\"@id\":\"https:\/\/polsoft.pl\/microsoft-surface\/#organization\",\"name\":\"Polsoft Engineering Sp. z o.o.\",\"url\":\"https:\/\/polsoft.pl\/microsoft-surface\/\",\"logo\":{\"@type\":\"ImageObject\",\"inLanguage\":\"pl-PL\",\"@id\":\"https:\/\/polsoft.pl\/microsoft-surface\/#\/schema\/logo\/image\/\",\"url\":\"https:\/\/www.polsoft.pl\/microsoft-surface\/wp-content\/uploads\/2020\/10\/microsoft_partner_logo_black_polsoft.png\",\"contentUrl\":\"https:\/\/www.polsoft.pl\/microsoft-surface\/wp-content\/uploads\/2020\/10\/microsoft_partner_logo_black_polsoft.png\",\"width\":613,\"height\":158,\"caption\":\"Polsoft Engineering Sp. z o.o.\"},\"image\":{\"@id\":\"https:\/\/polsoft.pl\/microsoft-surface\/#\/schema\/logo\/image\/\"}}]}<\/script>\n<!-- \/ Yoast SEO plugin. -->","yoast_head_json":{"title":"Microsoft Surface Signature Type Cover Pro Flex Keyboard ZRA-00008 - Sklep rozwi\u0105za\u0144 Microsoft Surface","robots":{"index":"index","follow":"follow","max-snippet":"max-snippet:-1","max-image-preview":"max-image-preview:large","max-video-preview":"max-video-preview:-1"},"canonical":"https:\/\/polsoft.pl\/microsoft-surface\/produkt\/microsoft-surface-signature-type-cover-pro-flex-keyboard-zra-00008\/","og_locale":"pl_PL","og_type":"article","og_title":"Microsoft Surface Signature Type Cover Pro Flex Keyboard ZRA-00008 - Sklep rozwi\u0105za\u0144 Microsoft Surface","og_description":"Uwolnij sw\u00f3j potencja\u0142 i pracuj tak, jak lubisz, dzi\u0119ki rewolucyjnej klawiaturze Microsoft Surface Pro Flex Keyboard ZRA-00008. To nie jest zwyk\u0142e akcesorium \u2013 to nowy wymiar elastyczno\u015bci, kt\u00f3ry na zawsze zmieni Tw\u00f3j spos\u00f3b pracy z urz\u0105dzeniem Surface Pro. To pierwsza w historii klawiatura Surface, kt\u00f3ra dzia\u0142a r\u00f3wnie doskonale po pod\u0142\u0105czeniu, jak i ca\u0142kowicie bezprzewodowo, daj\u0105c [&hellip;]","og_url":"https:\/\/polsoft.pl\/microsoft-surface\/produkt\/microsoft-surface-signature-type-cover-pro-flex-keyboard-zra-00008\/","og_site_name":"Sklep rozwi\u0105za\u0144 Microsoft Surface","article_modified_time":"2026-01-23T11:47:01+00:00","og_image":[{"width":2000,"height":2000,"url":"https:\/\/polsoft.pl\/microsoft-surface\/wp-content\/uploads\/Laptopy\/Microsoft-Surface-Signature-Type-Cover-Pro-Flex-Keyboard-ZRA-00008.jpg","type":"image\/jpeg"}],"twitter_card":"summary_large_image","twitter_misc":{"Szacowany czas czytania":"4 minuty"},"schema":{"@context":"https:\/\/schema.org","@graph":[{"@type":"WebPage","@id":"https:\/\/polsoft.pl\/microsoft-surface\/produkt\/microsoft-surface-signature-type-cover-pro-flex-keyboard-zra-00008\/","url":"https:\/\/polsoft.pl\/microsoft-surface\/produkt\/microsoft-surface-signature-type-cover-pro-flex-keyboard-zra-00008\/","name":"Microsoft Surface Signature Type Cover Pro Flex Keyboard ZRA-00008 - Sklep rozwi\u0105za\u0144 Microsoft Surface","isPartOf":{"@id":"https:\/\/polsoft.pl\/microsoft-surface\/#website"},"primaryImageOfPage":{"@id":"https:\/\/polsoft.pl\/microsoft-surface\/produkt\/microsoft-surface-signature-type-cover-pro-flex-keyboard-zra-00008\/#primaryimage"},"image":{"@id":"https:\/\/polsoft.pl\/microsoft-surface\/produkt\/microsoft-surface-signature-type-cover-pro-flex-keyboard-zra-00008\/#primaryimage"},"thumbnailUrl":"https:\/\/www.polsoft.pl\/microsoft-surface\/wp-content\/uploads\/Laptopy\/Microsoft-Surface-Signature-Type-Cover-Pro-Flex-Keyboard-ZRA-00008.jpg","datePublished":"2025-03-21T11:21:46+00:00","dateModified":"2026-01-23T11:47:01+00:00","breadcrumb":{"@id":"https:\/\/polsoft.pl\/microsoft-surface\/produkt\/microsoft-surface-signature-type-cover-pro-flex-keyboard-zra-00008\/#breadcrumb"},"inLanguage":"pl-PL","potentialAction":[{"@type":"ReadAction","target":["https:\/\/polsoft.pl\/microsoft-surface\/produkt\/microsoft-surface-signature-type-cover-pro-flex-keyboard-zra-00008\/"]}]},{"@type":"ImageObject","inLanguage":"pl-PL","@id":"https:\/\/polsoft.pl\/microsoft-surface\/produkt\/microsoft-surface-signature-type-cover-pro-flex-keyboard-zra-00008\/#primaryimage","url":"https:\/\/www.polsoft.pl\/microsoft-surface\/wp-content\/uploads\/Laptopy\/Microsoft-Surface-Signature-Type-Cover-Pro-Flex-Keyboard-ZRA-00008.jpg","contentUrl":"https:\/\/www.polsoft.pl\/microsoft-surface\/wp-content\/uploads\/Laptopy\/Microsoft-Surface-Signature-Type-Cover-Pro-Flex-Keyboard-ZRA-00008.jpg","width":2000,"height":2000},{"@type":"BreadcrumbList","@id":"https:\/\/polsoft.pl\/microsoft-surface\/produkt\/microsoft-surface-signature-type-cover-pro-flex-keyboard-zra-00008\/#breadcrumb","itemListElement":[{"@type":"ListItem","position":1,"name":"Strona g\u0142\u00f3wna","item":"https:\/\/polsoft.pl\/microsoft-surface\/"},{"@type":"ListItem","position":2,"name":"Sklep","item":"https:\/\/polsoft.pl\/microsoft-surface\/sklep\/"},{"@type":"ListItem","position":3,"name":"Microsoft Surface Signature Type Cover Pro Flex Keyboard ZRA-00008"}]},{"@type":"WebSite","@id":"https:\/\/polsoft.pl\/microsoft-surface\/#website","url":"https:\/\/polsoft.pl\/microsoft-surface\/","name":"Sklep Microsoft Surface","description":"Sklep Microsoft Surface","publisher":{"@id":"https:\/\/polsoft.pl\/microsoft-surface\/#organization"},"potentialAction":[{"@type":"SearchAction","target":{"@type":"EntryPoint","urlTemplate":"https:\/\/polsoft.pl\/microsoft-surface\/?s={search_term_string}"},"query-input":{"@type":"PropertyValueSpecification","valueRequired":true,"valueName":"search_term_string"}}],"inLanguage":"pl-PL"},{"@type":"Organization","@id":"https:\/\/polsoft.pl\/microsoft-surface\/#organization","name":"Polsoft Engineering Sp. z o.o.","url":"https:\/\/polsoft.pl\/microsoft-surface\/","logo":{"@type":"ImageObject","inLanguage":"pl-PL","@id":"https:\/\/polsoft.pl\/microsoft-surface\/#\/schema\/logo\/image\/","url":"https:\/\/www.polsoft.pl\/microsoft-surface\/wp-content\/uploads\/2020\/10\/microsoft_partner_logo_black_polsoft.png","contentUrl":"https:\/\/www.polsoft.pl\/microsoft-surface\/wp-content\/uploads\/2020\/10\/microsoft_partner_logo_black_polsoft.png","width":613,"height":158,"caption":"Polsoft Engineering Sp. z o.o."},"image":{"@id":"https:\/\/polsoft.pl\/microsoft-surface\/#\/schema\/logo\/image\/"}}]}},"_links":{"self":[{"href":"https:\/\/www.polsoft.pl\/microsoft-surface\/wp-json\/wp\/v2\/product\/18769","targetHints":{"allow":["GET"]}}],"collection":[{"href":"https:\/\/www.polsoft.pl\/microsoft-surface\/wp-json\/wp\/v2\/product"}],"about":[{"href":"https:\/\/www.polsoft.pl\/microsoft-surface\/wp-json\/wp\/v2\/types\/product"}],"version-history":[{"count":3,"href":"https:\/\/www.polsoft.pl\/microsoft-surface\/wp-json\/wp\/v2\/product\/18769\/revisions"}],"predecessor-version":[{"id":19466,"href":"https:\/\/www.polsoft.pl\/microsoft-surface\/wp-json\/wp\/v2\/product\/18769\/revisions\/19466"}],"wp:featuredmedia":[{"embeddable":true,"href":"https:\/\/www.polsoft.pl\/microsoft-surface\/wp-json\/wp\/v2\/media\/19463"}],"wp:attachment":[{"href":"https:\/\/www.polsoft.pl\/microsoft-surface\/wp-json\/wp\/v2\/media?parent=18769"}],"wp:term":[{"taxonomy":"product_brand","embeddable":true,"href":"https:\/\/www.polsoft.pl\/microsoft-surface\/wp-json\/wp\/v2\/product_brand?post=18769"},{"taxonomy":"product_cat","embeddable":true,"href":"https:\/\/www.polsoft.pl\/microsoft-surface\/wp-json\/wp\/v2\/product_cat?post=18769"},{"taxonomy":"product_tag","embeddable":true,"href":"https:\/\/www.polsoft.pl\/microsoft-surface\/wp-json\/wp\/v2\/product_tag?post=18769"}],"curies":[{"name":"wp","href":"https:\/\/api.w.org\/{rel}","templated":true}]}}