{"id":18775,"date":"2025-03-21T12:21:46","date_gmt":"2025-03-21T11:21:46","guid":{"rendered":"https:\/\/polsoft.pl\/microsoft-surface\/produkt\/microsoft-surface-signature-type-cover-slim-pen-copilot-8x8-00186\/"},"modified":"2025-11-12T08:31:01","modified_gmt":"2025-11-12T07:31:01","slug":"microsoft-surface-signature-type-cover-slim-pen-copilot-8x8-00186","status":"publish","type":"product","link":"https:\/\/www.polsoft.pl\/microsoft-surface\/produkt\/microsoft-surface-signature-type-cover-slim-pen-copilot-8x8-00186\/","title":{"rendered":"Microsoft Surface Signature Type Cover + Slim Pen (COPILOT+) 8X8-00186"},"content":{"rendered":"<p>Podnie\u015b swoj\u0105 produktywno\u015b\u0107 i kreatywno\u015b\u0107 na nieosi\u0105galny dot\u0105d poziom z Microsoft Surface Pro Signature Keyboard z pi\u00f3rem Slim Pen (8X8-00186). To nie jest zwyk\u0142e akcesorium \u2013 to niezb\u0119dny partner dla Twojego Surface Pro, kt\u00f3ry w mgnieniu oka przekszta\u0142ca go z pot\u0119\u017cnego tabletu w ultranowoczesnego, w pe\u0142ni funkcjonalnego laptopa klasy premium. Zaprojektowany z my\u015bl\u0105 o profesjonalistach, studentach i tw\u00f3rcach, ten zestaw \u0142\u0105czy w sobie luksusowe materia\u0142y, niezr\u00f3wnany komfort pisania i prze\u0142omowe technologie, takie jak nowy g\u0142adzik haptyczny i dedykowany klawisz Copilot, otwieraj\u0105c przed Tob\u0105 drzwi do nowej ery interakcji z komputerem.<\/p>\n<p>Do\u015bwiadczenie pisania na klawiaturze Signature Type Cover jest absolutnie bezkonkurencyjne. Pe\u0142nowymiarowy, mechaniczny zestaw klawiszy cechuje si\u0119 idealnie zoptymalizowanym skokiem i responsywno\u015bci\u0105, co sprawia, \u017ce pisanie d\u0142ugich tekst\u00f3w, raport\u00f3w czy e-maili staje si\u0119 czyst\u0105 przyjemno\u015bci\u0105, a nie m\u0119cz\u0105cym obowi\u0105zkiem. Cicha praca klawiszy jest idealna do pracy w biurze, na wyk\u0142adach czy w cichych przestrzeniach publicznych. <span class=\"citation-3\">Ca\u0142o\u015b\u0107 pokryta jest luksusowym, importowanym z W\u0142och materia\u0142em <\/span><span class=\"citation-3\">Alcantara\u00ae<\/span><span class=\"citation-3 citation-end-3\">, kt\u00f3ry nie tylko dodaje elegancji i presti\u017cu, ale jest r\u00f3wnie\u017c niezwykle trwa\u0142y, odporny na zaplamienia i wyj\u0105tkowo przyjemny w dotyku.<\/span> Klawiatura \u0142\u0105czy si\u0119 z Twoim Surface Pro za pomoc\u0105 silnego, magnetycznego z\u0142\u0105cza, kt\u00f3re zapewnia idealn\u0105 stabilno\u015b\u0107 i natychmiastowe po\u0142\u0105czenie.<\/p>\n<div class=\"source-inline-chip-container ng-star-inserted\"><\/div>\n<p>Nawigacja staje si\u0119 czyst\u0105 przyjemno\u015bci\u0105 dzi\u0119ki nowemu, powi\u0119kszonemu g\u0142adzikowi haptycznemu \u2013 najbardziej zaawansowanemu i personalizowalnemu touchpadowi w historii Surface. Dzi\u0119ki technologii haptycznej, ka\u017cde klikni\u0119cie i gest s\u0105 potwierdzane subtelnymi, konfigurowalnymi wibracjami, co daje niezwykle precyzyjne i satysfakcjonuj\u0105ce odczucia, zbli\u017cone do fizycznego klikni\u0119cia, a jednocze\u015bnie pozwala na cich\u0105 prac\u0119. Jego du\u017ca, szklana powierzchnia zapewnia mn\u00f3stwo miejsca na precyzyjne gesty wielodotykowe w systemie Windows 11.<\/p>\n<p>W zestawie znajduje si\u0119 r\u00f3wnie\u017c najnowsze pi\u00f3ro Surface Slim Pen, kt\u00f3re otwiera przed Tob\u0105 \u015bwiat cyfrowej kreatywno\u015bci. Dzi\u0119ki niesamowitej precyzji, reagowaniu na nacisk i minimalnym op\u00f3\u017anieniom, pisanie i rysowanie na ekranie jest tak naturalne, jak na kartce papieru. <span class=\"citation-2 citation-end-2\">Pi\u00f3ro zosta\u0142o wyposa\u017cone w technologi\u0119 haptyczn\u0105, kt\u00f3ra generuje subtelne wibracje podczas pisania i u\u017cywania gest\u00f3w, co dodatkowo pot\u0119guje realizm.<\/span> Co najwa\u017cniejsze, pi\u00f3ro jest zawsze na\u0142adowane i pod r\u0119k\u0105, bezpiecznie schowane i \u0142adowane bezprzewodowo w dedykowanym, magnetycznym doku wbudowanym w klawiatur\u0119.<\/p>\n<div class=\"source-inline-chip-container ng-star-inserted\"><\/div>\n<p>Klawiatura Signature zosta\u0142a zaprojektowana z my\u015bl\u0105 o inteligentnej funkcjonalno\u015bci. Nowy, dedykowany klawisz Copilot to Tw\u00f3j skr\u00f3t do \u015bwiata sztucznej inteligencji. Jedno naci\u015bni\u0119cie natychmiast uruchamia asystenta AI, gotowego do pomocy w wyszukiwaniu informacji, generowaniu tekstu czy zarz\u0105dzaniu ustawieniami. Pe\u0142ny rz\u0105d klawiszy funkcyjnych daje Ci szybki dost\u0119p do kontroli multimedi\u00f3w, regulacji jasno\u015bci ekranu i g\u0142o\u015bno\u015bci. Po zako\u0144czeniu pracy, po prostu zamknij klawiatur\u0119, a ta zamieni si\u0119 w eleganck\u0105 i wytrzyma\u0142\u0105 os\u0142on\u0119, chroni\u0105c\u0105 cenny ekran Twojego Surface Pro przed zarysowaniami i uszkodzeniami w transporcie.<\/p>\n<p>Podsumowuj\u0105c, Microsoft Surface Pro Signature Keyboard z pi\u00f3rem Slim Pen (8X8-00186) to znacznie wi\u0119cej ni\u017c tylko akcesorium. To kluczowy element ekosystemu Surface, kt\u00f3ry uwalnia pe\u0142en potencja\u0142 Twojego urz\u0105dzenia, przekszta\u0142caj\u0105c je w pot\u0119\u017cnego laptopa, wszechstronne studio kreatywne i inteligentne narz\u0119dzie pracy. Jest to niezb\u0119dny wyb\u00f3r dla ka\u017cdego u\u017cytkownika Surface Pro, kt\u00f3ry ceni sobie innowacyjno\u015b\u0107, komfort i chce w pe\u0142ni wykorzysta\u0107 mo\u017cliwo\u015bci, jakie oferuje nowa generacja komputer\u00f3w Copilot+ PC.<\/p>\n","protected":false},"excerpt":{"rendered":"<p>Podnie\u015b swoj\u0105 produktywno\u015b\u0107 i kreatywno\u015b\u0107 na nieosi\u0105galny dot\u0105d poziom z Microsoft Surface Pro Signature Keyboard z pi\u00f3rem Slim Pen (8X8-00186). To nie jest zwyk\u0142e akcesorium \u2013 to niezb\u0119dny partner dla Twojego Surface Pro, kt\u00f3ry w mgnieniu oka przekszta\u0142ca go z pot\u0119\u017cnego tabletu w ultranowoczesnego, w pe\u0142ni funkcjonalnego laptopa klasy premium. Zaprojektowany z my\u015bl\u0105 o profesjonalistach, [&hellip;]<\/p>\n","protected":false},"featured_media":19302,"template":"","meta":{"site-sidebar-layout":"default","site-content-layout":"","ast-site-content-layout":"default","site-content-style":"default","site-sidebar-style":"default","ast-global-header-display":"","ast-banner-title-visibility":"","ast-main-header-display":"","ast-hfb-above-header-display":"","ast-hfb-below-header-display":"","ast-hfb-mobile-header-display":"","site-post-title":"","ast-breadcrumbs-content":"","ast-featured-img":"","footer-sml-layout":"","ast-disable-related-posts":"","theme-transparent-header-meta":"default","adv-header-id-meta":"","stick-header-meta":"","header-above-stick-meta":"","header-main-stick-meta":"","header-below-stick-meta":"","astra-migrate-meta-layouts":"set","ast-page-background-enabled":"default","ast-page-background-meta":{"desktop":{"background-color":"","background-image":"","background-repeat":"repeat","background-position":"center center","background-size":"auto","background-attachment":"scroll","background-type":"","background-media":"","overlay-type":"","overlay-color":"","overlay-opacity":"","overlay-gradient":""},"tablet":{"background-color":"","background-image":"","background-repeat":"repeat","background-position":"center center","background-size":"auto","background-attachment":"scroll","background-type":"","background-media":"","overlay-type":"","overlay-color":"","overlay-opacity":"","overlay-gradient":""},"mobile":{"background-color":"","background-image":"","background-repeat":"repeat","background-position":"center center","background-size":"auto","background-attachment":"scroll","background-type":"","background-media":"","overlay-type":"","overlay-color":"","overlay-opacity":"","overlay-gradient":""}},"ast-content-background-meta":{"desktop":{"background-color":"var(--ast-global-color-5)","background-image":"","background-repeat":"repeat","background-position":"center center","background-size":"auto","background-attachment":"scroll","background-type":"","background-media":"","overlay-type":"","overlay-color":"","overlay-opacity":"","overlay-gradient":""},"tablet":{"background-color":"var(--ast-global-color-5)","background-image":"","background-repeat":"repeat","background-position":"center center","background-size":"auto","background-attachment":"scroll","background-type":"","background-media":"","overlay-type":"","overlay-color":"","overlay-opacity":"","overlay-gradient":""},"mobile":{"background-color":"var(--ast-global-color-5)","background-image":"","background-repeat":"repeat","background-position":"center center","background-size":"auto","background-attachment":"scroll","background-type":"","background-media":"","overlay-type":"","overlay-color":"","overlay-opacity":"","overlay-gradient":""}},"_links_to":"","_links_to_target":""},"product_brand":[],"product_cat":[90],"product_tag":[],"class_list":{"0":"post-18775","1":"product","2":"type-product","3":"status-publish","4":"has-post-thumbnail","6":"product_cat-akcesoria-microsoft-surface","7":"desktop-align-left","8":"tablet-align-left","9":"mobile-align-left","11":"first","12":"instock","13":"taxable","14":"shipping-taxable","15":"purchasable","16":"product-type-simple"},"yoast_head":"<!-- This site is optimized with the Yoast SEO plugin v26.7 - https:\/\/yoast.com\/wordpress\/plugins\/seo\/ -->\n<title>Microsoft Surface Signature Type Cover + Slim Pen (COPILOT+) 8X8-00186 - Sklep rozwi\u0105za\u0144 Microsoft Surface<\/title>\n<meta name=\"robots\" content=\"index, follow, max-snippet:-1, max-image-preview:large, max-video-preview:-1\" \/>\n<link rel=\"canonical\" href=\"https:\/\/polsoft.pl\/microsoft-surface\/produkt\/microsoft-surface-signature-type-cover-slim-pen-copilot-8x8-00186\/\" \/>\n<meta property=\"og:locale\" content=\"pl_PL\" \/>\n<meta property=\"og:type\" content=\"article\" \/>\n<meta property=\"og:title\" content=\"Microsoft Surface Signature Type Cover + Slim Pen (COPILOT+) 8X8-00186 - Sklep rozwi\u0105za\u0144 Microsoft Surface\" \/>\n<meta property=\"og:description\" content=\"Podnie\u015b swoj\u0105 produktywno\u015b\u0107 i kreatywno\u015b\u0107 na nieosi\u0105galny dot\u0105d poziom z Microsoft Surface Pro Signature Keyboard z pi\u00f3rem Slim Pen (8X8-00186). To nie jest zwyk\u0142e akcesorium \u2013 to niezb\u0119dny partner dla Twojego Surface Pro, kt\u00f3ry w mgnieniu oka przekszta\u0142ca go z pot\u0119\u017cnego tabletu w ultranowoczesnego, w pe\u0142ni funkcjonalnego laptopa klasy premium. Zaprojektowany z my\u015bl\u0105 o profesjonalistach, [&hellip;]\" \/>\n<meta property=\"og:url\" content=\"https:\/\/polsoft.pl\/microsoft-surface\/produkt\/microsoft-surface-signature-type-cover-slim-pen-copilot-8x8-00186\/\" \/>\n<meta property=\"og:site_name\" content=\"Sklep rozwi\u0105za\u0144 Microsoft Surface\" \/>\n<meta property=\"article:modified_time\" content=\"2025-11-12T07:31:01+00:00\" \/>\n<meta property=\"og:image\" content=\"https:\/\/polsoft.pl\/microsoft-surface\/wp-content\/uploads\/2025\/06\/Microsoft-Surface-Signature-Type-Cover-Slim-Pen-COPILOT-8X8-00186.jpg\" \/>\n\t<meta property=\"og:image:width\" content=\"1792\" \/>\n\t<meta property=\"og:image:height\" content=\"1792\" \/>\n\t<meta property=\"og:image:type\" content=\"image\/jpeg\" \/>\n<meta name=\"twitter:card\" content=\"summary_large_image\" \/>\n<meta name=\"twitter:label1\" content=\"Szacowany czas czytania\" \/>\n\t<meta name=\"twitter:data1\" content=\"4 minuty\" \/>\n<script type=\"application\/ld+json\" class=\"yoast-schema-graph\">{\"@context\":\"https:\/\/schema.org\",\"@graph\":[{\"@type\":\"WebPage\",\"@id\":\"https:\/\/polsoft.pl\/microsoft-surface\/produkt\/microsoft-surface-signature-type-cover-slim-pen-copilot-8x8-00186\/\",\"url\":\"https:\/\/polsoft.pl\/microsoft-surface\/produkt\/microsoft-surface-signature-type-cover-slim-pen-copilot-8x8-00186\/\",\"name\":\"Microsoft Surface Signature Type Cover + Slim Pen (COPILOT+) 8X8-00186 - Sklep rozwi\u0105za\u0144 Microsoft Surface\",\"isPartOf\":{\"@id\":\"https:\/\/polsoft.pl\/microsoft-surface\/#website\"},\"primaryImageOfPage\":{\"@id\":\"https:\/\/polsoft.pl\/microsoft-surface\/produkt\/microsoft-surface-signature-type-cover-slim-pen-copilot-8x8-00186\/#primaryimage\"},\"image\":{\"@id\":\"https:\/\/polsoft.pl\/microsoft-surface\/produkt\/microsoft-surface-signature-type-cover-slim-pen-copilot-8x8-00186\/#primaryimage\"},\"thumbnailUrl\":\"https:\/\/www.polsoft.pl\/microsoft-surface\/wp-content\/uploads\/2025\/06\/Microsoft-Surface-Signature-Type-Cover-Slim-Pen-COPILOT-8X8-00186.jpg\",\"datePublished\":\"2025-03-21T11:21:46+00:00\",\"dateModified\":\"2025-11-12T07:31:01+00:00\",\"breadcrumb\":{\"@id\":\"https:\/\/polsoft.pl\/microsoft-surface\/produkt\/microsoft-surface-signature-type-cover-slim-pen-copilot-8x8-00186\/#breadcrumb\"},\"inLanguage\":\"pl-PL\",\"potentialAction\":[{\"@type\":\"ReadAction\",\"target\":[\"https:\/\/polsoft.pl\/microsoft-surface\/produkt\/microsoft-surface-signature-type-cover-slim-pen-copilot-8x8-00186\/\"]}]},{\"@type\":\"ImageObject\",\"inLanguage\":\"pl-PL\",\"@id\":\"https:\/\/polsoft.pl\/microsoft-surface\/produkt\/microsoft-surface-signature-type-cover-slim-pen-copilot-8x8-00186\/#primaryimage\",\"url\":\"https:\/\/www.polsoft.pl\/microsoft-surface\/wp-content\/uploads\/2025\/06\/Microsoft-Surface-Signature-Type-Cover-Slim-Pen-COPILOT-8X8-00186.jpg\",\"contentUrl\":\"https:\/\/www.polsoft.pl\/microsoft-surface\/wp-content\/uploads\/2025\/06\/Microsoft-Surface-Signature-Type-Cover-Slim-Pen-COPILOT-8X8-00186.jpg\",\"width\":1792,\"height\":1792},{\"@type\":\"BreadcrumbList\",\"@id\":\"https:\/\/polsoft.pl\/microsoft-surface\/produkt\/microsoft-surface-signature-type-cover-slim-pen-copilot-8x8-00186\/#breadcrumb\",\"itemListElement\":[{\"@type\":\"ListItem\",\"position\":1,\"name\":\"Strona g\u0142\u00f3wna\",\"item\":\"https:\/\/polsoft.pl\/microsoft-surface\/\"},{\"@type\":\"ListItem\",\"position\":2,\"name\":\"Sklep\",\"item\":\"https:\/\/polsoft.pl\/microsoft-surface\/sklep\/\"},{\"@type\":\"ListItem\",\"position\":3,\"name\":\"Microsoft Surface Signature Type Cover + Slim Pen (COPILOT+) 8X8-00186\"}]},{\"@type\":\"WebSite\",\"@id\":\"https:\/\/polsoft.pl\/microsoft-surface\/#website\",\"url\":\"https:\/\/polsoft.pl\/microsoft-surface\/\",\"name\":\"Sklep Microsoft Surface\",\"description\":\"Sklep Microsoft Surface\",\"publisher\":{\"@id\":\"https:\/\/polsoft.pl\/microsoft-surface\/#organization\"},\"potentialAction\":[{\"@type\":\"SearchAction\",\"target\":{\"@type\":\"EntryPoint\",\"urlTemplate\":\"https:\/\/polsoft.pl\/microsoft-surface\/?s={search_term_string}\"},\"query-input\":{\"@type\":\"PropertyValueSpecification\",\"valueRequired\":true,\"valueName\":\"search_term_string\"}}],\"inLanguage\":\"pl-PL\"},{\"@type\":\"Organization\",\"@id\":\"https:\/\/polsoft.pl\/microsoft-surface\/#organization\",\"name\":\"Polsoft Engineering Sp. z o.o.\",\"url\":\"https:\/\/polsoft.pl\/microsoft-surface\/\",\"logo\":{\"@type\":\"ImageObject\",\"inLanguage\":\"pl-PL\",\"@id\":\"https:\/\/polsoft.pl\/microsoft-surface\/#\/schema\/logo\/image\/\",\"url\":\"https:\/\/www.polsoft.pl\/microsoft-surface\/wp-content\/uploads\/2020\/10\/microsoft_partner_logo_black_polsoft.png\",\"contentUrl\":\"https:\/\/www.polsoft.pl\/microsoft-surface\/wp-content\/uploads\/2020\/10\/microsoft_partner_logo_black_polsoft.png\",\"width\":613,\"height\":158,\"caption\":\"Polsoft Engineering Sp. z o.o.\"},\"image\":{\"@id\":\"https:\/\/polsoft.pl\/microsoft-surface\/#\/schema\/logo\/image\/\"}}]}<\/script>\n<!-- \/ Yoast SEO plugin. -->","yoast_head_json":{"title":"Microsoft Surface Signature Type Cover + Slim Pen (COPILOT+) 8X8-00186 - Sklep rozwi\u0105za\u0144 Microsoft Surface","robots":{"index":"index","follow":"follow","max-snippet":"max-snippet:-1","max-image-preview":"max-image-preview:large","max-video-preview":"max-video-preview:-1"},"canonical":"https:\/\/polsoft.pl\/microsoft-surface\/produkt\/microsoft-surface-signature-type-cover-slim-pen-copilot-8x8-00186\/","og_locale":"pl_PL","og_type":"article","og_title":"Microsoft Surface Signature Type Cover + Slim Pen (COPILOT+) 8X8-00186 - Sklep rozwi\u0105za\u0144 Microsoft Surface","og_description":"Podnie\u015b swoj\u0105 produktywno\u015b\u0107 i kreatywno\u015b\u0107 na nieosi\u0105galny dot\u0105d poziom z Microsoft Surface Pro Signature Keyboard z pi\u00f3rem Slim Pen (8X8-00186). To nie jest zwyk\u0142e akcesorium \u2013 to niezb\u0119dny partner dla Twojego Surface Pro, kt\u00f3ry w mgnieniu oka przekszta\u0142ca go z pot\u0119\u017cnego tabletu w ultranowoczesnego, w pe\u0142ni funkcjonalnego laptopa klasy premium. Zaprojektowany z my\u015bl\u0105 o profesjonalistach, [&hellip;]","og_url":"https:\/\/polsoft.pl\/microsoft-surface\/produkt\/microsoft-surface-signature-type-cover-slim-pen-copilot-8x8-00186\/","og_site_name":"Sklep rozwi\u0105za\u0144 Microsoft Surface","article_modified_time":"2025-11-12T07:31:01+00:00","og_image":[{"width":1792,"height":1792,"url":"https:\/\/polsoft.pl\/microsoft-surface\/wp-content\/uploads\/2025\/06\/Microsoft-Surface-Signature-Type-Cover-Slim-Pen-COPILOT-8X8-00186.jpg","type":"image\/jpeg"}],"twitter_card":"summary_large_image","twitter_misc":{"Szacowany czas czytania":"4 minuty"},"schema":{"@context":"https:\/\/schema.org","@graph":[{"@type":"WebPage","@id":"https:\/\/polsoft.pl\/microsoft-surface\/produkt\/microsoft-surface-signature-type-cover-slim-pen-copilot-8x8-00186\/","url":"https:\/\/polsoft.pl\/microsoft-surface\/produkt\/microsoft-surface-signature-type-cover-slim-pen-copilot-8x8-00186\/","name":"Microsoft Surface Signature Type Cover + Slim Pen (COPILOT+) 8X8-00186 - Sklep rozwi\u0105za\u0144 Microsoft Surface","isPartOf":{"@id":"https:\/\/polsoft.pl\/microsoft-surface\/#website"},"primaryImageOfPage":{"@id":"https:\/\/polsoft.pl\/microsoft-surface\/produkt\/microsoft-surface-signature-type-cover-slim-pen-copilot-8x8-00186\/#primaryimage"},"image":{"@id":"https:\/\/polsoft.pl\/microsoft-surface\/produkt\/microsoft-surface-signature-type-cover-slim-pen-copilot-8x8-00186\/#primaryimage"},"thumbnailUrl":"https:\/\/www.polsoft.pl\/microsoft-surface\/wp-content\/uploads\/2025\/06\/Microsoft-Surface-Signature-Type-Cover-Slim-Pen-COPILOT-8X8-00186.jpg","datePublished":"2025-03-21T11:21:46+00:00","dateModified":"2025-11-12T07:31:01+00:00","breadcrumb":{"@id":"https:\/\/polsoft.pl\/microsoft-surface\/produkt\/microsoft-surface-signature-type-cover-slim-pen-copilot-8x8-00186\/#breadcrumb"},"inLanguage":"pl-PL","potentialAction":[{"@type":"ReadAction","target":["https:\/\/polsoft.pl\/microsoft-surface\/produkt\/microsoft-surface-signature-type-cover-slim-pen-copilot-8x8-00186\/"]}]},{"@type":"ImageObject","inLanguage":"pl-PL","@id":"https:\/\/polsoft.pl\/microsoft-surface\/produkt\/microsoft-surface-signature-type-cover-slim-pen-copilot-8x8-00186\/#primaryimage","url":"https:\/\/www.polsoft.pl\/microsoft-surface\/wp-content\/uploads\/2025\/06\/Microsoft-Surface-Signature-Type-Cover-Slim-Pen-COPILOT-8X8-00186.jpg","contentUrl":"https:\/\/www.polsoft.pl\/microsoft-surface\/wp-content\/uploads\/2025\/06\/Microsoft-Surface-Signature-Type-Cover-Slim-Pen-COPILOT-8X8-00186.jpg","width":1792,"height":1792},{"@type":"BreadcrumbList","@id":"https:\/\/polsoft.pl\/microsoft-surface\/produkt\/microsoft-surface-signature-type-cover-slim-pen-copilot-8x8-00186\/#breadcrumb","itemListElement":[{"@type":"ListItem","position":1,"name":"Strona g\u0142\u00f3wna","item":"https:\/\/polsoft.pl\/microsoft-surface\/"},{"@type":"ListItem","position":2,"name":"Sklep","item":"https:\/\/polsoft.pl\/microsoft-surface\/sklep\/"},{"@type":"ListItem","position":3,"name":"Microsoft Surface Signature Type Cover + Slim Pen (COPILOT+) 8X8-00186"}]},{"@type":"WebSite","@id":"https:\/\/polsoft.pl\/microsoft-surface\/#website","url":"https:\/\/polsoft.pl\/microsoft-surface\/","name":"Sklep Microsoft Surface","description":"Sklep Microsoft Surface","publisher":{"@id":"https:\/\/polsoft.pl\/microsoft-surface\/#organization"},"potentialAction":[{"@type":"SearchAction","target":{"@type":"EntryPoint","urlTemplate":"https:\/\/polsoft.pl\/microsoft-surface\/?s={search_term_string}"},"query-input":{"@type":"PropertyValueSpecification","valueRequired":true,"valueName":"search_term_string"}}],"inLanguage":"pl-PL"},{"@type":"Organization","@id":"https:\/\/polsoft.pl\/microsoft-surface\/#organization","name":"Polsoft Engineering Sp. z o.o.","url":"https:\/\/polsoft.pl\/microsoft-surface\/","logo":{"@type":"ImageObject","inLanguage":"pl-PL","@id":"https:\/\/polsoft.pl\/microsoft-surface\/#\/schema\/logo\/image\/","url":"https:\/\/www.polsoft.pl\/microsoft-surface\/wp-content\/uploads\/2020\/10\/microsoft_partner_logo_black_polsoft.png","contentUrl":"https:\/\/www.polsoft.pl\/microsoft-surface\/wp-content\/uploads\/2020\/10\/microsoft_partner_logo_black_polsoft.png","width":613,"height":158,"caption":"Polsoft Engineering Sp. z o.o."},"image":{"@id":"https:\/\/polsoft.pl\/microsoft-surface\/#\/schema\/logo\/image\/"}}]}},"_links":{"self":[{"href":"https:\/\/www.polsoft.pl\/microsoft-surface\/wp-json\/wp\/v2\/product\/18775","targetHints":{"allow":["GET"]}}],"collection":[{"href":"https:\/\/www.polsoft.pl\/microsoft-surface\/wp-json\/wp\/v2\/product"}],"about":[{"href":"https:\/\/www.polsoft.pl\/microsoft-surface\/wp-json\/wp\/v2\/types\/product"}],"version-history":[{"count":3,"href":"https:\/\/www.polsoft.pl\/microsoft-surface\/wp-json\/wp\/v2\/product\/18775\/revisions"}],"predecessor-version":[{"id":19306,"href":"https:\/\/www.polsoft.pl\/microsoft-surface\/wp-json\/wp\/v2\/product\/18775\/revisions\/19306"}],"wp:featuredmedia":[{"embeddable":true,"href":"https:\/\/www.polsoft.pl\/microsoft-surface\/wp-json\/wp\/v2\/media\/19302"}],"wp:attachment":[{"href":"https:\/\/www.polsoft.pl\/microsoft-surface\/wp-json\/wp\/v2\/media?parent=18775"}],"wp:term":[{"taxonomy":"product_brand","embeddable":true,"href":"https:\/\/www.polsoft.pl\/microsoft-surface\/wp-json\/wp\/v2\/product_brand?post=18775"},{"taxonomy":"product_cat","embeddable":true,"href":"https:\/\/www.polsoft.pl\/microsoft-surface\/wp-json\/wp\/v2\/product_cat?post=18775"},{"taxonomy":"product_tag","embeddable":true,"href":"https:\/\/www.polsoft.pl\/microsoft-surface\/wp-json\/wp\/v2\/product_tag?post=18775"}],"curies":[{"name":"wp","href":"https:\/\/api.w.org\/{rel}","templated":true}]}}