{"id":18854,"date":"2025-06-16T21:13:38","date_gmt":"2025-06-16T19:13:38","guid":{"rendered":"https:\/\/polsoft.pl\/microsoft-surface\/produkt\/microsoft-surface-laptop-6-15-zlb-00012-ultra-5-135h-16gb-512gb-15-wifi-czarny\/"},"modified":"2026-01-23T13:04:22","modified_gmt":"2026-01-23T12:04:22","slug":"microsoft-surface-laptop-6-15-zlb-00012-ultra-5-135h-16gb-512gb-15-wifi-czarny","status":"publish","type":"product","link":"https:\/\/www.polsoft.pl\/microsoft-surface\/produkt\/microsoft-surface-laptop-6-15-zlb-00012-ultra-5-135h-16gb-512gb-15-wifi-czarny\/","title":{"rendered":"Microsoft Surface Laptop 6 15&#8221; ZLB-00012 Ultra 5 135H\/16GB\/512GB\/15&#8243;\/WiFi\/Czarny"},"content":{"rendered":"<p data-sourcepos=\"13:1-13:336\"><span class=\"citation-278\">Microsoft Surface Laptop 6 for Business 15\u201d ZLB-00012<\/span><span class=\"citation-278 citation-end-278\"> w kolorze czarnym to niezawodne i bezpieczne narz\u0119dzie, stworzone z my\u015bl\u0105 o potrzebach nowoczesnych przedsi\u0119biorstw.<\/span> <span class=\"citation-277 citation-end-277\">Ten laptop \u0142\u0105czy w sobie elegancki design z wydajno\u015bci\u0105 i funkcjami, kt\u00f3re zwi\u0119kszaj\u0105 produktywno\u015b\u0107 w \u015brodowisku korporacyjnym.<\/span><\/p>\n<div class=\"source-inline-chip-container ng-star-inserted\"><\/div>\n<div class=\"source-inline-chip-container ng-star-inserted\"><\/div>\n<p data-sourcepos=\"15:1-15:271\"><span class=\"citation-276\">Sercem urz\u0105dzenia jest procesor <\/span><span class=\"citation-276\">Intel\u00ae Core\u2122 Ultra 5 135H<\/span><span class=\"citation-276\"> ze zintegrowan\u0105 grafik\u0105 <\/span><span class=\"citation-276\">Intel\u00ae Graphics<\/span><span class=\"citation-276 citation-end-276\">.<\/span> Zapewnia on solidn\u0105 wydajno\u015b\u0107, kt\u00f3ra jest niezb\u0119dna do p\u0142ynnej obs\u0142ugi aplikacji biznesowych, prowadzenia wideokonferencji i pracy wielozadaniowej.<\/p>\n<div class=\"source-inline-chip-container ng-star-inserted\"><\/div>\n<p data-sourcepos=\"17:1-17:283\"><span class=\"citation-275\">Model ZLB-00012 zosta\u0142 wyposa\u017cony w <\/span><span class=\"citation-275\">16 GB pami\u0119ci RAM<\/span><span class=\"citation-275\"> oraz szybki dysk <\/span><span class=\"citation-275\">SSD o pojemno\u015bci 512 GB<\/span><span class=\"citation-275 citation-end-275\">, kt\u00f3ry mo\u017cna wymienia\u0107.<\/span> Taka konfiguracja sprawia, \u017ce laptop idealnie sprawdza si\u0119 w codziennej pracy z dokumentami, analiz\u0105 danych i wieloma otwartymi programami.<\/p>\n<div class=\"source-inline-chip-container ng-star-inserted\"><\/div>\n<p data-sourcepos=\"19:1-19:320\"><span class=\"citation-274\">Przestronny, 15-calowy ekran dotykowy <\/span><span class=\"citation-274\">PixelSense\u2122<\/span><span class=\"citation-274\"> o rozdzielczo\u015bci <\/span><span class=\"citation-274\">2496 x 1664 (201 PPI)<\/span><span class=\"citation-274 citation-end-274\"> oferuje wysok\u0105 szczeg\u00f3\u0142owo\u015b\u0107 obrazu i naturalne odwzorowanie kolor\u00f3w.<\/span> <span class=\"citation-273 citation-end-273\">Antyrefleksyjna pow\u0142oka i adaptacyjne dopasowanie kolor\u00f3w zapewniaj\u0105 komfort pracy w ka\u017cdych warunkach o\u015bwietleniowych.<\/span><\/p>\n<div class=\"source-inline-chip-container ng-star-inserted\"><\/div>\n<div class=\"source-inline-chip-container ng-star-inserted\"><\/div>\n<p data-sourcepos=\"21:1-21:240\"><span class=\"citation-272\">Laptop oferuje szerokie mo\u017cliwo\u015bci \u0142\u0105czno\u015bci: <\/span><span class=\"citation-272\">Wi-Fi 6E, Bluetooth\u00ae 5.3<\/span><span class=\"citation-272\"> oraz porty, w tym <\/span><span class=\"citation-272\">USB-C\u00ae z obs\u0142ug\u0105 Thunderbolt\u2122 4<\/span><span class=\"citation-272 citation-end-272\">, kt\u00f3re umo\u017cliwiaj\u0105 szybkie przesy\u0142anie danych i pod\u0142\u0105czanie nowoczesnych akcesori\u00f3w biurowych.<\/span><\/p>\n<div class=\"source-inline-chip-container ng-star-inserted\"><\/div>\n<p data-sourcepos=\"23:1-23:194\">Bezpiecze\u0144stwo danych klasy korporacyjnej zapewnia modu\u0142 TPM 2.0 oraz system logowania za pomoc\u0105 Windows Hello z rozpoznawaniem twarzy, co chroni dost\u0119p do poufnych informacji firmowych.<\/p>\n<p data-sourcepos=\"25:1-25:195\">Dzi\u0119ki dedykowanemu klawiszowi Copilot, pracownicy zyskuj\u0105 natychmiastowy dost\u0119p do asystenta AI, kt\u00f3ry wspiera ich w codziennych zadaniach, automatyzuje procesy i zwi\u0119ksza efektywno\u015b\u0107 pracy.<\/p>\n<p data-sourcepos=\"27:1-27:242\">Podsumowuj\u0105c, Microsoft Surface Laptop 6 for Business 15\u201d ZLB-00012 to stylowy, wydajny i bezpieczny notebook, kt\u00f3ry doskonale sprawdzi si\u0119 jako podstawowe narz\u0119dzie pracy w ka\u017cdej firmie, kt\u00f3ra ceni niezawodno\u015b\u0107 i nowoczesne technologie.<\/p>\n","protected":false},"excerpt":{"rendered":"<p>Microsoft Surface Laptop 6 for Business 15\u201d ZLB-00012 w kolorze czarnym to niezawodne i bezpieczne narz\u0119dzie, stworzone z my\u015bl\u0105 o potrzebach nowoczesnych przedsi\u0119biorstw. Ten laptop \u0142\u0105czy w sobie elegancki design z wydajno\u015bci\u0105 i funkcjami, kt\u00f3re zwi\u0119kszaj\u0105 produktywno\u015b\u0107 w \u015brodowisku korporacyjnym. Sercem urz\u0105dzenia jest procesor Intel\u00ae Core\u2122 Ultra 5 135H ze zintegrowan\u0105 grafik\u0105 Intel\u00ae Graphics. Zapewnia [&hellip;]<\/p>\n","protected":false},"featured_media":18954,"template":"","meta":{"site-sidebar-layout":"default","site-content-layout":"","ast-site-content-layout":"default","site-content-style":"default","site-sidebar-style":"default","ast-global-header-display":"","ast-banner-title-visibility":"","ast-main-header-display":"","ast-hfb-above-header-display":"","ast-hfb-below-header-display":"","ast-hfb-mobile-header-display":"","site-post-title":"","ast-breadcrumbs-content":"","ast-featured-img":"","footer-sml-layout":"","ast-disable-related-posts":"","theme-transparent-header-meta":"default","adv-header-id-meta":"","stick-header-meta":"","header-above-stick-meta":"","header-main-stick-meta":"","header-below-stick-meta":"","astra-migrate-meta-layouts":"set","ast-page-background-enabled":"default","ast-page-background-meta":{"desktop":{"background-color":"","background-image":"","background-repeat":"repeat","background-position":"center center","background-size":"auto","background-attachment":"scroll","background-type":"","background-media":"","overlay-type":"","overlay-color":"","overlay-opacity":"","overlay-gradient":""},"tablet":{"background-color":"","background-image":"","background-repeat":"repeat","background-position":"center center","background-size":"auto","background-attachment":"scroll","background-type":"","background-media":"","overlay-type":"","overlay-color":"","overlay-opacity":"","overlay-gradient":""},"mobile":{"background-color":"","background-image":"","background-repeat":"repeat","background-position":"center center","background-size":"auto","background-attachment":"scroll","background-type":"","background-media":"","overlay-type":"","overlay-color":"","overlay-opacity":"","overlay-gradient":""}},"ast-content-background-meta":{"desktop":{"background-color":"var(--ast-global-color-5)","background-image":"","background-repeat":"repeat","background-position":"center center","background-size":"auto","background-attachment":"scroll","background-type":"","background-media":"","overlay-type":"","overlay-color":"","overlay-opacity":"","overlay-gradient":""},"tablet":{"background-color":"var(--ast-global-color-5)","background-image":"","background-repeat":"repeat","background-position":"center center","background-size":"auto","background-attachment":"scroll","background-type":"","background-media":"","overlay-type":"","overlay-color":"","overlay-opacity":"","overlay-gradient":""},"mobile":{"background-color":"var(--ast-global-color-5)","background-image":"","background-repeat":"repeat","background-position":"center center","background-size":"auto","background-attachment":"scroll","background-type":"","background-media":"","overlay-type":"","overlay-color":"","overlay-opacity":"","overlay-gradient":""}},"_links_to":"","_links_to_target":""},"product_brand":[],"product_cat":[],"product_tag":[],"class_list":{"0":"post-18854","1":"product","2":"type-product","3":"status-publish","4":"has-post-thumbnail","6":"pa_dodatkowe-komponenty-wifi","7":"pa_dysk-ssd-512gb","8":"pa_matryca-43","9":"pa_model-procesora-ultra-5-135h","10":"pa_pamiec-ram-16gb","11":"pa_procesor-intel","12":"desktop-align-left","13":"tablet-align-left","14":"mobile-align-left","16":"first","17":"outofstock","18":"taxable","19":"shipping-taxable","20":"purchasable","21":"product-type-simple"},"yoast_head":"<!-- This site is optimized with the Yoast SEO plugin v26.7 - https:\/\/yoast.com\/wordpress\/plugins\/seo\/ -->\n<title>Microsoft Surface Laptop 6 15&#039;&#039; ZLB-00012 Ultra 5 135H\/16GB\/512GB\/15&quot;\/WiFi\/Czarny - Sklep rozwi\u0105za\u0144 Microsoft Surface<\/title>\n<meta name=\"description\" content=\"Surface Laptop 6 ZLB-00012 \u2013 nowoczesny laptop z ekranem dotykowym, \u0142\u0105czno\u015bci\u0105 5G i moc\u0105 AI. Wybierz mobilno\u015b\u0107 i styl. Kup ju\u017c dzi\u015b z szybk\u0105 dostaw\u0105!\" \/>\n<meta name=\"robots\" content=\"index, follow, max-snippet:-1, max-image-preview:large, max-video-preview:-1\" \/>\n<link rel=\"canonical\" href=\"https:\/\/polsoft.pl\/microsoft-surface\/produkt\/microsoft-surface-laptop-6-15-zlb-00012-ultra-5-135h-16gb-512gb-15-wifi-czarny\/\" \/>\n<meta property=\"og:locale\" content=\"pl_PL\" \/>\n<meta property=\"og:type\" content=\"article\" \/>\n<meta property=\"og:title\" content=\"Microsoft Surface Laptop 6 15&#039;&#039; ZLB-00012 Ultra 5 135H\/16GB\/512GB\/15&quot;\/WiFi\/Czarny - Sklep rozwi\u0105za\u0144 Microsoft Surface\" \/>\n<meta property=\"og:description\" content=\"Surface Laptop 6 ZLB-00012 \u2013 nowoczesny laptop z ekranem dotykowym, \u0142\u0105czno\u015bci\u0105 5G i moc\u0105 AI. Wybierz mobilno\u015b\u0107 i styl. Kup ju\u017c dzi\u015b z szybk\u0105 dostaw\u0105!\" \/>\n<meta property=\"og:url\" content=\"https:\/\/polsoft.pl\/microsoft-surface\/produkt\/microsoft-surface-laptop-6-15-zlb-00012-ultra-5-135h-16gb-512gb-15-wifi-czarny\/\" \/>\n<meta property=\"og:site_name\" content=\"Sklep rozwi\u0105za\u0144 Microsoft Surface\" \/>\n<meta property=\"article:modified_time\" content=\"2026-01-23T12:04:22+00:00\" \/>\n<meta property=\"og:image\" content=\"https:\/\/polsoft.pl\/microsoft-surface\/wp-content\/uploads\/Laptopy\/Microsoft-Surface-Laptop-6-ZLB-00012.jpg\" \/>\n\t<meta property=\"og:image:width\" content=\"1384\" \/>\n\t<meta property=\"og:image:height\" content=\"1384\" \/>\n\t<meta property=\"og:image:type\" content=\"image\/jpeg\" \/>\n<meta name=\"twitter:card\" content=\"summary_large_image\" \/>\n<meta name=\"twitter:label1\" content=\"Szacowany czas czytania\" \/>\n\t<meta name=\"twitter:data1\" content=\"2 minuty\" \/>\n<script type=\"application\/ld+json\" class=\"yoast-schema-graph\">{\"@context\":\"https:\/\/schema.org\",\"@graph\":[{\"@type\":\"WebPage\",\"@id\":\"https:\/\/polsoft.pl\/microsoft-surface\/produkt\/microsoft-surface-laptop-6-15-zlb-00012-ultra-5-135h-16gb-512gb-15-wifi-czarny\/\",\"url\":\"https:\/\/polsoft.pl\/microsoft-surface\/produkt\/microsoft-surface-laptop-6-15-zlb-00012-ultra-5-135h-16gb-512gb-15-wifi-czarny\/\",\"name\":\"Microsoft Surface Laptop 6 15'' ZLB-00012 Ultra 5 135H\/16GB\/512GB\/15\\\"\/WiFi\/Czarny - Sklep rozwi\u0105za\u0144 Microsoft Surface\",\"isPartOf\":{\"@id\":\"https:\/\/polsoft.pl\/microsoft-surface\/#website\"},\"primaryImageOfPage\":{\"@id\":\"https:\/\/polsoft.pl\/microsoft-surface\/produkt\/microsoft-surface-laptop-6-15-zlb-00012-ultra-5-135h-16gb-512gb-15-wifi-czarny\/#primaryimage\"},\"image\":{\"@id\":\"https:\/\/polsoft.pl\/microsoft-surface\/produkt\/microsoft-surface-laptop-6-15-zlb-00012-ultra-5-135h-16gb-512gb-15-wifi-czarny\/#primaryimage\"},\"thumbnailUrl\":\"https:\/\/www.polsoft.pl\/microsoft-surface\/wp-content\/uploads\/Laptopy\/Microsoft-Surface-Laptop-6-ZLB-00012.jpg\",\"datePublished\":\"2025-06-16T19:13:38+00:00\",\"dateModified\":\"2026-01-23T12:04:22+00:00\",\"description\":\"Surface Laptop 6 ZLB-00012 \u2013 nowoczesny laptop z ekranem dotykowym, \u0142\u0105czno\u015bci\u0105 5G i moc\u0105 AI. Wybierz mobilno\u015b\u0107 i styl. Kup ju\u017c dzi\u015b z szybk\u0105 dostaw\u0105!\",\"breadcrumb\":{\"@id\":\"https:\/\/polsoft.pl\/microsoft-surface\/produkt\/microsoft-surface-laptop-6-15-zlb-00012-ultra-5-135h-16gb-512gb-15-wifi-czarny\/#breadcrumb\"},\"inLanguage\":\"pl-PL\",\"potentialAction\":[{\"@type\":\"ReadAction\",\"target\":[\"https:\/\/polsoft.pl\/microsoft-surface\/produkt\/microsoft-surface-laptop-6-15-zlb-00012-ultra-5-135h-16gb-512gb-15-wifi-czarny\/\"]}]},{\"@type\":\"ImageObject\",\"inLanguage\":\"pl-PL\",\"@id\":\"https:\/\/polsoft.pl\/microsoft-surface\/produkt\/microsoft-surface-laptop-6-15-zlb-00012-ultra-5-135h-16gb-512gb-15-wifi-czarny\/#primaryimage\",\"url\":\"https:\/\/www.polsoft.pl\/microsoft-surface\/wp-content\/uploads\/Laptopy\/Microsoft-Surface-Laptop-6-ZLB-00012.jpg\",\"contentUrl\":\"https:\/\/www.polsoft.pl\/microsoft-surface\/wp-content\/uploads\/Laptopy\/Microsoft-Surface-Laptop-6-ZLB-00012.jpg\",\"width\":1384,\"height\":1384},{\"@type\":\"BreadcrumbList\",\"@id\":\"https:\/\/polsoft.pl\/microsoft-surface\/produkt\/microsoft-surface-laptop-6-15-zlb-00012-ultra-5-135h-16gb-512gb-15-wifi-czarny\/#breadcrumb\",\"itemListElement\":[{\"@type\":\"ListItem\",\"position\":1,\"name\":\"Strona g\u0142\u00f3wna\",\"item\":\"https:\/\/polsoft.pl\/microsoft-surface\/\"},{\"@type\":\"ListItem\",\"position\":2,\"name\":\"Sklep\",\"item\":\"https:\/\/polsoft.pl\/microsoft-surface\/sklep\/\"},{\"@type\":\"ListItem\",\"position\":3,\"name\":\"Microsoft Surface Laptop 6 15&#8221; ZLB-00012 Ultra 5 135H\/16GB\/512GB\/15&#8243;\/WiFi\/Czarny\"}]},{\"@type\":\"WebSite\",\"@id\":\"https:\/\/polsoft.pl\/microsoft-surface\/#website\",\"url\":\"https:\/\/polsoft.pl\/microsoft-surface\/\",\"name\":\"Sklep Microsoft Surface\",\"description\":\"Sklep Microsoft Surface\",\"publisher\":{\"@id\":\"https:\/\/polsoft.pl\/microsoft-surface\/#organization\"},\"potentialAction\":[{\"@type\":\"SearchAction\",\"target\":{\"@type\":\"EntryPoint\",\"urlTemplate\":\"https:\/\/polsoft.pl\/microsoft-surface\/?s={search_term_string}\"},\"query-input\":{\"@type\":\"PropertyValueSpecification\",\"valueRequired\":true,\"valueName\":\"search_term_string\"}}],\"inLanguage\":\"pl-PL\"},{\"@type\":\"Organization\",\"@id\":\"https:\/\/polsoft.pl\/microsoft-surface\/#organization\",\"name\":\"Polsoft Engineering Sp. z o.o.\",\"url\":\"https:\/\/polsoft.pl\/microsoft-surface\/\",\"logo\":{\"@type\":\"ImageObject\",\"inLanguage\":\"pl-PL\",\"@id\":\"https:\/\/polsoft.pl\/microsoft-surface\/#\/schema\/logo\/image\/\",\"url\":\"https:\/\/www.polsoft.pl\/microsoft-surface\/wp-content\/uploads\/2020\/10\/microsoft_partner_logo_black_polsoft.png\",\"contentUrl\":\"https:\/\/www.polsoft.pl\/microsoft-surface\/wp-content\/uploads\/2020\/10\/microsoft_partner_logo_black_polsoft.png\",\"width\":613,\"height\":158,\"caption\":\"Polsoft Engineering Sp. z o.o.\"},\"image\":{\"@id\":\"https:\/\/polsoft.pl\/microsoft-surface\/#\/schema\/logo\/image\/\"}}]}<\/script>\n<!-- \/ Yoast SEO plugin. -->","yoast_head_json":{"title":"Microsoft Surface Laptop 6 15'' ZLB-00012 Ultra 5 135H\/16GB\/512GB\/15\"\/WiFi\/Czarny - Sklep rozwi\u0105za\u0144 Microsoft Surface","description":"Surface Laptop 6 ZLB-00012 \u2013 nowoczesny laptop z ekranem dotykowym, \u0142\u0105czno\u015bci\u0105 5G i moc\u0105 AI. Wybierz mobilno\u015b\u0107 i styl. Kup ju\u017c dzi\u015b z szybk\u0105 dostaw\u0105!","robots":{"index":"index","follow":"follow","max-snippet":"max-snippet:-1","max-image-preview":"max-image-preview:large","max-video-preview":"max-video-preview:-1"},"canonical":"https:\/\/polsoft.pl\/microsoft-surface\/produkt\/microsoft-surface-laptop-6-15-zlb-00012-ultra-5-135h-16gb-512gb-15-wifi-czarny\/","og_locale":"pl_PL","og_type":"article","og_title":"Microsoft Surface Laptop 6 15'' ZLB-00012 Ultra 5 135H\/16GB\/512GB\/15\"\/WiFi\/Czarny - Sklep rozwi\u0105za\u0144 Microsoft Surface","og_description":"Surface Laptop 6 ZLB-00012 \u2013 nowoczesny laptop z ekranem dotykowym, \u0142\u0105czno\u015bci\u0105 5G i moc\u0105 AI. Wybierz mobilno\u015b\u0107 i styl. Kup ju\u017c dzi\u015b z szybk\u0105 dostaw\u0105!","og_url":"https:\/\/polsoft.pl\/microsoft-surface\/produkt\/microsoft-surface-laptop-6-15-zlb-00012-ultra-5-135h-16gb-512gb-15-wifi-czarny\/","og_site_name":"Sklep rozwi\u0105za\u0144 Microsoft Surface","article_modified_time":"2026-01-23T12:04:22+00:00","og_image":[{"width":1384,"height":1384,"url":"https:\/\/polsoft.pl\/microsoft-surface\/wp-content\/uploads\/Laptopy\/Microsoft-Surface-Laptop-6-ZLB-00012.jpg","type":"image\/jpeg"}],"twitter_card":"summary_large_image","twitter_misc":{"Szacowany czas czytania":"2 minuty"},"schema":{"@context":"https:\/\/schema.org","@graph":[{"@type":"WebPage","@id":"https:\/\/polsoft.pl\/microsoft-surface\/produkt\/microsoft-surface-laptop-6-15-zlb-00012-ultra-5-135h-16gb-512gb-15-wifi-czarny\/","url":"https:\/\/polsoft.pl\/microsoft-surface\/produkt\/microsoft-surface-laptop-6-15-zlb-00012-ultra-5-135h-16gb-512gb-15-wifi-czarny\/","name":"Microsoft Surface Laptop 6 15'' ZLB-00012 Ultra 5 135H\/16GB\/512GB\/15\"\/WiFi\/Czarny - Sklep rozwi\u0105za\u0144 Microsoft Surface","isPartOf":{"@id":"https:\/\/polsoft.pl\/microsoft-surface\/#website"},"primaryImageOfPage":{"@id":"https:\/\/polsoft.pl\/microsoft-surface\/produkt\/microsoft-surface-laptop-6-15-zlb-00012-ultra-5-135h-16gb-512gb-15-wifi-czarny\/#primaryimage"},"image":{"@id":"https:\/\/polsoft.pl\/microsoft-surface\/produkt\/microsoft-surface-laptop-6-15-zlb-00012-ultra-5-135h-16gb-512gb-15-wifi-czarny\/#primaryimage"},"thumbnailUrl":"https:\/\/www.polsoft.pl\/microsoft-surface\/wp-content\/uploads\/Laptopy\/Microsoft-Surface-Laptop-6-ZLB-00012.jpg","datePublished":"2025-06-16T19:13:38+00:00","dateModified":"2026-01-23T12:04:22+00:00","description":"Surface Laptop 6 ZLB-00012 \u2013 nowoczesny laptop z ekranem dotykowym, \u0142\u0105czno\u015bci\u0105 5G i moc\u0105 AI. Wybierz mobilno\u015b\u0107 i styl. Kup ju\u017c dzi\u015b z szybk\u0105 dostaw\u0105!","breadcrumb":{"@id":"https:\/\/polsoft.pl\/microsoft-surface\/produkt\/microsoft-surface-laptop-6-15-zlb-00012-ultra-5-135h-16gb-512gb-15-wifi-czarny\/#breadcrumb"},"inLanguage":"pl-PL","potentialAction":[{"@type":"ReadAction","target":["https:\/\/polsoft.pl\/microsoft-surface\/produkt\/microsoft-surface-laptop-6-15-zlb-00012-ultra-5-135h-16gb-512gb-15-wifi-czarny\/"]}]},{"@type":"ImageObject","inLanguage":"pl-PL","@id":"https:\/\/polsoft.pl\/microsoft-surface\/produkt\/microsoft-surface-laptop-6-15-zlb-00012-ultra-5-135h-16gb-512gb-15-wifi-czarny\/#primaryimage","url":"https:\/\/www.polsoft.pl\/microsoft-surface\/wp-content\/uploads\/Laptopy\/Microsoft-Surface-Laptop-6-ZLB-00012.jpg","contentUrl":"https:\/\/www.polsoft.pl\/microsoft-surface\/wp-content\/uploads\/Laptopy\/Microsoft-Surface-Laptop-6-ZLB-00012.jpg","width":1384,"height":1384},{"@type":"BreadcrumbList","@id":"https:\/\/polsoft.pl\/microsoft-surface\/produkt\/microsoft-surface-laptop-6-15-zlb-00012-ultra-5-135h-16gb-512gb-15-wifi-czarny\/#breadcrumb","itemListElement":[{"@type":"ListItem","position":1,"name":"Strona g\u0142\u00f3wna","item":"https:\/\/polsoft.pl\/microsoft-surface\/"},{"@type":"ListItem","position":2,"name":"Sklep","item":"https:\/\/polsoft.pl\/microsoft-surface\/sklep\/"},{"@type":"ListItem","position":3,"name":"Microsoft Surface Laptop 6 15&#8221; ZLB-00012 Ultra 5 135H\/16GB\/512GB\/15&#8243;\/WiFi\/Czarny"}]},{"@type":"WebSite","@id":"https:\/\/polsoft.pl\/microsoft-surface\/#website","url":"https:\/\/polsoft.pl\/microsoft-surface\/","name":"Sklep Microsoft Surface","description":"Sklep Microsoft Surface","publisher":{"@id":"https:\/\/polsoft.pl\/microsoft-surface\/#organization"},"potentialAction":[{"@type":"SearchAction","target":{"@type":"EntryPoint","urlTemplate":"https:\/\/polsoft.pl\/microsoft-surface\/?s={search_term_string}"},"query-input":{"@type":"PropertyValueSpecification","valueRequired":true,"valueName":"search_term_string"}}],"inLanguage":"pl-PL"},{"@type":"Organization","@id":"https:\/\/polsoft.pl\/microsoft-surface\/#organization","name":"Polsoft Engineering Sp. z o.o.","url":"https:\/\/polsoft.pl\/microsoft-surface\/","logo":{"@type":"ImageObject","inLanguage":"pl-PL","@id":"https:\/\/polsoft.pl\/microsoft-surface\/#\/schema\/logo\/image\/","url":"https:\/\/www.polsoft.pl\/microsoft-surface\/wp-content\/uploads\/2020\/10\/microsoft_partner_logo_black_polsoft.png","contentUrl":"https:\/\/www.polsoft.pl\/microsoft-surface\/wp-content\/uploads\/2020\/10\/microsoft_partner_logo_black_polsoft.png","width":613,"height":158,"caption":"Polsoft Engineering Sp. z o.o."},"image":{"@id":"https:\/\/polsoft.pl\/microsoft-surface\/#\/schema\/logo\/image\/"}}]}},"_links":{"self":[{"href":"https:\/\/www.polsoft.pl\/microsoft-surface\/wp-json\/wp\/v2\/product\/18854","targetHints":{"allow":["GET"]}}],"collection":[{"href":"https:\/\/www.polsoft.pl\/microsoft-surface\/wp-json\/wp\/v2\/product"}],"about":[{"href":"https:\/\/www.polsoft.pl\/microsoft-surface\/wp-json\/wp\/v2\/types\/product"}],"version-history":[{"count":2,"href":"https:\/\/www.polsoft.pl\/microsoft-surface\/wp-json\/wp\/v2\/product\/18854\/revisions"}],"predecessor-version":[{"id":18882,"href":"https:\/\/www.polsoft.pl\/microsoft-surface\/wp-json\/wp\/v2\/product\/18854\/revisions\/18882"}],"wp:featuredmedia":[{"embeddable":true,"href":"https:\/\/www.polsoft.pl\/microsoft-surface\/wp-json\/wp\/v2\/media\/18954"}],"wp:attachment":[{"href":"https:\/\/www.polsoft.pl\/microsoft-surface\/wp-json\/wp\/v2\/media?parent=18854"}],"wp:term":[{"taxonomy":"product_brand","embeddable":true,"href":"https:\/\/www.polsoft.pl\/microsoft-surface\/wp-json\/wp\/v2\/product_brand?post=18854"},{"taxonomy":"product_cat","embeddable":true,"href":"https:\/\/www.polsoft.pl\/microsoft-surface\/wp-json\/wp\/v2\/product_cat?post=18854"},{"taxonomy":"product_tag","embeddable":true,"href":"https:\/\/www.polsoft.pl\/microsoft-surface\/wp-json\/wp\/v2\/product_tag?post=18854"}],"curies":[{"name":"wp","href":"https:\/\/api.w.org\/{rel}","templated":true}]}}