{"id":18874,"date":"2025-06-16T21:32:39","date_gmt":"2025-06-16T19:32:39","guid":{"rendered":"https:\/\/polsoft.pl\/microsoft-surface\/produkt\/microsoft-surface-laptop-7-138-ep2-36372-ultra-7-266v-16gb-256gb-138-5g-wifi-platynowy\/"},"modified":"2026-01-23T12:46:18","modified_gmt":"2026-01-23T11:46:18","slug":"microsoft-surface-laptop-7-138-ep2-36372-ultra-7-266v-16gb-256gb-138-5g-wifi-platynowy","status":"publish","type":"product","link":"https:\/\/www.polsoft.pl\/microsoft-surface\/produkt\/microsoft-surface-laptop-7-138-ep2-36372-ultra-7-266v-16gb-256gb-138-5g-wifi-platynowy\/","title":{"rendered":"Microsoft Surface Laptop 7 13,8&#8221; EP2-36372 Ultra 7 266V\/16GB\/256GB\/13,8&#8221;\/5G\/WiFi\/Platynowy"},"content":{"rendered":"<p>Microsoft Surface Laptop 7 13,8\u201d EP2-36372 w eleganckim, platynowym kolorze, to definicja nowoczesnego biura mobilnego. Stworzony dla profesjonalist\u00f3w, kt\u00f3rzy potrzebuj\u0105 wysokiej wydajno\u015bci procesora z serii Ultra 7 i absolutnej swobody, jak\u0105 daje sta\u0142a \u0142\u0105czno\u015b\u0107 5G, by pracowa\u0107 bez kompromis\u00f3w w dowolnym miejscu. To laptop, kt\u00f3ry \u0142\u0105czy w sobie moc do realizacji zaawansowanych zada\u0144, presti\u017cowy wygl\u0105d i nieograniczony dost\u0119p do sieci, staj\u0105c si\u0119 idealnym partnerem dla mened\u017cer\u00f3w, konsultant\u00f3w i pracownik\u00f3w terenowych.<\/p>\n<p>Za wydajno\u015b\u0107 na najwy\u017cszym poziomie odpowiada pot\u0119\u017cny procesor Intel\u00ae Core\u2122 Ultra 7 266V, kt\u00f3rego zaawansowana architektura, w po\u0142\u0105czeniu z 16 GB ultra wydajnej pami\u0119ci LPDDR5x, zapewnia p\u0142ynno\u015b\u0107 dzia\u0142ania nawet w najbardziej wymagaj\u0105cych aplikacjach biznesowych. Taka konfiguracja gwarantuje, \u017ce mo\u017cesz bez przeszk\u00f3d pracowa\u0107 z wieloma programami jednocze\u015bnie. Szybki dysk SSD (PCIe 4.0) o pojemno\u015bci 256 GB jest idealny do pracy z danymi w chmurze i zapewnia b\u0142yskawiczny dost\u0119p do kluczowych aplikacji, co jest kluczowe dla zachowania ci\u0105g\u0142o\u015bci pracy.<\/p>\n<p>Dostrzegaj wi\u0119cej, z niemal bezkraw\u0119dziowym, 13,8-calowym ekranem dotykowym PixelSense\u2122 Flow o rozdzielczo\u015bci 2304 x 1536 (201 PPI). Wysoka cz\u0119stotliwo\u015b\u0107 od\u015bwie\u017cania do 120Hz i doskona\u0142y kontrast sprawiaj\u0105, \u017ce praca z obszernymi dokumentami jest niezwykle komfortowa, a wysoka jasno\u015b\u0107 ekranu pozwala pracowa\u0107 mobilnie nawet w pe\u0142nym s\u0142o\u0144cu. Proporcje 3:2 to wi\u0119cej miejsca w pionie, co u\u0142atwia prac\u0119 z kodem i d\u0142ugimi raportami. Wytrzyma\u0142o\u015b\u0107 na poziomie premium gwarantuje szk\u0142o Corning\u00ae Gorilla\u00ae Glass 5.<\/p>\n<p>Korzystaj z najnowszych funkcji efekt\u00f3w Windows Studio podczas spotka\u0144 online i wygodnie si\u0119 uwierzytelniaj z Windows Hello. Precyzyjna klawiatura o zoptymalizowanym skoku i du\u017cy g\u0142adzik zapewniaj\u0105 komfort pisania, a mo\u017cliwo\u015b\u0107 sparowania laptopa z pi\u00f3rem Microsoft Surface Slim Pen 2 (sprzedawanym osobno) zwi\u0119ksza precyzj\u0119 tworzenia i odr\u0119cznego notowania bezpo\u015brednio na ekranie. Smuk\u0142a, aluminiowa obudowa podkre\u015bla luksusowy charakter urz\u0105dzenia.<\/p>\n<p>Surface Laptop 7 to urz\u0105dzenie z zaawansowanymi zabezpieczeniami, \u0142\u0105cz\u0105ce ochron\u0119 systemow\u0105 oraz sprz\u0119tow\u0105. Bezpiecze\u0144stwa Twoich danych strze\u017ce system TPM 2.0 oraz Microsoft Windows Hello. \u0141\u0105czno\u015b\u0107 5G eliminuje potrzeb\u0119 korzystania z potencjalnie niebezpiecznych, publicznych sieci Wi-Fi, co jest kluczowe dla zachowania poufno\u015bci danych firmowych i prywatnych w podr\u00f3\u017cy.<\/p>\n<p>Sta\u0142y dost\u0119p do szybkiego internetu dzi\u0119ki wbudowanemu modemowi 5G zmienia zasady gry w pracy mobilnej. Laptop oferuje r\u00f3wnie\u017c najnowsze standardy Wi-Fi 6E oraz Bluetooth\u00ae 5.4. Dwa porty USB-C\u00ae z obs\u0142ug\u0105 Thunderbolt\u2122 4 pozwalaj\u0105 na stworzenie w pe\u0142ni funkcjonalnego biura w dowolnym miejscu, z dost\u0119pem do zewn\u0119trznych dysk\u00f3w, monitor\u00f3w 4K i innych niezb\u0119dnych akcesori\u00f3w.<\/p>\n<p>Doskona\u0142y d\u017awi\u0119k zapewniaj\u0105 g\u0142o\u015bniki Omnisonic\u00ae z systemem Dolby\u00ae Atmos\u00ae, kt\u00f3re tworz\u0105 immersyjne \u015brodowisko audio. Kamera Surface Studio z jako\u015bci\u0105 Full HD dba o Tw\u00f3j profesjonalny wizerunek podczas wideokonferencji, wykorzystuj\u0105c inteligentne funkcje do poprawy jako\u015bci obrazu. Dedykowany przycisk Copilot zapewnia natychmiastowy dost\u0119p do asystenta AI, kt\u00f3ry wspiera Twoj\u0105 produktywno\u015b\u0107.<\/p>\n","protected":false},"excerpt":{"rendered":"<p>Microsoft Surface Laptop 7 13,8\u201d EP2-36372 w eleganckim, platynowym kolorze, to definicja nowoczesnego biura mobilnego. Stworzony dla profesjonalist\u00f3w, kt\u00f3rzy potrzebuj\u0105 wysokiej wydajno\u015bci procesora z serii Ultra 7 i absolutnej swobody, jak\u0105 daje sta\u0142a \u0142\u0105czno\u015b\u0107 5G, by pracowa\u0107 bez kompromis\u00f3w w dowolnym miejscu. To laptop, kt\u00f3ry \u0142\u0105czy w sobie moc do realizacji zaawansowanych zada\u0144, presti\u017cowy wygl\u0105d [&hellip;]<\/p>\n","protected":false},"featured_media":19105,"template":"","meta":{"site-sidebar-layout":"default","site-content-layout":"","ast-site-content-layout":"default","site-content-style":"default","site-sidebar-style":"default","ast-global-header-display":"","ast-banner-title-visibility":"","ast-main-header-display":"","ast-hfb-above-header-display":"","ast-hfb-below-header-display":"","ast-hfb-mobile-header-display":"","site-post-title":"","ast-breadcrumbs-content":"","ast-featured-img":"","footer-sml-layout":"","ast-disable-related-posts":"","theme-transparent-header-meta":"default","adv-header-id-meta":"","stick-header-meta":"","header-above-stick-meta":"","header-main-stick-meta":"","header-below-stick-meta":"","astra-migrate-meta-layouts":"set","ast-page-background-enabled":"default","ast-page-background-meta":{"desktop":{"background-color":"","background-image":"","background-repeat":"repeat","background-position":"center center","background-size":"auto","background-attachment":"scroll","background-type":"","background-media":"","overlay-type":"","overlay-color":"","overlay-opacity":"","overlay-gradient":""},"tablet":{"background-color":"","background-image":"","background-repeat":"repeat","background-position":"center center","background-size":"auto","background-attachment":"scroll","background-type":"","background-media":"","overlay-type":"","overlay-color":"","overlay-opacity":"","overlay-gradient":""},"mobile":{"background-color":"","background-image":"","background-repeat":"repeat","background-position":"center center","background-size":"auto","background-attachment":"scroll","background-type":"","background-media":"","overlay-type":"","overlay-color":"","overlay-opacity":"","overlay-gradient":""}},"ast-content-background-meta":{"desktop":{"background-color":"var(--ast-global-color-5)","background-image":"","background-repeat":"repeat","background-position":"center center","background-size":"auto","background-attachment":"scroll","background-type":"","background-media":"","overlay-type":"","overlay-color":"","overlay-opacity":"","overlay-gradient":""},"tablet":{"background-color":"var(--ast-global-color-5)","background-image":"","background-repeat":"repeat","background-position":"center center","background-size":"auto","background-attachment":"scroll","background-type":"","background-media":"","overlay-type":"","overlay-color":"","overlay-opacity":"","overlay-gradient":""},"mobile":{"background-color":"var(--ast-global-color-5)","background-image":"","background-repeat":"repeat","background-position":"center center","background-size":"auto","background-attachment":"scroll","background-type":"","background-media":"","overlay-type":"","overlay-color":"","overlay-opacity":"","overlay-gradient":""}},"_links_to":"","_links_to_target":""},"product_brand":[],"product_cat":[70,315],"product_tag":[],"class_list":{"0":"post-18874","1":"product","2":"type-product","3":"status-publish","4":"has-post-thumbnail","6":"product_cat-laptopy-microsoft-surface","7":"product_cat-microsoft-surface-laptop-7","8":"pa_dodatkowe-komponenty-5g-wifi","9":"pa_dysk-ssd-256gb","10":"pa_matryca-314","11":"pa_model-procesora-ultra-7-266v","12":"pa_pamiec-ram-16gb","13":"pa_procesor-intel","14":"desktop-align-left","15":"tablet-align-left","16":"mobile-align-left","18":"first","19":"instock","20":"taxable","21":"shipping-taxable","22":"purchasable","23":"product-type-simple"},"yoast_head":"<!-- This site is optimized with the Yoast SEO plugin v26.7 - https:\/\/yoast.com\/wordpress\/plugins\/seo\/ -->\n<title>Microsoft Surface Laptop 7 13,8&#039;&#039; EP2-36372 Ultra 7 266V\/16GB\/256GB\/13,8&#039;&#039;\/5G\/WiFi\/Platynowy - Sklep rozwi\u0105za\u0144 Microsoft Surface<\/title>\n<meta name=\"description\" content=\"Surface Laptop 7 \u2013 nowoczesny laptop z ekranem dotykowym, \u0142\u0105czno\u015bci\u0105 5G i moc\u0105 AI. Wybierz mobilno\u015b\u0107 i styl. Kup ju\u017c dzi\u015b z szybk\u0105 dostaw\u0105!\" \/>\n<meta name=\"robots\" content=\"index, follow, max-snippet:-1, max-image-preview:large, max-video-preview:-1\" \/>\n<link rel=\"canonical\" href=\"https:\/\/polsoft.pl\/microsoft-surface\/produkt\/microsoft-surface-laptop-7-138-ep2-36372-ultra-7-266v-16gb-256gb-138-5g-wifi-platynowy\/\" \/>\n<meta property=\"og:locale\" content=\"pl_PL\" \/>\n<meta property=\"og:type\" content=\"article\" \/>\n<meta property=\"og:title\" content=\"Microsoft Surface Laptop 7 13,8&#039;&#039; EP2-36372 Ultra 7 266V\/16GB\/256GB\/13,8&#039;&#039;\/5G\/WiFi\/Platynowy - Sklep rozwi\u0105za\u0144 Microsoft Surface\" \/>\n<meta property=\"og:description\" content=\"Surface Laptop 7 \u2013 nowoczesny laptop z ekranem dotykowym, \u0142\u0105czno\u015bci\u0105 5G i moc\u0105 AI. Wybierz mobilno\u015b\u0107 i styl. Kup ju\u017c dzi\u015b z szybk\u0105 dostaw\u0105!\" \/>\n<meta property=\"og:url\" content=\"https:\/\/polsoft.pl\/microsoft-surface\/produkt\/microsoft-surface-laptop-7-138-ep2-36372-ultra-7-266v-16gb-256gb-138-5g-wifi-platynowy\/\" \/>\n<meta property=\"og:site_name\" content=\"Sklep rozwi\u0105za\u0144 Microsoft Surface\" \/>\n<meta property=\"article:modified_time\" content=\"2026-01-23T11:46:18+00:00\" \/>\n<meta property=\"og:image\" content=\"https:\/\/polsoft.pl\/microsoft-surface\/wp-content\/uploads\/2025\/06\/Microsoft-Surface-Laptop-7-EP2-36372-2.jpg\" \/>\n\t<meta property=\"og:image:width\" content=\"1608\" \/>\n\t<meta property=\"og:image:height\" content=\"1608\" \/>\n\t<meta property=\"og:image:type\" content=\"image\/jpeg\" \/>\n<meta name=\"twitter:card\" content=\"summary_large_image\" \/>\n<meta name=\"twitter:label1\" content=\"Szacowany czas czytania\" \/>\n\t<meta name=\"twitter:data1\" content=\"3 minuty\" \/>\n<script type=\"application\/ld+json\" class=\"yoast-schema-graph\">{\"@context\":\"https:\/\/schema.org\",\"@graph\":[{\"@type\":\"WebPage\",\"@id\":\"https:\/\/polsoft.pl\/microsoft-surface\/produkt\/microsoft-surface-laptop-7-138-ep2-36372-ultra-7-266v-16gb-256gb-138-5g-wifi-platynowy\/\",\"url\":\"https:\/\/polsoft.pl\/microsoft-surface\/produkt\/microsoft-surface-laptop-7-138-ep2-36372-ultra-7-266v-16gb-256gb-138-5g-wifi-platynowy\/\",\"name\":\"Microsoft Surface Laptop 7 13,8'' EP2-36372 Ultra 7 266V\/16GB\/256GB\/13,8''\/5G\/WiFi\/Platynowy - Sklep rozwi\u0105za\u0144 Microsoft Surface\",\"isPartOf\":{\"@id\":\"https:\/\/polsoft.pl\/microsoft-surface\/#website\"},\"primaryImageOfPage\":{\"@id\":\"https:\/\/polsoft.pl\/microsoft-surface\/produkt\/microsoft-surface-laptop-7-138-ep2-36372-ultra-7-266v-16gb-256gb-138-5g-wifi-platynowy\/#primaryimage\"},\"image\":{\"@id\":\"https:\/\/polsoft.pl\/microsoft-surface\/produkt\/microsoft-surface-laptop-7-138-ep2-36372-ultra-7-266v-16gb-256gb-138-5g-wifi-platynowy\/#primaryimage\"},\"thumbnailUrl\":\"https:\/\/www.polsoft.pl\/microsoft-surface\/wp-content\/uploads\/2025\/06\/Microsoft-Surface-Laptop-7-EP2-36372-2.jpg\",\"datePublished\":\"2025-06-16T19:32:39+00:00\",\"dateModified\":\"2026-01-23T11:46:18+00:00\",\"description\":\"Surface Laptop 7 \u2013 nowoczesny laptop z ekranem dotykowym, \u0142\u0105czno\u015bci\u0105 5G i moc\u0105 AI. Wybierz mobilno\u015b\u0107 i styl. Kup ju\u017c dzi\u015b z szybk\u0105 dostaw\u0105!\",\"breadcrumb\":{\"@id\":\"https:\/\/polsoft.pl\/microsoft-surface\/produkt\/microsoft-surface-laptop-7-138-ep2-36372-ultra-7-266v-16gb-256gb-138-5g-wifi-platynowy\/#breadcrumb\"},\"inLanguage\":\"pl-PL\",\"potentialAction\":[{\"@type\":\"ReadAction\",\"target\":[\"https:\/\/polsoft.pl\/microsoft-surface\/produkt\/microsoft-surface-laptop-7-138-ep2-36372-ultra-7-266v-16gb-256gb-138-5g-wifi-platynowy\/\"]}]},{\"@type\":\"ImageObject\",\"inLanguage\":\"pl-PL\",\"@id\":\"https:\/\/polsoft.pl\/microsoft-surface\/produkt\/microsoft-surface-laptop-7-138-ep2-36372-ultra-7-266v-16gb-256gb-138-5g-wifi-platynowy\/#primaryimage\",\"url\":\"https:\/\/www.polsoft.pl\/microsoft-surface\/wp-content\/uploads\/2025\/06\/Microsoft-Surface-Laptop-7-EP2-36372-2.jpg\",\"contentUrl\":\"https:\/\/www.polsoft.pl\/microsoft-surface\/wp-content\/uploads\/2025\/06\/Microsoft-Surface-Laptop-7-EP2-36372-2.jpg\",\"width\":1608,\"height\":1608},{\"@type\":\"BreadcrumbList\",\"@id\":\"https:\/\/polsoft.pl\/microsoft-surface\/produkt\/microsoft-surface-laptop-7-138-ep2-36372-ultra-7-266v-16gb-256gb-138-5g-wifi-platynowy\/#breadcrumb\",\"itemListElement\":[{\"@type\":\"ListItem\",\"position\":1,\"name\":\"Strona g\u0142\u00f3wna\",\"item\":\"https:\/\/polsoft.pl\/microsoft-surface\/\"},{\"@type\":\"ListItem\",\"position\":2,\"name\":\"Sklep\",\"item\":\"https:\/\/polsoft.pl\/microsoft-surface\/sklep\/\"},{\"@type\":\"ListItem\",\"position\":3,\"name\":\"Microsoft Surface Laptop 7 13,8&#8221; EP2-36372 Ultra 7 266V\/16GB\/256GB\/13,8&#8221;\/5G\/WiFi\/Platynowy\"}]},{\"@type\":\"WebSite\",\"@id\":\"https:\/\/polsoft.pl\/microsoft-surface\/#website\",\"url\":\"https:\/\/polsoft.pl\/microsoft-surface\/\",\"name\":\"Sklep Microsoft Surface\",\"description\":\"Sklep Microsoft Surface\",\"publisher\":{\"@id\":\"https:\/\/polsoft.pl\/microsoft-surface\/#organization\"},\"potentialAction\":[{\"@type\":\"SearchAction\",\"target\":{\"@type\":\"EntryPoint\",\"urlTemplate\":\"https:\/\/polsoft.pl\/microsoft-surface\/?s={search_term_string}\"},\"query-input\":{\"@type\":\"PropertyValueSpecification\",\"valueRequired\":true,\"valueName\":\"search_term_string\"}}],\"inLanguage\":\"pl-PL\"},{\"@type\":\"Organization\",\"@id\":\"https:\/\/polsoft.pl\/microsoft-surface\/#organization\",\"name\":\"Polsoft Engineering Sp. z o.o.\",\"url\":\"https:\/\/polsoft.pl\/microsoft-surface\/\",\"logo\":{\"@type\":\"ImageObject\",\"inLanguage\":\"pl-PL\",\"@id\":\"https:\/\/polsoft.pl\/microsoft-surface\/#\/schema\/logo\/image\/\",\"url\":\"https:\/\/www.polsoft.pl\/microsoft-surface\/wp-content\/uploads\/2020\/10\/microsoft_partner_logo_black_polsoft.png\",\"contentUrl\":\"https:\/\/www.polsoft.pl\/microsoft-surface\/wp-content\/uploads\/2020\/10\/microsoft_partner_logo_black_polsoft.png\",\"width\":613,\"height\":158,\"caption\":\"Polsoft Engineering Sp. z o.o.\"},\"image\":{\"@id\":\"https:\/\/polsoft.pl\/microsoft-surface\/#\/schema\/logo\/image\/\"}}]}<\/script>\n<!-- \/ Yoast SEO plugin. -->","yoast_head_json":{"title":"Microsoft Surface Laptop 7 13,8'' EP2-36372 Ultra 7 266V\/16GB\/256GB\/13,8''\/5G\/WiFi\/Platynowy - Sklep rozwi\u0105za\u0144 Microsoft Surface","description":"Surface Laptop 7 \u2013 nowoczesny laptop z ekranem dotykowym, \u0142\u0105czno\u015bci\u0105 5G i moc\u0105 AI. Wybierz mobilno\u015b\u0107 i styl. Kup ju\u017c dzi\u015b z szybk\u0105 dostaw\u0105!","robots":{"index":"index","follow":"follow","max-snippet":"max-snippet:-1","max-image-preview":"max-image-preview:large","max-video-preview":"max-video-preview:-1"},"canonical":"https:\/\/polsoft.pl\/microsoft-surface\/produkt\/microsoft-surface-laptop-7-138-ep2-36372-ultra-7-266v-16gb-256gb-138-5g-wifi-platynowy\/","og_locale":"pl_PL","og_type":"article","og_title":"Microsoft Surface Laptop 7 13,8'' EP2-36372 Ultra 7 266V\/16GB\/256GB\/13,8''\/5G\/WiFi\/Platynowy - Sklep rozwi\u0105za\u0144 Microsoft Surface","og_description":"Surface Laptop 7 \u2013 nowoczesny laptop z ekranem dotykowym, \u0142\u0105czno\u015bci\u0105 5G i moc\u0105 AI. Wybierz mobilno\u015b\u0107 i styl. Kup ju\u017c dzi\u015b z szybk\u0105 dostaw\u0105!","og_url":"https:\/\/polsoft.pl\/microsoft-surface\/produkt\/microsoft-surface-laptop-7-138-ep2-36372-ultra-7-266v-16gb-256gb-138-5g-wifi-platynowy\/","og_site_name":"Sklep rozwi\u0105za\u0144 Microsoft Surface","article_modified_time":"2026-01-23T11:46:18+00:00","og_image":[{"width":1608,"height":1608,"url":"https:\/\/polsoft.pl\/microsoft-surface\/wp-content\/uploads\/2025\/06\/Microsoft-Surface-Laptop-7-EP2-36372-2.jpg","type":"image\/jpeg"}],"twitter_card":"summary_large_image","twitter_misc":{"Szacowany czas czytania":"3 minuty"},"schema":{"@context":"https:\/\/schema.org","@graph":[{"@type":"WebPage","@id":"https:\/\/polsoft.pl\/microsoft-surface\/produkt\/microsoft-surface-laptop-7-138-ep2-36372-ultra-7-266v-16gb-256gb-138-5g-wifi-platynowy\/","url":"https:\/\/polsoft.pl\/microsoft-surface\/produkt\/microsoft-surface-laptop-7-138-ep2-36372-ultra-7-266v-16gb-256gb-138-5g-wifi-platynowy\/","name":"Microsoft Surface Laptop 7 13,8'' EP2-36372 Ultra 7 266V\/16GB\/256GB\/13,8''\/5G\/WiFi\/Platynowy - Sklep rozwi\u0105za\u0144 Microsoft Surface","isPartOf":{"@id":"https:\/\/polsoft.pl\/microsoft-surface\/#website"},"primaryImageOfPage":{"@id":"https:\/\/polsoft.pl\/microsoft-surface\/produkt\/microsoft-surface-laptop-7-138-ep2-36372-ultra-7-266v-16gb-256gb-138-5g-wifi-platynowy\/#primaryimage"},"image":{"@id":"https:\/\/polsoft.pl\/microsoft-surface\/produkt\/microsoft-surface-laptop-7-138-ep2-36372-ultra-7-266v-16gb-256gb-138-5g-wifi-platynowy\/#primaryimage"},"thumbnailUrl":"https:\/\/www.polsoft.pl\/microsoft-surface\/wp-content\/uploads\/2025\/06\/Microsoft-Surface-Laptop-7-EP2-36372-2.jpg","datePublished":"2025-06-16T19:32:39+00:00","dateModified":"2026-01-23T11:46:18+00:00","description":"Surface Laptop 7 \u2013 nowoczesny laptop z ekranem dotykowym, \u0142\u0105czno\u015bci\u0105 5G i moc\u0105 AI. Wybierz mobilno\u015b\u0107 i styl. Kup ju\u017c dzi\u015b z szybk\u0105 dostaw\u0105!","breadcrumb":{"@id":"https:\/\/polsoft.pl\/microsoft-surface\/produkt\/microsoft-surface-laptop-7-138-ep2-36372-ultra-7-266v-16gb-256gb-138-5g-wifi-platynowy\/#breadcrumb"},"inLanguage":"pl-PL","potentialAction":[{"@type":"ReadAction","target":["https:\/\/polsoft.pl\/microsoft-surface\/produkt\/microsoft-surface-laptop-7-138-ep2-36372-ultra-7-266v-16gb-256gb-138-5g-wifi-platynowy\/"]}]},{"@type":"ImageObject","inLanguage":"pl-PL","@id":"https:\/\/polsoft.pl\/microsoft-surface\/produkt\/microsoft-surface-laptop-7-138-ep2-36372-ultra-7-266v-16gb-256gb-138-5g-wifi-platynowy\/#primaryimage","url":"https:\/\/www.polsoft.pl\/microsoft-surface\/wp-content\/uploads\/2025\/06\/Microsoft-Surface-Laptop-7-EP2-36372-2.jpg","contentUrl":"https:\/\/www.polsoft.pl\/microsoft-surface\/wp-content\/uploads\/2025\/06\/Microsoft-Surface-Laptop-7-EP2-36372-2.jpg","width":1608,"height":1608},{"@type":"BreadcrumbList","@id":"https:\/\/polsoft.pl\/microsoft-surface\/produkt\/microsoft-surface-laptop-7-138-ep2-36372-ultra-7-266v-16gb-256gb-138-5g-wifi-platynowy\/#breadcrumb","itemListElement":[{"@type":"ListItem","position":1,"name":"Strona g\u0142\u00f3wna","item":"https:\/\/polsoft.pl\/microsoft-surface\/"},{"@type":"ListItem","position":2,"name":"Sklep","item":"https:\/\/polsoft.pl\/microsoft-surface\/sklep\/"},{"@type":"ListItem","position":3,"name":"Microsoft Surface Laptop 7 13,8&#8221; EP2-36372 Ultra 7 266V\/16GB\/256GB\/13,8&#8221;\/5G\/WiFi\/Platynowy"}]},{"@type":"WebSite","@id":"https:\/\/polsoft.pl\/microsoft-surface\/#website","url":"https:\/\/polsoft.pl\/microsoft-surface\/","name":"Sklep Microsoft Surface","description":"Sklep Microsoft Surface","publisher":{"@id":"https:\/\/polsoft.pl\/microsoft-surface\/#organization"},"potentialAction":[{"@type":"SearchAction","target":{"@type":"EntryPoint","urlTemplate":"https:\/\/polsoft.pl\/microsoft-surface\/?s={search_term_string}"},"query-input":{"@type":"PropertyValueSpecification","valueRequired":true,"valueName":"search_term_string"}}],"inLanguage":"pl-PL"},{"@type":"Organization","@id":"https:\/\/polsoft.pl\/microsoft-surface\/#organization","name":"Polsoft Engineering Sp. z o.o.","url":"https:\/\/polsoft.pl\/microsoft-surface\/","logo":{"@type":"ImageObject","inLanguage":"pl-PL","@id":"https:\/\/polsoft.pl\/microsoft-surface\/#\/schema\/logo\/image\/","url":"https:\/\/www.polsoft.pl\/microsoft-surface\/wp-content\/uploads\/2020\/10\/microsoft_partner_logo_black_polsoft.png","contentUrl":"https:\/\/www.polsoft.pl\/microsoft-surface\/wp-content\/uploads\/2020\/10\/microsoft_partner_logo_black_polsoft.png","width":613,"height":158,"caption":"Polsoft Engineering Sp. z o.o."},"image":{"@id":"https:\/\/polsoft.pl\/microsoft-surface\/#\/schema\/logo\/image\/"}}]}},"_links":{"self":[{"href":"https:\/\/www.polsoft.pl\/microsoft-surface\/wp-json\/wp\/v2\/product\/18874","targetHints":{"allow":["GET"]}}],"collection":[{"href":"https:\/\/www.polsoft.pl\/microsoft-surface\/wp-json\/wp\/v2\/product"}],"about":[{"href":"https:\/\/www.polsoft.pl\/microsoft-surface\/wp-json\/wp\/v2\/types\/product"}],"version-history":[{"count":6,"href":"https:\/\/www.polsoft.pl\/microsoft-surface\/wp-json\/wp\/v2\/product\/18874\/revisions"}],"predecessor-version":[{"id":19822,"href":"https:\/\/www.polsoft.pl\/microsoft-surface\/wp-json\/wp\/v2\/product\/18874\/revisions\/19822"}],"wp:featuredmedia":[{"embeddable":true,"href":"https:\/\/www.polsoft.pl\/microsoft-surface\/wp-json\/wp\/v2\/media\/19105"}],"wp:attachment":[{"href":"https:\/\/www.polsoft.pl\/microsoft-surface\/wp-json\/wp\/v2\/media?parent=18874"}],"wp:term":[{"taxonomy":"product_brand","embeddable":true,"href":"https:\/\/www.polsoft.pl\/microsoft-surface\/wp-json\/wp\/v2\/product_brand?post=18874"},{"taxonomy":"product_cat","embeddable":true,"href":"https:\/\/www.polsoft.pl\/microsoft-surface\/wp-json\/wp\/v2\/product_cat?post=18874"},{"taxonomy":"product_tag","embeddable":true,"href":"https:\/\/www.polsoft.pl\/microsoft-surface\/wp-json\/wp\/v2\/product_tag?post=18874"}],"curies":[{"name":"wp","href":"https:\/\/api.w.org\/{rel}","templated":true}]}}