{"id":18878,"date":"2025-06-16T21:32:39","date_gmt":"2025-06-16T19:32:39","guid":{"rendered":"https:\/\/polsoft.pl\/microsoft-surface\/produkt\/microsoft-surface-laptop-7-138-ep2-36422-ultra-7-268v-32gb-512gb-138-5g-wifi-platynowy\/"},"modified":"2026-01-23T12:46:19","modified_gmt":"2026-01-23T11:46:19","slug":"microsoft-surface-laptop-7-138-ep2-36422-ultra-7-268v-32gb-512gb-138-5g-wifi-platynowy","status":"publish","type":"product","link":"https:\/\/www.polsoft.pl\/microsoft-surface\/produkt\/microsoft-surface-laptop-7-138-ep2-36422-ultra-7-268v-32gb-512gb-138-5g-wifi-platynowy\/","title":{"rendered":"Microsoft Surface Laptop 7 13,8&#8221; EP2-36422 Ultra 7 268V\/32GB\/512GB\/13,8&#8221;\/5G\/WiFi\/Platynowy"},"content":{"rendered":"<p data-start=\"250\" data-end=\"731\">Microsoft Surface Laptop 7 13,8&#8243; EP2-36422 to ultranowoczesny laptop stworzony z my\u015bl\u0105 o profesjonalistach, kt\u00f3rzy oczekuj\u0105 mobilno\u015bci, wydajno\u015bci i elegancji \u2013 bez \u017cadnych kompromis\u00f3w. Ten wyj\u0105tkowy model \u0142\u0105czy nowatorsk\u0105 moc obliczeniow\u0105 procesora Intel\u00ae Core\u2122 Ultra 7 268V, ultraszybk\u0105 pami\u0119\u0107 RAM 32 GB oraz pojemny i szybki dysk SSD 512 GB. To wszystko zamkni\u0119te w niezwykle smuk\u0142ej, platynowej obudowie, kt\u00f3ra robi wra\u017cenie zar\u00f3wno w sali konferencyjnej, jak i w kawiarni.<\/p>\n<p data-start=\"733\" data-end=\"1426\">Sercem Surface Laptopa 7 EP2-36422 jest procesor nowej generacji Intel\u00ae Core\u2122 Ultra 7 \u2013 jednostka oparta na hybrydowej architekturze z dedykowanym uk\u0142adem NPU (Neural Processing Unit), wspieraj\u0105cym zadania zwi\u0105zane ze sztuczn\u0105 inteligencj\u0105. Dzi\u0119ki niemu urz\u0105dzenie automatycznie dostosowuje zasoby do Twojej pracy, oferuj\u0105c wyj\u0105tkow\u0105 wydajno\u015b\u0107 przy ni\u017cszym zu\u017cyciu energii. Wspomagany przez 32 GB pami\u0119ci LPDDR5x, laptop dzia\u0142a p\u0142ynnie nawet podczas pracy z zaawansowanymi aplikacjami do projektowania, edycji wideo, programowania czy pracy z du\u017cymi zbiorami danych. Dysk SSD 512 GB PCIe 4.0 gwarantuje b\u0142yskawiczny dost\u0119p do danych i program\u00f3w oraz komfortow\u0105 przestrze\u0144 do pracy na co dzie\u0144.<\/p>\n<p data-start=\"1428\" data-end=\"1913\">Ekran dotykowy PixelSense\u2122 Flow o przek\u0105tnej 13,8 cala i rozdzielczo\u015bci 2304 \u00d7 1536 pikseli (201 PPI) to prawdziwe okno do \u015bwiata nowoczesnej produktywno\u015bci. Dzi\u0119ki cz\u0119stotliwo\u015bci od\u015bwie\u017cania do 120 Hz ka\u017cde przewijanie, animacja czy gest staj\u0105 si\u0119 ultrag\u0142adkie i naturalne. Technologia Dolby Vision IQ\u2122 inteligentnie dostosowuje parametry obrazu do warunk\u00f3w otoczenia, zapewniaj\u0105c perfekcyjny kontrast i kolorystyk\u0119. Ca\u0142o\u015b\u0107 chroniona jest wytrzyma\u0142ym szk\u0142em Corning\u00ae Gorilla\u00ae Glass 5.<\/p>\n<p data-start=\"1915\" data-end=\"2348\">Surface Laptop 7 to urz\u0105dzenie, kt\u00f3re \u0142\u0105czy w sobie cechy klasycznego notebooka z funkcjonalno\u015bci\u0105 nowoczesnego ekranu dotykowego. Obs\u0142uguje on pi\u00f3ro Surface Slim Pen 2 (sprzedawane osobno), co sprawia, \u017ce mo\u017cesz szkicowa\u0107, podpisywa\u0107 dokumenty lub notowa\u0107 bezpo\u015brednio na ekranie \u2014 szybko, wygodnie i z precyzj\u0105. Niezwykle wygodna klawiatura oraz precyzyjny, du\u017cy touchpad sprawiaj\u0105, \u017ce codzienna praca staje si\u0119 intuicyjna i cicha.<\/p>\n<p data-start=\"2350\" data-end=\"2836\">Nowoczesna \u0142\u0105czno\u015b\u0107 to fundament mobilnej pracy. Wbudowany modem 5G sprawia, \u017ce jeste\u015b zawsze online, bez wzgl\u0119du na lokalizacj\u0119. Gdy jeste\u015b w biurze lub domu, technologia Wi-Fi 6E zapewnia b\u0142yskawiczne i stabilne po\u0142\u0105czenie z sieci\u0105. Do Twojej dyspozycji s\u0105 te\u017c dwa porty USB-C\u00ae z obs\u0142ug\u0105 Thunderbolt\u2122 4, dzi\u0119ki kt\u00f3rym mo\u017cesz szybko przesy\u0142a\u0107 dane, \u0142adowa\u0107 urz\u0105dzenie lub pod\u0142\u0105czy\u0107 zewn\u0119trzne monitory 4K. Bluetooth\u00ae 5.4 zapewnia bezproblemowe po\u0142\u0105czenia z bezprzewodowymi akcesoriami.<\/p>\n<p data-start=\"2838\" data-end=\"3167\">Bezpiecze\u0144stwo i prywatno\u015b\u0107 to kolejne atuty Surface Laptopa 7. Logowanie twarz\u0105 za pomoc\u0105 Windows Hello umo\u017cliwia dost\u0119p do systemu w u\u0142amku sekundy, bez potrzeby wpisywania hase\u0142. Wbudowany modu\u0142 TPM 2.0 odpowiada za sprz\u0119towe szyfrowanie danych, a integracja z Windows 11 Pro sprawia, \u017ce system dzia\u0142a bezpiecznie i stabilnie.<\/p>\n<p data-start=\"3169\" data-end=\"3489\">Dzi\u0119ki kamerze Surface Studio 1080p z funkcjami AI \u2014 automatycznym kadrowaniem czy korekt\u0105 spojrzenia \u2014 zawsze wygl\u0105dasz profesjonalnie podczas wideokonferencji. Mikrofony studyjne i g\u0142o\u015bniki Omnisonic\u00ae z Dolby Atmos\u00ae dostarczaj\u0105 przestrzenny d\u017awi\u0119k o kinowej jako\u015bci \u2014 idealny zar\u00f3wno do rozm\u00f3w, jak i relaksu po pracy.<\/p>\n<p data-start=\"3491\" data-end=\"3771\">Microsoft Surface Laptop 7 to urz\u0105dzenie nowej generacji \u2013 zaprojektowane z my\u015bl\u0105 o mobilno\u015bci, inteligencji i elegancji. Je\u015bli szukasz laptopa, kt\u00f3ry b\u0119dzie Twoim zaufanym partnerem w codziennej pracy, podr\u00f3\u017cach i tw\u00f3rczo\u015bci, ten model spe\u0142ni wszystkie oczekiwania.<\/p>\n","protected":false},"excerpt":{"rendered":"<p>Microsoft Surface Laptop 7 13,8&#8243; EP2-36422 to ultranowoczesny laptop stworzony z my\u015bl\u0105 o profesjonalistach, kt\u00f3rzy oczekuj\u0105 mobilno\u015bci, wydajno\u015bci i elegancji \u2013 bez \u017cadnych kompromis\u00f3w. Ten wyj\u0105tkowy model \u0142\u0105czy nowatorsk\u0105 moc obliczeniow\u0105 procesora Intel\u00ae Core\u2122 Ultra 7 268V, ultraszybk\u0105 pami\u0119\u0107 RAM 32 GB oraz pojemny i szybki dysk SSD 512 GB. To wszystko zamkni\u0119te w niezwykle [&hellip;]<\/p>\n","protected":false},"featured_media":19113,"template":"","meta":{"site-sidebar-layout":"default","site-content-layout":"","ast-site-content-layout":"default","site-content-style":"default","site-sidebar-style":"default","ast-global-header-display":"","ast-banner-title-visibility":"","ast-main-header-display":"","ast-hfb-above-header-display":"","ast-hfb-below-header-display":"","ast-hfb-mobile-header-display":"","site-post-title":"","ast-breadcrumbs-content":"","ast-featured-img":"","footer-sml-layout":"","ast-disable-related-posts":"","theme-transparent-header-meta":"default","adv-header-id-meta":"","stick-header-meta":"","header-above-stick-meta":"","header-main-stick-meta":"","header-below-stick-meta":"","astra-migrate-meta-layouts":"set","ast-page-background-enabled":"default","ast-page-background-meta":{"desktop":{"background-color":"","background-image":"","background-repeat":"repeat","background-position":"center center","background-size":"auto","background-attachment":"scroll","background-type":"","background-media":"","overlay-type":"","overlay-color":"","overlay-opacity":"","overlay-gradient":""},"tablet":{"background-color":"","background-image":"","background-repeat":"repeat","background-position":"center center","background-size":"auto","background-attachment":"scroll","background-type":"","background-media":"","overlay-type":"","overlay-color":"","overlay-opacity":"","overlay-gradient":""},"mobile":{"background-color":"","background-image":"","background-repeat":"repeat","background-position":"center center","background-size":"auto","background-attachment":"scroll","background-type":"","background-media":"","overlay-type":"","overlay-color":"","overlay-opacity":"","overlay-gradient":""}},"ast-content-background-meta":{"desktop":{"background-color":"var(--ast-global-color-5)","background-image":"","background-repeat":"repeat","background-position":"center center","background-size":"auto","background-attachment":"scroll","background-type":"","background-media":"","overlay-type":"","overlay-color":"","overlay-opacity":"","overlay-gradient":""},"tablet":{"background-color":"var(--ast-global-color-5)","background-image":"","background-repeat":"repeat","background-position":"center center","background-size":"auto","background-attachment":"scroll","background-type":"","background-media":"","overlay-type":"","overlay-color":"","overlay-opacity":"","overlay-gradient":""},"mobile":{"background-color":"var(--ast-global-color-5)","background-image":"","background-repeat":"repeat","background-position":"center center","background-size":"auto","background-attachment":"scroll","background-type":"","background-media":"","overlay-type":"","overlay-color":"","overlay-opacity":"","overlay-gradient":""}},"_links_to":"","_links_to_target":""},"product_brand":[],"product_cat":[70,315],"product_tag":[],"class_list":{"0":"post-18878","1":"product","2":"type-product","3":"status-publish","4":"has-post-thumbnail","6":"product_cat-laptopy-microsoft-surface","7":"product_cat-microsoft-surface-laptop-7","8":"pa_dodatkowe-komponenty-5g-wifi","9":"pa_dysk-ssd-512gb","10":"pa_matryca-314","11":"pa_model-procesora-ultra-7-268v","12":"pa_pamiec-ram-32gb","13":"pa_procesor-intel","14":"desktop-align-left","15":"tablet-align-left","16":"mobile-align-left","18":"first","19":"instock","20":"taxable","21":"shipping-taxable","22":"purchasable","23":"product-type-simple"},"yoast_head":"<!-- This site is optimized with the Yoast SEO plugin v26.7 - https:\/\/yoast.com\/wordpress\/plugins\/seo\/ -->\n<title>Microsoft Surface Laptop 7 13,8&#039;&#039; EP2-36422 Ultra 7 268V\/32GB\/512GB\/13,8&#039;&#039;\/5G\/WiFi\/Platynowy - Sklep rozwi\u0105za\u0144 Microsoft Surface<\/title>\n<meta name=\"description\" content=\"Surface Laptop 7 \u2013 nowoczesny laptop z ekranem dotykowym, \u0142\u0105czno\u015bci\u0105 5G i moc\u0105 AI. Wybierz mobilno\u015b\u0107 i styl. Kup ju\u017c dzi\u015b z szybk\u0105 dostaw\u0105!\" \/>\n<meta name=\"robots\" content=\"index, follow, max-snippet:-1, max-image-preview:large, max-video-preview:-1\" \/>\n<link rel=\"canonical\" href=\"https:\/\/polsoft.pl\/microsoft-surface\/produkt\/microsoft-surface-laptop-7-138-ep2-36422-ultra-7-268v-32gb-512gb-138-5g-wifi-platynowy\/\" \/>\n<meta property=\"og:locale\" content=\"pl_PL\" \/>\n<meta property=\"og:type\" content=\"article\" \/>\n<meta property=\"og:title\" content=\"Microsoft Surface Laptop 7 13,8&#039;&#039; EP2-36422 Ultra 7 268V\/32GB\/512GB\/13,8&#039;&#039;\/5G\/WiFi\/Platynowy - Sklep rozwi\u0105za\u0144 Microsoft Surface\" \/>\n<meta property=\"og:description\" content=\"Surface Laptop 7 \u2013 nowoczesny laptop z ekranem dotykowym, \u0142\u0105czno\u015bci\u0105 5G i moc\u0105 AI. Wybierz mobilno\u015b\u0107 i styl. Kup ju\u017c dzi\u015b z szybk\u0105 dostaw\u0105!\" \/>\n<meta property=\"og:url\" content=\"https:\/\/polsoft.pl\/microsoft-surface\/produkt\/microsoft-surface-laptop-7-138-ep2-36422-ultra-7-268v-32gb-512gb-138-5g-wifi-platynowy\/\" \/>\n<meta property=\"og:site_name\" content=\"Sklep rozwi\u0105za\u0144 Microsoft Surface\" \/>\n<meta property=\"article:modified_time\" content=\"2026-01-23T11:46:19+00:00\" \/>\n<meta property=\"og:image\" content=\"https:\/\/polsoft.pl\/microsoft-surface\/wp-content\/uploads\/2025\/06\/Microsoft-Surface-Laptop-7-EP2-36422-2.jpg\" \/>\n\t<meta property=\"og:image:width\" content=\"1608\" \/>\n\t<meta property=\"og:image:height\" content=\"1608\" \/>\n\t<meta property=\"og:image:type\" content=\"image\/jpeg\" \/>\n<meta name=\"twitter:card\" content=\"summary_large_image\" \/>\n<meta name=\"twitter:label1\" content=\"Szacowany czas czytania\" \/>\n\t<meta name=\"twitter:data1\" content=\"4 minuty\" \/>\n<script type=\"application\/ld+json\" class=\"yoast-schema-graph\">{\"@context\":\"https:\/\/schema.org\",\"@graph\":[{\"@type\":\"WebPage\",\"@id\":\"https:\/\/polsoft.pl\/microsoft-surface\/produkt\/microsoft-surface-laptop-7-138-ep2-36422-ultra-7-268v-32gb-512gb-138-5g-wifi-platynowy\/\",\"url\":\"https:\/\/polsoft.pl\/microsoft-surface\/produkt\/microsoft-surface-laptop-7-138-ep2-36422-ultra-7-268v-32gb-512gb-138-5g-wifi-platynowy\/\",\"name\":\"Microsoft Surface Laptop 7 13,8'' EP2-36422 Ultra 7 268V\/32GB\/512GB\/13,8''\/5G\/WiFi\/Platynowy - Sklep rozwi\u0105za\u0144 Microsoft Surface\",\"isPartOf\":{\"@id\":\"https:\/\/polsoft.pl\/microsoft-surface\/#website\"},\"primaryImageOfPage\":{\"@id\":\"https:\/\/polsoft.pl\/microsoft-surface\/produkt\/microsoft-surface-laptop-7-138-ep2-36422-ultra-7-268v-32gb-512gb-138-5g-wifi-platynowy\/#primaryimage\"},\"image\":{\"@id\":\"https:\/\/polsoft.pl\/microsoft-surface\/produkt\/microsoft-surface-laptop-7-138-ep2-36422-ultra-7-268v-32gb-512gb-138-5g-wifi-platynowy\/#primaryimage\"},\"thumbnailUrl\":\"https:\/\/www.polsoft.pl\/microsoft-surface\/wp-content\/uploads\/2025\/06\/Microsoft-Surface-Laptop-7-EP2-36422-2.jpg\",\"datePublished\":\"2025-06-16T19:32:39+00:00\",\"dateModified\":\"2026-01-23T11:46:19+00:00\",\"description\":\"Surface Laptop 7 \u2013 nowoczesny laptop z ekranem dotykowym, \u0142\u0105czno\u015bci\u0105 5G i moc\u0105 AI. Wybierz mobilno\u015b\u0107 i styl. Kup ju\u017c dzi\u015b z szybk\u0105 dostaw\u0105!\",\"breadcrumb\":{\"@id\":\"https:\/\/polsoft.pl\/microsoft-surface\/produkt\/microsoft-surface-laptop-7-138-ep2-36422-ultra-7-268v-32gb-512gb-138-5g-wifi-platynowy\/#breadcrumb\"},\"inLanguage\":\"pl-PL\",\"potentialAction\":[{\"@type\":\"ReadAction\",\"target\":[\"https:\/\/polsoft.pl\/microsoft-surface\/produkt\/microsoft-surface-laptop-7-138-ep2-36422-ultra-7-268v-32gb-512gb-138-5g-wifi-platynowy\/\"]}]},{\"@type\":\"ImageObject\",\"inLanguage\":\"pl-PL\",\"@id\":\"https:\/\/polsoft.pl\/microsoft-surface\/produkt\/microsoft-surface-laptop-7-138-ep2-36422-ultra-7-268v-32gb-512gb-138-5g-wifi-platynowy\/#primaryimage\",\"url\":\"https:\/\/www.polsoft.pl\/microsoft-surface\/wp-content\/uploads\/2025\/06\/Microsoft-Surface-Laptop-7-EP2-36422-2.jpg\",\"contentUrl\":\"https:\/\/www.polsoft.pl\/microsoft-surface\/wp-content\/uploads\/2025\/06\/Microsoft-Surface-Laptop-7-EP2-36422-2.jpg\",\"width\":1608,\"height\":1608},{\"@type\":\"BreadcrumbList\",\"@id\":\"https:\/\/polsoft.pl\/microsoft-surface\/produkt\/microsoft-surface-laptop-7-138-ep2-36422-ultra-7-268v-32gb-512gb-138-5g-wifi-platynowy\/#breadcrumb\",\"itemListElement\":[{\"@type\":\"ListItem\",\"position\":1,\"name\":\"Strona g\u0142\u00f3wna\",\"item\":\"https:\/\/polsoft.pl\/microsoft-surface\/\"},{\"@type\":\"ListItem\",\"position\":2,\"name\":\"Sklep\",\"item\":\"https:\/\/polsoft.pl\/microsoft-surface\/sklep\/\"},{\"@type\":\"ListItem\",\"position\":3,\"name\":\"Microsoft Surface Laptop 7 13,8&#8221; EP2-36422 Ultra 7 268V\/32GB\/512GB\/13,8&#8221;\/5G\/WiFi\/Platynowy\"}]},{\"@type\":\"WebSite\",\"@id\":\"https:\/\/polsoft.pl\/microsoft-surface\/#website\",\"url\":\"https:\/\/polsoft.pl\/microsoft-surface\/\",\"name\":\"Sklep Microsoft Surface\",\"description\":\"Sklep Microsoft Surface\",\"publisher\":{\"@id\":\"https:\/\/polsoft.pl\/microsoft-surface\/#organization\"},\"potentialAction\":[{\"@type\":\"SearchAction\",\"target\":{\"@type\":\"EntryPoint\",\"urlTemplate\":\"https:\/\/polsoft.pl\/microsoft-surface\/?s={search_term_string}\"},\"query-input\":{\"@type\":\"PropertyValueSpecification\",\"valueRequired\":true,\"valueName\":\"search_term_string\"}}],\"inLanguage\":\"pl-PL\"},{\"@type\":\"Organization\",\"@id\":\"https:\/\/polsoft.pl\/microsoft-surface\/#organization\",\"name\":\"Polsoft Engineering Sp. z o.o.\",\"url\":\"https:\/\/polsoft.pl\/microsoft-surface\/\",\"logo\":{\"@type\":\"ImageObject\",\"inLanguage\":\"pl-PL\",\"@id\":\"https:\/\/polsoft.pl\/microsoft-surface\/#\/schema\/logo\/image\/\",\"url\":\"https:\/\/www.polsoft.pl\/microsoft-surface\/wp-content\/uploads\/2020\/10\/microsoft_partner_logo_black_polsoft.png\",\"contentUrl\":\"https:\/\/www.polsoft.pl\/microsoft-surface\/wp-content\/uploads\/2020\/10\/microsoft_partner_logo_black_polsoft.png\",\"width\":613,\"height\":158,\"caption\":\"Polsoft Engineering Sp. z o.o.\"},\"image\":{\"@id\":\"https:\/\/polsoft.pl\/microsoft-surface\/#\/schema\/logo\/image\/\"}}]}<\/script>\n<!-- \/ Yoast SEO plugin. -->","yoast_head_json":{"title":"Microsoft Surface Laptop 7 13,8'' EP2-36422 Ultra 7 268V\/32GB\/512GB\/13,8''\/5G\/WiFi\/Platynowy - Sklep rozwi\u0105za\u0144 Microsoft Surface","description":"Surface Laptop 7 \u2013 nowoczesny laptop z ekranem dotykowym, \u0142\u0105czno\u015bci\u0105 5G i moc\u0105 AI. Wybierz mobilno\u015b\u0107 i styl. Kup ju\u017c dzi\u015b z szybk\u0105 dostaw\u0105!","robots":{"index":"index","follow":"follow","max-snippet":"max-snippet:-1","max-image-preview":"max-image-preview:large","max-video-preview":"max-video-preview:-1"},"canonical":"https:\/\/polsoft.pl\/microsoft-surface\/produkt\/microsoft-surface-laptop-7-138-ep2-36422-ultra-7-268v-32gb-512gb-138-5g-wifi-platynowy\/","og_locale":"pl_PL","og_type":"article","og_title":"Microsoft Surface Laptop 7 13,8'' EP2-36422 Ultra 7 268V\/32GB\/512GB\/13,8''\/5G\/WiFi\/Platynowy - Sklep rozwi\u0105za\u0144 Microsoft Surface","og_description":"Surface Laptop 7 \u2013 nowoczesny laptop z ekranem dotykowym, \u0142\u0105czno\u015bci\u0105 5G i moc\u0105 AI. Wybierz mobilno\u015b\u0107 i styl. Kup ju\u017c dzi\u015b z szybk\u0105 dostaw\u0105!","og_url":"https:\/\/polsoft.pl\/microsoft-surface\/produkt\/microsoft-surface-laptop-7-138-ep2-36422-ultra-7-268v-32gb-512gb-138-5g-wifi-platynowy\/","og_site_name":"Sklep rozwi\u0105za\u0144 Microsoft Surface","article_modified_time":"2026-01-23T11:46:19+00:00","og_image":[{"width":1608,"height":1608,"url":"https:\/\/polsoft.pl\/microsoft-surface\/wp-content\/uploads\/2025\/06\/Microsoft-Surface-Laptop-7-EP2-36422-2.jpg","type":"image\/jpeg"}],"twitter_card":"summary_large_image","twitter_misc":{"Szacowany czas czytania":"4 minuty"},"schema":{"@context":"https:\/\/schema.org","@graph":[{"@type":"WebPage","@id":"https:\/\/polsoft.pl\/microsoft-surface\/produkt\/microsoft-surface-laptop-7-138-ep2-36422-ultra-7-268v-32gb-512gb-138-5g-wifi-platynowy\/","url":"https:\/\/polsoft.pl\/microsoft-surface\/produkt\/microsoft-surface-laptop-7-138-ep2-36422-ultra-7-268v-32gb-512gb-138-5g-wifi-platynowy\/","name":"Microsoft Surface Laptop 7 13,8'' EP2-36422 Ultra 7 268V\/32GB\/512GB\/13,8''\/5G\/WiFi\/Platynowy - Sklep rozwi\u0105za\u0144 Microsoft Surface","isPartOf":{"@id":"https:\/\/polsoft.pl\/microsoft-surface\/#website"},"primaryImageOfPage":{"@id":"https:\/\/polsoft.pl\/microsoft-surface\/produkt\/microsoft-surface-laptop-7-138-ep2-36422-ultra-7-268v-32gb-512gb-138-5g-wifi-platynowy\/#primaryimage"},"image":{"@id":"https:\/\/polsoft.pl\/microsoft-surface\/produkt\/microsoft-surface-laptop-7-138-ep2-36422-ultra-7-268v-32gb-512gb-138-5g-wifi-platynowy\/#primaryimage"},"thumbnailUrl":"https:\/\/www.polsoft.pl\/microsoft-surface\/wp-content\/uploads\/2025\/06\/Microsoft-Surface-Laptop-7-EP2-36422-2.jpg","datePublished":"2025-06-16T19:32:39+00:00","dateModified":"2026-01-23T11:46:19+00:00","description":"Surface Laptop 7 \u2013 nowoczesny laptop z ekranem dotykowym, \u0142\u0105czno\u015bci\u0105 5G i moc\u0105 AI. Wybierz mobilno\u015b\u0107 i styl. Kup ju\u017c dzi\u015b z szybk\u0105 dostaw\u0105!","breadcrumb":{"@id":"https:\/\/polsoft.pl\/microsoft-surface\/produkt\/microsoft-surface-laptop-7-138-ep2-36422-ultra-7-268v-32gb-512gb-138-5g-wifi-platynowy\/#breadcrumb"},"inLanguage":"pl-PL","potentialAction":[{"@type":"ReadAction","target":["https:\/\/polsoft.pl\/microsoft-surface\/produkt\/microsoft-surface-laptop-7-138-ep2-36422-ultra-7-268v-32gb-512gb-138-5g-wifi-platynowy\/"]}]},{"@type":"ImageObject","inLanguage":"pl-PL","@id":"https:\/\/polsoft.pl\/microsoft-surface\/produkt\/microsoft-surface-laptop-7-138-ep2-36422-ultra-7-268v-32gb-512gb-138-5g-wifi-platynowy\/#primaryimage","url":"https:\/\/www.polsoft.pl\/microsoft-surface\/wp-content\/uploads\/2025\/06\/Microsoft-Surface-Laptop-7-EP2-36422-2.jpg","contentUrl":"https:\/\/www.polsoft.pl\/microsoft-surface\/wp-content\/uploads\/2025\/06\/Microsoft-Surface-Laptop-7-EP2-36422-2.jpg","width":1608,"height":1608},{"@type":"BreadcrumbList","@id":"https:\/\/polsoft.pl\/microsoft-surface\/produkt\/microsoft-surface-laptop-7-138-ep2-36422-ultra-7-268v-32gb-512gb-138-5g-wifi-platynowy\/#breadcrumb","itemListElement":[{"@type":"ListItem","position":1,"name":"Strona g\u0142\u00f3wna","item":"https:\/\/polsoft.pl\/microsoft-surface\/"},{"@type":"ListItem","position":2,"name":"Sklep","item":"https:\/\/polsoft.pl\/microsoft-surface\/sklep\/"},{"@type":"ListItem","position":3,"name":"Microsoft Surface Laptop 7 13,8&#8221; EP2-36422 Ultra 7 268V\/32GB\/512GB\/13,8&#8221;\/5G\/WiFi\/Platynowy"}]},{"@type":"WebSite","@id":"https:\/\/polsoft.pl\/microsoft-surface\/#website","url":"https:\/\/polsoft.pl\/microsoft-surface\/","name":"Sklep Microsoft Surface","description":"Sklep Microsoft Surface","publisher":{"@id":"https:\/\/polsoft.pl\/microsoft-surface\/#organization"},"potentialAction":[{"@type":"SearchAction","target":{"@type":"EntryPoint","urlTemplate":"https:\/\/polsoft.pl\/microsoft-surface\/?s={search_term_string}"},"query-input":{"@type":"PropertyValueSpecification","valueRequired":true,"valueName":"search_term_string"}}],"inLanguage":"pl-PL"},{"@type":"Organization","@id":"https:\/\/polsoft.pl\/microsoft-surface\/#organization","name":"Polsoft Engineering Sp. z o.o.","url":"https:\/\/polsoft.pl\/microsoft-surface\/","logo":{"@type":"ImageObject","inLanguage":"pl-PL","@id":"https:\/\/polsoft.pl\/microsoft-surface\/#\/schema\/logo\/image\/","url":"https:\/\/www.polsoft.pl\/microsoft-surface\/wp-content\/uploads\/2020\/10\/microsoft_partner_logo_black_polsoft.png","contentUrl":"https:\/\/www.polsoft.pl\/microsoft-surface\/wp-content\/uploads\/2020\/10\/microsoft_partner_logo_black_polsoft.png","width":613,"height":158,"caption":"Polsoft Engineering Sp. z o.o."},"image":{"@id":"https:\/\/polsoft.pl\/microsoft-surface\/#\/schema\/logo\/image\/"}}]}},"_links":{"self":[{"href":"https:\/\/www.polsoft.pl\/microsoft-surface\/wp-json\/wp\/v2\/product\/18878","targetHints":{"allow":["GET"]}}],"collection":[{"href":"https:\/\/www.polsoft.pl\/microsoft-surface\/wp-json\/wp\/v2\/product"}],"about":[{"href":"https:\/\/www.polsoft.pl\/microsoft-surface\/wp-json\/wp\/v2\/types\/product"}],"version-history":[{"count":7,"href":"https:\/\/www.polsoft.pl\/microsoft-surface\/wp-json\/wp\/v2\/product\/18878\/revisions"}],"predecessor-version":[{"id":19825,"href":"https:\/\/www.polsoft.pl\/microsoft-surface\/wp-json\/wp\/v2\/product\/18878\/revisions\/19825"}],"wp:featuredmedia":[{"embeddable":true,"href":"https:\/\/www.polsoft.pl\/microsoft-surface\/wp-json\/wp\/v2\/media\/19113"}],"wp:attachment":[{"href":"https:\/\/www.polsoft.pl\/microsoft-surface\/wp-json\/wp\/v2\/media?parent=18878"}],"wp:term":[{"taxonomy":"product_brand","embeddable":true,"href":"https:\/\/www.polsoft.pl\/microsoft-surface\/wp-json\/wp\/v2\/product_brand?post=18878"},{"taxonomy":"product_cat","embeddable":true,"href":"https:\/\/www.polsoft.pl\/microsoft-surface\/wp-json\/wp\/v2\/product_cat?post=18878"},{"taxonomy":"product_tag","embeddable":true,"href":"https:\/\/www.polsoft.pl\/microsoft-surface\/wp-json\/wp\/v2\/product_tag?post=18878"}],"curies":[{"name":"wp","href":"https:\/\/api.w.org\/{rel}","templated":true}]}}