{"id":19734,"date":"2025-07-09T11:49:54","date_gmt":"2025-07-09T09:49:54","guid":{"rendered":"https:\/\/polsoft.pl\/microsoft-surface\/produkt\/microsoft-surface-pro-12-ep2-27238-snapdragon-x-plus-8-core-24gb-1tb-12-wifi-platynowy\/"},"modified":"2026-01-23T12:46:04","modified_gmt":"2026-01-23T11:46:04","slug":"microsoft-surface-pro-12-ep2-27238-snapdragon-x-plus-8-core-24gb-1tb-12-wifi-platynowy","status":"publish","type":"product","link":"https:\/\/www.polsoft.pl\/microsoft-surface\/produkt\/microsoft-surface-pro-12-ep2-27238-snapdragon-x-plus-8-core-24gb-1tb-12-wifi-platynowy\/","title":{"rendered":"Microsoft Surface Pro 12 EP2-27238 Snapdragon X Plus (8 core)\/24GB\/1TB\/12&#8221;\/WiFi\/Platynowy"},"content":{"rendered":"<p>Do\u015bwiadcz absolutnej, bezkompromisowej mocy w najbardziej wszechstronnej i mobilnej formie z Microsoft Surface Pro 12 EP2-27238. To flagowa, najpot\u0119\u017cniejsza konfiguracja dla elity profesjonalist\u00f3w \u2013 grafik\u00f3w 3D, monta\u017cyst\u00f3w wideo, architekt\u00f3w, programist\u00f3w i analityk\u00f3w \u2013 kt\u00f3rzy potrzebuj\u0105 ekstremalnej wydajno\u015bci stacji roboczej i niezr\u00f3wnanej elastyczno\u015bci tabletu w jednym, inteligentnym urz\u0105dzeniu Copilot+. To narz\u0119dzie stworzone do przekraczania granic i realizacji najbardziej ambitnych projekt\u00f3w.<\/p>\n<p>Pod jego smuk\u0142\u0105, platynow\u0105 obudow\u0105 kryje si\u0119 prawdziwa bestia wydajno\u015bci. Rewolucyjny, 10-rdzeniowy procesor Snapdragon\u00ae X Plus ze zintegrowanym NPU nap\u0119dza ekskluzywne funkcje AI, radykalnie przyspieszaj\u0105c Twoj\u0105 prac\u0119 i proces tw\u00f3rczy. Najmocniejsza specyfikacja w ca\u0142ej ofercie, \u0142\u0105cz\u0105ca a\u017c 24 GB ultraszybkiej pami\u0119ci RAM LPDDR5x z ogromnym dyskiem SSD PCIe 4.0 o pojemno\u015bci 1 TB, to gwarancja, \u017ce \u017cadne zadanie nie b\u0119dzie zbyt wymagaj\u0105ce. Renderuj z\u0142o\u017cone sceny 3D w czasie rzeczywistym, pracuj p\u0142ynnie z wieloma strumieniami wideo 8K, uruchamiaj zasobo\u017cerne maszyny wirtualne i przechowuj ca\u0142e swoje cyfrowe \u017cycie i portfolio bez najmniejszych obaw o spowolnienia czy brak miejsca.<\/p>\n<p>Twoje dzie\u0142a b\u0119d\u0105 wygl\u0105da\u0107 zjawiskowo i niezwykle realistycznie na 12-calowym, dotykowym ekranie PixelSense\u2122 Flow z od\u015bwie\u017caniem 120 Hz. U\u017cywaj go z pi\u00f3rem Slim Pen 2 (sprzedawanym osobno) do precyzyjnego rysowania z dotykow\u0105 informacj\u0105 zwrotn\u0105 lub pod\u0142\u0105cz klawiatur\u0119 Flex Keyboard, aby przekszta\u0142ci\u0107 go w pot\u0119\u017cn\u0105 stacj\u0119 robocz\u0105. Zaawansowana kamera Quad HD, dwa ultraszybkie porty USB-C\u00ae (z obs\u0142ug\u0105 USB4\u00ae\/Thunderbolt 4), i \u0142\u0105czno\u015b\u0107 Wi-Fi 7 dope\u0142niaj\u0105 obrazu urz\u0105dzenia stworzonego do ekstremalnych zada\u0144. Surface Pro 12 to szczytowe osi\u0105gni\u0119cie in\u017cynierii Microsoft dla tych, kt\u00f3rzy wymagaj\u0105 absolutnie najlepszych, najbardziej wydajnych narz\u0119dzi na rynku.<\/p>\n","protected":false},"excerpt":{"rendered":"<p>Do\u015bwiadcz absolutnej, bezkompromisowej mocy w najbardziej wszechstronnej i mobilnej formie z Microsoft Surface Pro 12 EP2-27238. To flagowa, najpot\u0119\u017cniejsza konfiguracja dla elity profesjonalist\u00f3w \u2013 grafik\u00f3w 3D, monta\u017cyst\u00f3w wideo, architekt\u00f3w, programist\u00f3w i analityk\u00f3w \u2013 kt\u00f3rzy potrzebuj\u0105 ekstremalnej wydajno\u015bci stacji roboczej i niezr\u00f3wnanej elastyczno\u015bci tabletu w jednym, inteligentnym urz\u0105dzeniu Copilot+. To narz\u0119dzie stworzone do przekraczania granic i [&hellip;]<\/p>\n","protected":false},"featured_media":19804,"template":"","meta":{"site-sidebar-layout":"default","site-content-layout":"","ast-site-content-layout":"default","site-content-style":"default","site-sidebar-style":"default","ast-global-header-display":"","ast-banner-title-visibility":"","ast-main-header-display":"","ast-hfb-above-header-display":"","ast-hfb-below-header-display":"","ast-hfb-mobile-header-display":"","site-post-title":"","ast-breadcrumbs-content":"","ast-featured-img":"","footer-sml-layout":"","ast-disable-related-posts":"","theme-transparent-header-meta":"default","adv-header-id-meta":"","stick-header-meta":"","header-above-stick-meta":"","header-main-stick-meta":"","header-below-stick-meta":"","astra-migrate-meta-layouts":"set","ast-page-background-enabled":"default","ast-page-background-meta":{"desktop":{"background-color":"","background-image":"","background-repeat":"repeat","background-position":"center center","background-size":"auto","background-attachment":"scroll","background-type":"","background-media":"","overlay-type":"","overlay-color":"","overlay-opacity":"","overlay-gradient":""},"tablet":{"background-color":"","background-image":"","background-repeat":"repeat","background-position":"center center","background-size":"auto","background-attachment":"scroll","background-type":"","background-media":"","overlay-type":"","overlay-color":"","overlay-opacity":"","overlay-gradient":""},"mobile":{"background-color":"","background-image":"","background-repeat":"repeat","background-position":"center center","background-size":"auto","background-attachment":"scroll","background-type":"","background-media":"","overlay-type":"","overlay-color":"","overlay-opacity":"","overlay-gradient":""}},"ast-content-background-meta":{"desktop":{"background-color":"var(--ast-global-color-5)","background-image":"","background-repeat":"repeat","background-position":"center center","background-size":"auto","background-attachment":"scroll","background-type":"","background-media":"","overlay-type":"","overlay-color":"","overlay-opacity":"","overlay-gradient":""},"tablet":{"background-color":"var(--ast-global-color-5)","background-image":"","background-repeat":"repeat","background-position":"center center","background-size":"auto","background-attachment":"scroll","background-type":"","background-media":"","overlay-type":"","overlay-color":"","overlay-opacity":"","overlay-gradient":""},"mobile":{"background-color":"var(--ast-global-color-5)","background-image":"","background-repeat":"repeat","background-position":"center center","background-size":"auto","background-attachment":"scroll","background-type":"","background-media":"","overlay-type":"","overlay-color":"","overlay-opacity":"","overlay-gradient":""}},"_links_to":"","_links_to_target":""},"product_brand":[],"product_cat":[327,69],"product_tag":[],"class_list":{"0":"post-19734","1":"product","2":"type-product","3":"status-publish","4":"has-post-thumbnail","6":"product_cat-microsoft-surface-pro-12","7":"product_cat-tablety-microsoft-surface","8":"pa_dodatkowe-komponenty-wifi","9":"pa_dysk-ssd-1tb","10":"pa_matryca-326","11":"pa_model-procesora-snapdragon-x-plus-8-core","12":"pa_pamiec-ram-24gb","13":"pa_producent-procesora-qualcomm","14":"desktop-align-left","15":"tablet-align-left","16":"mobile-align-left","18":"first","19":"instock","20":"featured","21":"taxable","22":"shipping-taxable","23":"purchasable","24":"product-type-simple"},"yoast_head":"<!-- This site is optimized with the Yoast SEO plugin v26.7 - https:\/\/yoast.com\/wordpress\/plugins\/seo\/ -->\n<title>Microsoft Surface Pro 12 EP2-27238 Snapdragon X Plus (8 core)\/24GB\/1TB\/12&#039;&#039;\/WiFi\/Platynowy - Sklep rozwi\u0105za\u0144 Microsoft Surface<\/title>\n<meta name=\"description\" content=\"Surface Pro 12 \u2013 moc laptopa i swoboda tabletu w jednym. Dotykowy ekran, rysik i styl. Pracuj, tw\u00f3rz i ucz si\u0119 gdzie chcesz. Kup teraz online!\" \/>\n<meta name=\"robots\" content=\"index, follow, max-snippet:-1, max-image-preview:large, max-video-preview:-1\" \/>\n<link rel=\"canonical\" href=\"https:\/\/polsoft.pl\/microsoft-surface\/produkt\/microsoft-surface-pro-12-ep2-27238-snapdragon-x-plus-8-core-24gb-1tb-12-wifi-platynowy\/\" \/>\n<meta property=\"og:locale\" content=\"pl_PL\" \/>\n<meta property=\"og:type\" content=\"article\" \/>\n<meta property=\"og:title\" content=\"Microsoft Surface Pro 12 EP2-27238 Snapdragon X Plus (8 core)\/24GB\/1TB\/12&#039;&#039;\/WiFi\/Platynowy - Sklep rozwi\u0105za\u0144 Microsoft Surface\" \/>\n<meta property=\"og:description\" content=\"Surface Pro 12 \u2013 moc laptopa i swoboda tabletu w jednym. Dotykowy ekran, rysik i styl. Pracuj, tw\u00f3rz i ucz si\u0119 gdzie chcesz. Kup teraz online!\" \/>\n<meta property=\"og:url\" content=\"https:\/\/polsoft.pl\/microsoft-surface\/produkt\/microsoft-surface-pro-12-ep2-27238-snapdragon-x-plus-8-core-24gb-1tb-12-wifi-platynowy\/\" \/>\n<meta property=\"og:site_name\" content=\"Sklep rozwi\u0105za\u0144 Microsoft Surface\" \/>\n<meta property=\"article:modified_time\" content=\"2026-01-23T11:46:04+00:00\" \/>\n<meta property=\"og:image\" content=\"https:\/\/polsoft.pl\/microsoft-surface\/wp-content\/uploads\/2025\/07\/Microsoft-Surface-Pro-12-EP2-27238.jpg\" \/>\n\t<meta property=\"og:image:width\" content=\"1798\" \/>\n\t<meta property=\"og:image:height\" content=\"1798\" \/>\n\t<meta property=\"og:image:type\" content=\"image\/jpeg\" \/>\n<meta name=\"twitter:card\" content=\"summary_large_image\" \/>\n<meta name=\"twitter:label1\" content=\"Szacowany czas czytania\" \/>\n\t<meta name=\"twitter:data1\" content=\"2 minuty\" \/>\n<script type=\"application\/ld+json\" class=\"yoast-schema-graph\">{\"@context\":\"https:\/\/schema.org\",\"@graph\":[{\"@type\":\"WebPage\",\"@id\":\"https:\/\/polsoft.pl\/microsoft-surface\/produkt\/microsoft-surface-pro-12-ep2-27238-snapdragon-x-plus-8-core-24gb-1tb-12-wifi-platynowy\/\",\"url\":\"https:\/\/polsoft.pl\/microsoft-surface\/produkt\/microsoft-surface-pro-12-ep2-27238-snapdragon-x-plus-8-core-24gb-1tb-12-wifi-platynowy\/\",\"name\":\"Microsoft Surface Pro 12 EP2-27238 Snapdragon X Plus (8 core)\/24GB\/1TB\/12''\/WiFi\/Platynowy - Sklep rozwi\u0105za\u0144 Microsoft Surface\",\"isPartOf\":{\"@id\":\"https:\/\/polsoft.pl\/microsoft-surface\/#website\"},\"primaryImageOfPage\":{\"@id\":\"https:\/\/polsoft.pl\/microsoft-surface\/produkt\/microsoft-surface-pro-12-ep2-27238-snapdragon-x-plus-8-core-24gb-1tb-12-wifi-platynowy\/#primaryimage\"},\"image\":{\"@id\":\"https:\/\/polsoft.pl\/microsoft-surface\/produkt\/microsoft-surface-pro-12-ep2-27238-snapdragon-x-plus-8-core-24gb-1tb-12-wifi-platynowy\/#primaryimage\"},\"thumbnailUrl\":\"https:\/\/www.polsoft.pl\/microsoft-surface\/wp-content\/uploads\/2025\/07\/Microsoft-Surface-Pro-12-EP2-27238.jpg\",\"datePublished\":\"2025-07-09T09:49:54+00:00\",\"dateModified\":\"2026-01-23T11:46:04+00:00\",\"description\":\"Surface Pro 12 \u2013 moc laptopa i swoboda tabletu w jednym. Dotykowy ekran, rysik i styl. Pracuj, tw\u00f3rz i ucz si\u0119 gdzie chcesz. Kup teraz online!\",\"breadcrumb\":{\"@id\":\"https:\/\/polsoft.pl\/microsoft-surface\/produkt\/microsoft-surface-pro-12-ep2-27238-snapdragon-x-plus-8-core-24gb-1tb-12-wifi-platynowy\/#breadcrumb\"},\"inLanguage\":\"pl-PL\",\"potentialAction\":[{\"@type\":\"ReadAction\",\"target\":[\"https:\/\/polsoft.pl\/microsoft-surface\/produkt\/microsoft-surface-pro-12-ep2-27238-snapdragon-x-plus-8-core-24gb-1tb-12-wifi-platynowy\/\"]}]},{\"@type\":\"ImageObject\",\"inLanguage\":\"pl-PL\",\"@id\":\"https:\/\/polsoft.pl\/microsoft-surface\/produkt\/microsoft-surface-pro-12-ep2-27238-snapdragon-x-plus-8-core-24gb-1tb-12-wifi-platynowy\/#primaryimage\",\"url\":\"https:\/\/www.polsoft.pl\/microsoft-surface\/wp-content\/uploads\/2025\/07\/Microsoft-Surface-Pro-12-EP2-27238.jpg\",\"contentUrl\":\"https:\/\/www.polsoft.pl\/microsoft-surface\/wp-content\/uploads\/2025\/07\/Microsoft-Surface-Pro-12-EP2-27238.jpg\",\"width\":1798,\"height\":1798},{\"@type\":\"BreadcrumbList\",\"@id\":\"https:\/\/polsoft.pl\/microsoft-surface\/produkt\/microsoft-surface-pro-12-ep2-27238-snapdragon-x-plus-8-core-24gb-1tb-12-wifi-platynowy\/#breadcrumb\",\"itemListElement\":[{\"@type\":\"ListItem\",\"position\":1,\"name\":\"Strona g\u0142\u00f3wna\",\"item\":\"https:\/\/polsoft.pl\/microsoft-surface\/\"},{\"@type\":\"ListItem\",\"position\":2,\"name\":\"Sklep\",\"item\":\"https:\/\/polsoft.pl\/microsoft-surface\/sklep\/\"},{\"@type\":\"ListItem\",\"position\":3,\"name\":\"Microsoft Surface Pro 12 EP2-27238 Snapdragon X Plus (8 core)\/24GB\/1TB\/12&#8221;\/WiFi\/Platynowy\"}]},{\"@type\":\"WebSite\",\"@id\":\"https:\/\/polsoft.pl\/microsoft-surface\/#website\",\"url\":\"https:\/\/polsoft.pl\/microsoft-surface\/\",\"name\":\"Sklep Microsoft Surface\",\"description\":\"Sklep Microsoft Surface\",\"publisher\":{\"@id\":\"https:\/\/polsoft.pl\/microsoft-surface\/#organization\"},\"potentialAction\":[{\"@type\":\"SearchAction\",\"target\":{\"@type\":\"EntryPoint\",\"urlTemplate\":\"https:\/\/polsoft.pl\/microsoft-surface\/?s={search_term_string}\"},\"query-input\":{\"@type\":\"PropertyValueSpecification\",\"valueRequired\":true,\"valueName\":\"search_term_string\"}}],\"inLanguage\":\"pl-PL\"},{\"@type\":\"Organization\",\"@id\":\"https:\/\/polsoft.pl\/microsoft-surface\/#organization\",\"name\":\"Polsoft Engineering Sp. z o.o.\",\"url\":\"https:\/\/polsoft.pl\/microsoft-surface\/\",\"logo\":{\"@type\":\"ImageObject\",\"inLanguage\":\"pl-PL\",\"@id\":\"https:\/\/polsoft.pl\/microsoft-surface\/#\/schema\/logo\/image\/\",\"url\":\"https:\/\/www.polsoft.pl\/microsoft-surface\/wp-content\/uploads\/2020\/10\/microsoft_partner_logo_black_polsoft.png\",\"contentUrl\":\"https:\/\/www.polsoft.pl\/microsoft-surface\/wp-content\/uploads\/2020\/10\/microsoft_partner_logo_black_polsoft.png\",\"width\":613,\"height\":158,\"caption\":\"Polsoft Engineering Sp. z o.o.\"},\"image\":{\"@id\":\"https:\/\/polsoft.pl\/microsoft-surface\/#\/schema\/logo\/image\/\"}}]}<\/script>\n<!-- \/ Yoast SEO plugin. -->","yoast_head_json":{"title":"Microsoft Surface Pro 12 EP2-27238 Snapdragon X Plus (8 core)\/24GB\/1TB\/12''\/WiFi\/Platynowy - Sklep rozwi\u0105za\u0144 Microsoft Surface","description":"Surface Pro 12 \u2013 moc laptopa i swoboda tabletu w jednym. Dotykowy ekran, rysik i styl. Pracuj, tw\u00f3rz i ucz si\u0119 gdzie chcesz. Kup teraz online!","robots":{"index":"index","follow":"follow","max-snippet":"max-snippet:-1","max-image-preview":"max-image-preview:large","max-video-preview":"max-video-preview:-1"},"canonical":"https:\/\/polsoft.pl\/microsoft-surface\/produkt\/microsoft-surface-pro-12-ep2-27238-snapdragon-x-plus-8-core-24gb-1tb-12-wifi-platynowy\/","og_locale":"pl_PL","og_type":"article","og_title":"Microsoft Surface Pro 12 EP2-27238 Snapdragon X Plus (8 core)\/24GB\/1TB\/12''\/WiFi\/Platynowy - Sklep rozwi\u0105za\u0144 Microsoft Surface","og_description":"Surface Pro 12 \u2013 moc laptopa i swoboda tabletu w jednym. Dotykowy ekran, rysik i styl. Pracuj, tw\u00f3rz i ucz si\u0119 gdzie chcesz. Kup teraz online!","og_url":"https:\/\/polsoft.pl\/microsoft-surface\/produkt\/microsoft-surface-pro-12-ep2-27238-snapdragon-x-plus-8-core-24gb-1tb-12-wifi-platynowy\/","og_site_name":"Sklep rozwi\u0105za\u0144 Microsoft Surface","article_modified_time":"2026-01-23T11:46:04+00:00","og_image":[{"width":1798,"height":1798,"url":"https:\/\/polsoft.pl\/microsoft-surface\/wp-content\/uploads\/2025\/07\/Microsoft-Surface-Pro-12-EP2-27238.jpg","type":"image\/jpeg"}],"twitter_card":"summary_large_image","twitter_misc":{"Szacowany czas czytania":"2 minuty"},"schema":{"@context":"https:\/\/schema.org","@graph":[{"@type":"WebPage","@id":"https:\/\/polsoft.pl\/microsoft-surface\/produkt\/microsoft-surface-pro-12-ep2-27238-snapdragon-x-plus-8-core-24gb-1tb-12-wifi-platynowy\/","url":"https:\/\/polsoft.pl\/microsoft-surface\/produkt\/microsoft-surface-pro-12-ep2-27238-snapdragon-x-plus-8-core-24gb-1tb-12-wifi-platynowy\/","name":"Microsoft Surface Pro 12 EP2-27238 Snapdragon X Plus (8 core)\/24GB\/1TB\/12''\/WiFi\/Platynowy - Sklep rozwi\u0105za\u0144 Microsoft Surface","isPartOf":{"@id":"https:\/\/polsoft.pl\/microsoft-surface\/#website"},"primaryImageOfPage":{"@id":"https:\/\/polsoft.pl\/microsoft-surface\/produkt\/microsoft-surface-pro-12-ep2-27238-snapdragon-x-plus-8-core-24gb-1tb-12-wifi-platynowy\/#primaryimage"},"image":{"@id":"https:\/\/polsoft.pl\/microsoft-surface\/produkt\/microsoft-surface-pro-12-ep2-27238-snapdragon-x-plus-8-core-24gb-1tb-12-wifi-platynowy\/#primaryimage"},"thumbnailUrl":"https:\/\/www.polsoft.pl\/microsoft-surface\/wp-content\/uploads\/2025\/07\/Microsoft-Surface-Pro-12-EP2-27238.jpg","datePublished":"2025-07-09T09:49:54+00:00","dateModified":"2026-01-23T11:46:04+00:00","description":"Surface Pro 12 \u2013 moc laptopa i swoboda tabletu w jednym. Dotykowy ekran, rysik i styl. Pracuj, tw\u00f3rz i ucz si\u0119 gdzie chcesz. Kup teraz online!","breadcrumb":{"@id":"https:\/\/polsoft.pl\/microsoft-surface\/produkt\/microsoft-surface-pro-12-ep2-27238-snapdragon-x-plus-8-core-24gb-1tb-12-wifi-platynowy\/#breadcrumb"},"inLanguage":"pl-PL","potentialAction":[{"@type":"ReadAction","target":["https:\/\/polsoft.pl\/microsoft-surface\/produkt\/microsoft-surface-pro-12-ep2-27238-snapdragon-x-plus-8-core-24gb-1tb-12-wifi-platynowy\/"]}]},{"@type":"ImageObject","inLanguage":"pl-PL","@id":"https:\/\/polsoft.pl\/microsoft-surface\/produkt\/microsoft-surface-pro-12-ep2-27238-snapdragon-x-plus-8-core-24gb-1tb-12-wifi-platynowy\/#primaryimage","url":"https:\/\/www.polsoft.pl\/microsoft-surface\/wp-content\/uploads\/2025\/07\/Microsoft-Surface-Pro-12-EP2-27238.jpg","contentUrl":"https:\/\/www.polsoft.pl\/microsoft-surface\/wp-content\/uploads\/2025\/07\/Microsoft-Surface-Pro-12-EP2-27238.jpg","width":1798,"height":1798},{"@type":"BreadcrumbList","@id":"https:\/\/polsoft.pl\/microsoft-surface\/produkt\/microsoft-surface-pro-12-ep2-27238-snapdragon-x-plus-8-core-24gb-1tb-12-wifi-platynowy\/#breadcrumb","itemListElement":[{"@type":"ListItem","position":1,"name":"Strona g\u0142\u00f3wna","item":"https:\/\/polsoft.pl\/microsoft-surface\/"},{"@type":"ListItem","position":2,"name":"Sklep","item":"https:\/\/polsoft.pl\/microsoft-surface\/sklep\/"},{"@type":"ListItem","position":3,"name":"Microsoft Surface Pro 12 EP2-27238 Snapdragon X Plus (8 core)\/24GB\/1TB\/12&#8221;\/WiFi\/Platynowy"}]},{"@type":"WebSite","@id":"https:\/\/polsoft.pl\/microsoft-surface\/#website","url":"https:\/\/polsoft.pl\/microsoft-surface\/","name":"Sklep Microsoft Surface","description":"Sklep Microsoft Surface","publisher":{"@id":"https:\/\/polsoft.pl\/microsoft-surface\/#organization"},"potentialAction":[{"@type":"SearchAction","target":{"@type":"EntryPoint","urlTemplate":"https:\/\/polsoft.pl\/microsoft-surface\/?s={search_term_string}"},"query-input":{"@type":"PropertyValueSpecification","valueRequired":true,"valueName":"search_term_string"}}],"inLanguage":"pl-PL"},{"@type":"Organization","@id":"https:\/\/polsoft.pl\/microsoft-surface\/#organization","name":"Polsoft Engineering Sp. z o.o.","url":"https:\/\/polsoft.pl\/microsoft-surface\/","logo":{"@type":"ImageObject","inLanguage":"pl-PL","@id":"https:\/\/polsoft.pl\/microsoft-surface\/#\/schema\/logo\/image\/","url":"https:\/\/www.polsoft.pl\/microsoft-surface\/wp-content\/uploads\/2020\/10\/microsoft_partner_logo_black_polsoft.png","contentUrl":"https:\/\/www.polsoft.pl\/microsoft-surface\/wp-content\/uploads\/2020\/10\/microsoft_partner_logo_black_polsoft.png","width":613,"height":158,"caption":"Polsoft Engineering Sp. z o.o."},"image":{"@id":"https:\/\/polsoft.pl\/microsoft-surface\/#\/schema\/logo\/image\/"}}]}},"_links":{"self":[{"href":"https:\/\/www.polsoft.pl\/microsoft-surface\/wp-json\/wp\/v2\/product\/19734","targetHints":{"allow":["GET"]}}],"collection":[{"href":"https:\/\/www.polsoft.pl\/microsoft-surface\/wp-json\/wp\/v2\/product"}],"about":[{"href":"https:\/\/www.polsoft.pl\/microsoft-surface\/wp-json\/wp\/v2\/types\/product"}],"version-history":[{"count":4,"href":"https:\/\/www.polsoft.pl\/microsoft-surface\/wp-json\/wp\/v2\/product\/19734\/revisions"}],"predecessor-version":[{"id":19812,"href":"https:\/\/www.polsoft.pl\/microsoft-surface\/wp-json\/wp\/v2\/product\/19734\/revisions\/19812"}],"wp:featuredmedia":[{"embeddable":true,"href":"https:\/\/www.polsoft.pl\/microsoft-surface\/wp-json\/wp\/v2\/media\/19804"}],"wp:attachment":[{"href":"https:\/\/www.polsoft.pl\/microsoft-surface\/wp-json\/wp\/v2\/media?parent=19734"}],"wp:term":[{"taxonomy":"product_brand","embeddable":true,"href":"https:\/\/www.polsoft.pl\/microsoft-surface\/wp-json\/wp\/v2\/product_brand?post=19734"},{"taxonomy":"product_cat","embeddable":true,"href":"https:\/\/www.polsoft.pl\/microsoft-surface\/wp-json\/wp\/v2\/product_cat?post=19734"},{"taxonomy":"product_tag","embeddable":true,"href":"https:\/\/www.polsoft.pl\/microsoft-surface\/wp-json\/wp\/v2\/product_tag?post=19734"}],"curies":[{"name":"wp","href":"https:\/\/api.w.org\/{rel}","templated":true}]}}