{"id":19740,"date":"2025-07-09T11:49:54","date_gmt":"2025-07-09T09:49:54","guid":{"rendered":"https:\/\/polsoft.pl\/microsoft-surface\/produkt\/microsoft-surface-laptop-13-ep2-31277-snapdragon-x-plus-8-core-16-gb-512-gb-13-wifi-platynowy\/"},"modified":"2026-01-23T12:46:47","modified_gmt":"2026-01-23T11:46:47","slug":"microsoft-surface-laptop-13-ep2-31277-snapdragon-x-plus-8-core-16-gb-512-gb-13-wifi-platynowy","status":"publish","type":"product","link":"https:\/\/www.polsoft.pl\/microsoft-surface\/produkt\/microsoft-surface-laptop-13-ep2-31277-snapdragon-x-plus-8-core-16-gb-512-gb-13-wifi-platynowy\/","title":{"rendered":"Microsoft Surface Laptop 13&#8243; EP2-31277 Snapdragon X Plus (8 core)\/16 GB\/512 GB\/13&#8243;\/WiFi\/Platynowy"},"content":{"rendered":"<p>Poznaj Microsoft Surface Laptop 13&#8221; EP2-31277 \u2013 to optymalny, doskonale skomponowany wyb\u00f3r dla wymagaj\u0105cych i \u015bwiadomych u\u017cytkownik\u00f3w, kt\u00f3rzy szukaj\u0105 idealnego balansu mi\u0119dzy wysok\u0105 wydajno\u015bci\u0105, du\u017c\u0105 pojemno\u015bci\u0105 i rozs\u0105dn\u0105 cen\u0105. Ten elegancki laptop w ponadczasowej, platynowej obudowie to przedstawiciel nowej generacji komputer\u00f3w Copilot+, zaprojektowany, by Twoja praca, nauka i kreatywno\u015b\u0107 wznios\u0142y si\u0119 na wy\u017cszy, inteligentniejszy poziom.<\/p>\n<p>Sercem tego wszechstronnego komputera jest innowacyjny procesor Snapdragon\u00ae X Plus. Jego pot\u0119\u017cny procesor neuronowy (NPU) o mocy 45 TOPS akceleruje zadania zwi\u0105zane ze sztuczn\u0105 inteligencj\u0105, oferuj\u0105c dost\u0119p do unikalnych funkcji, takich jak Recall i Napisy na \u017cywo z t\u0142umaczeniem. Konfiguracja &#8222;sweet spot&#8221;, czyli 16 GB szybkiej pami\u0119ci RAM LPDDR5x w po\u0142\u0105czeniu z pojemnym i b\u0142yskawicznym dyskiem SSD PCIe 4.0 o pojemno\u015bci 512 GB, to sprawdzony przepis na sukces. Zapewnia ona absolutn\u0105 p\u0142ynno\u015b\u0107 dzia\u0142ania w wymagaj\u0105cych aplikacjach i zaawansowanej pracy wielozadaniowej, a jednocze\u015bnie oferuje mn\u00f3stwo miejsca na Twoje najwa\u017cniejsze pliki, rozbudowane programy i bogat\u0105 bibliotek\u0119 multimedi\u00f3w.<\/p>\n<p>Ciesz si\u0119 krystalicznie czystym, ostrym i p\u0142ynnym obrazem na 13,8-calowym ekranie dotykowym PixelSense\u2122 z dynamicznym od\u015bwie\u017caniem 120 Hz i ochron\u0105 Gorilla\u00ae Glass 5. Komfort pisania na legendarnej klawiaturze Surface jest niezr\u00f3wnany, a nowy, du\u017cy g\u0142adzik haptyczny z konfigurowalnymi wibracjami czyni nawigacj\u0119 jeszcze bardziej precyzyjn\u0105 i satysfakcjonuj\u0105c\u0105. Dzi\u0119ki energooszcz\u0119dnej architekturze ARM procesora Snapdragon, mo\u017cesz cieszy\u0107 si\u0119 niezwykle d\u0142ugim, ca\u0142odziennym czasem pracy na baterii. Surface Laptop 13&#8221; EP2-31277 to wszechstronne, inteligentne i niezwykle stylowe narz\u0119dzie, kt\u00f3re z \u0142atwo\u015bci\u0105 sprosta ka\u017cdemu wyzwaniu, jakie przed nim postawisz.<\/p>\n","protected":false},"excerpt":{"rendered":"<p>Poznaj Microsoft Surface Laptop 13&#8221; EP2-31277 \u2013 to optymalny, doskonale skomponowany wyb\u00f3r dla wymagaj\u0105cych i \u015bwiadomych u\u017cytkownik\u00f3w, kt\u00f3rzy szukaj\u0105 idealnego balansu mi\u0119dzy wysok\u0105 wydajno\u015bci\u0105, du\u017c\u0105 pojemno\u015bci\u0105 i rozs\u0105dn\u0105 cen\u0105. Ten elegancki laptop w ponadczasowej, platynowej obudowie to przedstawiciel nowej generacji komputer\u00f3w Copilot+, zaprojektowany, by Twoja praca, nauka i kreatywno\u015b\u0107 wznios\u0142y si\u0119 na wy\u017cszy, inteligentniejszy poziom. [&hellip;]<\/p>\n","protected":false},"featured_media":19794,"template":"","meta":{"site-sidebar-layout":"default","site-content-layout":"","ast-site-content-layout":"default","site-content-style":"default","site-sidebar-style":"default","ast-global-header-display":"","ast-banner-title-visibility":"","ast-main-header-display":"","ast-hfb-above-header-display":"","ast-hfb-below-header-display":"","ast-hfb-mobile-header-display":"","site-post-title":"","ast-breadcrumbs-content":"","ast-featured-img":"","footer-sml-layout":"","ast-disable-related-posts":"","theme-transparent-header-meta":"default","adv-header-id-meta":"","stick-header-meta":"","header-above-stick-meta":"","header-main-stick-meta":"","header-below-stick-meta":"","astra-migrate-meta-layouts":"set","ast-page-background-enabled":"default","ast-page-background-meta":{"desktop":{"background-color":"","background-image":"","background-repeat":"repeat","background-position":"center center","background-size":"auto","background-attachment":"scroll","background-type":"","background-media":"","overlay-type":"","overlay-color":"","overlay-opacity":"","overlay-gradient":""},"tablet":{"background-color":"","background-image":"","background-repeat":"repeat","background-position":"center center","background-size":"auto","background-attachment":"scroll","background-type":"","background-media":"","overlay-type":"","overlay-color":"","overlay-opacity":"","overlay-gradient":""},"mobile":{"background-color":"","background-image":"","background-repeat":"repeat","background-position":"center center","background-size":"auto","background-attachment":"scroll","background-type":"","background-media":"","overlay-type":"","overlay-color":"","overlay-opacity":"","overlay-gradient":""}},"ast-content-background-meta":{"desktop":{"background-color":"var(--ast-global-color-5)","background-image":"","background-repeat":"repeat","background-position":"center center","background-size":"auto","background-attachment":"scroll","background-type":"","background-media":"","overlay-type":"","overlay-color":"","overlay-opacity":"","overlay-gradient":""},"tablet":{"background-color":"var(--ast-global-color-5)","background-image":"","background-repeat":"repeat","background-position":"center center","background-size":"auto","background-attachment":"scroll","background-type":"","background-media":"","overlay-type":"","overlay-color":"","overlay-opacity":"","overlay-gradient":""},"mobile":{"background-color":"var(--ast-global-color-5)","background-image":"","background-repeat":"repeat","background-position":"center center","background-size":"auto","background-attachment":"scroll","background-type":"","background-media":"","overlay-type":"","overlay-color":"","overlay-opacity":"","overlay-gradient":""}},"_links_to":"","_links_to_target":""},"product_brand":[],"product_cat":[330,70],"product_tag":[],"class_list":{"0":"post-19740","1":"product","2":"type-product","3":"status-publish","4":"has-post-thumbnail","6":"product_cat-microsoft-surface-laptop-13","7":"product_cat-laptopy-microsoft-surface","8":"pa_dodatkowe-komponenty-wifi","9":"pa_dysk-ssd-512-gb","10":"pa_matryca-48","11":"pa_model-procesora-snapdragon-x-plus-8-core","12":"pa_pamiec-ram-16-gb","13":"pa_producent-procesora-qualcomm","14":"desktop-align-left","15":"tablet-align-left","16":"mobile-align-left","18":"first","19":"instock","20":"featured","21":"taxable","22":"shipping-taxable","23":"purchasable","24":"product-type-simple"},"yoast_head":"<!-- This site is optimized with the Yoast SEO plugin v26.7 - https:\/\/yoast.com\/wordpress\/plugins\/seo\/ -->\n<title>Microsoft Surface Laptop 13&quot; EP2-31277 Snapdragon X Plus (8 core)\/16 GB\/512 GB\/13&quot;\/WiFi\/Platynowy - Sklep rozwi\u0105za\u0144 Microsoft Surface<\/title>\n<meta name=\"description\" content=\"Surface Laptop 13 \u2013 elegancki i lekki laptop z wydajnym procesorem. Idealny do pracy, nauki i podr\u00f3\u017cy. Sprawd\u017a cen\u0119 i specyfikacj\u0119\" \/>\n<meta name=\"robots\" content=\"index, follow, max-snippet:-1, max-image-preview:large, max-video-preview:-1\" \/>\n<link rel=\"canonical\" href=\"https:\/\/polsoft.pl\/microsoft-surface\/produkt\/microsoft-surface-laptop-13-ep2-31277-snapdragon-x-plus-8-core-16-gb-512-gb-13-wifi-platynowy\/\" \/>\n<meta property=\"og:locale\" content=\"pl_PL\" \/>\n<meta property=\"og:type\" content=\"article\" \/>\n<meta property=\"og:title\" content=\"Microsoft Surface Laptop 13&quot; EP2-31277 Snapdragon X Plus (8 core)\/16 GB\/512 GB\/13&quot;\/WiFi\/Platynowy - Sklep rozwi\u0105za\u0144 Microsoft Surface\" \/>\n<meta property=\"og:description\" content=\"Surface Laptop 13 \u2013 elegancki i lekki laptop z wydajnym procesorem. Idealny do pracy, nauki i podr\u00f3\u017cy. Sprawd\u017a cen\u0119 i specyfikacj\u0119\" \/>\n<meta property=\"og:url\" content=\"https:\/\/polsoft.pl\/microsoft-surface\/produkt\/microsoft-surface-laptop-13-ep2-31277-snapdragon-x-plus-8-core-16-gb-512-gb-13-wifi-platynowy\/\" \/>\n<meta property=\"og:site_name\" content=\"Sklep rozwi\u0105za\u0144 Microsoft Surface\" \/>\n<meta property=\"article:modified_time\" content=\"2026-01-23T11:46:47+00:00\" \/>\n<meta property=\"og:image\" content=\"https:\/\/polsoft.pl\/microsoft-surface\/wp-content\/uploads\/2025\/07\/Microsoft-Surface-Laptop-13-EP2-31277.jpg\" \/>\n\t<meta property=\"og:image:width\" content=\"1051\" \/>\n\t<meta property=\"og:image:height\" content=\"1051\" \/>\n\t<meta property=\"og:image:type\" content=\"image\/jpeg\" \/>\n<meta name=\"twitter:card\" content=\"summary_large_image\" \/>\n<meta name=\"twitter:label1\" content=\"Szacowany czas czytania\" \/>\n\t<meta name=\"twitter:data1\" content=\"2 minuty\" \/>\n<script type=\"application\/ld+json\" class=\"yoast-schema-graph\">{\"@context\":\"https:\/\/schema.org\",\"@graph\":[{\"@type\":\"WebPage\",\"@id\":\"https:\/\/polsoft.pl\/microsoft-surface\/produkt\/microsoft-surface-laptop-13-ep2-31277-snapdragon-x-plus-8-core-16-gb-512-gb-13-wifi-platynowy\/\",\"url\":\"https:\/\/polsoft.pl\/microsoft-surface\/produkt\/microsoft-surface-laptop-13-ep2-31277-snapdragon-x-plus-8-core-16-gb-512-gb-13-wifi-platynowy\/\",\"name\":\"Microsoft Surface Laptop 13\\\" EP2-31277 Snapdragon X Plus (8 core)\/16 GB\/512 GB\/13\\\"\/WiFi\/Platynowy - Sklep rozwi\u0105za\u0144 Microsoft Surface\",\"isPartOf\":{\"@id\":\"https:\/\/polsoft.pl\/microsoft-surface\/#website\"},\"primaryImageOfPage\":{\"@id\":\"https:\/\/polsoft.pl\/microsoft-surface\/produkt\/microsoft-surface-laptop-13-ep2-31277-snapdragon-x-plus-8-core-16-gb-512-gb-13-wifi-platynowy\/#primaryimage\"},\"image\":{\"@id\":\"https:\/\/polsoft.pl\/microsoft-surface\/produkt\/microsoft-surface-laptop-13-ep2-31277-snapdragon-x-plus-8-core-16-gb-512-gb-13-wifi-platynowy\/#primaryimage\"},\"thumbnailUrl\":\"https:\/\/www.polsoft.pl\/microsoft-surface\/wp-content\/uploads\/2025\/07\/Microsoft-Surface-Laptop-13-EP2-31277.jpg\",\"datePublished\":\"2025-07-09T09:49:54+00:00\",\"dateModified\":\"2026-01-23T11:46:47+00:00\",\"description\":\"Surface Laptop 13 \u2013 elegancki i lekki laptop z wydajnym procesorem. Idealny do pracy, nauki i podr\u00f3\u017cy. Sprawd\u017a cen\u0119 i specyfikacj\u0119\",\"breadcrumb\":{\"@id\":\"https:\/\/polsoft.pl\/microsoft-surface\/produkt\/microsoft-surface-laptop-13-ep2-31277-snapdragon-x-plus-8-core-16-gb-512-gb-13-wifi-platynowy\/#breadcrumb\"},\"inLanguage\":\"pl-PL\",\"potentialAction\":[{\"@type\":\"ReadAction\",\"target\":[\"https:\/\/polsoft.pl\/microsoft-surface\/produkt\/microsoft-surface-laptop-13-ep2-31277-snapdragon-x-plus-8-core-16-gb-512-gb-13-wifi-platynowy\/\"]}]},{\"@type\":\"ImageObject\",\"inLanguage\":\"pl-PL\",\"@id\":\"https:\/\/polsoft.pl\/microsoft-surface\/produkt\/microsoft-surface-laptop-13-ep2-31277-snapdragon-x-plus-8-core-16-gb-512-gb-13-wifi-platynowy\/#primaryimage\",\"url\":\"https:\/\/www.polsoft.pl\/microsoft-surface\/wp-content\/uploads\/2025\/07\/Microsoft-Surface-Laptop-13-EP2-31277.jpg\",\"contentUrl\":\"https:\/\/www.polsoft.pl\/microsoft-surface\/wp-content\/uploads\/2025\/07\/Microsoft-Surface-Laptop-13-EP2-31277.jpg\",\"width\":1051,\"height\":1051},{\"@type\":\"BreadcrumbList\",\"@id\":\"https:\/\/polsoft.pl\/microsoft-surface\/produkt\/microsoft-surface-laptop-13-ep2-31277-snapdragon-x-plus-8-core-16-gb-512-gb-13-wifi-platynowy\/#breadcrumb\",\"itemListElement\":[{\"@type\":\"ListItem\",\"position\":1,\"name\":\"Strona g\u0142\u00f3wna\",\"item\":\"https:\/\/polsoft.pl\/microsoft-surface\/\"},{\"@type\":\"ListItem\",\"position\":2,\"name\":\"Sklep\",\"item\":\"https:\/\/polsoft.pl\/microsoft-surface\/sklep\/\"},{\"@type\":\"ListItem\",\"position\":3,\"name\":\"Microsoft Surface Laptop 13&#8243; EP2-31277 Snapdragon X Plus (8 core)\/16 GB\/512 GB\/13&#8243;\/WiFi\/Platynowy\"}]},{\"@type\":\"WebSite\",\"@id\":\"https:\/\/polsoft.pl\/microsoft-surface\/#website\",\"url\":\"https:\/\/polsoft.pl\/microsoft-surface\/\",\"name\":\"Sklep Microsoft Surface\",\"description\":\"Sklep Microsoft Surface\",\"publisher\":{\"@id\":\"https:\/\/polsoft.pl\/microsoft-surface\/#organization\"},\"potentialAction\":[{\"@type\":\"SearchAction\",\"target\":{\"@type\":\"EntryPoint\",\"urlTemplate\":\"https:\/\/polsoft.pl\/microsoft-surface\/?s={search_term_string}\"},\"query-input\":{\"@type\":\"PropertyValueSpecification\",\"valueRequired\":true,\"valueName\":\"search_term_string\"}}],\"inLanguage\":\"pl-PL\"},{\"@type\":\"Organization\",\"@id\":\"https:\/\/polsoft.pl\/microsoft-surface\/#organization\",\"name\":\"Polsoft Engineering Sp. z o.o.\",\"url\":\"https:\/\/polsoft.pl\/microsoft-surface\/\",\"logo\":{\"@type\":\"ImageObject\",\"inLanguage\":\"pl-PL\",\"@id\":\"https:\/\/polsoft.pl\/microsoft-surface\/#\/schema\/logo\/image\/\",\"url\":\"https:\/\/www.polsoft.pl\/microsoft-surface\/wp-content\/uploads\/2020\/10\/microsoft_partner_logo_black_polsoft.png\",\"contentUrl\":\"https:\/\/www.polsoft.pl\/microsoft-surface\/wp-content\/uploads\/2020\/10\/microsoft_partner_logo_black_polsoft.png\",\"width\":613,\"height\":158,\"caption\":\"Polsoft Engineering Sp. z o.o.\"},\"image\":{\"@id\":\"https:\/\/polsoft.pl\/microsoft-surface\/#\/schema\/logo\/image\/\"}}]}<\/script>\n<!-- \/ Yoast SEO plugin. -->","yoast_head_json":{"title":"Microsoft Surface Laptop 13\" EP2-31277 Snapdragon X Plus (8 core)\/16 GB\/512 GB\/13\"\/WiFi\/Platynowy - Sklep rozwi\u0105za\u0144 Microsoft Surface","description":"Surface Laptop 13 \u2013 elegancki i lekki laptop z wydajnym procesorem. Idealny do pracy, nauki i podr\u00f3\u017cy. Sprawd\u017a cen\u0119 i specyfikacj\u0119","robots":{"index":"index","follow":"follow","max-snippet":"max-snippet:-1","max-image-preview":"max-image-preview:large","max-video-preview":"max-video-preview:-1"},"canonical":"https:\/\/polsoft.pl\/microsoft-surface\/produkt\/microsoft-surface-laptop-13-ep2-31277-snapdragon-x-plus-8-core-16-gb-512-gb-13-wifi-platynowy\/","og_locale":"pl_PL","og_type":"article","og_title":"Microsoft Surface Laptop 13\" EP2-31277 Snapdragon X Plus (8 core)\/16 GB\/512 GB\/13\"\/WiFi\/Platynowy - Sklep rozwi\u0105za\u0144 Microsoft Surface","og_description":"Surface Laptop 13 \u2013 elegancki i lekki laptop z wydajnym procesorem. Idealny do pracy, nauki i podr\u00f3\u017cy. Sprawd\u017a cen\u0119 i specyfikacj\u0119","og_url":"https:\/\/polsoft.pl\/microsoft-surface\/produkt\/microsoft-surface-laptop-13-ep2-31277-snapdragon-x-plus-8-core-16-gb-512-gb-13-wifi-platynowy\/","og_site_name":"Sklep rozwi\u0105za\u0144 Microsoft Surface","article_modified_time":"2026-01-23T11:46:47+00:00","og_image":[{"width":1051,"height":1051,"url":"https:\/\/polsoft.pl\/microsoft-surface\/wp-content\/uploads\/2025\/07\/Microsoft-Surface-Laptop-13-EP2-31277.jpg","type":"image\/jpeg"}],"twitter_card":"summary_large_image","twitter_misc":{"Szacowany czas czytania":"2 minuty"},"schema":{"@context":"https:\/\/schema.org","@graph":[{"@type":"WebPage","@id":"https:\/\/polsoft.pl\/microsoft-surface\/produkt\/microsoft-surface-laptop-13-ep2-31277-snapdragon-x-plus-8-core-16-gb-512-gb-13-wifi-platynowy\/","url":"https:\/\/polsoft.pl\/microsoft-surface\/produkt\/microsoft-surface-laptop-13-ep2-31277-snapdragon-x-plus-8-core-16-gb-512-gb-13-wifi-platynowy\/","name":"Microsoft Surface Laptop 13\" EP2-31277 Snapdragon X Plus (8 core)\/16 GB\/512 GB\/13\"\/WiFi\/Platynowy - Sklep rozwi\u0105za\u0144 Microsoft Surface","isPartOf":{"@id":"https:\/\/polsoft.pl\/microsoft-surface\/#website"},"primaryImageOfPage":{"@id":"https:\/\/polsoft.pl\/microsoft-surface\/produkt\/microsoft-surface-laptop-13-ep2-31277-snapdragon-x-plus-8-core-16-gb-512-gb-13-wifi-platynowy\/#primaryimage"},"image":{"@id":"https:\/\/polsoft.pl\/microsoft-surface\/produkt\/microsoft-surface-laptop-13-ep2-31277-snapdragon-x-plus-8-core-16-gb-512-gb-13-wifi-platynowy\/#primaryimage"},"thumbnailUrl":"https:\/\/www.polsoft.pl\/microsoft-surface\/wp-content\/uploads\/2025\/07\/Microsoft-Surface-Laptop-13-EP2-31277.jpg","datePublished":"2025-07-09T09:49:54+00:00","dateModified":"2026-01-23T11:46:47+00:00","description":"Surface Laptop 13 \u2013 elegancki i lekki laptop z wydajnym procesorem. Idealny do pracy, nauki i podr\u00f3\u017cy. Sprawd\u017a cen\u0119 i specyfikacj\u0119","breadcrumb":{"@id":"https:\/\/polsoft.pl\/microsoft-surface\/produkt\/microsoft-surface-laptop-13-ep2-31277-snapdragon-x-plus-8-core-16-gb-512-gb-13-wifi-platynowy\/#breadcrumb"},"inLanguage":"pl-PL","potentialAction":[{"@type":"ReadAction","target":["https:\/\/polsoft.pl\/microsoft-surface\/produkt\/microsoft-surface-laptop-13-ep2-31277-snapdragon-x-plus-8-core-16-gb-512-gb-13-wifi-platynowy\/"]}]},{"@type":"ImageObject","inLanguage":"pl-PL","@id":"https:\/\/polsoft.pl\/microsoft-surface\/produkt\/microsoft-surface-laptop-13-ep2-31277-snapdragon-x-plus-8-core-16-gb-512-gb-13-wifi-platynowy\/#primaryimage","url":"https:\/\/www.polsoft.pl\/microsoft-surface\/wp-content\/uploads\/2025\/07\/Microsoft-Surface-Laptop-13-EP2-31277.jpg","contentUrl":"https:\/\/www.polsoft.pl\/microsoft-surface\/wp-content\/uploads\/2025\/07\/Microsoft-Surface-Laptop-13-EP2-31277.jpg","width":1051,"height":1051},{"@type":"BreadcrumbList","@id":"https:\/\/polsoft.pl\/microsoft-surface\/produkt\/microsoft-surface-laptop-13-ep2-31277-snapdragon-x-plus-8-core-16-gb-512-gb-13-wifi-platynowy\/#breadcrumb","itemListElement":[{"@type":"ListItem","position":1,"name":"Strona g\u0142\u00f3wna","item":"https:\/\/polsoft.pl\/microsoft-surface\/"},{"@type":"ListItem","position":2,"name":"Sklep","item":"https:\/\/polsoft.pl\/microsoft-surface\/sklep\/"},{"@type":"ListItem","position":3,"name":"Microsoft Surface Laptop 13&#8243; EP2-31277 Snapdragon X Plus (8 core)\/16 GB\/512 GB\/13&#8243;\/WiFi\/Platynowy"}]},{"@type":"WebSite","@id":"https:\/\/polsoft.pl\/microsoft-surface\/#website","url":"https:\/\/polsoft.pl\/microsoft-surface\/","name":"Sklep Microsoft Surface","description":"Sklep Microsoft Surface","publisher":{"@id":"https:\/\/polsoft.pl\/microsoft-surface\/#organization"},"potentialAction":[{"@type":"SearchAction","target":{"@type":"EntryPoint","urlTemplate":"https:\/\/polsoft.pl\/microsoft-surface\/?s={search_term_string}"},"query-input":{"@type":"PropertyValueSpecification","valueRequired":true,"valueName":"search_term_string"}}],"inLanguage":"pl-PL"},{"@type":"Organization","@id":"https:\/\/polsoft.pl\/microsoft-surface\/#organization","name":"Polsoft Engineering Sp. z o.o.","url":"https:\/\/polsoft.pl\/microsoft-surface\/","logo":{"@type":"ImageObject","inLanguage":"pl-PL","@id":"https:\/\/polsoft.pl\/microsoft-surface\/#\/schema\/logo\/image\/","url":"https:\/\/www.polsoft.pl\/microsoft-surface\/wp-content\/uploads\/2020\/10\/microsoft_partner_logo_black_polsoft.png","contentUrl":"https:\/\/www.polsoft.pl\/microsoft-surface\/wp-content\/uploads\/2020\/10\/microsoft_partner_logo_black_polsoft.png","width":613,"height":158,"caption":"Polsoft Engineering Sp. z o.o."},"image":{"@id":"https:\/\/polsoft.pl\/microsoft-surface\/#\/schema\/logo\/image\/"}}]}},"_links":{"self":[{"href":"https:\/\/www.polsoft.pl\/microsoft-surface\/wp-json\/wp\/v2\/product\/19740","targetHints":{"allow":["GET"]}}],"collection":[{"href":"https:\/\/www.polsoft.pl\/microsoft-surface\/wp-json\/wp\/v2\/product"}],"about":[{"href":"https:\/\/www.polsoft.pl\/microsoft-surface\/wp-json\/wp\/v2\/types\/product"}],"version-history":[{"count":4,"href":"https:\/\/www.polsoft.pl\/microsoft-surface\/wp-json\/wp\/v2\/product\/19740\/revisions"}],"predecessor-version":[{"id":19820,"href":"https:\/\/www.polsoft.pl\/microsoft-surface\/wp-json\/wp\/v2\/product\/19740\/revisions\/19820"}],"wp:featuredmedia":[{"embeddable":true,"href":"https:\/\/www.polsoft.pl\/microsoft-surface\/wp-json\/wp\/v2\/media\/19794"}],"wp:attachment":[{"href":"https:\/\/www.polsoft.pl\/microsoft-surface\/wp-json\/wp\/v2\/media?parent=19740"}],"wp:term":[{"taxonomy":"product_brand","embeddable":true,"href":"https:\/\/www.polsoft.pl\/microsoft-surface\/wp-json\/wp\/v2\/product_brand?post=19740"},{"taxonomy":"product_cat","embeddable":true,"href":"https:\/\/www.polsoft.pl\/microsoft-surface\/wp-json\/wp\/v2\/product_cat?post=19740"},{"taxonomy":"product_tag","embeddable":true,"href":"https:\/\/www.polsoft.pl\/microsoft-surface\/wp-json\/wp\/v2\/product_tag?post=19740"}],"curies":[{"name":"wp","href":"https:\/\/api.w.org\/{rel}","templated":true}]}}