{"id":19743,"date":"2025-07-09T11:49:54","date_gmt":"2025-07-09T09:49:54","guid":{"rendered":"https:\/\/polsoft.pl\/microsoft-surface\/produkt\/microsoft-surface-laptop-13-ep2-30999-snapdragon-x-plus-8-core-16-gb-1-tb-13-wifi-platynowy\/"},"modified":"2026-01-23T12:46:48","modified_gmt":"2026-01-23T11:46:48","slug":"microsoft-surface-laptop-13-ep2-30999-snapdragon-x-plus-8-core-16-gb-1-tb-13-wifi-platynowy","status":"publish","type":"product","link":"https:\/\/www.polsoft.pl\/microsoft-surface\/produkt\/microsoft-surface-laptop-13-ep2-30999-snapdragon-x-plus-8-core-16-gb-1-tb-13-wifi-platynowy\/","title":{"rendered":"Microsoft Surface Laptop 13&#8243; EP2-30999 Snapdragon X Plus (8 core)\/16 GB\/1 TB\/13&#8243;\/WiFi\/Platynowy"},"content":{"rendered":"<p>Odkryj idealne po\u0142\u0105czenie ogromnej przestrzeni na dane i inteligentnej, energooszcz\u0119dnej wydajno\u015bci z Microsoft Surface Laptop 13&#8221; EP2-30999. Ta wyj\u0105tkowa konfiguracja w stylowej platynowej obudowie zosta\u0142a zaprojektowana specjalnie dla tw\u00f3rc\u00f3w, fotograf\u00f3w, monta\u017cyst\u00f3w wideo, analityk\u00f3w danych i wszystkich profesjonalist\u00f3w, kt\u00f3rzy na co dzie\u0144 pracuj\u0105 z bardzo du\u017cymi plikami, a jednocze\u015bnie ceni\u0105 sobie mobilno\u015b\u0107, d\u0142ugi czas pracy na baterii i nowoczesne funkcje komputera Copilot+.<\/p>\n<p>Nap\u0119dzany przez rewolucyjny, 10-rdzeniowy procesor Snapdragon\u00ae X Plus ze zintegrowanym NPU, ten laptop otwiera przed Tob\u0105 \u015bwiat niedost\u0119pnych dot\u0105d mo\u017cliwo\u015bci AI. Korzystaj z funkcji Recall, aby w mgnieniu oka przeszukiwa\u0107 wizualn\u0105 histori\u0119 swojej aktywno\u015bci na komputerze, i ciesz si\u0119 profesjonalnym wizerunkiem podczas wideorozm\u00f3w dzi\u0119ki efektom Windows Studio. Po\u0142\u0105czenie 16 GB wydajnej pami\u0119ci RAM LPDDR5x z gigantycznym, ultraszybkim dyskiem SSD PCIe 4.0 o pojemno\u015bci 1 TB to gwarancja p\u0142ynnej pracy wielozadaniowej oraz pewno\u015b\u0107, \u017ce nigdy nie zabraknie Ci miejsca na Twoje projekty. Przechowuj obszerne biblioteki zdj\u0119\u0107 w formacie RAW, godziny materia\u0142\u00f3w wideo 4K, skomplikowane projekty architektoniczne i wszystkie kluczowe dane w jednym, bezpiecznym miejscu.<\/p>\n<p>Wszystko to zobaczysz na przepi\u0119knym, 13,8-calowym ekranie dotykowym PixelSense\u2122 z od\u015bwie\u017caniem 120 Hz, kt\u00f3ry oferuje niesamowit\u0105 ostro\u015b\u0107 i wierno\u015b\u0107 kolor\u00f3w. Legendarna klawiatura Surface i nowy, precyzyjny g\u0142adzik haptyczny zapewniaj\u0105 komfort pracy na najwy\u017cszym poziomie przez wiele godzin. Pomimo tak du\u017cej pojemno\u015bci dyskowej, laptop zachowuje swoj\u0105 smuk\u0142o\u015b\u0107, lekko\u015b\u0107 i fantastyczny, ca\u0142odzienny czas pracy na baterii, co jest kluczowe dla os\u00f3b pracuj\u0105cych w terenie. Surface Laptop 13&#8221; EP2-30999 to pot\u0119\u017cna, mobilna stacja robocza w niezwykle eleganckiej formie, gotowa pomie\u015bci\u0107 wszystkie Twoje najwi\u0119ksze pomys\u0142y.<\/p>\n","protected":false},"excerpt":{"rendered":"<p>Odkryj idealne po\u0142\u0105czenie ogromnej przestrzeni na dane i inteligentnej, energooszcz\u0119dnej wydajno\u015bci z Microsoft Surface Laptop 13&#8221; EP2-30999. Ta wyj\u0105tkowa konfiguracja w stylowej platynowej obudowie zosta\u0142a zaprojektowana specjalnie dla tw\u00f3rc\u00f3w, fotograf\u00f3w, monta\u017cyst\u00f3w wideo, analityk\u00f3w danych i wszystkich profesjonalist\u00f3w, kt\u00f3rzy na co dzie\u0144 pracuj\u0105 z bardzo du\u017cymi plikami, a jednocze\u015bnie ceni\u0105 sobie mobilno\u015b\u0107, d\u0142ugi czas pracy na [&hellip;]<\/p>\n","protected":false},"featured_media":19790,"template":"","meta":{"site-sidebar-layout":"default","site-content-layout":"","ast-site-content-layout":"default","site-content-style":"default","site-sidebar-style":"default","ast-global-header-display":"","ast-banner-title-visibility":"","ast-main-header-display":"","ast-hfb-above-header-display":"","ast-hfb-below-header-display":"","ast-hfb-mobile-header-display":"","site-post-title":"","ast-breadcrumbs-content":"","ast-featured-img":"","footer-sml-layout":"","ast-disable-related-posts":"","theme-transparent-header-meta":"default","adv-header-id-meta":"","stick-header-meta":"","header-above-stick-meta":"","header-main-stick-meta":"","header-below-stick-meta":"","astra-migrate-meta-layouts":"set","ast-page-background-enabled":"default","ast-page-background-meta":{"desktop":{"background-color":"","background-image":"","background-repeat":"repeat","background-position":"center center","background-size":"auto","background-attachment":"scroll","background-type":"","background-media":"","overlay-type":"","overlay-color":"","overlay-opacity":"","overlay-gradient":""},"tablet":{"background-color":"","background-image":"","background-repeat":"repeat","background-position":"center center","background-size":"auto","background-attachment":"scroll","background-type":"","background-media":"","overlay-type":"","overlay-color":"","overlay-opacity":"","overlay-gradient":""},"mobile":{"background-color":"","background-image":"","background-repeat":"repeat","background-position":"center center","background-size":"auto","background-attachment":"scroll","background-type":"","background-media":"","overlay-type":"","overlay-color":"","overlay-opacity":"","overlay-gradient":""}},"ast-content-background-meta":{"desktop":{"background-color":"var(--ast-global-color-5)","background-image":"","background-repeat":"repeat","background-position":"center center","background-size":"auto","background-attachment":"scroll","background-type":"","background-media":"","overlay-type":"","overlay-color":"","overlay-opacity":"","overlay-gradient":""},"tablet":{"background-color":"var(--ast-global-color-5)","background-image":"","background-repeat":"repeat","background-position":"center center","background-size":"auto","background-attachment":"scroll","background-type":"","background-media":"","overlay-type":"","overlay-color":"","overlay-opacity":"","overlay-gradient":""},"mobile":{"background-color":"var(--ast-global-color-5)","background-image":"","background-repeat":"repeat","background-position":"center center","background-size":"auto","background-attachment":"scroll","background-type":"","background-media":"","overlay-type":"","overlay-color":"","overlay-opacity":"","overlay-gradient":""}},"_links_to":"","_links_to_target":""},"product_brand":[],"product_cat":[330,70],"product_tag":[],"class_list":{"0":"post-19743","1":"product","2":"type-product","3":"status-publish","4":"has-post-thumbnail","6":"product_cat-microsoft-surface-laptop-13","7":"product_cat-laptopy-microsoft-surface","8":"pa_dodatkowe-komponenty-wifi","9":"pa_dysk-ssd-1-tb","10":"pa_matryca-48","11":"pa_model-procesora-snapdragon-x-plus-8-core","12":"pa_pamiec-ram-16-gb","13":"pa_producent-procesora-qualcomm","14":"desktop-align-left","15":"tablet-align-left","16":"mobile-align-left","18":"first","19":"instock","20":"taxable","21":"shipping-taxable","22":"purchasable","23":"product-type-simple"},"yoast_head":"<!-- This site is optimized with the Yoast SEO plugin v26.7 - https:\/\/yoast.com\/wordpress\/plugins\/seo\/ -->\n<title>Microsoft Surface Laptop 13&quot; EP2-30999 Snapdragon X Plus (8 core)\/16 GB\/1 TB\/13&quot;\/WiFi\/Platynowy - Sklep rozwi\u0105za\u0144 Microsoft Surface<\/title>\n<meta name=\"description\" content=\"Surface Laptop 13 \u2013 elegancki i lekki laptop z wydajnym procesorem. Idealny do pracy, nauki i podr\u00f3\u017cy. Sprawd\u017a cen\u0119 i specyfikacj\u0119!\" \/>\n<meta name=\"robots\" content=\"index, follow, max-snippet:-1, max-image-preview:large, max-video-preview:-1\" \/>\n<link rel=\"canonical\" href=\"https:\/\/polsoft.pl\/microsoft-surface\/produkt\/microsoft-surface-laptop-13-ep2-30999-snapdragon-x-plus-8-core-16-gb-1-tb-13-wifi-platynowy\/\" \/>\n<meta property=\"og:locale\" content=\"pl_PL\" \/>\n<meta property=\"og:type\" content=\"article\" \/>\n<meta property=\"og:title\" content=\"Microsoft Surface Laptop 13&quot; EP2-30999 Snapdragon X Plus (8 core)\/16 GB\/1 TB\/13&quot;\/WiFi\/Platynowy - Sklep rozwi\u0105za\u0144 Microsoft Surface\" \/>\n<meta property=\"og:description\" content=\"Surface Laptop 13 \u2013 elegancki i lekki laptop z wydajnym procesorem. Idealny do pracy, nauki i podr\u00f3\u017cy. Sprawd\u017a cen\u0119 i specyfikacj\u0119!\" \/>\n<meta property=\"og:url\" content=\"https:\/\/polsoft.pl\/microsoft-surface\/produkt\/microsoft-surface-laptop-13-ep2-30999-snapdragon-x-plus-8-core-16-gb-1-tb-13-wifi-platynowy\/\" \/>\n<meta property=\"og:site_name\" content=\"Sklep rozwi\u0105za\u0144 Microsoft Surface\" \/>\n<meta property=\"article:modified_time\" content=\"2026-01-23T11:46:48+00:00\" \/>\n<meta property=\"og:image\" content=\"https:\/\/polsoft.pl\/microsoft-surface\/wp-content\/uploads\/2025\/07\/Microsoft-Surface-Laptop-13-EP2-30999.jpg\" \/>\n\t<meta property=\"og:image:width\" content=\"1051\" \/>\n\t<meta property=\"og:image:height\" content=\"1051\" \/>\n\t<meta property=\"og:image:type\" content=\"image\/jpeg\" \/>\n<meta name=\"twitter:card\" content=\"summary_large_image\" \/>\n<meta name=\"twitter:label1\" content=\"Szacowany czas czytania\" \/>\n\t<meta name=\"twitter:data1\" content=\"2 minuty\" \/>\n<script type=\"application\/ld+json\" class=\"yoast-schema-graph\">{\"@context\":\"https:\/\/schema.org\",\"@graph\":[{\"@type\":\"WebPage\",\"@id\":\"https:\/\/polsoft.pl\/microsoft-surface\/produkt\/microsoft-surface-laptop-13-ep2-30999-snapdragon-x-plus-8-core-16-gb-1-tb-13-wifi-platynowy\/\",\"url\":\"https:\/\/polsoft.pl\/microsoft-surface\/produkt\/microsoft-surface-laptop-13-ep2-30999-snapdragon-x-plus-8-core-16-gb-1-tb-13-wifi-platynowy\/\",\"name\":\"Microsoft Surface Laptop 13\\\" EP2-30999 Snapdragon X Plus (8 core)\/16 GB\/1 TB\/13\\\"\/WiFi\/Platynowy - Sklep rozwi\u0105za\u0144 Microsoft Surface\",\"isPartOf\":{\"@id\":\"https:\/\/polsoft.pl\/microsoft-surface\/#website\"},\"primaryImageOfPage\":{\"@id\":\"https:\/\/polsoft.pl\/microsoft-surface\/produkt\/microsoft-surface-laptop-13-ep2-30999-snapdragon-x-plus-8-core-16-gb-1-tb-13-wifi-platynowy\/#primaryimage\"},\"image\":{\"@id\":\"https:\/\/polsoft.pl\/microsoft-surface\/produkt\/microsoft-surface-laptop-13-ep2-30999-snapdragon-x-plus-8-core-16-gb-1-tb-13-wifi-platynowy\/#primaryimage\"},\"thumbnailUrl\":\"https:\/\/www.polsoft.pl\/microsoft-surface\/wp-content\/uploads\/2025\/07\/Microsoft-Surface-Laptop-13-EP2-30999.jpg\",\"datePublished\":\"2025-07-09T09:49:54+00:00\",\"dateModified\":\"2026-01-23T11:46:48+00:00\",\"description\":\"Surface Laptop 13 \u2013 elegancki i lekki laptop z wydajnym procesorem. Idealny do pracy, nauki i podr\u00f3\u017cy. Sprawd\u017a cen\u0119 i specyfikacj\u0119!\",\"breadcrumb\":{\"@id\":\"https:\/\/polsoft.pl\/microsoft-surface\/produkt\/microsoft-surface-laptop-13-ep2-30999-snapdragon-x-plus-8-core-16-gb-1-tb-13-wifi-platynowy\/#breadcrumb\"},\"inLanguage\":\"pl-PL\",\"potentialAction\":[{\"@type\":\"ReadAction\",\"target\":[\"https:\/\/polsoft.pl\/microsoft-surface\/produkt\/microsoft-surface-laptop-13-ep2-30999-snapdragon-x-plus-8-core-16-gb-1-tb-13-wifi-platynowy\/\"]}]},{\"@type\":\"ImageObject\",\"inLanguage\":\"pl-PL\",\"@id\":\"https:\/\/polsoft.pl\/microsoft-surface\/produkt\/microsoft-surface-laptop-13-ep2-30999-snapdragon-x-plus-8-core-16-gb-1-tb-13-wifi-platynowy\/#primaryimage\",\"url\":\"https:\/\/www.polsoft.pl\/microsoft-surface\/wp-content\/uploads\/2025\/07\/Microsoft-Surface-Laptop-13-EP2-30999.jpg\",\"contentUrl\":\"https:\/\/www.polsoft.pl\/microsoft-surface\/wp-content\/uploads\/2025\/07\/Microsoft-Surface-Laptop-13-EP2-30999.jpg\",\"width\":1051,\"height\":1051},{\"@type\":\"BreadcrumbList\",\"@id\":\"https:\/\/polsoft.pl\/microsoft-surface\/produkt\/microsoft-surface-laptop-13-ep2-30999-snapdragon-x-plus-8-core-16-gb-1-tb-13-wifi-platynowy\/#breadcrumb\",\"itemListElement\":[{\"@type\":\"ListItem\",\"position\":1,\"name\":\"Strona g\u0142\u00f3wna\",\"item\":\"https:\/\/polsoft.pl\/microsoft-surface\/\"},{\"@type\":\"ListItem\",\"position\":2,\"name\":\"Sklep\",\"item\":\"https:\/\/polsoft.pl\/microsoft-surface\/sklep\/\"},{\"@type\":\"ListItem\",\"position\":3,\"name\":\"Microsoft Surface Laptop 13&#8243; EP2-30999 Snapdragon X Plus (8 core)\/16 GB\/1 TB\/13&#8243;\/WiFi\/Platynowy\"}]},{\"@type\":\"WebSite\",\"@id\":\"https:\/\/polsoft.pl\/microsoft-surface\/#website\",\"url\":\"https:\/\/polsoft.pl\/microsoft-surface\/\",\"name\":\"Sklep Microsoft Surface\",\"description\":\"Sklep Microsoft Surface\",\"publisher\":{\"@id\":\"https:\/\/polsoft.pl\/microsoft-surface\/#organization\"},\"potentialAction\":[{\"@type\":\"SearchAction\",\"target\":{\"@type\":\"EntryPoint\",\"urlTemplate\":\"https:\/\/polsoft.pl\/microsoft-surface\/?s={search_term_string}\"},\"query-input\":{\"@type\":\"PropertyValueSpecification\",\"valueRequired\":true,\"valueName\":\"search_term_string\"}}],\"inLanguage\":\"pl-PL\"},{\"@type\":\"Organization\",\"@id\":\"https:\/\/polsoft.pl\/microsoft-surface\/#organization\",\"name\":\"Polsoft Engineering Sp. z o.o.\",\"url\":\"https:\/\/polsoft.pl\/microsoft-surface\/\",\"logo\":{\"@type\":\"ImageObject\",\"inLanguage\":\"pl-PL\",\"@id\":\"https:\/\/polsoft.pl\/microsoft-surface\/#\/schema\/logo\/image\/\",\"url\":\"https:\/\/www.polsoft.pl\/microsoft-surface\/wp-content\/uploads\/2020\/10\/microsoft_partner_logo_black_polsoft.png\",\"contentUrl\":\"https:\/\/www.polsoft.pl\/microsoft-surface\/wp-content\/uploads\/2020\/10\/microsoft_partner_logo_black_polsoft.png\",\"width\":613,\"height\":158,\"caption\":\"Polsoft Engineering Sp. z o.o.\"},\"image\":{\"@id\":\"https:\/\/polsoft.pl\/microsoft-surface\/#\/schema\/logo\/image\/\"}}]}<\/script>\n<!-- \/ Yoast SEO plugin. -->","yoast_head_json":{"title":"Microsoft Surface Laptop 13\" EP2-30999 Snapdragon X Plus (8 core)\/16 GB\/1 TB\/13\"\/WiFi\/Platynowy - Sklep rozwi\u0105za\u0144 Microsoft Surface","description":"Surface Laptop 13 \u2013 elegancki i lekki laptop z wydajnym procesorem. Idealny do pracy, nauki i podr\u00f3\u017cy. Sprawd\u017a cen\u0119 i specyfikacj\u0119!","robots":{"index":"index","follow":"follow","max-snippet":"max-snippet:-1","max-image-preview":"max-image-preview:large","max-video-preview":"max-video-preview:-1"},"canonical":"https:\/\/polsoft.pl\/microsoft-surface\/produkt\/microsoft-surface-laptop-13-ep2-30999-snapdragon-x-plus-8-core-16-gb-1-tb-13-wifi-platynowy\/","og_locale":"pl_PL","og_type":"article","og_title":"Microsoft Surface Laptop 13\" EP2-30999 Snapdragon X Plus (8 core)\/16 GB\/1 TB\/13\"\/WiFi\/Platynowy - Sklep rozwi\u0105za\u0144 Microsoft Surface","og_description":"Surface Laptop 13 \u2013 elegancki i lekki laptop z wydajnym procesorem. Idealny do pracy, nauki i podr\u00f3\u017cy. Sprawd\u017a cen\u0119 i specyfikacj\u0119!","og_url":"https:\/\/polsoft.pl\/microsoft-surface\/produkt\/microsoft-surface-laptop-13-ep2-30999-snapdragon-x-plus-8-core-16-gb-1-tb-13-wifi-platynowy\/","og_site_name":"Sklep rozwi\u0105za\u0144 Microsoft Surface","article_modified_time":"2026-01-23T11:46:48+00:00","og_image":[{"width":1051,"height":1051,"url":"https:\/\/polsoft.pl\/microsoft-surface\/wp-content\/uploads\/2025\/07\/Microsoft-Surface-Laptop-13-EP2-30999.jpg","type":"image\/jpeg"}],"twitter_card":"summary_large_image","twitter_misc":{"Szacowany czas czytania":"2 minuty"},"schema":{"@context":"https:\/\/schema.org","@graph":[{"@type":"WebPage","@id":"https:\/\/polsoft.pl\/microsoft-surface\/produkt\/microsoft-surface-laptop-13-ep2-30999-snapdragon-x-plus-8-core-16-gb-1-tb-13-wifi-platynowy\/","url":"https:\/\/polsoft.pl\/microsoft-surface\/produkt\/microsoft-surface-laptop-13-ep2-30999-snapdragon-x-plus-8-core-16-gb-1-tb-13-wifi-platynowy\/","name":"Microsoft Surface Laptop 13\" EP2-30999 Snapdragon X Plus (8 core)\/16 GB\/1 TB\/13\"\/WiFi\/Platynowy - Sklep rozwi\u0105za\u0144 Microsoft Surface","isPartOf":{"@id":"https:\/\/polsoft.pl\/microsoft-surface\/#website"},"primaryImageOfPage":{"@id":"https:\/\/polsoft.pl\/microsoft-surface\/produkt\/microsoft-surface-laptop-13-ep2-30999-snapdragon-x-plus-8-core-16-gb-1-tb-13-wifi-platynowy\/#primaryimage"},"image":{"@id":"https:\/\/polsoft.pl\/microsoft-surface\/produkt\/microsoft-surface-laptop-13-ep2-30999-snapdragon-x-plus-8-core-16-gb-1-tb-13-wifi-platynowy\/#primaryimage"},"thumbnailUrl":"https:\/\/www.polsoft.pl\/microsoft-surface\/wp-content\/uploads\/2025\/07\/Microsoft-Surface-Laptop-13-EP2-30999.jpg","datePublished":"2025-07-09T09:49:54+00:00","dateModified":"2026-01-23T11:46:48+00:00","description":"Surface Laptop 13 \u2013 elegancki i lekki laptop z wydajnym procesorem. Idealny do pracy, nauki i podr\u00f3\u017cy. Sprawd\u017a cen\u0119 i specyfikacj\u0119!","breadcrumb":{"@id":"https:\/\/polsoft.pl\/microsoft-surface\/produkt\/microsoft-surface-laptop-13-ep2-30999-snapdragon-x-plus-8-core-16-gb-1-tb-13-wifi-platynowy\/#breadcrumb"},"inLanguage":"pl-PL","potentialAction":[{"@type":"ReadAction","target":["https:\/\/polsoft.pl\/microsoft-surface\/produkt\/microsoft-surface-laptop-13-ep2-30999-snapdragon-x-plus-8-core-16-gb-1-tb-13-wifi-platynowy\/"]}]},{"@type":"ImageObject","inLanguage":"pl-PL","@id":"https:\/\/polsoft.pl\/microsoft-surface\/produkt\/microsoft-surface-laptop-13-ep2-30999-snapdragon-x-plus-8-core-16-gb-1-tb-13-wifi-platynowy\/#primaryimage","url":"https:\/\/www.polsoft.pl\/microsoft-surface\/wp-content\/uploads\/2025\/07\/Microsoft-Surface-Laptop-13-EP2-30999.jpg","contentUrl":"https:\/\/www.polsoft.pl\/microsoft-surface\/wp-content\/uploads\/2025\/07\/Microsoft-Surface-Laptop-13-EP2-30999.jpg","width":1051,"height":1051},{"@type":"BreadcrumbList","@id":"https:\/\/polsoft.pl\/microsoft-surface\/produkt\/microsoft-surface-laptop-13-ep2-30999-snapdragon-x-plus-8-core-16-gb-1-tb-13-wifi-platynowy\/#breadcrumb","itemListElement":[{"@type":"ListItem","position":1,"name":"Strona g\u0142\u00f3wna","item":"https:\/\/polsoft.pl\/microsoft-surface\/"},{"@type":"ListItem","position":2,"name":"Sklep","item":"https:\/\/polsoft.pl\/microsoft-surface\/sklep\/"},{"@type":"ListItem","position":3,"name":"Microsoft Surface Laptop 13&#8243; EP2-30999 Snapdragon X Plus (8 core)\/16 GB\/1 TB\/13&#8243;\/WiFi\/Platynowy"}]},{"@type":"WebSite","@id":"https:\/\/polsoft.pl\/microsoft-surface\/#website","url":"https:\/\/polsoft.pl\/microsoft-surface\/","name":"Sklep Microsoft Surface","description":"Sklep Microsoft Surface","publisher":{"@id":"https:\/\/polsoft.pl\/microsoft-surface\/#organization"},"potentialAction":[{"@type":"SearchAction","target":{"@type":"EntryPoint","urlTemplate":"https:\/\/polsoft.pl\/microsoft-surface\/?s={search_term_string}"},"query-input":{"@type":"PropertyValueSpecification","valueRequired":true,"valueName":"search_term_string"}}],"inLanguage":"pl-PL"},{"@type":"Organization","@id":"https:\/\/polsoft.pl\/microsoft-surface\/#organization","name":"Polsoft Engineering Sp. z o.o.","url":"https:\/\/polsoft.pl\/microsoft-surface\/","logo":{"@type":"ImageObject","inLanguage":"pl-PL","@id":"https:\/\/polsoft.pl\/microsoft-surface\/#\/schema\/logo\/image\/","url":"https:\/\/www.polsoft.pl\/microsoft-surface\/wp-content\/uploads\/2020\/10\/microsoft_partner_logo_black_polsoft.png","contentUrl":"https:\/\/www.polsoft.pl\/microsoft-surface\/wp-content\/uploads\/2020\/10\/microsoft_partner_logo_black_polsoft.png","width":613,"height":158,"caption":"Polsoft Engineering Sp. z o.o."},"image":{"@id":"https:\/\/polsoft.pl\/microsoft-surface\/#\/schema\/logo\/image\/"}}]}},"_links":{"self":[{"href":"https:\/\/www.polsoft.pl\/microsoft-surface\/wp-json\/wp\/v2\/product\/19743","targetHints":{"allow":["GET"]}}],"collection":[{"href":"https:\/\/www.polsoft.pl\/microsoft-surface\/wp-json\/wp\/v2\/product"}],"about":[{"href":"https:\/\/www.polsoft.pl\/microsoft-surface\/wp-json\/wp\/v2\/types\/product"}],"version-history":[{"count":4,"href":"https:\/\/www.polsoft.pl\/microsoft-surface\/wp-json\/wp\/v2\/product\/19743\/revisions"}],"predecessor-version":[{"id":19819,"href":"https:\/\/www.polsoft.pl\/microsoft-surface\/wp-json\/wp\/v2\/product\/19743\/revisions\/19819"}],"wp:featuredmedia":[{"embeddable":true,"href":"https:\/\/www.polsoft.pl\/microsoft-surface\/wp-json\/wp\/v2\/media\/19790"}],"wp:attachment":[{"href":"https:\/\/www.polsoft.pl\/microsoft-surface\/wp-json\/wp\/v2\/media?parent=19743"}],"wp:term":[{"taxonomy":"product_brand","embeddable":true,"href":"https:\/\/www.polsoft.pl\/microsoft-surface\/wp-json\/wp\/v2\/product_brand?post=19743"},{"taxonomy":"product_cat","embeddable":true,"href":"https:\/\/www.polsoft.pl\/microsoft-surface\/wp-json\/wp\/v2\/product_cat?post=19743"},{"taxonomy":"product_tag","embeddable":true,"href":"https:\/\/www.polsoft.pl\/microsoft-surface\/wp-json\/wp\/v2\/product_tag?post=19743"}],"curies":[{"name":"wp","href":"https:\/\/api.w.org\/{rel}","templated":true}]}}