{"id":215,"date":"2020-08-11T12:49:05","date_gmt":"2020-08-11T12:49:05","guid":{"rendered":"http:\/\/polsoft.pl\/microsoft-surface\/produkt\/tabelt-microsoft-surface-book-3-135-skr-00009-i5-1035g7-8gb-256gb-135-intel-iris-plus-graphics-w10pro\/"},"modified":"2025-07-15T14:01:39","modified_gmt":"2025-07-15T12:01:39","slug":"tablet-microsoft-surface-book-3-135-skr-00009-i5-1035g7-8gb-256gb-135-intel-iris-plus-graphics-w10pro","status":"publish","type":"product","link":"https:\/\/www.polsoft.pl\/microsoft-surface\/produkt\/tablet-microsoft-surface-book-3-135-skr-00009-i5-1035g7-8gb-256gb-135-intel-iris-plus-graphics-w10pro\/","title":{"rendered":"Tablet Microsoft Surface BOOK 3 13&#8217;5&#8243; SKR-00009\/i5-1035G7\/8GB\/256GB\/13,5&#8243;\/Intel Iris Plus Graphics\/W10Pro"},"content":{"rendered":"<p><a href=\"https:\/\/polsoft.pl\/microsoft-surface\/kategoria\/tablety-microsoft-surface\/microsoft-surface-book-3\/\">Microsoft Surface Book 3<\/a> SKR-00009 jest najwydajniejszym laptopem 2w1 z serii Surface, \u0142\u0105cz\u0105cy w sobie wydajno\u015b\u0107, wszechstronno\u015b\u0107 i mobilno\u015b\u0107. Jest urz\u0105dzeniem wr\u0119cz stworzonym do wielozadaniowo\u015bci, kt\u00f3re nie boi si\u0119 \u017cadnych wyzwa\u0144 w Twoim \u015brodowisku pracy, imponuj\u0105c przy tym nienagann\u0105 prezencj\u0105 i jako\u015bci\u0105 wyko\u0144czenia.<\/p>\n<p>Microsoft Surface Book 3 wyst\u0119puje w dw\u00f3ch wariantach, 13.5\u201d oraz 15\u201d. W zale\u017cno\u015bci od wybranego modelu do dyspozycji mamy wi\u0119ksz\u0105 matryc\u0119 o rozdzielczo\u015bci 3240\u00d72160 oraz mniejsz\u0105 o rozdzielczo\u015bci 3000&#215;2000. Naturalnie obie matryce to matryce dotykowe PixelSense\u2122, wyr\u00f3\u017cniaj\u0105ce si\u0119 \u017cywymi kolorami, doskona\u0142ym kontrastem i szerokimi k\u0105tami widzenia.<\/p>\n<p>Sercem nowych laptop\u00f3w s\u0105 wydajne, czterordzeniowe procesory Intel\u00ae Core\u2122 dziesi\u0105tej generacji oraz karty graficzne: Intel\u00ae Iris\u2122 Plus Graphics, NVIDIA\u00ae GeForce\u00ae GTX 1660Ti lub\u00a0 NVIDIA\u00ae GeForce\u00ae Quadro RTX 3000 w zale\u017cno\u015bci od wybranej konfiguracji laptopa. Ulepszony projekt in\u017cynieryjny, jeszcze lepsza optymalizacja oraz najnowsze podzespo\u0142y umo\u017cliwiaj\u0105 korzystanie z Microsoft Surface Book 3 nawet do 17.5 godzin na baterii.<\/p>\n<p>Microsoft Surface Book 3 to elastyczne narz\u0119dzie pracy pe\u0142ne z\u0142\u0105czy, takich jak USB-C, USB-A, czytnik kard SDXC, oraz komunikacji bezprzewodowej. Du\u017ce mo\u017cliwo\u015bci w kwestii komunikacji oraz rozrywki zapewniaj\u0105 wysokiej jako\u015bci g\u0142o\u015bniki z technologi\u0105 Dolby\u00ae Atmos\u2122 oraz 2 mikrofony dalekiego pola. To wszystko w po\u0142\u0105czeniu z kamer\u0105 obs\u0142uguj\u0105c\u0105 technologi\u0119 Windows Hello, zapewnia komfort pracy np. podczas telekonferencji.<\/p>\n<p>Nie martw si\u0119 o dodatkowe kable b\u0105d\u017a szukanie adapter\u00f3w dzi\u0119ki wbudowanej funkcji firmy Microsoft \u201eXbox Wireless\u201d, umo\u017cliwiaj\u0105cej kontrolerom oraz odpowiednim zestawom s\u0142uchawkowym na bezpo\u015brednie po\u0142\u0105czenie bezprzewodowe. Ta opcja dotyczy tylko laptop\u00f3w Microsoft Surface Book 3 w wariancie 15\u201d.<\/p>\n<p>Pisz komfortowo jak nigdy dot\u0105d z wiod\u0105c\u0105 w bran\u017cy klawiatur\u0105 oraz nawiguj z doskona\u0142\u0105 precyzj\u0105 dzi\u0119ki szklanemu trackpadowi. Poznaj niesko\u0144czone mo\u017cliwo\u015bci dedykowanych akcesori\u00f3w Microsoft Surface. Zmie\u0144 swojego Microsoft Surface Book 3 w komputer stacjonarny pod\u0142\u0105czaj\u0105c go do stacji dokuj\u0105cej Microsoft Surface Dock 2. Zwi\u0119ksz komfort pracy z bezprzewodow\u0105 myszk\u0105 Microsoft Surface Precision oraz pi\u00f3rem Microsoft Surface Pen.<\/p>\n<p><a href=\"https:\/\/polsoft.pl\/microsoft-surface\/kategoria\/tablety-microsoft-surface\/microsoft-surface-book-3\/\">Microsoft Surface Book 3<\/a> SKR-00009 to urz\u0105dzenie, kt\u00f3re idealnie sprawdzi si\u0119 na tle biznesowym jak i hobbystycznym. Laptop dopasuje si\u0119 do Twoich preferencji zar\u00f3wno w kwestii wygl\u0105du, wydajno\u015bci jak i elastyczno\u015bci.<\/p>\n<table width=\"785\">\n<tbody>\n<tr>\n<td width=\"201\">Procesor<\/td>\n<td width=\"584\"><a href=\"https:\/\/ark.intel.com\/content\/www\/pl\/pl\/ark\/products\/196592\/intel-core-i5-1035g7-processor-6m-cache-up-to-3-70-ghz.html\">Intel\u00ae Core\u2122 i5-1035G7<\/a>, 4-rdzeniowy 10. generacji<\/td>\n<\/tr>\n<tr>\n<td>Wy\u015bwietlacz<\/td>\n<td width=\"584\">ekran:<br \/>\n13.5&#8243; PixelSense\u2122<br \/>\nrozdzielczo\u015b\u0107:<br \/>\n3000 x 2000 (267 PPI)<br \/>\nwsp\u00f3\u0142czynnik proporcji:<br \/>\n3:2<br \/>\nwsp\u00f3\u0142czynnik kontrastu:<br \/>\n1600:1<br \/>\ndotyk:<br \/>\nmulti-touch G5 z obs\u0142ug\u0105 10 punkt\u00f3w dotykowych<\/td>\n<\/tr>\n<tr>\n<td>Karta graficzna<\/td>\n<td width=\"584\">Intel\u00ae Iris\u2122 Plus Graphics<\/td>\n<\/tr>\n<tr>\n<td>Pami\u0119\u0107<\/td>\n<td>8GB RAM LPDDR4x 3733Mhz<\/td>\n<\/tr>\n<tr>\n<td>Przestrze\u0144 dyskowa<\/td>\n<td>PCIe SSD 256GB<\/td>\n<\/tr>\n<tr>\n<td>\u0141\u0105czno\u015b\u0107 bezprzewodowa<\/td>\n<td width=\"584\">Wi-Fi 6: zgodne ze standardem IEEE 802.11ax<br \/>\nmodu\u0142 Bluetooth\u00ae Wireless 5.0<\/td>\n<\/tr>\n<tr>\n<td>Z\u0142\u0105cza<\/td>\n<td width=\"584\">2 x USB-A<br \/>\n1 x USB-C\u00ae<br \/>\n1 x z\u0142\u0105cze s\u0142uchawkowe Jack 3.5 mm<br \/>\n2 x Surface Connect port<br \/>\n1 x czytnik kart SDXC<br \/>\nkompatybilne z pokr\u0119t\u0142em Surface Dial off-screen interaction<\/td>\n<\/tr>\n<tr>\n<td>Sensory<\/td>\n<td width=\"584\">akcelenometr<br \/>\n\u017cyroskop<br \/>\nczujnik pola magnetycznego<br \/>\nczujnik nat\u0119\u017cenia \u015bwiat\u0142a<br \/>\nczujnik zbli\u017ceniowy (Proximity sensor)<\/td>\n<\/tr>\n<tr>\n<td>Zabezpieczenia<\/td>\n<td width=\"584\">Firmware TPM<br \/>\nWindows Hello &#8211; rozpoznawanie twarzy do odblokowania urz\u0105dzenia<\/td>\n<\/tr>\n<tr>\n<td>Czas pracy na baterii<\/td>\n<td>15.5 godzin przy pracy biurowej<\/td>\n<\/tr>\n<tr>\n<td>Multimedia<\/td>\n<td width=\"584\">przednia kamera do uwierzytelnienia twarzy &#8211; Windows Hello<br \/>\n5.0MP przednia kamera &#8211; nagrywanie film\u00f3w w Full HD 1080p<br \/>\n8.0MP tylnia kamera z autofokusem &#8211; nagrywanie film\u00f3w w Full HD 1080p<br \/>\n2 x mikrofon dalekiego pola<br \/>\ng\u0142o\u015bniki stereo Dolby\u00ae Atmos\u2122<\/td>\n<\/tr>\n<tr>\n<td>Oprogramowanie<\/td>\n<td width=\"584\">Windows 10 Pro<br \/>\nmiesi\u0119czna wersja pr\u00f3bna Microsoft Office 365<\/td>\n<\/tr>\n<tr>\n<td>Obudowa<\/td>\n<td width=\"584\">magnezowa obudowa<br \/>\nkolor Platinum (platynowy)<br \/>\nprzyciski regulacji g\u0142o\u015bno\u015bci oraz zasilania<\/td>\n<\/tr>\n<tr>\n<td>Wymiary (mm)<\/td>\n<td width=\"584\">312 x 232 x 13-23 (sz. x g\u0142. x wys.)<\/td>\n<\/tr>\n<tr>\n<td width=\"201\">Waga<br \/>\n(bez klawiatury)<\/td>\n<td width=\"584\">1 534g<\/td>\n<\/tr>\n<tr>\n<td>Zawarto\u015b\u0107 zestawu<\/td>\n<td width=\"584\">Surface Book 3 13.5&#8243;<br \/>\nzasilacz 65W<br \/>\nskr\u00f3cona instrukcja obs\u0142ugi<br \/>\ndokumenty dotycz\u0105ce gwarancji i bezpiecze\u0144stwa<\/td>\n<\/tr>\n<tr>\n<td>Gwarancja<\/td>\n<td width=\"584\">roczny okres gwarancji<\/td>\n<\/tr>\n<\/tbody>\n<\/table>\n","protected":false},"excerpt":{"rendered":"<p>Microsoft Surface Book 3 SKR-00009 jest najwydajniejszym laptopem 2w1 z serii Surface, \u0142\u0105cz\u0105cy w sobie wydajno\u015b\u0107, wszechstronno\u015b\u0107 i mobilno\u015b\u0107. Jest urz\u0105dzeniem wr\u0119cz stworzonym do wielozadaniowo\u015bci, kt\u00f3re nie boi si\u0119 \u017cadnych wyzwa\u0144 w Twoim \u015brodowisku pracy, imponuj\u0105c przy tym nienagann\u0105 prezencj\u0105 i jako\u015bci\u0105 wyko\u0144czenia. Microsoft Surface Book 3 wyst\u0119puje w dw\u00f3ch wariantach, 13.5\u201d oraz 15\u201d. W [&hellip;]<\/p>\n","protected":false},"featured_media":1755,"template":"","meta":{"site-sidebar-layout":"default","site-content-layout":"default","ast-site-content-layout":"default","site-content-style":"default","site-sidebar-style":"default","ast-global-header-display":"","ast-banner-title-visibility":"","ast-main-header-display":"","ast-hfb-above-header-display":"","ast-hfb-below-header-display":"","ast-hfb-mobile-header-display":"","site-post-title":"","ast-breadcrumbs-content":"","ast-featured-img":"","footer-sml-layout":"","ast-disable-related-posts":"","theme-transparent-header-meta":"default","adv-header-id-meta":"","stick-header-meta":"","header-above-stick-meta":"","header-main-stick-meta":"","header-below-stick-meta":"","astra-migrate-meta-layouts":"default","ast-page-background-enabled":"default","ast-page-background-meta":{"desktop":{"background-color":"","background-image":"","background-repeat":"repeat","background-position":"center center","background-size":"auto","background-attachment":"scroll","background-type":"","background-media":"","overlay-type":"","overlay-color":"","overlay-opacity":"","overlay-gradient":""},"tablet":{"background-color":"","background-image":"","background-repeat":"repeat","background-position":"center center","background-size":"auto","background-attachment":"scroll","background-type":"","background-media":"","overlay-type":"","overlay-color":"","overlay-opacity":"","overlay-gradient":""},"mobile":{"background-color":"","background-image":"","background-repeat":"repeat","background-position":"center center","background-size":"auto","background-attachment":"scroll","background-type":"","background-media":"","overlay-type":"","overlay-color":"","overlay-opacity":"","overlay-gradient":""}},"ast-content-background-meta":{"desktop":{"background-color":"var(--ast-global-color-5)","background-image":"","background-repeat":"repeat","background-position":"center center","background-size":"auto","background-attachment":"scroll","background-type":"","background-media":"","overlay-type":"","overlay-color":"","overlay-opacity":"","overlay-gradient":""},"tablet":{"background-color":"var(--ast-global-color-5)","background-image":"","background-repeat":"repeat","background-position":"center center","background-size":"auto","background-attachment":"scroll","background-type":"","background-media":"","overlay-type":"","overlay-color":"","overlay-opacity":"","overlay-gradient":""},"mobile":{"background-color":"var(--ast-global-color-5)","background-image":"","background-repeat":"repeat","background-position":"center center","background-size":"auto","background-attachment":"scroll","background-type":"","background-media":"","overlay-type":"","overlay-color":"","overlay-opacity":"","overlay-gradient":""}},"_links_to":"","_links_to_target":""},"product_brand":[],"product_cat":[],"product_tag":[],"class_list":{"0":"post-215","1":"product","2":"type-product","3":"status-publish","4":"has-post-thumbnail","6":"pa_dodatkowe-komponenty-intel-iris-plus-graphics","7":"pa_matryca-33","8":"pa_model-procesora-i5-1035g7","9":"pa_pamiec-ram-8gb","10":"pa_pojemnosc-dysku-256gb","11":"pa_producent-procesora-intel","12":"pa_w-zestawie-urzadzenie-klawiatura-zasilacz","13":"desktop-align-left","14":"tablet-align-left","15":"mobile-align-left","17":"first","18":"outofstock","19":"taxable","20":"shipping-taxable","21":"purchasable","22":"product-type-simple"},"yoast_head":"<!-- This site is optimized with the Yoast SEO plugin v26.7 - https:\/\/yoast.com\/wordpress\/plugins\/seo\/ -->\n<title>Microsoft Surface Book 3 SKR-00009 - Sklep Microsoft Surface<\/title>\n<meta name=\"description\" content=\"Microsoft Surface Book 3 SKR-00009 - i5-1035G7\/8GB\/256GB\/13,5&quot;\/Intel Iris Plus Graphics\/W10Pro Sklep Microsoft Surface firmy Polsoft.\" \/>\n<meta name=\"robots\" content=\"index, follow, max-snippet:-1, max-image-preview:large, max-video-preview:-1\" \/>\n<link rel=\"canonical\" href=\"https:\/\/polsoft.pl\/microsoft-surface\/produkt\/tablet-microsoft-surface-book-3-135-skr-00009-i5-1035g7-8gb-256gb-135-intel-iris-plus-graphics-w10pro\/\" \/>\n<meta property=\"og:locale\" content=\"pl_PL\" \/>\n<meta property=\"og:type\" content=\"article\" \/>\n<meta property=\"og:title\" content=\"Microsoft Surface Book 3 SKR-00009 - Sklep Microsoft Surface\" \/>\n<meta property=\"og:description\" content=\"Microsoft Surface Book 3 SKR-00009 - i5-1035G7\/8GB\/256GB\/13,5&quot;\/Intel Iris Plus Graphics\/W10Pro Sklep Microsoft Surface firmy Polsoft.\" \/>\n<meta property=\"og:url\" content=\"https:\/\/polsoft.pl\/microsoft-surface\/produkt\/tablet-microsoft-surface-book-3-135-skr-00009-i5-1035g7-8gb-256gb-135-intel-iris-plus-graphics-w10pro\/\" \/>\n<meta property=\"og:site_name\" content=\"Sklep rozwi\u0105za\u0144 Microsoft Surface\" \/>\n<meta property=\"article:modified_time\" content=\"2025-07-15T12:01:39+00:00\" \/>\n<meta property=\"og:image\" content=\"https:\/\/polsoft.pl\/microsoft-surface\/wp-content\/uploads\/2020\/09\/Tablet_Microsoft_Surface_Book_3_SKR-00009.jpg\" \/>\n\t<meta property=\"og:image:width\" content=\"1000\" \/>\n\t<meta property=\"og:image:height\" content=\"1000\" \/>\n\t<meta property=\"og:image:type\" content=\"image\/jpeg\" \/>\n<meta name=\"twitter:card\" content=\"summary_large_image\" \/>\n<meta name=\"twitter:label1\" content=\"Szacowany czas czytania\" \/>\n\t<meta name=\"twitter:data1\" content=\"3 minuty\" \/>\n<script type=\"application\/ld+json\" class=\"yoast-schema-graph\">{\"@context\":\"https:\/\/schema.org\",\"@graph\":[{\"@type\":\"WebPage\",\"@id\":\"https:\/\/polsoft.pl\/microsoft-surface\/produkt\/tablet-microsoft-surface-book-3-135-skr-00009-i5-1035g7-8gb-256gb-135-intel-iris-plus-graphics-w10pro\/\",\"url\":\"https:\/\/polsoft.pl\/microsoft-surface\/produkt\/tablet-microsoft-surface-book-3-135-skr-00009-i5-1035g7-8gb-256gb-135-intel-iris-plus-graphics-w10pro\/\",\"name\":\"Microsoft Surface Book 3 SKR-00009 - Sklep Microsoft Surface\",\"isPartOf\":{\"@id\":\"https:\/\/polsoft.pl\/microsoft-surface\/#website\"},\"primaryImageOfPage\":{\"@id\":\"https:\/\/polsoft.pl\/microsoft-surface\/produkt\/tablet-microsoft-surface-book-3-135-skr-00009-i5-1035g7-8gb-256gb-135-intel-iris-plus-graphics-w10pro\/#primaryimage\"},\"image\":{\"@id\":\"https:\/\/polsoft.pl\/microsoft-surface\/produkt\/tablet-microsoft-surface-book-3-135-skr-00009-i5-1035g7-8gb-256gb-135-intel-iris-plus-graphics-w10pro\/#primaryimage\"},\"thumbnailUrl\":\"https:\/\/www.polsoft.pl\/microsoft-surface\/wp-content\/uploads\/2020\/09\/Tablet_Microsoft_Surface_Book_3_SKR-00009.jpg\",\"datePublished\":\"2020-08-11T12:49:05+00:00\",\"dateModified\":\"2025-07-15T12:01:39+00:00\",\"description\":\"Microsoft Surface Book 3 SKR-00009 - i5-1035G7\/8GB\/256GB\/13,5\\\"\/Intel Iris Plus Graphics\/W10Pro Sklep Microsoft Surface firmy Polsoft.\",\"breadcrumb\":{\"@id\":\"https:\/\/polsoft.pl\/microsoft-surface\/produkt\/tablet-microsoft-surface-book-3-135-skr-00009-i5-1035g7-8gb-256gb-135-intel-iris-plus-graphics-w10pro\/#breadcrumb\"},\"inLanguage\":\"pl-PL\",\"potentialAction\":[{\"@type\":\"ReadAction\",\"target\":[\"https:\/\/polsoft.pl\/microsoft-surface\/produkt\/tablet-microsoft-surface-book-3-135-skr-00009-i5-1035g7-8gb-256gb-135-intel-iris-plus-graphics-w10pro\/\"]}]},{\"@type\":\"ImageObject\",\"inLanguage\":\"pl-PL\",\"@id\":\"https:\/\/polsoft.pl\/microsoft-surface\/produkt\/tablet-microsoft-surface-book-3-135-skr-00009-i5-1035g7-8gb-256gb-135-intel-iris-plus-graphics-w10pro\/#primaryimage\",\"url\":\"https:\/\/www.polsoft.pl\/microsoft-surface\/wp-content\/uploads\/2020\/09\/Tablet_Microsoft_Surface_Book_3_SKR-00009.jpg\",\"contentUrl\":\"https:\/\/www.polsoft.pl\/microsoft-surface\/wp-content\/uploads\/2020\/09\/Tablet_Microsoft_Surface_Book_3_SKR-00009.jpg\",\"width\":1000,\"height\":1000,\"caption\":\"Zdj\u0119cie produktu - tablet Microsoft Surface Book 3\"},{\"@type\":\"BreadcrumbList\",\"@id\":\"https:\/\/polsoft.pl\/microsoft-surface\/produkt\/tablet-microsoft-surface-book-3-135-skr-00009-i5-1035g7-8gb-256gb-135-intel-iris-plus-graphics-w10pro\/#breadcrumb\",\"itemListElement\":[{\"@type\":\"ListItem\",\"position\":1,\"name\":\"Strona g\u0142\u00f3wna\",\"item\":\"https:\/\/polsoft.pl\/microsoft-surface\/\"},{\"@type\":\"ListItem\",\"position\":2,\"name\":\"Sklep\",\"item\":\"https:\/\/polsoft.pl\/microsoft-surface\/sklep\/\"},{\"@type\":\"ListItem\",\"position\":3,\"name\":\"Tablet Microsoft Surface BOOK 3 13&#8217;5&#8243; SKR-00009\/i5-1035G7\/8GB\/256GB\/13,5&#8243;\/Intel Iris Plus Graphics\/W10Pro\"}]},{\"@type\":\"WebSite\",\"@id\":\"https:\/\/polsoft.pl\/microsoft-surface\/#website\",\"url\":\"https:\/\/polsoft.pl\/microsoft-surface\/\",\"name\":\"Sklep Microsoft Surface\",\"description\":\"Sklep Microsoft Surface\",\"publisher\":{\"@id\":\"https:\/\/polsoft.pl\/microsoft-surface\/#organization\"},\"potentialAction\":[{\"@type\":\"SearchAction\",\"target\":{\"@type\":\"EntryPoint\",\"urlTemplate\":\"https:\/\/polsoft.pl\/microsoft-surface\/?s={search_term_string}\"},\"query-input\":{\"@type\":\"PropertyValueSpecification\",\"valueRequired\":true,\"valueName\":\"search_term_string\"}}],\"inLanguage\":\"pl-PL\"},{\"@type\":\"Organization\",\"@id\":\"https:\/\/polsoft.pl\/microsoft-surface\/#organization\",\"name\":\"Polsoft Engineering Sp. z o.o.\",\"url\":\"https:\/\/polsoft.pl\/microsoft-surface\/\",\"logo\":{\"@type\":\"ImageObject\",\"inLanguage\":\"pl-PL\",\"@id\":\"https:\/\/polsoft.pl\/microsoft-surface\/#\/schema\/logo\/image\/\",\"url\":\"https:\/\/www.polsoft.pl\/microsoft-surface\/wp-content\/uploads\/2020\/10\/microsoft_partner_logo_black_polsoft.png\",\"contentUrl\":\"https:\/\/www.polsoft.pl\/microsoft-surface\/wp-content\/uploads\/2020\/10\/microsoft_partner_logo_black_polsoft.png\",\"width\":613,\"height\":158,\"caption\":\"Polsoft Engineering Sp. z o.o.\"},\"image\":{\"@id\":\"https:\/\/polsoft.pl\/microsoft-surface\/#\/schema\/logo\/image\/\"}}]}<\/script>\n<!-- \/ Yoast SEO plugin. -->","yoast_head_json":{"title":"Microsoft Surface Book 3 SKR-00009 - Sklep Microsoft Surface","description":"Microsoft Surface Book 3 SKR-00009 - i5-1035G7\/8GB\/256GB\/13,5\"\/Intel Iris Plus Graphics\/W10Pro Sklep Microsoft Surface firmy Polsoft.","robots":{"index":"index","follow":"follow","max-snippet":"max-snippet:-1","max-image-preview":"max-image-preview:large","max-video-preview":"max-video-preview:-1"},"canonical":"https:\/\/polsoft.pl\/microsoft-surface\/produkt\/tablet-microsoft-surface-book-3-135-skr-00009-i5-1035g7-8gb-256gb-135-intel-iris-plus-graphics-w10pro\/","og_locale":"pl_PL","og_type":"article","og_title":"Microsoft Surface Book 3 SKR-00009 - Sklep Microsoft Surface","og_description":"Microsoft Surface Book 3 SKR-00009 - i5-1035G7\/8GB\/256GB\/13,5\"\/Intel Iris Plus Graphics\/W10Pro Sklep Microsoft Surface firmy Polsoft.","og_url":"https:\/\/polsoft.pl\/microsoft-surface\/produkt\/tablet-microsoft-surface-book-3-135-skr-00009-i5-1035g7-8gb-256gb-135-intel-iris-plus-graphics-w10pro\/","og_site_name":"Sklep rozwi\u0105za\u0144 Microsoft Surface","article_modified_time":"2025-07-15T12:01:39+00:00","og_image":[{"width":1000,"height":1000,"url":"https:\/\/polsoft.pl\/microsoft-surface\/wp-content\/uploads\/2020\/09\/Tablet_Microsoft_Surface_Book_3_SKR-00009.jpg","type":"image\/jpeg"}],"twitter_card":"summary_large_image","twitter_misc":{"Szacowany czas czytania":"3 minuty"},"schema":{"@context":"https:\/\/schema.org","@graph":[{"@type":"WebPage","@id":"https:\/\/polsoft.pl\/microsoft-surface\/produkt\/tablet-microsoft-surface-book-3-135-skr-00009-i5-1035g7-8gb-256gb-135-intel-iris-plus-graphics-w10pro\/","url":"https:\/\/polsoft.pl\/microsoft-surface\/produkt\/tablet-microsoft-surface-book-3-135-skr-00009-i5-1035g7-8gb-256gb-135-intel-iris-plus-graphics-w10pro\/","name":"Microsoft Surface Book 3 SKR-00009 - Sklep Microsoft Surface","isPartOf":{"@id":"https:\/\/polsoft.pl\/microsoft-surface\/#website"},"primaryImageOfPage":{"@id":"https:\/\/polsoft.pl\/microsoft-surface\/produkt\/tablet-microsoft-surface-book-3-135-skr-00009-i5-1035g7-8gb-256gb-135-intel-iris-plus-graphics-w10pro\/#primaryimage"},"image":{"@id":"https:\/\/polsoft.pl\/microsoft-surface\/produkt\/tablet-microsoft-surface-book-3-135-skr-00009-i5-1035g7-8gb-256gb-135-intel-iris-plus-graphics-w10pro\/#primaryimage"},"thumbnailUrl":"https:\/\/www.polsoft.pl\/microsoft-surface\/wp-content\/uploads\/2020\/09\/Tablet_Microsoft_Surface_Book_3_SKR-00009.jpg","datePublished":"2020-08-11T12:49:05+00:00","dateModified":"2025-07-15T12:01:39+00:00","description":"Microsoft Surface Book 3 SKR-00009 - i5-1035G7\/8GB\/256GB\/13,5\"\/Intel Iris Plus Graphics\/W10Pro Sklep Microsoft Surface firmy Polsoft.","breadcrumb":{"@id":"https:\/\/polsoft.pl\/microsoft-surface\/produkt\/tablet-microsoft-surface-book-3-135-skr-00009-i5-1035g7-8gb-256gb-135-intel-iris-plus-graphics-w10pro\/#breadcrumb"},"inLanguage":"pl-PL","potentialAction":[{"@type":"ReadAction","target":["https:\/\/polsoft.pl\/microsoft-surface\/produkt\/tablet-microsoft-surface-book-3-135-skr-00009-i5-1035g7-8gb-256gb-135-intel-iris-plus-graphics-w10pro\/"]}]},{"@type":"ImageObject","inLanguage":"pl-PL","@id":"https:\/\/polsoft.pl\/microsoft-surface\/produkt\/tablet-microsoft-surface-book-3-135-skr-00009-i5-1035g7-8gb-256gb-135-intel-iris-plus-graphics-w10pro\/#primaryimage","url":"https:\/\/www.polsoft.pl\/microsoft-surface\/wp-content\/uploads\/2020\/09\/Tablet_Microsoft_Surface_Book_3_SKR-00009.jpg","contentUrl":"https:\/\/www.polsoft.pl\/microsoft-surface\/wp-content\/uploads\/2020\/09\/Tablet_Microsoft_Surface_Book_3_SKR-00009.jpg","width":1000,"height":1000,"caption":"Zdj\u0119cie produktu - tablet Microsoft Surface Book 3"},{"@type":"BreadcrumbList","@id":"https:\/\/polsoft.pl\/microsoft-surface\/produkt\/tablet-microsoft-surface-book-3-135-skr-00009-i5-1035g7-8gb-256gb-135-intel-iris-plus-graphics-w10pro\/#breadcrumb","itemListElement":[{"@type":"ListItem","position":1,"name":"Strona g\u0142\u00f3wna","item":"https:\/\/polsoft.pl\/microsoft-surface\/"},{"@type":"ListItem","position":2,"name":"Sklep","item":"https:\/\/polsoft.pl\/microsoft-surface\/sklep\/"},{"@type":"ListItem","position":3,"name":"Tablet Microsoft Surface BOOK 3 13&#8217;5&#8243; SKR-00009\/i5-1035G7\/8GB\/256GB\/13,5&#8243;\/Intel Iris Plus Graphics\/W10Pro"}]},{"@type":"WebSite","@id":"https:\/\/polsoft.pl\/microsoft-surface\/#website","url":"https:\/\/polsoft.pl\/microsoft-surface\/","name":"Sklep Microsoft Surface","description":"Sklep Microsoft Surface","publisher":{"@id":"https:\/\/polsoft.pl\/microsoft-surface\/#organization"},"potentialAction":[{"@type":"SearchAction","target":{"@type":"EntryPoint","urlTemplate":"https:\/\/polsoft.pl\/microsoft-surface\/?s={search_term_string}"},"query-input":{"@type":"PropertyValueSpecification","valueRequired":true,"valueName":"search_term_string"}}],"inLanguage":"pl-PL"},{"@type":"Organization","@id":"https:\/\/polsoft.pl\/microsoft-surface\/#organization","name":"Polsoft Engineering Sp. z o.o.","url":"https:\/\/polsoft.pl\/microsoft-surface\/","logo":{"@type":"ImageObject","inLanguage":"pl-PL","@id":"https:\/\/polsoft.pl\/microsoft-surface\/#\/schema\/logo\/image\/","url":"https:\/\/www.polsoft.pl\/microsoft-surface\/wp-content\/uploads\/2020\/10\/microsoft_partner_logo_black_polsoft.png","contentUrl":"https:\/\/www.polsoft.pl\/microsoft-surface\/wp-content\/uploads\/2020\/10\/microsoft_partner_logo_black_polsoft.png","width":613,"height":158,"caption":"Polsoft Engineering Sp. z o.o."},"image":{"@id":"https:\/\/polsoft.pl\/microsoft-surface\/#\/schema\/logo\/image\/"}}]}},"_links":{"self":[{"href":"https:\/\/www.polsoft.pl\/microsoft-surface\/wp-json\/wp\/v2\/product\/215","targetHints":{"allow":["GET"]}}],"collection":[{"href":"https:\/\/www.polsoft.pl\/microsoft-surface\/wp-json\/wp\/v2\/product"}],"about":[{"href":"https:\/\/www.polsoft.pl\/microsoft-surface\/wp-json\/wp\/v2\/types\/product"}],"version-history":[{"count":6,"href":"https:\/\/www.polsoft.pl\/microsoft-surface\/wp-json\/wp\/v2\/product\/215\/revisions"}],"predecessor-version":[{"id":2992,"href":"https:\/\/www.polsoft.pl\/microsoft-surface\/wp-json\/wp\/v2\/product\/215\/revisions\/2992"}],"wp:featuredmedia":[{"embeddable":true,"href":"https:\/\/www.polsoft.pl\/microsoft-surface\/wp-json\/wp\/v2\/media\/1755"}],"wp:attachment":[{"href":"https:\/\/www.polsoft.pl\/microsoft-surface\/wp-json\/wp\/v2\/media?parent=215"}],"wp:term":[{"taxonomy":"product_brand","embeddable":true,"href":"https:\/\/www.polsoft.pl\/microsoft-surface\/wp-json\/wp\/v2\/product_brand?post=215"},{"taxonomy":"product_cat","embeddable":true,"href":"https:\/\/www.polsoft.pl\/microsoft-surface\/wp-json\/wp\/v2\/product_cat?post=215"},{"taxonomy":"product_tag","embeddable":true,"href":"https:\/\/www.polsoft.pl\/microsoft-surface\/wp-json\/wp\/v2\/product_tag?post=215"}],"curies":[{"name":"wp","href":"https:\/\/api.w.org\/{rel}","templated":true}]}}