{"id":232,"date":"2020-08-11T12:49:12","date_gmt":"2020-08-11T12:49:12","guid":{"rendered":"http:\/\/polsoft.pl\/microsoft-surface\/produkt\/tablet-microsoft-surface-pro-7-platinium-pvt-00003-i7-1065g7-16gb-256gb-123-w10pro\/"},"modified":"2025-07-15T14:01:32","modified_gmt":"2025-07-15T12:01:32","slug":"tablet-microsoft-surface-pro-7-platinium-pvt-00003-i7-1065g7-16gb-256gb-123-w10pro","status":"publish","type":"product","link":"https:\/\/www.polsoft.pl\/microsoft-surface\/produkt\/tablet-microsoft-surface-pro-7-platinium-pvt-00003-i7-1065g7-16gb-256gb-123-w10pro\/","title":{"rendered":"Tablet Microsoft Surface PRO 7 Platinium PVT-00003\/i7-1065G7 \/16GB\/256GB\/12,3&#8243;\/\/W10Pro"},"content":{"rendered":"<p><a href=\"https:\/\/polsoft.pl\/microsoft-surface\/kategoria\/tablety-microsoft-surface\/microsoft-surface-pro-7\/\">Microsoft Surface Pro 7<\/a> PVT-00003 to niezast\u0105piony kompan w Twojej firmie. Por\u0119czna i \u015bwietnie wykonana obudowa nie zawiedzie Ci\u0119 w kwestiach solidno\u015bci jak i nienagannej prezencji. Smuk\u0142a sylwetka i filigranowa charakterystyka sprawiaj\u0105 \u017ce laptop 2w1 Microsoft Surface Pro 7 to wy\u015bmienite mobilne urz\u0105dzenie.<\/p>\n<p>Sercem laptop\u00f3w 2w1 Microsoft Surface Pro 7 \u00a0s\u0105 procesory Intel\u00ae Core\u2122, najnowszej dziesi\u0105tej generacji. Energooszcz\u0119dno\u015b\u0107 wszystkich zastosowanych podzespo\u0142\u00f3w sk\u0142adaj\u0105 si\u0119 a\u017c na 10.5 godzin pracy na baterii. Przy czym jest to swoiste urz\u0105dzenie wagi lekkiej, wynosz\u0105cej zaledwie 775g.<\/p>\n<p>Wizyt\u00f3wk\u0105 urz\u0105dze\u0144 Surface naturalnie s\u0105 wy\u015bwietlacze PixelSense\u2122. W tym modelu zastosowany ekran o przek\u0105tnej 12.3\u2019 oraz rozdzielczo\u015bci 2736&#215;1824, zapewni komfort pracy na najwy\u017cszym poziomie w ka\u017cdych warunkach o\u015bwietleniowych.<\/p>\n<p>Microsoft Surface Pro 7 to elastyczne narz\u0119dzie pracy pe\u0142ne z\u0142\u0105czy, takich jak USB-C oraz USB-A, nie zapominaj\u0105c o kluczowej w dzisiejszych czasach, komunikacji bezprzewodowej. Obudow\u0119 uzbrojono w szereg \u00a0multimedi\u00f3w jak kamery 8MP 1080p, 5MP 1080p, 2 mikrofony dalekiego pola, oraz g\u0142o\u015bniki stereo Dolby\u00ae Audio\u2122 Premium.<\/p>\n<p>Pracuj bezpiecznie wykorzystuj\u0105c sprz\u0119towe TPM czy innowacyjna metod\u0119 uwierzytelniania za pomoc\u0105 rozpoznawania twarzy \u2013 Windows Hello. Wszystko to, doskonale zintegrowane z systemem Windows 10 Pro oraz pakietem Microsoft Office 365.<\/p>\n<p>Uwolnij potencja\u0142 swojego laptopa 2w1 <a href=\"https:\/\/polsoft.pl\/microsoft-surface\/kategoria\/tablety-microsoft-surface\/microsoft-surface-pro-7\/\">Microsoft Surface Pro 7<\/a> PVT-00003 z dedykowanymi akcesoriami, kt\u00f3re stworzono z my\u015bl\u0105 o u\u017cytkownikach. Z klawiatur\u0105 Surface Pro Signature mo\u017cesz pisa\u0107 wygodnie jak nigdy dot\u0105d, lecz r\u00f3wnie\u017c wykorzystasz j\u0105 jako por\u0119czn\u0105 ochron\u0119 wy\u015bwietlacza PixeSense. Szukaj\u0105c lekkiej i bezprzewodowej myszki, poznaj Microsoft Bluetooth Ergonomic Mouse, kt\u00f3ra zachwyci Ci\u0119 ergonomi\u0105 oraz programowalnymi przyciskami. Wyj\u0105tkowa konstrukcja i wygoda u\u017cytkowania s\u0142uchawek Microsoft Surface Earbuds pozwol\u0105 Ci pracowa\u0107 z doskona\u0142\u0105 jako\u015bci\u0105 d\u017awi\u0119ku przez d\u0142ugi czas i bez odczucia zm\u0119czenia.<\/p>\n<table width=\"616\">\n<tbody>\n<tr>\n<td width=\"185\">Procesor<\/td>\n<td width=\"431\"><a href=\"https:\/\/ark.intel.com\/content\/www\/pl\/pl\/ark\/products\/196597\/intel-core-i7-1065g7-processor-8m-cache-up-to-3-90-ghz.html\">Intel\u00ae Core\u2122 i7-1065G7<\/a>, 4-rdzeniwoy 10. generacji<\/td>\n<\/tr>\n<tr>\n<td>Wy\u015bwietlacz<\/td>\n<td width=\"431\">ekran:<br \/>\n12.3&#8243; PixelSense\u2122<br \/>\nrozdzielczo\u015b\u0107:<br \/>\n2736 x 1824 (267 PPI)<br \/>\nwsp\u00f3\u0142czynnik proporcji:<br \/>\n3:2<br \/>\ndotyk:<br \/>\nmulti-touch z obs\u0142ug\u0105 10 punkt\u00f3w dotykowych<\/td>\n<\/tr>\n<tr>\n<td>Karta graficzna<\/td>\n<td width=\"431\">Intel\u00ae Iris\u00ae Plus Graphics<\/td>\n<\/tr>\n<tr>\n<td>Pami\u0119\u0107<\/td>\n<td>16GB RAM LPDDR4x<\/td>\n<\/tr>\n<tr>\n<td>Przestrze\u0144 dyskowa<\/td>\n<td width=\"431\">SSD 256GB<\/td>\n<\/tr>\n<tr>\n<td>\u0141\u0105czno\u015b\u0107 bezprzewodowa<\/td>\n<td width=\"431\">Wi-Fi 6: zgodne ze standardem IEEE 802.11ax<br \/>\nmodu\u0142 Bluetooth\u00ae Wireless 5.0<\/td>\n<\/tr>\n<tr>\n<td>Z\u0142\u0105cza<\/td>\n<td width=\"431\">1 x USB-C\u2122<br \/>\n1 x USB-A<br \/>\n1 x z\u0142\u0105cze s\u0142uchawkowe Jack 3.5 mm<br \/>\n1 x port Surface Connect<br \/>\nport klawiatury Surface<br \/>\nczytnik kart MicroSDXC<br \/>\nkompatybilne z pokr\u0119t\u0142em Surface Dial off-screen interaction<\/td>\n<\/tr>\n<tr>\n<td>Sensory<\/td>\n<td width=\"431\">akcelenometr<br \/>\n\u017cyroskop<br \/>\nczujnik pola magnetycznego<br \/>\nczujnik nat\u0119\u017cenia \u015bwiat\u0142a<\/td>\n<\/tr>\n<tr>\n<td>Zabezpieczenia<\/td>\n<td width=\"431\">sprz\u0119towy TPM<br \/>\nWindows Hello &#8211; rozpoznawanie twarzy do odblokowania urz\u0105dzenia<\/td>\n<\/tr>\n<tr>\n<td>Czas pracy na baterii<\/td>\n<td width=\"431\">10.5 godzin przy pracy biurowej<\/td>\n<\/tr>\n<tr>\n<td>Multimedia<\/td>\n<td width=\"431\">przednia kamera do uwierzytelnienia twarzy &#8211; Windows Hello<br \/>\n5.0MP &#8211; przednia kamera &#8211; nagrywanie film\u00f3w w Full HD 1080p<br \/>\n8.0MP &#8211; tylny aparat z autofokusem &#8211; nagrywanie film\u00f3w Full HD 1080p<br \/>\n2 x mikrofon dalekiego pola<br \/>\ng\u0142o\u015bniki stereo 1.6W Dolby\u00ae Audio\u2122 Premium<\/td>\n<\/tr>\n<tr>\n<td>Oprogramowanie<\/td>\n<td width=\"431\">Windows 10 Pro<br \/>\nmiesi\u0119czna wersja pr\u00f3bna Microsoft Office 365<\/td>\n<\/tr>\n<tr>\n<td>Obudowa<\/td>\n<td width=\"431\">magnezowa obudowa z pasywnym trybem ch\u0142odzenia<br \/>\nkolor &#8211; Platinum (platynowy)<br \/>\nprzyciski regulacji g\u0142o\u015bno\u015bci oraz zasilania<\/td>\n<\/tr>\n<tr>\n<td>Wymiary (mm)<\/td>\n<td>292 x 201 x 8.5 (sz. x g\u0142. x wys.)<\/td>\n<\/tr>\n<tr>\n<td>Waga<br \/>\n(bez klawiatury)<\/td>\n<td width=\"431\">790g<\/td>\n<\/tr>\n<tr>\n<td>Zawarto\u015b\u0107 zestawu<\/td>\n<td width=\"431\">Surface Pro 7<br \/>\nzasilacz<br \/>\nskr\u00f3cona instrukcja obs\u0142ugi<br \/>\ndokumenty dotycz\u0105ce gwarancji i bezpiecze\u0144stwa<\/td>\n<\/tr>\n<tr>\n<td>Gwarancja<\/td>\n<td width=\"431\">roczny okres gwarancji<\/td>\n<\/tr>\n<\/tbody>\n<\/table>\n","protected":false},"excerpt":{"rendered":"<p>Microsoft Surface Pro 7 PVT-00003 to niezast\u0105piony kompan w Twojej firmie. Por\u0119czna i \u015bwietnie wykonana obudowa nie zawiedzie Ci\u0119 w kwestiach solidno\u015bci jak i nienagannej prezencji. Smuk\u0142a sylwetka i filigranowa charakterystyka sprawiaj\u0105 \u017ce laptop 2w1 Microsoft Surface Pro 7 to wy\u015bmienite mobilne urz\u0105dzenie. Sercem laptop\u00f3w 2w1 Microsoft Surface Pro 7 \u00a0s\u0105 procesory Intel\u00ae Core\u2122, najnowszej [&hellip;]<\/p>\n","protected":false},"featured_media":1768,"template":"","meta":{"site-sidebar-layout":"default","site-content-layout":"default","ast-site-content-layout":"default","site-content-style":"default","site-sidebar-style":"default","ast-global-header-display":"","ast-banner-title-visibility":"","ast-main-header-display":"","ast-hfb-above-header-display":"","ast-hfb-below-header-display":"","ast-hfb-mobile-header-display":"","site-post-title":"","ast-breadcrumbs-content":"","ast-featured-img":"","footer-sml-layout":"","ast-disable-related-posts":"","theme-transparent-header-meta":"default","adv-header-id-meta":"","stick-header-meta":"","header-above-stick-meta":"","header-main-stick-meta":"","header-below-stick-meta":"","astra-migrate-meta-layouts":"default","ast-page-background-enabled":"default","ast-page-background-meta":{"desktop":{"background-color":"","background-image":"","background-repeat":"repeat","background-position":"center center","background-size":"auto","background-attachment":"scroll","background-type":"","background-media":"","overlay-type":"","overlay-color":"","overlay-opacity":"","overlay-gradient":""},"tablet":{"background-color":"","background-image":"","background-repeat":"repeat","background-position":"center center","background-size":"auto","background-attachment":"scroll","background-type":"","background-media":"","overlay-type":"","overlay-color":"","overlay-opacity":"","overlay-gradient":""},"mobile":{"background-color":"","background-image":"","background-repeat":"repeat","background-position":"center center","background-size":"auto","background-attachment":"scroll","background-type":"","background-media":"","overlay-type":"","overlay-color":"","overlay-opacity":"","overlay-gradient":""}},"ast-content-background-meta":{"desktop":{"background-color":"var(--ast-global-color-5)","background-image":"","background-repeat":"repeat","background-position":"center center","background-size":"auto","background-attachment":"scroll","background-type":"","background-media":"","overlay-type":"","overlay-color":"","overlay-opacity":"","overlay-gradient":""},"tablet":{"background-color":"var(--ast-global-color-5)","background-image":"","background-repeat":"repeat","background-position":"center center","background-size":"auto","background-attachment":"scroll","background-type":"","background-media":"","overlay-type":"","overlay-color":"","overlay-opacity":"","overlay-gradient":""},"mobile":{"background-color":"var(--ast-global-color-5)","background-image":"","background-repeat":"repeat","background-position":"center center","background-size":"auto","background-attachment":"scroll","background-type":"","background-media":"","overlay-type":"","overlay-color":"","overlay-opacity":"","overlay-gradient":""}},"_links_to":"","_links_to_target":""},"product_brand":[],"product_cat":[],"product_tag":[],"class_list":{"0":"post-232","1":"product","2":"type-product","3":"status-publish","4":"has-post-thumbnail","6":"pa_matryca-51","7":"pa_model-procesora-i7-1065g7","8":"pa_pamiec-ram-16gb","9":"pa_pojemnosc-dysku-256gb","10":"pa_producent-procesora-intel","11":"pa_w-zestawie-urzadzenie-zasilacz","12":"desktop-align-left","13":"tablet-align-left","14":"mobile-align-left","16":"first","17":"outofstock","18":"taxable","19":"shipping-taxable","20":"purchasable","21":"product-type-simple"},"yoast_head":"<!-- This site is optimized with the Yoast SEO plugin v26.7 - https:\/\/yoast.com\/wordpress\/plugins\/seo\/ -->\n<title>Microsoft Surface Pro 7 PVT-00003 - Sklep Microsoft Surface<\/title>\n<meta name=\"description\" content=\"Microsoft Surface Pro 7 PVT-00003 - i7-1065G7 \/16GB\/256GB\/12,3&quot;\/\/W10Pro Sklep rozwi\u0105za\u0144 Microsoft Surface firmy Polsoft Engineering.\" \/>\n<meta name=\"robots\" content=\"index, follow, max-snippet:-1, max-image-preview:large, max-video-preview:-1\" \/>\n<link rel=\"canonical\" href=\"https:\/\/polsoft.pl\/microsoft-surface\/produkt\/tablet-microsoft-surface-pro-7-platinium-pvt-00003-i7-1065g7-16gb-256gb-123-w10pro\/\" \/>\n<meta property=\"og:locale\" content=\"pl_PL\" \/>\n<meta property=\"og:type\" content=\"article\" \/>\n<meta property=\"og:title\" content=\"Microsoft Surface Pro 7 PVT-00003 - Sklep Microsoft Surface\" \/>\n<meta property=\"og:description\" content=\"Microsoft Surface Pro 7 PVT-00003 - i7-1065G7 \/16GB\/256GB\/12,3&quot;\/\/W10Pro Sklep rozwi\u0105za\u0144 Microsoft Surface firmy Polsoft Engineering.\" \/>\n<meta property=\"og:url\" content=\"https:\/\/polsoft.pl\/microsoft-surface\/produkt\/tablet-microsoft-surface-pro-7-platinium-pvt-00003-i7-1065g7-16gb-256gb-123-w10pro\/\" \/>\n<meta property=\"og:site_name\" content=\"Sklep rozwi\u0105za\u0144 Microsoft Surface\" \/>\n<meta property=\"article:modified_time\" content=\"2025-07-15T12:01:32+00:00\" \/>\n<meta property=\"og:image\" content=\"https:\/\/polsoft.pl\/microsoft-surface\/wp-content\/uploads\/2020\/09\/Tablet_Microsoft_Surface_Pro_7_Platinium_PVP-00003.jpg\" \/>\n\t<meta property=\"og:image:width\" content=\"1200\" \/>\n\t<meta property=\"og:image:height\" content=\"1200\" \/>\n\t<meta property=\"og:image:type\" content=\"image\/jpeg\" \/>\n<meta name=\"twitter:card\" content=\"summary_large_image\" \/>\n<meta name=\"twitter:label1\" content=\"Szacowany czas czytania\" \/>\n\t<meta name=\"twitter:data1\" content=\"3 minuty\" \/>\n<script type=\"application\/ld+json\" class=\"yoast-schema-graph\">{\"@context\":\"https:\/\/schema.org\",\"@graph\":[{\"@type\":\"WebPage\",\"@id\":\"https:\/\/polsoft.pl\/microsoft-surface\/produkt\/tablet-microsoft-surface-pro-7-platinium-pvt-00003-i7-1065g7-16gb-256gb-123-w10pro\/\",\"url\":\"https:\/\/polsoft.pl\/microsoft-surface\/produkt\/tablet-microsoft-surface-pro-7-platinium-pvt-00003-i7-1065g7-16gb-256gb-123-w10pro\/\",\"name\":\"Microsoft Surface Pro 7 PVT-00003 - Sklep Microsoft Surface\",\"isPartOf\":{\"@id\":\"https:\/\/polsoft.pl\/microsoft-surface\/#website\"},\"primaryImageOfPage\":{\"@id\":\"https:\/\/polsoft.pl\/microsoft-surface\/produkt\/tablet-microsoft-surface-pro-7-platinium-pvt-00003-i7-1065g7-16gb-256gb-123-w10pro\/#primaryimage\"},\"image\":{\"@id\":\"https:\/\/polsoft.pl\/microsoft-surface\/produkt\/tablet-microsoft-surface-pro-7-platinium-pvt-00003-i7-1065g7-16gb-256gb-123-w10pro\/#primaryimage\"},\"thumbnailUrl\":\"https:\/\/www.polsoft.pl\/microsoft-surface\/wp-content\/uploads\/2020\/09\/Tablet_Microsoft_Surface_Pro_7_Platinium_PVP-00003.jpg\",\"datePublished\":\"2020-08-11T12:49:12+00:00\",\"dateModified\":\"2025-07-15T12:01:32+00:00\",\"description\":\"Microsoft Surface Pro 7 PVT-00003 - i7-1065G7 \/16GB\/256GB\/12,3\\\"\/\/W10Pro Sklep rozwi\u0105za\u0144 Microsoft Surface firmy Polsoft Engineering.\",\"breadcrumb\":{\"@id\":\"https:\/\/polsoft.pl\/microsoft-surface\/produkt\/tablet-microsoft-surface-pro-7-platinium-pvt-00003-i7-1065g7-16gb-256gb-123-w10pro\/#breadcrumb\"},\"inLanguage\":\"pl-PL\",\"potentialAction\":[{\"@type\":\"ReadAction\",\"target\":[\"https:\/\/polsoft.pl\/microsoft-surface\/produkt\/tablet-microsoft-surface-pro-7-platinium-pvt-00003-i7-1065g7-16gb-256gb-123-w10pro\/\"]}]},{\"@type\":\"ImageObject\",\"inLanguage\":\"pl-PL\",\"@id\":\"https:\/\/polsoft.pl\/microsoft-surface\/produkt\/tablet-microsoft-surface-pro-7-platinium-pvt-00003-i7-1065g7-16gb-256gb-123-w10pro\/#primaryimage\",\"url\":\"https:\/\/www.polsoft.pl\/microsoft-surface\/wp-content\/uploads\/2020\/09\/Tablet_Microsoft_Surface_Pro_7_Platinium_PVP-00003.jpg\",\"contentUrl\":\"https:\/\/www.polsoft.pl\/microsoft-surface\/wp-content\/uploads\/2020\/09\/Tablet_Microsoft_Surface_Pro_7_Platinium_PVP-00003.jpg\",\"width\":1200,\"height\":1200,\"caption\":\"Zdj\u0119cie produktu - tablet Microsoft Surface Pro 7\"},{\"@type\":\"BreadcrumbList\",\"@id\":\"https:\/\/polsoft.pl\/microsoft-surface\/produkt\/tablet-microsoft-surface-pro-7-platinium-pvt-00003-i7-1065g7-16gb-256gb-123-w10pro\/#breadcrumb\",\"itemListElement\":[{\"@type\":\"ListItem\",\"position\":1,\"name\":\"Strona g\u0142\u00f3wna\",\"item\":\"https:\/\/polsoft.pl\/microsoft-surface\/\"},{\"@type\":\"ListItem\",\"position\":2,\"name\":\"Sklep\",\"item\":\"https:\/\/polsoft.pl\/microsoft-surface\/sklep\/\"},{\"@type\":\"ListItem\",\"position\":3,\"name\":\"Tablet Microsoft Surface PRO 7 Platinium PVT-00003\/i7-1065G7 \/16GB\/256GB\/12,3&#8243;\/\/W10Pro\"}]},{\"@type\":\"WebSite\",\"@id\":\"https:\/\/polsoft.pl\/microsoft-surface\/#website\",\"url\":\"https:\/\/polsoft.pl\/microsoft-surface\/\",\"name\":\"Sklep Microsoft Surface\",\"description\":\"Sklep Microsoft Surface\",\"publisher\":{\"@id\":\"https:\/\/polsoft.pl\/microsoft-surface\/#organization\"},\"potentialAction\":[{\"@type\":\"SearchAction\",\"target\":{\"@type\":\"EntryPoint\",\"urlTemplate\":\"https:\/\/polsoft.pl\/microsoft-surface\/?s={search_term_string}\"},\"query-input\":{\"@type\":\"PropertyValueSpecification\",\"valueRequired\":true,\"valueName\":\"search_term_string\"}}],\"inLanguage\":\"pl-PL\"},{\"@type\":\"Organization\",\"@id\":\"https:\/\/polsoft.pl\/microsoft-surface\/#organization\",\"name\":\"Polsoft Engineering Sp. z o.o.\",\"url\":\"https:\/\/polsoft.pl\/microsoft-surface\/\",\"logo\":{\"@type\":\"ImageObject\",\"inLanguage\":\"pl-PL\",\"@id\":\"https:\/\/polsoft.pl\/microsoft-surface\/#\/schema\/logo\/image\/\",\"url\":\"https:\/\/www.polsoft.pl\/microsoft-surface\/wp-content\/uploads\/2020\/10\/microsoft_partner_logo_black_polsoft.png\",\"contentUrl\":\"https:\/\/www.polsoft.pl\/microsoft-surface\/wp-content\/uploads\/2020\/10\/microsoft_partner_logo_black_polsoft.png\",\"width\":613,\"height\":158,\"caption\":\"Polsoft Engineering Sp. z o.o.\"},\"image\":{\"@id\":\"https:\/\/polsoft.pl\/microsoft-surface\/#\/schema\/logo\/image\/\"}}]}<\/script>\n<!-- \/ Yoast SEO plugin. -->","yoast_head_json":{"title":"Microsoft Surface Pro 7 PVT-00003 - Sklep Microsoft Surface","description":"Microsoft Surface Pro 7 PVT-00003 - i7-1065G7 \/16GB\/256GB\/12,3\"\/\/W10Pro Sklep rozwi\u0105za\u0144 Microsoft Surface firmy Polsoft Engineering.","robots":{"index":"index","follow":"follow","max-snippet":"max-snippet:-1","max-image-preview":"max-image-preview:large","max-video-preview":"max-video-preview:-1"},"canonical":"https:\/\/polsoft.pl\/microsoft-surface\/produkt\/tablet-microsoft-surface-pro-7-platinium-pvt-00003-i7-1065g7-16gb-256gb-123-w10pro\/","og_locale":"pl_PL","og_type":"article","og_title":"Microsoft Surface Pro 7 PVT-00003 - Sklep Microsoft Surface","og_description":"Microsoft Surface Pro 7 PVT-00003 - i7-1065G7 \/16GB\/256GB\/12,3\"\/\/W10Pro Sklep rozwi\u0105za\u0144 Microsoft Surface firmy Polsoft Engineering.","og_url":"https:\/\/polsoft.pl\/microsoft-surface\/produkt\/tablet-microsoft-surface-pro-7-platinium-pvt-00003-i7-1065g7-16gb-256gb-123-w10pro\/","og_site_name":"Sklep rozwi\u0105za\u0144 Microsoft Surface","article_modified_time":"2025-07-15T12:01:32+00:00","og_image":[{"width":1200,"height":1200,"url":"https:\/\/polsoft.pl\/microsoft-surface\/wp-content\/uploads\/2020\/09\/Tablet_Microsoft_Surface_Pro_7_Platinium_PVP-00003.jpg","type":"image\/jpeg"}],"twitter_card":"summary_large_image","twitter_misc":{"Szacowany czas czytania":"3 minuty"},"schema":{"@context":"https:\/\/schema.org","@graph":[{"@type":"WebPage","@id":"https:\/\/polsoft.pl\/microsoft-surface\/produkt\/tablet-microsoft-surface-pro-7-platinium-pvt-00003-i7-1065g7-16gb-256gb-123-w10pro\/","url":"https:\/\/polsoft.pl\/microsoft-surface\/produkt\/tablet-microsoft-surface-pro-7-platinium-pvt-00003-i7-1065g7-16gb-256gb-123-w10pro\/","name":"Microsoft Surface Pro 7 PVT-00003 - Sklep Microsoft Surface","isPartOf":{"@id":"https:\/\/polsoft.pl\/microsoft-surface\/#website"},"primaryImageOfPage":{"@id":"https:\/\/polsoft.pl\/microsoft-surface\/produkt\/tablet-microsoft-surface-pro-7-platinium-pvt-00003-i7-1065g7-16gb-256gb-123-w10pro\/#primaryimage"},"image":{"@id":"https:\/\/polsoft.pl\/microsoft-surface\/produkt\/tablet-microsoft-surface-pro-7-platinium-pvt-00003-i7-1065g7-16gb-256gb-123-w10pro\/#primaryimage"},"thumbnailUrl":"https:\/\/www.polsoft.pl\/microsoft-surface\/wp-content\/uploads\/2020\/09\/Tablet_Microsoft_Surface_Pro_7_Platinium_PVP-00003.jpg","datePublished":"2020-08-11T12:49:12+00:00","dateModified":"2025-07-15T12:01:32+00:00","description":"Microsoft Surface Pro 7 PVT-00003 - i7-1065G7 \/16GB\/256GB\/12,3\"\/\/W10Pro Sklep rozwi\u0105za\u0144 Microsoft Surface firmy Polsoft Engineering.","breadcrumb":{"@id":"https:\/\/polsoft.pl\/microsoft-surface\/produkt\/tablet-microsoft-surface-pro-7-platinium-pvt-00003-i7-1065g7-16gb-256gb-123-w10pro\/#breadcrumb"},"inLanguage":"pl-PL","potentialAction":[{"@type":"ReadAction","target":["https:\/\/polsoft.pl\/microsoft-surface\/produkt\/tablet-microsoft-surface-pro-7-platinium-pvt-00003-i7-1065g7-16gb-256gb-123-w10pro\/"]}]},{"@type":"ImageObject","inLanguage":"pl-PL","@id":"https:\/\/polsoft.pl\/microsoft-surface\/produkt\/tablet-microsoft-surface-pro-7-platinium-pvt-00003-i7-1065g7-16gb-256gb-123-w10pro\/#primaryimage","url":"https:\/\/www.polsoft.pl\/microsoft-surface\/wp-content\/uploads\/2020\/09\/Tablet_Microsoft_Surface_Pro_7_Platinium_PVP-00003.jpg","contentUrl":"https:\/\/www.polsoft.pl\/microsoft-surface\/wp-content\/uploads\/2020\/09\/Tablet_Microsoft_Surface_Pro_7_Platinium_PVP-00003.jpg","width":1200,"height":1200,"caption":"Zdj\u0119cie produktu - tablet Microsoft Surface Pro 7"},{"@type":"BreadcrumbList","@id":"https:\/\/polsoft.pl\/microsoft-surface\/produkt\/tablet-microsoft-surface-pro-7-platinium-pvt-00003-i7-1065g7-16gb-256gb-123-w10pro\/#breadcrumb","itemListElement":[{"@type":"ListItem","position":1,"name":"Strona g\u0142\u00f3wna","item":"https:\/\/polsoft.pl\/microsoft-surface\/"},{"@type":"ListItem","position":2,"name":"Sklep","item":"https:\/\/polsoft.pl\/microsoft-surface\/sklep\/"},{"@type":"ListItem","position":3,"name":"Tablet Microsoft Surface PRO 7 Platinium PVT-00003\/i7-1065G7 \/16GB\/256GB\/12,3&#8243;\/\/W10Pro"}]},{"@type":"WebSite","@id":"https:\/\/polsoft.pl\/microsoft-surface\/#website","url":"https:\/\/polsoft.pl\/microsoft-surface\/","name":"Sklep Microsoft Surface","description":"Sklep Microsoft Surface","publisher":{"@id":"https:\/\/polsoft.pl\/microsoft-surface\/#organization"},"potentialAction":[{"@type":"SearchAction","target":{"@type":"EntryPoint","urlTemplate":"https:\/\/polsoft.pl\/microsoft-surface\/?s={search_term_string}"},"query-input":{"@type":"PropertyValueSpecification","valueRequired":true,"valueName":"search_term_string"}}],"inLanguage":"pl-PL"},{"@type":"Organization","@id":"https:\/\/polsoft.pl\/microsoft-surface\/#organization","name":"Polsoft Engineering Sp. z o.o.","url":"https:\/\/polsoft.pl\/microsoft-surface\/","logo":{"@type":"ImageObject","inLanguage":"pl-PL","@id":"https:\/\/polsoft.pl\/microsoft-surface\/#\/schema\/logo\/image\/","url":"https:\/\/www.polsoft.pl\/microsoft-surface\/wp-content\/uploads\/2020\/10\/microsoft_partner_logo_black_polsoft.png","contentUrl":"https:\/\/www.polsoft.pl\/microsoft-surface\/wp-content\/uploads\/2020\/10\/microsoft_partner_logo_black_polsoft.png","width":613,"height":158,"caption":"Polsoft Engineering Sp. z o.o."},"image":{"@id":"https:\/\/polsoft.pl\/microsoft-surface\/#\/schema\/logo\/image\/"}}]}},"_links":{"self":[{"href":"https:\/\/www.polsoft.pl\/microsoft-surface\/wp-json\/wp\/v2\/product\/232","targetHints":{"allow":["GET"]}}],"collection":[{"href":"https:\/\/www.polsoft.pl\/microsoft-surface\/wp-json\/wp\/v2\/product"}],"about":[{"href":"https:\/\/www.polsoft.pl\/microsoft-surface\/wp-json\/wp\/v2\/types\/product"}],"version-history":[{"count":9,"href":"https:\/\/www.polsoft.pl\/microsoft-surface\/wp-json\/wp\/v2\/product\/232\/revisions"}],"predecessor-version":[{"id":2482,"href":"https:\/\/www.polsoft.pl\/microsoft-surface\/wp-json\/wp\/v2\/product\/232\/revisions\/2482"}],"wp:featuredmedia":[{"embeddable":true,"href":"https:\/\/www.polsoft.pl\/microsoft-surface\/wp-json\/wp\/v2\/media\/1768"}],"wp:attachment":[{"href":"https:\/\/www.polsoft.pl\/microsoft-surface\/wp-json\/wp\/v2\/media?parent=232"}],"wp:term":[{"taxonomy":"product_brand","embeddable":true,"href":"https:\/\/www.polsoft.pl\/microsoft-surface\/wp-json\/wp\/v2\/product_brand?post=232"},{"taxonomy":"product_cat","embeddable":true,"href":"https:\/\/www.polsoft.pl\/microsoft-surface\/wp-json\/wp\/v2\/product_cat?post=232"},{"taxonomy":"product_tag","embeddable":true,"href":"https:\/\/www.polsoft.pl\/microsoft-surface\/wp-json\/wp\/v2\/product_tag?post=232"}],"curies":[{"name":"wp","href":"https:\/\/api.w.org\/{rel}","templated":true}]}}