{"id":238,"date":"2020-08-11T12:49:12","date_gmt":"2020-08-11T12:49:12","guid":{"rendered":"http:\/\/polsoft.pl\/microsoft-surface\/produkt\/tablet-microsoft-surface-pro-lte-gwl-00004-i5-7300u-4gb-128gb-123-w10pro\/"},"modified":"2025-07-15T14:01:30","modified_gmt":"2025-07-15T12:01:30","slug":"tablet-microsoft-surface-pro-lte-gwl-00004-i5-7300u-4gb-128gb-123-w10pro","status":"publish","type":"product","link":"https:\/\/www.polsoft.pl\/microsoft-surface\/produkt\/tablet-microsoft-surface-pro-lte-gwl-00004-i5-7300u-4gb-128gb-123-w10pro\/","title":{"rendered":"Tablet Microsoft Surface Pro LTE GWL-00004\/i5-7300U\/4GB\/128GB\/12,3&#8243;\/\/W10Pro"},"content":{"rendered":"<p><a href=\"https:\/\/polsoft.pl\/microsoft-surface\/kategoria\/tablety-microsoft-surface\/microsoft-surface-pro-pro-6\/\">Microsoft Surface Pro<\/a> GWL-00004 5. generacji z 4G LTE Advanced to wszechstronny, ultralekki tablet 2w1. Urz\u0105dzenie mo\u017ce pracowa\u0107 zar\u00f3wno jako tablet, jak i laptop. Microsoft Surface LTE zosta\u0142 zaprojektowany z my\u015bl\u0105 o tych, ceni\u0105cych sobie niezawodno\u015b\u0107, mobilno\u015b\u0107, zachowuj\u0105c jednocze\u015bnie elegancki i nowoczesny wygl\u0105d.<\/p>\n<p>Urz\u0105dzenia Microsoft Surface wyr\u00f3\u017cniaj\u0105 wyj\u0105tkowe wy\u015bwietlacze PixelSense\u2122. W tym modelu zastosowany zosta\u0142 ekran o przek\u0105tnej 12.3\u201d oraz rozdzielczo\u015bci 2736\u00d71824, zapewniaj\u0105cy du\u017cy komfort pracy w ka\u017cdych warunkach o\u015bwietleniowych. Ponadto ekran zabezpieczony jest ochronnym szk\u0142em Corning\u00ae Gorilla\u00ae Glass 4. Wysok\u0105 wydajno\u015b\u0107 i produktywno\u015b\u0107 zapewniaj\u0105 energooszcz\u0119dne procesory Intel\u00ae Core\u2122 si\u00f3dmej generacji, pozwalaj\u0105cy nawet do 12.5 godzin pracy na baterii.<\/p>\n<p>Wykorzystaj potencja\u0142 mobilno\u015bci <a href=\"https:\/\/polsoft.pl\/microsoft-surface\/kategoria\/tablety-microsoft-surface\/microsoft-surface-pro-pro-6\/\">Microsoft Surface Pro<\/a> GWL-00004 LTE z systemem Windows 10 Pro oraz funkcji Microsoft Intune, pozwalaj\u0105cych na zdalne zarz\u0105dzanie urz\u0105dzeniami i aplikacjami. B\u0105d\u017a zawsze w kontakcie dzi\u0119ki szerokim mo\u017cliwo\u015bciom \u0142\u0105czno\u015bci bezprzewodowej jak: szybkie Wi-Fi, Bluetooth czy LTE. Loguj si\u0119 szybko i bezpiecznie dzi\u0119ki wbudowanej funkcji rozpoznawania twarzy Windows Hello.<\/p>\n<p>Rozszerz mo\u017cliwo\u015bci swojego tabletu Microsoft Surface Pro 5 LTE dzi\u0119ki dedykowanym akcesoriom Microsoft Surface. Z lekk\u0105 klawiatur\u0105 Surface Go Type Cover mo\u017cesz wygodnie pisa\u0107 gdzie tylko zechcesz jednocze\u015bnie dbaj\u0105c o bezpiecze\u0144stwo ekranu. Zwi\u0119ksz precyzj\u0119 pracy z szerok\u0105 gam\u0105 mobilnych myszek Microsoft Surface dost\u0119pn\u0105 w szerokiej gamie kolor\u00f3w. Ponadto z rysikami Surface Pen b\u0119dziesz tworzy\u0107 absolutnie bez \u017cadnych ogranicze\u0144.<\/p>\n<table width=\"723\">\n<tbody>\n<tr>\n<td width=\"178\">Procesor<\/td>\n<td width=\"545\"><a href=\"https:\/\/ark.intel.com\/content\/www\/pl\/pl\/ark\/products\/97472\/intel-core-i5-7300u-processor-3m-cache-up-to-3-50-ghz.html\">Intel\u00ae Core\u2122 i5-7300U<\/a>, 2-rdzeniowy 7. generacji<\/td>\n<\/tr>\n<tr>\n<td>Wy\u015bwietlacz<\/td>\n<td width=\"545\">ekran:<br \/>\n12.3&#8243; PixelSense\u2122<br \/>\nrozdzielczo\u015b\u0107:<br \/>\n2736 x 1824 (267 PPI)<br \/>\nwsp\u00f3\u0142czynnik proporcji:<br \/>\n3:2<br \/>\ndotyk:<br \/>\nmulti-touch z obs\u0142ug\u0105 10 punkt\u00f3w dotykowych<br \/>\nszk\u0142o ochronne Corning\u00ae Rogilla\u00ae Glass 4<\/td>\n<\/tr>\n<tr>\n<td>Karta graficzna<\/td>\n<td width=\"545\">Intel\u00ae HD Graphics 620<\/td>\n<\/tr>\n<tr>\n<td>Pami\u0119\u0107<\/td>\n<td>4GB RAM 1866Mhz LPDDR3<\/td>\n<\/tr>\n<tr>\n<td>Przestrze\u0144 dyskowa<\/td>\n<td>SSD 128GB<\/td>\n<\/tr>\n<tr>\n<td>\u0141\u0105czno\u015b\u0107 bezprzewodowa<\/td>\n<td width=\"545\">Wi-Fi: zgodne ze standardem IEEE 802.11a\/b\/g\/n\/ac<br \/>\nmodem 4G LTE Advanced kat. 9 do 450Mb\/s LTE z obs\u0142ug\u0105 NanoSim i eSIM (dost\u0119pne pasma: 1, 2, 3, 4, 5, 7, 8, 12, 13, 17, 19, 20, 26, 28, 29, 30, 38, 39, 40, 41)<br \/>\nmodu\u0142 Bluetooth\u00ae Wireless 4.1<br \/>\nmodu\u0142 GPS oraz GLONASS<\/td>\n<\/tr>\n<tr>\n<td>Z\u0142\u0105cza<\/td>\n<td width=\"545\">1 x USB 3.1<br \/>\n1 x z\u0142\u0105cze s\u0142uchawkowe Jack 3.5 mm<br \/>\n1 x Mini DisplayPort<br \/>\n1 x Surface Connect port<br \/>\nSurface Keyboard port<br \/>\n1 x czytnik kart MicroSDXC<br \/>\n1 x NanoSim<\/td>\n<\/tr>\n<tr>\n<td>Sensory<\/td>\n<td width=\"545\">akcelenometr<br \/>\n\u017cyroskop<br \/>\nczujnik nat\u0119\u017cenia \u015bwiat\u0142a<\/td>\n<\/tr>\n<tr>\n<td>Zabezpieczenia<\/td>\n<td width=\"545\">Firmware TPM<br \/>\nWindows Hello &#8211; rozpoznawanie twarzy do odblokowania urz\u0105dzenia<\/td>\n<\/tr>\n<tr>\n<td>Czas pracy na baterii<\/td>\n<td>12.5 godzin przy pracy biurowej<\/td>\n<\/tr>\n<tr>\n<td>Multimedia<\/td>\n<td width=\"545\">przednia kamera do uwierzytelnienia twarzy &#8211; Windows Hello<br \/>\n5.0MP &#8211; przednia kamera &#8211; nagrywanie film\u00f3w w Full HD 1080p<br \/>\n8.0MP &#8211; tylny aparat z autofokusem &#8211; nagrywanie film\u00f3w Full HD 1080p<br \/>\n2 x mikrofon<br \/>\nwbudowana karta eSIM<br \/>\ng\u0142o\u015bniki stereo 1.6W Dolby\u00ae Audio\u2122 Premium<\/td>\n<\/tr>\n<tr>\n<td>Oprogramowanie<\/td>\n<td width=\"545\">Windows 10 Pro<br \/>\nmiesi\u0119czna wersja pr\u00f3bna Microsoft Office 365<\/td>\n<\/tr>\n<tr>\n<td>Obudowa<\/td>\n<td width=\"545\">magnezowa obudowa<br \/>\nkolor &#8211; Matte Black (czarny mat), Platinum (platynowy)<br \/>\nprzyciski regulacji g\u0142o\u015bno\u015bci oraz zasilania<\/td>\n<\/tr>\n<tr>\n<td>Wymiary (mm)<\/td>\n<td>292 x 201 x 8.5 (sz. x g\u0142. x wys.)<\/td>\n<\/tr>\n<tr>\n<td width=\"178\">Waga<br \/>\n(bez klawiatury)<\/td>\n<td width=\"545\">812g<\/td>\n<\/tr>\n<tr>\n<td>Zawarto\u015b\u0107 zestawu<\/td>\n<td width=\"545\">Surface Pro (5. generacji) z LTE Advanced<br \/>\nzasilacz<br \/>\nskr\u00f3cona instrukcja obs\u0142ugi<br \/>\ndokumenty dotycz\u0105ce gwarancji i bezpiecze\u0144stwa<\/td>\n<\/tr>\n<tr>\n<td>Gwarancja<\/td>\n<td width=\"545\">roczny okres gwarancji<\/td>\n<\/tr>\n<\/tbody>\n<\/table>\n","protected":false},"excerpt":{"rendered":"<p>Microsoft Surface Pro GWL-00004 5. generacji z 4G LTE Advanced to wszechstronny, ultralekki tablet 2w1. Urz\u0105dzenie mo\u017ce pracowa\u0107 zar\u00f3wno jako tablet, jak i laptop. Microsoft Surface LTE zosta\u0142 zaprojektowany z my\u015bl\u0105 o tych, ceni\u0105cych sobie niezawodno\u015b\u0107, mobilno\u015b\u0107, zachowuj\u0105c jednocze\u015bnie elegancki i nowoczesny wygl\u0105d. Urz\u0105dzenia Microsoft Surface wyr\u00f3\u017cniaj\u0105 wyj\u0105tkowe wy\u015bwietlacze PixelSense\u2122. W tym modelu zastosowany zosta\u0142 [&hellip;]<\/p>\n","protected":false},"featured_media":2206,"template":"","meta":{"site-sidebar-layout":"default","site-content-layout":"default","ast-site-content-layout":"default","site-content-style":"default","site-sidebar-style":"default","ast-global-header-display":"","ast-banner-title-visibility":"","ast-main-header-display":"","ast-hfb-above-header-display":"","ast-hfb-below-header-display":"","ast-hfb-mobile-header-display":"","site-post-title":"","ast-breadcrumbs-content":"","ast-featured-img":"","footer-sml-layout":"","ast-disable-related-posts":"","theme-transparent-header-meta":"default","adv-header-id-meta":"","stick-header-meta":"","header-above-stick-meta":"","header-main-stick-meta":"","header-below-stick-meta":"","astra-migrate-meta-layouts":"default","ast-page-background-enabled":"default","ast-page-background-meta":{"desktop":{"background-color":"","background-image":"","background-repeat":"repeat","background-position":"center center","background-size":"auto","background-attachment":"scroll","background-type":"","background-media":"","overlay-type":"","overlay-color":"","overlay-opacity":"","overlay-gradient":""},"tablet":{"background-color":"","background-image":"","background-repeat":"repeat","background-position":"center center","background-size":"auto","background-attachment":"scroll","background-type":"","background-media":"","overlay-type":"","overlay-color":"","overlay-opacity":"","overlay-gradient":""},"mobile":{"background-color":"","background-image":"","background-repeat":"repeat","background-position":"center center","background-size":"auto","background-attachment":"scroll","background-type":"","background-media":"","overlay-type":"","overlay-color":"","overlay-opacity":"","overlay-gradient":""}},"ast-content-background-meta":{"desktop":{"background-color":"var(--ast-global-color-5)","background-image":"","background-repeat":"repeat","background-position":"center center","background-size":"auto","background-attachment":"scroll","background-type":"","background-media":"","overlay-type":"","overlay-color":"","overlay-opacity":"","overlay-gradient":""},"tablet":{"background-color":"var(--ast-global-color-5)","background-image":"","background-repeat":"repeat","background-position":"center center","background-size":"auto","background-attachment":"scroll","background-type":"","background-media":"","overlay-type":"","overlay-color":"","overlay-opacity":"","overlay-gradient":""},"mobile":{"background-color":"var(--ast-global-color-5)","background-image":"","background-repeat":"repeat","background-position":"center center","background-size":"auto","background-attachment":"scroll","background-type":"","background-media":"","overlay-type":"","overlay-color":"","overlay-opacity":"","overlay-gradient":""}},"_links_to":"","_links_to_target":""},"product_brand":[],"product_cat":[],"product_tag":[],"class_list":{"0":"post-238","1":"product","2":"type-product","3":"status-publish","4":"has-post-thumbnail","6":"pa_matryca-51","7":"pa_model-procesora-i5-7300u","8":"pa_pamiec-ram-4gb","9":"pa_pojemnosc-dysku-128gb","10":"pa_producent-procesora-intel","11":"pa_w-zestawie-urzadzenie-zasilacz","12":"desktop-align-left","13":"tablet-align-left","14":"mobile-align-left","16":"first","17":"outofstock","18":"taxable","19":"shipping-taxable","20":"purchasable","21":"product-type-simple"},"yoast_head":"<!-- This site is optimized with the Yoast SEO plugin v26.7 - https:\/\/yoast.com\/wordpress\/plugins\/seo\/ -->\n<title>Microsoft Surface Pro LTE GWL-00004 - Sklep Microsoft Surface<\/title>\n<meta name=\"description\" content=\"Microsoft Surface Pro LTE GWL-00004 - i5-7300U\/4GB\/128GB\/12,3&quot;\/\/W10Pro Sklep rozwi\u0105za\u0144 Microsoft Surface firmy Polsoft Engineering.\" \/>\n<meta name=\"robots\" content=\"index, follow, max-snippet:-1, max-image-preview:large, max-video-preview:-1\" \/>\n<link rel=\"canonical\" href=\"https:\/\/polsoft.pl\/microsoft-surface\/produkt\/tablet-microsoft-surface-pro-lte-gwl-00004-i5-7300u-4gb-128gb-123-w10pro\/\" \/>\n<meta property=\"og:locale\" content=\"pl_PL\" \/>\n<meta property=\"og:type\" content=\"article\" \/>\n<meta property=\"og:title\" content=\"Microsoft Surface Pro LTE GWL-00004 - Sklep Microsoft Surface\" \/>\n<meta property=\"og:description\" content=\"Microsoft Surface Pro LTE GWL-00004 - i5-7300U\/4GB\/128GB\/12,3&quot;\/\/W10Pro Sklep rozwi\u0105za\u0144 Microsoft Surface firmy Polsoft Engineering.\" \/>\n<meta property=\"og:url\" content=\"https:\/\/polsoft.pl\/microsoft-surface\/produkt\/tablet-microsoft-surface-pro-lte-gwl-00004-i5-7300u-4gb-128gb-123-w10pro\/\" \/>\n<meta property=\"og:site_name\" content=\"Sklep rozwi\u0105za\u0144 Microsoft Surface\" \/>\n<meta property=\"article:modified_time\" content=\"2025-07-15T12:01:30+00:00\" \/>\n<meta property=\"og:image\" content=\"https:\/\/polsoft.pl\/microsoft-surface\/wp-content\/uploads\/2020\/10\/Tablet_Microsoft_Surface_PRO_GWL-00004.jpg\" \/>\n\t<meta property=\"og:image:width\" content=\"800\" \/>\n\t<meta property=\"og:image:height\" content=\"800\" \/>\n\t<meta property=\"og:image:type\" content=\"image\/jpeg\" \/>\n<meta name=\"twitter:card\" content=\"summary_large_image\" \/>\n<meta name=\"twitter:label1\" content=\"Szacowany czas czytania\" \/>\n\t<meta name=\"twitter:data1\" content=\"2 minuty\" \/>\n<script type=\"application\/ld+json\" class=\"yoast-schema-graph\">{\"@context\":\"https:\/\/schema.org\",\"@graph\":[{\"@type\":\"WebPage\",\"@id\":\"https:\/\/polsoft.pl\/microsoft-surface\/produkt\/tablet-microsoft-surface-pro-lte-gwl-00004-i5-7300u-4gb-128gb-123-w10pro\/\",\"url\":\"https:\/\/polsoft.pl\/microsoft-surface\/produkt\/tablet-microsoft-surface-pro-lte-gwl-00004-i5-7300u-4gb-128gb-123-w10pro\/\",\"name\":\"Microsoft Surface Pro LTE GWL-00004 - Sklep Microsoft Surface\",\"isPartOf\":{\"@id\":\"https:\/\/polsoft.pl\/microsoft-surface\/#website\"},\"primaryImageOfPage\":{\"@id\":\"https:\/\/polsoft.pl\/microsoft-surface\/produkt\/tablet-microsoft-surface-pro-lte-gwl-00004-i5-7300u-4gb-128gb-123-w10pro\/#primaryimage\"},\"image\":{\"@id\":\"https:\/\/polsoft.pl\/microsoft-surface\/produkt\/tablet-microsoft-surface-pro-lte-gwl-00004-i5-7300u-4gb-128gb-123-w10pro\/#primaryimage\"},\"thumbnailUrl\":\"https:\/\/www.polsoft.pl\/microsoft-surface\/wp-content\/uploads\/2020\/10\/Tablet_Microsoft_Surface_PRO_GWL-00004.jpg\",\"datePublished\":\"2020-08-11T12:49:12+00:00\",\"dateModified\":\"2025-07-15T12:01:30+00:00\",\"description\":\"Microsoft Surface Pro LTE GWL-00004 - i5-7300U\/4GB\/128GB\/12,3\\\"\/\/W10Pro Sklep rozwi\u0105za\u0144 Microsoft Surface firmy Polsoft Engineering.\",\"breadcrumb\":{\"@id\":\"https:\/\/polsoft.pl\/microsoft-surface\/produkt\/tablet-microsoft-surface-pro-lte-gwl-00004-i5-7300u-4gb-128gb-123-w10pro\/#breadcrumb\"},\"inLanguage\":\"pl-PL\",\"potentialAction\":[{\"@type\":\"ReadAction\",\"target\":[\"https:\/\/polsoft.pl\/microsoft-surface\/produkt\/tablet-microsoft-surface-pro-lte-gwl-00004-i5-7300u-4gb-128gb-123-w10pro\/\"]}]},{\"@type\":\"ImageObject\",\"inLanguage\":\"pl-PL\",\"@id\":\"https:\/\/polsoft.pl\/microsoft-surface\/produkt\/tablet-microsoft-surface-pro-lte-gwl-00004-i5-7300u-4gb-128gb-123-w10pro\/#primaryimage\",\"url\":\"https:\/\/www.polsoft.pl\/microsoft-surface\/wp-content\/uploads\/2020\/10\/Tablet_Microsoft_Surface_PRO_GWL-00004.jpg\",\"contentUrl\":\"https:\/\/www.polsoft.pl\/microsoft-surface\/wp-content\/uploads\/2020\/10\/Tablet_Microsoft_Surface_PRO_GWL-00004.jpg\",\"width\":800,\"height\":800,\"caption\":\"Zdj\u0119cie produktu - tablet Microsoft Surface PRO\"},{\"@type\":\"BreadcrumbList\",\"@id\":\"https:\/\/polsoft.pl\/microsoft-surface\/produkt\/tablet-microsoft-surface-pro-lte-gwl-00004-i5-7300u-4gb-128gb-123-w10pro\/#breadcrumb\",\"itemListElement\":[{\"@type\":\"ListItem\",\"position\":1,\"name\":\"Strona g\u0142\u00f3wna\",\"item\":\"https:\/\/polsoft.pl\/microsoft-surface\/\"},{\"@type\":\"ListItem\",\"position\":2,\"name\":\"Sklep\",\"item\":\"https:\/\/polsoft.pl\/microsoft-surface\/sklep\/\"},{\"@type\":\"ListItem\",\"position\":3,\"name\":\"Tablet Microsoft Surface Pro LTE GWL-00004\/i5-7300U\/4GB\/128GB\/12,3&#8243;\/\/W10Pro\"}]},{\"@type\":\"WebSite\",\"@id\":\"https:\/\/polsoft.pl\/microsoft-surface\/#website\",\"url\":\"https:\/\/polsoft.pl\/microsoft-surface\/\",\"name\":\"Sklep Microsoft Surface\",\"description\":\"Sklep Microsoft Surface\",\"publisher\":{\"@id\":\"https:\/\/polsoft.pl\/microsoft-surface\/#organization\"},\"potentialAction\":[{\"@type\":\"SearchAction\",\"target\":{\"@type\":\"EntryPoint\",\"urlTemplate\":\"https:\/\/polsoft.pl\/microsoft-surface\/?s={search_term_string}\"},\"query-input\":{\"@type\":\"PropertyValueSpecification\",\"valueRequired\":true,\"valueName\":\"search_term_string\"}}],\"inLanguage\":\"pl-PL\"},{\"@type\":\"Organization\",\"@id\":\"https:\/\/polsoft.pl\/microsoft-surface\/#organization\",\"name\":\"Polsoft Engineering Sp. z o.o.\",\"url\":\"https:\/\/polsoft.pl\/microsoft-surface\/\",\"logo\":{\"@type\":\"ImageObject\",\"inLanguage\":\"pl-PL\",\"@id\":\"https:\/\/polsoft.pl\/microsoft-surface\/#\/schema\/logo\/image\/\",\"url\":\"https:\/\/www.polsoft.pl\/microsoft-surface\/wp-content\/uploads\/2020\/10\/microsoft_partner_logo_black_polsoft.png\",\"contentUrl\":\"https:\/\/www.polsoft.pl\/microsoft-surface\/wp-content\/uploads\/2020\/10\/microsoft_partner_logo_black_polsoft.png\",\"width\":613,\"height\":158,\"caption\":\"Polsoft Engineering Sp. z o.o.\"},\"image\":{\"@id\":\"https:\/\/polsoft.pl\/microsoft-surface\/#\/schema\/logo\/image\/\"}}]}<\/script>\n<!-- \/ Yoast SEO plugin. -->","yoast_head_json":{"title":"Microsoft Surface Pro LTE GWL-00004 - Sklep Microsoft Surface","description":"Microsoft Surface Pro LTE GWL-00004 - i5-7300U\/4GB\/128GB\/12,3\"\/\/W10Pro Sklep rozwi\u0105za\u0144 Microsoft Surface firmy Polsoft Engineering.","robots":{"index":"index","follow":"follow","max-snippet":"max-snippet:-1","max-image-preview":"max-image-preview:large","max-video-preview":"max-video-preview:-1"},"canonical":"https:\/\/polsoft.pl\/microsoft-surface\/produkt\/tablet-microsoft-surface-pro-lte-gwl-00004-i5-7300u-4gb-128gb-123-w10pro\/","og_locale":"pl_PL","og_type":"article","og_title":"Microsoft Surface Pro LTE GWL-00004 - Sklep Microsoft Surface","og_description":"Microsoft Surface Pro LTE GWL-00004 - i5-7300U\/4GB\/128GB\/12,3\"\/\/W10Pro Sklep rozwi\u0105za\u0144 Microsoft Surface firmy Polsoft Engineering.","og_url":"https:\/\/polsoft.pl\/microsoft-surface\/produkt\/tablet-microsoft-surface-pro-lte-gwl-00004-i5-7300u-4gb-128gb-123-w10pro\/","og_site_name":"Sklep rozwi\u0105za\u0144 Microsoft Surface","article_modified_time":"2025-07-15T12:01:30+00:00","og_image":[{"width":800,"height":800,"url":"https:\/\/polsoft.pl\/microsoft-surface\/wp-content\/uploads\/2020\/10\/Tablet_Microsoft_Surface_PRO_GWL-00004.jpg","type":"image\/jpeg"}],"twitter_card":"summary_large_image","twitter_misc":{"Szacowany czas czytania":"2 minuty"},"schema":{"@context":"https:\/\/schema.org","@graph":[{"@type":"WebPage","@id":"https:\/\/polsoft.pl\/microsoft-surface\/produkt\/tablet-microsoft-surface-pro-lte-gwl-00004-i5-7300u-4gb-128gb-123-w10pro\/","url":"https:\/\/polsoft.pl\/microsoft-surface\/produkt\/tablet-microsoft-surface-pro-lte-gwl-00004-i5-7300u-4gb-128gb-123-w10pro\/","name":"Microsoft Surface Pro LTE GWL-00004 - Sklep Microsoft Surface","isPartOf":{"@id":"https:\/\/polsoft.pl\/microsoft-surface\/#website"},"primaryImageOfPage":{"@id":"https:\/\/polsoft.pl\/microsoft-surface\/produkt\/tablet-microsoft-surface-pro-lte-gwl-00004-i5-7300u-4gb-128gb-123-w10pro\/#primaryimage"},"image":{"@id":"https:\/\/polsoft.pl\/microsoft-surface\/produkt\/tablet-microsoft-surface-pro-lte-gwl-00004-i5-7300u-4gb-128gb-123-w10pro\/#primaryimage"},"thumbnailUrl":"https:\/\/www.polsoft.pl\/microsoft-surface\/wp-content\/uploads\/2020\/10\/Tablet_Microsoft_Surface_PRO_GWL-00004.jpg","datePublished":"2020-08-11T12:49:12+00:00","dateModified":"2025-07-15T12:01:30+00:00","description":"Microsoft Surface Pro LTE GWL-00004 - i5-7300U\/4GB\/128GB\/12,3\"\/\/W10Pro Sklep rozwi\u0105za\u0144 Microsoft Surface firmy Polsoft Engineering.","breadcrumb":{"@id":"https:\/\/polsoft.pl\/microsoft-surface\/produkt\/tablet-microsoft-surface-pro-lte-gwl-00004-i5-7300u-4gb-128gb-123-w10pro\/#breadcrumb"},"inLanguage":"pl-PL","potentialAction":[{"@type":"ReadAction","target":["https:\/\/polsoft.pl\/microsoft-surface\/produkt\/tablet-microsoft-surface-pro-lte-gwl-00004-i5-7300u-4gb-128gb-123-w10pro\/"]}]},{"@type":"ImageObject","inLanguage":"pl-PL","@id":"https:\/\/polsoft.pl\/microsoft-surface\/produkt\/tablet-microsoft-surface-pro-lte-gwl-00004-i5-7300u-4gb-128gb-123-w10pro\/#primaryimage","url":"https:\/\/www.polsoft.pl\/microsoft-surface\/wp-content\/uploads\/2020\/10\/Tablet_Microsoft_Surface_PRO_GWL-00004.jpg","contentUrl":"https:\/\/www.polsoft.pl\/microsoft-surface\/wp-content\/uploads\/2020\/10\/Tablet_Microsoft_Surface_PRO_GWL-00004.jpg","width":800,"height":800,"caption":"Zdj\u0119cie produktu - tablet Microsoft Surface PRO"},{"@type":"BreadcrumbList","@id":"https:\/\/polsoft.pl\/microsoft-surface\/produkt\/tablet-microsoft-surface-pro-lte-gwl-00004-i5-7300u-4gb-128gb-123-w10pro\/#breadcrumb","itemListElement":[{"@type":"ListItem","position":1,"name":"Strona g\u0142\u00f3wna","item":"https:\/\/polsoft.pl\/microsoft-surface\/"},{"@type":"ListItem","position":2,"name":"Sklep","item":"https:\/\/polsoft.pl\/microsoft-surface\/sklep\/"},{"@type":"ListItem","position":3,"name":"Tablet Microsoft Surface Pro LTE GWL-00004\/i5-7300U\/4GB\/128GB\/12,3&#8243;\/\/W10Pro"}]},{"@type":"WebSite","@id":"https:\/\/polsoft.pl\/microsoft-surface\/#website","url":"https:\/\/polsoft.pl\/microsoft-surface\/","name":"Sklep Microsoft Surface","description":"Sklep Microsoft Surface","publisher":{"@id":"https:\/\/polsoft.pl\/microsoft-surface\/#organization"},"potentialAction":[{"@type":"SearchAction","target":{"@type":"EntryPoint","urlTemplate":"https:\/\/polsoft.pl\/microsoft-surface\/?s={search_term_string}"},"query-input":{"@type":"PropertyValueSpecification","valueRequired":true,"valueName":"search_term_string"}}],"inLanguage":"pl-PL"},{"@type":"Organization","@id":"https:\/\/polsoft.pl\/microsoft-surface\/#organization","name":"Polsoft Engineering Sp. z o.o.","url":"https:\/\/polsoft.pl\/microsoft-surface\/","logo":{"@type":"ImageObject","inLanguage":"pl-PL","@id":"https:\/\/polsoft.pl\/microsoft-surface\/#\/schema\/logo\/image\/","url":"https:\/\/www.polsoft.pl\/microsoft-surface\/wp-content\/uploads\/2020\/10\/microsoft_partner_logo_black_polsoft.png","contentUrl":"https:\/\/www.polsoft.pl\/microsoft-surface\/wp-content\/uploads\/2020\/10\/microsoft_partner_logo_black_polsoft.png","width":613,"height":158,"caption":"Polsoft Engineering Sp. z o.o."},"image":{"@id":"https:\/\/polsoft.pl\/microsoft-surface\/#\/schema\/logo\/image\/"}}]}},"_links":{"self":[{"href":"https:\/\/www.polsoft.pl\/microsoft-surface\/wp-json\/wp\/v2\/product\/238","targetHints":{"allow":["GET"]}}],"collection":[{"href":"https:\/\/www.polsoft.pl\/microsoft-surface\/wp-json\/wp\/v2\/product"}],"about":[{"href":"https:\/\/www.polsoft.pl\/microsoft-surface\/wp-json\/wp\/v2\/types\/product"}],"version-history":[{"count":6,"href":"https:\/\/www.polsoft.pl\/microsoft-surface\/wp-json\/wp\/v2\/product\/238\/revisions"}],"predecessor-version":[{"id":2615,"href":"https:\/\/www.polsoft.pl\/microsoft-surface\/wp-json\/wp\/v2\/product\/238\/revisions\/2615"}],"wp:featuredmedia":[{"embeddable":true,"href":"https:\/\/www.polsoft.pl\/microsoft-surface\/wp-json\/wp\/v2\/media\/2206"}],"wp:attachment":[{"href":"https:\/\/www.polsoft.pl\/microsoft-surface\/wp-json\/wp\/v2\/media?parent=238"}],"wp:term":[{"taxonomy":"product_brand","embeddable":true,"href":"https:\/\/www.polsoft.pl\/microsoft-surface\/wp-json\/wp\/v2\/product_brand?post=238"},{"taxonomy":"product_cat","embeddable":true,"href":"https:\/\/www.polsoft.pl\/microsoft-surface\/wp-json\/wp\/v2\/product_cat?post=238"},{"taxonomy":"product_tag","embeddable":true,"href":"https:\/\/www.polsoft.pl\/microsoft-surface\/wp-json\/wp\/v2\/product_tag?post=238"}],"curies":[{"name":"wp","href":"https:\/\/api.w.org\/{rel}","templated":true}]}}