{"id":242,"date":"2020-08-11T12:49:12","date_gmt":"2020-08-11T12:49:12","guid":{"rendered":"http:\/\/polsoft.pl\/microsoft-surface\/produkt\/tablet-microsoft-surface-pro-6-platinium-lqh-00004-i7-8650u-8gb-256gb-123-w10pro\/"},"modified":"2025-07-15T14:01:37","modified_gmt":"2025-07-15T12:01:37","slug":"tablet-microsoft-surface-pro-6-platinium-lqh-00004-i7-8650u-8gb-256gb-123-w10pro","status":"publish","type":"product","link":"https:\/\/www.polsoft.pl\/microsoft-surface\/produkt\/tablet-microsoft-surface-pro-6-platinium-lqh-00004-i7-8650u-8gb-256gb-123-w10pro\/","title":{"rendered":"Tablet Microsoft Surface PRO 6 Platinium LQH-00004\/i7-8650U\/8GB\/256GB\/12,3&#8243;\/\/W10Pro"},"content":{"rendered":"<p><a href=\"https:\/\/polsoft.pl\/microsoft-surface\/kategoria\/tablety-microsoft-surface\/microsoft-surface-pro-pro-6\/\">Microsoft Surface Pro 6<\/a> LQH-00004 to ultralekkie, najnowsze wcielenie dobrze znanej serii Surface Pro. Jak na urz\u0105dzenie 2w1 przysta\u0142o, Microsoft Surface Pro 6 mo\u017ce pracowa\u0107 zar\u00f3wno jako tablet, jak i laptop. Tak\u0105 mo\u017cliwo\u015b\u0107 otrzymujemy przy wyposa\u017ceniu Surface Pro 6 w dedykowan\u0105 klawiatur\u0119 Microsoft Type Cover. Przy tym, tak podr\u0119czny zestaw gwarantuje wysok\u0105 mobilno\u015b\u0107 pracy z doskona\u0142\u0105 wydajno\u015bci\u0105 procesor\u00f3w 10 generacji Intel\u00ae Core\u2122, pozwalaj\u0105cych nawet na ca\u0142y dzie\u0144 pracy na baterii.<\/p>\n<p>Wysokiej jako\u015bci, 12,3 calowy, dotykowy wy\u015bwietlacz o rozdzielczo\u015bci 2736&#215;1824 zapewnia niezwykle odwzorowanie barw oraz bardzo ostry obraz dzi\u0119ki technologii PixelSense. Ponadto pracuj wygodniej z tabletem Microsoft Surface Pro 6 dzi\u0119ki dedykowanemu rysikowi Microsoft Surface Pen. Naturalny k\u0105t i pozycj\u0119 pracy z rysikiem Microsoft Surface Pen w d\u0142oni, zapewnia podstawka umo\u017cliwiaj\u0105ca pochylenie tabletu <a href=\"https:\/\/polsoft.pl\/microsoft-surface\/kategoria\/tablety-microsoft-surface\/microsoft-surface-pro-pro-6\/\">Microsoft Surface Pro 6<\/a> LQH-00004 w pozycji Studio. Dodatkowo, w tradycyjnym wydaniu mo\u017cemy skorzysta\u0107 z dedykowanej myszki Surface.<\/p>\n<p>Du\u017ce mo\u017cliwo\u015bci w kwestii komunikacji oraz rozrywki zapewniaj\u0105 wysokiej jako\u015bci g\u0142o\u015bniki z technologi\u0105\u00a0 Dolby\u00ae Audio\u2122 Premium oraz mikrofon o du\u017cym zasi\u0119gu. To wszystko w po\u0142\u0105czeniu z kamer\u0105 obs\u0142uguj\u0105c\u0105 technologi\u0119 Windows Hello, zapewnia komfort pracy np. podczas telekonferencji.<\/p>\n<p>Dzi\u0119ki niespotykanej elastyczno\u015bci pracy najnowszego tabletu Microsoft Surface Pro 6, dostosuj go do swojego indywidualnego stylu pracy w ka\u017cdych warunkach.<\/p>\n<table width=\"753\">\n<tbody>\n<tr>\n<td width=\"204\">Procesor<\/td>\n<td width=\"549\"><a href=\"https:\/\/ark.intel.com\/content\/www\/pl\/pl\/ark\/products\/124968\/intel-core-i7-8650u-processor-8m-cache-up-to-4-20-ghz.html\">Intel\u00ae Core\u2122 i7-8650U<\/a>, 4-rdzeniowy 8. generacji<\/td>\n<\/tr>\n<tr>\n<td>Wy\u015bwietlacz<\/td>\n<td width=\"549\">ekran:<br \/>\n12.3&#8243; PixelSense\u2122<br \/>\nrozdzielczo\u015b\u0107:<br \/>\n2736 x 1824 (267 PPI)<br \/>\nwsp\u00f3\u0142czynnik proporcji:<br \/>\n3:2<br \/>\ndotyk:<br \/>\nmulti-touch z obs\u0142ug\u0105 10 punkt\u00f3w dotykowych<\/td>\n<\/tr>\n<tr>\n<td>Karta graficzna<\/td>\n<td width=\"549\">Intel\u00ae UHD Graphics 620<\/td>\n<\/tr>\n<tr>\n<td>Pami\u0119\u0107<\/td>\n<td>8GB pami\u0119ci RAM<\/td>\n<\/tr>\n<tr>\n<td>Przestrze\u0144 dyskowa<\/td>\n<td>SSD 256GB<\/td>\n<\/tr>\n<tr>\n<td>\u0141\u0105czno\u015b\u0107 bezprzewodowa<\/td>\n<td width=\"549\">Wi-Fi: zgodne ze standardem IEEE 802.11a\/b\/g\/n\/ac<br \/>\nmodu\u0142 Bluetooth\u00ae Wireless 4.1<\/td>\n<\/tr>\n<tr>\n<td>Z\u0142\u0105cza<\/td>\n<td width=\"549\">1 x USB-3.0<br \/>\n1 x z\u0142\u0105cze s\u0142uchawkowe Jack 3.5 mm<br \/>\n1 x Mini DisplayPort<br \/>\n1 x Surface Connect port<br \/>\nport klawiatury Surface<br \/>\nczytnik kart MicroSDXC<br \/>\nkompatybilne z pokr\u0119t\u0142em Surface Dial off-screen interaction<\/td>\n<\/tr>\n<tr>\n<td>Sensory<\/td>\n<td width=\"549\">akcelenometr<br \/>\n\u017cyroskop<br \/>\nczujnik nat\u0119\u017cenia \u015bwiat\u0142a<\/td>\n<\/tr>\n<tr>\n<td>Zabezpieczenia<\/td>\n<td width=\"549\">Firmware TPM<br \/>\nWindows Hello &#8211; rozpoznawanie twarzy do odblokowania urz\u0105dzenia<\/td>\n<\/tr>\n<tr>\n<td>Czas pracy na baterii<\/td>\n<td>13.5 godzin przy pracy biurowej<\/td>\n<\/tr>\n<tr>\n<td>Multimedia<\/td>\n<td width=\"549\">przednia kamera do uwierzytelnienia twarzy &#8211; Windows Hello<br \/>\n5.0MP &#8211; przednia kamera &#8211; nagrywanie film\u00f3w w Full HD 1080p<br \/>\n8.0MP &#8211; tylny aparat z autofokusem &#8211; nagrywanie film\u00f3w Full HD 1080p<br \/>\n2 x mikrofon<br \/>\ng\u0142o\u015bniki stereo 1.6W Dolby\u00ae Audio\u2122 Premium<\/td>\n<\/tr>\n<tr>\n<td>Oprogramowanie<\/td>\n<td width=\"549\">Windows 10 Pro<br \/>\nmiesi\u0119czna wersja pr\u00f3bna Microsoft Office 365<\/td>\n<\/tr>\n<tr>\n<td>Obudowa<\/td>\n<td width=\"549\">magnezowa obudowa z pasywnym trybem ch\u0142odzenia<br \/>\nkolor &#8211; Platinum (platynowy)<br \/>\nprzyciski regulacji g\u0142o\u015bno\u015bci oraz zasilania<\/td>\n<\/tr>\n<tr>\n<td>Wymiary (mm)<\/td>\n<td>292 x 201 x 8.5 (sz. x g\u0142. x wys.)<\/td>\n<\/tr>\n<tr>\n<td width=\"204\">Waga<br \/>\n(bez klawiatury)<\/td>\n<td width=\"549\">784g<\/td>\n<\/tr>\n<tr>\n<td>Zawarto\u015b\u0107 zestawu<\/td>\n<td width=\"549\">Surface Pro 6<br \/>\nzasilacz<br \/>\nskr\u00f3cona instrukcja obs\u0142ugi<br \/>\ndokumenty dotycz\u0105ce gwarancji i bezpiecze\u0144stwa<\/td>\n<\/tr>\n<tr>\n<td>Gwarancja<\/td>\n<td width=\"549\">roczny okres gwarancji<\/td>\n<\/tr>\n<\/tbody>\n<\/table>\n","protected":false},"excerpt":{"rendered":"<p>Microsoft Surface Pro 6 LQH-00004 to ultralekkie, najnowsze wcielenie dobrze znanej serii Surface Pro. Jak na urz\u0105dzenie 2w1 przysta\u0142o, Microsoft Surface Pro 6 mo\u017ce pracowa\u0107 zar\u00f3wno jako tablet, jak i laptop. Tak\u0105 mo\u017cliwo\u015b\u0107 otrzymujemy przy wyposa\u017ceniu Surface Pro 6 w dedykowan\u0105 klawiatur\u0119 Microsoft Type Cover. Przy tym, tak podr\u0119czny zestaw gwarantuje wysok\u0105 mobilno\u015b\u0107 pracy z [&hellip;]<\/p>\n","protected":false},"featured_media":1764,"template":"","meta":{"site-sidebar-layout":"default","site-content-layout":"default","ast-site-content-layout":"default","site-content-style":"default","site-sidebar-style":"default","ast-global-header-display":"","ast-banner-title-visibility":"","ast-main-header-display":"","ast-hfb-above-header-display":"","ast-hfb-below-header-display":"","ast-hfb-mobile-header-display":"","site-post-title":"","ast-breadcrumbs-content":"","ast-featured-img":"","footer-sml-layout":"","ast-disable-related-posts":"","theme-transparent-header-meta":"default","adv-header-id-meta":"","stick-header-meta":"","header-above-stick-meta":"","header-main-stick-meta":"","header-below-stick-meta":"","astra-migrate-meta-layouts":"default","ast-page-background-enabled":"default","ast-page-background-meta":{"desktop":{"background-color":"","background-image":"","background-repeat":"repeat","background-position":"center center","background-size":"auto","background-attachment":"scroll","background-type":"","background-media":"","overlay-type":"","overlay-color":"","overlay-opacity":"","overlay-gradient":""},"tablet":{"background-color":"","background-image":"","background-repeat":"repeat","background-position":"center center","background-size":"auto","background-attachment":"scroll","background-type":"","background-media":"","overlay-type":"","overlay-color":"","overlay-opacity":"","overlay-gradient":""},"mobile":{"background-color":"","background-image":"","background-repeat":"repeat","background-position":"center center","background-size":"auto","background-attachment":"scroll","background-type":"","background-media":"","overlay-type":"","overlay-color":"","overlay-opacity":"","overlay-gradient":""}},"ast-content-background-meta":{"desktop":{"background-color":"var(--ast-global-color-5)","background-image":"","background-repeat":"repeat","background-position":"center center","background-size":"auto","background-attachment":"scroll","background-type":"","background-media":"","overlay-type":"","overlay-color":"","overlay-opacity":"","overlay-gradient":""},"tablet":{"background-color":"var(--ast-global-color-5)","background-image":"","background-repeat":"repeat","background-position":"center center","background-size":"auto","background-attachment":"scroll","background-type":"","background-media":"","overlay-type":"","overlay-color":"","overlay-opacity":"","overlay-gradient":""},"mobile":{"background-color":"var(--ast-global-color-5)","background-image":"","background-repeat":"repeat","background-position":"center center","background-size":"auto","background-attachment":"scroll","background-type":"","background-media":"","overlay-type":"","overlay-color":"","overlay-opacity":"","overlay-gradient":""}},"_links_to":"","_links_to_target":""},"product_brand":[],"product_cat":[],"product_tag":[],"class_list":{"0":"post-242","1":"product","2":"type-product","3":"status-publish","4":"has-post-thumbnail","6":"pa_matryca-51","7":"pa_model-procesora-i7-8650u","8":"pa_pamiec-ram-8gb","9":"pa_pojemnosc-dysku-256gb","10":"pa_producent-procesora-intel","11":"pa_w-zestawie-urzadzenie-zasilacz","12":"desktop-align-left","13":"tablet-align-left","14":"mobile-align-left","16":"first","17":"outofstock","18":"taxable","19":"shipping-taxable","20":"purchasable","21":"product-type-simple"},"yoast_head":"<!-- This site is optimized with the Yoast SEO plugin v26.7 - https:\/\/yoast.com\/wordpress\/plugins\/seo\/ -->\n<title>Microsoft Surface Pro 6 LQH-00004 - Sklep Microsoft Surface<\/title>\n<meta name=\"description\" content=\"Microsoft Surface Pro 6 LQH-00004 - i7-8650U\/8GB\/256GB\/12,3&quot;\/\/W10Pro Sklep rozwi\u0105za\u0144 Microsoft Surface firmy Polsoft Engineering.\" \/>\n<meta name=\"robots\" content=\"index, follow, max-snippet:-1, max-image-preview:large, max-video-preview:-1\" \/>\n<link rel=\"canonical\" href=\"https:\/\/polsoft.pl\/microsoft-surface\/produkt\/tablet-microsoft-surface-pro-6-platinium-lqh-00004-i7-8650u-8gb-256gb-123-w10pro\/\" \/>\n<meta property=\"og:locale\" content=\"pl_PL\" \/>\n<meta property=\"og:type\" content=\"article\" \/>\n<meta property=\"og:title\" content=\"Microsoft Surface Pro 6 LQH-00004 - Sklep Microsoft Surface\" \/>\n<meta property=\"og:description\" content=\"Microsoft Surface Pro 6 LQH-00004 - i7-8650U\/8GB\/256GB\/12,3&quot;\/\/W10Pro Sklep rozwi\u0105za\u0144 Microsoft Surface firmy Polsoft Engineering.\" \/>\n<meta property=\"og:url\" content=\"https:\/\/polsoft.pl\/microsoft-surface\/produkt\/tablet-microsoft-surface-pro-6-platinium-lqh-00004-i7-8650u-8gb-256gb-123-w10pro\/\" \/>\n<meta property=\"og:site_name\" content=\"Sklep rozwi\u0105za\u0144 Microsoft Surface\" \/>\n<meta property=\"article:modified_time\" content=\"2025-07-15T12:01:37+00:00\" \/>\n<meta property=\"og:image\" content=\"https:\/\/polsoft.pl\/microsoft-surface\/wp-content\/uploads\/2020\/09\/Tablet_Microsoft_Surface_Pro_6_Platinum_LQH-00004.jpg\" \/>\n\t<meta property=\"og:image:width\" content=\"618\" \/>\n\t<meta property=\"og:image:height\" content=\"618\" \/>\n\t<meta property=\"og:image:type\" content=\"image\/jpeg\" \/>\n<meta name=\"twitter:card\" content=\"summary_large_image\" \/>\n<meta name=\"twitter:label1\" content=\"Szacowany czas czytania\" \/>\n\t<meta name=\"twitter:data1\" content=\"2 minuty\" \/>\n<script type=\"application\/ld+json\" class=\"yoast-schema-graph\">{\"@context\":\"https:\/\/schema.org\",\"@graph\":[{\"@type\":\"WebPage\",\"@id\":\"https:\/\/polsoft.pl\/microsoft-surface\/produkt\/tablet-microsoft-surface-pro-6-platinium-lqh-00004-i7-8650u-8gb-256gb-123-w10pro\/\",\"url\":\"https:\/\/polsoft.pl\/microsoft-surface\/produkt\/tablet-microsoft-surface-pro-6-platinium-lqh-00004-i7-8650u-8gb-256gb-123-w10pro\/\",\"name\":\"Microsoft Surface Pro 6 LQH-00004 - Sklep Microsoft Surface\",\"isPartOf\":{\"@id\":\"https:\/\/polsoft.pl\/microsoft-surface\/#website\"},\"primaryImageOfPage\":{\"@id\":\"https:\/\/polsoft.pl\/microsoft-surface\/produkt\/tablet-microsoft-surface-pro-6-platinium-lqh-00004-i7-8650u-8gb-256gb-123-w10pro\/#primaryimage\"},\"image\":{\"@id\":\"https:\/\/polsoft.pl\/microsoft-surface\/produkt\/tablet-microsoft-surface-pro-6-platinium-lqh-00004-i7-8650u-8gb-256gb-123-w10pro\/#primaryimage\"},\"thumbnailUrl\":\"https:\/\/www.polsoft.pl\/microsoft-surface\/wp-content\/uploads\/2020\/09\/Tablet_Microsoft_Surface_Pro_6_Platinum_LQH-00004.jpg\",\"datePublished\":\"2020-08-11T12:49:12+00:00\",\"dateModified\":\"2025-07-15T12:01:37+00:00\",\"description\":\"Microsoft Surface Pro 6 LQH-00004 - i7-8650U\/8GB\/256GB\/12,3\\\"\/\/W10Pro Sklep rozwi\u0105za\u0144 Microsoft Surface firmy Polsoft Engineering.\",\"breadcrumb\":{\"@id\":\"https:\/\/polsoft.pl\/microsoft-surface\/produkt\/tablet-microsoft-surface-pro-6-platinium-lqh-00004-i7-8650u-8gb-256gb-123-w10pro\/#breadcrumb\"},\"inLanguage\":\"pl-PL\",\"potentialAction\":[{\"@type\":\"ReadAction\",\"target\":[\"https:\/\/polsoft.pl\/microsoft-surface\/produkt\/tablet-microsoft-surface-pro-6-platinium-lqh-00004-i7-8650u-8gb-256gb-123-w10pro\/\"]}]},{\"@type\":\"ImageObject\",\"inLanguage\":\"pl-PL\",\"@id\":\"https:\/\/polsoft.pl\/microsoft-surface\/produkt\/tablet-microsoft-surface-pro-6-platinium-lqh-00004-i7-8650u-8gb-256gb-123-w10pro\/#primaryimage\",\"url\":\"https:\/\/www.polsoft.pl\/microsoft-surface\/wp-content\/uploads\/2020\/09\/Tablet_Microsoft_Surface_Pro_6_Platinum_LQH-00004.jpg\",\"contentUrl\":\"https:\/\/www.polsoft.pl\/microsoft-surface\/wp-content\/uploads\/2020\/09\/Tablet_Microsoft_Surface_Pro_6_Platinum_LQH-00004.jpg\",\"width\":618,\"height\":618,\"caption\":\"Zdj\u0119cie produktu - tablet Microsoft Surface Pro 6\"},{\"@type\":\"BreadcrumbList\",\"@id\":\"https:\/\/polsoft.pl\/microsoft-surface\/produkt\/tablet-microsoft-surface-pro-6-platinium-lqh-00004-i7-8650u-8gb-256gb-123-w10pro\/#breadcrumb\",\"itemListElement\":[{\"@type\":\"ListItem\",\"position\":1,\"name\":\"Strona g\u0142\u00f3wna\",\"item\":\"https:\/\/polsoft.pl\/microsoft-surface\/\"},{\"@type\":\"ListItem\",\"position\":2,\"name\":\"Sklep\",\"item\":\"https:\/\/polsoft.pl\/microsoft-surface\/sklep\/\"},{\"@type\":\"ListItem\",\"position\":3,\"name\":\"Tablet Microsoft Surface PRO 6 Platinium LQH-00004\/i7-8650U\/8GB\/256GB\/12,3&#8243;\/\/W10Pro\"}]},{\"@type\":\"WebSite\",\"@id\":\"https:\/\/polsoft.pl\/microsoft-surface\/#website\",\"url\":\"https:\/\/polsoft.pl\/microsoft-surface\/\",\"name\":\"Sklep Microsoft Surface\",\"description\":\"Sklep Microsoft Surface\",\"publisher\":{\"@id\":\"https:\/\/polsoft.pl\/microsoft-surface\/#organization\"},\"potentialAction\":[{\"@type\":\"SearchAction\",\"target\":{\"@type\":\"EntryPoint\",\"urlTemplate\":\"https:\/\/polsoft.pl\/microsoft-surface\/?s={search_term_string}\"},\"query-input\":{\"@type\":\"PropertyValueSpecification\",\"valueRequired\":true,\"valueName\":\"search_term_string\"}}],\"inLanguage\":\"pl-PL\"},{\"@type\":\"Organization\",\"@id\":\"https:\/\/polsoft.pl\/microsoft-surface\/#organization\",\"name\":\"Polsoft Engineering Sp. z o.o.\",\"url\":\"https:\/\/polsoft.pl\/microsoft-surface\/\",\"logo\":{\"@type\":\"ImageObject\",\"inLanguage\":\"pl-PL\",\"@id\":\"https:\/\/polsoft.pl\/microsoft-surface\/#\/schema\/logo\/image\/\",\"url\":\"https:\/\/www.polsoft.pl\/microsoft-surface\/wp-content\/uploads\/2020\/10\/microsoft_partner_logo_black_polsoft.png\",\"contentUrl\":\"https:\/\/www.polsoft.pl\/microsoft-surface\/wp-content\/uploads\/2020\/10\/microsoft_partner_logo_black_polsoft.png\",\"width\":613,\"height\":158,\"caption\":\"Polsoft Engineering Sp. z o.o.\"},\"image\":{\"@id\":\"https:\/\/polsoft.pl\/microsoft-surface\/#\/schema\/logo\/image\/\"}}]}<\/script>\n<!-- \/ Yoast SEO plugin. -->","yoast_head_json":{"title":"Microsoft Surface Pro 6 LQH-00004 - Sklep Microsoft Surface","description":"Microsoft Surface Pro 6 LQH-00004 - i7-8650U\/8GB\/256GB\/12,3\"\/\/W10Pro Sklep rozwi\u0105za\u0144 Microsoft Surface firmy Polsoft Engineering.","robots":{"index":"index","follow":"follow","max-snippet":"max-snippet:-1","max-image-preview":"max-image-preview:large","max-video-preview":"max-video-preview:-1"},"canonical":"https:\/\/polsoft.pl\/microsoft-surface\/produkt\/tablet-microsoft-surface-pro-6-platinium-lqh-00004-i7-8650u-8gb-256gb-123-w10pro\/","og_locale":"pl_PL","og_type":"article","og_title":"Microsoft Surface Pro 6 LQH-00004 - Sklep Microsoft Surface","og_description":"Microsoft Surface Pro 6 LQH-00004 - i7-8650U\/8GB\/256GB\/12,3\"\/\/W10Pro Sklep rozwi\u0105za\u0144 Microsoft Surface firmy Polsoft Engineering.","og_url":"https:\/\/polsoft.pl\/microsoft-surface\/produkt\/tablet-microsoft-surface-pro-6-platinium-lqh-00004-i7-8650u-8gb-256gb-123-w10pro\/","og_site_name":"Sklep rozwi\u0105za\u0144 Microsoft Surface","article_modified_time":"2025-07-15T12:01:37+00:00","og_image":[{"width":618,"height":618,"url":"https:\/\/polsoft.pl\/microsoft-surface\/wp-content\/uploads\/2020\/09\/Tablet_Microsoft_Surface_Pro_6_Platinum_LQH-00004.jpg","type":"image\/jpeg"}],"twitter_card":"summary_large_image","twitter_misc":{"Szacowany czas czytania":"2 minuty"},"schema":{"@context":"https:\/\/schema.org","@graph":[{"@type":"WebPage","@id":"https:\/\/polsoft.pl\/microsoft-surface\/produkt\/tablet-microsoft-surface-pro-6-platinium-lqh-00004-i7-8650u-8gb-256gb-123-w10pro\/","url":"https:\/\/polsoft.pl\/microsoft-surface\/produkt\/tablet-microsoft-surface-pro-6-platinium-lqh-00004-i7-8650u-8gb-256gb-123-w10pro\/","name":"Microsoft Surface Pro 6 LQH-00004 - Sklep Microsoft Surface","isPartOf":{"@id":"https:\/\/polsoft.pl\/microsoft-surface\/#website"},"primaryImageOfPage":{"@id":"https:\/\/polsoft.pl\/microsoft-surface\/produkt\/tablet-microsoft-surface-pro-6-platinium-lqh-00004-i7-8650u-8gb-256gb-123-w10pro\/#primaryimage"},"image":{"@id":"https:\/\/polsoft.pl\/microsoft-surface\/produkt\/tablet-microsoft-surface-pro-6-platinium-lqh-00004-i7-8650u-8gb-256gb-123-w10pro\/#primaryimage"},"thumbnailUrl":"https:\/\/www.polsoft.pl\/microsoft-surface\/wp-content\/uploads\/2020\/09\/Tablet_Microsoft_Surface_Pro_6_Platinum_LQH-00004.jpg","datePublished":"2020-08-11T12:49:12+00:00","dateModified":"2025-07-15T12:01:37+00:00","description":"Microsoft Surface Pro 6 LQH-00004 - i7-8650U\/8GB\/256GB\/12,3\"\/\/W10Pro Sklep rozwi\u0105za\u0144 Microsoft Surface firmy Polsoft Engineering.","breadcrumb":{"@id":"https:\/\/polsoft.pl\/microsoft-surface\/produkt\/tablet-microsoft-surface-pro-6-platinium-lqh-00004-i7-8650u-8gb-256gb-123-w10pro\/#breadcrumb"},"inLanguage":"pl-PL","potentialAction":[{"@type":"ReadAction","target":["https:\/\/polsoft.pl\/microsoft-surface\/produkt\/tablet-microsoft-surface-pro-6-platinium-lqh-00004-i7-8650u-8gb-256gb-123-w10pro\/"]}]},{"@type":"ImageObject","inLanguage":"pl-PL","@id":"https:\/\/polsoft.pl\/microsoft-surface\/produkt\/tablet-microsoft-surface-pro-6-platinium-lqh-00004-i7-8650u-8gb-256gb-123-w10pro\/#primaryimage","url":"https:\/\/www.polsoft.pl\/microsoft-surface\/wp-content\/uploads\/2020\/09\/Tablet_Microsoft_Surface_Pro_6_Platinum_LQH-00004.jpg","contentUrl":"https:\/\/www.polsoft.pl\/microsoft-surface\/wp-content\/uploads\/2020\/09\/Tablet_Microsoft_Surface_Pro_6_Platinum_LQH-00004.jpg","width":618,"height":618,"caption":"Zdj\u0119cie produktu - tablet Microsoft Surface Pro 6"},{"@type":"BreadcrumbList","@id":"https:\/\/polsoft.pl\/microsoft-surface\/produkt\/tablet-microsoft-surface-pro-6-platinium-lqh-00004-i7-8650u-8gb-256gb-123-w10pro\/#breadcrumb","itemListElement":[{"@type":"ListItem","position":1,"name":"Strona g\u0142\u00f3wna","item":"https:\/\/polsoft.pl\/microsoft-surface\/"},{"@type":"ListItem","position":2,"name":"Sklep","item":"https:\/\/polsoft.pl\/microsoft-surface\/sklep\/"},{"@type":"ListItem","position":3,"name":"Tablet Microsoft Surface PRO 6 Platinium LQH-00004\/i7-8650U\/8GB\/256GB\/12,3&#8243;\/\/W10Pro"}]},{"@type":"WebSite","@id":"https:\/\/polsoft.pl\/microsoft-surface\/#website","url":"https:\/\/polsoft.pl\/microsoft-surface\/","name":"Sklep Microsoft Surface","description":"Sklep Microsoft Surface","publisher":{"@id":"https:\/\/polsoft.pl\/microsoft-surface\/#organization"},"potentialAction":[{"@type":"SearchAction","target":{"@type":"EntryPoint","urlTemplate":"https:\/\/polsoft.pl\/microsoft-surface\/?s={search_term_string}"},"query-input":{"@type":"PropertyValueSpecification","valueRequired":true,"valueName":"search_term_string"}}],"inLanguage":"pl-PL"},{"@type":"Organization","@id":"https:\/\/polsoft.pl\/microsoft-surface\/#organization","name":"Polsoft Engineering Sp. z o.o.","url":"https:\/\/polsoft.pl\/microsoft-surface\/","logo":{"@type":"ImageObject","inLanguage":"pl-PL","@id":"https:\/\/polsoft.pl\/microsoft-surface\/#\/schema\/logo\/image\/","url":"https:\/\/www.polsoft.pl\/microsoft-surface\/wp-content\/uploads\/2020\/10\/microsoft_partner_logo_black_polsoft.png","contentUrl":"https:\/\/www.polsoft.pl\/microsoft-surface\/wp-content\/uploads\/2020\/10\/microsoft_partner_logo_black_polsoft.png","width":613,"height":158,"caption":"Polsoft Engineering Sp. z o.o."},"image":{"@id":"https:\/\/polsoft.pl\/microsoft-surface\/#\/schema\/logo\/image\/"}}]}},"_links":{"self":[{"href":"https:\/\/www.polsoft.pl\/microsoft-surface\/wp-json\/wp\/v2\/product\/242","targetHints":{"allow":["GET"]}}],"collection":[{"href":"https:\/\/www.polsoft.pl\/microsoft-surface\/wp-json\/wp\/v2\/product"}],"about":[{"href":"https:\/\/www.polsoft.pl\/microsoft-surface\/wp-json\/wp\/v2\/types\/product"}],"version-history":[{"count":3,"href":"https:\/\/www.polsoft.pl\/microsoft-surface\/wp-json\/wp\/v2\/product\/242\/revisions"}],"predecessor-version":[{"id":2599,"href":"https:\/\/www.polsoft.pl\/microsoft-surface\/wp-json\/wp\/v2\/product\/242\/revisions\/2599"}],"wp:featuredmedia":[{"embeddable":true,"href":"https:\/\/www.polsoft.pl\/microsoft-surface\/wp-json\/wp\/v2\/media\/1764"}],"wp:attachment":[{"href":"https:\/\/www.polsoft.pl\/microsoft-surface\/wp-json\/wp\/v2\/media?parent=242"}],"wp:term":[{"taxonomy":"product_brand","embeddable":true,"href":"https:\/\/www.polsoft.pl\/microsoft-surface\/wp-json\/wp\/v2\/product_brand?post=242"},{"taxonomy":"product_cat","embeddable":true,"href":"https:\/\/www.polsoft.pl\/microsoft-surface\/wp-json\/wp\/v2\/product_cat?post=242"},{"taxonomy":"product_tag","embeddable":true,"href":"https:\/\/www.polsoft.pl\/microsoft-surface\/wp-json\/wp\/v2\/product_tag?post=242"}],"curies":[{"name":"wp","href":"https:\/\/api.w.org\/{rel}","templated":true}]}}