{"id":250,"date":"2020-08-11T12:49:12","date_gmt":"2020-08-11T12:49:12","guid":{"rendered":"http:\/\/polsoft.pl\/microsoft-surface\/produkt\/tablet-microsoft-surface-book-2-135-hnm-00014-i7-8650u-16gb-512gb-135-gtx-1050-w10pro\/"},"modified":"2025-07-15T14:01:35","modified_gmt":"2025-07-15T12:01:35","slug":"tablet-microsoft-surface-book-2-135-hnm-00014-i7-8650u-16gb-512gb-135-gtx-1050-w10pro","status":"publish","type":"product","link":"https:\/\/www.polsoft.pl\/microsoft-surface\/produkt\/tablet-microsoft-surface-book-2-135-hnm-00014-i7-8650u-16gb-512gb-135-gtx-1050-w10pro\/","title":{"rendered":"Tablet Microsoft Surface BOOK 2 13&#8217;5&#8243; HNM-00014\/i7-8650U\/16GB\/512GB\/13,5&#8243;\/GTX 1050\/W10Pro"},"content":{"rendered":"<p><a href=\"https:\/\/polsoft.pl\/microsoft-surface\/kategoria\/tablety-microsoft-surface\/microsoft-surface-book-2\/\">Microsoft Surface Book 2<\/a> HNM-00014 jest jednym z najwydajniejszych laptop\u00f3w 2w1 z serii Surface, \u0142\u0105cz\u0105cy w sobie wydajno\u015b\u0107, wszechstronno\u015b\u0107 i mobilno\u015b\u0107. Jest urz\u0105dzeniem, kt\u00f3re nie zawiedzie Ci\u0119 w codziennym u\u017cytkowaniu, jednocze\u015bnie prezentuj\u0105c si\u0119 elegancko i stylowo.<\/p>\n<p>Microsoft Surface Book 2 wyst\u0119puje w dw\u00f3ch wariantach, 13.5\u201d oraz 15\u201d. W zale\u017cno\u015bci od wybranego modelu do dyspozycji mamy wi\u0119ksz\u0105 matryc\u0119 o rozdzielczo\u015bci 3240\u00d72160 oraz mniejsz\u0105 o rozdzielczo\u015bci 3000&#215;2000. Ekrany dotykowe z technologi\u0105 PixelSense\u2122 to nieod\u0142\u0105czna cecha produkt\u00f3w Microsoft Surface. Tak jest i tym przypadku. Dzi\u0119ki niej, mo\u017cemy podziwia\u0107 niezwyk\u0142e odwzorowanie barw oraz ostry obraz. Ponadto wysokie zag\u0119szczenie pikseli na poziomie 267 PPI oraz szerokie k\u0105ty widzenia pozwalaj\u0105 na wygodn\u0105 mobiln\u0105 prac\u0119 w ka\u017cdych warunkach o\u015bwietleniowych.<\/p>\n<p>Sercem tych laptop\u00f3w s\u0105 wydajne, czterordzeniowe procesory Intel\u00ae Core\u2122 \u00f3smej generacji oraz karty graficzne: Intel\u00ae UHD Graphics 620 lub NVIDIA\u00ae GeForce\u00ae GTX z serii dziesi\u0105tej. Energooszcz\u0119dno\u015b\u0107 wszystkich zastosowanych podzespo\u0142\u00f3w sk\u0142adaj\u0105 si\u0119 nawet na 17 godzin pracy przy jednym \u0142adowaniu baterii.<\/p>\n<p>B\u0105d\u017a zawsze w kontakcie z\u00a0 doskona\u0142ymi multimediami jak mikrofony dalekiego pola, g\u0142o\u015bnikami stereo Dolby\u00ae Audio\u2122 Premium oraz kamerkami Full HD 5.0MP i 8.0MP. Ponadto pracuj bezpieczniej w firmie oraz w domu z zabezpieczeniami TPM 2.0 czy uwierzytelnianiem za pomoc\u0105 twarzy Windows Hello.<\/p>\n<p>Nie martw si\u0119 o dodatkowe kable b\u0105d\u017a szukaniu adapter\u00f3w dzi\u0119ki wbudowanej funkcji firmy Microsoft \u201eXbox Wireless\u201d, umo\u017cliwiaj\u0105cej kontrolerom oraz odpowiednim zestawom s\u0142uchawkowym na bezpo\u015brednie po\u0142\u0105czenie bezprzewodowe. Ta opcja dotyczy tylko laptop\u00f3w Microsoft Surface Book 2 w wariancie 15\u201d.<\/p>\n<p>Uwolnij potencja\u0142 swojego laptopa 2w1 <a href=\"https:\/\/polsoft.pl\/microsoft-surface\/kategoria\/tablety-microsoft-surface\/microsoft-surface-book-2\/\">Microsoft Surface Book 2<\/a> HNM-00014 z dedykowanymi akcesoriami, kt\u00f3re stworzono z my\u015bl\u0105 o u\u017cytkownikach. Ze stacj\u0105 dokuj\u0105c\u0105 Microsoft Surface Dock zamienisz laptopa w komputer stacjonarny. Zwi\u0119ksz komfort pracy z bezprzewodow\u0105 myszk\u0105 Microsoft Surface Arc, pi\u00f3rem Microsoft Surface Pen oraz pokr\u0119t\u0142em Microsoft Surface Dial.<\/p>\n<p>Microsoft Surface Book 2 to urz\u0105dzenie, kt\u00f3re bezproblemowo poradzi sobie nawet ze skomplikowanymi zadaniami stawianymi przez u\u017cytkownik\u00f3w. Laptop dopasuje si\u0119 do Twoich preferencji zar\u00f3wno w kwestii wygl\u0105du, wydajno\u015bci jak i elastyczno\u015bci.<\/p>\n<table width=\"785\">\n<tbody>\n<tr>\n<td width=\"201\">Procesor<\/td>\n<td width=\"584\"><a href=\"https:\/\/ark.intel.com\/content\/www\/pl\/pl\/ark\/products\/124968\/intel-core-i7-8650u-processor-8m-cache-up-to-4-20-ghz.html\">Intel\u00ae Core\u2122 i7-8650U<\/a>, 4.2GHz Max Turbo, 4-rdzeniowy 8. generacji<\/td>\n<\/tr>\n<tr>\n<td>Wy\u015bwietlacz<\/td>\n<td width=\"584\">ekran:<br \/>\n13.5&#8243; PixelSense\u2122<br \/>\nrozdzielczo\u015b\u0107:<br \/>\n3000 x 2000 (267 PPI)<br \/>\nwsp\u00f3\u0142czynnik proporcji:<br \/>\n3:2<br \/>\nwsp\u00f3\u0142czynnik kontrastu:<br \/>\n1600:1<br \/>\ndotyk:<br \/>\nmulti-touch G5 z obs\u0142ug\u0105 10 punkt\u00f3w dotykowych<\/td>\n<\/tr>\n<tr>\n<td>Karta graficzna<\/td>\n<td width=\"584\">NVIDIA\u00ae GeForce\u00ae GTX 1050 z 2GB pami\u0119ci GDDR5<\/td>\n<\/tr>\n<tr>\n<td>Pami\u0119\u0107<\/td>\n<td>16GB RAM LPDDR3 1866Mhz<\/td>\n<\/tr>\n<tr>\n<td>Przestrze\u0144 dyskowa<\/td>\n<td>SSD 512GB<\/td>\n<\/tr>\n<tr>\n<td>\u0141\u0105czno\u015b\u0107 bezprzewodowa<\/td>\n<td width=\"584\">Wi-Fi: zgodne ze standardem IEEE 802.11a\/b\/g\/n\/ac<br \/>\nmodu\u0142 Bluetooth\u00ae Wireless 4.1<\/td>\n<\/tr>\n<tr>\n<td>Z\u0142\u0105cza<\/td>\n<td width=\"584\">2 x USB-3.1<br \/>\n1 x USB-C<br \/>\n1 x z\u0142\u0105cze s\u0142uchawkowe Jack 3.5 mm<br \/>\n2 x Surface Connect port<br \/>\n1 x czytnik kart SDXC<br \/>\nkompatybilne z pokr\u0119t\u0142em Surface Dial off-screen interaction<\/td>\n<\/tr>\n<tr>\n<td>Sensory<\/td>\n<td width=\"584\">akcelenometr<br \/>\n\u017cyroskop<br \/>\nczujnik pola magnetycznego<br \/>\nczujnik nat\u0119\u017cenia \u015bwiat\u0142a<br \/>\nczujnik zbli\u017ceniowy (Proximity sensor)<\/td>\n<\/tr>\n<tr>\n<td>Zabezpieczenia<\/td>\n<td width=\"584\">Firmware TPM<br \/>\nWindows Hello &#8211; rozpoznawanie twarzy do odblokowania urz\u0105dzenia<\/td>\n<\/tr>\n<tr>\n<td>Czas pracy na baterii<\/td>\n<td>17 godzin przy pracy biurowej<\/td>\n<\/tr>\n<tr>\n<td>Multimedia<\/td>\n<td width=\"584\">przednia kamera do uwierzytelnienia twarzy &#8211; Windows Hello<br \/>\n5.0MP przednia kamera &#8211; nagrywanie film\u00f3w w Full HD 1080p<br \/>\n8.0MP tylnia kamera z autofokusem &#8211; nagrywanie film\u00f3w w Full HD 1080p<br \/>\n2 x mikrofon dalekiego pola<br \/>\ng\u0142o\u015bniki stereo Dolby\u00ae Audio\u2122 Premium<br \/>\nobs\u0142uga dla s\u0142uchawek z technologi\u0105 Windows Sonic<\/td>\n<\/tr>\n<tr>\n<td>Oprogramowanie<\/td>\n<td width=\"584\">Windows 10 Pro<br \/>\nmiesi\u0119czna wersja pr\u00f3bna Microsoft Office 365<\/td>\n<\/tr>\n<tr>\n<td>Obudowa<\/td>\n<td width=\"584\">magnezowa obudowa<br \/>\nkolor Platinum (platynowy)<br \/>\nprzyciski regulacji g\u0142o\u015bno\u015bci oraz zasilania<\/td>\n<\/tr>\n<tr>\n<td>Wymiary (mm)<\/td>\n<td width=\"584\">312 x 232 x 15-23 (sz. x g\u0142. x wys.)<\/td>\n<\/tr>\n<tr>\n<td width=\"201\">Waga<br \/>\n(z klawiatur\u0105)<\/td>\n<td width=\"584\">1 642g<\/td>\n<\/tr>\n<tr>\n<td>Zawarto\u015b\u0107 zestawu<\/td>\n<td width=\"584\">Surface Book 2 13.5&#8243;<br \/>\nzasilacz<br \/>\nskr\u00f3cona instrukcja obs\u0142ugi<br \/>\ndokumenty dotycz\u0105ce gwarancji i bezpiecze\u0144stwa<\/td>\n<\/tr>\n<tr>\n<td>Gwarancja<\/td>\n<td width=\"584\">roczny okres gwarancji<\/td>\n<\/tr>\n<\/tbody>\n<\/table>\n<p>&nbsp;<\/p>\n","protected":false},"excerpt":{"rendered":"<p>Microsoft Surface Book 2 HNM-00014 jest jednym z najwydajniejszych laptop\u00f3w 2w1 z serii Surface, \u0142\u0105cz\u0105cy w sobie wydajno\u015b\u0107, wszechstronno\u015b\u0107 i mobilno\u015b\u0107. Jest urz\u0105dzeniem, kt\u00f3re nie zawiedzie Ci\u0119 w codziennym u\u017cytkowaniu, jednocze\u015bnie prezentuj\u0105c si\u0119 elegancko i stylowo. Microsoft Surface Book 2 wyst\u0119puje w dw\u00f3ch wariantach, 13.5\u201d oraz 15\u201d. W zale\u017cno\u015bci od wybranego modelu do dyspozycji mamy [&hellip;]<\/p>\n","protected":false},"featured_media":2210,"template":"","meta":{"site-sidebar-layout":"default","site-content-layout":"default","ast-site-content-layout":"default","site-content-style":"default","site-sidebar-style":"default","ast-global-header-display":"","ast-banner-title-visibility":"","ast-main-header-display":"","ast-hfb-above-header-display":"","ast-hfb-below-header-display":"","ast-hfb-mobile-header-display":"","site-post-title":"","ast-breadcrumbs-content":"","ast-featured-img":"","footer-sml-layout":"","ast-disable-related-posts":"","theme-transparent-header-meta":"default","adv-header-id-meta":"","stick-header-meta":"","header-above-stick-meta":"","header-main-stick-meta":"","header-below-stick-meta":"","astra-migrate-meta-layouts":"default","ast-page-background-enabled":"default","ast-page-background-meta":{"desktop":{"background-color":"","background-image":"","background-repeat":"repeat","background-position":"center center","background-size":"auto","background-attachment":"scroll","background-type":"","background-media":"","overlay-type":"","overlay-color":"","overlay-opacity":"","overlay-gradient":""},"tablet":{"background-color":"","background-image":"","background-repeat":"repeat","background-position":"center center","background-size":"auto","background-attachment":"scroll","background-type":"","background-media":"","overlay-type":"","overlay-color":"","overlay-opacity":"","overlay-gradient":""},"mobile":{"background-color":"","background-image":"","background-repeat":"repeat","background-position":"center center","background-size":"auto","background-attachment":"scroll","background-type":"","background-media":"","overlay-type":"","overlay-color":"","overlay-opacity":"","overlay-gradient":""}},"ast-content-background-meta":{"desktop":{"background-color":"var(--ast-global-color-5)","background-image":"","background-repeat":"repeat","background-position":"center center","background-size":"auto","background-attachment":"scroll","background-type":"","background-media":"","overlay-type":"","overlay-color":"","overlay-opacity":"","overlay-gradient":""},"tablet":{"background-color":"var(--ast-global-color-5)","background-image":"","background-repeat":"repeat","background-position":"center center","background-size":"auto","background-attachment":"scroll","background-type":"","background-media":"","overlay-type":"","overlay-color":"","overlay-opacity":"","overlay-gradient":""},"mobile":{"background-color":"var(--ast-global-color-5)","background-image":"","background-repeat":"repeat","background-position":"center center","background-size":"auto","background-attachment":"scroll","background-type":"","background-media":"","overlay-type":"","overlay-color":"","overlay-opacity":"","overlay-gradient":""}},"_links_to":"","_links_to_target":""},"product_brand":[],"product_cat":[],"product_tag":[],"class_list":{"0":"post-250","1":"product","2":"type-product","3":"status-publish","4":"has-post-thumbnail","6":"pa_dodatkowe-komponenty-gtx-1050","7":"pa_matryca-33","8":"pa_model-procesora-i7-8650u","9":"pa_pamiec-ram-16gb","10":"pa_pojemnosc-dysku-512gb","11":"pa_producent-procesora-intel","12":"pa_w-zestawie-urzadzenie-klawiatura-zasilacz","13":"desktop-align-left","14":"tablet-align-left","15":"mobile-align-left","17":"first","18":"outofstock","19":"taxable","20":"shipping-taxable","21":"purchasable","22":"product-type-simple"},"yoast_head":"<!-- This site is optimized with the Yoast SEO plugin v26.7 - https:\/\/yoast.com\/wordpress\/plugins\/seo\/ -->\n<title>Microsoft Surface Book 2 HNM-00014 - Sklep Microsoft Surface<\/title>\n<meta name=\"description\" content=\"Microsoft Surface Book 2 HNM-00014 - i7-8650U\/16GB\/512GB\/13,5&quot;\/GTX 1050\/W10Pro Sklep rozwi\u0105za\u0144 Microsoft Surface firmy Polsoft Engineering.\" \/>\n<meta name=\"robots\" content=\"index, follow, max-snippet:-1, max-image-preview:large, max-video-preview:-1\" \/>\n<link rel=\"canonical\" href=\"https:\/\/polsoft.pl\/microsoft-surface\/produkt\/tablet-microsoft-surface-book-2-135-hnm-00014-i7-8650u-16gb-512gb-135-gtx-1050-w10pro\/\" \/>\n<meta property=\"og:locale\" content=\"pl_PL\" \/>\n<meta property=\"og:type\" content=\"article\" \/>\n<meta property=\"og:title\" content=\"Microsoft Surface Book 2 HNM-00014 - Sklep Microsoft Surface\" \/>\n<meta property=\"og:description\" content=\"Microsoft Surface Book 2 HNM-00014 - i7-8650U\/16GB\/512GB\/13,5&quot;\/GTX 1050\/W10Pro Sklep rozwi\u0105za\u0144 Microsoft Surface firmy Polsoft Engineering.\" \/>\n<meta property=\"og:url\" content=\"https:\/\/polsoft.pl\/microsoft-surface\/produkt\/tablet-microsoft-surface-book-2-135-hnm-00014-i7-8650u-16gb-512gb-135-gtx-1050-w10pro\/\" \/>\n<meta property=\"og:site_name\" content=\"Sklep rozwi\u0105za\u0144 Microsoft Surface\" \/>\n<meta property=\"article:modified_time\" content=\"2025-07-15T12:01:35+00:00\" \/>\n<meta property=\"og:image\" content=\"https:\/\/polsoft.pl\/microsoft-surface\/wp-content\/uploads\/2020\/10\/Tablet_Microsoft_Surface_BOOK_2_PGV-00014.jpg\" \/>\n\t<meta property=\"og:image:width\" content=\"800\" \/>\n\t<meta property=\"og:image:height\" content=\"800\" \/>\n\t<meta property=\"og:image:type\" content=\"image\/jpeg\" \/>\n<meta name=\"twitter:card\" content=\"summary_large_image\" \/>\n<meta name=\"twitter:label1\" content=\"Szacowany czas czytania\" \/>\n\t<meta name=\"twitter:data1\" content=\"3 minuty\" \/>\n<script type=\"application\/ld+json\" class=\"yoast-schema-graph\">{\"@context\":\"https:\/\/schema.org\",\"@graph\":[{\"@type\":\"WebPage\",\"@id\":\"https:\/\/polsoft.pl\/microsoft-surface\/produkt\/tablet-microsoft-surface-book-2-135-hnm-00014-i7-8650u-16gb-512gb-135-gtx-1050-w10pro\/\",\"url\":\"https:\/\/polsoft.pl\/microsoft-surface\/produkt\/tablet-microsoft-surface-book-2-135-hnm-00014-i7-8650u-16gb-512gb-135-gtx-1050-w10pro\/\",\"name\":\"Microsoft Surface Book 2 HNM-00014 - Sklep Microsoft Surface\",\"isPartOf\":{\"@id\":\"https:\/\/polsoft.pl\/microsoft-surface\/#website\"},\"primaryImageOfPage\":{\"@id\":\"https:\/\/polsoft.pl\/microsoft-surface\/produkt\/tablet-microsoft-surface-book-2-135-hnm-00014-i7-8650u-16gb-512gb-135-gtx-1050-w10pro\/#primaryimage\"},\"image\":{\"@id\":\"https:\/\/polsoft.pl\/microsoft-surface\/produkt\/tablet-microsoft-surface-book-2-135-hnm-00014-i7-8650u-16gb-512gb-135-gtx-1050-w10pro\/#primaryimage\"},\"thumbnailUrl\":\"https:\/\/www.polsoft.pl\/microsoft-surface\/wp-content\/uploads\/2020\/10\/Tablet_Microsoft_Surface_BOOK_2_PGV-00014.jpg\",\"datePublished\":\"2020-08-11T12:49:12+00:00\",\"dateModified\":\"2025-07-15T12:01:35+00:00\",\"description\":\"Microsoft Surface Book 2 HNM-00014 - i7-8650U\/16GB\/512GB\/13,5\\\"\/GTX 1050\/W10Pro Sklep rozwi\u0105za\u0144 Microsoft Surface firmy Polsoft Engineering.\",\"breadcrumb\":{\"@id\":\"https:\/\/polsoft.pl\/microsoft-surface\/produkt\/tablet-microsoft-surface-book-2-135-hnm-00014-i7-8650u-16gb-512gb-135-gtx-1050-w10pro\/#breadcrumb\"},\"inLanguage\":\"pl-PL\",\"potentialAction\":[{\"@type\":\"ReadAction\",\"target\":[\"https:\/\/polsoft.pl\/microsoft-surface\/produkt\/tablet-microsoft-surface-book-2-135-hnm-00014-i7-8650u-16gb-512gb-135-gtx-1050-w10pro\/\"]}]},{\"@type\":\"ImageObject\",\"inLanguage\":\"pl-PL\",\"@id\":\"https:\/\/polsoft.pl\/microsoft-surface\/produkt\/tablet-microsoft-surface-book-2-135-hnm-00014-i7-8650u-16gb-512gb-135-gtx-1050-w10pro\/#primaryimage\",\"url\":\"https:\/\/www.polsoft.pl\/microsoft-surface\/wp-content\/uploads\/2020\/10\/Tablet_Microsoft_Surface_BOOK_2_PGV-00014.jpg\",\"contentUrl\":\"https:\/\/www.polsoft.pl\/microsoft-surface\/wp-content\/uploads\/2020\/10\/Tablet_Microsoft_Surface_BOOK_2_PGV-00014.jpg\",\"width\":800,\"height\":800,\"caption\":\"Zdj\u0119cie produktu - tablet Microsoft Surface Book 2\"},{\"@type\":\"BreadcrumbList\",\"@id\":\"https:\/\/polsoft.pl\/microsoft-surface\/produkt\/tablet-microsoft-surface-book-2-135-hnm-00014-i7-8650u-16gb-512gb-135-gtx-1050-w10pro\/#breadcrumb\",\"itemListElement\":[{\"@type\":\"ListItem\",\"position\":1,\"name\":\"Strona g\u0142\u00f3wna\",\"item\":\"https:\/\/polsoft.pl\/microsoft-surface\/\"},{\"@type\":\"ListItem\",\"position\":2,\"name\":\"Sklep\",\"item\":\"https:\/\/polsoft.pl\/microsoft-surface\/sklep\/\"},{\"@type\":\"ListItem\",\"position\":3,\"name\":\"Tablet Microsoft Surface BOOK 2 13&#8217;5&#8243; HNM-00014\/i7-8650U\/16GB\/512GB\/13,5&#8243;\/GTX 1050\/W10Pro\"}]},{\"@type\":\"WebSite\",\"@id\":\"https:\/\/polsoft.pl\/microsoft-surface\/#website\",\"url\":\"https:\/\/polsoft.pl\/microsoft-surface\/\",\"name\":\"Sklep Microsoft Surface\",\"description\":\"Sklep Microsoft Surface\",\"publisher\":{\"@id\":\"https:\/\/polsoft.pl\/microsoft-surface\/#organization\"},\"potentialAction\":[{\"@type\":\"SearchAction\",\"target\":{\"@type\":\"EntryPoint\",\"urlTemplate\":\"https:\/\/polsoft.pl\/microsoft-surface\/?s={search_term_string}\"},\"query-input\":{\"@type\":\"PropertyValueSpecification\",\"valueRequired\":true,\"valueName\":\"search_term_string\"}}],\"inLanguage\":\"pl-PL\"},{\"@type\":\"Organization\",\"@id\":\"https:\/\/polsoft.pl\/microsoft-surface\/#organization\",\"name\":\"Polsoft Engineering Sp. z o.o.\",\"url\":\"https:\/\/polsoft.pl\/microsoft-surface\/\",\"logo\":{\"@type\":\"ImageObject\",\"inLanguage\":\"pl-PL\",\"@id\":\"https:\/\/polsoft.pl\/microsoft-surface\/#\/schema\/logo\/image\/\",\"url\":\"https:\/\/www.polsoft.pl\/microsoft-surface\/wp-content\/uploads\/2020\/10\/microsoft_partner_logo_black_polsoft.png\",\"contentUrl\":\"https:\/\/www.polsoft.pl\/microsoft-surface\/wp-content\/uploads\/2020\/10\/microsoft_partner_logo_black_polsoft.png\",\"width\":613,\"height\":158,\"caption\":\"Polsoft Engineering Sp. z o.o.\"},\"image\":{\"@id\":\"https:\/\/polsoft.pl\/microsoft-surface\/#\/schema\/logo\/image\/\"}}]}<\/script>\n<!-- \/ Yoast SEO plugin. -->","yoast_head_json":{"title":"Microsoft Surface Book 2 HNM-00014 - Sklep Microsoft Surface","description":"Microsoft Surface Book 2 HNM-00014 - i7-8650U\/16GB\/512GB\/13,5\"\/GTX 1050\/W10Pro Sklep rozwi\u0105za\u0144 Microsoft Surface firmy Polsoft Engineering.","robots":{"index":"index","follow":"follow","max-snippet":"max-snippet:-1","max-image-preview":"max-image-preview:large","max-video-preview":"max-video-preview:-1"},"canonical":"https:\/\/polsoft.pl\/microsoft-surface\/produkt\/tablet-microsoft-surface-book-2-135-hnm-00014-i7-8650u-16gb-512gb-135-gtx-1050-w10pro\/","og_locale":"pl_PL","og_type":"article","og_title":"Microsoft Surface Book 2 HNM-00014 - Sklep Microsoft Surface","og_description":"Microsoft Surface Book 2 HNM-00014 - i7-8650U\/16GB\/512GB\/13,5\"\/GTX 1050\/W10Pro Sklep rozwi\u0105za\u0144 Microsoft Surface firmy Polsoft Engineering.","og_url":"https:\/\/polsoft.pl\/microsoft-surface\/produkt\/tablet-microsoft-surface-book-2-135-hnm-00014-i7-8650u-16gb-512gb-135-gtx-1050-w10pro\/","og_site_name":"Sklep rozwi\u0105za\u0144 Microsoft Surface","article_modified_time":"2025-07-15T12:01:35+00:00","og_image":[{"width":800,"height":800,"url":"https:\/\/polsoft.pl\/microsoft-surface\/wp-content\/uploads\/2020\/10\/Tablet_Microsoft_Surface_BOOK_2_PGV-00014.jpg","type":"image\/jpeg"}],"twitter_card":"summary_large_image","twitter_misc":{"Szacowany czas czytania":"3 minuty"},"schema":{"@context":"https:\/\/schema.org","@graph":[{"@type":"WebPage","@id":"https:\/\/polsoft.pl\/microsoft-surface\/produkt\/tablet-microsoft-surface-book-2-135-hnm-00014-i7-8650u-16gb-512gb-135-gtx-1050-w10pro\/","url":"https:\/\/polsoft.pl\/microsoft-surface\/produkt\/tablet-microsoft-surface-book-2-135-hnm-00014-i7-8650u-16gb-512gb-135-gtx-1050-w10pro\/","name":"Microsoft Surface Book 2 HNM-00014 - Sklep Microsoft Surface","isPartOf":{"@id":"https:\/\/polsoft.pl\/microsoft-surface\/#website"},"primaryImageOfPage":{"@id":"https:\/\/polsoft.pl\/microsoft-surface\/produkt\/tablet-microsoft-surface-book-2-135-hnm-00014-i7-8650u-16gb-512gb-135-gtx-1050-w10pro\/#primaryimage"},"image":{"@id":"https:\/\/polsoft.pl\/microsoft-surface\/produkt\/tablet-microsoft-surface-book-2-135-hnm-00014-i7-8650u-16gb-512gb-135-gtx-1050-w10pro\/#primaryimage"},"thumbnailUrl":"https:\/\/www.polsoft.pl\/microsoft-surface\/wp-content\/uploads\/2020\/10\/Tablet_Microsoft_Surface_BOOK_2_PGV-00014.jpg","datePublished":"2020-08-11T12:49:12+00:00","dateModified":"2025-07-15T12:01:35+00:00","description":"Microsoft Surface Book 2 HNM-00014 - i7-8650U\/16GB\/512GB\/13,5\"\/GTX 1050\/W10Pro Sklep rozwi\u0105za\u0144 Microsoft Surface firmy Polsoft Engineering.","breadcrumb":{"@id":"https:\/\/polsoft.pl\/microsoft-surface\/produkt\/tablet-microsoft-surface-book-2-135-hnm-00014-i7-8650u-16gb-512gb-135-gtx-1050-w10pro\/#breadcrumb"},"inLanguage":"pl-PL","potentialAction":[{"@type":"ReadAction","target":["https:\/\/polsoft.pl\/microsoft-surface\/produkt\/tablet-microsoft-surface-book-2-135-hnm-00014-i7-8650u-16gb-512gb-135-gtx-1050-w10pro\/"]}]},{"@type":"ImageObject","inLanguage":"pl-PL","@id":"https:\/\/polsoft.pl\/microsoft-surface\/produkt\/tablet-microsoft-surface-book-2-135-hnm-00014-i7-8650u-16gb-512gb-135-gtx-1050-w10pro\/#primaryimage","url":"https:\/\/www.polsoft.pl\/microsoft-surface\/wp-content\/uploads\/2020\/10\/Tablet_Microsoft_Surface_BOOK_2_PGV-00014.jpg","contentUrl":"https:\/\/www.polsoft.pl\/microsoft-surface\/wp-content\/uploads\/2020\/10\/Tablet_Microsoft_Surface_BOOK_2_PGV-00014.jpg","width":800,"height":800,"caption":"Zdj\u0119cie produktu - tablet Microsoft Surface Book 2"},{"@type":"BreadcrumbList","@id":"https:\/\/polsoft.pl\/microsoft-surface\/produkt\/tablet-microsoft-surface-book-2-135-hnm-00014-i7-8650u-16gb-512gb-135-gtx-1050-w10pro\/#breadcrumb","itemListElement":[{"@type":"ListItem","position":1,"name":"Strona g\u0142\u00f3wna","item":"https:\/\/polsoft.pl\/microsoft-surface\/"},{"@type":"ListItem","position":2,"name":"Sklep","item":"https:\/\/polsoft.pl\/microsoft-surface\/sklep\/"},{"@type":"ListItem","position":3,"name":"Tablet Microsoft Surface BOOK 2 13&#8217;5&#8243; HNM-00014\/i7-8650U\/16GB\/512GB\/13,5&#8243;\/GTX 1050\/W10Pro"}]},{"@type":"WebSite","@id":"https:\/\/polsoft.pl\/microsoft-surface\/#website","url":"https:\/\/polsoft.pl\/microsoft-surface\/","name":"Sklep Microsoft Surface","description":"Sklep Microsoft Surface","publisher":{"@id":"https:\/\/polsoft.pl\/microsoft-surface\/#organization"},"potentialAction":[{"@type":"SearchAction","target":{"@type":"EntryPoint","urlTemplate":"https:\/\/polsoft.pl\/microsoft-surface\/?s={search_term_string}"},"query-input":{"@type":"PropertyValueSpecification","valueRequired":true,"valueName":"search_term_string"}}],"inLanguage":"pl-PL"},{"@type":"Organization","@id":"https:\/\/polsoft.pl\/microsoft-surface\/#organization","name":"Polsoft Engineering Sp. z o.o.","url":"https:\/\/polsoft.pl\/microsoft-surface\/","logo":{"@type":"ImageObject","inLanguage":"pl-PL","@id":"https:\/\/polsoft.pl\/microsoft-surface\/#\/schema\/logo\/image\/","url":"https:\/\/www.polsoft.pl\/microsoft-surface\/wp-content\/uploads\/2020\/10\/microsoft_partner_logo_black_polsoft.png","contentUrl":"https:\/\/www.polsoft.pl\/microsoft-surface\/wp-content\/uploads\/2020\/10\/microsoft_partner_logo_black_polsoft.png","width":613,"height":158,"caption":"Polsoft Engineering Sp. z o.o."},"image":{"@id":"https:\/\/polsoft.pl\/microsoft-surface\/#\/schema\/logo\/image\/"}}]}},"_links":{"self":[{"href":"https:\/\/www.polsoft.pl\/microsoft-surface\/wp-json\/wp\/v2\/product\/250","targetHints":{"allow":["GET"]}}],"collection":[{"href":"https:\/\/www.polsoft.pl\/microsoft-surface\/wp-json\/wp\/v2\/product"}],"about":[{"href":"https:\/\/www.polsoft.pl\/microsoft-surface\/wp-json\/wp\/v2\/types\/product"}],"version-history":[{"count":9,"href":"https:\/\/www.polsoft.pl\/microsoft-surface\/wp-json\/wp\/v2\/product\/250\/revisions"}],"predecessor-version":[{"id":5159,"href":"https:\/\/www.polsoft.pl\/microsoft-surface\/wp-json\/wp\/v2\/product\/250\/revisions\/5159"}],"wp:featuredmedia":[{"embeddable":true,"href":"https:\/\/www.polsoft.pl\/microsoft-surface\/wp-json\/wp\/v2\/media\/2210"}],"wp:attachment":[{"href":"https:\/\/www.polsoft.pl\/microsoft-surface\/wp-json\/wp\/v2\/media?parent=250"}],"wp:term":[{"taxonomy":"product_brand","embeddable":true,"href":"https:\/\/www.polsoft.pl\/microsoft-surface\/wp-json\/wp\/v2\/product_brand?post=250"},{"taxonomy":"product_cat","embeddable":true,"href":"https:\/\/www.polsoft.pl\/microsoft-surface\/wp-json\/wp\/v2\/product_cat?post=250"},{"taxonomy":"product_tag","embeddable":true,"href":"https:\/\/www.polsoft.pl\/microsoft-surface\/wp-json\/wp\/v2\/product_tag?post=250"}],"curies":[{"name":"wp","href":"https:\/\/api.w.org\/{rel}","templated":true}]}}