{"id":2787,"date":"2020-11-25T14:11:05","date_gmt":"2020-11-25T14:11:05","guid":{"rendered":"https:\/\/polsoft.pl\/microsoft-surface\/produkt\/laptop-microsoft-surface-laptop-go-21o-00009-i5-1035g1-16gb-256gb-1245-w10pro\/"},"modified":"2025-07-15T13:57:34","modified_gmt":"2025-07-15T11:57:34","slug":"laptop-microsoft-surface-laptop-go-21o-00009-i5-1035g1-16gb-256gb-1245-w10pro","status":"publish","type":"product","link":"https:\/\/www.polsoft.pl\/microsoft-surface\/produkt\/laptop-microsoft-surface-laptop-go-21o-00009-i5-1035g1-16gb-256gb-1245-w10pro\/","title":{"rendered":"Laptop Microsoft Surface Laptop GO 21O-00009\/i5-1035G1\/16GB\/256GB\/12,45&#8243;\/\/W10Pro"},"content":{"rendered":"<p><a href=\"https:\/\/polsoft.pl\/microsoft-surface\/kategoria\/laptopy-microsoft-surface\/microsoft-surface-laptop-go\/\">Microsoft Surface Laptop GO <\/a>21O-00009, czyli najl\u017cejszy laptop do pracy. Firma Microsoft wytycza trendy i kierunki rozwoju sprz\u0119tu elektronicznego, \u0142\u0105cz\u0105c wygod\u0119 u\u017cytkowania z niezr\u00f3wnan\u0105 wydajno\u015bci\u0105 i jako\u015bci\u0105 wykonania. W dobie popularyzacji pracy zdalnej, najnowszy Surface Laptop GO odnajdzie si\u0119 niemal w ka\u017cdym aspekcie.<\/p>\n<p>Najnowsze notebooki <a href=\"https:\/\/polsoft.pl\/microsoft-surface\/kategoria\/laptopy-microsoft-surface\/microsoft-surface-laptop-go\/\">Microsoft Surface Laptop GO<\/a> 21O-00009 wyposa\u017cono w dotykowe ekrany w rozmiarze 12,45\u201d, wykonane w technologii PixelSense\u2122, z rewelacyjnym odwzorowaniu kolor\u00f3w, wysokim kontrastem i co bardzo istotne, szerokimi k\u0105tami widzenia. Wysok\u0105 wydajno\u015b\u0107 zapewniaj\u0105 procesory 10 generacji Intel i5, kt\u00f3re wyr\u00f3\u017cniaj\u0105 si\u0119 r\u00f3wnie\u017c wyj\u0105tkow\u0105 energooszcz\u0119dno\u015bci\u0105, pozwalaj\u0105c\u0105 nawet na 13 godzin pracy na baterii. Imponuj\u0105ce wyniki wydajno\u015bci id\u0105 w parze z mobilno\u015bci\u0105, gdzie waga Microsoft Surface Laptop GO wynosi zaledwie 1110gram\u00f3w!<\/p>\n<p>Cienka obudowa, pe\u0142nowymiarowa klawiatura i doskona\u0142a jako\u015b\u0107 wykonania to przepis na trwa\u0142e narz\u0119dzie pracy kt\u00f3re b\u0142yszczy w biurowym antura\u017cu i nie zawodzi w trudnych warunkach podr\u00f3\u017cy. Bezpiecze\u0144stwo u\u017cytkowania dzi\u0119ki zaawansowanym i szybkim systemom autoryzacji pozwoli Ci zaj\u0105\u0107 tym co najwa\u017cniejsze, nie martwi\u0105c si\u0119 o wra\u017cliwe dla Ciebie dane. Za jako\u015b\u0107 po\u0142\u0105cze\u0144 wideo odpowiada kamera HD nowej generacji. Notebook Microsoft Surface Laptop GO dedykowany jest us\u0142udze Microsoft Teams, przeznaczonej do wirtualnych po\u0142\u0105cze\u0144 i wideokonferencji.<\/p>\n<table width=\"656\">\n<tbody>\n<tr>\n<td width=\"207\">Procesor<\/td>\n<td width=\"449\">\u00a0<a href=\"https:\/\/ark.intel.com\/content\/www\/pl\/pl\/ark\/products\/196603\/intel-core-i5-1035g1-processor-6m-cache-up-to-3-60-ghz.html\">Intel\u00ae Core\u2122 i5-1035G1<\/a>, 4-rdzeniowe 10. generacji<\/td>\n<\/tr>\n<tr>\n<td>Wy\u015bwietlacz<\/td>\n<td width=\"449\">ekran:<br \/>\n12.45&#8243; PixelSense\u2122<br \/>\nrozdzielczo\u015b\u0107:<br \/>\n1536 x 1024 (148 PPI)<br \/>\nwsp\u00f3\u0142czynnik proporcji:<br \/>\n3:2<br \/>\ndotyk:<br \/>\nmulti-touch z obs\u0142ug\u0105 10 punkt\u00f3w dotykowych<br \/>\nzgodno\u015b\u0107 z pi\u00f3rem Surface<\/td>\n<\/tr>\n<tr>\n<td>Karta graficzna<\/td>\n<td width=\"449\">Intel\u00ae UHD Graphics<\/td>\n<\/tr>\n<tr>\n<td>Pami\u0119\u0107<\/td>\n<td>16GB RAM LPDDR4x<\/td>\n<\/tr>\n<tr>\n<td>Przestrze\u0144 dyskowa<\/td>\n<td>SSD 256GB<\/td>\n<\/tr>\n<tr>\n<td>\u0141\u0105czno\u015b\u0107 bezprzewodowa<\/td>\n<td width=\"449\">Wi-Fi 6: zgodne ze standardem IEEE 802.11ax<br \/>\nmodu\u0142 Bluetooth\u00ae Wireless 5.0<\/td>\n<\/tr>\n<tr>\n<td>Z\u0142\u0105cza<\/td>\n<td width=\"449\">1 x USB-C\u2122<br \/>\n1 x USB-A<br \/>\n1 x z\u0142\u0105cze s\u0142uchawkowe Jack 3.5 mm<br \/>\n1 x Surface Connect port<\/td>\n<\/tr>\n<tr>\n<td>Sensory<\/td>\n<td width=\"449\">czujnik nat\u0119\u017cenia \u015bwiat\u0142a<\/td>\n<\/tr>\n<tr>\n<td>Zabezpieczenia<\/td>\n<td width=\"449\">Firmware TPM<br \/>\nWindows Hello &#8211; rozpoznawanie twarzy do odblokowania urz\u0105dzenia<br \/>\nczytnik linii papilarnych w przycisku zasilania<\/td>\n<\/tr>\n<tr>\n<td>Czas pracy na baterii<\/td>\n<td>13 godzin przy pracy biurowej<\/td>\n<\/tr>\n<tr>\n<td>Multimedia<\/td>\n<td width=\"449\">przednia kamera do uwierzytelnienia twarzy &#8211; Windows Hello<br \/>\nprzednia kamera HD 720p<br \/>\n2 x mikrofon dalekiego pola<br \/>\ng\u0142o\u015bniki Omnisonic Dolby\u00ae Audio\u2122 Premium<\/td>\n<\/tr>\n<tr>\n<td>Oprogramowanie<\/td>\n<td width=\"449\">Windows 10 Pro<br \/>\nmiesi\u0119czna wersja pr\u00f3bna Microsoft Office 365<\/td>\n<\/tr>\n<tr>\n<td>Obudowa<\/td>\n<td width=\"449\">aluminiowa pokrywa<br \/>\nkolor &#8211; Platinum (platynowy)<br \/>\nklawiatura z przyciskami regulacji g\u0142o\u015bno\u015bci oraz zasilania<\/td>\n<\/tr>\n<tr>\n<td width=\"207\">Waga<br \/>\n(bez klawiatury)<\/td>\n<td width=\"449\">1 110g<\/td>\n<\/tr>\n<tr>\n<td>Wymiary (mm)<\/td>\n<td>278.18 x 205.67 x 15.69 (sz. x g\u0142. x wys.)<\/td>\n<\/tr>\n<tr>\n<td>Zawarto\u015b\u0107 zestawu<\/td>\n<td width=\"449\">Surface Laptop Go<br \/>\nzasilacz<br \/>\nskr\u00f3cona instrukcja obs\u0142ugi<br \/>\ndokumenty dotycz\u0105ce gwarancji i bezpiecze\u0144stwa<\/td>\n<\/tr>\n<tr>\n<td>Gwarancja<\/td>\n<td width=\"449\">roczny okres gwarancji<\/td>\n<\/tr>\n<\/tbody>\n<\/table>\n","protected":false},"excerpt":{"rendered":"<p>Microsoft Surface Laptop GO 21O-00009, czyli najl\u017cejszy laptop do pracy. Firma Microsoft wytycza trendy i kierunki rozwoju sprz\u0119tu elektronicznego, \u0142\u0105cz\u0105c wygod\u0119 u\u017cytkowania z niezr\u00f3wnan\u0105 wydajno\u015bci\u0105 i jako\u015bci\u0105 wykonania. W dobie popularyzacji pracy zdalnej, najnowszy Surface Laptop GO odnajdzie si\u0119 niemal w ka\u017cdym aspekcie. Najnowsze notebooki Microsoft Surface Laptop GO 21O-00009 wyposa\u017cono w dotykowe ekrany w [&hellip;]<\/p>\n","protected":false},"featured_media":2870,"template":"","meta":{"site-sidebar-layout":"default","site-content-layout":"default","ast-site-content-layout":"default","site-content-style":"default","site-sidebar-style":"default","ast-global-header-display":"","ast-banner-title-visibility":"","ast-main-header-display":"","ast-hfb-above-header-display":"","ast-hfb-below-header-display":"","ast-hfb-mobile-header-display":"","site-post-title":"","ast-breadcrumbs-content":"","ast-featured-img":"","footer-sml-layout":"","ast-disable-related-posts":"","theme-transparent-header-meta":"default","adv-header-id-meta":"","stick-header-meta":"","header-above-stick-meta":"","header-main-stick-meta":"","header-below-stick-meta":"","astra-migrate-meta-layouts":"default","ast-page-background-enabled":"default","ast-page-background-meta":{"desktop":{"background-color":"","background-image":"","background-repeat":"repeat","background-position":"center center","background-size":"auto","background-attachment":"scroll","background-type":"","background-media":"","overlay-type":"","overlay-color":"","overlay-opacity":"","overlay-gradient":""},"tablet":{"background-color":"","background-image":"","background-repeat":"repeat","background-position":"center center","background-size":"auto","background-attachment":"scroll","background-type":"","background-media":"","overlay-type":"","overlay-color":"","overlay-opacity":"","overlay-gradient":""},"mobile":{"background-color":"","background-image":"","background-repeat":"repeat","background-position":"center center","background-size":"auto","background-attachment":"scroll","background-type":"","background-media":"","overlay-type":"","overlay-color":"","overlay-opacity":"","overlay-gradient":""}},"ast-content-background-meta":{"desktop":{"background-color":"var(--ast-global-color-5)","background-image":"","background-repeat":"repeat","background-position":"center center","background-size":"auto","background-attachment":"scroll","background-type":"","background-media":"","overlay-type":"","overlay-color":"","overlay-opacity":"","overlay-gradient":""},"tablet":{"background-color":"var(--ast-global-color-5)","background-image":"","background-repeat":"repeat","background-position":"center center","background-size":"auto","background-attachment":"scroll","background-type":"","background-media":"","overlay-type":"","overlay-color":"","overlay-opacity":"","overlay-gradient":""},"mobile":{"background-color":"var(--ast-global-color-5)","background-image":"","background-repeat":"repeat","background-position":"center center","background-size":"auto","background-attachment":"scroll","background-type":"","background-media":"","overlay-type":"","overlay-color":"","overlay-opacity":"","overlay-gradient":""}},"_links_to":"","_links_to_target":""},"product_brand":[],"product_cat":[],"product_tag":[],"class_list":{"0":"post-2787","1":"product","2":"type-product","3":"status-publish","4":"has-post-thumbnail","6":"pa_matryca-120","7":"pa_model-procesora-i5-1035g1","8":"pa_pamiec-ram-16gb","9":"pa_pojemnosc-dysku-256gb","10":"pa_producent-procesora-intel","11":"pa_w-zestawie-urzadzenie-zasilacz","12":"desktop-align-left","13":"tablet-align-left","14":"mobile-align-left","16":"first","17":"outofstock","18":"taxable","19":"shipping-taxable","20":"purchasable","21":"product-type-simple"},"yoast_head":"<!-- This site is optimized with the Yoast SEO plugin v26.7 - https:\/\/yoast.com\/wordpress\/plugins\/seo\/ -->\n<title>Microsoft Surface Laptop GO 21O-00009 - Sklep Microsoft Surface<\/title>\n<meta name=\"description\" content=\"Microsoft Surface Laptop GO 21O-00009 - i5-1035g1\/8GB\/256GB\/12,45&quot;\/\/W10Pro Sklep rozwi\u0105za\u0144 Microsoft Surface firmy Polsoft Engineering.\" \/>\n<meta name=\"robots\" content=\"index, follow, max-snippet:-1, max-image-preview:large, max-video-preview:-1\" \/>\n<link rel=\"canonical\" href=\"https:\/\/polsoft.pl\/microsoft-surface\/produkt\/laptop-microsoft-surface-laptop-go-21o-00009-i5-1035g1-16gb-256gb-1245-w10pro\/\" \/>\n<meta property=\"og:locale\" content=\"pl_PL\" \/>\n<meta property=\"og:type\" content=\"article\" \/>\n<meta property=\"og:title\" content=\"Microsoft Surface Laptop GO 21O-00009 - Sklep Microsoft Surface\" \/>\n<meta property=\"og:description\" content=\"Microsoft Surface Laptop GO 21O-00009 - i5-1035g1\/8GB\/256GB\/12,45&quot;\/\/W10Pro Sklep rozwi\u0105za\u0144 Microsoft Surface firmy Polsoft Engineering.\" \/>\n<meta property=\"og:url\" content=\"https:\/\/polsoft.pl\/microsoft-surface\/produkt\/laptop-microsoft-surface-laptop-go-21o-00009-i5-1035g1-16gb-256gb-1245-w10pro\/\" \/>\n<meta property=\"og:site_name\" content=\"Sklep rozwi\u0105za\u0144 Microsoft Surface\" \/>\n<meta property=\"article:modified_time\" content=\"2025-07-15T11:57:34+00:00\" \/>\n<meta property=\"og:image\" content=\"https:\/\/polsoft.pl\/microsoft-surface\/wp-content\/uploads\/2020\/12\/Microsoft_Surface_Laptop_Go_TNU-00009_TNV-00009_21O-00009.jpg\" \/>\n\t<meta property=\"og:image:width\" content=\"800\" \/>\n\t<meta property=\"og:image:height\" content=\"800\" \/>\n\t<meta property=\"og:image:type\" content=\"image\/jpeg\" \/>\n<meta name=\"twitter:card\" content=\"summary_large_image\" \/>\n<meta name=\"twitter:label1\" content=\"Szacowany czas czytania\" \/>\n\t<meta name=\"twitter:data1\" content=\"2 minuty\" \/>\n<script type=\"application\/ld+json\" class=\"yoast-schema-graph\">{\"@context\":\"https:\/\/schema.org\",\"@graph\":[{\"@type\":\"WebPage\",\"@id\":\"https:\/\/polsoft.pl\/microsoft-surface\/produkt\/laptop-microsoft-surface-laptop-go-21o-00009-i5-1035g1-16gb-256gb-1245-w10pro\/\",\"url\":\"https:\/\/polsoft.pl\/microsoft-surface\/produkt\/laptop-microsoft-surface-laptop-go-21o-00009-i5-1035g1-16gb-256gb-1245-w10pro\/\",\"name\":\"Microsoft Surface Laptop GO 21O-00009 - Sklep Microsoft Surface\",\"isPartOf\":{\"@id\":\"https:\/\/polsoft.pl\/microsoft-surface\/#website\"},\"primaryImageOfPage\":{\"@id\":\"https:\/\/polsoft.pl\/microsoft-surface\/produkt\/laptop-microsoft-surface-laptop-go-21o-00009-i5-1035g1-16gb-256gb-1245-w10pro\/#primaryimage\"},\"image\":{\"@id\":\"https:\/\/polsoft.pl\/microsoft-surface\/produkt\/laptop-microsoft-surface-laptop-go-21o-00009-i5-1035g1-16gb-256gb-1245-w10pro\/#primaryimage\"},\"thumbnailUrl\":\"https:\/\/www.polsoft.pl\/microsoft-surface\/wp-content\/uploads\/2020\/12\/Microsoft_Surface_Laptop_Go_TNU-00009_TNV-00009_21O-00009.jpg\",\"datePublished\":\"2020-11-25T14:11:05+00:00\",\"dateModified\":\"2025-07-15T11:57:34+00:00\",\"description\":\"Microsoft Surface Laptop GO 21O-00009 - i5-1035g1\/8GB\/256GB\/12,45\\\"\/\/W10Pro Sklep rozwi\u0105za\u0144 Microsoft Surface firmy Polsoft Engineering.\",\"breadcrumb\":{\"@id\":\"https:\/\/polsoft.pl\/microsoft-surface\/produkt\/laptop-microsoft-surface-laptop-go-21o-00009-i5-1035g1-16gb-256gb-1245-w10pro\/#breadcrumb\"},\"inLanguage\":\"pl-PL\",\"potentialAction\":[{\"@type\":\"ReadAction\",\"target\":[\"https:\/\/polsoft.pl\/microsoft-surface\/produkt\/laptop-microsoft-surface-laptop-go-21o-00009-i5-1035g1-16gb-256gb-1245-w10pro\/\"]}]},{\"@type\":\"ImageObject\",\"inLanguage\":\"pl-PL\",\"@id\":\"https:\/\/polsoft.pl\/microsoft-surface\/produkt\/laptop-microsoft-surface-laptop-go-21o-00009-i5-1035g1-16gb-256gb-1245-w10pro\/#primaryimage\",\"url\":\"https:\/\/www.polsoft.pl\/microsoft-surface\/wp-content\/uploads\/2020\/12\/Microsoft_Surface_Laptop_Go_TNU-00009_TNV-00009_21O-00009.jpg\",\"contentUrl\":\"https:\/\/www.polsoft.pl\/microsoft-surface\/wp-content\/uploads\/2020\/12\/Microsoft_Surface_Laptop_Go_TNU-00009_TNV-00009_21O-00009.jpg\",\"width\":800,\"height\":800,\"caption\":\"Zdj\u0119cie produktu - Microsoft Surface Laptop Go\"},{\"@type\":\"BreadcrumbList\",\"@id\":\"https:\/\/polsoft.pl\/microsoft-surface\/produkt\/laptop-microsoft-surface-laptop-go-21o-00009-i5-1035g1-16gb-256gb-1245-w10pro\/#breadcrumb\",\"itemListElement\":[{\"@type\":\"ListItem\",\"position\":1,\"name\":\"Strona g\u0142\u00f3wna\",\"item\":\"https:\/\/polsoft.pl\/microsoft-surface\/\"},{\"@type\":\"ListItem\",\"position\":2,\"name\":\"Sklep\",\"item\":\"https:\/\/polsoft.pl\/microsoft-surface\/sklep\/\"},{\"@type\":\"ListItem\",\"position\":3,\"name\":\"Laptop Microsoft Surface Laptop GO 21O-00009\/i5-1035G1\/16GB\/256GB\/12,45&#8243;\/\/W10Pro\"}]},{\"@type\":\"WebSite\",\"@id\":\"https:\/\/polsoft.pl\/microsoft-surface\/#website\",\"url\":\"https:\/\/polsoft.pl\/microsoft-surface\/\",\"name\":\"Sklep Microsoft Surface\",\"description\":\"Sklep Microsoft Surface\",\"publisher\":{\"@id\":\"https:\/\/polsoft.pl\/microsoft-surface\/#organization\"},\"potentialAction\":[{\"@type\":\"SearchAction\",\"target\":{\"@type\":\"EntryPoint\",\"urlTemplate\":\"https:\/\/polsoft.pl\/microsoft-surface\/?s={search_term_string}\"},\"query-input\":{\"@type\":\"PropertyValueSpecification\",\"valueRequired\":true,\"valueName\":\"search_term_string\"}}],\"inLanguage\":\"pl-PL\"},{\"@type\":\"Organization\",\"@id\":\"https:\/\/polsoft.pl\/microsoft-surface\/#organization\",\"name\":\"Polsoft Engineering Sp. z o.o.\",\"url\":\"https:\/\/polsoft.pl\/microsoft-surface\/\",\"logo\":{\"@type\":\"ImageObject\",\"inLanguage\":\"pl-PL\",\"@id\":\"https:\/\/polsoft.pl\/microsoft-surface\/#\/schema\/logo\/image\/\",\"url\":\"https:\/\/www.polsoft.pl\/microsoft-surface\/wp-content\/uploads\/2020\/10\/microsoft_partner_logo_black_polsoft.png\",\"contentUrl\":\"https:\/\/www.polsoft.pl\/microsoft-surface\/wp-content\/uploads\/2020\/10\/microsoft_partner_logo_black_polsoft.png\",\"width\":613,\"height\":158,\"caption\":\"Polsoft Engineering Sp. z o.o.\"},\"image\":{\"@id\":\"https:\/\/polsoft.pl\/microsoft-surface\/#\/schema\/logo\/image\/\"}}]}<\/script>\n<!-- \/ Yoast SEO plugin. -->","yoast_head_json":{"title":"Microsoft Surface Laptop GO 21O-00009 - Sklep Microsoft Surface","description":"Microsoft Surface Laptop GO 21O-00009 - i5-1035g1\/8GB\/256GB\/12,45\"\/\/W10Pro Sklep rozwi\u0105za\u0144 Microsoft Surface firmy Polsoft Engineering.","robots":{"index":"index","follow":"follow","max-snippet":"max-snippet:-1","max-image-preview":"max-image-preview:large","max-video-preview":"max-video-preview:-1"},"canonical":"https:\/\/polsoft.pl\/microsoft-surface\/produkt\/laptop-microsoft-surface-laptop-go-21o-00009-i5-1035g1-16gb-256gb-1245-w10pro\/","og_locale":"pl_PL","og_type":"article","og_title":"Microsoft Surface Laptop GO 21O-00009 - Sklep Microsoft Surface","og_description":"Microsoft Surface Laptop GO 21O-00009 - i5-1035g1\/8GB\/256GB\/12,45\"\/\/W10Pro Sklep rozwi\u0105za\u0144 Microsoft Surface firmy Polsoft Engineering.","og_url":"https:\/\/polsoft.pl\/microsoft-surface\/produkt\/laptop-microsoft-surface-laptop-go-21o-00009-i5-1035g1-16gb-256gb-1245-w10pro\/","og_site_name":"Sklep rozwi\u0105za\u0144 Microsoft Surface","article_modified_time":"2025-07-15T11:57:34+00:00","og_image":[{"width":800,"height":800,"url":"https:\/\/polsoft.pl\/microsoft-surface\/wp-content\/uploads\/2020\/12\/Microsoft_Surface_Laptop_Go_TNU-00009_TNV-00009_21O-00009.jpg","type":"image\/jpeg"}],"twitter_card":"summary_large_image","twitter_misc":{"Szacowany czas czytania":"2 minuty"},"schema":{"@context":"https:\/\/schema.org","@graph":[{"@type":"WebPage","@id":"https:\/\/polsoft.pl\/microsoft-surface\/produkt\/laptop-microsoft-surface-laptop-go-21o-00009-i5-1035g1-16gb-256gb-1245-w10pro\/","url":"https:\/\/polsoft.pl\/microsoft-surface\/produkt\/laptop-microsoft-surface-laptop-go-21o-00009-i5-1035g1-16gb-256gb-1245-w10pro\/","name":"Microsoft Surface Laptop GO 21O-00009 - Sklep Microsoft Surface","isPartOf":{"@id":"https:\/\/polsoft.pl\/microsoft-surface\/#website"},"primaryImageOfPage":{"@id":"https:\/\/polsoft.pl\/microsoft-surface\/produkt\/laptop-microsoft-surface-laptop-go-21o-00009-i5-1035g1-16gb-256gb-1245-w10pro\/#primaryimage"},"image":{"@id":"https:\/\/polsoft.pl\/microsoft-surface\/produkt\/laptop-microsoft-surface-laptop-go-21o-00009-i5-1035g1-16gb-256gb-1245-w10pro\/#primaryimage"},"thumbnailUrl":"https:\/\/www.polsoft.pl\/microsoft-surface\/wp-content\/uploads\/2020\/12\/Microsoft_Surface_Laptop_Go_TNU-00009_TNV-00009_21O-00009.jpg","datePublished":"2020-11-25T14:11:05+00:00","dateModified":"2025-07-15T11:57:34+00:00","description":"Microsoft Surface Laptop GO 21O-00009 - i5-1035g1\/8GB\/256GB\/12,45\"\/\/W10Pro Sklep rozwi\u0105za\u0144 Microsoft Surface firmy Polsoft Engineering.","breadcrumb":{"@id":"https:\/\/polsoft.pl\/microsoft-surface\/produkt\/laptop-microsoft-surface-laptop-go-21o-00009-i5-1035g1-16gb-256gb-1245-w10pro\/#breadcrumb"},"inLanguage":"pl-PL","potentialAction":[{"@type":"ReadAction","target":["https:\/\/polsoft.pl\/microsoft-surface\/produkt\/laptop-microsoft-surface-laptop-go-21o-00009-i5-1035g1-16gb-256gb-1245-w10pro\/"]}]},{"@type":"ImageObject","inLanguage":"pl-PL","@id":"https:\/\/polsoft.pl\/microsoft-surface\/produkt\/laptop-microsoft-surface-laptop-go-21o-00009-i5-1035g1-16gb-256gb-1245-w10pro\/#primaryimage","url":"https:\/\/www.polsoft.pl\/microsoft-surface\/wp-content\/uploads\/2020\/12\/Microsoft_Surface_Laptop_Go_TNU-00009_TNV-00009_21O-00009.jpg","contentUrl":"https:\/\/www.polsoft.pl\/microsoft-surface\/wp-content\/uploads\/2020\/12\/Microsoft_Surface_Laptop_Go_TNU-00009_TNV-00009_21O-00009.jpg","width":800,"height":800,"caption":"Zdj\u0119cie produktu - Microsoft Surface Laptop Go"},{"@type":"BreadcrumbList","@id":"https:\/\/polsoft.pl\/microsoft-surface\/produkt\/laptop-microsoft-surface-laptop-go-21o-00009-i5-1035g1-16gb-256gb-1245-w10pro\/#breadcrumb","itemListElement":[{"@type":"ListItem","position":1,"name":"Strona g\u0142\u00f3wna","item":"https:\/\/polsoft.pl\/microsoft-surface\/"},{"@type":"ListItem","position":2,"name":"Sklep","item":"https:\/\/polsoft.pl\/microsoft-surface\/sklep\/"},{"@type":"ListItem","position":3,"name":"Laptop Microsoft Surface Laptop GO 21O-00009\/i5-1035G1\/16GB\/256GB\/12,45&#8243;\/\/W10Pro"}]},{"@type":"WebSite","@id":"https:\/\/polsoft.pl\/microsoft-surface\/#website","url":"https:\/\/polsoft.pl\/microsoft-surface\/","name":"Sklep Microsoft Surface","description":"Sklep Microsoft Surface","publisher":{"@id":"https:\/\/polsoft.pl\/microsoft-surface\/#organization"},"potentialAction":[{"@type":"SearchAction","target":{"@type":"EntryPoint","urlTemplate":"https:\/\/polsoft.pl\/microsoft-surface\/?s={search_term_string}"},"query-input":{"@type":"PropertyValueSpecification","valueRequired":true,"valueName":"search_term_string"}}],"inLanguage":"pl-PL"},{"@type":"Organization","@id":"https:\/\/polsoft.pl\/microsoft-surface\/#organization","name":"Polsoft Engineering Sp. z o.o.","url":"https:\/\/polsoft.pl\/microsoft-surface\/","logo":{"@type":"ImageObject","inLanguage":"pl-PL","@id":"https:\/\/polsoft.pl\/microsoft-surface\/#\/schema\/logo\/image\/","url":"https:\/\/www.polsoft.pl\/microsoft-surface\/wp-content\/uploads\/2020\/10\/microsoft_partner_logo_black_polsoft.png","contentUrl":"https:\/\/www.polsoft.pl\/microsoft-surface\/wp-content\/uploads\/2020\/10\/microsoft_partner_logo_black_polsoft.png","width":613,"height":158,"caption":"Polsoft Engineering Sp. z o.o."},"image":{"@id":"https:\/\/polsoft.pl\/microsoft-surface\/#\/schema\/logo\/image\/"}}]}},"_links":{"self":[{"href":"https:\/\/www.polsoft.pl\/microsoft-surface\/wp-json\/wp\/v2\/product\/2787","targetHints":{"allow":["GET"]}}],"collection":[{"href":"https:\/\/www.polsoft.pl\/microsoft-surface\/wp-json\/wp\/v2\/product"}],"about":[{"href":"https:\/\/www.polsoft.pl\/microsoft-surface\/wp-json\/wp\/v2\/types\/product"}],"version-history":[{"count":4,"href":"https:\/\/www.polsoft.pl\/microsoft-surface\/wp-json\/wp\/v2\/product\/2787\/revisions"}],"predecessor-version":[{"id":2827,"href":"https:\/\/www.polsoft.pl\/microsoft-surface\/wp-json\/wp\/v2\/product\/2787\/revisions\/2827"}],"wp:featuredmedia":[{"embeddable":true,"href":"https:\/\/www.polsoft.pl\/microsoft-surface\/wp-json\/wp\/v2\/media\/2870"}],"wp:attachment":[{"href":"https:\/\/www.polsoft.pl\/microsoft-surface\/wp-json\/wp\/v2\/media?parent=2787"}],"wp:term":[{"taxonomy":"product_brand","embeddable":true,"href":"https:\/\/www.polsoft.pl\/microsoft-surface\/wp-json\/wp\/v2\/product_brand?post=2787"},{"taxonomy":"product_cat","embeddable":true,"href":"https:\/\/www.polsoft.pl\/microsoft-surface\/wp-json\/wp\/v2\/product_cat?post=2787"},{"taxonomy":"product_tag","embeddable":true,"href":"https:\/\/www.polsoft.pl\/microsoft-surface\/wp-json\/wp\/v2\/product_tag?post=2787"}],"curies":[{"name":"wp","href":"https:\/\/api.w.org\/{rel}","templated":true}]}}