{"id":283,"date":"2020-08-11T12:49:25","date_gmt":"2020-08-11T12:49:25","guid":{"rendered":"http:\/\/polsoft.pl\/microsoft-surface\/produkt\/komputer-aio-microsoft-surface-studio-2-28-lal-00018-7820hq-32gb-1tb-28-gtx-1070-w10pro\/"},"modified":"2025-07-15T14:01:21","modified_gmt":"2025-07-15T12:01:21","slug":"komputer-aio-microsoft-surface-studio-2-28-lal-00018-7820hq-32gb-1tb-28-gtx-1070-w10pro","status":"publish","type":"product","link":"https:\/\/www.polsoft.pl\/microsoft-surface\/produkt\/komputer-aio-microsoft-surface-studio-2-28-lal-00018-7820hq-32gb-1tb-28-gtx-1070-w10pro\/","title":{"rendered":"Komputer AIO Microsoft Surface STUDIO 2 28&#8243; LAL-00018\/7820HQ\/32GB\/1TB\/28&#8243;\/GTX 1070\/W10Pro"},"content":{"rendered":"<p><a href=\"https:\/\/polsoft.pl\/microsoft-surface\/kategoria\/komputery-microsoft-surface\/microsoft-surface-studio-2\/\">Microsoft Surface Studio 2<\/a> LAL-00018 jest najwydajniejszym komputerem Surface jakie zaprojektowa\u0142a firma Microsoft. Bezproblemowo poradzi sobie z wymaganiami dynamicznego biznesu oraz uwolni kreatywny potencja\u0142 ka\u017cdego u\u017cytkownika.<\/p>\n<p>Zachwy\u0107 si\u0119 \u017cywymi kolorami, doskona\u0142ym kontrastem i szerokim k\u0105tem widzenia dzi\u0119ki technologii PixelSense\u2122 w dotykowym, 28 calowym wy\u015bwietlaczu o du\u017cej rozdzielczo\u015bci 4500&#215;3000. Natomiast taki in\u017cynieryjny majstersztyk jak \u201eZero Gravity Hinge\u201d pomo\u017ce Ci bez trudu ustawi\u0107 ekran w idealnej pozycji, co sprawia, \u017ce korzystanie z urz\u0105dzenia d\u0142oni\u0105 czy rysikiem stanie si\u0119 nad wyraz komfortowe. Wysok\u0105 wydajno\u015b\u0107 zapewnia szybkie, czterordzeniowe procesory Intel\u00ae Core\u2122 si\u00f3dmej generacji wraz z kart\u0105 graficzn\u0105 NVIDIA\u00ae GeForce\u00ae GTX serii Pascal.<\/p>\n<p><a href=\"https:\/\/polsoft.pl\/microsoft-surface\/kategoria\/komputery-microsoft-surface\/microsoft-surface-studio-2\/\">Microsoft Surface Studio 2<\/a> LAL-00018 to elastyczne narz\u0119dzie pracy pe\u0142ne z\u0142\u0105czy, takich jak USB-C oraz USB 3.0, czytnik kart SDXC oraz mo\u017cliwo\u015b\u0107 komunikacji bezprzewodowej. Obudow\u0119 uzbrojono w szereg\u00a0 multimedi\u00f3w jak kamer\u0119 5.0MP, 2 mikrofony dalekiego pola, oraz g\u0142o\u015bniki stereo Dolby\u00ae Audio\u2122 Premium.<\/p>\n<p>Pracuj bezpiecznie wykorzystuj\u0105c sprz\u0119towe TPM czy innowacyjn\u0105 metod\u0119 uwierzytelniania za pomoc\u0105 rozpoznawania twarzy \u2013 Windows Hello. Wszystko to, doskonale zintegrowane z systemem Windows 10 Pro oraz pakietem Microsoft Office 365, co pozwala wydajnie pracowa\u0107 ka\u017cdego dnia.<\/p>\n<p>Zwi\u0119ksz precyzj\u0119 pracy z szerok\u0105 gam\u0105 mobilnych akcesori\u00f3w typu myszka Microsoft Surface Precision, myszka Microsoft Surface Ergonomic czy klawiatura Surface Ergonomic. Ponadto z rysikami Surface Pen oraz pokr\u0119t\u0142em Surface Dial b\u0119dziesz tworzy\u0107 absolutnie bez \u017cadnych ogranicze\u0144.<\/p>\n<p>Nie martw si\u0119 o dodatkowe kable b\u0105d\u017a szukaniu adapter\u00f3w dzi\u0119ki wbudowanej funkcji firmy Microsoft \u201eXbox Wireless\u201d, umo\u017cliwiaj\u0105cy kontrolerom raz odpowiednim zestawom s\u0142uchawkowym na bezpo\u015brednie po\u0142\u0105czenie bezprzewodowe.<\/p>\n<p>Microsoft Surface Studio 2 jest komputerem, kt\u00f3ry spe\u0142ni oczekiwania nawet najbardziej wymagaj\u0105cych u\u017cytkownik\u00f3w. Dzi\u0119ki niespotykanej elastyczno\u015bci pracy najnowszego komputera Microsoft Surface Studio 2, dostosujesz go do swojego indywidualnego stylu w ka\u017cdych warunkach.<\/p>\n<table width=\"785\">\n<tbody>\n<tr>\n<td width=\"201\">Procesor<\/td>\n<td width=\"584\"><a href=\"https:\/\/ark.intel.com\/content\/www\/pl\/pl\/ark\/products\/97496\/intel-core-i7-7820hq-processor-8m-cache-up-to-3-90-ghz.html\">Intel\u00ae Core\u2122 i7-7820HQ<\/a><\/td>\n<\/tr>\n<tr>\n<td>Wy\u015bwietlacz<\/td>\n<td width=\"584\">ekran:<br \/>\n28&#8243; PixelSense\u2122<br \/>\nrozdzielczo\u015b\u0107:<br \/>\n4500 x 3000 (192 PPI)<br \/>\nwsp\u00f3\u0142czynnik proporcji:<br \/>\n3:2<br \/>\nustawienia kolor\u00f3w:<br \/>\nsRGB, DCI-P3, wyraziste kolory (Vivid)<br \/>\nwsp\u00f3\u0142czynnik kontrastu:<br \/>\n1600:1<br \/>\ndotyk:<br \/>\nmulti-touch z obs\u0142ug\u0105 10 punkt\u00f3w dotykowych<br \/>\nzgodno\u015b\u0107 z pi\u00f3rem Surface<br \/>\nzawias &#8222;Zero Gravity Hinge&#8221;<\/td>\n<\/tr>\n<tr>\n<td>Karta graficzna<\/td>\n<td width=\"584\">NVIDIA\u00ae GeForce\u00ae GTX 1060 z 6GB pami\u0119ci GDDR5,<br \/>\nNVIDIA\u00ae GeForce\u00ae GTX 1070 z 8GB pami\u0119ci GDDR5<\/td>\n<\/tr>\n<tr>\n<td>Pami\u0119\u0107<\/td>\n<td>32GB RAM DDR4<\/td>\n<\/tr>\n<tr>\n<td>Przestrze\u0144 dyskowa<\/td>\n<td>SSD 1TB<\/td>\n<\/tr>\n<tr>\n<td>\u0141\u0105czno\u015b\u0107 bezprzewodowa<\/td>\n<td width=\"584\">Wi-Fi: zgodne ze standardem IEEE 802.11a\/b\/g\/n<br \/>\nmodu\u0142 Bluetooth\u00ae Wireless 4.0<br \/>\nprotok\u00f3\u0142 Xbox Wireless<\/td>\n<\/tr>\n<tr>\n<td>Z\u0142\u0105cza<\/td>\n<td width=\"584\">4 x USB 3.0<br \/>\n1 x USB-C<br \/>\n1 x czytnik kart SDXC<br \/>\n1 x z\u0142\u0105cze s\u0142uchawkowe Jack 3.5 mm<br \/>\n1 x port Gigabit Ethernet<br \/>\nkompatybilne z pokr\u0119t\u0142em Surface Dial<\/td>\n<\/tr>\n<tr>\n<td>Zabezpieczenia<\/td>\n<td width=\"584\">Firmware TPM<br \/>\nWindows Hello &#8211; rozpoznawanie twarzy do odblokowania urz\u0105dzenia<\/td>\n<\/tr>\n<tr>\n<td>Multimedia<\/td>\n<td width=\"584\">przednia kamera do uwierzytelnienia twarzy &#8211; Windows Hello<br \/>\n5.0MP przednia kamera &#8211; nagrywanie film\u00f3w w HD 1080p<br \/>\n2 x mikrofon<br \/>\ng\u0142o\u015bniki stereo 2.1 Dolby\u00ae Audio\u2122 Premium<\/td>\n<\/tr>\n<tr>\n<td>Oprogramowanie<\/td>\n<td width=\"584\">Windows 10 Pro<br \/>\nmiesi\u0119czna wersja pr\u00f3bna Microsoft Office 365<\/td>\n<\/tr>\n<tr>\n<td>Wymiary (mm)<\/td>\n<td width=\"584\">wy\u015bwietlacz:<br \/>\n637.35 x 438.90 x 12,50 (sz. x g\u0142. x wys.)<br \/>\npodstawa:<br \/>\n250 x 220 x 32.20 (sz. x g\u0142. x wys.)<\/td>\n<\/tr>\n<tr>\n<td width=\"201\">Waga<\/td>\n<td width=\"584\">9 560g<\/td>\n<\/tr>\n<tr>\n<td>Inne<\/td>\n<td width=\"584\">przyciski regulacji g\u0142o\u015bno\u015bci oraz zasilania<\/td>\n<\/tr>\n<tr>\n<td>Zawarto\u015b\u0107 zestawu<\/td>\n<td width=\"584\">Surface Studio 2<br \/>\npi\u00f3ro Surface<br \/>\nklawiatura Surface<br \/>\nmysz Surface<br \/>\nkabel zasilaj\u0105cy z uchwytem<br \/>\nskr\u00f3cona instrukcja obs\u0142ugi<br \/>\ndokumenty dotycz\u0105ce gwarancji i bezpiecze\u0144stwa<\/td>\n<\/tr>\n<tr>\n<td>Gwarancja<\/td>\n<td width=\"584\">roczny okres gwarancji<\/td>\n<\/tr>\n<\/tbody>\n<\/table>\n","protected":false},"excerpt":{"rendered":"<p>Microsoft Surface Studio 2 LAL-00018 jest najwydajniejszym komputerem Surface jakie zaprojektowa\u0142a firma Microsoft. Bezproblemowo poradzi sobie z wymaganiami dynamicznego biznesu oraz uwolni kreatywny potencja\u0142 ka\u017cdego u\u017cytkownika. Zachwy\u0107 si\u0119 \u017cywymi kolorami, doskona\u0142ym kontrastem i szerokim k\u0105tem widzenia dzi\u0119ki technologii PixelSense\u2122 w dotykowym, 28 calowym wy\u015bwietlaczu o du\u017cej rozdzielczo\u015bci 4500&#215;3000. Natomiast taki in\u017cynieryjny majstersztyk jak \u201eZero Gravity [&hellip;]<\/p>\n","protected":false},"featured_media":1753,"template":"","meta":{"site-sidebar-layout":"default","site-content-layout":"default","ast-site-content-layout":"default","site-content-style":"default","site-sidebar-style":"default","ast-global-header-display":"","ast-banner-title-visibility":"","ast-main-header-display":"","ast-hfb-above-header-display":"","ast-hfb-below-header-display":"","ast-hfb-mobile-header-display":"","site-post-title":"","ast-breadcrumbs-content":"","ast-featured-img":"","footer-sml-layout":"","ast-disable-related-posts":"","theme-transparent-header-meta":"default","adv-header-id-meta":"","stick-header-meta":"","header-above-stick-meta":"","header-main-stick-meta":"","header-below-stick-meta":"","astra-migrate-meta-layouts":"default","ast-page-background-enabled":"default","ast-page-background-meta":{"desktop":{"background-color":"","background-image":"","background-repeat":"repeat","background-position":"center center","background-size":"auto","background-attachment":"scroll","background-type":"","background-media":"","overlay-type":"","overlay-color":"","overlay-opacity":"","overlay-gradient":""},"tablet":{"background-color":"","background-image":"","background-repeat":"repeat","background-position":"center center","background-size":"auto","background-attachment":"scroll","background-type":"","background-media":"","overlay-type":"","overlay-color":"","overlay-opacity":"","overlay-gradient":""},"mobile":{"background-color":"","background-image":"","background-repeat":"repeat","background-position":"center center","background-size":"auto","background-attachment":"scroll","background-type":"","background-media":"","overlay-type":"","overlay-color":"","overlay-opacity":"","overlay-gradient":""}},"ast-content-background-meta":{"desktop":{"background-color":"var(--ast-global-color-5)","background-image":"","background-repeat":"repeat","background-position":"center center","background-size":"auto","background-attachment":"scroll","background-type":"","background-media":"","overlay-type":"","overlay-color":"","overlay-opacity":"","overlay-gradient":""},"tablet":{"background-color":"var(--ast-global-color-5)","background-image":"","background-repeat":"repeat","background-position":"center center","background-size":"auto","background-attachment":"scroll","background-type":"","background-media":"","overlay-type":"","overlay-color":"","overlay-opacity":"","overlay-gradient":""},"mobile":{"background-color":"var(--ast-global-color-5)","background-image":"","background-repeat":"repeat","background-position":"center center","background-size":"auto","background-attachment":"scroll","background-type":"","background-media":"","overlay-type":"","overlay-color":"","overlay-opacity":"","overlay-gradient":""}},"_links_to":"","_links_to_target":""},"product_brand":[],"product_cat":[],"product_tag":[],"class_list":{"0":"post-283","1":"product","2":"type-product","3":"status-publish","4":"has-post-thumbnail","6":"pa_dodatkowe-komponenty-gtx-1070","7":"pa_matryca-64","8":"pa_model-procesora-i7-7820hq","9":"pa_pamiec-ram-32gb","10":"pa_pojemnosc-dysku-1tb","11":"pa_producent-procesora-intel","12":"pa_w-zestawie-urzadzenie-klawiatura-zasilacz","13":"desktop-align-left","14":"tablet-align-left","15":"mobile-align-left","17":"first","18":"outofstock","19":"taxable","20":"shipping-taxable","21":"purchasable","22":"product-type-simple"},"yoast_head":"<!-- This site is optimized with the Yoast SEO plugin v26.7 - https:\/\/yoast.com\/wordpress\/plugins\/seo\/ -->\n<title>Microsoft Surface Studio 2 LAL-00018 - Sklep Microsoft Surface<\/title>\n<meta name=\"description\" content=\"Microsoft Surface STUDIO 2 28&quot; LAL-00018\/7820HQ\/32GB\/1TB\/28&quot;\/GTX 1070\/W10Pro Sklep rozwi\u0105za\u0144 Microsoft Surface firmy Polsoft Engineering.\" \/>\n<meta name=\"robots\" content=\"index, follow, max-snippet:-1, max-image-preview:large, max-video-preview:-1\" \/>\n<link rel=\"canonical\" href=\"https:\/\/polsoft.pl\/microsoft-surface\/produkt\/komputer-aio-microsoft-surface-studio-2-28-lal-00018-7820hq-32gb-1tb-28-gtx-1070-w10pro\/\" \/>\n<meta property=\"og:locale\" content=\"pl_PL\" \/>\n<meta property=\"og:type\" content=\"article\" \/>\n<meta property=\"og:title\" content=\"Microsoft Surface Studio 2 LAL-00018 - Sklep Microsoft Surface\" \/>\n<meta property=\"og:description\" content=\"Microsoft Surface STUDIO 2 28&quot; LAL-00018\/7820HQ\/32GB\/1TB\/28&quot;\/GTX 1070\/W10Pro Sklep rozwi\u0105za\u0144 Microsoft Surface firmy Polsoft Engineering.\" \/>\n<meta property=\"og:url\" content=\"https:\/\/polsoft.pl\/microsoft-surface\/produkt\/komputer-aio-microsoft-surface-studio-2-28-lal-00018-7820hq-32gb-1tb-28-gtx-1070-w10pro\/\" \/>\n<meta property=\"og:site_name\" content=\"Sklep rozwi\u0105za\u0144 Microsoft Surface\" \/>\n<meta property=\"article:modified_time\" content=\"2025-07-15T12:01:21+00:00\" \/>\n<meta property=\"og:image\" content=\"https:\/\/polsoft.pl\/microsoft-surface\/wp-content\/uploads\/2020\/09\/Komputer_Microsoft_Surface_Studio_2_LAL-00018.jpg\" \/>\n\t<meta property=\"og:image:width\" content=\"1200\" \/>\n\t<meta property=\"og:image:height\" content=\"1200\" \/>\n\t<meta property=\"og:image:type\" content=\"image\/jpeg\" \/>\n<meta name=\"twitter:card\" content=\"summary_large_image\" \/>\n<meta name=\"twitter:label1\" content=\"Szacowany czas czytania\" \/>\n\t<meta name=\"twitter:data1\" content=\"3 minuty\" \/>\n<script type=\"application\/ld+json\" class=\"yoast-schema-graph\">{\"@context\":\"https:\/\/schema.org\",\"@graph\":[{\"@type\":\"WebPage\",\"@id\":\"https:\/\/polsoft.pl\/microsoft-surface\/produkt\/komputer-aio-microsoft-surface-studio-2-28-lal-00018-7820hq-32gb-1tb-28-gtx-1070-w10pro\/\",\"url\":\"https:\/\/polsoft.pl\/microsoft-surface\/produkt\/komputer-aio-microsoft-surface-studio-2-28-lal-00018-7820hq-32gb-1tb-28-gtx-1070-w10pro\/\",\"name\":\"Microsoft Surface Studio 2 LAL-00018 - Sklep Microsoft Surface\",\"isPartOf\":{\"@id\":\"https:\/\/polsoft.pl\/microsoft-surface\/#website\"},\"primaryImageOfPage\":{\"@id\":\"https:\/\/polsoft.pl\/microsoft-surface\/produkt\/komputer-aio-microsoft-surface-studio-2-28-lal-00018-7820hq-32gb-1tb-28-gtx-1070-w10pro\/#primaryimage\"},\"image\":{\"@id\":\"https:\/\/polsoft.pl\/microsoft-surface\/produkt\/komputer-aio-microsoft-surface-studio-2-28-lal-00018-7820hq-32gb-1tb-28-gtx-1070-w10pro\/#primaryimage\"},\"thumbnailUrl\":\"https:\/\/www.polsoft.pl\/microsoft-surface\/wp-content\/uploads\/2020\/09\/Komputer_Microsoft_Surface_Studio_2_LAL-00018.jpg\",\"datePublished\":\"2020-08-11T12:49:25+00:00\",\"dateModified\":\"2025-07-15T12:01:21+00:00\",\"description\":\"Microsoft Surface STUDIO 2 28\\\" LAL-00018\/7820HQ\/32GB\/1TB\/28\\\"\/GTX 1070\/W10Pro Sklep rozwi\u0105za\u0144 Microsoft Surface firmy Polsoft Engineering.\",\"breadcrumb\":{\"@id\":\"https:\/\/polsoft.pl\/microsoft-surface\/produkt\/komputer-aio-microsoft-surface-studio-2-28-lal-00018-7820hq-32gb-1tb-28-gtx-1070-w10pro\/#breadcrumb\"},\"inLanguage\":\"pl-PL\",\"potentialAction\":[{\"@type\":\"ReadAction\",\"target\":[\"https:\/\/polsoft.pl\/microsoft-surface\/produkt\/komputer-aio-microsoft-surface-studio-2-28-lal-00018-7820hq-32gb-1tb-28-gtx-1070-w10pro\/\"]}]},{\"@type\":\"ImageObject\",\"inLanguage\":\"pl-PL\",\"@id\":\"https:\/\/polsoft.pl\/microsoft-surface\/produkt\/komputer-aio-microsoft-surface-studio-2-28-lal-00018-7820hq-32gb-1tb-28-gtx-1070-w10pro\/#primaryimage\",\"url\":\"https:\/\/www.polsoft.pl\/microsoft-surface\/wp-content\/uploads\/2020\/09\/Komputer_Microsoft_Surface_Studio_2_LAL-00018.jpg\",\"contentUrl\":\"https:\/\/www.polsoft.pl\/microsoft-surface\/wp-content\/uploads\/2020\/09\/Komputer_Microsoft_Surface_Studio_2_LAL-00018.jpg\",\"width\":1200,\"height\":1200,\"caption\":\"Zdj\u0119cie produktu - komputer Microsoft Surface Studio 2\"},{\"@type\":\"BreadcrumbList\",\"@id\":\"https:\/\/polsoft.pl\/microsoft-surface\/produkt\/komputer-aio-microsoft-surface-studio-2-28-lal-00018-7820hq-32gb-1tb-28-gtx-1070-w10pro\/#breadcrumb\",\"itemListElement\":[{\"@type\":\"ListItem\",\"position\":1,\"name\":\"Strona g\u0142\u00f3wna\",\"item\":\"https:\/\/polsoft.pl\/microsoft-surface\/\"},{\"@type\":\"ListItem\",\"position\":2,\"name\":\"Sklep\",\"item\":\"https:\/\/polsoft.pl\/microsoft-surface\/sklep\/\"},{\"@type\":\"ListItem\",\"position\":3,\"name\":\"Komputer AIO Microsoft Surface STUDIO 2 28&#8243; LAL-00018\/7820HQ\/32GB\/1TB\/28&#8243;\/GTX 1070\/W10Pro\"}]},{\"@type\":\"WebSite\",\"@id\":\"https:\/\/polsoft.pl\/microsoft-surface\/#website\",\"url\":\"https:\/\/polsoft.pl\/microsoft-surface\/\",\"name\":\"Sklep Microsoft Surface\",\"description\":\"Sklep Microsoft Surface\",\"publisher\":{\"@id\":\"https:\/\/polsoft.pl\/microsoft-surface\/#organization\"},\"potentialAction\":[{\"@type\":\"SearchAction\",\"target\":{\"@type\":\"EntryPoint\",\"urlTemplate\":\"https:\/\/polsoft.pl\/microsoft-surface\/?s={search_term_string}\"},\"query-input\":{\"@type\":\"PropertyValueSpecification\",\"valueRequired\":true,\"valueName\":\"search_term_string\"}}],\"inLanguage\":\"pl-PL\"},{\"@type\":\"Organization\",\"@id\":\"https:\/\/polsoft.pl\/microsoft-surface\/#organization\",\"name\":\"Polsoft Engineering Sp. z o.o.\",\"url\":\"https:\/\/polsoft.pl\/microsoft-surface\/\",\"logo\":{\"@type\":\"ImageObject\",\"inLanguage\":\"pl-PL\",\"@id\":\"https:\/\/polsoft.pl\/microsoft-surface\/#\/schema\/logo\/image\/\",\"url\":\"https:\/\/www.polsoft.pl\/microsoft-surface\/wp-content\/uploads\/2020\/10\/microsoft_partner_logo_black_polsoft.png\",\"contentUrl\":\"https:\/\/www.polsoft.pl\/microsoft-surface\/wp-content\/uploads\/2020\/10\/microsoft_partner_logo_black_polsoft.png\",\"width\":613,\"height\":158,\"caption\":\"Polsoft Engineering Sp. z o.o.\"},\"image\":{\"@id\":\"https:\/\/polsoft.pl\/microsoft-surface\/#\/schema\/logo\/image\/\"}}]}<\/script>\n<!-- \/ Yoast SEO plugin. -->","yoast_head_json":{"title":"Microsoft Surface Studio 2 LAL-00018 - Sklep Microsoft Surface","description":"Microsoft Surface STUDIO 2 28\" LAL-00018\/7820HQ\/32GB\/1TB\/28\"\/GTX 1070\/W10Pro Sklep rozwi\u0105za\u0144 Microsoft Surface firmy Polsoft Engineering.","robots":{"index":"index","follow":"follow","max-snippet":"max-snippet:-1","max-image-preview":"max-image-preview:large","max-video-preview":"max-video-preview:-1"},"canonical":"https:\/\/polsoft.pl\/microsoft-surface\/produkt\/komputer-aio-microsoft-surface-studio-2-28-lal-00018-7820hq-32gb-1tb-28-gtx-1070-w10pro\/","og_locale":"pl_PL","og_type":"article","og_title":"Microsoft Surface Studio 2 LAL-00018 - Sklep Microsoft Surface","og_description":"Microsoft Surface STUDIO 2 28\" LAL-00018\/7820HQ\/32GB\/1TB\/28\"\/GTX 1070\/W10Pro Sklep rozwi\u0105za\u0144 Microsoft Surface firmy Polsoft Engineering.","og_url":"https:\/\/polsoft.pl\/microsoft-surface\/produkt\/komputer-aio-microsoft-surface-studio-2-28-lal-00018-7820hq-32gb-1tb-28-gtx-1070-w10pro\/","og_site_name":"Sklep rozwi\u0105za\u0144 Microsoft Surface","article_modified_time":"2025-07-15T12:01:21+00:00","og_image":[{"width":1200,"height":1200,"url":"https:\/\/polsoft.pl\/microsoft-surface\/wp-content\/uploads\/2020\/09\/Komputer_Microsoft_Surface_Studio_2_LAL-00018.jpg","type":"image\/jpeg"}],"twitter_card":"summary_large_image","twitter_misc":{"Szacowany czas czytania":"3 minuty"},"schema":{"@context":"https:\/\/schema.org","@graph":[{"@type":"WebPage","@id":"https:\/\/polsoft.pl\/microsoft-surface\/produkt\/komputer-aio-microsoft-surface-studio-2-28-lal-00018-7820hq-32gb-1tb-28-gtx-1070-w10pro\/","url":"https:\/\/polsoft.pl\/microsoft-surface\/produkt\/komputer-aio-microsoft-surface-studio-2-28-lal-00018-7820hq-32gb-1tb-28-gtx-1070-w10pro\/","name":"Microsoft Surface Studio 2 LAL-00018 - Sklep Microsoft Surface","isPartOf":{"@id":"https:\/\/polsoft.pl\/microsoft-surface\/#website"},"primaryImageOfPage":{"@id":"https:\/\/polsoft.pl\/microsoft-surface\/produkt\/komputer-aio-microsoft-surface-studio-2-28-lal-00018-7820hq-32gb-1tb-28-gtx-1070-w10pro\/#primaryimage"},"image":{"@id":"https:\/\/polsoft.pl\/microsoft-surface\/produkt\/komputer-aio-microsoft-surface-studio-2-28-lal-00018-7820hq-32gb-1tb-28-gtx-1070-w10pro\/#primaryimage"},"thumbnailUrl":"https:\/\/www.polsoft.pl\/microsoft-surface\/wp-content\/uploads\/2020\/09\/Komputer_Microsoft_Surface_Studio_2_LAL-00018.jpg","datePublished":"2020-08-11T12:49:25+00:00","dateModified":"2025-07-15T12:01:21+00:00","description":"Microsoft Surface STUDIO 2 28\" LAL-00018\/7820HQ\/32GB\/1TB\/28\"\/GTX 1070\/W10Pro Sklep rozwi\u0105za\u0144 Microsoft Surface firmy Polsoft Engineering.","breadcrumb":{"@id":"https:\/\/polsoft.pl\/microsoft-surface\/produkt\/komputer-aio-microsoft-surface-studio-2-28-lal-00018-7820hq-32gb-1tb-28-gtx-1070-w10pro\/#breadcrumb"},"inLanguage":"pl-PL","potentialAction":[{"@type":"ReadAction","target":["https:\/\/polsoft.pl\/microsoft-surface\/produkt\/komputer-aio-microsoft-surface-studio-2-28-lal-00018-7820hq-32gb-1tb-28-gtx-1070-w10pro\/"]}]},{"@type":"ImageObject","inLanguage":"pl-PL","@id":"https:\/\/polsoft.pl\/microsoft-surface\/produkt\/komputer-aio-microsoft-surface-studio-2-28-lal-00018-7820hq-32gb-1tb-28-gtx-1070-w10pro\/#primaryimage","url":"https:\/\/www.polsoft.pl\/microsoft-surface\/wp-content\/uploads\/2020\/09\/Komputer_Microsoft_Surface_Studio_2_LAL-00018.jpg","contentUrl":"https:\/\/www.polsoft.pl\/microsoft-surface\/wp-content\/uploads\/2020\/09\/Komputer_Microsoft_Surface_Studio_2_LAL-00018.jpg","width":1200,"height":1200,"caption":"Zdj\u0119cie produktu - komputer Microsoft Surface Studio 2"},{"@type":"BreadcrumbList","@id":"https:\/\/polsoft.pl\/microsoft-surface\/produkt\/komputer-aio-microsoft-surface-studio-2-28-lal-00018-7820hq-32gb-1tb-28-gtx-1070-w10pro\/#breadcrumb","itemListElement":[{"@type":"ListItem","position":1,"name":"Strona g\u0142\u00f3wna","item":"https:\/\/polsoft.pl\/microsoft-surface\/"},{"@type":"ListItem","position":2,"name":"Sklep","item":"https:\/\/polsoft.pl\/microsoft-surface\/sklep\/"},{"@type":"ListItem","position":3,"name":"Komputer AIO Microsoft Surface STUDIO 2 28&#8243; LAL-00018\/7820HQ\/32GB\/1TB\/28&#8243;\/GTX 1070\/W10Pro"}]},{"@type":"WebSite","@id":"https:\/\/polsoft.pl\/microsoft-surface\/#website","url":"https:\/\/polsoft.pl\/microsoft-surface\/","name":"Sklep Microsoft Surface","description":"Sklep Microsoft Surface","publisher":{"@id":"https:\/\/polsoft.pl\/microsoft-surface\/#organization"},"potentialAction":[{"@type":"SearchAction","target":{"@type":"EntryPoint","urlTemplate":"https:\/\/polsoft.pl\/microsoft-surface\/?s={search_term_string}"},"query-input":{"@type":"PropertyValueSpecification","valueRequired":true,"valueName":"search_term_string"}}],"inLanguage":"pl-PL"},{"@type":"Organization","@id":"https:\/\/polsoft.pl\/microsoft-surface\/#organization","name":"Polsoft Engineering Sp. z o.o.","url":"https:\/\/polsoft.pl\/microsoft-surface\/","logo":{"@type":"ImageObject","inLanguage":"pl-PL","@id":"https:\/\/polsoft.pl\/microsoft-surface\/#\/schema\/logo\/image\/","url":"https:\/\/www.polsoft.pl\/microsoft-surface\/wp-content\/uploads\/2020\/10\/microsoft_partner_logo_black_polsoft.png","contentUrl":"https:\/\/www.polsoft.pl\/microsoft-surface\/wp-content\/uploads\/2020\/10\/microsoft_partner_logo_black_polsoft.png","width":613,"height":158,"caption":"Polsoft Engineering Sp. z o.o."},"image":{"@id":"https:\/\/polsoft.pl\/microsoft-surface\/#\/schema\/logo\/image\/"}}]}},"_links":{"self":[{"href":"https:\/\/www.polsoft.pl\/microsoft-surface\/wp-json\/wp\/v2\/product\/283","targetHints":{"allow":["GET"]}}],"collection":[{"href":"https:\/\/www.polsoft.pl\/microsoft-surface\/wp-json\/wp\/v2\/product"}],"about":[{"href":"https:\/\/www.polsoft.pl\/microsoft-surface\/wp-json\/wp\/v2\/types\/product"}],"version-history":[{"count":6,"href":"https:\/\/www.polsoft.pl\/microsoft-surface\/wp-json\/wp\/v2\/product\/283\/revisions"}],"predecessor-version":[{"id":2594,"href":"https:\/\/www.polsoft.pl\/microsoft-surface\/wp-json\/wp\/v2\/product\/283\/revisions\/2594"}],"wp:featuredmedia":[{"embeddable":true,"href":"https:\/\/www.polsoft.pl\/microsoft-surface\/wp-json\/wp\/v2\/media\/1753"}],"wp:attachment":[{"href":"https:\/\/www.polsoft.pl\/microsoft-surface\/wp-json\/wp\/v2\/media?parent=283"}],"wp:term":[{"taxonomy":"product_brand","embeddable":true,"href":"https:\/\/www.polsoft.pl\/microsoft-surface\/wp-json\/wp\/v2\/product_brand?post=283"},{"taxonomy":"product_cat","embeddable":true,"href":"https:\/\/www.polsoft.pl\/microsoft-surface\/wp-json\/wp\/v2\/product_cat?post=283"},{"taxonomy":"product_tag","embeddable":true,"href":"https:\/\/www.polsoft.pl\/microsoft-surface\/wp-json\/wp\/v2\/product_tag?post=283"}],"curies":[{"name":"wp","href":"https:\/\/api.w.org\/{rel}","templated":true}]}}