{"id":304,"date":"2020-08-11T12:49:32","date_gmt":"2020-08-11T12:49:32","guid":{"rendered":"http:\/\/polsoft.pl\/microsoft-surface\/produkt\/go-type-cover-n-comm-sc-eng-intl-euro-hdwr-commercial-black-refresh\/"},"modified":"2026-01-23T12:47:08","modified_gmt":"2026-01-23T11:47:08","slug":"go-type-cover-n-comm-sc-eng-intl-euro-hdwr-commercial-black-refresh","status":"publish","type":"product","link":"https:\/\/www.polsoft.pl\/microsoft-surface\/produkt\/go-type-cover-n-comm-sc-eng-intl-euro-hdwr-commercial-black-refresh\/","title":{"rendered":"Go Type Cover N COMM SC Eng Intl Euro Hdwr Commercial Black Refresh"},"content":{"rendered":"<p>W jednej chwili zamie\u0144 sw\u00f3j tablet w laptop pod\u0142\u0105czaj\u0105c do niego klawiatur\u0119 Microsoft Surface Type Cover. Elegancja, smuk\u0142o\u015b\u0107 i mobilno\u015b\u0107 to g\u0142\u00f3wne cechy charakteryzuj\u0105ce to akcesorium. Jest jednym z niezb\u0119dnych dodatk\u00f3w dost\u0119pnych dla tabletu Microsoft Surface Go. Klawiatura ta pe\u0142ni r\u00f3wnie\u017c funkcj\u0119 etui jednocze\u015bnie chroni\u0105c pow\u0142ok\u0119 przed zarysowaniami. Natomiast pod\u015bwietlane klawisze zapewniaj\u0105 wygod\u0119 pracy przy s\u0142abym o\u015bwietleniu. Dodatkowo Klawiatura Microsoft Surface Type Cover, posiada standardowe rozmieszczenie klawiszy QWERTY oraz rz\u0105d pe\u0142nych klawiszy funkcyjnych od F1 do F12.<\/p>\n<table>\n<tbody>\n<tr>\n<td width=\"170\">Producent:<\/td>\n<td width=\"434\">Microsoft<\/td>\n<\/tr>\n<tr>\n<td width=\"170\">Wymiary (mm):<\/td>\n<td width=\"434\">248 x 190 x 4.5 (sz. x g\u0142. x wys.)<\/td>\n<\/tr>\n<tr>\n<td width=\"170\">Waga:<\/td>\n<td width=\"434\">245 g<\/td>\n<\/tr>\n<tr>\n<td width=\"170\">Pod\u015bwietlenie:<\/td>\n<td width=\"434\">tak<\/td>\n<\/tr>\n<tr>\n<td width=\"170\">Kolor, materia\u0142:<\/td>\n<td width=\"434\">czarny (black), Alcantara<\/td>\n<\/tr>\n<tr>\n<td width=\"170\">Inne:<\/td>\n<td width=\"434\">\u00b7\u00a0\u00a0\u00a0\u00a0\u00a0\u00a0\u00a0\u00a0 Rozmieszczenie klawiszy \u2013 QWERTY<\/p>\n<p>\u00b7\u00a0\u00a0\u00a0\u00a0\u00a0\u00a0\u00a0\u00a0 klawisze mechaniczne<\/p>\n<p>\u00b7\u00a0\u00a0\u00a0\u00a0\u00a0\u00a0\u00a0\u00a0 pe\u0142ny rz\u0105d klawiszy funkcyjnych F1-F12<\/p>\n<p>\u00b7\u00a0\u00a0\u00a0\u00a0\u00a0\u00a0\u00a0\u00a0 klawisz Windows<\/p>\n<p>\u00b7\u00a0\u00a0\u00a0\u00a0\u00a0\u00a0\u00a0\u00a0 klawisze do sterowania multimediami i jasno\u015bci\u0105 ekranu<\/p>\n<p>\u00b7\u00a0\u00a0\u00a0\u00a0\u00a0\u00a0\u00a0\u00a0 akcelerometr<\/p>\n<p>\u00b7\u00a0\u00a0\u00a0\u00a0\u00a0\u00a0\u00a0\u00a0 szklany trackpad<\/td>\n<\/tr>\n<tr>\n<td width=\"170\">Pasuje do:<\/td>\n<td width=\"434\">\u00b7\u00a0\u00a0\u00a0\u00a0\u00a0\u00a0\u00a0\u00a0 Microsoft Surface Go<\/p>\n<p>\u00b7\u00a0\u00a0\u00a0\u00a0\u00a0\u00a0\u00a0\u00a0 Microsoft Surface Go 2<\/td>\n<\/tr>\n<\/tbody>\n<\/table>\n","protected":false},"excerpt":{"rendered":"<p>W jednej chwili zamie\u0144 sw\u00f3j tablet w laptop pod\u0142\u0105czaj\u0105c do niego klawiatur\u0119 Microsoft Surface Type Cover. Elegancja, smuk\u0142o\u015b\u0107 i mobilno\u015b\u0107 to g\u0142\u00f3wne cechy charakteryzuj\u0105ce to akcesorium. Jest jednym z niezb\u0119dnych dodatk\u00f3w dost\u0119pnych dla tabletu Microsoft Surface Go. Klawiatura ta pe\u0142ni r\u00f3wnie\u017c funkcj\u0119 etui jednocze\u015bnie chroni\u0105c pow\u0142ok\u0119 przed zarysowaniami. Natomiast pod\u015bwietlane klawisze zapewniaj\u0105 wygod\u0119 pracy przy [&hellip;]<\/p>\n","protected":false},"featured_media":1809,"template":"","meta":{"site-sidebar-layout":"default","site-content-layout":"default","ast-site-content-layout":"default","site-content-style":"default","site-sidebar-style":"default","ast-global-header-display":"","ast-banner-title-visibility":"","ast-main-header-display":"","ast-hfb-above-header-display":"","ast-hfb-below-header-display":"","ast-hfb-mobile-header-display":"","site-post-title":"","ast-breadcrumbs-content":"","ast-featured-img":"","footer-sml-layout":"","ast-disable-related-posts":"","theme-transparent-header-meta":"default","adv-header-id-meta":"","stick-header-meta":"","header-above-stick-meta":"","header-main-stick-meta":"","header-below-stick-meta":"","astra-migrate-meta-layouts":"default","ast-page-background-enabled":"default","ast-page-background-meta":{"desktop":{"background-color":"","background-image":"","background-repeat":"repeat","background-position":"center center","background-size":"auto","background-attachment":"scroll","background-type":"","background-media":"","overlay-type":"","overlay-color":"","overlay-opacity":"","overlay-gradient":""},"tablet":{"background-color":"","background-image":"","background-repeat":"repeat","background-position":"center center","background-size":"auto","background-attachment":"scroll","background-type":"","background-media":"","overlay-type":"","overlay-color":"","overlay-opacity":"","overlay-gradient":""},"mobile":{"background-color":"","background-image":"","background-repeat":"repeat","background-position":"center center","background-size":"auto","background-attachment":"scroll","background-type":"","background-media":"","overlay-type":"","overlay-color":"","overlay-opacity":"","overlay-gradient":""}},"ast-content-background-meta":{"desktop":{"background-color":"var(--ast-global-color-5)","background-image":"","background-repeat":"repeat","background-position":"center center","background-size":"auto","background-attachment":"scroll","background-type":"","background-media":"","overlay-type":"","overlay-color":"","overlay-opacity":"","overlay-gradient":""},"tablet":{"background-color":"var(--ast-global-color-5)","background-image":"","background-repeat":"repeat","background-position":"center center","background-size":"auto","background-attachment":"scroll","background-type":"","background-media":"","overlay-type":"","overlay-color":"","overlay-opacity":"","overlay-gradient":""},"mobile":{"background-color":"var(--ast-global-color-5)","background-image":"","background-repeat":"repeat","background-position":"center center","background-size":"auto","background-attachment":"scroll","background-type":"","background-media":"","overlay-type":"","overlay-color":"","overlay-opacity":"","overlay-gradient":""}},"_links_to":"","_links_to_target":""},"product_brand":[],"product_cat":[90],"product_tag":[95],"class_list":{"0":"post-304","1":"product","2":"type-product","3":"status-publish","4":"has-post-thumbnail","6":"product_cat-akcesoria-microsoft-surface","7":"product_tag-cover","8":"desktop-align-left","9":"tablet-align-left","10":"mobile-align-left","12":"first","13":"instock","14":"taxable","15":"shipping-taxable","16":"purchasable","17":"product-type-simple"},"yoast_head":"<!-- This site is optimized with the Yoast SEO plugin v26.7 - https:\/\/yoast.com\/wordpress\/plugins\/seo\/ -->\n<title>Go Type Cover N COMM SC Eng Intl Euro Hdwr Commercial Black Refresh - Sklep rozwi\u0105za\u0144 Microsoft Surface<\/title>\n<meta name=\"robots\" content=\"index, follow, max-snippet:-1, max-image-preview:large, max-video-preview:-1\" \/>\n<link rel=\"canonical\" href=\"https:\/\/polsoft.pl\/microsoft-surface\/produkt\/go-type-cover-n-comm-sc-eng-intl-euro-hdwr-commercial-black-refresh\/\" \/>\n<meta property=\"og:locale\" content=\"pl_PL\" \/>\n<meta property=\"og:type\" content=\"article\" \/>\n<meta property=\"og:title\" content=\"Go Type Cover N COMM SC Eng Intl Euro Hdwr Commercial Black Refresh - Sklep rozwi\u0105za\u0144 Microsoft Surface\" \/>\n<meta property=\"og:description\" content=\"W jednej chwili zamie\u0144 sw\u00f3j tablet w laptop pod\u0142\u0105czaj\u0105c do niego klawiatur\u0119 Microsoft Surface Type Cover. Elegancja, smuk\u0142o\u015b\u0107 i mobilno\u015b\u0107 to g\u0142\u00f3wne cechy charakteryzuj\u0105ce to akcesorium. Jest jednym z niezb\u0119dnych dodatk\u00f3w dost\u0119pnych dla tabletu Microsoft Surface Go. Klawiatura ta pe\u0142ni r\u00f3wnie\u017c funkcj\u0119 etui jednocze\u015bnie chroni\u0105c pow\u0142ok\u0119 przed zarysowaniami. Natomiast pod\u015bwietlane klawisze zapewniaj\u0105 wygod\u0119 pracy przy [&hellip;]\" \/>\n<meta property=\"og:url\" content=\"https:\/\/polsoft.pl\/microsoft-surface\/produkt\/go-type-cover-n-comm-sc-eng-intl-euro-hdwr-commercial-black-refresh\/\" \/>\n<meta property=\"og:site_name\" content=\"Sklep rozwi\u0105za\u0144 Microsoft Surface\" \/>\n<meta property=\"article:modified_time\" content=\"2026-01-23T11:47:08+00:00\" \/>\n<meta property=\"og:image\" content=\"https:\/\/polsoft.pl\/microsoft-surface\/wp-content\/uploads\/2020\/09\/Klawiatura_Microsoft_Surface_Go_KCN-00029.jpg\" \/>\n\t<meta property=\"og:image:width\" content=\"400\" \/>\n\t<meta property=\"og:image:height\" content=\"400\" \/>\n\t<meta property=\"og:image:type\" content=\"image\/jpeg\" \/>\n<meta name=\"twitter:card\" content=\"summary_large_image\" \/>\n<meta name=\"twitter:label1\" content=\"Szacowany czas czytania\" \/>\n\t<meta name=\"twitter:data1\" content=\"1 minuta\" \/>\n<script type=\"application\/ld+json\" class=\"yoast-schema-graph\">{\"@context\":\"https:\/\/schema.org\",\"@graph\":[{\"@type\":\"WebPage\",\"@id\":\"https:\/\/polsoft.pl\/microsoft-surface\/produkt\/go-type-cover-n-comm-sc-eng-intl-euro-hdwr-commercial-black-refresh\/\",\"url\":\"https:\/\/polsoft.pl\/microsoft-surface\/produkt\/go-type-cover-n-comm-sc-eng-intl-euro-hdwr-commercial-black-refresh\/\",\"name\":\"Go Type Cover N COMM SC Eng Intl Euro Hdwr Commercial Black Refresh - Sklep rozwi\u0105za\u0144 Microsoft Surface\",\"isPartOf\":{\"@id\":\"https:\/\/polsoft.pl\/microsoft-surface\/#website\"},\"primaryImageOfPage\":{\"@id\":\"https:\/\/polsoft.pl\/microsoft-surface\/produkt\/go-type-cover-n-comm-sc-eng-intl-euro-hdwr-commercial-black-refresh\/#primaryimage\"},\"image\":{\"@id\":\"https:\/\/polsoft.pl\/microsoft-surface\/produkt\/go-type-cover-n-comm-sc-eng-intl-euro-hdwr-commercial-black-refresh\/#primaryimage\"},\"thumbnailUrl\":\"https:\/\/www.polsoft.pl\/microsoft-surface\/wp-content\/uploads\/2020\/09\/Klawiatura_Microsoft_Surface_Go_KCN-00029.jpg\",\"datePublished\":\"2020-08-11T12:49:32+00:00\",\"dateModified\":\"2026-01-23T11:47:08+00:00\",\"breadcrumb\":{\"@id\":\"https:\/\/polsoft.pl\/microsoft-surface\/produkt\/go-type-cover-n-comm-sc-eng-intl-euro-hdwr-commercial-black-refresh\/#breadcrumb\"},\"inLanguage\":\"pl-PL\",\"potentialAction\":[{\"@type\":\"ReadAction\",\"target\":[\"https:\/\/polsoft.pl\/microsoft-surface\/produkt\/go-type-cover-n-comm-sc-eng-intl-euro-hdwr-commercial-black-refresh\/\"]}]},{\"@type\":\"ImageObject\",\"inLanguage\":\"pl-PL\",\"@id\":\"https:\/\/polsoft.pl\/microsoft-surface\/produkt\/go-type-cover-n-comm-sc-eng-intl-euro-hdwr-commercial-black-refresh\/#primaryimage\",\"url\":\"https:\/\/www.polsoft.pl\/microsoft-surface\/wp-content\/uploads\/2020\/09\/Klawiatura_Microsoft_Surface_Go_KCN-00029.jpg\",\"contentUrl\":\"https:\/\/www.polsoft.pl\/microsoft-surface\/wp-content\/uploads\/2020\/09\/Klawiatura_Microsoft_Surface_Go_KCN-00029.jpg\",\"width\":400,\"height\":400,\"caption\":\"Zdj\u0119cie produktu - klawiatura Microsoft Surface Go\"},{\"@type\":\"BreadcrumbList\",\"@id\":\"https:\/\/polsoft.pl\/microsoft-surface\/produkt\/go-type-cover-n-comm-sc-eng-intl-euro-hdwr-commercial-black-refresh\/#breadcrumb\",\"itemListElement\":[{\"@type\":\"ListItem\",\"position\":1,\"name\":\"Strona g\u0142\u00f3wna\",\"item\":\"https:\/\/polsoft.pl\/microsoft-surface\/\"},{\"@type\":\"ListItem\",\"position\":2,\"name\":\"Sklep\",\"item\":\"https:\/\/polsoft.pl\/microsoft-surface\/sklep\/\"},{\"@type\":\"ListItem\",\"position\":3,\"name\":\"Go Type Cover N COMM SC Eng Intl Euro Hdwr Commercial Black Refresh\"}]},{\"@type\":\"WebSite\",\"@id\":\"https:\/\/polsoft.pl\/microsoft-surface\/#website\",\"url\":\"https:\/\/polsoft.pl\/microsoft-surface\/\",\"name\":\"Sklep Microsoft Surface\",\"description\":\"Sklep Microsoft Surface\",\"publisher\":{\"@id\":\"https:\/\/polsoft.pl\/microsoft-surface\/#organization\"},\"potentialAction\":[{\"@type\":\"SearchAction\",\"target\":{\"@type\":\"EntryPoint\",\"urlTemplate\":\"https:\/\/polsoft.pl\/microsoft-surface\/?s={search_term_string}\"},\"query-input\":{\"@type\":\"PropertyValueSpecification\",\"valueRequired\":true,\"valueName\":\"search_term_string\"}}],\"inLanguage\":\"pl-PL\"},{\"@type\":\"Organization\",\"@id\":\"https:\/\/polsoft.pl\/microsoft-surface\/#organization\",\"name\":\"Polsoft Engineering Sp. z o.o.\",\"url\":\"https:\/\/polsoft.pl\/microsoft-surface\/\",\"logo\":{\"@type\":\"ImageObject\",\"inLanguage\":\"pl-PL\",\"@id\":\"https:\/\/polsoft.pl\/microsoft-surface\/#\/schema\/logo\/image\/\",\"url\":\"https:\/\/www.polsoft.pl\/microsoft-surface\/wp-content\/uploads\/2020\/10\/microsoft_partner_logo_black_polsoft.png\",\"contentUrl\":\"https:\/\/www.polsoft.pl\/microsoft-surface\/wp-content\/uploads\/2020\/10\/microsoft_partner_logo_black_polsoft.png\",\"width\":613,\"height\":158,\"caption\":\"Polsoft Engineering Sp. z o.o.\"},\"image\":{\"@id\":\"https:\/\/polsoft.pl\/microsoft-surface\/#\/schema\/logo\/image\/\"}}]}<\/script>\n<!-- \/ Yoast SEO plugin. -->","yoast_head_json":{"title":"Go Type Cover N COMM SC Eng Intl Euro Hdwr Commercial Black Refresh - Sklep rozwi\u0105za\u0144 Microsoft Surface","robots":{"index":"index","follow":"follow","max-snippet":"max-snippet:-1","max-image-preview":"max-image-preview:large","max-video-preview":"max-video-preview:-1"},"canonical":"https:\/\/polsoft.pl\/microsoft-surface\/produkt\/go-type-cover-n-comm-sc-eng-intl-euro-hdwr-commercial-black-refresh\/","og_locale":"pl_PL","og_type":"article","og_title":"Go Type Cover N COMM SC Eng Intl Euro Hdwr Commercial Black Refresh - Sklep rozwi\u0105za\u0144 Microsoft Surface","og_description":"W jednej chwili zamie\u0144 sw\u00f3j tablet w laptop pod\u0142\u0105czaj\u0105c do niego klawiatur\u0119 Microsoft Surface Type Cover. Elegancja, smuk\u0142o\u015b\u0107 i mobilno\u015b\u0107 to g\u0142\u00f3wne cechy charakteryzuj\u0105ce to akcesorium. Jest jednym z niezb\u0119dnych dodatk\u00f3w dost\u0119pnych dla tabletu Microsoft Surface Go. Klawiatura ta pe\u0142ni r\u00f3wnie\u017c funkcj\u0119 etui jednocze\u015bnie chroni\u0105c pow\u0142ok\u0119 przed zarysowaniami. Natomiast pod\u015bwietlane klawisze zapewniaj\u0105 wygod\u0119 pracy przy [&hellip;]","og_url":"https:\/\/polsoft.pl\/microsoft-surface\/produkt\/go-type-cover-n-comm-sc-eng-intl-euro-hdwr-commercial-black-refresh\/","og_site_name":"Sklep rozwi\u0105za\u0144 Microsoft Surface","article_modified_time":"2026-01-23T11:47:08+00:00","og_image":[{"width":400,"height":400,"url":"https:\/\/polsoft.pl\/microsoft-surface\/wp-content\/uploads\/2020\/09\/Klawiatura_Microsoft_Surface_Go_KCN-00029.jpg","type":"image\/jpeg"}],"twitter_card":"summary_large_image","twitter_misc":{"Szacowany czas czytania":"1 minuta"},"schema":{"@context":"https:\/\/schema.org","@graph":[{"@type":"WebPage","@id":"https:\/\/polsoft.pl\/microsoft-surface\/produkt\/go-type-cover-n-comm-sc-eng-intl-euro-hdwr-commercial-black-refresh\/","url":"https:\/\/polsoft.pl\/microsoft-surface\/produkt\/go-type-cover-n-comm-sc-eng-intl-euro-hdwr-commercial-black-refresh\/","name":"Go Type Cover N COMM SC Eng Intl Euro Hdwr Commercial Black Refresh - Sklep rozwi\u0105za\u0144 Microsoft Surface","isPartOf":{"@id":"https:\/\/polsoft.pl\/microsoft-surface\/#website"},"primaryImageOfPage":{"@id":"https:\/\/polsoft.pl\/microsoft-surface\/produkt\/go-type-cover-n-comm-sc-eng-intl-euro-hdwr-commercial-black-refresh\/#primaryimage"},"image":{"@id":"https:\/\/polsoft.pl\/microsoft-surface\/produkt\/go-type-cover-n-comm-sc-eng-intl-euro-hdwr-commercial-black-refresh\/#primaryimage"},"thumbnailUrl":"https:\/\/www.polsoft.pl\/microsoft-surface\/wp-content\/uploads\/2020\/09\/Klawiatura_Microsoft_Surface_Go_KCN-00029.jpg","datePublished":"2020-08-11T12:49:32+00:00","dateModified":"2026-01-23T11:47:08+00:00","breadcrumb":{"@id":"https:\/\/polsoft.pl\/microsoft-surface\/produkt\/go-type-cover-n-comm-sc-eng-intl-euro-hdwr-commercial-black-refresh\/#breadcrumb"},"inLanguage":"pl-PL","potentialAction":[{"@type":"ReadAction","target":["https:\/\/polsoft.pl\/microsoft-surface\/produkt\/go-type-cover-n-comm-sc-eng-intl-euro-hdwr-commercial-black-refresh\/"]}]},{"@type":"ImageObject","inLanguage":"pl-PL","@id":"https:\/\/polsoft.pl\/microsoft-surface\/produkt\/go-type-cover-n-comm-sc-eng-intl-euro-hdwr-commercial-black-refresh\/#primaryimage","url":"https:\/\/www.polsoft.pl\/microsoft-surface\/wp-content\/uploads\/2020\/09\/Klawiatura_Microsoft_Surface_Go_KCN-00029.jpg","contentUrl":"https:\/\/www.polsoft.pl\/microsoft-surface\/wp-content\/uploads\/2020\/09\/Klawiatura_Microsoft_Surface_Go_KCN-00029.jpg","width":400,"height":400,"caption":"Zdj\u0119cie produktu - klawiatura Microsoft Surface Go"},{"@type":"BreadcrumbList","@id":"https:\/\/polsoft.pl\/microsoft-surface\/produkt\/go-type-cover-n-comm-sc-eng-intl-euro-hdwr-commercial-black-refresh\/#breadcrumb","itemListElement":[{"@type":"ListItem","position":1,"name":"Strona g\u0142\u00f3wna","item":"https:\/\/polsoft.pl\/microsoft-surface\/"},{"@type":"ListItem","position":2,"name":"Sklep","item":"https:\/\/polsoft.pl\/microsoft-surface\/sklep\/"},{"@type":"ListItem","position":3,"name":"Go Type Cover N COMM SC Eng Intl Euro Hdwr Commercial Black Refresh"}]},{"@type":"WebSite","@id":"https:\/\/polsoft.pl\/microsoft-surface\/#website","url":"https:\/\/polsoft.pl\/microsoft-surface\/","name":"Sklep Microsoft Surface","description":"Sklep Microsoft Surface","publisher":{"@id":"https:\/\/polsoft.pl\/microsoft-surface\/#organization"},"potentialAction":[{"@type":"SearchAction","target":{"@type":"EntryPoint","urlTemplate":"https:\/\/polsoft.pl\/microsoft-surface\/?s={search_term_string}"},"query-input":{"@type":"PropertyValueSpecification","valueRequired":true,"valueName":"search_term_string"}}],"inLanguage":"pl-PL"},{"@type":"Organization","@id":"https:\/\/polsoft.pl\/microsoft-surface\/#organization","name":"Polsoft Engineering Sp. z o.o.","url":"https:\/\/polsoft.pl\/microsoft-surface\/","logo":{"@type":"ImageObject","inLanguage":"pl-PL","@id":"https:\/\/polsoft.pl\/microsoft-surface\/#\/schema\/logo\/image\/","url":"https:\/\/www.polsoft.pl\/microsoft-surface\/wp-content\/uploads\/2020\/10\/microsoft_partner_logo_black_polsoft.png","contentUrl":"https:\/\/www.polsoft.pl\/microsoft-surface\/wp-content\/uploads\/2020\/10\/microsoft_partner_logo_black_polsoft.png","width":613,"height":158,"caption":"Polsoft Engineering Sp. z o.o."},"image":{"@id":"https:\/\/polsoft.pl\/microsoft-surface\/#\/schema\/logo\/image\/"}}]}},"_links":{"self":[{"href":"https:\/\/www.polsoft.pl\/microsoft-surface\/wp-json\/wp\/v2\/product\/304","targetHints":{"allow":["GET"]}}],"collection":[{"href":"https:\/\/www.polsoft.pl\/microsoft-surface\/wp-json\/wp\/v2\/product"}],"about":[{"href":"https:\/\/www.polsoft.pl\/microsoft-surface\/wp-json\/wp\/v2\/types\/product"}],"version-history":[{"count":4,"href":"https:\/\/www.polsoft.pl\/microsoft-surface\/wp-json\/wp\/v2\/product\/304\/revisions"}],"predecessor-version":[{"id":3093,"href":"https:\/\/www.polsoft.pl\/microsoft-surface\/wp-json\/wp\/v2\/product\/304\/revisions\/3093"}],"wp:featuredmedia":[{"embeddable":true,"href":"https:\/\/www.polsoft.pl\/microsoft-surface\/wp-json\/wp\/v2\/media\/1809"}],"wp:attachment":[{"href":"https:\/\/www.polsoft.pl\/microsoft-surface\/wp-json\/wp\/v2\/media?parent=304"}],"wp:term":[{"taxonomy":"product_brand","embeddable":true,"href":"https:\/\/www.polsoft.pl\/microsoft-surface\/wp-json\/wp\/v2\/product_brand?post=304"},{"taxonomy":"product_cat","embeddable":true,"href":"https:\/\/www.polsoft.pl\/microsoft-surface\/wp-json\/wp\/v2\/product_cat?post=304"},{"taxonomy":"product_tag","embeddable":true,"href":"https:\/\/www.polsoft.pl\/microsoft-surface\/wp-json\/wp\/v2\/product_tag?post=304"}],"curies":[{"name":"wp","href":"https:\/\/api.w.org\/{rel}","templated":true}]}}