{"id":308,"date":"2020-08-11T12:49:32","date_gmt":"2020-08-11T12:49:32","guid":{"rendered":"http:\/\/polsoft.pl\/microsoft-surface\/produkt\/surface-usb-c-travel-hub-comm\/"},"modified":"2026-01-23T12:47:10","modified_gmt":"2026-01-23T11:47:10","slug":"surface-usb-c-travel-hub-comm","status":"publish","type":"product","link":"https:\/\/www.polsoft.pl\/microsoft-surface\/produkt\/surface-usb-c-travel-hub-comm\/","title":{"rendered":"Surface USB-C Travel Hub COMM"},"content":{"rendered":"<p>Wieloportowy adapter Microsoft Surface Travel Hub pomaga osi\u0105gn\u0105\u0107 wi\u0119ksz\u0105 wydajno\u015b\u0107 dostarczaj\u0105c do urz\u0105dzenia Surface dodatkowych port\u00f3w. Jest to smuk\u0142y, elegancki adapter zamkni\u0119ty w kompaktowej obudowie, dzi\u0119ki czemu pozwala zaoszcz\u0119dzi\u0107 sporo miejsca na miejscu pracy. Urz\u0105dzenie nie obs\u0142uguje \u0142adowania laptopa. Adapter Microsoft Surface Travel Hub jest zgodny z komputerami stacjonarnymi i urz\u0105dzeniami Microsoft Surface zawieraj\u0105cymi port USB-C\u2122.<\/p>\n<p>&nbsp;<\/p>\n<table>\n<tbody>\n<tr>\n<td width=\"170\">Z\u0142\u0105cza:<\/td>\n<td width=\"434\">\n<ul>\n<li>1 x USB-C\u00ae 3.2 gen. 2<\/li>\n<li>1 x USB-A 3.2 gen. 2<\/li>\n<li>1 x gigabitowy Ethernet<\/li>\n<li>1 x HDMI<\/li>\n<li>1 x D-Sub<\/li>\n<\/ul>\n<\/td>\n<\/tr>\n<tr>\n<td width=\"170\">Wymiary (mm):<\/td>\n<td width=\"434\">89 x 48 x 15 (sz. x g\u0142. x wys.)<\/td>\n<\/tr>\n<tr>\n<td width=\"170\">Waga:<\/td>\n<td width=\"434\">99.2 g<\/td>\n<\/tr>\n<tr>\n<td width=\"170\">Kolor:<\/td>\n<td width=\"434\">czarny (black)<\/td>\n<\/tr>\n<tr>\n<td width=\"170\">Inne:<\/td>\n<td width=\"434\">nie obs\u0142uguje \u0142adowania laptopa<\/td>\n<\/tr>\n<tr>\n<td width=\"170\">Pasuje do:<\/td>\n<td width=\"434\">komputer\u00f3w stacjonarnych i urz\u0105dze\u0144 Microsoft Surface z portem USB-C\u00ae oraz system\u00f3w operacyjnych:<\/p>\n<ul>\n<li>Google Chrome OS 73.0.3683.88<\/li>\n<li>Google Chrome OS 76.0.3809.136<\/li>\n<li>Windows 10 Home<\/li>\n<li>Windows 10 Pro<\/li>\n<li>Windows 7 Professional<\/li>\n<li>Windows 8<\/li>\n<li>MacOS 10.14.1<\/li>\n<li>MacOS 10.14.6<\/li>\n<li>MacOS 10.15.1<\/li>\n<li>Android 9.0.0<\/li>\n<li>Android 8.1.0<\/li>\n<\/ul>\n<\/td>\n<\/tr>\n<\/tbody>\n<\/table>\n","protected":false},"excerpt":{"rendered":"<p>Wieloportowy adapter Microsoft Surface Travel Hub pomaga osi\u0105gn\u0105\u0107 wi\u0119ksz\u0105 wydajno\u015b\u0107 dostarczaj\u0105c do urz\u0105dzenia Surface dodatkowych port\u00f3w. Jest to smuk\u0142y, elegancki adapter zamkni\u0119ty w kompaktowej obudowie, dzi\u0119ki czemu pozwala zaoszcz\u0119dzi\u0107 sporo miejsca na miejscu pracy. Urz\u0105dzenie nie obs\u0142uguje \u0142adowania laptopa. Adapter Microsoft Surface Travel Hub jest zgodny z komputerami stacjonarnymi i urz\u0105dzeniami Microsoft Surface zawieraj\u0105cymi port [&hellip;]<\/p>\n","protected":false},"featured_media":1852,"template":"","meta":{"site-sidebar-layout":"default","site-content-layout":"default","ast-site-content-layout":"default","site-content-style":"default","site-sidebar-style":"default","ast-global-header-display":"","ast-banner-title-visibility":"","ast-main-header-display":"","ast-hfb-above-header-display":"","ast-hfb-below-header-display":"","ast-hfb-mobile-header-display":"","site-post-title":"","ast-breadcrumbs-content":"","ast-featured-img":"","footer-sml-layout":"","ast-disable-related-posts":"","theme-transparent-header-meta":"default","adv-header-id-meta":"","stick-header-meta":"","header-above-stick-meta":"","header-main-stick-meta":"","header-below-stick-meta":"","astra-migrate-meta-layouts":"default","ast-page-background-enabled":"default","ast-page-background-meta":{"desktop":{"background-color":"","background-image":"","background-repeat":"repeat","background-position":"center center","background-size":"auto","background-attachment":"scroll","background-type":"","background-media":"","overlay-type":"","overlay-color":"","overlay-opacity":"","overlay-gradient":""},"tablet":{"background-color":"","background-image":"","background-repeat":"repeat","background-position":"center center","background-size":"auto","background-attachment":"scroll","background-type":"","background-media":"","overlay-type":"","overlay-color":"","overlay-opacity":"","overlay-gradient":""},"mobile":{"background-color":"","background-image":"","background-repeat":"repeat","background-position":"center center","background-size":"auto","background-attachment":"scroll","background-type":"","background-media":"","overlay-type":"","overlay-color":"","overlay-opacity":"","overlay-gradient":""}},"ast-content-background-meta":{"desktop":{"background-color":"var(--ast-global-color-5)","background-image":"","background-repeat":"repeat","background-position":"center center","background-size":"auto","background-attachment":"scroll","background-type":"","background-media":"","overlay-type":"","overlay-color":"","overlay-opacity":"","overlay-gradient":""},"tablet":{"background-color":"var(--ast-global-color-5)","background-image":"","background-repeat":"repeat","background-position":"center center","background-size":"auto","background-attachment":"scroll","background-type":"","background-media":"","overlay-type":"","overlay-color":"","overlay-opacity":"","overlay-gradient":""},"mobile":{"background-color":"var(--ast-global-color-5)","background-image":"","background-repeat":"repeat","background-position":"center center","background-size":"auto","background-attachment":"scroll","background-type":"","background-media":"","overlay-type":"","overlay-color":"","overlay-opacity":"","overlay-gradient":""}},"_links_to":"","_links_to_target":""},"product_brand":[],"product_cat":[90],"product_tag":[92],"class_list":{"0":"post-308","1":"product","2":"type-product","3":"status-publish","4":"has-post-thumbnail","6":"product_cat-akcesoria-microsoft-surface","7":"product_tag-stacja-dokujaca","8":"desktop-align-left","9":"tablet-align-left","10":"mobile-align-left","12":"first","13":"instock","14":"taxable","15":"shipping-taxable","16":"purchasable","17":"product-type-simple"},"yoast_head":"<!-- This site is optimized with the Yoast SEO plugin v26.7 - https:\/\/yoast.com\/wordpress\/plugins\/seo\/ -->\n<title>Surface USB-C Travel Hub COMM - Sklep rozwi\u0105za\u0144 Microsoft Surface<\/title>\n<meta name=\"robots\" content=\"index, follow, max-snippet:-1, max-image-preview:large, max-video-preview:-1\" \/>\n<link rel=\"canonical\" href=\"https:\/\/polsoft.pl\/microsoft-surface\/produkt\/surface-usb-c-travel-hub-comm\/\" \/>\n<meta property=\"og:locale\" content=\"pl_PL\" \/>\n<meta property=\"og:type\" content=\"article\" \/>\n<meta property=\"og:title\" content=\"Surface USB-C Travel Hub COMM - Sklep rozwi\u0105za\u0144 Microsoft Surface\" \/>\n<meta property=\"og:description\" content=\"Wieloportowy adapter Microsoft Surface Travel Hub pomaga osi\u0105gn\u0105\u0107 wi\u0119ksz\u0105 wydajno\u015b\u0107 dostarczaj\u0105c do urz\u0105dzenia Surface dodatkowych port\u00f3w. Jest to smuk\u0142y, elegancki adapter zamkni\u0119ty w kompaktowej obudowie, dzi\u0119ki czemu pozwala zaoszcz\u0119dzi\u0107 sporo miejsca na miejscu pracy. Urz\u0105dzenie nie obs\u0142uguje \u0142adowania laptopa. Adapter Microsoft Surface Travel Hub jest zgodny z komputerami stacjonarnymi i urz\u0105dzeniami Microsoft Surface zawieraj\u0105cymi port [&hellip;]\" \/>\n<meta property=\"og:url\" content=\"https:\/\/polsoft.pl\/microsoft-surface\/produkt\/surface-usb-c-travel-hub-comm\/\" \/>\n<meta property=\"og:site_name\" content=\"Sklep rozwi\u0105za\u0144 Microsoft Surface\" \/>\n<meta property=\"article:modified_time\" content=\"2026-01-23T11:47:10+00:00\" \/>\n<meta property=\"og:image\" content=\"https:\/\/polsoft.pl\/microsoft-surface\/wp-content\/uploads\/2020\/09\/USB-C_Microsoft_Travel_Hub_1E4-00003.jpg\" \/>\n\t<meta property=\"og:image:width\" content=\"331\" \/>\n\t<meta property=\"og:image:height\" content=\"331\" \/>\n\t<meta property=\"og:image:type\" content=\"image\/jpeg\" \/>\n<meta name=\"twitter:card\" content=\"summary_large_image\" \/>\n<meta name=\"twitter:label1\" content=\"Szacowany czas czytania\" \/>\n\t<meta name=\"twitter:data1\" content=\"1 minuta\" \/>\n<script type=\"application\/ld+json\" class=\"yoast-schema-graph\">{\"@context\":\"https:\/\/schema.org\",\"@graph\":[{\"@type\":\"WebPage\",\"@id\":\"https:\/\/polsoft.pl\/microsoft-surface\/produkt\/surface-usb-c-travel-hub-comm\/\",\"url\":\"https:\/\/polsoft.pl\/microsoft-surface\/produkt\/surface-usb-c-travel-hub-comm\/\",\"name\":\"Surface USB-C Travel Hub COMM - Sklep rozwi\u0105za\u0144 Microsoft Surface\",\"isPartOf\":{\"@id\":\"https:\/\/polsoft.pl\/microsoft-surface\/#website\"},\"primaryImageOfPage\":{\"@id\":\"https:\/\/polsoft.pl\/microsoft-surface\/produkt\/surface-usb-c-travel-hub-comm\/#primaryimage\"},\"image\":{\"@id\":\"https:\/\/polsoft.pl\/microsoft-surface\/produkt\/surface-usb-c-travel-hub-comm\/#primaryimage\"},\"thumbnailUrl\":\"https:\/\/www.polsoft.pl\/microsoft-surface\/wp-content\/uploads\/2020\/09\/USB-C_Microsoft_Travel_Hub_1E4-00003.jpg\",\"datePublished\":\"2020-08-11T12:49:32+00:00\",\"dateModified\":\"2026-01-23T11:47:10+00:00\",\"breadcrumb\":{\"@id\":\"https:\/\/polsoft.pl\/microsoft-surface\/produkt\/surface-usb-c-travel-hub-comm\/#breadcrumb\"},\"inLanguage\":\"pl-PL\",\"potentialAction\":[{\"@type\":\"ReadAction\",\"target\":[\"https:\/\/polsoft.pl\/microsoft-surface\/produkt\/surface-usb-c-travel-hub-comm\/\"]}]},{\"@type\":\"ImageObject\",\"inLanguage\":\"pl-PL\",\"@id\":\"https:\/\/polsoft.pl\/microsoft-surface\/produkt\/surface-usb-c-travel-hub-comm\/#primaryimage\",\"url\":\"https:\/\/www.polsoft.pl\/microsoft-surface\/wp-content\/uploads\/2020\/09\/USB-C_Microsoft_Travel_Hub_1E4-00003.jpg\",\"contentUrl\":\"https:\/\/www.polsoft.pl\/microsoft-surface\/wp-content\/uploads\/2020\/09\/USB-C_Microsoft_Travel_Hub_1E4-00003.jpg\",\"width\":331,\"height\":331,\"caption\":\"Zdj\u0119cie produktu - Microsoft travel hub USB-C\"},{\"@type\":\"BreadcrumbList\",\"@id\":\"https:\/\/polsoft.pl\/microsoft-surface\/produkt\/surface-usb-c-travel-hub-comm\/#breadcrumb\",\"itemListElement\":[{\"@type\":\"ListItem\",\"position\":1,\"name\":\"Strona g\u0142\u00f3wna\",\"item\":\"https:\/\/polsoft.pl\/microsoft-surface\/\"},{\"@type\":\"ListItem\",\"position\":2,\"name\":\"Sklep\",\"item\":\"https:\/\/polsoft.pl\/microsoft-surface\/sklep\/\"},{\"@type\":\"ListItem\",\"position\":3,\"name\":\"Surface USB-C Travel Hub COMM\"}]},{\"@type\":\"WebSite\",\"@id\":\"https:\/\/polsoft.pl\/microsoft-surface\/#website\",\"url\":\"https:\/\/polsoft.pl\/microsoft-surface\/\",\"name\":\"Sklep Microsoft Surface\",\"description\":\"Sklep Microsoft Surface\",\"publisher\":{\"@id\":\"https:\/\/polsoft.pl\/microsoft-surface\/#organization\"},\"potentialAction\":[{\"@type\":\"SearchAction\",\"target\":{\"@type\":\"EntryPoint\",\"urlTemplate\":\"https:\/\/polsoft.pl\/microsoft-surface\/?s={search_term_string}\"},\"query-input\":{\"@type\":\"PropertyValueSpecification\",\"valueRequired\":true,\"valueName\":\"search_term_string\"}}],\"inLanguage\":\"pl-PL\"},{\"@type\":\"Organization\",\"@id\":\"https:\/\/polsoft.pl\/microsoft-surface\/#organization\",\"name\":\"Polsoft Engineering Sp. z o.o.\",\"url\":\"https:\/\/polsoft.pl\/microsoft-surface\/\",\"logo\":{\"@type\":\"ImageObject\",\"inLanguage\":\"pl-PL\",\"@id\":\"https:\/\/polsoft.pl\/microsoft-surface\/#\/schema\/logo\/image\/\",\"url\":\"https:\/\/www.polsoft.pl\/microsoft-surface\/wp-content\/uploads\/2020\/10\/microsoft_partner_logo_black_polsoft.png\",\"contentUrl\":\"https:\/\/www.polsoft.pl\/microsoft-surface\/wp-content\/uploads\/2020\/10\/microsoft_partner_logo_black_polsoft.png\",\"width\":613,\"height\":158,\"caption\":\"Polsoft Engineering Sp. z o.o.\"},\"image\":{\"@id\":\"https:\/\/polsoft.pl\/microsoft-surface\/#\/schema\/logo\/image\/\"}}]}<\/script>\n<!-- \/ Yoast SEO plugin. -->","yoast_head_json":{"title":"Surface USB-C Travel Hub COMM - Sklep rozwi\u0105za\u0144 Microsoft Surface","robots":{"index":"index","follow":"follow","max-snippet":"max-snippet:-1","max-image-preview":"max-image-preview:large","max-video-preview":"max-video-preview:-1"},"canonical":"https:\/\/polsoft.pl\/microsoft-surface\/produkt\/surface-usb-c-travel-hub-comm\/","og_locale":"pl_PL","og_type":"article","og_title":"Surface USB-C Travel Hub COMM - Sklep rozwi\u0105za\u0144 Microsoft Surface","og_description":"Wieloportowy adapter Microsoft Surface Travel Hub pomaga osi\u0105gn\u0105\u0107 wi\u0119ksz\u0105 wydajno\u015b\u0107 dostarczaj\u0105c do urz\u0105dzenia Surface dodatkowych port\u00f3w. Jest to smuk\u0142y, elegancki adapter zamkni\u0119ty w kompaktowej obudowie, dzi\u0119ki czemu pozwala zaoszcz\u0119dzi\u0107 sporo miejsca na miejscu pracy. Urz\u0105dzenie nie obs\u0142uguje \u0142adowania laptopa. Adapter Microsoft Surface Travel Hub jest zgodny z komputerami stacjonarnymi i urz\u0105dzeniami Microsoft Surface zawieraj\u0105cymi port [&hellip;]","og_url":"https:\/\/polsoft.pl\/microsoft-surface\/produkt\/surface-usb-c-travel-hub-comm\/","og_site_name":"Sklep rozwi\u0105za\u0144 Microsoft Surface","article_modified_time":"2026-01-23T11:47:10+00:00","og_image":[{"width":331,"height":331,"url":"https:\/\/polsoft.pl\/microsoft-surface\/wp-content\/uploads\/2020\/09\/USB-C_Microsoft_Travel_Hub_1E4-00003.jpg","type":"image\/jpeg"}],"twitter_card":"summary_large_image","twitter_misc":{"Szacowany czas czytania":"1 minuta"},"schema":{"@context":"https:\/\/schema.org","@graph":[{"@type":"WebPage","@id":"https:\/\/polsoft.pl\/microsoft-surface\/produkt\/surface-usb-c-travel-hub-comm\/","url":"https:\/\/polsoft.pl\/microsoft-surface\/produkt\/surface-usb-c-travel-hub-comm\/","name":"Surface USB-C Travel Hub COMM - Sklep rozwi\u0105za\u0144 Microsoft Surface","isPartOf":{"@id":"https:\/\/polsoft.pl\/microsoft-surface\/#website"},"primaryImageOfPage":{"@id":"https:\/\/polsoft.pl\/microsoft-surface\/produkt\/surface-usb-c-travel-hub-comm\/#primaryimage"},"image":{"@id":"https:\/\/polsoft.pl\/microsoft-surface\/produkt\/surface-usb-c-travel-hub-comm\/#primaryimage"},"thumbnailUrl":"https:\/\/www.polsoft.pl\/microsoft-surface\/wp-content\/uploads\/2020\/09\/USB-C_Microsoft_Travel_Hub_1E4-00003.jpg","datePublished":"2020-08-11T12:49:32+00:00","dateModified":"2026-01-23T11:47:10+00:00","breadcrumb":{"@id":"https:\/\/polsoft.pl\/microsoft-surface\/produkt\/surface-usb-c-travel-hub-comm\/#breadcrumb"},"inLanguage":"pl-PL","potentialAction":[{"@type":"ReadAction","target":["https:\/\/polsoft.pl\/microsoft-surface\/produkt\/surface-usb-c-travel-hub-comm\/"]}]},{"@type":"ImageObject","inLanguage":"pl-PL","@id":"https:\/\/polsoft.pl\/microsoft-surface\/produkt\/surface-usb-c-travel-hub-comm\/#primaryimage","url":"https:\/\/www.polsoft.pl\/microsoft-surface\/wp-content\/uploads\/2020\/09\/USB-C_Microsoft_Travel_Hub_1E4-00003.jpg","contentUrl":"https:\/\/www.polsoft.pl\/microsoft-surface\/wp-content\/uploads\/2020\/09\/USB-C_Microsoft_Travel_Hub_1E4-00003.jpg","width":331,"height":331,"caption":"Zdj\u0119cie produktu - Microsoft travel hub USB-C"},{"@type":"BreadcrumbList","@id":"https:\/\/polsoft.pl\/microsoft-surface\/produkt\/surface-usb-c-travel-hub-comm\/#breadcrumb","itemListElement":[{"@type":"ListItem","position":1,"name":"Strona g\u0142\u00f3wna","item":"https:\/\/polsoft.pl\/microsoft-surface\/"},{"@type":"ListItem","position":2,"name":"Sklep","item":"https:\/\/polsoft.pl\/microsoft-surface\/sklep\/"},{"@type":"ListItem","position":3,"name":"Surface USB-C Travel Hub COMM"}]},{"@type":"WebSite","@id":"https:\/\/polsoft.pl\/microsoft-surface\/#website","url":"https:\/\/polsoft.pl\/microsoft-surface\/","name":"Sklep Microsoft Surface","description":"Sklep Microsoft Surface","publisher":{"@id":"https:\/\/polsoft.pl\/microsoft-surface\/#organization"},"potentialAction":[{"@type":"SearchAction","target":{"@type":"EntryPoint","urlTemplate":"https:\/\/polsoft.pl\/microsoft-surface\/?s={search_term_string}"},"query-input":{"@type":"PropertyValueSpecification","valueRequired":true,"valueName":"search_term_string"}}],"inLanguage":"pl-PL"},{"@type":"Organization","@id":"https:\/\/polsoft.pl\/microsoft-surface\/#organization","name":"Polsoft Engineering Sp. z o.o.","url":"https:\/\/polsoft.pl\/microsoft-surface\/","logo":{"@type":"ImageObject","inLanguage":"pl-PL","@id":"https:\/\/polsoft.pl\/microsoft-surface\/#\/schema\/logo\/image\/","url":"https:\/\/www.polsoft.pl\/microsoft-surface\/wp-content\/uploads\/2020\/10\/microsoft_partner_logo_black_polsoft.png","contentUrl":"https:\/\/www.polsoft.pl\/microsoft-surface\/wp-content\/uploads\/2020\/10\/microsoft_partner_logo_black_polsoft.png","width":613,"height":158,"caption":"Polsoft Engineering Sp. z o.o."},"image":{"@id":"https:\/\/polsoft.pl\/microsoft-surface\/#\/schema\/logo\/image\/"}}]}},"_links":{"self":[{"href":"https:\/\/www.polsoft.pl\/microsoft-surface\/wp-json\/wp\/v2\/product\/308","targetHints":{"allow":["GET"]}}],"collection":[{"href":"https:\/\/www.polsoft.pl\/microsoft-surface\/wp-json\/wp\/v2\/product"}],"about":[{"href":"https:\/\/www.polsoft.pl\/microsoft-surface\/wp-json\/wp\/v2\/types\/product"}],"version-history":[{"count":5,"href":"https:\/\/www.polsoft.pl\/microsoft-surface\/wp-json\/wp\/v2\/product\/308\/revisions"}],"predecessor-version":[{"id":3189,"href":"https:\/\/www.polsoft.pl\/microsoft-surface\/wp-json\/wp\/v2\/product\/308\/revisions\/3189"}],"wp:featuredmedia":[{"embeddable":true,"href":"https:\/\/www.polsoft.pl\/microsoft-surface\/wp-json\/wp\/v2\/media\/1852"}],"wp:attachment":[{"href":"https:\/\/www.polsoft.pl\/microsoft-surface\/wp-json\/wp\/v2\/media?parent=308"}],"wp:term":[{"taxonomy":"product_brand","embeddable":true,"href":"https:\/\/www.polsoft.pl\/microsoft-surface\/wp-json\/wp\/v2\/product_brand?post=308"},{"taxonomy":"product_cat","embeddable":true,"href":"https:\/\/www.polsoft.pl\/microsoft-surface\/wp-json\/wp\/v2\/product_cat?post=308"},{"taxonomy":"product_tag","embeddable":true,"href":"https:\/\/www.polsoft.pl\/microsoft-surface\/wp-json\/wp\/v2\/product_tag?post=308"}],"curies":[{"name":"wp","href":"https:\/\/api.w.org\/{rel}","templated":true}]}}