{"id":311,"date":"2020-08-11T12:49:39","date_gmt":"2020-08-11T12:49:39","guid":{"rendered":"http:\/\/polsoft.pl\/microsoft-surface\/produkt\/surface-pen-com-m1776-sc-it-pl-pt-es-hdwr-commercial-burgundy\/"},"modified":"2025-07-15T14:01:06","modified_gmt":"2025-07-15T12:01:06","slug":"surface-pen-com-m1776-sc-it-pl-pt-es-hdwr-commercial-burgundy","status":"publish","type":"product","link":"https:\/\/www.polsoft.pl\/microsoft-surface\/produkt\/surface-pen-com-m1776-sc-it-pl-pt-es-hdwr-commercial-burgundy\/","title":{"rendered":"Surface Pen Com M1776 SC IT\/PL\/PT\/ES Hdwr Commercial BURGUNDY"},"content":{"rendered":"<p>Komfortowo pisz i rysuj przy pomocy rysika Microsoft Surface Pen. Jest on jednym z wielu akcesori\u00f3w dedykowanych do urz\u0105dze\u0144 Microsoft Surface. Umo\u017cliwia przekszta\u0142cenie odr\u0119cznych notatek w cyfrowy tekst, dzi\u0119ki czemu bez problemu je odszukasz. Technologia PalmBlock polega na ignorowaniu dotyku d\u0142oni w momencie wykrycia u\u017cycia pi\u00f3ra. 4096 poziom\u00f3w nacisku oraz prawie zerowemu op\u00f3\u017anieniu sprawia, \u017ce korzystanie precyzyjniejsze jak nigdy dot\u0105d. Korzystaj z pi\u00f3ra Microsoft Surface Pen jak z tradycyjnego o\u0142\u00f3wka, kt\u00f3rym piszesz, a z drugiej strony zmazujesz b\u0142\u0119dy. Ponadto funkcj\u0105, kt\u00f3r\u0105 doceni\u0105 arty\u015bci jest wykrywanie konta nachylenia. Pi\u00f3ro Microsoft Surface Pen \u0142\u0105czy si\u0119 z urz\u0105dzeniem po przez Bluetooth. Wbudowany akcelerator wykrywa kiedy pi\u00f3ro nie jest u\u017cywane i zabezpiecza bateri\u0119 przed roz\u0142adowaniem. Tym samym bateria mo\u017ce pracowa\u0107 na jednym \u0142adowaniu oko\u0142o 18 miesi\u0119cy.<\/p>\n<p>&nbsp;<\/p>\n<table>\n<tbody>\n<tr>\n<td width=\"170\">Producent:<\/td>\n<td width=\"434\">Microsoft<\/td>\n<\/tr>\n<tr>\n<td width=\"170\">Wymiary (mm):<\/td>\n<td width=\"434\">9.7 x 9.7 x 146.4 (sz. x g\u0142. x wys.)<\/td>\n<\/tr>\n<tr>\n<td width=\"170\">Waga:<\/td>\n<td width=\"434\">20 g<\/td>\n<\/tr>\n<tr>\n<td width=\"170\">Kolor:<\/td>\n<td width=\"434\">burgundowy (burgundy)<\/td>\n<\/tr>\n<tr>\n<td width=\"170\">Pasuje do:<\/td>\n<td width=\"434\">urz\u0105dze\u0144:<\/p>\n<ul>\n<li>Microsoft Surface Book<\/li>\n<li>Microsoft Surface Laptop<\/li>\n<li>Microsoft Surface Laptop 2<\/li>\n<li>Microsoft Surface Laptop 3<\/li>\n<li>Microsoft Surface Pro<\/li>\n<li>Microsoft Surface Pro 4<\/li>\n<li>Microsoft Surface 3<\/li>\n<li>Microsoft Pen Tip Kit<\/li>\n<\/ul>\n<p>mo\u017ce by\u0107 wymagane zaktualizowanie oprogramowania dla urz\u0105dze\u0144:<\/p>\n<ul>\n<li>Microsoft Surface Book 2<\/li>\n<li>Microsoft Surface Book 3<\/li>\n<li>Microsoft Surface Studio<\/li>\n<li>Microsoft Surface Studio 2<\/li>\n<li>Microsoft Surface Go<\/li>\n<li>Microsoft Surface Go 2<\/li>\n<li>Microsoft Surface Pro (5. generacji)<\/li>\n<li>Microsoft Surface Pro 6<\/li>\n<li>Microsoft Surface Pro 7<\/li>\n<li>Microsoft Surface Pro X<\/li>\n<\/ul>\n<\/td>\n<\/tr>\n<\/tbody>\n<\/table>\n","protected":false},"excerpt":{"rendered":"<p>Komfortowo pisz i rysuj przy pomocy rysika Microsoft Surface Pen. Jest on jednym z wielu akcesori\u00f3w dedykowanych do urz\u0105dze\u0144 Microsoft Surface. Umo\u017cliwia przekszta\u0142cenie odr\u0119cznych notatek w cyfrowy tekst, dzi\u0119ki czemu bez problemu je odszukasz. Technologia PalmBlock polega na ignorowaniu dotyku d\u0142oni w momencie wykrycia u\u017cycia pi\u00f3ra. 4096 poziom\u00f3w nacisku oraz prawie zerowemu op\u00f3\u017anieniu sprawia, \u017ce [&hellip;]<\/p>\n","protected":false},"featured_media":1844,"template":"","meta":{"site-sidebar-layout":"default","site-content-layout":"default","ast-site-content-layout":"default","site-content-style":"default","site-sidebar-style":"default","ast-global-header-display":"","ast-banner-title-visibility":"","ast-main-header-display":"","ast-hfb-above-header-display":"","ast-hfb-below-header-display":"","ast-hfb-mobile-header-display":"","site-post-title":"","ast-breadcrumbs-content":"","ast-featured-img":"","footer-sml-layout":"","ast-disable-related-posts":"","theme-transparent-header-meta":"default","adv-header-id-meta":"","stick-header-meta":"","header-above-stick-meta":"","header-main-stick-meta":"","header-below-stick-meta":"","astra-migrate-meta-layouts":"default","ast-page-background-enabled":"default","ast-page-background-meta":{"desktop":{"background-color":"","background-image":"","background-repeat":"repeat","background-position":"center center","background-size":"auto","background-attachment":"scroll","background-type":"","background-media":"","overlay-type":"","overlay-color":"","overlay-opacity":"","overlay-gradient":""},"tablet":{"background-color":"","background-image":"","background-repeat":"repeat","background-position":"center center","background-size":"auto","background-attachment":"scroll","background-type":"","background-media":"","overlay-type":"","overlay-color":"","overlay-opacity":"","overlay-gradient":""},"mobile":{"background-color":"","background-image":"","background-repeat":"repeat","background-position":"center center","background-size":"auto","background-attachment":"scroll","background-type":"","background-media":"","overlay-type":"","overlay-color":"","overlay-opacity":"","overlay-gradient":""}},"ast-content-background-meta":{"desktop":{"background-color":"var(--ast-global-color-5)","background-image":"","background-repeat":"repeat","background-position":"center center","background-size":"auto","background-attachment":"scroll","background-type":"","background-media":"","overlay-type":"","overlay-color":"","overlay-opacity":"","overlay-gradient":""},"tablet":{"background-color":"var(--ast-global-color-5)","background-image":"","background-repeat":"repeat","background-position":"center center","background-size":"auto","background-attachment":"scroll","background-type":"","background-media":"","overlay-type":"","overlay-color":"","overlay-opacity":"","overlay-gradient":""},"mobile":{"background-color":"var(--ast-global-color-5)","background-image":"","background-repeat":"repeat","background-position":"center center","background-size":"auto","background-attachment":"scroll","background-type":"","background-media":"","overlay-type":"","overlay-color":"","overlay-opacity":"","overlay-gradient":""}},"_links_to":"","_links_to_target":""},"product_brand":[],"product_cat":[],"product_tag":[],"class_list":{"0":"post-311","1":"product","2":"type-product","3":"status-publish","4":"has-post-thumbnail","6":"desktop-align-left","7":"tablet-align-left","8":"mobile-align-left","10":"first","11":"outofstock","12":"taxable","13":"shipping-taxable","14":"purchasable","15":"product-type-simple"},"yoast_head":"<!-- This site is optimized with the Yoast SEO plugin v26.7 - https:\/\/yoast.com\/wordpress\/plugins\/seo\/ -->\n<title>Surface Pen Com M1776 SC IT\/PL\/PT\/ES Hdwr Commercial BURGUNDY - Sklep rozwi\u0105za\u0144 Microsoft Surface<\/title>\n<meta name=\"robots\" content=\"index, follow, max-snippet:-1, max-image-preview:large, max-video-preview:-1\" \/>\n<link rel=\"canonical\" href=\"https:\/\/polsoft.pl\/microsoft-surface\/produkt\/surface-pen-com-m1776-sc-it-pl-pt-es-hdwr-commercial-burgundy\/\" \/>\n<meta property=\"og:locale\" content=\"pl_PL\" \/>\n<meta property=\"og:type\" content=\"article\" \/>\n<meta property=\"og:title\" content=\"Surface Pen Com M1776 SC IT\/PL\/PT\/ES Hdwr Commercial BURGUNDY - Sklep rozwi\u0105za\u0144 Microsoft Surface\" \/>\n<meta property=\"og:description\" content=\"Komfortowo pisz i rysuj przy pomocy rysika Microsoft Surface Pen. Jest on jednym z wielu akcesori\u00f3w dedykowanych do urz\u0105dze\u0144 Microsoft Surface. Umo\u017cliwia przekszta\u0142cenie odr\u0119cznych notatek w cyfrowy tekst, dzi\u0119ki czemu bez problemu je odszukasz. Technologia PalmBlock polega na ignorowaniu dotyku d\u0142oni w momencie wykrycia u\u017cycia pi\u00f3ra. 4096 poziom\u00f3w nacisku oraz prawie zerowemu op\u00f3\u017anieniu sprawia, \u017ce [&hellip;]\" \/>\n<meta property=\"og:url\" content=\"https:\/\/polsoft.pl\/microsoft-surface\/produkt\/surface-pen-com-m1776-sc-it-pl-pt-es-hdwr-commercial-burgundy\/\" \/>\n<meta property=\"og:site_name\" content=\"Sklep rozwi\u0105za\u0144 Microsoft Surface\" \/>\n<meta property=\"article:modified_time\" content=\"2025-07-15T12:01:06+00:00\" \/>\n<meta property=\"og:image\" content=\"https:\/\/polsoft.pl\/microsoft-surface\/wp-content\/uploads\/2020\/09\/Pioro_Microsoft_Surface_Pen_EYV-00030.jpg\" \/>\n\t<meta property=\"og:image:width\" content=\"600\" \/>\n\t<meta property=\"og:image:height\" content=\"600\" \/>\n\t<meta property=\"og:image:type\" content=\"image\/jpeg\" \/>\n<meta name=\"twitter:card\" content=\"summary_large_image\" \/>\n<meta name=\"twitter:label1\" content=\"Szacowany czas czytania\" \/>\n\t<meta name=\"twitter:data1\" content=\"1 minuta\" \/>\n<script type=\"application\/ld+json\" class=\"yoast-schema-graph\">{\"@context\":\"https:\/\/schema.org\",\"@graph\":[{\"@type\":\"WebPage\",\"@id\":\"https:\/\/polsoft.pl\/microsoft-surface\/produkt\/surface-pen-com-m1776-sc-it-pl-pt-es-hdwr-commercial-burgundy\/\",\"url\":\"https:\/\/polsoft.pl\/microsoft-surface\/produkt\/surface-pen-com-m1776-sc-it-pl-pt-es-hdwr-commercial-burgundy\/\",\"name\":\"Surface Pen Com M1776 SC IT\/PL\/PT\/ES Hdwr Commercial BURGUNDY - Sklep rozwi\u0105za\u0144 Microsoft Surface\",\"isPartOf\":{\"@id\":\"https:\/\/polsoft.pl\/microsoft-surface\/#website\"},\"primaryImageOfPage\":{\"@id\":\"https:\/\/polsoft.pl\/microsoft-surface\/produkt\/surface-pen-com-m1776-sc-it-pl-pt-es-hdwr-commercial-burgundy\/#primaryimage\"},\"image\":{\"@id\":\"https:\/\/polsoft.pl\/microsoft-surface\/produkt\/surface-pen-com-m1776-sc-it-pl-pt-es-hdwr-commercial-burgundy\/#primaryimage\"},\"thumbnailUrl\":\"https:\/\/www.polsoft.pl\/microsoft-surface\/wp-content\/uploads\/2020\/09\/Pioro_Microsoft_Surface_Pen_EYV-00030.jpg\",\"datePublished\":\"2020-08-11T12:49:39+00:00\",\"dateModified\":\"2025-07-15T12:01:06+00:00\",\"breadcrumb\":{\"@id\":\"https:\/\/polsoft.pl\/microsoft-surface\/produkt\/surface-pen-com-m1776-sc-it-pl-pt-es-hdwr-commercial-burgundy\/#breadcrumb\"},\"inLanguage\":\"pl-PL\",\"potentialAction\":[{\"@type\":\"ReadAction\",\"target\":[\"https:\/\/polsoft.pl\/microsoft-surface\/produkt\/surface-pen-com-m1776-sc-it-pl-pt-es-hdwr-commercial-burgundy\/\"]}]},{\"@type\":\"ImageObject\",\"inLanguage\":\"pl-PL\",\"@id\":\"https:\/\/polsoft.pl\/microsoft-surface\/produkt\/surface-pen-com-m1776-sc-it-pl-pt-es-hdwr-commercial-burgundy\/#primaryimage\",\"url\":\"https:\/\/www.polsoft.pl\/microsoft-surface\/wp-content\/uploads\/2020\/09\/Pioro_Microsoft_Surface_Pen_EYV-00030.jpg\",\"contentUrl\":\"https:\/\/www.polsoft.pl\/microsoft-surface\/wp-content\/uploads\/2020\/09\/Pioro_Microsoft_Surface_Pen_EYV-00030.jpg\",\"width\":600,\"height\":600,\"caption\":\"Zdj\u0119cie produktu - pi\u00f3ro Microsoft Surface Pen\"},{\"@type\":\"BreadcrumbList\",\"@id\":\"https:\/\/polsoft.pl\/microsoft-surface\/produkt\/surface-pen-com-m1776-sc-it-pl-pt-es-hdwr-commercial-burgundy\/#breadcrumb\",\"itemListElement\":[{\"@type\":\"ListItem\",\"position\":1,\"name\":\"Strona g\u0142\u00f3wna\",\"item\":\"https:\/\/polsoft.pl\/microsoft-surface\/\"},{\"@type\":\"ListItem\",\"position\":2,\"name\":\"Sklep\",\"item\":\"https:\/\/polsoft.pl\/microsoft-surface\/sklep\/\"},{\"@type\":\"ListItem\",\"position\":3,\"name\":\"Surface Pen Com M1776 SC IT\/PL\/PT\/ES Hdwr Commercial BURGUNDY\"}]},{\"@type\":\"WebSite\",\"@id\":\"https:\/\/polsoft.pl\/microsoft-surface\/#website\",\"url\":\"https:\/\/polsoft.pl\/microsoft-surface\/\",\"name\":\"Sklep Microsoft Surface\",\"description\":\"Sklep Microsoft Surface\",\"publisher\":{\"@id\":\"https:\/\/polsoft.pl\/microsoft-surface\/#organization\"},\"potentialAction\":[{\"@type\":\"SearchAction\",\"target\":{\"@type\":\"EntryPoint\",\"urlTemplate\":\"https:\/\/polsoft.pl\/microsoft-surface\/?s={search_term_string}\"},\"query-input\":{\"@type\":\"PropertyValueSpecification\",\"valueRequired\":true,\"valueName\":\"search_term_string\"}}],\"inLanguage\":\"pl-PL\"},{\"@type\":\"Organization\",\"@id\":\"https:\/\/polsoft.pl\/microsoft-surface\/#organization\",\"name\":\"Polsoft Engineering Sp. z o.o.\",\"url\":\"https:\/\/polsoft.pl\/microsoft-surface\/\",\"logo\":{\"@type\":\"ImageObject\",\"inLanguage\":\"pl-PL\",\"@id\":\"https:\/\/polsoft.pl\/microsoft-surface\/#\/schema\/logo\/image\/\",\"url\":\"https:\/\/www.polsoft.pl\/microsoft-surface\/wp-content\/uploads\/2020\/10\/microsoft_partner_logo_black_polsoft.png\",\"contentUrl\":\"https:\/\/www.polsoft.pl\/microsoft-surface\/wp-content\/uploads\/2020\/10\/microsoft_partner_logo_black_polsoft.png\",\"width\":613,\"height\":158,\"caption\":\"Polsoft Engineering Sp. z o.o.\"},\"image\":{\"@id\":\"https:\/\/polsoft.pl\/microsoft-surface\/#\/schema\/logo\/image\/\"}}]}<\/script>\n<!-- \/ Yoast SEO plugin. -->","yoast_head_json":{"title":"Surface Pen Com M1776 SC IT\/PL\/PT\/ES Hdwr Commercial BURGUNDY - Sklep rozwi\u0105za\u0144 Microsoft Surface","robots":{"index":"index","follow":"follow","max-snippet":"max-snippet:-1","max-image-preview":"max-image-preview:large","max-video-preview":"max-video-preview:-1"},"canonical":"https:\/\/polsoft.pl\/microsoft-surface\/produkt\/surface-pen-com-m1776-sc-it-pl-pt-es-hdwr-commercial-burgundy\/","og_locale":"pl_PL","og_type":"article","og_title":"Surface Pen Com M1776 SC IT\/PL\/PT\/ES Hdwr Commercial BURGUNDY - Sklep rozwi\u0105za\u0144 Microsoft Surface","og_description":"Komfortowo pisz i rysuj przy pomocy rysika Microsoft Surface Pen. Jest on jednym z wielu akcesori\u00f3w dedykowanych do urz\u0105dze\u0144 Microsoft Surface. Umo\u017cliwia przekszta\u0142cenie odr\u0119cznych notatek w cyfrowy tekst, dzi\u0119ki czemu bez problemu je odszukasz. Technologia PalmBlock polega na ignorowaniu dotyku d\u0142oni w momencie wykrycia u\u017cycia pi\u00f3ra. 4096 poziom\u00f3w nacisku oraz prawie zerowemu op\u00f3\u017anieniu sprawia, \u017ce [&hellip;]","og_url":"https:\/\/polsoft.pl\/microsoft-surface\/produkt\/surface-pen-com-m1776-sc-it-pl-pt-es-hdwr-commercial-burgundy\/","og_site_name":"Sklep rozwi\u0105za\u0144 Microsoft Surface","article_modified_time":"2025-07-15T12:01:06+00:00","og_image":[{"width":600,"height":600,"url":"https:\/\/polsoft.pl\/microsoft-surface\/wp-content\/uploads\/2020\/09\/Pioro_Microsoft_Surface_Pen_EYV-00030.jpg","type":"image\/jpeg"}],"twitter_card":"summary_large_image","twitter_misc":{"Szacowany czas czytania":"1 minuta"},"schema":{"@context":"https:\/\/schema.org","@graph":[{"@type":"WebPage","@id":"https:\/\/polsoft.pl\/microsoft-surface\/produkt\/surface-pen-com-m1776-sc-it-pl-pt-es-hdwr-commercial-burgundy\/","url":"https:\/\/polsoft.pl\/microsoft-surface\/produkt\/surface-pen-com-m1776-sc-it-pl-pt-es-hdwr-commercial-burgundy\/","name":"Surface Pen Com M1776 SC IT\/PL\/PT\/ES Hdwr Commercial BURGUNDY - Sklep rozwi\u0105za\u0144 Microsoft Surface","isPartOf":{"@id":"https:\/\/polsoft.pl\/microsoft-surface\/#website"},"primaryImageOfPage":{"@id":"https:\/\/polsoft.pl\/microsoft-surface\/produkt\/surface-pen-com-m1776-sc-it-pl-pt-es-hdwr-commercial-burgundy\/#primaryimage"},"image":{"@id":"https:\/\/polsoft.pl\/microsoft-surface\/produkt\/surface-pen-com-m1776-sc-it-pl-pt-es-hdwr-commercial-burgundy\/#primaryimage"},"thumbnailUrl":"https:\/\/www.polsoft.pl\/microsoft-surface\/wp-content\/uploads\/2020\/09\/Pioro_Microsoft_Surface_Pen_EYV-00030.jpg","datePublished":"2020-08-11T12:49:39+00:00","dateModified":"2025-07-15T12:01:06+00:00","breadcrumb":{"@id":"https:\/\/polsoft.pl\/microsoft-surface\/produkt\/surface-pen-com-m1776-sc-it-pl-pt-es-hdwr-commercial-burgundy\/#breadcrumb"},"inLanguage":"pl-PL","potentialAction":[{"@type":"ReadAction","target":["https:\/\/polsoft.pl\/microsoft-surface\/produkt\/surface-pen-com-m1776-sc-it-pl-pt-es-hdwr-commercial-burgundy\/"]}]},{"@type":"ImageObject","inLanguage":"pl-PL","@id":"https:\/\/polsoft.pl\/microsoft-surface\/produkt\/surface-pen-com-m1776-sc-it-pl-pt-es-hdwr-commercial-burgundy\/#primaryimage","url":"https:\/\/www.polsoft.pl\/microsoft-surface\/wp-content\/uploads\/2020\/09\/Pioro_Microsoft_Surface_Pen_EYV-00030.jpg","contentUrl":"https:\/\/www.polsoft.pl\/microsoft-surface\/wp-content\/uploads\/2020\/09\/Pioro_Microsoft_Surface_Pen_EYV-00030.jpg","width":600,"height":600,"caption":"Zdj\u0119cie produktu - pi\u00f3ro Microsoft Surface Pen"},{"@type":"BreadcrumbList","@id":"https:\/\/polsoft.pl\/microsoft-surface\/produkt\/surface-pen-com-m1776-sc-it-pl-pt-es-hdwr-commercial-burgundy\/#breadcrumb","itemListElement":[{"@type":"ListItem","position":1,"name":"Strona g\u0142\u00f3wna","item":"https:\/\/polsoft.pl\/microsoft-surface\/"},{"@type":"ListItem","position":2,"name":"Sklep","item":"https:\/\/polsoft.pl\/microsoft-surface\/sklep\/"},{"@type":"ListItem","position":3,"name":"Surface Pen Com M1776 SC IT\/PL\/PT\/ES Hdwr Commercial BURGUNDY"}]},{"@type":"WebSite","@id":"https:\/\/polsoft.pl\/microsoft-surface\/#website","url":"https:\/\/polsoft.pl\/microsoft-surface\/","name":"Sklep Microsoft Surface","description":"Sklep Microsoft Surface","publisher":{"@id":"https:\/\/polsoft.pl\/microsoft-surface\/#organization"},"potentialAction":[{"@type":"SearchAction","target":{"@type":"EntryPoint","urlTemplate":"https:\/\/polsoft.pl\/microsoft-surface\/?s={search_term_string}"},"query-input":{"@type":"PropertyValueSpecification","valueRequired":true,"valueName":"search_term_string"}}],"inLanguage":"pl-PL"},{"@type":"Organization","@id":"https:\/\/polsoft.pl\/microsoft-surface\/#organization","name":"Polsoft Engineering Sp. z o.o.","url":"https:\/\/polsoft.pl\/microsoft-surface\/","logo":{"@type":"ImageObject","inLanguage":"pl-PL","@id":"https:\/\/polsoft.pl\/microsoft-surface\/#\/schema\/logo\/image\/","url":"https:\/\/www.polsoft.pl\/microsoft-surface\/wp-content\/uploads\/2020\/10\/microsoft_partner_logo_black_polsoft.png","contentUrl":"https:\/\/www.polsoft.pl\/microsoft-surface\/wp-content\/uploads\/2020\/10\/microsoft_partner_logo_black_polsoft.png","width":613,"height":158,"caption":"Polsoft Engineering Sp. z o.o."},"image":{"@id":"https:\/\/polsoft.pl\/microsoft-surface\/#\/schema\/logo\/image\/"}}]}},"_links":{"self":[{"href":"https:\/\/www.polsoft.pl\/microsoft-surface\/wp-json\/wp\/v2\/product\/311","targetHints":{"allow":["GET"]}}],"collection":[{"href":"https:\/\/www.polsoft.pl\/microsoft-surface\/wp-json\/wp\/v2\/product"}],"about":[{"href":"https:\/\/www.polsoft.pl\/microsoft-surface\/wp-json\/wp\/v2\/types\/product"}],"version-history":[{"count":4,"href":"https:\/\/www.polsoft.pl\/microsoft-surface\/wp-json\/wp\/v2\/product\/311\/revisions"}],"predecessor-version":[{"id":3121,"href":"https:\/\/www.polsoft.pl\/microsoft-surface\/wp-json\/wp\/v2\/product\/311\/revisions\/3121"}],"wp:featuredmedia":[{"embeddable":true,"href":"https:\/\/www.polsoft.pl\/microsoft-surface\/wp-json\/wp\/v2\/media\/1844"}],"wp:attachment":[{"href":"https:\/\/www.polsoft.pl\/microsoft-surface\/wp-json\/wp\/v2\/media?parent=311"}],"wp:term":[{"taxonomy":"product_brand","embeddable":true,"href":"https:\/\/www.polsoft.pl\/microsoft-surface\/wp-json\/wp\/v2\/product_brand?post=311"},{"taxonomy":"product_cat","embeddable":true,"href":"https:\/\/www.polsoft.pl\/microsoft-surface\/wp-json\/wp\/v2\/product_cat?post=311"},{"taxonomy":"product_tag","embeddable":true,"href":"https:\/\/www.polsoft.pl\/microsoft-surface\/wp-json\/wp\/v2\/product_tag?post=311"}],"curies":[{"name":"wp","href":"https:\/\/api.w.org\/{rel}","templated":true}]}}