{"id":332,"date":"2020-08-11T12:49:46","date_gmt":"2020-08-11T12:49:46","guid":{"rendered":"http:\/\/polsoft.pl\/microsoft-surface\/produkt\/surface-dial-commer-sc-it-pl-pt-es-hdwr-commercial\/"},"modified":"2026-01-23T12:46:56","modified_gmt":"2026-01-23T11:46:56","slug":"surface-dial-commer-sc-it-pl-pt-es-hdwr-commercial","status":"publish","type":"product","link":"https:\/\/www.polsoft.pl\/microsoft-surface\/produkt\/surface-dial-commer-sc-it-pl-pt-es-hdwr-commercial\/","title":{"rendered":"Surface Dial Commer SC IT\/PL\/PT\/ES Hdwr Commercial"},"content":{"rendered":"<p>Tw\u00f3rz w bardziej naturalny i realistyczny spos\u00f3b dzi\u0119ki pokr\u0119t\u0142u Microsoft <span style=\"text-decoration: underline;\"><strong><a style=\"color: #2271b1;\" href=\"https:\/\/www.microsoft.com\/pl-pl\/d\/surface-dial\/925r551sktgn\">Microsoft Surface Dial<\/a><\/strong><\/span> 2WS-00008. Jest to eleganckie, proste w obs\u0142udze urz\u0105dzenie do sterowania funkcjami w wybranych aplikacjach. Pokr\u0119t\u0142o kompatybilne ze wszystkimi urz\u0105dzeniami z systemem Windows 11 i 10. Dodatkowa interakcja na pow\u0142oce ekranu mo\u017cliwa jest tylko z komputerami Microsoft Surface Studio. Z urz\u0105dzeniami \u0142\u0105czy si\u0119 przy pomocy Bluetooth, a zasi\u0119g dzia\u0142ania wynosi do 2 m. Pokr\u0119t\u0142o do pracy wymaga dw\u00f3ch baterii AAA.<\/p>\n<p>Odkryj nowy wymiar pracy manipuluj\u0105c w jednej r\u0119ce pokr\u0119t\u0142em Microsoft Surface Dial 2WS-00008, a w drugiej pi\u00f3rem Microsoft Surface Pen. Dzi\u0119ki takiemu po\u0142\u0105czeniu z \u0142atwo\u015bci\u0105 otworzysz nowe mo\u017cliwo\u015bci realizowania pomys\u0142\u00f3w.<\/p>\n<table>\n<tbody>\n<tr>\n<td width=\"170\">Producent:<\/td>\n<td width=\"434\">Microsoft<\/td>\n<\/tr>\n<tr>\n<td width=\"170\">Bezprzewodowa:<\/td>\n<td width=\"434\">tak<\/td>\n<\/tr>\n<tr>\n<td width=\"170\">\u0141\u0105czno\u015b\u0107:<\/td>\n<td width=\"434\">Bluetooth 4.0 i wy\u017cej<\/td>\n<\/tr>\n<tr>\n<td width=\"170\">Zasilanie:<\/td>\n<td width=\"434\">2 baterie AAA<\/td>\n<\/tr>\n<tr>\n<td width=\"170\">Wymiary (mm):<\/td>\n<td width=\"434\">pokr\u0119t\u0142o:<br \/>\n59 x 30 (g\u0142. x wys.)<br \/>\npodstawa:<br \/>\n54 x 4 (g\u0142. x wys.)<\/td>\n<\/tr>\n<tr>\n<td width=\"170\">Waga:<\/td>\n<td width=\"434\">145 g<\/td>\n<\/tr>\n<tr>\n<td width=\"170\">Kolor:<\/td>\n<td width=\"434\">srebrny<\/td>\n<\/tr>\n<tr>\n<td width=\"170\">Cechy:<\/td>\n<td width=\"434\">\n<ul>\n<li>swobodne\/ci\u0105g\u0142e obracanie w obu kierunkach<\/li>\n<li>obs\u0142uga trzech prostych gest\u00f3w: naci\u015bnij i przytrzymaj\/kliknij\/obr\u00f3\u0107<\/li>\n<li>wibracje \u2013 wysy\u0142anie delikatnych drga\u0144 w zale\u017cno\u015bci od wykonywanych gest\u00f3w<\/li>\n<li>interakcja na ekranie, wykrywanie po\u0142o\u017cenia pokr\u0119t\u0142a \u2013 dost\u0119pne tylko dla Microsoft Surface Studio<\/li>\n<\/ul>\n<\/td>\n<\/tr>\n<tr>\n<td width=\"170\">Pasuje do:<\/td>\n<td width=\"434\">wszystkich urz\u0105dze\u0144 z Windowsem 11 Home\/Pro oraz Windows 10 z najnowszymi aktualizacjami<\/td>\n<\/tr>\n<\/tbody>\n<\/table>\n","protected":false},"excerpt":{"rendered":"<p>Tw\u00f3rz w bardziej naturalny i realistyczny spos\u00f3b dzi\u0119ki pokr\u0119t\u0142u Microsoft Microsoft Surface Dial 2WS-00008. Jest to eleganckie, proste w obs\u0142udze urz\u0105dzenie do sterowania funkcjami w wybranych aplikacjach. Pokr\u0119t\u0142o kompatybilne ze wszystkimi urz\u0105dzeniami z systemem Windows 11 i 10. Dodatkowa interakcja na pow\u0142oce ekranu mo\u017cliwa jest tylko z komputerami Microsoft Surface Studio. Z urz\u0105dzeniami \u0142\u0105czy si\u0119 [&hellip;]<\/p>\n","protected":false},"featured_media":1849,"template":"","meta":{"site-sidebar-layout":"default","site-content-layout":"default","ast-site-content-layout":"default","site-content-style":"default","site-sidebar-style":"default","ast-global-header-display":"","ast-banner-title-visibility":"","ast-main-header-display":"","ast-hfb-above-header-display":"","ast-hfb-below-header-display":"","ast-hfb-mobile-header-display":"","site-post-title":"","ast-breadcrumbs-content":"","ast-featured-img":"","footer-sml-layout":"","ast-disable-related-posts":"","theme-transparent-header-meta":"default","adv-header-id-meta":"","stick-header-meta":"","header-above-stick-meta":"","header-main-stick-meta":"","header-below-stick-meta":"","astra-migrate-meta-layouts":"default","ast-page-background-enabled":"default","ast-page-background-meta":{"desktop":{"background-color":"","background-image":"","background-repeat":"repeat","background-position":"center center","background-size":"auto","background-attachment":"scroll","background-type":"","background-media":"","overlay-type":"","overlay-color":"","overlay-opacity":"","overlay-gradient":""},"tablet":{"background-color":"","background-image":"","background-repeat":"repeat","background-position":"center center","background-size":"auto","background-attachment":"scroll","background-type":"","background-media":"","overlay-type":"","overlay-color":"","overlay-opacity":"","overlay-gradient":""},"mobile":{"background-color":"","background-image":"","background-repeat":"repeat","background-position":"center center","background-size":"auto","background-attachment":"scroll","background-type":"","background-media":"","overlay-type":"","overlay-color":"","overlay-opacity":"","overlay-gradient":""}},"ast-content-background-meta":{"desktop":{"background-color":"var(--ast-global-color-5)","background-image":"","background-repeat":"repeat","background-position":"center center","background-size":"auto","background-attachment":"scroll","background-type":"","background-media":"","overlay-type":"","overlay-color":"","overlay-opacity":"","overlay-gradient":""},"tablet":{"background-color":"var(--ast-global-color-5)","background-image":"","background-repeat":"repeat","background-position":"center center","background-size":"auto","background-attachment":"scroll","background-type":"","background-media":"","overlay-type":"","overlay-color":"","overlay-opacity":"","overlay-gradient":""},"mobile":{"background-color":"var(--ast-global-color-5)","background-image":"","background-repeat":"repeat","background-position":"center center","background-size":"auto","background-attachment":"scroll","background-type":"","background-media":"","overlay-type":"","overlay-color":"","overlay-opacity":"","overlay-gradient":""}},"_links_to":"","_links_to_target":""},"product_brand":[],"product_cat":[90],"product_tag":[],"class_list":{"0":"post-332","1":"product","2":"type-product","3":"status-publish","4":"has-post-thumbnail","6":"product_cat-akcesoria-microsoft-surface","7":"desktop-align-left","8":"tablet-align-left","9":"mobile-align-left","11":"first","12":"instock","13":"taxable","14":"shipping-taxable","15":"purchasable","16":"product-type-simple"},"yoast_head":"<!-- This site is optimized with the Yoast SEO plugin v26.7 - https:\/\/yoast.com\/wordpress\/plugins\/seo\/ -->\n<title>Microsoft Surface Dial 2WS-00008 - Sklep Microsoft Surface<\/title>\n<meta name=\"description\" content=\"Microsoft Surface Dial 2WS-00008 - pokr\u0119t\u0142o - Sklep rozwi\u0105za\u0144 Microsoft Surface firmy Polsoft Engineering.\" \/>\n<meta name=\"robots\" content=\"index, follow, max-snippet:-1, max-image-preview:large, max-video-preview:-1\" \/>\n<link rel=\"canonical\" href=\"https:\/\/polsoft.pl\/microsoft-surface\/produkt\/surface-dial-commer-sc-it-pl-pt-es-hdwr-commercial\/\" \/>\n<meta property=\"og:locale\" content=\"pl_PL\" \/>\n<meta property=\"og:type\" content=\"article\" \/>\n<meta property=\"og:title\" content=\"Microsoft Surface Dial 2WS-00008 - Sklep Microsoft Surface\" \/>\n<meta property=\"og:description\" content=\"Microsoft Surface Dial 2WS-00008 - pokr\u0119t\u0142o - Sklep rozwi\u0105za\u0144 Microsoft Surface firmy Polsoft Engineering.\" \/>\n<meta property=\"og:url\" content=\"https:\/\/polsoft.pl\/microsoft-surface\/produkt\/surface-dial-commer-sc-it-pl-pt-es-hdwr-commercial\/\" \/>\n<meta property=\"og:site_name\" content=\"Sklep rozwi\u0105za\u0144 Microsoft Surface\" \/>\n<meta property=\"article:modified_time\" content=\"2026-01-23T11:46:56+00:00\" \/>\n<meta property=\"og:image\" content=\"https:\/\/polsoft.pl\/microsoft-surface\/wp-content\/uploads\/2020\/09\/Pokretlo_Microsoft_Surface_Dial_2WS-00008.jpg\" \/>\n\t<meta property=\"og:image:width\" content=\"1200\" \/>\n\t<meta property=\"og:image:height\" content=\"1200\" \/>\n\t<meta property=\"og:image:type\" content=\"image\/jpeg\" \/>\n<meta name=\"twitter:card\" content=\"summary_large_image\" \/>\n<meta name=\"twitter:label1\" content=\"Szacowany czas czytania\" \/>\n\t<meta name=\"twitter:data1\" content=\"1 minuta\" \/>\n<script type=\"application\/ld+json\" class=\"yoast-schema-graph\">{\"@context\":\"https:\/\/schema.org\",\"@graph\":[{\"@type\":\"WebPage\",\"@id\":\"https:\/\/polsoft.pl\/microsoft-surface\/produkt\/surface-dial-commer-sc-it-pl-pt-es-hdwr-commercial\/\",\"url\":\"https:\/\/polsoft.pl\/microsoft-surface\/produkt\/surface-dial-commer-sc-it-pl-pt-es-hdwr-commercial\/\",\"name\":\"Microsoft Surface Dial 2WS-00008 - Sklep Microsoft Surface\",\"isPartOf\":{\"@id\":\"https:\/\/polsoft.pl\/microsoft-surface\/#website\"},\"primaryImageOfPage\":{\"@id\":\"https:\/\/polsoft.pl\/microsoft-surface\/produkt\/surface-dial-commer-sc-it-pl-pt-es-hdwr-commercial\/#primaryimage\"},\"image\":{\"@id\":\"https:\/\/polsoft.pl\/microsoft-surface\/produkt\/surface-dial-commer-sc-it-pl-pt-es-hdwr-commercial\/#primaryimage\"},\"thumbnailUrl\":\"https:\/\/www.polsoft.pl\/microsoft-surface\/wp-content\/uploads\/2020\/09\/Pokretlo_Microsoft_Surface_Dial_2WS-00008.jpg\",\"datePublished\":\"2020-08-11T12:49:46+00:00\",\"dateModified\":\"2026-01-23T11:46:56+00:00\",\"description\":\"Microsoft Surface Dial 2WS-00008 - pokr\u0119t\u0142o - Sklep rozwi\u0105za\u0144 Microsoft Surface firmy Polsoft Engineering.\",\"breadcrumb\":{\"@id\":\"https:\/\/polsoft.pl\/microsoft-surface\/produkt\/surface-dial-commer-sc-it-pl-pt-es-hdwr-commercial\/#breadcrumb\"},\"inLanguage\":\"pl-PL\",\"potentialAction\":[{\"@type\":\"ReadAction\",\"target\":[\"https:\/\/polsoft.pl\/microsoft-surface\/produkt\/surface-dial-commer-sc-it-pl-pt-es-hdwr-commercial\/\"]}]},{\"@type\":\"ImageObject\",\"inLanguage\":\"pl-PL\",\"@id\":\"https:\/\/polsoft.pl\/microsoft-surface\/produkt\/surface-dial-commer-sc-it-pl-pt-es-hdwr-commercial\/#primaryimage\",\"url\":\"https:\/\/www.polsoft.pl\/microsoft-surface\/wp-content\/uploads\/2020\/09\/Pokretlo_Microsoft_Surface_Dial_2WS-00008.jpg\",\"contentUrl\":\"https:\/\/www.polsoft.pl\/microsoft-surface\/wp-content\/uploads\/2020\/09\/Pokretlo_Microsoft_Surface_Dial_2WS-00008.jpg\",\"width\":1200,\"height\":1200,\"caption\":\"Zdj\u0119cie produktu - pokr\u0119t\u0142o Microsoft Surface Dial\"},{\"@type\":\"BreadcrumbList\",\"@id\":\"https:\/\/polsoft.pl\/microsoft-surface\/produkt\/surface-dial-commer-sc-it-pl-pt-es-hdwr-commercial\/#breadcrumb\",\"itemListElement\":[{\"@type\":\"ListItem\",\"position\":1,\"name\":\"Strona g\u0142\u00f3wna\",\"item\":\"https:\/\/polsoft.pl\/microsoft-surface\/\"},{\"@type\":\"ListItem\",\"position\":2,\"name\":\"Sklep\",\"item\":\"https:\/\/polsoft.pl\/microsoft-surface\/sklep\/\"},{\"@type\":\"ListItem\",\"position\":3,\"name\":\"Surface Dial Commer SC IT\/PL\/PT\/ES Hdwr Commercial\"}]},{\"@type\":\"WebSite\",\"@id\":\"https:\/\/polsoft.pl\/microsoft-surface\/#website\",\"url\":\"https:\/\/polsoft.pl\/microsoft-surface\/\",\"name\":\"Sklep Microsoft Surface\",\"description\":\"Sklep Microsoft Surface\",\"publisher\":{\"@id\":\"https:\/\/polsoft.pl\/microsoft-surface\/#organization\"},\"potentialAction\":[{\"@type\":\"SearchAction\",\"target\":{\"@type\":\"EntryPoint\",\"urlTemplate\":\"https:\/\/polsoft.pl\/microsoft-surface\/?s={search_term_string}\"},\"query-input\":{\"@type\":\"PropertyValueSpecification\",\"valueRequired\":true,\"valueName\":\"search_term_string\"}}],\"inLanguage\":\"pl-PL\"},{\"@type\":\"Organization\",\"@id\":\"https:\/\/polsoft.pl\/microsoft-surface\/#organization\",\"name\":\"Polsoft Engineering Sp. z o.o.\",\"url\":\"https:\/\/polsoft.pl\/microsoft-surface\/\",\"logo\":{\"@type\":\"ImageObject\",\"inLanguage\":\"pl-PL\",\"@id\":\"https:\/\/polsoft.pl\/microsoft-surface\/#\/schema\/logo\/image\/\",\"url\":\"https:\/\/www.polsoft.pl\/microsoft-surface\/wp-content\/uploads\/2020\/10\/microsoft_partner_logo_black_polsoft.png\",\"contentUrl\":\"https:\/\/www.polsoft.pl\/microsoft-surface\/wp-content\/uploads\/2020\/10\/microsoft_partner_logo_black_polsoft.png\",\"width\":613,\"height\":158,\"caption\":\"Polsoft Engineering Sp. z o.o.\"},\"image\":{\"@id\":\"https:\/\/polsoft.pl\/microsoft-surface\/#\/schema\/logo\/image\/\"}}]}<\/script>\n<!-- \/ Yoast SEO plugin. -->","yoast_head_json":{"title":"Microsoft Surface Dial 2WS-00008 - Sklep Microsoft Surface","description":"Microsoft Surface Dial 2WS-00008 - pokr\u0119t\u0142o - Sklep rozwi\u0105za\u0144 Microsoft Surface firmy Polsoft Engineering.","robots":{"index":"index","follow":"follow","max-snippet":"max-snippet:-1","max-image-preview":"max-image-preview:large","max-video-preview":"max-video-preview:-1"},"canonical":"https:\/\/polsoft.pl\/microsoft-surface\/produkt\/surface-dial-commer-sc-it-pl-pt-es-hdwr-commercial\/","og_locale":"pl_PL","og_type":"article","og_title":"Microsoft Surface Dial 2WS-00008 - Sklep Microsoft Surface","og_description":"Microsoft Surface Dial 2WS-00008 - pokr\u0119t\u0142o - Sklep rozwi\u0105za\u0144 Microsoft Surface firmy Polsoft Engineering.","og_url":"https:\/\/polsoft.pl\/microsoft-surface\/produkt\/surface-dial-commer-sc-it-pl-pt-es-hdwr-commercial\/","og_site_name":"Sklep rozwi\u0105za\u0144 Microsoft Surface","article_modified_time":"2026-01-23T11:46:56+00:00","og_image":[{"width":1200,"height":1200,"url":"https:\/\/polsoft.pl\/microsoft-surface\/wp-content\/uploads\/2020\/09\/Pokretlo_Microsoft_Surface_Dial_2WS-00008.jpg","type":"image\/jpeg"}],"twitter_card":"summary_large_image","twitter_misc":{"Szacowany czas czytania":"1 minuta"},"schema":{"@context":"https:\/\/schema.org","@graph":[{"@type":"WebPage","@id":"https:\/\/polsoft.pl\/microsoft-surface\/produkt\/surface-dial-commer-sc-it-pl-pt-es-hdwr-commercial\/","url":"https:\/\/polsoft.pl\/microsoft-surface\/produkt\/surface-dial-commer-sc-it-pl-pt-es-hdwr-commercial\/","name":"Microsoft Surface Dial 2WS-00008 - Sklep Microsoft Surface","isPartOf":{"@id":"https:\/\/polsoft.pl\/microsoft-surface\/#website"},"primaryImageOfPage":{"@id":"https:\/\/polsoft.pl\/microsoft-surface\/produkt\/surface-dial-commer-sc-it-pl-pt-es-hdwr-commercial\/#primaryimage"},"image":{"@id":"https:\/\/polsoft.pl\/microsoft-surface\/produkt\/surface-dial-commer-sc-it-pl-pt-es-hdwr-commercial\/#primaryimage"},"thumbnailUrl":"https:\/\/www.polsoft.pl\/microsoft-surface\/wp-content\/uploads\/2020\/09\/Pokretlo_Microsoft_Surface_Dial_2WS-00008.jpg","datePublished":"2020-08-11T12:49:46+00:00","dateModified":"2026-01-23T11:46:56+00:00","description":"Microsoft Surface Dial 2WS-00008 - pokr\u0119t\u0142o - Sklep rozwi\u0105za\u0144 Microsoft Surface firmy Polsoft Engineering.","breadcrumb":{"@id":"https:\/\/polsoft.pl\/microsoft-surface\/produkt\/surface-dial-commer-sc-it-pl-pt-es-hdwr-commercial\/#breadcrumb"},"inLanguage":"pl-PL","potentialAction":[{"@type":"ReadAction","target":["https:\/\/polsoft.pl\/microsoft-surface\/produkt\/surface-dial-commer-sc-it-pl-pt-es-hdwr-commercial\/"]}]},{"@type":"ImageObject","inLanguage":"pl-PL","@id":"https:\/\/polsoft.pl\/microsoft-surface\/produkt\/surface-dial-commer-sc-it-pl-pt-es-hdwr-commercial\/#primaryimage","url":"https:\/\/www.polsoft.pl\/microsoft-surface\/wp-content\/uploads\/2020\/09\/Pokretlo_Microsoft_Surface_Dial_2WS-00008.jpg","contentUrl":"https:\/\/www.polsoft.pl\/microsoft-surface\/wp-content\/uploads\/2020\/09\/Pokretlo_Microsoft_Surface_Dial_2WS-00008.jpg","width":1200,"height":1200,"caption":"Zdj\u0119cie produktu - pokr\u0119t\u0142o Microsoft Surface Dial"},{"@type":"BreadcrumbList","@id":"https:\/\/polsoft.pl\/microsoft-surface\/produkt\/surface-dial-commer-sc-it-pl-pt-es-hdwr-commercial\/#breadcrumb","itemListElement":[{"@type":"ListItem","position":1,"name":"Strona g\u0142\u00f3wna","item":"https:\/\/polsoft.pl\/microsoft-surface\/"},{"@type":"ListItem","position":2,"name":"Sklep","item":"https:\/\/polsoft.pl\/microsoft-surface\/sklep\/"},{"@type":"ListItem","position":3,"name":"Surface Dial Commer SC IT\/PL\/PT\/ES Hdwr Commercial"}]},{"@type":"WebSite","@id":"https:\/\/polsoft.pl\/microsoft-surface\/#website","url":"https:\/\/polsoft.pl\/microsoft-surface\/","name":"Sklep Microsoft Surface","description":"Sklep Microsoft Surface","publisher":{"@id":"https:\/\/polsoft.pl\/microsoft-surface\/#organization"},"potentialAction":[{"@type":"SearchAction","target":{"@type":"EntryPoint","urlTemplate":"https:\/\/polsoft.pl\/microsoft-surface\/?s={search_term_string}"},"query-input":{"@type":"PropertyValueSpecification","valueRequired":true,"valueName":"search_term_string"}}],"inLanguage":"pl-PL"},{"@type":"Organization","@id":"https:\/\/polsoft.pl\/microsoft-surface\/#organization","name":"Polsoft Engineering Sp. z o.o.","url":"https:\/\/polsoft.pl\/microsoft-surface\/","logo":{"@type":"ImageObject","inLanguage":"pl-PL","@id":"https:\/\/polsoft.pl\/microsoft-surface\/#\/schema\/logo\/image\/","url":"https:\/\/www.polsoft.pl\/microsoft-surface\/wp-content\/uploads\/2020\/10\/microsoft_partner_logo_black_polsoft.png","contentUrl":"https:\/\/www.polsoft.pl\/microsoft-surface\/wp-content\/uploads\/2020\/10\/microsoft_partner_logo_black_polsoft.png","width":613,"height":158,"caption":"Polsoft Engineering Sp. z o.o."},"image":{"@id":"https:\/\/polsoft.pl\/microsoft-surface\/#\/schema\/logo\/image\/"}}]}},"_links":{"self":[{"href":"https:\/\/www.polsoft.pl\/microsoft-surface\/wp-json\/wp\/v2\/product\/332","targetHints":{"allow":["GET"]}}],"collection":[{"href":"https:\/\/www.polsoft.pl\/microsoft-surface\/wp-json\/wp\/v2\/product"}],"about":[{"href":"https:\/\/www.polsoft.pl\/microsoft-surface\/wp-json\/wp\/v2\/types\/product"}],"version-history":[{"count":6,"href":"https:\/\/www.polsoft.pl\/microsoft-surface\/wp-json\/wp\/v2\/product\/332\/revisions"}],"predecessor-version":[{"id":4895,"href":"https:\/\/www.polsoft.pl\/microsoft-surface\/wp-json\/wp\/v2\/product\/332\/revisions\/4895"}],"wp:featuredmedia":[{"embeddable":true,"href":"https:\/\/www.polsoft.pl\/microsoft-surface\/wp-json\/wp\/v2\/media\/1849"}],"wp:attachment":[{"href":"https:\/\/www.polsoft.pl\/microsoft-surface\/wp-json\/wp\/v2\/media?parent=332"}],"wp:term":[{"taxonomy":"product_brand","embeddable":true,"href":"https:\/\/www.polsoft.pl\/microsoft-surface\/wp-json\/wp\/v2\/product_brand?post=332"},{"taxonomy":"product_cat","embeddable":true,"href":"https:\/\/www.polsoft.pl\/microsoft-surface\/wp-json\/wp\/v2\/product_cat?post=332"},{"taxonomy":"product_tag","embeddable":true,"href":"https:\/\/www.polsoft.pl\/microsoft-surface\/wp-json\/wp\/v2\/product_tag?post=332"}],"curies":[{"name":"wp","href":"https:\/\/api.w.org\/{rel}","templated":true}]}}