{"id":3408,"date":"2021-11-25T13:35:17","date_gmt":"2021-11-25T13:35:17","guid":{"rendered":"https:\/\/polsoft.pl\/microsoft-surface\/produkt\/tablet-microsoft-surface-pro-7-platinium-1nf-00003-i7-1165g7-16gb-1tb-123-wi-fi-w10pro\/"},"modified":"2025-07-15T13:57:28","modified_gmt":"2025-07-15T11:57:28","slug":"tablet-microsoft-surface-pro-7-platinium-1nf-00003-i7-1165g7-16gb-1tb-123-wi-fi-w10pro","status":"publish","type":"product","link":"https:\/\/www.polsoft.pl\/microsoft-surface\/produkt\/tablet-microsoft-surface-pro-7-platinium-1nf-00003-i7-1165g7-16gb-1tb-123-wi-fi-w10pro\/","title":{"rendered":"Tablet Microsoft Surface PRO 7+ Platinium 1NF-00003\/i7-1165G7\/16GB\/1TB\/12,3&#8243;\/Wi-Fi\/W10Pro"},"content":{"rendered":"<p>Microsoft Surface Pro 7+ 1NF-00003 to ultra wydajny i ultra mobilny laptop \u201e2w1\u201d. Zosta\u0142 zaprojektowany z my\u015bl\u0105 o nowoczesnych przestrzeniach roboczych. Najnowsze i najwydajniejsze podzespo\u0142y, wyj\u0105tkowo d\u0142uga praca na baterii i niezawodna \u0142\u0105czno\u015b\u0107 bezprzewodowa, czyni\u0105 go idealnym towarzyszem w codziennej pracy, zar\u00f3wno w domu jak i poza nim. Microsoft Surface Pro 7+ posiada tak\u017ce kilka tryb\u00f3w pracy, przez co dostosuje si\u0119 do wszelkich potrzeb u\u017cytkownika.<\/p>\n<p>Sercem tego laptopa \u201e2w1\u201d jest procesor Intel\u00ae Core\u2122 i7-1165G7 11. generacji z rodziny Tiger Lake. Na pok\u0142adzie nie zabrak\u0142o super szybkiego dysku SSD o pojemno\u015bci 1 TB oraz 16 GB pami\u0119ci RAM DDR4. Za wy\u015bwietlanie obrazu odpowiada karta graficzna Intel\u00ae Iris\u00ae Xe Graphics.<\/p>\n<p>Ciesz si\u0119 rewelacyjnym obrazem na dotykowym, 12,3\u201d ekranie PixelSense\u2122 o wysokiej rozdzielczo\u015bci (2736 x 1824px) i zag\u0119szczeniu pikseli 267 PPI. Tablet posiada r\u00f3wnie\u017c czujnik nat\u0119\u017cenia \u015bwiat\u0142a, kt\u00f3ry automatycznie dostosuje jasno\u015b\u0107 ekranu do zewn\u0119trznych warunk\u00f3w o\u015bwietleniowych panuj\u0105cych na zewn\u0105trz.<\/p>\n<p>B\u0142yskawicznie manewruj pomi\u0119dzy trybami pracy z <a href=\"https:\/\/polsoft.pl\/microsoft-surface\/kategoria\/tablety-microsoft-surface\/microsoft-surface-pro-7-tablety-microsoft-surface\/\">Microsoft Surface Pro 7+<\/a>. Urz\u0105dzenie z \u0142atwo\u015bci\u0105 przekszta\u0142cisz w laptop, tablet a nawet w tryb studio, za pomoc\u0105 regulowanej podstawki i klawiatury Surface Pro Signature Type Cover. Klawiatura ta pe\u0142ni dodatkowo funkcj\u0119 etui, chroni\u0105cego ekran laptopa przed zarysowaniami i zabrudzeniami.<\/p>\n<p>Notuj szybciej, rysuj bez ogranicze\u0144 z pi\u00f3rem Surface Pen. Dzi\u0119ki innym dedykowanym akcesoriom Surface np.: Surface Dock 2, Surface Headphones 2 poczujesz wi\u0119ksz\u0105 wygod\u0119 i elastyczno\u015b\u0107 dotychczasowej pracy. Za pomoc\u0105 port\u00f3w USB-C i USB-A mo\u017cesz pod\u0142\u0105cza\u0107 zewn\u0119trzne wy\u015bwietlacze, stacj\u0119 dokuj\u0105c\u0105, czy tak\u017ce \u0142adowa\u0107 akcesoria innych urz\u0105dze\u0144.<\/p>\n<p>B\u0105d\u017a zawsze dobrze widoczny i wyra\u017anie s\u0142yszany dzi\u0119ki kamerce HD i mikrofonom studyjnym dalekiego zasi\u0119gu. Natomiast g\u0142o\u015bniki Omnisonic z Dolby\u00ae Audio\u2122 Premium zapewniaj\u0105 doskona\u0142\u0105 jako\u015b\u0107 d\u017awi\u0119ku. Niezawodn\u0105, szybk\u0105 bezprzewodow\u0105 \u0142\u0105czno\u015b\u0107 zapewnia modu\u0142 Wi-Fi 6 oraz Bluetooth. Nie mo\u017cna zapomnie\u0107 r\u00f3wnie\u017c o wysokiej jako\u015bci zabezpieczeniach, takich jak: Windows Hello czy modu\u0142 TPM 2.0.<\/p>\n<p>Microsoft Surface Pro 7+ 1NF-00003 jest bardzo lekki (784 g) i wytrzymuje nawet do 15 godzin pracy na baterii co sprawia, \u017ce jest doskona\u0142ym kompanem w podr\u00f3\u017cy. Model ten pracuje pod kontrol\u0105 systemu Microsoft Windows 10 Pro.<\/p>\n<table width=\"785\">\n<tbody>\n<tr>\n<td width=\"201\">Procesor<\/td>\n<td width=\"584\"><a href=\"https:\/\/ark.intel.com\/content\/www\/pl\/pl\/ark\/products\/208662\/intel-core-i71165g7-processor-12m-cache-up-to-4-70-ghz.html\">Intel\u00ae Core\u2122 i7-1165G7<\/a>, 4-rdzeniowy 11. generacji<\/td>\n<\/tr>\n<tr>\n<td>Wy\u015bwietlacz<\/td>\n<td width=\"584\">ekran:<br \/>\n12.3&#8243; PixelSense\u2122<br \/>\nrozdzielczo\u015b\u0107:<br \/>\n2736 x 1824 (267 PPI)<br \/>\nwsp\u00f3\u0142czynnik proporcji:<br \/>\n3:2<br \/>\ndotyk:<br \/>\nmulti-touch z obs\u0142ug\u0105 10 punkt\u00f3w dotykowych<\/td>\n<\/tr>\n<tr>\n<td>Karta graficzna<\/td>\n<td width=\"584\">Intel\u00ae Iris\u00ae Xe Graphics<\/td>\n<\/tr>\n<tr>\n<td>Pami\u0119\u0107<\/td>\n<td>16 GB RAM LPDDR4x<\/td>\n<\/tr>\n<tr>\n<td>Przestrze\u0144 dyskowa<\/td>\n<td>SSD 1 TB<\/td>\n<\/tr>\n<tr>\n<td>\u0141\u0105czno\u015b\u0107 bezprzewodowa<\/td>\n<td width=\"584\">Wi-Fi 6: zgodne ze standardem IEEE 802.11ax<br \/>\nmodu\u0142 Bluetooth\u00ae Wireless 5.0<br \/>\n4G LTE Advanced i obs\u0142uga kart eSIM<br \/>\nmodem Qualcomm\u00ae Snapdragon\u2122 X20 4G LTE<br \/>\nobs\u0142uga pasm 4G LTE: 1, 2, 3, 4, 5, 7, 8, 12, 13, 14, 19, 20, 25, 26, 28 29, 30, 38, 39, 40, 41, 66<\/td>\n<\/tr>\n<tr>\n<td>Z\u0142\u0105cza<\/td>\n<td width=\"584\">1 x USB-C\u00ae<br \/>\n1 x USB-A<br \/>\n1 x Surface Connect port<br \/>\nport klawiatury Surface<br \/>\nczytnik kart microSDXC<br \/>\n1 x nanoSIM<br \/>\nkompatybilne z pokr\u0119t\u0142em Surface Dial off-screen interaction<\/td>\n<\/tr>\n<tr>\n<td>Sensory<\/td>\n<td width=\"584\">akcelenometr<br \/>\n\u017cyroskop<br \/>\nczujnik pola magnetycznego<br \/>\nczujnik nat\u0119\u017cenia \u015bwiat\u0142a<\/td>\n<\/tr>\n<tr>\n<td>Zabezpieczenia<\/td>\n<td width=\"584\">Firmware TPM<br \/>\nWindows Hello &#8211; rozpoznawanie twarzy do odblokowania urz\u0105dzenia<\/td>\n<\/tr>\n<tr>\n<td>Czas pracy na baterii<\/td>\n<td>15 godzin przy pracy biurowej<\/td>\n<\/tr>\n<tr>\n<td>Multimedia<\/td>\n<td width=\"584\">przednia kamera do uwierzytelnienia twarzy \u2013 Windows Hello<br \/>\n5.0MP \u2013 przednia kamera \u2013 nagrywanie film\u00f3w w Full HD 1080p<br \/>\n8.0MP \u2013 tylny aparat z autofokusem \u2013 nagrywanie film\u00f3w Full HD 1080p<br \/>\n2 mikrofony dalekiego zasi\u0119gu<br \/>\ng\u0142o\u015bniki stereo 2W Dolby Atmos\u00ae<\/td>\n<\/tr>\n<tr>\n<td>Oprogramowanie<\/td>\n<td width=\"584\">Windows 10 Pro<br \/>\nza\u0142adowane aplikacje Microsoft 365<br \/>\nmiesi\u0119czna wersja pr\u00f3bna Microsoft Office 365<\/td>\n<\/tr>\n<tr>\n<td>Obudowa<\/td>\n<td width=\"584\">magnezowa obudowa z pasywnym trybem ch\u0142odzenia<br \/>\nkolor Platinum (platynowy)<br \/>\nprzyciski regulacji g\u0142o\u015bno\u015bci oraz zasilania<\/td>\n<\/tr>\n<tr>\n<td>Wymiary (mm)<\/td>\n<td>292 x 201 x 8,5 (sz. x g\u0142. x wys.)<\/td>\n<\/tr>\n<tr>\n<td width=\"201\">Waga<br \/>\n(bez klawiatury)<\/td>\n<td width=\"584\">784g<\/td>\n<\/tr>\n<tr>\n<td>Zawarto\u015b\u0107 zestawu<\/td>\n<td width=\"584\">Surface Pro 7+<br \/>\nzasilacz<br \/>\nskr\u00f3cona instrukcja obs\u0142ugi<br \/>\ndokumenty dotycz\u0105ce gwarancji i bezpiecze\u0144stwa<\/td>\n<\/tr>\n<tr>\n<td>Gwarancja<\/td>\n<td width=\"584\">roczny okres gwarancji<\/td>\n<\/tr>\n<\/tbody>\n<\/table>\n","protected":false},"excerpt":{"rendered":"<p>Microsoft Surface Pro 7+ 1NF-00003 to ultra wydajny i ultra mobilny laptop \u201e2w1\u201d. Zosta\u0142 zaprojektowany z my\u015bl\u0105 o nowoczesnych przestrzeniach roboczych. Najnowsze i najwydajniejsze podzespo\u0142y, wyj\u0105tkowo d\u0142uga praca na baterii i niezawodna \u0142\u0105czno\u015b\u0107 bezprzewodowa, czyni\u0105 go idealnym towarzyszem w codziennej pracy, zar\u00f3wno w domu jak i poza nim. Microsoft Surface Pro 7+ posiada tak\u017ce kilka [&hellip;]<\/p>\n","protected":false},"featured_media":3805,"template":"","meta":{"site-sidebar-layout":"default","site-content-layout":"default","ast-site-content-layout":"default","site-content-style":"default","site-sidebar-style":"default","ast-global-header-display":"","ast-banner-title-visibility":"","ast-main-header-display":"","ast-hfb-above-header-display":"","ast-hfb-below-header-display":"","ast-hfb-mobile-header-display":"","site-post-title":"","ast-breadcrumbs-content":"","ast-featured-img":"","footer-sml-layout":"","ast-disable-related-posts":"","theme-transparent-header-meta":"default","adv-header-id-meta":"","stick-header-meta":"","header-above-stick-meta":"","header-main-stick-meta":"","header-below-stick-meta":"","astra-migrate-meta-layouts":"default","ast-page-background-enabled":"default","ast-page-background-meta":{"desktop":{"background-color":"","background-image":"","background-repeat":"repeat","background-position":"center center","background-size":"auto","background-attachment":"scroll","background-type":"","background-media":"","overlay-type":"","overlay-color":"","overlay-opacity":"","overlay-gradient":""},"tablet":{"background-color":"","background-image":"","background-repeat":"repeat","background-position":"center center","background-size":"auto","background-attachment":"scroll","background-type":"","background-media":"","overlay-type":"","overlay-color":"","overlay-opacity":"","overlay-gradient":""},"mobile":{"background-color":"","background-image":"","background-repeat":"repeat","background-position":"center center","background-size":"auto","background-attachment":"scroll","background-type":"","background-media":"","overlay-type":"","overlay-color":"","overlay-opacity":"","overlay-gradient":""}},"ast-content-background-meta":{"desktop":{"background-color":"var(--ast-global-color-5)","background-image":"","background-repeat":"repeat","background-position":"center center","background-size":"auto","background-attachment":"scroll","background-type":"","background-media":"","overlay-type":"","overlay-color":"","overlay-opacity":"","overlay-gradient":""},"tablet":{"background-color":"var(--ast-global-color-5)","background-image":"","background-repeat":"repeat","background-position":"center center","background-size":"auto","background-attachment":"scroll","background-type":"","background-media":"","overlay-type":"","overlay-color":"","overlay-opacity":"","overlay-gradient":""},"mobile":{"background-color":"var(--ast-global-color-5)","background-image":"","background-repeat":"repeat","background-position":"center center","background-size":"auto","background-attachment":"scroll","background-type":"","background-media":"","overlay-type":"","overlay-color":"","overlay-opacity":"","overlay-gradient":""}},"_links_to":"","_links_to_target":""},"product_brand":[],"product_cat":[],"product_tag":[],"class_list":{"0":"post-3408","1":"product","2":"type-product","3":"status-publish","4":"has-post-thumbnail","6":"pa_dodatkowe-komponenty-wi-fi","7":"pa_matryca-51","8":"pa_model-procesora-i7-1165g7","9":"pa_pamiec-ram-16gb","10":"pa_pojemnosc-dysku-1tb","11":"pa_producent-procesora-intel","12":"pa_w-zestawie-urzadzenie-zasilacz","13":"desktop-align-left","14":"tablet-align-left","15":"mobile-align-left","17":"first","18":"outofstock","19":"taxable","20":"shipping-taxable","21":"purchasable","22":"product-type-simple"},"yoast_head":"<!-- This site is optimized with the Yoast SEO plugin v26.7 - https:\/\/yoast.com\/wordpress\/plugins\/seo\/ -->\n<title>Microsoft Surface Pro 7+ 1NF-00003 - Sklep Microsoft Surface<\/title>\n<meta name=\"description\" content=\"Microsoft Surface Pro 7+ 1NF-00003 - i7-1165G7\/16GB\/1TB\/12,3&quot;\/Wi-Fi\/W10Pro Sklep rozwi\u0105za\u0144 Microsoft Surface firmy Polsoft Engineering.\" \/>\n<meta name=\"robots\" content=\"index, follow, max-snippet:-1, max-image-preview:large, max-video-preview:-1\" \/>\n<link rel=\"canonical\" href=\"https:\/\/polsoft.pl\/microsoft-surface\/produkt\/tablet-microsoft-surface-pro-7-platinium-1nf-00003-i7-1165g7-16gb-1tb-123-wi-fi-w10pro\/\" \/>\n<meta property=\"og:locale\" content=\"pl_PL\" \/>\n<meta property=\"og:type\" content=\"article\" \/>\n<meta property=\"og:title\" content=\"Microsoft Surface Pro 7+ 1NF-00003 - Sklep Microsoft Surface\" \/>\n<meta property=\"og:description\" content=\"Microsoft Surface Pro 7+ 1NF-00003 - i7-1165G7\/16GB\/1TB\/12,3&quot;\/Wi-Fi\/W10Pro Sklep rozwi\u0105za\u0144 Microsoft Surface firmy Polsoft Engineering.\" \/>\n<meta property=\"og:url\" content=\"https:\/\/polsoft.pl\/microsoft-surface\/produkt\/tablet-microsoft-surface-pro-7-platinium-1nf-00003-i7-1165g7-16gb-1tb-123-wi-fi-w10pro\/\" \/>\n<meta property=\"og:site_name\" content=\"Sklep rozwi\u0105za\u0144 Microsoft Surface\" \/>\n<meta property=\"article:modified_time\" content=\"2025-07-15T11:57:28+00:00\" \/>\n<meta property=\"og:image\" content=\"https:\/\/polsoft.pl\/microsoft-surface\/wp-content\/uploads\/2021\/12\/Tablet_Microsoft_Surface_Pro_7_1NF-00003.jpg\" \/>\n\t<meta property=\"og:image:width\" content=\"800\" \/>\n\t<meta property=\"og:image:height\" content=\"800\" \/>\n\t<meta property=\"og:image:type\" content=\"image\/jpeg\" \/>\n<meta name=\"twitter:card\" content=\"summary_large_image\" \/>\n<meta name=\"twitter:label1\" content=\"Szacowany czas czytania\" \/>\n\t<meta name=\"twitter:data1\" content=\"3 minuty\" \/>\n<script type=\"application\/ld+json\" class=\"yoast-schema-graph\">{\"@context\":\"https:\/\/schema.org\",\"@graph\":[{\"@type\":\"WebPage\",\"@id\":\"https:\/\/polsoft.pl\/microsoft-surface\/produkt\/tablet-microsoft-surface-pro-7-platinium-1nf-00003-i7-1165g7-16gb-1tb-123-wi-fi-w10pro\/\",\"url\":\"https:\/\/polsoft.pl\/microsoft-surface\/produkt\/tablet-microsoft-surface-pro-7-platinium-1nf-00003-i7-1165g7-16gb-1tb-123-wi-fi-w10pro\/\",\"name\":\"Microsoft Surface Pro 7+ 1NF-00003 - Sklep Microsoft Surface\",\"isPartOf\":{\"@id\":\"https:\/\/polsoft.pl\/microsoft-surface\/#website\"},\"primaryImageOfPage\":{\"@id\":\"https:\/\/polsoft.pl\/microsoft-surface\/produkt\/tablet-microsoft-surface-pro-7-platinium-1nf-00003-i7-1165g7-16gb-1tb-123-wi-fi-w10pro\/#primaryimage\"},\"image\":{\"@id\":\"https:\/\/polsoft.pl\/microsoft-surface\/produkt\/tablet-microsoft-surface-pro-7-platinium-1nf-00003-i7-1165g7-16gb-1tb-123-wi-fi-w10pro\/#primaryimage\"},\"thumbnailUrl\":\"https:\/\/www.polsoft.pl\/microsoft-surface\/wp-content\/uploads\/2021\/12\/Tablet_Microsoft_Surface_Pro_7_1NF-00003.jpg\",\"datePublished\":\"2021-11-25T13:35:17+00:00\",\"dateModified\":\"2025-07-15T11:57:28+00:00\",\"description\":\"Microsoft Surface Pro 7+ 1NF-00003 - i7-1165G7\/16GB\/1TB\/12,3\\\"\/Wi-Fi\/W10Pro Sklep rozwi\u0105za\u0144 Microsoft Surface firmy Polsoft Engineering.\",\"breadcrumb\":{\"@id\":\"https:\/\/polsoft.pl\/microsoft-surface\/produkt\/tablet-microsoft-surface-pro-7-platinium-1nf-00003-i7-1165g7-16gb-1tb-123-wi-fi-w10pro\/#breadcrumb\"},\"inLanguage\":\"pl-PL\",\"potentialAction\":[{\"@type\":\"ReadAction\",\"target\":[\"https:\/\/polsoft.pl\/microsoft-surface\/produkt\/tablet-microsoft-surface-pro-7-platinium-1nf-00003-i7-1165g7-16gb-1tb-123-wi-fi-w10pro\/\"]}]},{\"@type\":\"ImageObject\",\"inLanguage\":\"pl-PL\",\"@id\":\"https:\/\/polsoft.pl\/microsoft-surface\/produkt\/tablet-microsoft-surface-pro-7-platinium-1nf-00003-i7-1165g7-16gb-1tb-123-wi-fi-w10pro\/#primaryimage\",\"url\":\"https:\/\/www.polsoft.pl\/microsoft-surface\/wp-content\/uploads\/2021\/12\/Tablet_Microsoft_Surface_Pro_7_1NF-00003.jpg\",\"contentUrl\":\"https:\/\/www.polsoft.pl\/microsoft-surface\/wp-content\/uploads\/2021\/12\/Tablet_Microsoft_Surface_Pro_7_1NF-00003.jpg\",\"width\":800,\"height\":800,\"caption\":\"Zdj\u0119cie produktu - tablet Microsoft Surface PRO 7+\"},{\"@type\":\"BreadcrumbList\",\"@id\":\"https:\/\/polsoft.pl\/microsoft-surface\/produkt\/tablet-microsoft-surface-pro-7-platinium-1nf-00003-i7-1165g7-16gb-1tb-123-wi-fi-w10pro\/#breadcrumb\",\"itemListElement\":[{\"@type\":\"ListItem\",\"position\":1,\"name\":\"Strona g\u0142\u00f3wna\",\"item\":\"https:\/\/polsoft.pl\/microsoft-surface\/\"},{\"@type\":\"ListItem\",\"position\":2,\"name\":\"Sklep\",\"item\":\"https:\/\/polsoft.pl\/microsoft-surface\/sklep\/\"},{\"@type\":\"ListItem\",\"position\":3,\"name\":\"Tablet Microsoft Surface PRO 7+ Platinium 1NF-00003\/i7-1165G7\/16GB\/1TB\/12,3&#8243;\/Wi-Fi\/W10Pro\"}]},{\"@type\":\"WebSite\",\"@id\":\"https:\/\/polsoft.pl\/microsoft-surface\/#website\",\"url\":\"https:\/\/polsoft.pl\/microsoft-surface\/\",\"name\":\"Sklep Microsoft Surface\",\"description\":\"Sklep Microsoft Surface\",\"publisher\":{\"@id\":\"https:\/\/polsoft.pl\/microsoft-surface\/#organization\"},\"potentialAction\":[{\"@type\":\"SearchAction\",\"target\":{\"@type\":\"EntryPoint\",\"urlTemplate\":\"https:\/\/polsoft.pl\/microsoft-surface\/?s={search_term_string}\"},\"query-input\":{\"@type\":\"PropertyValueSpecification\",\"valueRequired\":true,\"valueName\":\"search_term_string\"}}],\"inLanguage\":\"pl-PL\"},{\"@type\":\"Organization\",\"@id\":\"https:\/\/polsoft.pl\/microsoft-surface\/#organization\",\"name\":\"Polsoft Engineering Sp. z o.o.\",\"url\":\"https:\/\/polsoft.pl\/microsoft-surface\/\",\"logo\":{\"@type\":\"ImageObject\",\"inLanguage\":\"pl-PL\",\"@id\":\"https:\/\/polsoft.pl\/microsoft-surface\/#\/schema\/logo\/image\/\",\"url\":\"https:\/\/www.polsoft.pl\/microsoft-surface\/wp-content\/uploads\/2020\/10\/microsoft_partner_logo_black_polsoft.png\",\"contentUrl\":\"https:\/\/www.polsoft.pl\/microsoft-surface\/wp-content\/uploads\/2020\/10\/microsoft_partner_logo_black_polsoft.png\",\"width\":613,\"height\":158,\"caption\":\"Polsoft Engineering Sp. z o.o.\"},\"image\":{\"@id\":\"https:\/\/polsoft.pl\/microsoft-surface\/#\/schema\/logo\/image\/\"}}]}<\/script>\n<!-- \/ Yoast SEO plugin. -->","yoast_head_json":{"title":"Microsoft Surface Pro 7+ 1NF-00003 - Sklep Microsoft Surface","description":"Microsoft Surface Pro 7+ 1NF-00003 - i7-1165G7\/16GB\/1TB\/12,3\"\/Wi-Fi\/W10Pro Sklep rozwi\u0105za\u0144 Microsoft Surface firmy Polsoft Engineering.","robots":{"index":"index","follow":"follow","max-snippet":"max-snippet:-1","max-image-preview":"max-image-preview:large","max-video-preview":"max-video-preview:-1"},"canonical":"https:\/\/polsoft.pl\/microsoft-surface\/produkt\/tablet-microsoft-surface-pro-7-platinium-1nf-00003-i7-1165g7-16gb-1tb-123-wi-fi-w10pro\/","og_locale":"pl_PL","og_type":"article","og_title":"Microsoft Surface Pro 7+ 1NF-00003 - Sklep Microsoft Surface","og_description":"Microsoft Surface Pro 7+ 1NF-00003 - i7-1165G7\/16GB\/1TB\/12,3\"\/Wi-Fi\/W10Pro Sklep rozwi\u0105za\u0144 Microsoft Surface firmy Polsoft Engineering.","og_url":"https:\/\/polsoft.pl\/microsoft-surface\/produkt\/tablet-microsoft-surface-pro-7-platinium-1nf-00003-i7-1165g7-16gb-1tb-123-wi-fi-w10pro\/","og_site_name":"Sklep rozwi\u0105za\u0144 Microsoft Surface","article_modified_time":"2025-07-15T11:57:28+00:00","og_image":[{"width":800,"height":800,"url":"https:\/\/polsoft.pl\/microsoft-surface\/wp-content\/uploads\/2021\/12\/Tablet_Microsoft_Surface_Pro_7_1NF-00003.jpg","type":"image\/jpeg"}],"twitter_card":"summary_large_image","twitter_misc":{"Szacowany czas czytania":"3 minuty"},"schema":{"@context":"https:\/\/schema.org","@graph":[{"@type":"WebPage","@id":"https:\/\/polsoft.pl\/microsoft-surface\/produkt\/tablet-microsoft-surface-pro-7-platinium-1nf-00003-i7-1165g7-16gb-1tb-123-wi-fi-w10pro\/","url":"https:\/\/polsoft.pl\/microsoft-surface\/produkt\/tablet-microsoft-surface-pro-7-platinium-1nf-00003-i7-1165g7-16gb-1tb-123-wi-fi-w10pro\/","name":"Microsoft Surface Pro 7+ 1NF-00003 - Sklep Microsoft Surface","isPartOf":{"@id":"https:\/\/polsoft.pl\/microsoft-surface\/#website"},"primaryImageOfPage":{"@id":"https:\/\/polsoft.pl\/microsoft-surface\/produkt\/tablet-microsoft-surface-pro-7-platinium-1nf-00003-i7-1165g7-16gb-1tb-123-wi-fi-w10pro\/#primaryimage"},"image":{"@id":"https:\/\/polsoft.pl\/microsoft-surface\/produkt\/tablet-microsoft-surface-pro-7-platinium-1nf-00003-i7-1165g7-16gb-1tb-123-wi-fi-w10pro\/#primaryimage"},"thumbnailUrl":"https:\/\/www.polsoft.pl\/microsoft-surface\/wp-content\/uploads\/2021\/12\/Tablet_Microsoft_Surface_Pro_7_1NF-00003.jpg","datePublished":"2021-11-25T13:35:17+00:00","dateModified":"2025-07-15T11:57:28+00:00","description":"Microsoft Surface Pro 7+ 1NF-00003 - i7-1165G7\/16GB\/1TB\/12,3\"\/Wi-Fi\/W10Pro Sklep rozwi\u0105za\u0144 Microsoft Surface firmy Polsoft Engineering.","breadcrumb":{"@id":"https:\/\/polsoft.pl\/microsoft-surface\/produkt\/tablet-microsoft-surface-pro-7-platinium-1nf-00003-i7-1165g7-16gb-1tb-123-wi-fi-w10pro\/#breadcrumb"},"inLanguage":"pl-PL","potentialAction":[{"@type":"ReadAction","target":["https:\/\/polsoft.pl\/microsoft-surface\/produkt\/tablet-microsoft-surface-pro-7-platinium-1nf-00003-i7-1165g7-16gb-1tb-123-wi-fi-w10pro\/"]}]},{"@type":"ImageObject","inLanguage":"pl-PL","@id":"https:\/\/polsoft.pl\/microsoft-surface\/produkt\/tablet-microsoft-surface-pro-7-platinium-1nf-00003-i7-1165g7-16gb-1tb-123-wi-fi-w10pro\/#primaryimage","url":"https:\/\/www.polsoft.pl\/microsoft-surface\/wp-content\/uploads\/2021\/12\/Tablet_Microsoft_Surface_Pro_7_1NF-00003.jpg","contentUrl":"https:\/\/www.polsoft.pl\/microsoft-surface\/wp-content\/uploads\/2021\/12\/Tablet_Microsoft_Surface_Pro_7_1NF-00003.jpg","width":800,"height":800,"caption":"Zdj\u0119cie produktu - tablet Microsoft Surface PRO 7+"},{"@type":"BreadcrumbList","@id":"https:\/\/polsoft.pl\/microsoft-surface\/produkt\/tablet-microsoft-surface-pro-7-platinium-1nf-00003-i7-1165g7-16gb-1tb-123-wi-fi-w10pro\/#breadcrumb","itemListElement":[{"@type":"ListItem","position":1,"name":"Strona g\u0142\u00f3wna","item":"https:\/\/polsoft.pl\/microsoft-surface\/"},{"@type":"ListItem","position":2,"name":"Sklep","item":"https:\/\/polsoft.pl\/microsoft-surface\/sklep\/"},{"@type":"ListItem","position":3,"name":"Tablet Microsoft Surface PRO 7+ Platinium 1NF-00003\/i7-1165G7\/16GB\/1TB\/12,3&#8243;\/Wi-Fi\/W10Pro"}]},{"@type":"WebSite","@id":"https:\/\/polsoft.pl\/microsoft-surface\/#website","url":"https:\/\/polsoft.pl\/microsoft-surface\/","name":"Sklep Microsoft Surface","description":"Sklep Microsoft Surface","publisher":{"@id":"https:\/\/polsoft.pl\/microsoft-surface\/#organization"},"potentialAction":[{"@type":"SearchAction","target":{"@type":"EntryPoint","urlTemplate":"https:\/\/polsoft.pl\/microsoft-surface\/?s={search_term_string}"},"query-input":{"@type":"PropertyValueSpecification","valueRequired":true,"valueName":"search_term_string"}}],"inLanguage":"pl-PL"},{"@type":"Organization","@id":"https:\/\/polsoft.pl\/microsoft-surface\/#organization","name":"Polsoft Engineering Sp. z o.o.","url":"https:\/\/polsoft.pl\/microsoft-surface\/","logo":{"@type":"ImageObject","inLanguage":"pl-PL","@id":"https:\/\/polsoft.pl\/microsoft-surface\/#\/schema\/logo\/image\/","url":"https:\/\/www.polsoft.pl\/microsoft-surface\/wp-content\/uploads\/2020\/10\/microsoft_partner_logo_black_polsoft.png","contentUrl":"https:\/\/www.polsoft.pl\/microsoft-surface\/wp-content\/uploads\/2020\/10\/microsoft_partner_logo_black_polsoft.png","width":613,"height":158,"caption":"Polsoft Engineering Sp. z o.o."},"image":{"@id":"https:\/\/polsoft.pl\/microsoft-surface\/#\/schema\/logo\/image\/"}}]}},"_links":{"self":[{"href":"https:\/\/www.polsoft.pl\/microsoft-surface\/wp-json\/wp\/v2\/product\/3408","targetHints":{"allow":["GET"]}}],"collection":[{"href":"https:\/\/www.polsoft.pl\/microsoft-surface\/wp-json\/wp\/v2\/product"}],"about":[{"href":"https:\/\/www.polsoft.pl\/microsoft-surface\/wp-json\/wp\/v2\/types\/product"}],"version-history":[{"count":14,"href":"https:\/\/www.polsoft.pl\/microsoft-surface\/wp-json\/wp\/v2\/product\/3408\/revisions"}],"predecessor-version":[{"id":3905,"href":"https:\/\/www.polsoft.pl\/microsoft-surface\/wp-json\/wp\/v2\/product\/3408\/revisions\/3905"}],"wp:featuredmedia":[{"embeddable":true,"href":"https:\/\/www.polsoft.pl\/microsoft-surface\/wp-json\/wp\/v2\/media\/3805"}],"wp:attachment":[{"href":"https:\/\/www.polsoft.pl\/microsoft-surface\/wp-json\/wp\/v2\/media?parent=3408"}],"wp:term":[{"taxonomy":"product_brand","embeddable":true,"href":"https:\/\/www.polsoft.pl\/microsoft-surface\/wp-json\/wp\/v2\/product_brand?post=3408"},{"taxonomy":"product_cat","embeddable":true,"href":"https:\/\/www.polsoft.pl\/microsoft-surface\/wp-json\/wp\/v2\/product_cat?post=3408"},{"taxonomy":"product_tag","embeddable":true,"href":"https:\/\/www.polsoft.pl\/microsoft-surface\/wp-json\/wp\/v2\/product_tag?post=3408"}],"curies":[{"name":"wp","href":"https:\/\/api.w.org\/{rel}","templated":true}]}}