{"id":343,"date":"2020-08-11T12:49:46","date_gmt":"2020-08-11T12:49:46","guid":{"rendered":"http:\/\/polsoft.pl\/microsoft-surface\/produkt\/vga-adapter-business-goya-v-commer-sc-it-pl-pt-es-hdwr-commercial\/"},"modified":"2025-07-15T14:01:03","modified_gmt":"2025-07-15T12:01:03","slug":"vga-adapter-business-goya-v-commer-sc-it-pl-pt-es-hdwr-commercial","status":"publish","type":"product","link":"https:\/\/www.polsoft.pl\/microsoft-surface\/produkt\/vga-adapter-business-goya-v-commer-sc-it-pl-pt-es-hdwr-commercial\/","title":{"rendered":"VGA Adapter Business \/ Goya-V Commer SC IT\/PL\/PT\/ES Hdwr Commercial"},"content":{"rendered":"<p>Microsoft Surface DisplayPort \u2013 VGA pozwala na pod\u0142\u0105czenie laptopa do urz\u0105dzenia obs\u0142uguj\u0105cego standard VGA. To rozwi\u0105zanie doceni\u0105 przede wszystkim posiadacze rzutnik\u00f3w jedynie z tym interfejsem.<\/p>\n<table>\n<tbody>\n<tr>\n<td width=\"170\">Producent:<\/td>\n<td width=\"434\">Microsoft<\/td>\n<\/tr>\n<tr>\n<td width=\"170\">Typ z\u0142\u0105cza:<\/td>\n<td width=\"434\">mini DisplayPort (m\u0119skie)<\/p>\n<p>VGA (\u017ce\u0144skie)<\/td>\n<\/tr>\n<tr>\n<td width=\"170\">Wymiary (mm):<\/td>\n<td width=\"434\">233 x 33.50 x 14.80 (sz. x g\u0142. x wys.)<\/td>\n<\/tr>\n<tr>\n<td width=\"170\">Waga:<\/td>\n<td width=\"434\">37.60 g<\/td>\n<\/tr>\n<tr>\n<td width=\"170\">Kolor:<\/td>\n<td width=\"434\">czarny (black)<\/td>\n<\/tr>\n<tr>\n<td width=\"170\">Pasuje do:<\/td>\n<td width=\"434\">urz\u0105dze\u0144:<\/p>\n<ul>\n<li>Microsoft Surface 3<\/li>\n<li>Microsoft Surface Pro 3<\/li>\n<li>Microsoft Surface Pro 4<\/li>\n<li>Microsoft Surface Book<\/li>\n<li>Microsoft Surface Pro<\/li>\n<li>Microsoft Surface Laptop<\/li>\n<\/ul>\n<\/td>\n<\/tr>\n<\/tbody>\n<\/table>\n","protected":false},"excerpt":{"rendered":"<p>Microsoft Surface DisplayPort \u2013 VGA pozwala na pod\u0142\u0105czenie laptopa do urz\u0105dzenia obs\u0142uguj\u0105cego standard VGA. To rozwi\u0105zanie doceni\u0105 przede wszystkim posiadacze rzutnik\u00f3w jedynie z tym interfejsem. Producent: Microsoft Typ z\u0142\u0105cza: mini DisplayPort (m\u0119skie) VGA (\u017ce\u0144skie) Wymiary (mm): 233 x 33.50 x 14.80 (sz. x g\u0142. x wys.) Waga: 37.60 g Kolor: czarny (black) Pasuje do: urz\u0105dze\u0144: [&hellip;]<\/p>\n","protected":false},"featured_media":1803,"template":"","meta":{"site-sidebar-layout":"default","site-content-layout":"default","ast-site-content-layout":"default","site-content-style":"default","site-sidebar-style":"default","ast-global-header-display":"","ast-banner-title-visibility":"","ast-main-header-display":"","ast-hfb-above-header-display":"","ast-hfb-below-header-display":"","ast-hfb-mobile-header-display":"","site-post-title":"","ast-breadcrumbs-content":"","ast-featured-img":"","footer-sml-layout":"","ast-disable-related-posts":"","theme-transparent-header-meta":"default","adv-header-id-meta":"","stick-header-meta":"","header-above-stick-meta":"","header-main-stick-meta":"","header-below-stick-meta":"","astra-migrate-meta-layouts":"default","ast-page-background-enabled":"default","ast-page-background-meta":{"desktop":{"background-color":"","background-image":"","background-repeat":"repeat","background-position":"center center","background-size":"auto","background-attachment":"scroll","background-type":"","background-media":"","overlay-type":"","overlay-color":"","overlay-opacity":"","overlay-gradient":""},"tablet":{"background-color":"","background-image":"","background-repeat":"repeat","background-position":"center center","background-size":"auto","background-attachment":"scroll","background-type":"","background-media":"","overlay-type":"","overlay-color":"","overlay-opacity":"","overlay-gradient":""},"mobile":{"background-color":"","background-image":"","background-repeat":"repeat","background-position":"center center","background-size":"auto","background-attachment":"scroll","background-type":"","background-media":"","overlay-type":"","overlay-color":"","overlay-opacity":"","overlay-gradient":""}},"ast-content-background-meta":{"desktop":{"background-color":"var(--ast-global-color-5)","background-image":"","background-repeat":"repeat","background-position":"center center","background-size":"auto","background-attachment":"scroll","background-type":"","background-media":"","overlay-type":"","overlay-color":"","overlay-opacity":"","overlay-gradient":""},"tablet":{"background-color":"var(--ast-global-color-5)","background-image":"","background-repeat":"repeat","background-position":"center center","background-size":"auto","background-attachment":"scroll","background-type":"","background-media":"","overlay-type":"","overlay-color":"","overlay-opacity":"","overlay-gradient":""},"mobile":{"background-color":"var(--ast-global-color-5)","background-image":"","background-repeat":"repeat","background-position":"center center","background-size":"auto","background-attachment":"scroll","background-type":"","background-media":"","overlay-type":"","overlay-color":"","overlay-opacity":"","overlay-gradient":""}},"_links_to":"","_links_to_target":""},"product_brand":[],"product_cat":[],"product_tag":[],"class_list":{"0":"post-343","1":"product","2":"type-product","3":"status-publish","4":"has-post-thumbnail","6":"desktop-align-left","7":"tablet-align-left","8":"mobile-align-left","10":"first","11":"outofstock","12":"taxable","13":"shipping-taxable","14":"purchasable","15":"product-type-simple"},"yoast_head":"<!-- This site is optimized with the Yoast SEO plugin v26.7 - https:\/\/yoast.com\/wordpress\/plugins\/seo\/ -->\n<title>VGA Adapter Business \/ Goya-V Commer SC IT\/PL\/PT\/ES Hdwr Commercial - Sklep rozwi\u0105za\u0144 Microsoft Surface<\/title>\n<meta name=\"robots\" content=\"index, follow, max-snippet:-1, max-image-preview:large, max-video-preview:-1\" \/>\n<link rel=\"canonical\" href=\"https:\/\/polsoft.pl\/microsoft-surface\/produkt\/vga-adapter-business-goya-v-commer-sc-it-pl-pt-es-hdwr-commercial\/\" \/>\n<meta property=\"og:locale\" content=\"pl_PL\" \/>\n<meta property=\"og:type\" content=\"article\" \/>\n<meta property=\"og:title\" content=\"VGA Adapter Business \/ Goya-V Commer SC IT\/PL\/PT\/ES Hdwr Commercial - Sklep rozwi\u0105za\u0144 Microsoft Surface\" \/>\n<meta property=\"og:description\" content=\"Microsoft Surface DisplayPort \u2013 VGA pozwala na pod\u0142\u0105czenie laptopa do urz\u0105dzenia obs\u0142uguj\u0105cego standard VGA. To rozwi\u0105zanie doceni\u0105 przede wszystkim posiadacze rzutnik\u00f3w jedynie z tym interfejsem. Producent: Microsoft Typ z\u0142\u0105cza: mini DisplayPort (m\u0119skie) VGA (\u017ce\u0144skie) Wymiary (mm): 233 x 33.50 x 14.80 (sz. x g\u0142. x wys.) Waga: 37.60 g Kolor: czarny (black) Pasuje do: urz\u0105dze\u0144: [&hellip;]\" \/>\n<meta property=\"og:url\" content=\"https:\/\/polsoft.pl\/microsoft-surface\/produkt\/vga-adapter-business-goya-v-commer-sc-it-pl-pt-es-hdwr-commercial\/\" \/>\n<meta property=\"og:site_name\" content=\"Sklep rozwi\u0105za\u0144 Microsoft Surface\" \/>\n<meta property=\"article:modified_time\" content=\"2025-07-15T12:01:03+00:00\" \/>\n<meta property=\"og:image\" content=\"https:\/\/polsoft.pl\/microsoft-surface\/wp-content\/uploads\/2020\/09\/Adapter_Microsoft_Surface_mDP-VGA_EJQ-00006.jpg\" \/>\n\t<meta property=\"og:image:width\" content=\"400\" \/>\n\t<meta property=\"og:image:height\" content=\"400\" \/>\n\t<meta property=\"og:image:type\" content=\"image\/jpeg\" \/>\n<meta name=\"twitter:card\" content=\"summary_large_image\" \/>\n<meta name=\"twitter:label1\" content=\"Szacowany czas czytania\" \/>\n\t<meta name=\"twitter:data1\" content=\"1 minuta\" \/>\n<script type=\"application\/ld+json\" class=\"yoast-schema-graph\">{\"@context\":\"https:\/\/schema.org\",\"@graph\":[{\"@type\":\"WebPage\",\"@id\":\"https:\/\/polsoft.pl\/microsoft-surface\/produkt\/vga-adapter-business-goya-v-commer-sc-it-pl-pt-es-hdwr-commercial\/\",\"url\":\"https:\/\/polsoft.pl\/microsoft-surface\/produkt\/vga-adapter-business-goya-v-commer-sc-it-pl-pt-es-hdwr-commercial\/\",\"name\":\"VGA Adapter Business \/ Goya-V Commer SC IT\/PL\/PT\/ES Hdwr Commercial - Sklep rozwi\u0105za\u0144 Microsoft Surface\",\"isPartOf\":{\"@id\":\"https:\/\/polsoft.pl\/microsoft-surface\/#website\"},\"primaryImageOfPage\":{\"@id\":\"https:\/\/polsoft.pl\/microsoft-surface\/produkt\/vga-adapter-business-goya-v-commer-sc-it-pl-pt-es-hdwr-commercial\/#primaryimage\"},\"image\":{\"@id\":\"https:\/\/polsoft.pl\/microsoft-surface\/produkt\/vga-adapter-business-goya-v-commer-sc-it-pl-pt-es-hdwr-commercial\/#primaryimage\"},\"thumbnailUrl\":\"https:\/\/www.polsoft.pl\/microsoft-surface\/wp-content\/uploads\/2020\/09\/Adapter_Microsoft_Surface_mDP-VGA_EJQ-00006.jpg\",\"datePublished\":\"2020-08-11T12:49:46+00:00\",\"dateModified\":\"2025-07-15T12:01:03+00:00\",\"breadcrumb\":{\"@id\":\"https:\/\/polsoft.pl\/microsoft-surface\/produkt\/vga-adapter-business-goya-v-commer-sc-it-pl-pt-es-hdwr-commercial\/#breadcrumb\"},\"inLanguage\":\"pl-PL\",\"potentialAction\":[{\"@type\":\"ReadAction\",\"target\":[\"https:\/\/polsoft.pl\/microsoft-surface\/produkt\/vga-adapter-business-goya-v-commer-sc-it-pl-pt-es-hdwr-commercial\/\"]}]},{\"@type\":\"ImageObject\",\"inLanguage\":\"pl-PL\",\"@id\":\"https:\/\/polsoft.pl\/microsoft-surface\/produkt\/vga-adapter-business-goya-v-commer-sc-it-pl-pt-es-hdwr-commercial\/#primaryimage\",\"url\":\"https:\/\/www.polsoft.pl\/microsoft-surface\/wp-content\/uploads\/2020\/09\/Adapter_Microsoft_Surface_mDP-VGA_EJQ-00006.jpg\",\"contentUrl\":\"https:\/\/www.polsoft.pl\/microsoft-surface\/wp-content\/uploads\/2020\/09\/Adapter_Microsoft_Surface_mDP-VGA_EJQ-00006.jpg\",\"width\":400,\"height\":400,\"caption\":\"Zdj\u0119cie produktu - adapter mDP -> VGA Microsoft Surface\"},{\"@type\":\"BreadcrumbList\",\"@id\":\"https:\/\/polsoft.pl\/microsoft-surface\/produkt\/vga-adapter-business-goya-v-commer-sc-it-pl-pt-es-hdwr-commercial\/#breadcrumb\",\"itemListElement\":[{\"@type\":\"ListItem\",\"position\":1,\"name\":\"Strona g\u0142\u00f3wna\",\"item\":\"https:\/\/polsoft.pl\/microsoft-surface\/\"},{\"@type\":\"ListItem\",\"position\":2,\"name\":\"Sklep\",\"item\":\"https:\/\/polsoft.pl\/microsoft-surface\/sklep\/\"},{\"@type\":\"ListItem\",\"position\":3,\"name\":\"VGA Adapter Business \/ Goya-V Commer SC IT\/PL\/PT\/ES Hdwr Commercial\"}]},{\"@type\":\"WebSite\",\"@id\":\"https:\/\/polsoft.pl\/microsoft-surface\/#website\",\"url\":\"https:\/\/polsoft.pl\/microsoft-surface\/\",\"name\":\"Sklep Microsoft Surface\",\"description\":\"Sklep Microsoft Surface\",\"publisher\":{\"@id\":\"https:\/\/polsoft.pl\/microsoft-surface\/#organization\"},\"potentialAction\":[{\"@type\":\"SearchAction\",\"target\":{\"@type\":\"EntryPoint\",\"urlTemplate\":\"https:\/\/polsoft.pl\/microsoft-surface\/?s={search_term_string}\"},\"query-input\":{\"@type\":\"PropertyValueSpecification\",\"valueRequired\":true,\"valueName\":\"search_term_string\"}}],\"inLanguage\":\"pl-PL\"},{\"@type\":\"Organization\",\"@id\":\"https:\/\/polsoft.pl\/microsoft-surface\/#organization\",\"name\":\"Polsoft Engineering Sp. z o.o.\",\"url\":\"https:\/\/polsoft.pl\/microsoft-surface\/\",\"logo\":{\"@type\":\"ImageObject\",\"inLanguage\":\"pl-PL\",\"@id\":\"https:\/\/polsoft.pl\/microsoft-surface\/#\/schema\/logo\/image\/\",\"url\":\"https:\/\/www.polsoft.pl\/microsoft-surface\/wp-content\/uploads\/2020\/10\/microsoft_partner_logo_black_polsoft.png\",\"contentUrl\":\"https:\/\/www.polsoft.pl\/microsoft-surface\/wp-content\/uploads\/2020\/10\/microsoft_partner_logo_black_polsoft.png\",\"width\":613,\"height\":158,\"caption\":\"Polsoft Engineering Sp. z o.o.\"},\"image\":{\"@id\":\"https:\/\/polsoft.pl\/microsoft-surface\/#\/schema\/logo\/image\/\"}}]}<\/script>\n<!-- \/ Yoast SEO plugin. -->","yoast_head_json":{"title":"VGA Adapter Business \/ Goya-V Commer SC IT\/PL\/PT\/ES Hdwr Commercial - Sklep rozwi\u0105za\u0144 Microsoft Surface","robots":{"index":"index","follow":"follow","max-snippet":"max-snippet:-1","max-image-preview":"max-image-preview:large","max-video-preview":"max-video-preview:-1"},"canonical":"https:\/\/polsoft.pl\/microsoft-surface\/produkt\/vga-adapter-business-goya-v-commer-sc-it-pl-pt-es-hdwr-commercial\/","og_locale":"pl_PL","og_type":"article","og_title":"VGA Adapter Business \/ Goya-V Commer SC IT\/PL\/PT\/ES Hdwr Commercial - Sklep rozwi\u0105za\u0144 Microsoft Surface","og_description":"Microsoft Surface DisplayPort \u2013 VGA pozwala na pod\u0142\u0105czenie laptopa do urz\u0105dzenia obs\u0142uguj\u0105cego standard VGA. To rozwi\u0105zanie doceni\u0105 przede wszystkim posiadacze rzutnik\u00f3w jedynie z tym interfejsem. Producent: Microsoft Typ z\u0142\u0105cza: mini DisplayPort (m\u0119skie) VGA (\u017ce\u0144skie) Wymiary (mm): 233 x 33.50 x 14.80 (sz. x g\u0142. x wys.) Waga: 37.60 g Kolor: czarny (black) Pasuje do: urz\u0105dze\u0144: [&hellip;]","og_url":"https:\/\/polsoft.pl\/microsoft-surface\/produkt\/vga-adapter-business-goya-v-commer-sc-it-pl-pt-es-hdwr-commercial\/","og_site_name":"Sklep rozwi\u0105za\u0144 Microsoft Surface","article_modified_time":"2025-07-15T12:01:03+00:00","og_image":[{"width":400,"height":400,"url":"https:\/\/polsoft.pl\/microsoft-surface\/wp-content\/uploads\/2020\/09\/Adapter_Microsoft_Surface_mDP-VGA_EJQ-00006.jpg","type":"image\/jpeg"}],"twitter_card":"summary_large_image","twitter_misc":{"Szacowany czas czytania":"1 minuta"},"schema":{"@context":"https:\/\/schema.org","@graph":[{"@type":"WebPage","@id":"https:\/\/polsoft.pl\/microsoft-surface\/produkt\/vga-adapter-business-goya-v-commer-sc-it-pl-pt-es-hdwr-commercial\/","url":"https:\/\/polsoft.pl\/microsoft-surface\/produkt\/vga-adapter-business-goya-v-commer-sc-it-pl-pt-es-hdwr-commercial\/","name":"VGA Adapter Business \/ Goya-V Commer SC IT\/PL\/PT\/ES Hdwr Commercial - Sklep rozwi\u0105za\u0144 Microsoft Surface","isPartOf":{"@id":"https:\/\/polsoft.pl\/microsoft-surface\/#website"},"primaryImageOfPage":{"@id":"https:\/\/polsoft.pl\/microsoft-surface\/produkt\/vga-adapter-business-goya-v-commer-sc-it-pl-pt-es-hdwr-commercial\/#primaryimage"},"image":{"@id":"https:\/\/polsoft.pl\/microsoft-surface\/produkt\/vga-adapter-business-goya-v-commer-sc-it-pl-pt-es-hdwr-commercial\/#primaryimage"},"thumbnailUrl":"https:\/\/www.polsoft.pl\/microsoft-surface\/wp-content\/uploads\/2020\/09\/Adapter_Microsoft_Surface_mDP-VGA_EJQ-00006.jpg","datePublished":"2020-08-11T12:49:46+00:00","dateModified":"2025-07-15T12:01:03+00:00","breadcrumb":{"@id":"https:\/\/polsoft.pl\/microsoft-surface\/produkt\/vga-adapter-business-goya-v-commer-sc-it-pl-pt-es-hdwr-commercial\/#breadcrumb"},"inLanguage":"pl-PL","potentialAction":[{"@type":"ReadAction","target":["https:\/\/polsoft.pl\/microsoft-surface\/produkt\/vga-adapter-business-goya-v-commer-sc-it-pl-pt-es-hdwr-commercial\/"]}]},{"@type":"ImageObject","inLanguage":"pl-PL","@id":"https:\/\/polsoft.pl\/microsoft-surface\/produkt\/vga-adapter-business-goya-v-commer-sc-it-pl-pt-es-hdwr-commercial\/#primaryimage","url":"https:\/\/www.polsoft.pl\/microsoft-surface\/wp-content\/uploads\/2020\/09\/Adapter_Microsoft_Surface_mDP-VGA_EJQ-00006.jpg","contentUrl":"https:\/\/www.polsoft.pl\/microsoft-surface\/wp-content\/uploads\/2020\/09\/Adapter_Microsoft_Surface_mDP-VGA_EJQ-00006.jpg","width":400,"height":400,"caption":"Zdj\u0119cie produktu - adapter mDP -> VGA Microsoft Surface"},{"@type":"BreadcrumbList","@id":"https:\/\/polsoft.pl\/microsoft-surface\/produkt\/vga-adapter-business-goya-v-commer-sc-it-pl-pt-es-hdwr-commercial\/#breadcrumb","itemListElement":[{"@type":"ListItem","position":1,"name":"Strona g\u0142\u00f3wna","item":"https:\/\/polsoft.pl\/microsoft-surface\/"},{"@type":"ListItem","position":2,"name":"Sklep","item":"https:\/\/polsoft.pl\/microsoft-surface\/sklep\/"},{"@type":"ListItem","position":3,"name":"VGA Adapter Business \/ Goya-V Commer SC IT\/PL\/PT\/ES Hdwr Commercial"}]},{"@type":"WebSite","@id":"https:\/\/polsoft.pl\/microsoft-surface\/#website","url":"https:\/\/polsoft.pl\/microsoft-surface\/","name":"Sklep Microsoft Surface","description":"Sklep Microsoft Surface","publisher":{"@id":"https:\/\/polsoft.pl\/microsoft-surface\/#organization"},"potentialAction":[{"@type":"SearchAction","target":{"@type":"EntryPoint","urlTemplate":"https:\/\/polsoft.pl\/microsoft-surface\/?s={search_term_string}"},"query-input":{"@type":"PropertyValueSpecification","valueRequired":true,"valueName":"search_term_string"}}],"inLanguage":"pl-PL"},{"@type":"Organization","@id":"https:\/\/polsoft.pl\/microsoft-surface\/#organization","name":"Polsoft Engineering Sp. z o.o.","url":"https:\/\/polsoft.pl\/microsoft-surface\/","logo":{"@type":"ImageObject","inLanguage":"pl-PL","@id":"https:\/\/polsoft.pl\/microsoft-surface\/#\/schema\/logo\/image\/","url":"https:\/\/www.polsoft.pl\/microsoft-surface\/wp-content\/uploads\/2020\/10\/microsoft_partner_logo_black_polsoft.png","contentUrl":"https:\/\/www.polsoft.pl\/microsoft-surface\/wp-content\/uploads\/2020\/10\/microsoft_partner_logo_black_polsoft.png","width":613,"height":158,"caption":"Polsoft Engineering Sp. z o.o."},"image":{"@id":"https:\/\/polsoft.pl\/microsoft-surface\/#\/schema\/logo\/image\/"}}]}},"_links":{"self":[{"href":"https:\/\/www.polsoft.pl\/microsoft-surface\/wp-json\/wp\/v2\/product\/343","targetHints":{"allow":["GET"]}}],"collection":[{"href":"https:\/\/www.polsoft.pl\/microsoft-surface\/wp-json\/wp\/v2\/product"}],"about":[{"href":"https:\/\/www.polsoft.pl\/microsoft-surface\/wp-json\/wp\/v2\/types\/product"}],"version-history":[{"count":6,"href":"https:\/\/www.polsoft.pl\/microsoft-surface\/wp-json\/wp\/v2\/product\/343\/revisions"}],"predecessor-version":[{"id":3175,"href":"https:\/\/www.polsoft.pl\/microsoft-surface\/wp-json\/wp\/v2\/product\/343\/revisions\/3175"}],"wp:featuredmedia":[{"embeddable":true,"href":"https:\/\/www.polsoft.pl\/microsoft-surface\/wp-json\/wp\/v2\/media\/1803"}],"wp:attachment":[{"href":"https:\/\/www.polsoft.pl\/microsoft-surface\/wp-json\/wp\/v2\/media?parent=343"}],"wp:term":[{"taxonomy":"product_brand","embeddable":true,"href":"https:\/\/www.polsoft.pl\/microsoft-surface\/wp-json\/wp\/v2\/product_brand?post=343"},{"taxonomy":"product_cat","embeddable":true,"href":"https:\/\/www.polsoft.pl\/microsoft-surface\/wp-json\/wp\/v2\/product_cat?post=343"},{"taxonomy":"product_tag","embeddable":true,"href":"https:\/\/www.polsoft.pl\/microsoft-surface\/wp-json\/wp\/v2\/product_tag?post=343"}],"curies":[{"name":"wp","href":"https:\/\/api.w.org\/{rel}","templated":true}]}}