{"id":3484,"date":"2021-11-25T13:35:43","date_gmt":"2021-11-25T13:35:43","guid":{"rendered":"https:\/\/polsoft.pl\/microsoft-surface\/produkt\/surface-headphones-2-comercial-black\/"},"modified":"2026-01-23T12:47:29","modified_gmt":"2026-01-23T11:47:29","slug":"surface-headphones-2-comercial-black","status":"publish","type":"product","link":"https:\/\/www.polsoft.pl\/microsoft-surface\/produkt\/surface-headphones-2-comercial-black\/","title":{"rendered":"Surface Headphones 2+ Comercial Black"},"content":{"rendered":"<p style=\"text-align: justify;\">Microsoft\u00a0<strong><a style=\"color: #2271b1;\" href=\"https:\/\/www.microsoft.com\/pl-pl\/d\/surface-headphones-2\/8wq0bsx7g523\/9WSN\" rel=\"nofollow>Surface\u00a0Headphones\u00a02<\/a><\/strong> 3BS-00010 to znakomite s\u0142uchawki, kt\u00f3re stan\u0105 si\u0119 Twoim nieod\u0142\u0105cznym towarzyszem na co dzie\u0144. Przemy\u015blana konstrukcja gwarantuje nie tylko wysok\u0105 jako\u015b\u0107 d\u017awi\u0119ku, ale tak\u017ce po\u017c\u0105dany komfort u\u017cytkowania, nawet przez ca\u0142y dzie\u0144. Dodatkowo ich elegancki design sprawia, \u017ce odnajd\u0105 si\u0119 zar\u00f3wno w prywatnym, jak i biznesowym antura\u017cu.<\/p>\n<p style=\"text-align: justify;\">Koniec z kablami! Odzyskaj swobod\u0119 i sparuj swoje s\u0142uchawki Microsoft\u00a0Surface\u00a0Headphones\u00a02 z komputerem, telefonem czy laptopem za pomoc\u0105 po\u0142\u0105czenia bezprzewodowego Bluetooth. Dzi\u0119ki takiemu rozwi\u0105zaniu nie zap\u0142aczesz si\u0119 w kablach jednocze\u015bnie, maj\u0105c ca\u0142kowit\u0105 swobod\u0119 pracy. Z pewno\u015bci\u0105 doceni\u0105 to osoby, kt\u00f3re pracuj\u0105 w ci\u0105g\u0142ym ruchu.<\/p>\n<p style=\"text-align: justify;\">Ciesz si\u0119 krystalicznie czystym d\u017awi\u0119kiem\u00a0Omnisonic,\u00a0korzystaj\u0105c ze s\u0142uchawek Microsoft\u00a0Surface\u00a0Headphones\u00a02. Wbudowana funkcja redukcji szum\u00f3w oraz zaawansowane mikrofony pozwol\u0105 Ci prowadzi\u0107 rozmowy g\u0142o\u015bno i wyra\u017anie.<\/p>\n<p style=\"text-align: justify;\">Obs\u0142uga s\u0142uchawek Microsoft Surface Headphones 2 3BS-00010 jest intuicyjna i bogata w przydatne funkcje. Zarz\u0105dzaj po\u0142\u0105czeniami, utworami na r\u00f3\u017cne sposoby: dotykiem, naci\u015bni\u0119ciem b\u0105d\u017a g\u0142osem. Przyciski i pokr\u0119t\u0142a pe\u0142ni\u0105 nast\u0119puj\u0105ce funkcje:<\/p>\n<ul>\n<li>przycisk zasilania;<\/li>\n<li>przycisk wyciszania;<\/li>\n<li>pokr\u0119t\u0142o regulacji g\u0142o\u015bno\u015bci d\u017awi\u0119ku znajduj\u0105cy si\u0119 w prawym nauszniku;<\/li>\n<li>pokr\u0119t\u0142o regulacji szum\u00f3w znajduj\u0105cy si\u0119 w lewym nauszniku.<\/li>\n<\/ul>\n<p style=\"text-align: justify;\">Te lekkie, bardzo mi\u0119kkie i du\u017ce s\u0142uchawki mo\u017cesz nosi\u0107 przez ca\u0142y dzie\u0144 nie odczuwaj\u0105c dyskomfortu. Dodatkowo nie musisz si\u0119 martwi\u0107 o ci\u0105g\u0142e \u0142adowanie, poniewa\u017c bateria wystarcza na 18,5 godzin ci\u0105g\u0142ej pracy. \u0141adowanie urz\u0105dzenia odbywa si\u0119 za pomoc\u0105 kabla USB-C i czas potrzebny do pe\u0142nego na\u0142adowania wynosi mniej ni\u017c 2 godziny. S\u0142uchawki zosta\u0142y tak\u017ce wyposa\u017cone w gniazdo Jack 3.5 mm.<\/p>\n<table>\n<tbody>\n<tr>\n<td width=\"170\">Producent:<\/td>\n<td width=\"434\">Microsoft<\/td>\n<\/tr>\n<tr>\n<td width=\"170\">Numer katalogowy:<\/td>\n<td width=\"434\">3BS-00010<\/td>\n<\/tr>\n<tr>\n<td width=\"170\">Wymiary (mm):<\/td>\n<td width=\"434\">204 x 195 x 48 (d\u0142. x sz. x g\u0142.)<\/td>\n<\/tr>\n<tr>\n<td width=\"170\">Waga:<\/td>\n<td width=\"434\">290.3 g<\/td>\n<\/tr>\n<tr>\n<td width=\"170\">Kolor:<\/td>\n<td width=\"434\">czarny (black)<\/td>\n<\/tr>\n<tr>\n<td width=\"170\">Obs\u0142uga:<\/td>\n<td width=\"434\">przycisk zasilania<br \/>\nprzycisk wyciszania<br \/>\npokr\u0119t\u0142o regulacji g\u0142o\u015bno\u015bci (prawy nausznik)<br \/>\npokr\u0119t\u0142o regulacji szum\u00f3w (lewy nausznik)<\/td>\n<\/tr>\n<tr>\n<td width=\"170\">Po\u0142\u0105czenie:<\/td>\n<td width=\"434\">bezprzewodowa technologia Bluetooth\u00ae<\/td>\n<\/tr>\n<tr>\n<td width=\"170\">Porty:<\/td>\n<td width=\"434\">USB-C\u2122<br \/>\nJack 3,5 mm<\/td>\n<\/tr>\n<tr>\n<td width=\"170\">Redukcja szum\u00f3w:<\/td>\n<td width=\"434\">do 30 dB w przypadku aktywnej redukcji szum\u00f3w<br \/>\ndo 40 dB w przypadku pasywnej redukcji szum\u00f3w<\/td>\n<\/tr>\n<tr>\n<td width=\"170\">\u0141adowanie:<\/td>\n<td width=\"434\">nieca\u0142e 2 h<\/td>\n<\/tr>\n<tr>\n<td width=\"170\">Czas dzia\u0142ania baterii:<\/td>\n<td width=\"434\">do 18,5 h przy s\u0142uchaniu muzyki<br \/>\ndo 15 h przy po\u0142\u0105czenia g\u0142osowych za pomoc\u0105 aplikacji Microsoft Teams<\/td>\n<\/tr>\n<tr>\n<td width=\"170\">Kompatybilny z:<\/td>\n<td width=\"434\">Windows 11 Home<br \/>\nWindows 11 Pro<br \/>\nWindows 10<br \/>\nAndroid 10<br \/>\nAndroid 9<br \/>\niOS 13<br \/>\niOS 12<\/td>\n<\/tr>\n<tr>\n<td width=\"170\">W zestawie:<\/td>\n<td width=\"434\">Surface Headphones 2<br \/>\npokrowiec<br \/>\nkabel USB<br \/>\nkabel audio<br \/>\nskr\u00f3cona instrukcja obs\u0142ugi<br \/>\ndokumenty dotycz\u0105ce gwarancji i bezpiecze\u0144stwa<\/td>\n<\/tr>\n<tr>\n<td width=\"170\">Gwarancja:<\/td>\n<td width=\"434\">roczny okres gwarancji<\/td>\n<\/tr>\n<\/tbody>\n<\/table>\n","protected":false},"excerpt":{"rendered":"<p>Microsoft\u00a0<\/p>\n","protected":false},"featured_media":4816,"template":"","meta":{"site-sidebar-layout":"default","site-content-layout":"default","ast-site-content-layout":"default","site-content-style":"default","site-sidebar-style":"default","ast-global-header-display":"","ast-banner-title-visibility":"","ast-main-header-display":"","ast-hfb-above-header-display":"","ast-hfb-below-header-display":"","ast-hfb-mobile-header-display":"","site-post-title":"","ast-breadcrumbs-content":"","ast-featured-img":"","footer-sml-layout":"","ast-disable-related-posts":"","theme-transparent-header-meta":"default","adv-header-id-meta":"","stick-header-meta":"","header-above-stick-meta":"","header-main-stick-meta":"","header-below-stick-meta":"","astra-migrate-meta-layouts":"default","ast-page-background-enabled":"default","ast-page-background-meta":{"desktop":{"background-color":"","background-image":"","background-repeat":"repeat","background-position":"center center","background-size":"auto","background-attachment":"scroll","background-type":"","background-media":"","overlay-type":"","overlay-color":"","overlay-opacity":"","overlay-gradient":""},"tablet":{"background-color":"","background-image":"","background-repeat":"repeat","background-position":"center center","background-size":"auto","background-attachment":"scroll","background-type":"","background-media":"","overlay-type":"","overlay-color":"","overlay-opacity":"","overlay-gradient":""},"mobile":{"background-color":"","background-image":"","background-repeat":"repeat","background-position":"center center","background-size":"auto","background-attachment":"scroll","background-type":"","background-media":"","overlay-type":"","overlay-color":"","overlay-opacity":"","overlay-gradient":""}},"ast-content-background-meta":{"desktop":{"background-color":"var(--ast-global-color-5)","background-image":"","background-repeat":"repeat","background-position":"center center","background-size":"auto","background-attachment":"scroll","background-type":"","background-media":"","overlay-type":"","overlay-color":"","overlay-opacity":"","overlay-gradient":""},"tablet":{"background-color":"var(--ast-global-color-5)","background-image":"","background-repeat":"repeat","background-position":"center center","background-size":"auto","background-attachment":"scroll","background-type":"","background-media":"","overlay-type":"","overlay-color":"","overlay-opacity":"","overlay-gradient":""},"mobile":{"background-color":"var(--ast-global-color-5)","background-image":"","background-repeat":"repeat","background-position":"center center","background-size":"auto","background-attachment":"scroll","background-type":"","background-media":"","overlay-type":"","overlay-color":"","overlay-opacity":"","overlay-gradient":""}},"_links_to":"","_links_to_target":""},"product_brand":[],"product_cat":[90],"product_tag":[],"class_list":{"0":"post-3484","1":"product","2":"type-product","3":"status-publish","4":"has-post-thumbnail","6":"product_cat-akcesoria-microsoft-surface","7":"desktop-align-left","8":"tablet-align-left","9":"mobile-align-left","11":"first","12":"instock","13":"taxable","14":"shipping-taxable","15":"purchasable","16":"product-type-simple"},"yoast_head":"<!-- This site is optimized with the Yoast SEO plugin v26.7 - https:\/\/yoast.com\/wordpress\/plugins\/seo\/ -->\n<title>Microsoft Surface Headphones 2 3BS-00010 - Sklep Microsoft Surface<\/title>\n<meta name=\"description\" content=\"Microsoft Surface Headphones 2 3BS-00010 - czarne - Sklep rozwi\u0105za\u0144 Microsoft Surface firmy Polsoft Engineering.\" \/>\n<meta name=\"robots\" content=\"index, follow, max-snippet:-1, max-image-preview:large, max-video-preview:-1\" \/>\n<link rel=\"canonical\" href=\"https:\/\/polsoft.pl\/microsoft-surface\/produkt\/surface-headphones-2-comercial-black\/\" \/>\n<meta property=\"og:locale\" content=\"pl_PL\" \/>\n<meta property=\"og:type\" content=\"article\" \/>\n<meta property=\"og:title\" content=\"Microsoft Surface Headphones 2 3BS-00010 - Sklep Microsoft Surface\" \/>\n<meta property=\"og:description\" content=\"Microsoft Surface Headphones 2 3BS-00010 - czarne - Sklep rozwi\u0105za\u0144 Microsoft Surface firmy Polsoft Engineering.\" \/>\n<meta property=\"og:url\" content=\"https:\/\/polsoft.pl\/microsoft-surface\/produkt\/surface-headphones-2-comercial-black\/\" \/>\n<meta property=\"og:site_name\" content=\"Sklep rozwi\u0105za\u0144 Microsoft Surface\" \/>\n<meta property=\"article:modified_time\" content=\"2026-01-23T11:47:29+00:00\" \/>\n<meta property=\"og:image\" content=\"https:\/\/polsoft.pl\/microsoft-surface\/wp-content\/uploads\/2022\/06\/sluchawki-microsoft-surface-heaphones-2-czarny-3BS-00010.jpg\" \/>\n\t<meta property=\"og:image:width\" content=\"800\" \/>\n\t<meta property=\"og:image:height\" content=\"800\" \/>\n\t<meta property=\"og:image:type\" content=\"image\/jpeg\" \/>\n<meta name=\"twitter:card\" content=\"summary_large_image\" \/>\n<meta name=\"twitter:label1\" content=\"Szacowany czas czytania\" \/>\n\t<meta name=\"twitter:data1\" content=\"2 minuty\" \/>\n<script type=\"application\/ld+json\" class=\"yoast-schema-graph\">{\"@context\":\"https:\/\/schema.org\",\"@graph\":[{\"@type\":\"WebPage\",\"@id\":\"https:\/\/polsoft.pl\/microsoft-surface\/produkt\/surface-headphones-2-comercial-black\/\",\"url\":\"https:\/\/polsoft.pl\/microsoft-surface\/produkt\/surface-headphones-2-comercial-black\/\",\"name\":\"Microsoft Surface Headphones 2 3BS-00010 - Sklep Microsoft Surface\",\"isPartOf\":{\"@id\":\"https:\/\/polsoft.pl\/microsoft-surface\/#website\"},\"primaryImageOfPage\":{\"@id\":\"https:\/\/polsoft.pl\/microsoft-surface\/produkt\/surface-headphones-2-comercial-black\/#primaryimage\"},\"image\":{\"@id\":\"https:\/\/polsoft.pl\/microsoft-surface\/produkt\/surface-headphones-2-comercial-black\/#primaryimage\"},\"thumbnailUrl\":\"https:\/\/www.polsoft.pl\/microsoft-surface\/wp-content\/uploads\/2022\/06\/sluchawki-microsoft-surface-heaphones-2-czarny-3BS-00010.jpg\",\"datePublished\":\"2021-11-25T13:35:43+00:00\",\"dateModified\":\"2026-01-23T11:47:29+00:00\",\"description\":\"Microsoft Surface Headphones 2 3BS-00010 - czarne - Sklep rozwi\u0105za\u0144 Microsoft Surface firmy Polsoft Engineering.\",\"breadcrumb\":{\"@id\":\"https:\/\/polsoft.pl\/microsoft-surface\/produkt\/surface-headphones-2-comercial-black\/#breadcrumb\"},\"inLanguage\":\"pl-PL\",\"potentialAction\":[{\"@type\":\"ReadAction\",\"target\":[\"https:\/\/polsoft.pl\/microsoft-surface\/produkt\/surface-headphones-2-comercial-black\/\"]}]},{\"@type\":\"ImageObject\",\"inLanguage\":\"pl-PL\",\"@id\":\"https:\/\/polsoft.pl\/microsoft-surface\/produkt\/surface-headphones-2-comercial-black\/#primaryimage\",\"url\":\"https:\/\/www.polsoft.pl\/microsoft-surface\/wp-content\/uploads\/2022\/06\/sluchawki-microsoft-surface-heaphones-2-czarny-3BS-00010.jpg\",\"contentUrl\":\"https:\/\/www.polsoft.pl\/microsoft-surface\/wp-content\/uploads\/2022\/06\/sluchawki-microsoft-surface-heaphones-2-czarny-3BS-00010.jpg\",\"width\":800,\"height\":800,\"caption\":\"Zdj\u0119cie s\u0142uchawek bezprzewodowych Microsoft Surface Headphones 2 - 3BS-00010\"},{\"@type\":\"BreadcrumbList\",\"@id\":\"https:\/\/polsoft.pl\/microsoft-surface\/produkt\/surface-headphones-2-comercial-black\/#breadcrumb\",\"itemListElement\":[{\"@type\":\"ListItem\",\"position\":1,\"name\":\"Strona g\u0142\u00f3wna\",\"item\":\"https:\/\/polsoft.pl\/microsoft-surface\/\"},{\"@type\":\"ListItem\",\"position\":2,\"name\":\"Sklep\",\"item\":\"https:\/\/polsoft.pl\/microsoft-surface\/sklep\/\"},{\"@type\":\"ListItem\",\"position\":3,\"name\":\"Surface Headphones 2+ Comercial Black\"}]},{\"@type\":\"WebSite\",\"@id\":\"https:\/\/polsoft.pl\/microsoft-surface\/#website\",\"url\":\"https:\/\/polsoft.pl\/microsoft-surface\/\",\"name\":\"Sklep Microsoft Surface\",\"description\":\"Sklep Microsoft Surface\",\"publisher\":{\"@id\":\"https:\/\/polsoft.pl\/microsoft-surface\/#organization\"},\"potentialAction\":[{\"@type\":\"SearchAction\",\"target\":{\"@type\":\"EntryPoint\",\"urlTemplate\":\"https:\/\/polsoft.pl\/microsoft-surface\/?s={search_term_string}\"},\"query-input\":{\"@type\":\"PropertyValueSpecification\",\"valueRequired\":true,\"valueName\":\"search_term_string\"}}],\"inLanguage\":\"pl-PL\"},{\"@type\":\"Organization\",\"@id\":\"https:\/\/polsoft.pl\/microsoft-surface\/#organization\",\"name\":\"Polsoft Engineering Sp. z o.o.\",\"url\":\"https:\/\/polsoft.pl\/microsoft-surface\/\",\"logo\":{\"@type\":\"ImageObject\",\"inLanguage\":\"pl-PL\",\"@id\":\"https:\/\/polsoft.pl\/microsoft-surface\/#\/schema\/logo\/image\/\",\"url\":\"https:\/\/www.polsoft.pl\/microsoft-surface\/wp-content\/uploads\/2020\/10\/microsoft_partner_logo_black_polsoft.png\",\"contentUrl\":\"https:\/\/www.polsoft.pl\/microsoft-surface\/wp-content\/uploads\/2020\/10\/microsoft_partner_logo_black_polsoft.png\",\"width\":613,\"height\":158,\"caption\":\"Polsoft Engineering Sp. z o.o.\"},\"image\":{\"@id\":\"https:\/\/polsoft.pl\/microsoft-surface\/#\/schema\/logo\/image\/\"}}]}<\/script>\n<!-- \/ Yoast SEO plugin. -->","yoast_head_json":{"title":"Microsoft Surface Headphones 2 3BS-00010 - Sklep Microsoft Surface","description":"Microsoft Surface Headphones 2 3BS-00010 - czarne - Sklep rozwi\u0105za\u0144 Microsoft Surface firmy Polsoft Engineering.","robots":{"index":"index","follow":"follow","max-snippet":"max-snippet:-1","max-image-preview":"max-image-preview:large","max-video-preview":"max-video-preview:-1"},"canonical":"https:\/\/polsoft.pl\/microsoft-surface\/produkt\/surface-headphones-2-comercial-black\/","og_locale":"pl_PL","og_type":"article","og_title":"Microsoft Surface Headphones 2 3BS-00010 - Sklep Microsoft Surface","og_description":"Microsoft Surface Headphones 2 3BS-00010 - czarne - Sklep rozwi\u0105za\u0144 Microsoft Surface firmy Polsoft Engineering.","og_url":"https:\/\/polsoft.pl\/microsoft-surface\/produkt\/surface-headphones-2-comercial-black\/","og_site_name":"Sklep rozwi\u0105za\u0144 Microsoft Surface","article_modified_time":"2026-01-23T11:47:29+00:00","og_image":[{"width":800,"height":800,"url":"https:\/\/polsoft.pl\/microsoft-surface\/wp-content\/uploads\/2022\/06\/sluchawki-microsoft-surface-heaphones-2-czarny-3BS-00010.jpg","type":"image\/jpeg"}],"twitter_card":"summary_large_image","twitter_misc":{"Szacowany czas czytania":"2 minuty"},"schema":{"@context":"https:\/\/schema.org","@graph":[{"@type":"WebPage","@id":"https:\/\/polsoft.pl\/microsoft-surface\/produkt\/surface-headphones-2-comercial-black\/","url":"https:\/\/polsoft.pl\/microsoft-surface\/produkt\/surface-headphones-2-comercial-black\/","name":"Microsoft Surface Headphones 2 3BS-00010 - Sklep Microsoft Surface","isPartOf":{"@id":"https:\/\/polsoft.pl\/microsoft-surface\/#website"},"primaryImageOfPage":{"@id":"https:\/\/polsoft.pl\/microsoft-surface\/produkt\/surface-headphones-2-comercial-black\/#primaryimage"},"image":{"@id":"https:\/\/polsoft.pl\/microsoft-surface\/produkt\/surface-headphones-2-comercial-black\/#primaryimage"},"thumbnailUrl":"https:\/\/www.polsoft.pl\/microsoft-surface\/wp-content\/uploads\/2022\/06\/sluchawki-microsoft-surface-heaphones-2-czarny-3BS-00010.jpg","datePublished":"2021-11-25T13:35:43+00:00","dateModified":"2026-01-23T11:47:29+00:00","description":"Microsoft Surface Headphones 2 3BS-00010 - czarne - Sklep rozwi\u0105za\u0144 Microsoft Surface firmy Polsoft Engineering.","breadcrumb":{"@id":"https:\/\/polsoft.pl\/microsoft-surface\/produkt\/surface-headphones-2-comercial-black\/#breadcrumb"},"inLanguage":"pl-PL","potentialAction":[{"@type":"ReadAction","target":["https:\/\/polsoft.pl\/microsoft-surface\/produkt\/surface-headphones-2-comercial-black\/"]}]},{"@type":"ImageObject","inLanguage":"pl-PL","@id":"https:\/\/polsoft.pl\/microsoft-surface\/produkt\/surface-headphones-2-comercial-black\/#primaryimage","url":"https:\/\/www.polsoft.pl\/microsoft-surface\/wp-content\/uploads\/2022\/06\/sluchawki-microsoft-surface-heaphones-2-czarny-3BS-00010.jpg","contentUrl":"https:\/\/www.polsoft.pl\/microsoft-surface\/wp-content\/uploads\/2022\/06\/sluchawki-microsoft-surface-heaphones-2-czarny-3BS-00010.jpg","width":800,"height":800,"caption":"Zdj\u0119cie s\u0142uchawek bezprzewodowych Microsoft Surface Headphones 2 - 3BS-00010"},{"@type":"BreadcrumbList","@id":"https:\/\/polsoft.pl\/microsoft-surface\/produkt\/surface-headphones-2-comercial-black\/#breadcrumb","itemListElement":[{"@type":"ListItem","position":1,"name":"Strona g\u0142\u00f3wna","item":"https:\/\/polsoft.pl\/microsoft-surface\/"},{"@type":"ListItem","position":2,"name":"Sklep","item":"https:\/\/polsoft.pl\/microsoft-surface\/sklep\/"},{"@type":"ListItem","position":3,"name":"Surface Headphones 2+ Comercial Black"}]},{"@type":"WebSite","@id":"https:\/\/polsoft.pl\/microsoft-surface\/#website","url":"https:\/\/polsoft.pl\/microsoft-surface\/","name":"Sklep Microsoft Surface","description":"Sklep Microsoft Surface","publisher":{"@id":"https:\/\/polsoft.pl\/microsoft-surface\/#organization"},"potentialAction":[{"@type":"SearchAction","target":{"@type":"EntryPoint","urlTemplate":"https:\/\/polsoft.pl\/microsoft-surface\/?s={search_term_string}"},"query-input":{"@type":"PropertyValueSpecification","valueRequired":true,"valueName":"search_term_string"}}],"inLanguage":"pl-PL"},{"@type":"Organization","@id":"https:\/\/polsoft.pl\/microsoft-surface\/#organization","name":"Polsoft Engineering Sp. z o.o.","url":"https:\/\/polsoft.pl\/microsoft-surface\/","logo":{"@type":"ImageObject","inLanguage":"pl-PL","@id":"https:\/\/polsoft.pl\/microsoft-surface\/#\/schema\/logo\/image\/","url":"https:\/\/www.polsoft.pl\/microsoft-surface\/wp-content\/uploads\/2020\/10\/microsoft_partner_logo_black_polsoft.png","contentUrl":"https:\/\/www.polsoft.pl\/microsoft-surface\/wp-content\/uploads\/2020\/10\/microsoft_partner_logo_black_polsoft.png","width":613,"height":158,"caption":"Polsoft Engineering Sp. z o.o."},"image":{"@id":"https:\/\/polsoft.pl\/microsoft-surface\/#\/schema\/logo\/image\/"}}]}},"_links":{"self":[{"href":"https:\/\/www.polsoft.pl\/microsoft-surface\/wp-json\/wp\/v2\/product\/3484","targetHints":{"allow":["GET"]}}],"collection":[{"href":"https:\/\/www.polsoft.pl\/microsoft-surface\/wp-json\/wp\/v2\/product"}],"about":[{"href":"https:\/\/www.polsoft.pl\/microsoft-surface\/wp-json\/wp\/v2\/types\/product"}],"version-history":[{"count":5,"href":"https:\/\/www.polsoft.pl\/microsoft-surface\/wp-json\/wp\/v2\/product\/3484\/revisions"}],"predecessor-version":[{"id":4877,"href":"https:\/\/www.polsoft.pl\/microsoft-surface\/wp-json\/wp\/v2\/product\/3484\/revisions\/4877"}],"wp:featuredmedia":[{"embeddable":true,"href":"https:\/\/www.polsoft.pl\/microsoft-surface\/wp-json\/wp\/v2\/media\/4816"}],"wp:attachment":[{"href":"https:\/\/www.polsoft.pl\/microsoft-surface\/wp-json\/wp\/v2\/media?parent=3484"}],"wp:term":[{"taxonomy":"product_brand","embeddable":true,"href":"https:\/\/www.polsoft.pl\/microsoft-surface\/wp-json\/wp\/v2\/product_brand?post=3484"},{"taxonomy":"product_cat","embeddable":true,"href":"https:\/\/www.polsoft.pl\/microsoft-surface\/wp-json\/wp\/v2\/product_cat?post=3484"},{"taxonomy":"product_tag","embeddable":true,"href":"https:\/\/www.polsoft.pl\/microsoft-surface\/wp-json\/wp\/v2\/product_tag?post=3484"}],"curies":[{"name":"wp","href":"https:\/\/api.w.org\/{rel}","templated":true}]}}