{"id":3486,"date":"2021-11-25T13:35:43","date_gmt":"2021-11-25T13:35:43","guid":{"rendered":"https:\/\/polsoft.pl\/microsoft-surface\/produkt\/surface-earbuds-commercial-glacier\/"},"modified":"2026-01-23T12:47:29","modified_gmt":"2026-01-23T11:47:29","slug":"surface-earbuds-commercial-glacier","status":"publish","type":"product","link":"https:\/\/www.polsoft.pl\/microsoft-surface\/produkt\/surface-earbuds-commercial-glacier\/","title":{"rendered":"Surface Earbuds Commercial Glacier"},"content":{"rendered":"<p style=\"text-align: justify;\">Zanurz si\u0119 we wspania\u0142ym d\u017awi\u0119ku ze s\u0142uchawkami Microsoft Surface Earbuds 3BW-00010. Ergonomiczna konstrukcja s\u0142uchawek pozwoli na ich noszenie przez d\u0142u\u017cszy okres czasu, nie odczuwaj\u0105c dyskomfortu. S\u0105 dyskretne i eleganckie dlatego sprawdz\u0105 si\u0119 w ka\u017cdym \u015brodowisku pracy.<\/p>\n<p style=\"text-align: justify;\">Rozkoszuj si\u0119 bogatym i wiernym d\u017awi\u0119kiem Omnisonic. <span style=\"text-decoration: underline;\"><strong><a style=\"color: #2271b1;\" href=\"https:\/\/www.microsoft.com\/pl-pl\/d\/surface-earbuds\/8r9cpq146064\/KTJW\">Surface Earbuds<\/a><\/strong><\/span> zosta\u0142y wyposa\u017cone w specjalne zaprojektowane przetworniki, zapewniaj\u0105c znakomit\u0105 jako\u015b\u0107 odtwarzanego d\u017awi\u0119ku oraz rozm\u00f3w. Pomimo niewielkich rozmiar\u00f3w, s\u0142uchawki zapewniaj\u0105 brzmienie na najwy\u017cszym poziomie.<\/p>\n<p style=\"text-align: justify;\">Nie musisz si\u0119 martwi\u0107 o wypadanie s\u0142uchawek z uszu. Ich innowacyjna konstrukcja oparta jest na czterech punktach zaczepu. Dzi\u0119ki temu ka\u017cda s\u0142uchawka w uchu trzyma si\u0119 wyj\u0105tkowo stabilnie. Ponadto mo\u017cesz je dostosowa\u0107 za pomoc\u0105 wymiennych silikonowych nak\u0142adek w r\u00f3\u017cnych rozmiarach.<\/p>\n<p style=\"text-align: justify;\">Obs\u0142uga s\u0142uchawek nie by\u0142a jeszcze tak intuicyjna! Miej kontrol\u0119 nad wszystkim z wykorzystaniem gest\u00f3w na ich p\u0142askiej powierzchni. Szybko i sprawnie zarz\u0105dzaj po\u0142\u0105czeniami, muzyk\u0105 czy g\u0142o\u015bno\u015bci\u0105. Ponadto \u0142atwo zarz\u0105dzaj aplikacjami Microsoft 365 \u2013 od dyktowania w aplikacji Office, po prze\u0142\u0105czanie slajd\u00f3w w Microsoft PowerPoint. Zatem masz wszystko w zasi\u0119gu r\u0119ki bez konieczno\u015bci korzystania z ekranu czy tradycyjnych peryferi\u00f3w.<\/p>\n<p style=\"text-align: justify;\">Microsoft Surface Earbuds 3BW-00010 pomo\u017ce zapomnie\u0107 o zb\u0119dnych kablach! Wystarczy sparowa\u0107 s\u0142uchawki za po\u015brednictwem sieci bezprzewodowej Bluetooth z komputerem\/laptopem\/telefonem i mo\u017cesz swobodnie porusza\u0107 si\u0119 po pomieszczeniu. Ponadto mo\u017cesz bez przeszk\u00f3d rozmawia\u0107 b\u0105d\u017a s\u0142ucha\u0107 muzyki w ci\u0105gu dnia dzi\u0119ki d\u0142ugiej pracy na baterii si\u0119gaj\u0105cej do 7 h. A gdy bateria si\u0119 wyczerpie, wystarczy s\u0142uchawki schowa\u0107 do etui z funkcj\u0105 \u0142adowania. Nie do\u015b\u0107, \u017ce s\u0142uchawki b\u0119d\u0105 bezpieczne, to jeszcze si\u0119 one na\u0142aduj\u0105.<\/p>\n<table>\n<tbody>\n<tr>\n<td width=\"170\">Producent:<\/td>\n<td width=\"434\">Microsoft<\/td>\n<\/tr>\n<tr>\n<td width=\"170\">Numer katalogowy:<\/td>\n<td width=\"434\">3BW-00010<\/td>\n<\/tr>\n<tr>\n<td width=\"170\">Wymiary (mm):<\/td>\n<td width=\"434\">pojedyncza s\u0142uchawka: 25 x 19,9 (\u015br. x g\u0142.)<br \/>\netui \u0142aduj\u0105ce: 75 x 33,2 x 25 (d\u0142. x sz. x wys.)<\/td>\n<\/tr>\n<tr>\n<td width=\"170\">Waga:<\/td>\n<td width=\"434\">pojedyncza s\u0142uchawka z nak\u0142adk\u0105: 7,2 g<br \/>\netui \u0142aduj\u0105ce: 40 g<\/td>\n<\/tr>\n<tr>\n<td width=\"170\">Kolor:<\/td>\n<td width=\"434\">lodowa biel (glacier)<\/td>\n<\/tr>\n<tr>\n<td width=\"170\">Obs\u0142uga:<\/td>\n<td width=\"434\">dotykiem<br \/>\nstukni\u0119ciem<br \/>\nprzesuni\u0119ciem<br \/>\ng\u0142osowo<\/td>\n<\/tr>\n<tr>\n<td width=\"170\">Po\u0142\u0105czenie:<\/td>\n<td width=\"434\">bezprzewodowa technologia Bluetooth\u00ae<\/td>\n<\/tr>\n<tr>\n<td width=\"170\">Kodeki audio:<\/td>\n<td width=\"434\">SBC (Low Complexity Subband Codec)<br \/>\naptX<\/td>\n<\/tr>\n<tr>\n<td width=\"170\">Przetwornik:<\/td>\n<td width=\"434\">\u015brednica 13,6 mm<\/td>\n<\/tr>\n<tr>\n<td width=\"170\">Czas dzia\u0142ania baterii:<\/td>\n<td width=\"434\">7 h \u2013 przy s\u0142uchaniu muzyki<br \/>\n4,5 h \u2013 przy po\u0142\u0105czenia g\u0142osowych za pomoc\u0105 aplikacji Microsoft Teams<\/td>\n<\/tr>\n<tr>\n<td width=\"170\">Kompatybilny z:<\/td>\n<td width=\"434\">Windows 11 Home<br \/>\nWindows 11 Pro<br \/>\nWindows 10<br \/>\nAndroid 10<br \/>\nAndroid 9<br \/>\niOS 13<br \/>\niOS 12<\/td>\n<\/tr>\n<tr>\n<td width=\"170\">W zestawie:<\/td>\n<td width=\"434\">Surface Earbuds<br \/>\netui \u0142aduj\u0105ce<br \/>\n3 pary silikonowych nak\u0142adek w rozmiarach S\/M\/L<br \/>\nkabel USB-C\u2122 do USB-A<br \/>\nskr\u00f3cona instrukcja obs\u0142ugi<br \/>\ndokumenty dotycz\u0105ce gwarancji i bezpiecze\u0144stwa<\/td>\n<\/tr>\n<tr>\n<td width=\"170\">Gwarancja:<\/td>\n<td width=\"434\">roczny okres gwarancji<\/td>\n<\/tr>\n<\/tbody>\n<\/table>\n","protected":false},"excerpt":{"rendered":"<p>Zanurz si\u0119 we wspania\u0142ym d\u017awi\u0119ku ze s\u0142uchawkami Microsoft Surface Earbuds 3BW-00010. Ergonomiczna konstrukcja s\u0142uchawek pozwoli na ich noszenie przez d\u0142u\u017cszy okres czasu, nie odczuwaj\u0105c dyskomfortu. S\u0105 dyskretne i eleganckie dlatego sprawdz\u0105 si\u0119 w ka\u017cdym \u015brodowisku pracy. Rozkoszuj si\u0119 bogatym i wiernym d\u017awi\u0119kiem Omnisonic. Surface Earbuds zosta\u0142y wyposa\u017cone w specjalne zaprojektowane przetworniki, zapewniaj\u0105c znakomit\u0105 jako\u015b\u0107 odtwarzanego [&hellip;]<\/p>\n","protected":false},"featured_media":4814,"template":"","meta":{"site-sidebar-layout":"default","site-content-layout":"default","ast-site-content-layout":"default","site-content-style":"default","site-sidebar-style":"default","ast-global-header-display":"","ast-banner-title-visibility":"","ast-main-header-display":"","ast-hfb-above-header-display":"","ast-hfb-below-header-display":"","ast-hfb-mobile-header-display":"","site-post-title":"","ast-breadcrumbs-content":"","ast-featured-img":"","footer-sml-layout":"","ast-disable-related-posts":"","theme-transparent-header-meta":"default","adv-header-id-meta":"","stick-header-meta":"","header-above-stick-meta":"","header-main-stick-meta":"","header-below-stick-meta":"","astra-migrate-meta-layouts":"default","ast-page-background-enabled":"default","ast-page-background-meta":{"desktop":{"background-color":"","background-image":"","background-repeat":"repeat","background-position":"center center","background-size":"auto","background-attachment":"scroll","background-type":"","background-media":"","overlay-type":"","overlay-color":"","overlay-opacity":"","overlay-gradient":""},"tablet":{"background-color":"","background-image":"","background-repeat":"repeat","background-position":"center center","background-size":"auto","background-attachment":"scroll","background-type":"","background-media":"","overlay-type":"","overlay-color":"","overlay-opacity":"","overlay-gradient":""},"mobile":{"background-color":"","background-image":"","background-repeat":"repeat","background-position":"center center","background-size":"auto","background-attachment":"scroll","background-type":"","background-media":"","overlay-type":"","overlay-color":"","overlay-opacity":"","overlay-gradient":""}},"ast-content-background-meta":{"desktop":{"background-color":"var(--ast-global-color-5)","background-image":"","background-repeat":"repeat","background-position":"center center","background-size":"auto","background-attachment":"scroll","background-type":"","background-media":"","overlay-type":"","overlay-color":"","overlay-opacity":"","overlay-gradient":""},"tablet":{"background-color":"var(--ast-global-color-5)","background-image":"","background-repeat":"repeat","background-position":"center center","background-size":"auto","background-attachment":"scroll","background-type":"","background-media":"","overlay-type":"","overlay-color":"","overlay-opacity":"","overlay-gradient":""},"mobile":{"background-color":"var(--ast-global-color-5)","background-image":"","background-repeat":"repeat","background-position":"center center","background-size":"auto","background-attachment":"scroll","background-type":"","background-media":"","overlay-type":"","overlay-color":"","overlay-opacity":"","overlay-gradient":""}},"_links_to":"","_links_to_target":""},"product_brand":[],"product_cat":[90],"product_tag":[],"class_list":{"0":"post-3486","1":"product","2":"type-product","3":"status-publish","4":"has-post-thumbnail","6":"product_cat-akcesoria-microsoft-surface","7":"desktop-align-left","8":"tablet-align-left","9":"mobile-align-left","11":"first","12":"instock","13":"taxable","14":"shipping-taxable","15":"purchasable","16":"product-type-simple"},"yoast_head":"<!-- This site is optimized with the Yoast SEO plugin v26.7 - https:\/\/yoast.com\/wordpress\/plugins\/seo\/ -->\n<title>Microsoft Surface Earbuds 3BW-00010 - Sklep Microsoft Surface<\/title>\n<meta name=\"description\" content=\"Microsoft Surface Earbuds 3BW-00010 - glacier - Sklep rozwi\u0105za\u0144 Microsoft Surface firmy Polsoft Engineering.\" \/>\n<meta name=\"robots\" content=\"index, follow, max-snippet:-1, max-image-preview:large, max-video-preview:-1\" \/>\n<link rel=\"canonical\" href=\"https:\/\/polsoft.pl\/microsoft-surface\/produkt\/surface-earbuds-commercial-glacier\/\" \/>\n<meta property=\"og:locale\" content=\"pl_PL\" \/>\n<meta property=\"og:type\" content=\"article\" \/>\n<meta property=\"og:title\" content=\"Microsoft Surface Earbuds 3BW-00010 - Sklep Microsoft Surface\" \/>\n<meta property=\"og:description\" content=\"Microsoft Surface Earbuds 3BW-00010 - glacier - Sklep rozwi\u0105za\u0144 Microsoft Surface firmy Polsoft Engineering.\" \/>\n<meta property=\"og:url\" content=\"https:\/\/polsoft.pl\/microsoft-surface\/produkt\/surface-earbuds-commercial-glacier\/\" \/>\n<meta property=\"og:site_name\" content=\"Sklep rozwi\u0105za\u0144 Microsoft Surface\" \/>\n<meta property=\"article:modified_time\" content=\"2026-01-23T11:47:29+00:00\" \/>\n<meta property=\"og:image\" content=\"https:\/\/polsoft.pl\/microsoft-surface\/wp-content\/uploads\/2022\/06\/sluchawki-microsoft-surface-earbuds-lodowa-biel-1-3BW-00010.jpg\" \/>\n\t<meta property=\"og:image:width\" content=\"800\" \/>\n\t<meta property=\"og:image:height\" content=\"800\" \/>\n\t<meta property=\"og:image:type\" content=\"image\/jpeg\" \/>\n<meta name=\"twitter:card\" content=\"summary_large_image\" \/>\n<meta name=\"twitter:label1\" content=\"Szacowany czas czytania\" \/>\n\t<meta name=\"twitter:data1\" content=\"2 minuty\" \/>\n<script type=\"application\/ld+json\" class=\"yoast-schema-graph\">{\"@context\":\"https:\/\/schema.org\",\"@graph\":[{\"@type\":\"WebPage\",\"@id\":\"https:\/\/polsoft.pl\/microsoft-surface\/produkt\/surface-earbuds-commercial-glacier\/\",\"url\":\"https:\/\/polsoft.pl\/microsoft-surface\/produkt\/surface-earbuds-commercial-glacier\/\",\"name\":\"Microsoft Surface Earbuds 3BW-00010 - Sklep Microsoft Surface\",\"isPartOf\":{\"@id\":\"https:\/\/polsoft.pl\/microsoft-surface\/#website\"},\"primaryImageOfPage\":{\"@id\":\"https:\/\/polsoft.pl\/microsoft-surface\/produkt\/surface-earbuds-commercial-glacier\/#primaryimage\"},\"image\":{\"@id\":\"https:\/\/polsoft.pl\/microsoft-surface\/produkt\/surface-earbuds-commercial-glacier\/#primaryimage\"},\"thumbnailUrl\":\"https:\/\/www.polsoft.pl\/microsoft-surface\/wp-content\/uploads\/2022\/06\/sluchawki-microsoft-surface-earbuds-lodowa-biel-1-3BW-00010.jpg\",\"datePublished\":\"2021-11-25T13:35:43+00:00\",\"dateModified\":\"2026-01-23T11:47:29+00:00\",\"description\":\"Microsoft Surface Earbuds 3BW-00010 - glacier - Sklep rozwi\u0105za\u0144 Microsoft Surface firmy Polsoft Engineering.\",\"breadcrumb\":{\"@id\":\"https:\/\/polsoft.pl\/microsoft-surface\/produkt\/surface-earbuds-commercial-glacier\/#breadcrumb\"},\"inLanguage\":\"pl-PL\",\"potentialAction\":[{\"@type\":\"ReadAction\",\"target\":[\"https:\/\/polsoft.pl\/microsoft-surface\/produkt\/surface-earbuds-commercial-glacier\/\"]}]},{\"@type\":\"ImageObject\",\"inLanguage\":\"pl-PL\",\"@id\":\"https:\/\/polsoft.pl\/microsoft-surface\/produkt\/surface-earbuds-commercial-glacier\/#primaryimage\",\"url\":\"https:\/\/www.polsoft.pl\/microsoft-surface\/wp-content\/uploads\/2022\/06\/sluchawki-microsoft-surface-earbuds-lodowa-biel-1-3BW-00010.jpg\",\"contentUrl\":\"https:\/\/www.polsoft.pl\/microsoft-surface\/wp-content\/uploads\/2022\/06\/sluchawki-microsoft-surface-earbuds-lodowa-biel-1-3BW-00010.jpg\",\"width\":800,\"height\":800,\"caption\":\"Zdj\u0119cie bezprzewodowych s\u0142uchawek Microsoft Surface Earbuds - 3BW-00010\"},{\"@type\":\"BreadcrumbList\",\"@id\":\"https:\/\/polsoft.pl\/microsoft-surface\/produkt\/surface-earbuds-commercial-glacier\/#breadcrumb\",\"itemListElement\":[{\"@type\":\"ListItem\",\"position\":1,\"name\":\"Strona g\u0142\u00f3wna\",\"item\":\"https:\/\/polsoft.pl\/microsoft-surface\/\"},{\"@type\":\"ListItem\",\"position\":2,\"name\":\"Sklep\",\"item\":\"https:\/\/polsoft.pl\/microsoft-surface\/sklep\/\"},{\"@type\":\"ListItem\",\"position\":3,\"name\":\"Surface Earbuds Commercial Glacier\"}]},{\"@type\":\"WebSite\",\"@id\":\"https:\/\/polsoft.pl\/microsoft-surface\/#website\",\"url\":\"https:\/\/polsoft.pl\/microsoft-surface\/\",\"name\":\"Sklep Microsoft Surface\",\"description\":\"Sklep Microsoft Surface\",\"publisher\":{\"@id\":\"https:\/\/polsoft.pl\/microsoft-surface\/#organization\"},\"potentialAction\":[{\"@type\":\"SearchAction\",\"target\":{\"@type\":\"EntryPoint\",\"urlTemplate\":\"https:\/\/polsoft.pl\/microsoft-surface\/?s={search_term_string}\"},\"query-input\":{\"@type\":\"PropertyValueSpecification\",\"valueRequired\":true,\"valueName\":\"search_term_string\"}}],\"inLanguage\":\"pl-PL\"},{\"@type\":\"Organization\",\"@id\":\"https:\/\/polsoft.pl\/microsoft-surface\/#organization\",\"name\":\"Polsoft Engineering Sp. z o.o.\",\"url\":\"https:\/\/polsoft.pl\/microsoft-surface\/\",\"logo\":{\"@type\":\"ImageObject\",\"inLanguage\":\"pl-PL\",\"@id\":\"https:\/\/polsoft.pl\/microsoft-surface\/#\/schema\/logo\/image\/\",\"url\":\"https:\/\/www.polsoft.pl\/microsoft-surface\/wp-content\/uploads\/2020\/10\/microsoft_partner_logo_black_polsoft.png\",\"contentUrl\":\"https:\/\/www.polsoft.pl\/microsoft-surface\/wp-content\/uploads\/2020\/10\/microsoft_partner_logo_black_polsoft.png\",\"width\":613,\"height\":158,\"caption\":\"Polsoft Engineering Sp. z o.o.\"},\"image\":{\"@id\":\"https:\/\/polsoft.pl\/microsoft-surface\/#\/schema\/logo\/image\/\"}}]}<\/script>\n<!-- \/ Yoast SEO plugin. -->","yoast_head_json":{"title":"Microsoft Surface Earbuds 3BW-00010 - Sklep Microsoft Surface","description":"Microsoft Surface Earbuds 3BW-00010 - glacier - Sklep rozwi\u0105za\u0144 Microsoft Surface firmy Polsoft Engineering.","robots":{"index":"index","follow":"follow","max-snippet":"max-snippet:-1","max-image-preview":"max-image-preview:large","max-video-preview":"max-video-preview:-1"},"canonical":"https:\/\/polsoft.pl\/microsoft-surface\/produkt\/surface-earbuds-commercial-glacier\/","og_locale":"pl_PL","og_type":"article","og_title":"Microsoft Surface Earbuds 3BW-00010 - Sklep Microsoft Surface","og_description":"Microsoft Surface Earbuds 3BW-00010 - glacier - Sklep rozwi\u0105za\u0144 Microsoft Surface firmy Polsoft Engineering.","og_url":"https:\/\/polsoft.pl\/microsoft-surface\/produkt\/surface-earbuds-commercial-glacier\/","og_site_name":"Sklep rozwi\u0105za\u0144 Microsoft Surface","article_modified_time":"2026-01-23T11:47:29+00:00","og_image":[{"width":800,"height":800,"url":"https:\/\/polsoft.pl\/microsoft-surface\/wp-content\/uploads\/2022\/06\/sluchawki-microsoft-surface-earbuds-lodowa-biel-1-3BW-00010.jpg","type":"image\/jpeg"}],"twitter_card":"summary_large_image","twitter_misc":{"Szacowany czas czytania":"2 minuty"},"schema":{"@context":"https:\/\/schema.org","@graph":[{"@type":"WebPage","@id":"https:\/\/polsoft.pl\/microsoft-surface\/produkt\/surface-earbuds-commercial-glacier\/","url":"https:\/\/polsoft.pl\/microsoft-surface\/produkt\/surface-earbuds-commercial-glacier\/","name":"Microsoft Surface Earbuds 3BW-00010 - Sklep Microsoft Surface","isPartOf":{"@id":"https:\/\/polsoft.pl\/microsoft-surface\/#website"},"primaryImageOfPage":{"@id":"https:\/\/polsoft.pl\/microsoft-surface\/produkt\/surface-earbuds-commercial-glacier\/#primaryimage"},"image":{"@id":"https:\/\/polsoft.pl\/microsoft-surface\/produkt\/surface-earbuds-commercial-glacier\/#primaryimage"},"thumbnailUrl":"https:\/\/www.polsoft.pl\/microsoft-surface\/wp-content\/uploads\/2022\/06\/sluchawki-microsoft-surface-earbuds-lodowa-biel-1-3BW-00010.jpg","datePublished":"2021-11-25T13:35:43+00:00","dateModified":"2026-01-23T11:47:29+00:00","description":"Microsoft Surface Earbuds 3BW-00010 - glacier - Sklep rozwi\u0105za\u0144 Microsoft Surface firmy Polsoft Engineering.","breadcrumb":{"@id":"https:\/\/polsoft.pl\/microsoft-surface\/produkt\/surface-earbuds-commercial-glacier\/#breadcrumb"},"inLanguage":"pl-PL","potentialAction":[{"@type":"ReadAction","target":["https:\/\/polsoft.pl\/microsoft-surface\/produkt\/surface-earbuds-commercial-glacier\/"]}]},{"@type":"ImageObject","inLanguage":"pl-PL","@id":"https:\/\/polsoft.pl\/microsoft-surface\/produkt\/surface-earbuds-commercial-glacier\/#primaryimage","url":"https:\/\/www.polsoft.pl\/microsoft-surface\/wp-content\/uploads\/2022\/06\/sluchawki-microsoft-surface-earbuds-lodowa-biel-1-3BW-00010.jpg","contentUrl":"https:\/\/www.polsoft.pl\/microsoft-surface\/wp-content\/uploads\/2022\/06\/sluchawki-microsoft-surface-earbuds-lodowa-biel-1-3BW-00010.jpg","width":800,"height":800,"caption":"Zdj\u0119cie bezprzewodowych s\u0142uchawek Microsoft Surface Earbuds - 3BW-00010"},{"@type":"BreadcrumbList","@id":"https:\/\/polsoft.pl\/microsoft-surface\/produkt\/surface-earbuds-commercial-glacier\/#breadcrumb","itemListElement":[{"@type":"ListItem","position":1,"name":"Strona g\u0142\u00f3wna","item":"https:\/\/polsoft.pl\/microsoft-surface\/"},{"@type":"ListItem","position":2,"name":"Sklep","item":"https:\/\/polsoft.pl\/microsoft-surface\/sklep\/"},{"@type":"ListItem","position":3,"name":"Surface Earbuds Commercial Glacier"}]},{"@type":"WebSite","@id":"https:\/\/polsoft.pl\/microsoft-surface\/#website","url":"https:\/\/polsoft.pl\/microsoft-surface\/","name":"Sklep Microsoft Surface","description":"Sklep Microsoft Surface","publisher":{"@id":"https:\/\/polsoft.pl\/microsoft-surface\/#organization"},"potentialAction":[{"@type":"SearchAction","target":{"@type":"EntryPoint","urlTemplate":"https:\/\/polsoft.pl\/microsoft-surface\/?s={search_term_string}"},"query-input":{"@type":"PropertyValueSpecification","valueRequired":true,"valueName":"search_term_string"}}],"inLanguage":"pl-PL"},{"@type":"Organization","@id":"https:\/\/polsoft.pl\/microsoft-surface\/#organization","name":"Polsoft Engineering Sp. z o.o.","url":"https:\/\/polsoft.pl\/microsoft-surface\/","logo":{"@type":"ImageObject","inLanguage":"pl-PL","@id":"https:\/\/polsoft.pl\/microsoft-surface\/#\/schema\/logo\/image\/","url":"https:\/\/www.polsoft.pl\/microsoft-surface\/wp-content\/uploads\/2020\/10\/microsoft_partner_logo_black_polsoft.png","contentUrl":"https:\/\/www.polsoft.pl\/microsoft-surface\/wp-content\/uploads\/2020\/10\/microsoft_partner_logo_black_polsoft.png","width":613,"height":158,"caption":"Polsoft Engineering Sp. z o.o."},"image":{"@id":"https:\/\/polsoft.pl\/microsoft-surface\/#\/schema\/logo\/image\/"}}]}},"_links":{"self":[{"href":"https:\/\/www.polsoft.pl\/microsoft-surface\/wp-json\/wp\/v2\/product\/3486","targetHints":{"allow":["GET"]}}],"collection":[{"href":"https:\/\/www.polsoft.pl\/microsoft-surface\/wp-json\/wp\/v2\/product"}],"about":[{"href":"https:\/\/www.polsoft.pl\/microsoft-surface\/wp-json\/wp\/v2\/types\/product"}],"version-history":[{"count":5,"href":"https:\/\/www.polsoft.pl\/microsoft-surface\/wp-json\/wp\/v2\/product\/3486\/revisions"}],"predecessor-version":[{"id":4891,"href":"https:\/\/www.polsoft.pl\/microsoft-surface\/wp-json\/wp\/v2\/product\/3486\/revisions\/4891"}],"wp:featuredmedia":[{"embeddable":true,"href":"https:\/\/www.polsoft.pl\/microsoft-surface\/wp-json\/wp\/v2\/media\/4814"}],"wp:attachment":[{"href":"https:\/\/www.polsoft.pl\/microsoft-surface\/wp-json\/wp\/v2\/media?parent=3486"}],"wp:term":[{"taxonomy":"product_brand","embeddable":true,"href":"https:\/\/www.polsoft.pl\/microsoft-surface\/wp-json\/wp\/v2\/product_brand?post=3486"},{"taxonomy":"product_cat","embeddable":true,"href":"https:\/\/www.polsoft.pl\/microsoft-surface\/wp-json\/wp\/v2\/product_cat?post=3486"},{"taxonomy":"product_tag","embeddable":true,"href":"https:\/\/www.polsoft.pl\/microsoft-surface\/wp-json\/wp\/v2\/product_tag?post=3486"}],"curies":[{"name":"wp","href":"https:\/\/api.w.org\/{rel}","templated":true}]}}