{"id":3492,"date":"2021-11-25T13:35:43","date_gmt":"2021-11-25T13:35:43","guid":{"rendered":"https:\/\/polsoft.pl\/microsoft-surface\/produkt\/modern-usb-c-speaker-commercial-black\/"},"modified":"2026-01-23T12:47:30","modified_gmt":"2026-01-23T11:47:30","slug":"modern-usb-c-speaker-commercial-black","status":"publish","type":"product","link":"https:\/\/www.polsoft.pl\/microsoft-surface\/produkt\/modern-usb-c-speaker-commercial-black\/","title":{"rendered":"Modern USB-C Speaker Commercial Black"},"content":{"rendered":"<p style=\"text-align: justify;\">Ciesz si\u0119 wyj\u0105tkow\u0105 jako\u015bci\u0105 rozm\u00f3w i muzyki, dzi\u0119ki nowoczesnemu g\u0142o\u015bnikowi Microsoft <span style=\"text-decoration: underline;\"><strong><a style=\"color: #2271b1;\" href=\"https:\/\/www.microsoft.com\/pl-pl\/d\/g%C5%82osnik-microsoft-modern-usb-c-speaker\/8x0j3n3xdlp5\" rel=\"nofollow\">Modern USB-C Speaker<\/a><\/strong><\/span> 8M8-00004. Zabierzesz go ze sob\u0105 niemal wsz\u0119dzie, dzi\u0119ki niewielkim rozmiarom i kszta\u0142towi pozwalaj\u0105cemu na schowanie go w niewielkich kieszonkach czy schowkach. Jego nowoczesny design stoi za doskona\u0142\u0105 i przede wszystkim dyskretn\u0105 prezencj\u0105.<\/p>\n<p style=\"text-align: justify;\">Niech Twoje rozmowy przebiegaj\u0105 bez zak\u0142\u00f3ce\u0144 i wyra\u017anie dzi\u0119ki funkcji redukcji szumu w mikrofonach. Bezproblemowo przy pomocy kabla USB-C pod\u0142\u0105czysz g\u0142o\u015bnik do szerokiej gamy urz\u0105dze\u0144 Surface czy do komputer\u00f3w z zainstalowanym systemem Windows.<\/p>\n<p style=\"text-align: justify;\">Sterowanie g\u0142o\u015bnikiem jest ultra intuicyjne. Zamontowane s\u0105 na nim przyciski, dzi\u0119ki kt\u00f3rym masz kontrol\u0119 nad po\u0142\u0105czeniami, wyciszaniem mikrofonu, regulacj\u0105 g\u0142o\u015bno\u015bci i nie tylko. Microsoft Modern USB-C Speaker 8M8-00004 jest w pe\u0142ni kompatybilny z aplikacj\u0105 Microsoft Teams, co przek\u0142ada si\u0119 na wyj\u0105tkow\u0105 jako\u015b\u0107 po\u0142\u0105cze\u0144. Natomiast, gdy nie korzystasz z g\u0142o\u015bnika, mo\u017cesz go bezpiecznie przechowywa\u0107 w do\u0142\u0105czonym do zestawu futerale.<\/p>\n<table>\n<tbody>\n<tr>\n<td width=\"170\">Producent:<\/td>\n<td width=\"434\">Microsoft<\/td>\n<\/tr>\n<tr>\n<td width=\"170\">Numer katalogowy:<\/td>\n<td width=\"434\">8M8-00004<\/td>\n<\/tr>\n<tr>\n<td width=\"170\">Wymiary (mm):<\/td>\n<td width=\"434\">138 x 70 x 29 (d\u0142. x sz. x g\u0142.)<\/td>\n<\/tr>\n<tr>\n<td width=\"170\">Waga:<\/td>\n<td width=\"434\">191 g<\/td>\n<\/tr>\n<tr>\n<td width=\"170\">Cz\u0119stotliwo\u015b\u0107:<\/td>\n<td width=\"434\">200 Hz \u2013 20 kHz przy odtwarzaniu muzyki<br \/>\n300 Hz \u2013 10 kHz przy rozmowach<\/td>\n<\/tr>\n<tr>\n<td width=\"170\">Mikrofon:<\/td>\n<td width=\"434\">2 mikrofony wielokierunkowe<\/td>\n<\/tr>\n<tr>\n<td width=\"170\">G\u0142o\u015bnik:<\/td>\n<td width=\"434\">50 mm przetwornik pe\u0142nozakresowy<\/td>\n<\/tr>\n<tr>\n<td width=\"170\">Kolor\/materia\u0142:<\/td>\n<td width=\"434\">czarny matowy (matte black)<br \/>\ntkanina + silikon<\/td>\n<\/tr>\n<tr>\n<td width=\"170\">Sterowanie:<\/td>\n<td width=\"434\">przycisk Microsoft Teams<br \/>\nprzycisk wyciszania<br \/>\nprzycisk odebrania\/zako\u0144czania po\u0142\u0105cze\u0144<br \/>\nprzycisk regulacji g\u0142o\u015bno\u015bci<\/td>\n<\/tr>\n<tr>\n<td width=\"170\">Po\u0142\u0105czenie:<\/td>\n<td width=\"434\">kabel USB-C<\/td>\n<\/tr>\n<tr>\n<td width=\"170\">D\u0142ugo\u015b\u0107 kabla:<\/td>\n<td width=\"434\">680 mm<\/td>\n<\/tr>\n<tr>\n<td width=\"170\">Kompatybilny z:<\/td>\n<td width=\"434\">Windows 11 Home<br \/>\nWindows 11 Pro<br \/>\nWindows 10<\/td>\n<\/tr>\n<tr>\n<td width=\"170\">W zestawie:<\/td>\n<td width=\"434\">g\u0142o\u015bnik Microsoft Modern USB-C Speaker<br \/>\nfutera\u0142<br \/>\nskr\u00f3cona instrukcja obs\u0142ugi<br \/>\ndokumenty dotycz\u0105ce gwarancji i bezpiecze\u0144stwa<\/td>\n<\/tr>\n<tr>\n<td width=\"170\">Gwarancja:<\/td>\n<td width=\"434\">roczny okres gwarancji<\/td>\n<\/tr>\n<\/tbody>\n<\/table>\n<p>&nbsp;<\/p>\n","protected":false},"excerpt":{"rendered":"<p>Ciesz si\u0119 wyj\u0105tkow\u0105 jako\u015bci\u0105 rozm\u00f3w i muzyki, dzi\u0119ki nowoczesnemu g\u0142o\u015bnikowi Microsoft Modern USB-C Speaker 8M8-00004. Zabierzesz go ze sob\u0105 niemal wsz\u0119dzie, dzi\u0119ki niewielkim rozmiarom i kszta\u0142towi pozwalaj\u0105cemu na schowanie go w niewielkich kieszonkach czy schowkach. Jego nowoczesny design stoi za doskona\u0142\u0105 i przede wszystkim dyskretn\u0105 prezencj\u0105. Niech Twoje rozmowy przebiegaj\u0105 bez zak\u0142\u00f3ce\u0144 i wyra\u017anie dzi\u0119ki [&hellip;]<\/p>\n","protected":false},"featured_media":4817,"template":"","meta":{"site-sidebar-layout":"default","site-content-layout":"default","ast-site-content-layout":"default","site-content-style":"default","site-sidebar-style":"default","ast-global-header-display":"","ast-banner-title-visibility":"","ast-main-header-display":"","ast-hfb-above-header-display":"","ast-hfb-below-header-display":"","ast-hfb-mobile-header-display":"","site-post-title":"","ast-breadcrumbs-content":"","ast-featured-img":"","footer-sml-layout":"","ast-disable-related-posts":"","theme-transparent-header-meta":"default","adv-header-id-meta":"","stick-header-meta":"","header-above-stick-meta":"","header-main-stick-meta":"","header-below-stick-meta":"","astra-migrate-meta-layouts":"default","ast-page-background-enabled":"default","ast-page-background-meta":{"desktop":{"background-color":"","background-image":"","background-repeat":"repeat","background-position":"center center","background-size":"auto","background-attachment":"scroll","background-type":"","background-media":"","overlay-type":"","overlay-color":"","overlay-opacity":"","overlay-gradient":""},"tablet":{"background-color":"","background-image":"","background-repeat":"repeat","background-position":"center center","background-size":"auto","background-attachment":"scroll","background-type":"","background-media":"","overlay-type":"","overlay-color":"","overlay-opacity":"","overlay-gradient":""},"mobile":{"background-color":"","background-image":"","background-repeat":"repeat","background-position":"center center","background-size":"auto","background-attachment":"scroll","background-type":"","background-media":"","overlay-type":"","overlay-color":"","overlay-opacity":"","overlay-gradient":""}},"ast-content-background-meta":{"desktop":{"background-color":"var(--ast-global-color-5)","background-image":"","background-repeat":"repeat","background-position":"center center","background-size":"auto","background-attachment":"scroll","background-type":"","background-media":"","overlay-type":"","overlay-color":"","overlay-opacity":"","overlay-gradient":""},"tablet":{"background-color":"var(--ast-global-color-5)","background-image":"","background-repeat":"repeat","background-position":"center center","background-size":"auto","background-attachment":"scroll","background-type":"","background-media":"","overlay-type":"","overlay-color":"","overlay-opacity":"","overlay-gradient":""},"mobile":{"background-color":"var(--ast-global-color-5)","background-image":"","background-repeat":"repeat","background-position":"center center","background-size":"auto","background-attachment":"scroll","background-type":"","background-media":"","overlay-type":"","overlay-color":"","overlay-opacity":"","overlay-gradient":""}},"_links_to":"","_links_to_target":""},"product_brand":[],"product_cat":[90],"product_tag":[],"class_list":{"0":"post-3492","1":"product","2":"type-product","3":"status-publish","4":"has-post-thumbnail","6":"product_cat-akcesoria-microsoft-surface","7":"desktop-align-left","8":"tablet-align-left","9":"mobile-align-left","11":"first","12":"instock","13":"taxable","14":"shipping-taxable","15":"purchasable","16":"product-type-simple"},"yoast_head":"<!-- This site is optimized with the Yoast SEO plugin v26.7 - https:\/\/yoast.com\/wordpress\/plugins\/seo\/ -->\n<title>Microsoft Modern USB-C Speaker 8M8-00004 - Sklep Microsoft Surface<\/title>\n<meta name=\"description\" content=\"Microsoft Modern USB-C Speaker 8M8-00004 - czarny matowy - Sklep rozwi\u0105za\u0144 Microsoft Surface firmy Polsoft Engineering.\" \/>\n<meta name=\"robots\" content=\"index, follow, max-snippet:-1, max-image-preview:large, max-video-preview:-1\" \/>\n<link rel=\"canonical\" href=\"https:\/\/polsoft.pl\/microsoft-surface\/produkt\/modern-usb-c-speaker-commercial-black\/\" \/>\n<meta property=\"og:locale\" content=\"pl_PL\" \/>\n<meta property=\"og:type\" content=\"article\" \/>\n<meta property=\"og:title\" content=\"Microsoft Modern USB-C Speaker 8M8-00004 - Sklep Microsoft Surface\" \/>\n<meta property=\"og:description\" content=\"Microsoft Modern USB-C Speaker 8M8-00004 - czarny matowy - Sklep rozwi\u0105za\u0144 Microsoft Surface firmy Polsoft Engineering.\" \/>\n<meta property=\"og:url\" content=\"https:\/\/polsoft.pl\/microsoft-surface\/produkt\/modern-usb-c-speaker-commercial-black\/\" \/>\n<meta property=\"og:site_name\" content=\"Sklep rozwi\u0105za\u0144 Microsoft Surface\" \/>\n<meta property=\"article:modified_time\" content=\"2026-01-23T11:47:30+00:00\" \/>\n<meta property=\"og:image\" content=\"https:\/\/polsoft.pl\/microsoft-surface\/wp-content\/uploads\/2022\/06\/zestaw-glosnomowiacy-microsoft-surface-modern-usb-c-speaker-czarny-8M8-00004-1.jpg\" \/>\n\t<meta property=\"og:image:width\" content=\"800\" \/>\n\t<meta property=\"og:image:height\" content=\"800\" \/>\n\t<meta property=\"og:image:type\" content=\"image\/jpeg\" \/>\n<meta name=\"twitter:card\" content=\"summary_large_image\" \/>\n<meta name=\"twitter:label1\" content=\"Szacowany czas czytania\" \/>\n\t<meta name=\"twitter:data1\" content=\"2 minuty\" \/>\n<script type=\"application\/ld+json\" class=\"yoast-schema-graph\">{\"@context\":\"https:\/\/schema.org\",\"@graph\":[{\"@type\":\"WebPage\",\"@id\":\"https:\/\/polsoft.pl\/microsoft-surface\/produkt\/modern-usb-c-speaker-commercial-black\/\",\"url\":\"https:\/\/polsoft.pl\/microsoft-surface\/produkt\/modern-usb-c-speaker-commercial-black\/\",\"name\":\"Microsoft Modern USB-C Speaker 8M8-00004 - Sklep Microsoft Surface\",\"isPartOf\":{\"@id\":\"https:\/\/polsoft.pl\/microsoft-surface\/#website\"},\"primaryImageOfPage\":{\"@id\":\"https:\/\/polsoft.pl\/microsoft-surface\/produkt\/modern-usb-c-speaker-commercial-black\/#primaryimage\"},\"image\":{\"@id\":\"https:\/\/polsoft.pl\/microsoft-surface\/produkt\/modern-usb-c-speaker-commercial-black\/#primaryimage\"},\"thumbnailUrl\":\"https:\/\/www.polsoft.pl\/microsoft-surface\/wp-content\/uploads\/2022\/06\/zestaw-glosnomowiacy-microsoft-surface-modern-usb-c-speaker-czarny-8M8-00004-1.jpg\",\"datePublished\":\"2021-11-25T13:35:43+00:00\",\"dateModified\":\"2026-01-23T11:47:30+00:00\",\"description\":\"Microsoft Modern USB-C Speaker 8M8-00004 - czarny matowy - Sklep rozwi\u0105za\u0144 Microsoft Surface firmy Polsoft Engineering.\",\"breadcrumb\":{\"@id\":\"https:\/\/polsoft.pl\/microsoft-surface\/produkt\/modern-usb-c-speaker-commercial-black\/#breadcrumb\"},\"inLanguage\":\"pl-PL\",\"potentialAction\":[{\"@type\":\"ReadAction\",\"target\":[\"https:\/\/polsoft.pl\/microsoft-surface\/produkt\/modern-usb-c-speaker-commercial-black\/\"]}]},{\"@type\":\"ImageObject\",\"inLanguage\":\"pl-PL\",\"@id\":\"https:\/\/polsoft.pl\/microsoft-surface\/produkt\/modern-usb-c-speaker-commercial-black\/#primaryimage\",\"url\":\"https:\/\/www.polsoft.pl\/microsoft-surface\/wp-content\/uploads\/2022\/06\/zestaw-glosnomowiacy-microsoft-surface-modern-usb-c-speaker-czarny-8M8-00004-1.jpg\",\"contentUrl\":\"https:\/\/www.polsoft.pl\/microsoft-surface\/wp-content\/uploads\/2022\/06\/zestaw-glosnomowiacy-microsoft-surface-modern-usb-c-speaker-czarny-8M8-00004-1.jpg\",\"width\":800,\"height\":800,\"caption\":\"Zdj\u0119cie g\u0142o\u015bnika Microsoft Modern USB-C Speaker - 8M8-00004\"},{\"@type\":\"BreadcrumbList\",\"@id\":\"https:\/\/polsoft.pl\/microsoft-surface\/produkt\/modern-usb-c-speaker-commercial-black\/#breadcrumb\",\"itemListElement\":[{\"@type\":\"ListItem\",\"position\":1,\"name\":\"Strona g\u0142\u00f3wna\",\"item\":\"https:\/\/polsoft.pl\/microsoft-surface\/\"},{\"@type\":\"ListItem\",\"position\":2,\"name\":\"Sklep\",\"item\":\"https:\/\/polsoft.pl\/microsoft-surface\/sklep\/\"},{\"@type\":\"ListItem\",\"position\":3,\"name\":\"Modern USB-C Speaker Commercial Black\"}]},{\"@type\":\"WebSite\",\"@id\":\"https:\/\/polsoft.pl\/microsoft-surface\/#website\",\"url\":\"https:\/\/polsoft.pl\/microsoft-surface\/\",\"name\":\"Sklep Microsoft Surface\",\"description\":\"Sklep Microsoft Surface\",\"publisher\":{\"@id\":\"https:\/\/polsoft.pl\/microsoft-surface\/#organization\"},\"potentialAction\":[{\"@type\":\"SearchAction\",\"target\":{\"@type\":\"EntryPoint\",\"urlTemplate\":\"https:\/\/polsoft.pl\/microsoft-surface\/?s={search_term_string}\"},\"query-input\":{\"@type\":\"PropertyValueSpecification\",\"valueRequired\":true,\"valueName\":\"search_term_string\"}}],\"inLanguage\":\"pl-PL\"},{\"@type\":\"Organization\",\"@id\":\"https:\/\/polsoft.pl\/microsoft-surface\/#organization\",\"name\":\"Polsoft Engineering Sp. z o.o.\",\"url\":\"https:\/\/polsoft.pl\/microsoft-surface\/\",\"logo\":{\"@type\":\"ImageObject\",\"inLanguage\":\"pl-PL\",\"@id\":\"https:\/\/polsoft.pl\/microsoft-surface\/#\/schema\/logo\/image\/\",\"url\":\"https:\/\/www.polsoft.pl\/microsoft-surface\/wp-content\/uploads\/2020\/10\/microsoft_partner_logo_black_polsoft.png\",\"contentUrl\":\"https:\/\/www.polsoft.pl\/microsoft-surface\/wp-content\/uploads\/2020\/10\/microsoft_partner_logo_black_polsoft.png\",\"width\":613,\"height\":158,\"caption\":\"Polsoft Engineering Sp. z o.o.\"},\"image\":{\"@id\":\"https:\/\/polsoft.pl\/microsoft-surface\/#\/schema\/logo\/image\/\"}}]}<\/script>\n<!-- \/ Yoast SEO plugin. -->","yoast_head_json":{"title":"Microsoft Modern USB-C Speaker 8M8-00004 - Sklep Microsoft Surface","description":"Microsoft Modern USB-C Speaker 8M8-00004 - czarny matowy - Sklep rozwi\u0105za\u0144 Microsoft Surface firmy Polsoft Engineering.","robots":{"index":"index","follow":"follow","max-snippet":"max-snippet:-1","max-image-preview":"max-image-preview:large","max-video-preview":"max-video-preview:-1"},"canonical":"https:\/\/polsoft.pl\/microsoft-surface\/produkt\/modern-usb-c-speaker-commercial-black\/","og_locale":"pl_PL","og_type":"article","og_title":"Microsoft Modern USB-C Speaker 8M8-00004 - Sklep Microsoft Surface","og_description":"Microsoft Modern USB-C Speaker 8M8-00004 - czarny matowy - Sklep rozwi\u0105za\u0144 Microsoft Surface firmy Polsoft Engineering.","og_url":"https:\/\/polsoft.pl\/microsoft-surface\/produkt\/modern-usb-c-speaker-commercial-black\/","og_site_name":"Sklep rozwi\u0105za\u0144 Microsoft Surface","article_modified_time":"2026-01-23T11:47:30+00:00","og_image":[{"width":800,"height":800,"url":"https:\/\/polsoft.pl\/microsoft-surface\/wp-content\/uploads\/2022\/06\/zestaw-glosnomowiacy-microsoft-surface-modern-usb-c-speaker-czarny-8M8-00004-1.jpg","type":"image\/jpeg"}],"twitter_card":"summary_large_image","twitter_misc":{"Szacowany czas czytania":"2 minuty"},"schema":{"@context":"https:\/\/schema.org","@graph":[{"@type":"WebPage","@id":"https:\/\/polsoft.pl\/microsoft-surface\/produkt\/modern-usb-c-speaker-commercial-black\/","url":"https:\/\/polsoft.pl\/microsoft-surface\/produkt\/modern-usb-c-speaker-commercial-black\/","name":"Microsoft Modern USB-C Speaker 8M8-00004 - Sklep Microsoft Surface","isPartOf":{"@id":"https:\/\/polsoft.pl\/microsoft-surface\/#website"},"primaryImageOfPage":{"@id":"https:\/\/polsoft.pl\/microsoft-surface\/produkt\/modern-usb-c-speaker-commercial-black\/#primaryimage"},"image":{"@id":"https:\/\/polsoft.pl\/microsoft-surface\/produkt\/modern-usb-c-speaker-commercial-black\/#primaryimage"},"thumbnailUrl":"https:\/\/www.polsoft.pl\/microsoft-surface\/wp-content\/uploads\/2022\/06\/zestaw-glosnomowiacy-microsoft-surface-modern-usb-c-speaker-czarny-8M8-00004-1.jpg","datePublished":"2021-11-25T13:35:43+00:00","dateModified":"2026-01-23T11:47:30+00:00","description":"Microsoft Modern USB-C Speaker 8M8-00004 - czarny matowy - Sklep rozwi\u0105za\u0144 Microsoft Surface firmy Polsoft Engineering.","breadcrumb":{"@id":"https:\/\/polsoft.pl\/microsoft-surface\/produkt\/modern-usb-c-speaker-commercial-black\/#breadcrumb"},"inLanguage":"pl-PL","potentialAction":[{"@type":"ReadAction","target":["https:\/\/polsoft.pl\/microsoft-surface\/produkt\/modern-usb-c-speaker-commercial-black\/"]}]},{"@type":"ImageObject","inLanguage":"pl-PL","@id":"https:\/\/polsoft.pl\/microsoft-surface\/produkt\/modern-usb-c-speaker-commercial-black\/#primaryimage","url":"https:\/\/www.polsoft.pl\/microsoft-surface\/wp-content\/uploads\/2022\/06\/zestaw-glosnomowiacy-microsoft-surface-modern-usb-c-speaker-czarny-8M8-00004-1.jpg","contentUrl":"https:\/\/www.polsoft.pl\/microsoft-surface\/wp-content\/uploads\/2022\/06\/zestaw-glosnomowiacy-microsoft-surface-modern-usb-c-speaker-czarny-8M8-00004-1.jpg","width":800,"height":800,"caption":"Zdj\u0119cie g\u0142o\u015bnika Microsoft Modern USB-C Speaker - 8M8-00004"},{"@type":"BreadcrumbList","@id":"https:\/\/polsoft.pl\/microsoft-surface\/produkt\/modern-usb-c-speaker-commercial-black\/#breadcrumb","itemListElement":[{"@type":"ListItem","position":1,"name":"Strona g\u0142\u00f3wna","item":"https:\/\/polsoft.pl\/microsoft-surface\/"},{"@type":"ListItem","position":2,"name":"Sklep","item":"https:\/\/polsoft.pl\/microsoft-surface\/sklep\/"},{"@type":"ListItem","position":3,"name":"Modern USB-C Speaker Commercial Black"}]},{"@type":"WebSite","@id":"https:\/\/polsoft.pl\/microsoft-surface\/#website","url":"https:\/\/polsoft.pl\/microsoft-surface\/","name":"Sklep Microsoft Surface","description":"Sklep Microsoft Surface","publisher":{"@id":"https:\/\/polsoft.pl\/microsoft-surface\/#organization"},"potentialAction":[{"@type":"SearchAction","target":{"@type":"EntryPoint","urlTemplate":"https:\/\/polsoft.pl\/microsoft-surface\/?s={search_term_string}"},"query-input":{"@type":"PropertyValueSpecification","valueRequired":true,"valueName":"search_term_string"}}],"inLanguage":"pl-PL"},{"@type":"Organization","@id":"https:\/\/polsoft.pl\/microsoft-surface\/#organization","name":"Polsoft Engineering Sp. z o.o.","url":"https:\/\/polsoft.pl\/microsoft-surface\/","logo":{"@type":"ImageObject","inLanguage":"pl-PL","@id":"https:\/\/polsoft.pl\/microsoft-surface\/#\/schema\/logo\/image\/","url":"https:\/\/www.polsoft.pl\/microsoft-surface\/wp-content\/uploads\/2020\/10\/microsoft_partner_logo_black_polsoft.png","contentUrl":"https:\/\/www.polsoft.pl\/microsoft-surface\/wp-content\/uploads\/2020\/10\/microsoft_partner_logo_black_polsoft.png","width":613,"height":158,"caption":"Polsoft Engineering Sp. z o.o."},"image":{"@id":"https:\/\/polsoft.pl\/microsoft-surface\/#\/schema\/logo\/image\/"}}]}},"_links":{"self":[{"href":"https:\/\/www.polsoft.pl\/microsoft-surface\/wp-json\/wp\/v2\/product\/3492","targetHints":{"allow":["GET"]}}],"collection":[{"href":"https:\/\/www.polsoft.pl\/microsoft-surface\/wp-json\/wp\/v2\/product"}],"about":[{"href":"https:\/\/www.polsoft.pl\/microsoft-surface\/wp-json\/wp\/v2\/types\/product"}],"version-history":[{"count":5,"href":"https:\/\/www.polsoft.pl\/microsoft-surface\/wp-json\/wp\/v2\/product\/3492\/revisions"}],"predecessor-version":[{"id":4887,"href":"https:\/\/www.polsoft.pl\/microsoft-surface\/wp-json\/wp\/v2\/product\/3492\/revisions\/4887"}],"wp:featuredmedia":[{"embeddable":true,"href":"https:\/\/www.polsoft.pl\/microsoft-surface\/wp-json\/wp\/v2\/media\/4817"}],"wp:attachment":[{"href":"https:\/\/www.polsoft.pl\/microsoft-surface\/wp-json\/wp\/v2\/media?parent=3492"}],"wp:term":[{"taxonomy":"product_brand","embeddable":true,"href":"https:\/\/www.polsoft.pl\/microsoft-surface\/wp-json\/wp\/v2\/product_brand?post=3492"},{"taxonomy":"product_cat","embeddable":true,"href":"https:\/\/www.polsoft.pl\/microsoft-surface\/wp-json\/wp\/v2\/product_cat?post=3492"},{"taxonomy":"product_tag","embeddable":true,"href":"https:\/\/www.polsoft.pl\/microsoft-surface\/wp-json\/wp\/v2\/product_tag?post=3492"}],"curies":[{"name":"wp","href":"https:\/\/api.w.org\/{rel}","templated":true}]}}