{"id":3494,"date":"2021-11-25T13:35:43","date_gmt":"2021-11-25T13:35:43","guid":{"rendered":"https:\/\/polsoft.pl\/microsoft-surface\/produkt\/modern-webcam-commercial-black\/"},"modified":"2026-01-23T12:47:31","modified_gmt":"2026-01-23T11:47:31","slug":"modern-webcam-commercial-black","status":"publish","type":"product","link":"https:\/\/www.polsoft.pl\/microsoft-surface\/produkt\/modern-webcam-commercial-black\/","title":{"rendered":"Modern Webcam Commercial Black"},"content":{"rendered":"<p>Microsoft Modern Webcam 8MA-00004 to rewelacyjna kamera internetowa, kt\u00f3ra stanie si\u0119 Twoim nieod\u0142\u0105cznym towarzyszem do rozm\u00f3w online. Usprawnij prac\u0119 z intuicyjn\u0105 obs\u0142ug\u0105 oraz jej wbudowanym funkcjom. W prosty i \u0142atwy spos\u00f3b pod\u0142\u0105czysz j\u0105 do komputera. Elegancki design sprawia, \u017ce nie rozprasza niepotrzebnie u\u017cytkownika w codziennej pracy.<\/p>\n<p>Wygl\u0105daj korzystnie podczas spotka\u0144 online dzi\u0119ki technologii HDR oraz True Look. Umo\u017cliwiaj\u0105 one retuszowanie twarzy, automatycznie dopasowuj\u0105c poziom o\u015bwietlenia oraz ostro\u015b\u0107. Dodatkowo kamera <span style=\"text-decoration: underline;\"><strong><a style=\"color: #2271b1;\" href=\"https:\/\/www.microsoft.com\/pl-pl\/d\/kamera-microsoft-modern-webcam\/8v9brt858dg8\" rel=\"nofollow\">Microsoft Modern Webcam<\/a><\/strong><\/span> 8MA-00004 jest w pe\u0142ni kompatybilna z aplikacj\u0105 Microsoft Teams.<\/p>\n<p>Dbaj o swoj\u0105 prywatno\u015b\u0107 z wbudowan\u0105 os\u0142on\u0105 kamerki oraz kontrolce aktywno\u015bci LED. Os\u0142ona kamery nie tylko fizycznie zas\u0142ania kamer\u0119, ale tak\u017ce automatycznie wy\u0142\u0105cza przesy\u0142anie obrazu. Natomiast kontrolka LED informuje czy Microsoft Teams jest w u\u017cyciu. Szeroki k\u0105t widzenia 78\u00b0 pozwoli r\u00f3wnie\u017c na uchwyceniu w kadrze wi\u0119kszej ilo\u015bci uczestnik\u00f3w rozmowy.<\/p>\n<p>W \u0142atwy spos\u00f3b mocuj kamer\u0119 na monitorze, laptopie, biurku czy statywie dzi\u0119ki uniwersalnemu systemowi monta\u017cowemu. Funkcja \u201eplug-and-play\u201d pozwoli Ci sprawnie pod\u0142\u0105czy\u0107 kamer\u0119 do komputera czy innego urz\u0105dzenia.<\/p>\n<table>\n<tbody>\n<tr>\n<td width=\"170\">Producent:<\/td>\n<td width=\"434\">Microsoft<\/td>\n<\/tr>\n<tr>\n<td width=\"170\">Numer katalogowy:<\/td>\n<td width=\"434\">8MA-00004<\/td>\n<\/tr>\n<tr>\n<td width=\"170\">Wymiary (mm):<\/td>\n<td width=\"434\">50,53 x 36,05 x 74,58 (d\u0142. x sz. x g\u0142.)<\/td>\n<\/tr>\n<tr>\n<td width=\"170\">Waga:<\/td>\n<td width=\"434\">88,3 g<\/td>\n<\/tr>\n<tr>\n<td width=\"170\">Kodeki audio:<\/td>\n<td width=\"434\">PCM<\/td>\n<\/tr>\n<tr>\n<td width=\"170\">Funkcje:<\/td>\n<td width=\"434\">sygna\u0142 wyj\u015bciowy wideo do 1080p 30kl\/s<br \/>\nHDR<br \/>\nautomatyczne na\u015bwietlanie<br \/>\nautomatyczny balans bieli<br \/>\nautomatyczna redukcja migotania<br \/>\nszeroki k\u0105t widzenia 78\u00b0<\/td>\n<\/tr>\n<tr>\n<td width=\"170\">Obudowa\/kolor:<\/td>\n<td width=\"434\">obiektyw przedni: szk\u0142o\/czarny b\u0142yszcz\u0105cy<br \/>\nmocowanie do statywu: mied\u017a\/srebrny b\u0142yszcz\u0105cy<br \/>\npozosta\u0142e elementy: plastik, TPe, guma\/czarny matowy<\/td>\n<\/tr>\n<tr>\n<td width=\"170\">Inne:<\/td>\n<td width=\"434\">os\u0142ona kamery<\/td>\n<\/tr>\n<tr>\n<td width=\"170\">Po\u0142\u0105czenie:<\/td>\n<td width=\"434\">USB-A<\/td>\n<\/tr>\n<tr>\n<td width=\"170\">D\u0142ugo\u015b\u0107 kabla:<\/td>\n<td width=\"434\">1,5 m<\/td>\n<\/tr>\n<tr>\n<td width=\"170\">Kompatybilny z:<\/td>\n<td width=\"434\">Windows 10<br \/>\nMac OS 11.0<br \/>\nMac OS 10.15<br \/>\nWindows 8.1<br \/>\nWindows 8<\/td>\n<\/tr>\n<tr>\n<td width=\"170\">W zestawie:<\/td>\n<td width=\"434\">kamera Microsoft Modern Webcam<br \/>\nskr\u00f3cona instrukcja obs\u0142ugi<br \/>\ndokumenty dotycz\u0105ce gwarancji i bezpiecze\u0144stwa<\/td>\n<\/tr>\n<tr>\n<td width=\"170\">Gwarancja:<\/td>\n<td width=\"434\">roczny okres gwarancji<\/td>\n<\/tr>\n<\/tbody>\n<\/table>\n","protected":false},"excerpt":{"rendered":"<p>Microsoft Modern Webcam 8MA-00004 to rewelacyjna kamera internetowa, kt\u00f3ra stanie si\u0119 Twoim nieod\u0142\u0105cznym towarzyszem do rozm\u00f3w online. Usprawnij prac\u0119 z intuicyjn\u0105 obs\u0142ug\u0105 oraz jej wbudowanym funkcjom. W prosty i \u0142atwy spos\u00f3b pod\u0142\u0105czysz j\u0105 do komputera. Elegancki design sprawia, \u017ce nie rozprasza niepotrzebnie u\u017cytkownika w codziennej pracy. Wygl\u0105daj korzystnie podczas spotka\u0144 online dzi\u0119ki technologii HDR oraz [&hellip;]<\/p>\n","protected":false},"featured_media":4797,"template":"","meta":{"site-sidebar-layout":"default","site-content-layout":"default","ast-site-content-layout":"default","site-content-style":"default","site-sidebar-style":"default","ast-global-header-display":"","ast-banner-title-visibility":"","ast-main-header-display":"","ast-hfb-above-header-display":"","ast-hfb-below-header-display":"","ast-hfb-mobile-header-display":"","site-post-title":"","ast-breadcrumbs-content":"","ast-featured-img":"","footer-sml-layout":"","ast-disable-related-posts":"","theme-transparent-header-meta":"default","adv-header-id-meta":"","stick-header-meta":"","header-above-stick-meta":"","header-main-stick-meta":"","header-below-stick-meta":"","astra-migrate-meta-layouts":"default","ast-page-background-enabled":"default","ast-page-background-meta":{"desktop":{"background-color":"","background-image":"","background-repeat":"repeat","background-position":"center center","background-size":"auto","background-attachment":"scroll","background-type":"","background-media":"","overlay-type":"","overlay-color":"","overlay-opacity":"","overlay-gradient":""},"tablet":{"background-color":"","background-image":"","background-repeat":"repeat","background-position":"center center","background-size":"auto","background-attachment":"scroll","background-type":"","background-media":"","overlay-type":"","overlay-color":"","overlay-opacity":"","overlay-gradient":""},"mobile":{"background-color":"","background-image":"","background-repeat":"repeat","background-position":"center center","background-size":"auto","background-attachment":"scroll","background-type":"","background-media":"","overlay-type":"","overlay-color":"","overlay-opacity":"","overlay-gradient":""}},"ast-content-background-meta":{"desktop":{"background-color":"var(--ast-global-color-5)","background-image":"","background-repeat":"repeat","background-position":"center center","background-size":"auto","background-attachment":"scroll","background-type":"","background-media":"","overlay-type":"","overlay-color":"","overlay-opacity":"","overlay-gradient":""},"tablet":{"background-color":"var(--ast-global-color-5)","background-image":"","background-repeat":"repeat","background-position":"center center","background-size":"auto","background-attachment":"scroll","background-type":"","background-media":"","overlay-type":"","overlay-color":"","overlay-opacity":"","overlay-gradient":""},"mobile":{"background-color":"var(--ast-global-color-5)","background-image":"","background-repeat":"repeat","background-position":"center center","background-size":"auto","background-attachment":"scroll","background-type":"","background-media":"","overlay-type":"","overlay-color":"","overlay-opacity":"","overlay-gradient":""}},"_links_to":"","_links_to_target":""},"product_brand":[],"product_cat":[90],"product_tag":[],"class_list":{"0":"post-3494","1":"product","2":"type-product","3":"status-publish","4":"has-post-thumbnail","6":"product_cat-akcesoria-microsoft-surface","7":"desktop-align-left","8":"tablet-align-left","9":"mobile-align-left","11":"first","12":"instock","13":"taxable","14":"shipping-taxable","15":"purchasable","16":"product-type-simple"},"yoast_head":"<!-- This site is optimized with the Yoast SEO plugin v26.7 - https:\/\/yoast.com\/wordpress\/plugins\/seo\/ -->\n<title>Microsoft Modern Webcam 8MA-00004 - Sklep Microsoft Surface<\/title>\n<meta name=\"description\" content=\"Microsoft Modern Webcam 8MA-00004 - kamerka internetowa - Sklep rozwi\u0105za\u0144 Microsoft Surface firmy Polsoft Engineering.\" \/>\n<meta name=\"robots\" content=\"index, follow, max-snippet:-1, max-image-preview:large, max-video-preview:-1\" \/>\n<link rel=\"canonical\" href=\"https:\/\/polsoft.pl\/microsoft-surface\/produkt\/modern-webcam-commercial-black\/\" \/>\n<meta property=\"og:locale\" content=\"pl_PL\" \/>\n<meta property=\"og:type\" content=\"article\" \/>\n<meta property=\"og:title\" content=\"Microsoft Modern Webcam 8MA-00004 - Sklep Microsoft Surface\" \/>\n<meta property=\"og:description\" content=\"Microsoft Modern Webcam 8MA-00004 - kamerka internetowa - Sklep rozwi\u0105za\u0144 Microsoft Surface firmy Polsoft Engineering.\" \/>\n<meta property=\"og:url\" content=\"https:\/\/polsoft.pl\/microsoft-surface\/produkt\/modern-webcam-commercial-black\/\" \/>\n<meta property=\"og:site_name\" content=\"Sklep rozwi\u0105za\u0144 Microsoft Surface\" \/>\n<meta property=\"article:modified_time\" content=\"2026-01-23T11:47:31+00:00\" \/>\n<meta property=\"og:image\" content=\"https:\/\/polsoft.pl\/microsoft-surface\/wp-content\/uploads\/2022\/06\/kamera-internetowa-microsoft-modern-webcam-czarny-8MA-00004-1.jpg\" \/>\n\t<meta property=\"og:image:width\" content=\"800\" \/>\n\t<meta property=\"og:image:height\" content=\"800\" \/>\n\t<meta property=\"og:image:type\" content=\"image\/jpeg\" \/>\n<meta name=\"twitter:card\" content=\"summary_large_image\" \/>\n<meta name=\"twitter:label1\" content=\"Szacowany czas czytania\" \/>\n\t<meta name=\"twitter:data1\" content=\"2 minuty\" \/>\n<script type=\"application\/ld+json\" class=\"yoast-schema-graph\">{\"@context\":\"https:\/\/schema.org\",\"@graph\":[{\"@type\":\"WebPage\",\"@id\":\"https:\/\/polsoft.pl\/microsoft-surface\/produkt\/modern-webcam-commercial-black\/\",\"url\":\"https:\/\/polsoft.pl\/microsoft-surface\/produkt\/modern-webcam-commercial-black\/\",\"name\":\"Microsoft Modern Webcam 8MA-00004 - Sklep Microsoft Surface\",\"isPartOf\":{\"@id\":\"https:\/\/polsoft.pl\/microsoft-surface\/#website\"},\"primaryImageOfPage\":{\"@id\":\"https:\/\/polsoft.pl\/microsoft-surface\/produkt\/modern-webcam-commercial-black\/#primaryimage\"},\"image\":{\"@id\":\"https:\/\/polsoft.pl\/microsoft-surface\/produkt\/modern-webcam-commercial-black\/#primaryimage\"},\"thumbnailUrl\":\"https:\/\/www.polsoft.pl\/microsoft-surface\/wp-content\/uploads\/2022\/06\/kamera-internetowa-microsoft-modern-webcam-czarny-8MA-00004-1.jpg\",\"datePublished\":\"2021-11-25T13:35:43+00:00\",\"dateModified\":\"2026-01-23T11:47:31+00:00\",\"description\":\"Microsoft Modern Webcam 8MA-00004 - kamerka internetowa - Sklep rozwi\u0105za\u0144 Microsoft Surface firmy Polsoft Engineering.\",\"breadcrumb\":{\"@id\":\"https:\/\/polsoft.pl\/microsoft-surface\/produkt\/modern-webcam-commercial-black\/#breadcrumb\"},\"inLanguage\":\"pl-PL\",\"potentialAction\":[{\"@type\":\"ReadAction\",\"target\":[\"https:\/\/polsoft.pl\/microsoft-surface\/produkt\/modern-webcam-commercial-black\/\"]}]},{\"@type\":\"ImageObject\",\"inLanguage\":\"pl-PL\",\"@id\":\"https:\/\/polsoft.pl\/microsoft-surface\/produkt\/modern-webcam-commercial-black\/#primaryimage\",\"url\":\"https:\/\/www.polsoft.pl\/microsoft-surface\/wp-content\/uploads\/2022\/06\/kamera-internetowa-microsoft-modern-webcam-czarny-8MA-00004-1.jpg\",\"contentUrl\":\"https:\/\/www.polsoft.pl\/microsoft-surface\/wp-content\/uploads\/2022\/06\/kamera-internetowa-microsoft-modern-webcam-czarny-8MA-00004-1.jpg\",\"width\":800,\"height\":800,\"caption\":\"Zdj\u0119cie kamery internetowej Modern Webcam - czarna - 8MA-00004\"},{\"@type\":\"BreadcrumbList\",\"@id\":\"https:\/\/polsoft.pl\/microsoft-surface\/produkt\/modern-webcam-commercial-black\/#breadcrumb\",\"itemListElement\":[{\"@type\":\"ListItem\",\"position\":1,\"name\":\"Strona g\u0142\u00f3wna\",\"item\":\"https:\/\/polsoft.pl\/microsoft-surface\/\"},{\"@type\":\"ListItem\",\"position\":2,\"name\":\"Sklep\",\"item\":\"https:\/\/polsoft.pl\/microsoft-surface\/sklep\/\"},{\"@type\":\"ListItem\",\"position\":3,\"name\":\"Modern Webcam Commercial Black\"}]},{\"@type\":\"WebSite\",\"@id\":\"https:\/\/polsoft.pl\/microsoft-surface\/#website\",\"url\":\"https:\/\/polsoft.pl\/microsoft-surface\/\",\"name\":\"Sklep Microsoft Surface\",\"description\":\"Sklep Microsoft Surface\",\"publisher\":{\"@id\":\"https:\/\/polsoft.pl\/microsoft-surface\/#organization\"},\"potentialAction\":[{\"@type\":\"SearchAction\",\"target\":{\"@type\":\"EntryPoint\",\"urlTemplate\":\"https:\/\/polsoft.pl\/microsoft-surface\/?s={search_term_string}\"},\"query-input\":{\"@type\":\"PropertyValueSpecification\",\"valueRequired\":true,\"valueName\":\"search_term_string\"}}],\"inLanguage\":\"pl-PL\"},{\"@type\":\"Organization\",\"@id\":\"https:\/\/polsoft.pl\/microsoft-surface\/#organization\",\"name\":\"Polsoft Engineering Sp. z o.o.\",\"url\":\"https:\/\/polsoft.pl\/microsoft-surface\/\",\"logo\":{\"@type\":\"ImageObject\",\"inLanguage\":\"pl-PL\",\"@id\":\"https:\/\/polsoft.pl\/microsoft-surface\/#\/schema\/logo\/image\/\",\"url\":\"https:\/\/www.polsoft.pl\/microsoft-surface\/wp-content\/uploads\/2020\/10\/microsoft_partner_logo_black_polsoft.png\",\"contentUrl\":\"https:\/\/www.polsoft.pl\/microsoft-surface\/wp-content\/uploads\/2020\/10\/microsoft_partner_logo_black_polsoft.png\",\"width\":613,\"height\":158,\"caption\":\"Polsoft Engineering Sp. z o.o.\"},\"image\":{\"@id\":\"https:\/\/polsoft.pl\/microsoft-surface\/#\/schema\/logo\/image\/\"}}]}<\/script>\n<!-- \/ Yoast SEO plugin. -->","yoast_head_json":{"title":"Microsoft Modern Webcam 8MA-00004 - Sklep Microsoft Surface","description":"Microsoft Modern Webcam 8MA-00004 - kamerka internetowa - Sklep rozwi\u0105za\u0144 Microsoft Surface firmy Polsoft Engineering.","robots":{"index":"index","follow":"follow","max-snippet":"max-snippet:-1","max-image-preview":"max-image-preview:large","max-video-preview":"max-video-preview:-1"},"canonical":"https:\/\/polsoft.pl\/microsoft-surface\/produkt\/modern-webcam-commercial-black\/","og_locale":"pl_PL","og_type":"article","og_title":"Microsoft Modern Webcam 8MA-00004 - Sklep Microsoft Surface","og_description":"Microsoft Modern Webcam 8MA-00004 - kamerka internetowa - Sklep rozwi\u0105za\u0144 Microsoft Surface firmy Polsoft Engineering.","og_url":"https:\/\/polsoft.pl\/microsoft-surface\/produkt\/modern-webcam-commercial-black\/","og_site_name":"Sklep rozwi\u0105za\u0144 Microsoft Surface","article_modified_time":"2026-01-23T11:47:31+00:00","og_image":[{"width":800,"height":800,"url":"https:\/\/polsoft.pl\/microsoft-surface\/wp-content\/uploads\/2022\/06\/kamera-internetowa-microsoft-modern-webcam-czarny-8MA-00004-1.jpg","type":"image\/jpeg"}],"twitter_card":"summary_large_image","twitter_misc":{"Szacowany czas czytania":"2 minuty"},"schema":{"@context":"https:\/\/schema.org","@graph":[{"@type":"WebPage","@id":"https:\/\/polsoft.pl\/microsoft-surface\/produkt\/modern-webcam-commercial-black\/","url":"https:\/\/polsoft.pl\/microsoft-surface\/produkt\/modern-webcam-commercial-black\/","name":"Microsoft Modern Webcam 8MA-00004 - Sklep Microsoft Surface","isPartOf":{"@id":"https:\/\/polsoft.pl\/microsoft-surface\/#website"},"primaryImageOfPage":{"@id":"https:\/\/polsoft.pl\/microsoft-surface\/produkt\/modern-webcam-commercial-black\/#primaryimage"},"image":{"@id":"https:\/\/polsoft.pl\/microsoft-surface\/produkt\/modern-webcam-commercial-black\/#primaryimage"},"thumbnailUrl":"https:\/\/www.polsoft.pl\/microsoft-surface\/wp-content\/uploads\/2022\/06\/kamera-internetowa-microsoft-modern-webcam-czarny-8MA-00004-1.jpg","datePublished":"2021-11-25T13:35:43+00:00","dateModified":"2026-01-23T11:47:31+00:00","description":"Microsoft Modern Webcam 8MA-00004 - kamerka internetowa - Sklep rozwi\u0105za\u0144 Microsoft Surface firmy Polsoft Engineering.","breadcrumb":{"@id":"https:\/\/polsoft.pl\/microsoft-surface\/produkt\/modern-webcam-commercial-black\/#breadcrumb"},"inLanguage":"pl-PL","potentialAction":[{"@type":"ReadAction","target":["https:\/\/polsoft.pl\/microsoft-surface\/produkt\/modern-webcam-commercial-black\/"]}]},{"@type":"ImageObject","inLanguage":"pl-PL","@id":"https:\/\/polsoft.pl\/microsoft-surface\/produkt\/modern-webcam-commercial-black\/#primaryimage","url":"https:\/\/www.polsoft.pl\/microsoft-surface\/wp-content\/uploads\/2022\/06\/kamera-internetowa-microsoft-modern-webcam-czarny-8MA-00004-1.jpg","contentUrl":"https:\/\/www.polsoft.pl\/microsoft-surface\/wp-content\/uploads\/2022\/06\/kamera-internetowa-microsoft-modern-webcam-czarny-8MA-00004-1.jpg","width":800,"height":800,"caption":"Zdj\u0119cie kamery internetowej Modern Webcam - czarna - 8MA-00004"},{"@type":"BreadcrumbList","@id":"https:\/\/polsoft.pl\/microsoft-surface\/produkt\/modern-webcam-commercial-black\/#breadcrumb","itemListElement":[{"@type":"ListItem","position":1,"name":"Strona g\u0142\u00f3wna","item":"https:\/\/polsoft.pl\/microsoft-surface\/"},{"@type":"ListItem","position":2,"name":"Sklep","item":"https:\/\/polsoft.pl\/microsoft-surface\/sklep\/"},{"@type":"ListItem","position":3,"name":"Modern Webcam Commercial Black"}]},{"@type":"WebSite","@id":"https:\/\/polsoft.pl\/microsoft-surface\/#website","url":"https:\/\/polsoft.pl\/microsoft-surface\/","name":"Sklep Microsoft Surface","description":"Sklep Microsoft Surface","publisher":{"@id":"https:\/\/polsoft.pl\/microsoft-surface\/#organization"},"potentialAction":[{"@type":"SearchAction","target":{"@type":"EntryPoint","urlTemplate":"https:\/\/polsoft.pl\/microsoft-surface\/?s={search_term_string}"},"query-input":{"@type":"PropertyValueSpecification","valueRequired":true,"valueName":"search_term_string"}}],"inLanguage":"pl-PL"},{"@type":"Organization","@id":"https:\/\/polsoft.pl\/microsoft-surface\/#organization","name":"Polsoft Engineering Sp. z o.o.","url":"https:\/\/polsoft.pl\/microsoft-surface\/","logo":{"@type":"ImageObject","inLanguage":"pl-PL","@id":"https:\/\/polsoft.pl\/microsoft-surface\/#\/schema\/logo\/image\/","url":"https:\/\/www.polsoft.pl\/microsoft-surface\/wp-content\/uploads\/2020\/10\/microsoft_partner_logo_black_polsoft.png","contentUrl":"https:\/\/www.polsoft.pl\/microsoft-surface\/wp-content\/uploads\/2020\/10\/microsoft_partner_logo_black_polsoft.png","width":613,"height":158,"caption":"Polsoft Engineering Sp. z o.o."},"image":{"@id":"https:\/\/polsoft.pl\/microsoft-surface\/#\/schema\/logo\/image\/"}}]}},"_links":{"self":[{"href":"https:\/\/www.polsoft.pl\/microsoft-surface\/wp-json\/wp\/v2\/product\/3494","targetHints":{"allow":["GET"]}}],"collection":[{"href":"https:\/\/www.polsoft.pl\/microsoft-surface\/wp-json\/wp\/v2\/product"}],"about":[{"href":"https:\/\/www.polsoft.pl\/microsoft-surface\/wp-json\/wp\/v2\/types\/product"}],"version-history":[{"count":3,"href":"https:\/\/www.polsoft.pl\/microsoft-surface\/wp-json\/wp\/v2\/product\/3494\/revisions"}],"predecessor-version":[{"id":4888,"href":"https:\/\/www.polsoft.pl\/microsoft-surface\/wp-json\/wp\/v2\/product\/3494\/revisions\/4888"}],"wp:featuredmedia":[{"embeddable":true,"href":"https:\/\/www.polsoft.pl\/microsoft-surface\/wp-json\/wp\/v2\/media\/4797"}],"wp:attachment":[{"href":"https:\/\/www.polsoft.pl\/microsoft-surface\/wp-json\/wp\/v2\/media?parent=3494"}],"wp:term":[{"taxonomy":"product_brand","embeddable":true,"href":"https:\/\/www.polsoft.pl\/microsoft-surface\/wp-json\/wp\/v2\/product_brand?post=3494"},{"taxonomy":"product_cat","embeddable":true,"href":"https:\/\/www.polsoft.pl\/microsoft-surface\/wp-json\/wp\/v2\/product_cat?post=3494"},{"taxonomy":"product_tag","embeddable":true,"href":"https:\/\/www.polsoft.pl\/microsoft-surface\/wp-json\/wp\/v2\/product_tag?post=3494"}],"curies":[{"name":"wp","href":"https:\/\/api.w.org\/{rel}","templated":true}]}}