{"id":4060,"date":"2022-01-21T13:19:24","date_gmt":"2022-01-21T13:19:24","guid":{"rendered":"https:\/\/polsoft.pl\/microsoft-surface\/produkt\/tablet-microsoft-surface-go-3-black-lte-w10pro-8vi-00046-i3-10100y-8gb-128gb-105-lte-w10pro\/"},"modified":"2025-07-15T13:57:08","modified_gmt":"2025-07-15T11:57:08","slug":"tablet-microsoft-surface-go-3-black-lte-w10pro-8vi-00046-i3-10100y-8gb-128gb-105-lte-w10pro","status":"publish","type":"product","link":"https:\/\/www.polsoft.pl\/microsoft-surface\/produkt\/tablet-microsoft-surface-go-3-black-lte-w10pro-8vi-00046-i3-10100y-8gb-128gb-105-lte-w10pro\/","title":{"rendered":"Tablet Microsoft Surface Go 3 Black LTE W10Pro 8VI-00046\/i3-10100Y\/8GB\/128GB\/10,5&#8243;\/LTE\/W10Pro"},"content":{"rendered":"<p>Microsoft Surface Go 3 8VI-00046 jest najnowsz\u0105 ods\u0142on\u0105 najl\u017cejszych urz\u0105dze\u0144 2w1 w portfolio firmy Microsoft. Zadbaj o sta\u0142\u0105 \u0142\u0105czno\u015b\u0107 z innymi niezale\u017cnie od miejsca, w kt\u00f3rym si\u0119 znajdujesz \u2013 w domu, czy w d\u0142ugiej podr\u00f3\u017cy. Wysok\u0105 wydajno\u015b\u0107 zapewniaj\u0105 procesory mobilne 10 generacji Intela, a niezawodn\u0105 mobilno\u015b\u0107 szereg bezprzewodowych modu\u0142\u00f3w \u0142\u0105czno\u015bci. To wszystko w lekkiej i stylowej obudowie tak charakterystycznej dla urz\u0105dze\u0144 Surface. Dodatkowo sprz\u0119t zawiera udoskonalone zabezpieczenia systemowe, dbaj\u0105ce o bezpiecze\u0144stwo u\u017cytkownika.<\/p>\n<p>Pod mask\u0105 w tej konfiguracji zastosowano procesor Intel\u00ae Core\u00ae i3-10100Y o wyj\u0105tkowej energooszcz\u0119dno\u015bci pozwalaj\u0105cej nawet na 10,5 godzin pracy na baterii. Nasze dane przechowamy na dysku SSD o pojemno\u015bci 128 GB, a p\u0142ynno\u015b\u0107 dzia\u0142ania aplikacji zapewni 8 GB pami\u0119ci RAM DRR3. Za wy\u015bwietlanie obrazu odpowiada karta graficzna Intel\u00ae UHD Graphics 615.<\/p>\n<p>Wygodnie przegl\u0105daj strony, komfortowo pracuj z dokumentami, precyzyjnie szkicuj i wiele wi\u0119cej z dotykowym 10,5\u201d ekranem PixelSense\u2122. Technologia PixelSense\u2122 zapewnia rewelacyjne odwzorowanie barw, szerokie k\u0105ty widzenia oraz ostry obraz. Matryca wyr\u00f3\u017cnia si\u0119 ponadto wysokim zag\u0119szczeniem pikseli na poziomie 220 PPI. Czujnik nat\u0119\u017cenia \u015bwiat\u0142a pozwoli na automatyczne dostosowanie jasno\u015bci ekranu do zewn\u0119trznych warunk\u00f3w o\u015bwietlenia. Ekran zabezpieczony jest ochronnym szk\u0142em Corning\u00ae Gorilla\u00ae Glass 3 przez co nie musisz si\u0119 martwi\u0107 o wszelkie zarysowania na ekranie.<\/p>\n<p>Pracuj tak jak chcesz, dzi\u0119ki dost\u0119pnym r\u00f3\u017cnych trybom pracy. W trybie tabletu przegl\u0105daj strony za pomoc\u0105 dotykowego ekranu. Pod\u0142\u0105cz klawiatur\u0119 Surface Go Type Cover aby zamieni\u0107 tablet w laptopa i m\u00f3c wygodnie odpisywa\u0107 na maile. Mo\u017cesz tak\u017ce zamieni\u0107 tablet w komputer stacjonarny pod\u0142\u0105czaj\u0105c go do stacji dokuj\u0105cej Surface Dock 2. Zadbaj o wygod\u0119 Twojej d\u0142oni z szerok\u0105 gam\u0105 mobilnych myszek Microsoft Surface Mobile, Modern Mobile lub Arc Mouse. Dodatkowo tw\u00f3rz bez \u017cadnych ogranicze\u0144 z rysikami Surface Pen.<\/p>\n<p>B\u0105d\u017a zawsze w kontakcie dzi\u0119ki szerokim mo\u017cliwo\u015bciom \u0142\u0105czno\u015bci bezprzewodowej jak 4G LTE, Bluetooth 5.0. W dodatku na pok\u0142adzie nie zabraknie sensor\u00f3w po\u0142o\u017cenia jak i bezpiecze\u0144stwa. Loguj si\u0119 szybko i bezpiecznie dzi\u0119ki wbudowanej funkcji rozpoznawania twarzy Windows Hello w przedniej kamerce. Niech inni Ci\u0119 wyra\u017anie widz\u0105 oraz s\u0142ysz\u0105 dzi\u0119ki wysokiej jako\u015bci mikrofonom studyjnym dalekiego pola i doskona\u0142ej kamerce HD. Ty tak\u017ce us\u0142yszysz ka\u017cdy detal z g\u0142o\u015bnikami Dolby\u00ae Audio\u2122.<\/p>\n<p>Niniejsza konfiguracja <a style=\"color: #2271b1;\" href=\"https:\/\/polsoft.pl\/microsoft-surface\/kategoria\/tablety-microsoft-surface\/microsoft-surface-go-3\/\"><span style=\"text-decoration: underline;\"><strong>Microsoft Surface Go 3<\/strong><\/span><\/a> 8VI-00046 pracuje pod kontrol\u0105 systemu Microsoft Windows 10 Pro.<\/p>\n<p>Masz pytania? <a style=\"color: #2271b1;\" href=\"https:\/\/polsoft.pl\/microsoft-surface\/kontakt\/\"><span style=\"text-decoration: underline;\"><strong>Skontaktuj<\/strong><\/span><\/a> si\u0119 z nami!<\/p>\n<table width=\"785\">\n<tbody>\n<tr>\n<td width=\"201\">Procesor<\/td>\n<td width=\"584\"><a style=\"color: #2271b1;\" href=\"https:\/\/ark.intel.com\/content\/www\/pl\/pl\/ark\/products\/208660\/intel-core-i51145g7-processor-8m-cache-up-to-4-40-ghz-with-ipu.html\"><span style=\"text-decoration: underline;\"><strong>Intel\u00ae Core\u2122 i3-10100Y<\/strong><\/span><\/a>, 2-rdzeniowy 10. generacji<\/td>\n<\/tr>\n<tr>\n<td>Wy\u015bwietlacz<\/td>\n<td width=\"584\">Ekran:<br \/>\n10,5\u2033 PixelSense\u2122<br \/>\nrozdzielczo\u015b\u0107:<br \/>\n1920 x 1080 (220 PPI)<br \/>\nwsp\u00f3\u0142czynnik proporcji:<br \/>\n3:2<br \/>\ndotyk:<br \/>\nmulti-touch z obs\u0142ug\u0105 10 punkt\u00f3w dotykowych<\/td>\n<\/tr>\n<tr>\n<td>Karta graficzna<\/td>\n<td width=\"584\">Intel\u00ae UHD Graphics 615<\/td>\n<\/tr>\n<tr>\n<td>Pami\u0119\u0107<\/td>\n<td>8 GB RAM LPDDR3x<\/td>\n<\/tr>\n<tr>\n<td>Przestrze\u0144 dyskowa<\/td>\n<td>SSD 128 GB<\/td>\n<\/tr>\n<tr>\n<td>\u0141\u0105czno\u015b\u0107 bezprzewodowa<\/td>\n<td width=\"584\">4G LTE Advanced: Modem Qualcomm\u00ae Snapdragon\u2122 X16 4G LTE<br \/>\nmodu\u0142 Bluetooth\u00ae Wireless 5.0<\/td>\n<\/tr>\n<tr>\n<td>Z\u0142\u0105cza<\/td>\n<td width=\"584\">1 x USB-C\u00ae<br \/>\n1 x z\u0142\u0105cze s\u0142uchawkowe Jack 3.5 mm<br \/>\n1 x port Surface Connect<br \/>\n1 x port klawiatury<br \/>\nczytnik kart microSDXC<\/td>\n<\/tr>\n<tr>\n<td>Sensory<\/td>\n<td width=\"584\">akcelenometr<br \/>\n\u017cyroskop<br \/>\nczujnik pola magnetycznego<br \/>\nczujnik nat\u0119\u017cenia \u015bwiat\u0142a<br \/>\nmodu\u0142 NFC<\/td>\n<\/tr>\n<tr>\n<td>Zabezpieczenia<\/td>\n<td width=\"584\">Firmware TPM<br \/>\nWindows Hello &#8211; rozpoznawanie twarzy do odblokowania urz\u0105dzenia<\/td>\n<\/tr>\n<tr>\n<td>Czas pracy na baterii<\/td>\n<td>10,5 godzin przy pracy biurowej<\/td>\n<\/tr>\n<tr>\n<td>Multimedia<\/td>\n<td width=\"584\">przednia kamera do uwierzytelnienia twarzy \u2013 Windows Hello<br \/>\n5.0MP \u2013 przednia kamera \u2013 nagrywanie film\u00f3w w Full HD 1080p<br \/>\n8.0MP \u2013 tylny aparat z autofokusem \u2013 nagrywanie film\u00f3w Full HD 1080p<br \/>\n2 x mikrofon dalekiego pola<br \/>\ng\u0142o\u015bniki stereo 1.6W Dolby\u00ae Audio\u2122 Premium<\/td>\n<\/tr>\n<tr>\n<td>Oprogramowanie<\/td>\n<td width=\"584\">Windows 10 Pro<br \/>\nza\u0142adowane aplikacje Microsoft 365<br \/>\nmiesi\u0119czna wersja pr\u00f3bna Microsoft 365<\/td>\n<\/tr>\n<tr>\n<td>Obudowa<\/td>\n<td width=\"584\">magnezowa obudowa<br \/>\nkolor \u2013 Black (czarny)<br \/>\nprzyciski regulacji g\u0142o\u015bno\u015bci oraz zasilania<\/td>\n<\/tr>\n<tr>\n<td>Wymiary (mm)<\/td>\n<td>245 x 275 x 8.3\u00a0(sz. x g\u0142. x wys.)<\/td>\n<\/tr>\n<tr>\n<td width=\"201\">Waga<br \/>\n(bez klawiatury)<\/td>\n<td width=\"584\">553 g<\/td>\n<\/tr>\n<tr>\n<td>Zawarto\u015b\u0107 zestawu<\/td>\n<td width=\"584\">Surface Go 3<br \/>\nzasilacz<br \/>\nskr\u00f3cona instrukcja obs\u0142ugi<br \/>\ndokumenty dotycz\u0105ce gwarancji i bezpiecze\u0144stwa<\/td>\n<\/tr>\n<tr>\n<td>Gwarancja<\/td>\n<td width=\"584\">roczny okres gwarancji<\/td>\n<\/tr>\n<\/tbody>\n<\/table>\n","protected":false},"excerpt":{"rendered":"<p>Microsoft Surface Go 3 8VI-00046 jest najnowsz\u0105 ods\u0142on\u0105 najl\u017cejszych urz\u0105dze\u0144 2w1 w portfolio firmy Microsoft. Zadbaj o sta\u0142\u0105 \u0142\u0105czno\u015b\u0107 z innymi niezale\u017cnie od miejsca, w kt\u00f3rym si\u0119 znajdujesz \u2013 w domu, czy w d\u0142ugiej podr\u00f3\u017cy. Wysok\u0105 wydajno\u015b\u0107 zapewniaj\u0105 procesory mobilne 10 generacji Intela, a niezawodn\u0105 mobilno\u015b\u0107 szereg bezprzewodowych modu\u0142\u00f3w \u0142\u0105czno\u015bci. To wszystko w lekkiej i [&hellip;]<\/p>\n","protected":false},"featured_media":4417,"template":"","meta":{"site-sidebar-layout":"default","site-content-layout":"default","ast-site-content-layout":"default","site-content-style":"default","site-sidebar-style":"default","ast-global-header-display":"","ast-banner-title-visibility":"","ast-main-header-display":"","ast-hfb-above-header-display":"","ast-hfb-below-header-display":"","ast-hfb-mobile-header-display":"","site-post-title":"","ast-breadcrumbs-content":"","ast-featured-img":"","footer-sml-layout":"","ast-disable-related-posts":"","theme-transparent-header-meta":"default","adv-header-id-meta":"","stick-header-meta":"","header-above-stick-meta":"","header-main-stick-meta":"","header-below-stick-meta":"","astra-migrate-meta-layouts":"default","ast-page-background-enabled":"default","ast-page-background-meta":{"desktop":{"background-color":"","background-image":"","background-repeat":"repeat","background-position":"center center","background-size":"auto","background-attachment":"scroll","background-type":"","background-media":"","overlay-type":"","overlay-color":"","overlay-opacity":"","overlay-gradient":""},"tablet":{"background-color":"","background-image":"","background-repeat":"repeat","background-position":"center center","background-size":"auto","background-attachment":"scroll","background-type":"","background-media":"","overlay-type":"","overlay-color":"","overlay-opacity":"","overlay-gradient":""},"mobile":{"background-color":"","background-image":"","background-repeat":"repeat","background-position":"center center","background-size":"auto","background-attachment":"scroll","background-type":"","background-media":"","overlay-type":"","overlay-color":"","overlay-opacity":"","overlay-gradient":""}},"ast-content-background-meta":{"desktop":{"background-color":"var(--ast-global-color-5)","background-image":"","background-repeat":"repeat","background-position":"center center","background-size":"auto","background-attachment":"scroll","background-type":"","background-media":"","overlay-type":"","overlay-color":"","overlay-opacity":"","overlay-gradient":""},"tablet":{"background-color":"var(--ast-global-color-5)","background-image":"","background-repeat":"repeat","background-position":"center center","background-size":"auto","background-attachment":"scroll","background-type":"","background-media":"","overlay-type":"","overlay-color":"","overlay-opacity":"","overlay-gradient":""},"mobile":{"background-color":"var(--ast-global-color-5)","background-image":"","background-repeat":"repeat","background-position":"center center","background-size":"auto","background-attachment":"scroll","background-type":"","background-media":"","overlay-type":"","overlay-color":"","overlay-opacity":"","overlay-gradient":""}},"_links_to":"","_links_to_target":""},"product_brand":[],"product_cat":[],"product_tag":[],"class_list":{"0":"post-4060","1":"product","2":"type-product","3":"status-publish","4":"has-post-thumbnail","6":"pa_dodatkowe-komponenty-lte","7":"pa_matryca-155","8":"pa_model-procesora-i3-10100y","9":"pa_pamiec-ram-8gb","10":"pa_pojemnosc-dysku-128gb","11":"pa_producent-procesora-intel","12":"pa_w-zestawie-urzadzenie-zasilacz","13":"desktop-align-left","14":"tablet-align-left","15":"mobile-align-left","17":"first","18":"outofstock","19":"taxable","20":"shipping-taxable","21":"purchasable","22":"product-type-simple"},"yoast_head":"<!-- This site is optimized with the Yoast SEO plugin v26.7 - https:\/\/yoast.com\/wordpress\/plugins\/seo\/ -->\n<title>Microsoft Surface Go 3 8VI-00016 - Sklep Microsoft Surface<\/title>\n<meta name=\"description\" content=\"Microsoft Surface Go 3 8VI-00016 - i3-10100Y\/8GB\/128GB\/10,5&quot;\/LTE\/W10Pro Sklep rozwi\u0105za\u0144 Microsoft Surface firmy Polsoft Engineering.\" \/>\n<meta name=\"robots\" content=\"index, follow, max-snippet:-1, max-image-preview:large, max-video-preview:-1\" \/>\n<link rel=\"canonical\" href=\"https:\/\/polsoft.pl\/microsoft-surface\/produkt\/tablet-microsoft-surface-go-3-black-lte-w10pro-8vi-00046-i3-10100y-8gb-128gb-105-lte-w10pro\/\" \/>\n<meta property=\"og:locale\" content=\"pl_PL\" \/>\n<meta property=\"og:type\" content=\"article\" \/>\n<meta property=\"og:title\" content=\"Microsoft Surface Go 3 8VI-00016 - Sklep Microsoft Surface\" \/>\n<meta property=\"og:description\" content=\"Microsoft Surface Go 3 8VI-00016 - i3-10100Y\/8GB\/128GB\/10,5&quot;\/LTE\/W10Pro Sklep rozwi\u0105za\u0144 Microsoft Surface firmy Polsoft Engineering.\" \/>\n<meta property=\"og:url\" content=\"https:\/\/polsoft.pl\/microsoft-surface\/produkt\/tablet-microsoft-surface-go-3-black-lte-w10pro-8vi-00046-i3-10100y-8gb-128gb-105-lte-w10pro\/\" \/>\n<meta property=\"og:site_name\" content=\"Sklep rozwi\u0105za\u0144 Microsoft Surface\" \/>\n<meta property=\"article:modified_time\" content=\"2025-07-15T11:57:08+00:00\" \/>\n<meta property=\"og:image\" content=\"https:\/\/polsoft.pl\/microsoft-surface\/wp-content\/uploads\/2022\/05\/zdjecie-wyrozniajace-tablet-microsoft-surface-go-3-czarny-matowy-8VI-00016.jpg\" \/>\n\t<meta property=\"og:image:width\" content=\"800\" \/>\n\t<meta property=\"og:image:height\" content=\"800\" \/>\n\t<meta property=\"og:image:type\" content=\"image\/jpeg\" \/>\n<meta name=\"twitter:card\" content=\"summary_large_image\" \/>\n<meta name=\"twitter:label1\" content=\"Szacowany czas czytania\" \/>\n\t<meta name=\"twitter:data1\" content=\"3 minuty\" \/>\n<script type=\"application\/ld+json\" class=\"yoast-schema-graph\">{\"@context\":\"https:\/\/schema.org\",\"@graph\":[{\"@type\":\"WebPage\",\"@id\":\"https:\/\/polsoft.pl\/microsoft-surface\/produkt\/tablet-microsoft-surface-go-3-black-lte-w10pro-8vi-00046-i3-10100y-8gb-128gb-105-lte-w10pro\/\",\"url\":\"https:\/\/polsoft.pl\/microsoft-surface\/produkt\/tablet-microsoft-surface-go-3-black-lte-w10pro-8vi-00046-i3-10100y-8gb-128gb-105-lte-w10pro\/\",\"name\":\"Microsoft Surface Go 3 8VI-00016 - Sklep Microsoft Surface\",\"isPartOf\":{\"@id\":\"https:\/\/polsoft.pl\/microsoft-surface\/#website\"},\"primaryImageOfPage\":{\"@id\":\"https:\/\/polsoft.pl\/microsoft-surface\/produkt\/tablet-microsoft-surface-go-3-black-lte-w10pro-8vi-00046-i3-10100y-8gb-128gb-105-lte-w10pro\/#primaryimage\"},\"image\":{\"@id\":\"https:\/\/polsoft.pl\/microsoft-surface\/produkt\/tablet-microsoft-surface-go-3-black-lte-w10pro-8vi-00046-i3-10100y-8gb-128gb-105-lte-w10pro\/#primaryimage\"},\"thumbnailUrl\":\"https:\/\/www.polsoft.pl\/microsoft-surface\/wp-content\/uploads\/2022\/05\/zdjecie-wyrozniajace-tablet-microsoft-surface-go-3-czarny-matowy-8VI-00016.jpg\",\"datePublished\":\"2022-01-21T13:19:24+00:00\",\"dateModified\":\"2025-07-15T11:57:08+00:00\",\"description\":\"Microsoft Surface Go 3 8VI-00016 - i3-10100Y\/8GB\/128GB\/10,5\\\"\/LTE\/W10Pro Sklep rozwi\u0105za\u0144 Microsoft Surface firmy Polsoft Engineering.\",\"breadcrumb\":{\"@id\":\"https:\/\/polsoft.pl\/microsoft-surface\/produkt\/tablet-microsoft-surface-go-3-black-lte-w10pro-8vi-00046-i3-10100y-8gb-128gb-105-lte-w10pro\/#breadcrumb\"},\"inLanguage\":\"pl-PL\",\"potentialAction\":[{\"@type\":\"ReadAction\",\"target\":[\"https:\/\/polsoft.pl\/microsoft-surface\/produkt\/tablet-microsoft-surface-go-3-black-lte-w10pro-8vi-00046-i3-10100y-8gb-128gb-105-lte-w10pro\/\"]}]},{\"@type\":\"ImageObject\",\"inLanguage\":\"pl-PL\",\"@id\":\"https:\/\/polsoft.pl\/microsoft-surface\/produkt\/tablet-microsoft-surface-go-3-black-lte-w10pro-8vi-00046-i3-10100y-8gb-128gb-105-lte-w10pro\/#primaryimage\",\"url\":\"https:\/\/www.polsoft.pl\/microsoft-surface\/wp-content\/uploads\/2022\/05\/zdjecie-wyrozniajace-tablet-microsoft-surface-go-3-czarny-matowy-8VI-00016.jpg\",\"contentUrl\":\"https:\/\/www.polsoft.pl\/microsoft-surface\/wp-content\/uploads\/2022\/05\/zdjecie-wyrozniajace-tablet-microsoft-surface-go-3-czarny-matowy-8VI-00016.jpg\",\"width\":800,\"height\":800,\"caption\":\"Zdj\u0119cie wyr\u00f3\u017cniaj\u0105ce produktu Microsoft Surface Go 3.\"},{\"@type\":\"BreadcrumbList\",\"@id\":\"https:\/\/polsoft.pl\/microsoft-surface\/produkt\/tablet-microsoft-surface-go-3-black-lte-w10pro-8vi-00046-i3-10100y-8gb-128gb-105-lte-w10pro\/#breadcrumb\",\"itemListElement\":[{\"@type\":\"ListItem\",\"position\":1,\"name\":\"Strona g\u0142\u00f3wna\",\"item\":\"https:\/\/polsoft.pl\/microsoft-surface\/\"},{\"@type\":\"ListItem\",\"position\":2,\"name\":\"Sklep\",\"item\":\"https:\/\/polsoft.pl\/microsoft-surface\/sklep\/\"},{\"@type\":\"ListItem\",\"position\":3,\"name\":\"Tablet Microsoft Surface Go 3 Black LTE W10Pro 8VI-00046\/i3-10100Y\/8GB\/128GB\/10,5&#8243;\/LTE\/W10Pro\"}]},{\"@type\":\"WebSite\",\"@id\":\"https:\/\/polsoft.pl\/microsoft-surface\/#website\",\"url\":\"https:\/\/polsoft.pl\/microsoft-surface\/\",\"name\":\"Sklep Microsoft Surface\",\"description\":\"Sklep Microsoft Surface\",\"publisher\":{\"@id\":\"https:\/\/polsoft.pl\/microsoft-surface\/#organization\"},\"potentialAction\":[{\"@type\":\"SearchAction\",\"target\":{\"@type\":\"EntryPoint\",\"urlTemplate\":\"https:\/\/polsoft.pl\/microsoft-surface\/?s={search_term_string}\"},\"query-input\":{\"@type\":\"PropertyValueSpecification\",\"valueRequired\":true,\"valueName\":\"search_term_string\"}}],\"inLanguage\":\"pl-PL\"},{\"@type\":\"Organization\",\"@id\":\"https:\/\/polsoft.pl\/microsoft-surface\/#organization\",\"name\":\"Polsoft Engineering Sp. z o.o.\",\"url\":\"https:\/\/polsoft.pl\/microsoft-surface\/\",\"logo\":{\"@type\":\"ImageObject\",\"inLanguage\":\"pl-PL\",\"@id\":\"https:\/\/polsoft.pl\/microsoft-surface\/#\/schema\/logo\/image\/\",\"url\":\"https:\/\/www.polsoft.pl\/microsoft-surface\/wp-content\/uploads\/2020\/10\/microsoft_partner_logo_black_polsoft.png\",\"contentUrl\":\"https:\/\/www.polsoft.pl\/microsoft-surface\/wp-content\/uploads\/2020\/10\/microsoft_partner_logo_black_polsoft.png\",\"width\":613,\"height\":158,\"caption\":\"Polsoft Engineering Sp. z o.o.\"},\"image\":{\"@id\":\"https:\/\/polsoft.pl\/microsoft-surface\/#\/schema\/logo\/image\/\"}}]}<\/script>\n<!-- \/ Yoast SEO plugin. -->","yoast_head_json":{"title":"Microsoft Surface Go 3 8VI-00016 - Sklep Microsoft Surface","description":"Microsoft Surface Go 3 8VI-00016 - i3-10100Y\/8GB\/128GB\/10,5\"\/LTE\/W10Pro Sklep rozwi\u0105za\u0144 Microsoft Surface firmy Polsoft Engineering.","robots":{"index":"index","follow":"follow","max-snippet":"max-snippet:-1","max-image-preview":"max-image-preview:large","max-video-preview":"max-video-preview:-1"},"canonical":"https:\/\/polsoft.pl\/microsoft-surface\/produkt\/tablet-microsoft-surface-go-3-black-lte-w10pro-8vi-00046-i3-10100y-8gb-128gb-105-lte-w10pro\/","og_locale":"pl_PL","og_type":"article","og_title":"Microsoft Surface Go 3 8VI-00016 - Sklep Microsoft Surface","og_description":"Microsoft Surface Go 3 8VI-00016 - i3-10100Y\/8GB\/128GB\/10,5\"\/LTE\/W10Pro Sklep rozwi\u0105za\u0144 Microsoft Surface firmy Polsoft Engineering.","og_url":"https:\/\/polsoft.pl\/microsoft-surface\/produkt\/tablet-microsoft-surface-go-3-black-lte-w10pro-8vi-00046-i3-10100y-8gb-128gb-105-lte-w10pro\/","og_site_name":"Sklep rozwi\u0105za\u0144 Microsoft Surface","article_modified_time":"2025-07-15T11:57:08+00:00","og_image":[{"width":800,"height":800,"url":"https:\/\/polsoft.pl\/microsoft-surface\/wp-content\/uploads\/2022\/05\/zdjecie-wyrozniajace-tablet-microsoft-surface-go-3-czarny-matowy-8VI-00016.jpg","type":"image\/jpeg"}],"twitter_card":"summary_large_image","twitter_misc":{"Szacowany czas czytania":"3 minuty"},"schema":{"@context":"https:\/\/schema.org","@graph":[{"@type":"WebPage","@id":"https:\/\/polsoft.pl\/microsoft-surface\/produkt\/tablet-microsoft-surface-go-3-black-lte-w10pro-8vi-00046-i3-10100y-8gb-128gb-105-lte-w10pro\/","url":"https:\/\/polsoft.pl\/microsoft-surface\/produkt\/tablet-microsoft-surface-go-3-black-lte-w10pro-8vi-00046-i3-10100y-8gb-128gb-105-lte-w10pro\/","name":"Microsoft Surface Go 3 8VI-00016 - Sklep Microsoft Surface","isPartOf":{"@id":"https:\/\/polsoft.pl\/microsoft-surface\/#website"},"primaryImageOfPage":{"@id":"https:\/\/polsoft.pl\/microsoft-surface\/produkt\/tablet-microsoft-surface-go-3-black-lte-w10pro-8vi-00046-i3-10100y-8gb-128gb-105-lte-w10pro\/#primaryimage"},"image":{"@id":"https:\/\/polsoft.pl\/microsoft-surface\/produkt\/tablet-microsoft-surface-go-3-black-lte-w10pro-8vi-00046-i3-10100y-8gb-128gb-105-lte-w10pro\/#primaryimage"},"thumbnailUrl":"https:\/\/www.polsoft.pl\/microsoft-surface\/wp-content\/uploads\/2022\/05\/zdjecie-wyrozniajace-tablet-microsoft-surface-go-3-czarny-matowy-8VI-00016.jpg","datePublished":"2022-01-21T13:19:24+00:00","dateModified":"2025-07-15T11:57:08+00:00","description":"Microsoft Surface Go 3 8VI-00016 - i3-10100Y\/8GB\/128GB\/10,5\"\/LTE\/W10Pro Sklep rozwi\u0105za\u0144 Microsoft Surface firmy Polsoft Engineering.","breadcrumb":{"@id":"https:\/\/polsoft.pl\/microsoft-surface\/produkt\/tablet-microsoft-surface-go-3-black-lte-w10pro-8vi-00046-i3-10100y-8gb-128gb-105-lte-w10pro\/#breadcrumb"},"inLanguage":"pl-PL","potentialAction":[{"@type":"ReadAction","target":["https:\/\/polsoft.pl\/microsoft-surface\/produkt\/tablet-microsoft-surface-go-3-black-lte-w10pro-8vi-00046-i3-10100y-8gb-128gb-105-lte-w10pro\/"]}]},{"@type":"ImageObject","inLanguage":"pl-PL","@id":"https:\/\/polsoft.pl\/microsoft-surface\/produkt\/tablet-microsoft-surface-go-3-black-lte-w10pro-8vi-00046-i3-10100y-8gb-128gb-105-lte-w10pro\/#primaryimage","url":"https:\/\/www.polsoft.pl\/microsoft-surface\/wp-content\/uploads\/2022\/05\/zdjecie-wyrozniajace-tablet-microsoft-surface-go-3-czarny-matowy-8VI-00016.jpg","contentUrl":"https:\/\/www.polsoft.pl\/microsoft-surface\/wp-content\/uploads\/2022\/05\/zdjecie-wyrozniajace-tablet-microsoft-surface-go-3-czarny-matowy-8VI-00016.jpg","width":800,"height":800,"caption":"Zdj\u0119cie wyr\u00f3\u017cniaj\u0105ce produktu Microsoft Surface Go 3."},{"@type":"BreadcrumbList","@id":"https:\/\/polsoft.pl\/microsoft-surface\/produkt\/tablet-microsoft-surface-go-3-black-lte-w10pro-8vi-00046-i3-10100y-8gb-128gb-105-lte-w10pro\/#breadcrumb","itemListElement":[{"@type":"ListItem","position":1,"name":"Strona g\u0142\u00f3wna","item":"https:\/\/polsoft.pl\/microsoft-surface\/"},{"@type":"ListItem","position":2,"name":"Sklep","item":"https:\/\/polsoft.pl\/microsoft-surface\/sklep\/"},{"@type":"ListItem","position":3,"name":"Tablet Microsoft Surface Go 3 Black LTE W10Pro 8VI-00046\/i3-10100Y\/8GB\/128GB\/10,5&#8243;\/LTE\/W10Pro"}]},{"@type":"WebSite","@id":"https:\/\/polsoft.pl\/microsoft-surface\/#website","url":"https:\/\/polsoft.pl\/microsoft-surface\/","name":"Sklep Microsoft Surface","description":"Sklep Microsoft Surface","publisher":{"@id":"https:\/\/polsoft.pl\/microsoft-surface\/#organization"},"potentialAction":[{"@type":"SearchAction","target":{"@type":"EntryPoint","urlTemplate":"https:\/\/polsoft.pl\/microsoft-surface\/?s={search_term_string}"},"query-input":{"@type":"PropertyValueSpecification","valueRequired":true,"valueName":"search_term_string"}}],"inLanguage":"pl-PL"},{"@type":"Organization","@id":"https:\/\/polsoft.pl\/microsoft-surface\/#organization","name":"Polsoft Engineering Sp. z o.o.","url":"https:\/\/polsoft.pl\/microsoft-surface\/","logo":{"@type":"ImageObject","inLanguage":"pl-PL","@id":"https:\/\/polsoft.pl\/microsoft-surface\/#\/schema\/logo\/image\/","url":"https:\/\/www.polsoft.pl\/microsoft-surface\/wp-content\/uploads\/2020\/10\/microsoft_partner_logo_black_polsoft.png","contentUrl":"https:\/\/www.polsoft.pl\/microsoft-surface\/wp-content\/uploads\/2020\/10\/microsoft_partner_logo_black_polsoft.png","width":613,"height":158,"caption":"Polsoft Engineering Sp. z o.o."},"image":{"@id":"https:\/\/polsoft.pl\/microsoft-surface\/#\/schema\/logo\/image\/"}}]}},"_links":{"self":[{"href":"https:\/\/www.polsoft.pl\/microsoft-surface\/wp-json\/wp\/v2\/product\/4060","targetHints":{"allow":["GET"]}}],"collection":[{"href":"https:\/\/www.polsoft.pl\/microsoft-surface\/wp-json\/wp\/v2\/product"}],"about":[{"href":"https:\/\/www.polsoft.pl\/microsoft-surface\/wp-json\/wp\/v2\/types\/product"}],"version-history":[{"count":6,"href":"https:\/\/www.polsoft.pl\/microsoft-surface\/wp-json\/wp\/v2\/product\/4060\/revisions"}],"predecessor-version":[{"id":5161,"href":"https:\/\/www.polsoft.pl\/microsoft-surface\/wp-json\/wp\/v2\/product\/4060\/revisions\/5161"}],"wp:featuredmedia":[{"embeddable":true,"href":"https:\/\/www.polsoft.pl\/microsoft-surface\/wp-json\/wp\/v2\/media\/4417"}],"wp:attachment":[{"href":"https:\/\/www.polsoft.pl\/microsoft-surface\/wp-json\/wp\/v2\/media?parent=4060"}],"wp:term":[{"taxonomy":"product_brand","embeddable":true,"href":"https:\/\/www.polsoft.pl\/microsoft-surface\/wp-json\/wp\/v2\/product_brand?post=4060"},{"taxonomy":"product_cat","embeddable":true,"href":"https:\/\/www.polsoft.pl\/microsoft-surface\/wp-json\/wp\/v2\/product_cat?post=4060"},{"taxonomy":"product_tag","embeddable":true,"href":"https:\/\/www.polsoft.pl\/microsoft-surface\/wp-json\/wp\/v2\/product_tag?post=4060"}],"curies":[{"name":"wp","href":"https:\/\/api.w.org\/{rel}","templated":true}]}}