{"id":4066,"date":"2022-01-21T13:19:24","date_gmt":"2022-01-21T13:19:24","guid":{"rendered":"https:\/\/polsoft.pl\/microsoft-surface\/produkt\/tablet-microsoft-surface-pro-x-sq1-wi-fi-platinium-e4s-00004-sq1-8gb-128gb-13-wi-fi-w11pro\/"},"modified":"2025-07-15T13:57:08","modified_gmt":"2025-07-15T11:57:08","slug":"tablet-microsoft-surface-pro-x-sq1-wi-fi-platinium-e4s-00004-sq1-8gb-128gb-13-wi-fi-w11pro","status":"publish","type":"product","link":"https:\/\/www.polsoft.pl\/microsoft-surface\/produkt\/tablet-microsoft-surface-pro-x-sq1-wi-fi-platinium-e4s-00004-sq1-8gb-128gb-13-wi-fi-w11pro\/","title":{"rendered":"Tablet Microsoft Surface Pro X SQ1 Wi-Fi Platinium E4S-00004\/SQ1\/8GB\/128GB\/13&#8243;\/Wi-Fi\/W11Pro"},"content":{"rendered":"<p>Microsoft Surface Pro X E4S-00004 jest absolutnie ol\u015bniewaj\u0105cy, niebywale smuk\u0142y, elegancki oraz piekielnie szybki, a to zaledwie gar\u015b\u0107 epitet\u00f3w jakimi mo\u017cna opisa\u0107 ten niezwyk\u0142y laptop 2w1. Uwa\u017cany za najsmuklejszy laptop w ofercie firmy Microsoft. Wyr\u00f3\u017cnia si\u0119 doskona\u0142\u0105 obudow\u0105 wykonan\u0105 z anodyzowanego aluminium z kompozytem w\u0119glowym. W dodatku ca\u0142o\u015b\u0107 jest niezwykle cienka i lekka, dzi\u0119ki czemu mo\u017cesz wygodnie zabra\u0107 go gdzie tylko chcesz. Niemal bez ramkowy ekran zapewni ogrom wra\u017ce\u0144 podczas rozrywki jak i elastyczno\u015b\u0107 ci\u0105gu pracy.<\/p>\n<p>W notebooku 2w1 Microsoft Surface Pro X zastosowano autorskie procesory Microsoft SQ\u00ae 1\u2122 wykonane w architekturze ARM. Wykorzystanie grafiki nowej generacji, du\u017cej ilo\u015bci pami\u0119ci RAM i ultraszybkich dysk\u00f3w twardych zapewnia wyj\u0105tkow\u0105 responsywno\u015b\u0107 oprogramowania. Za wy\u015bwietlanie obrazu odpowiada flagowy wy\u015bwietlacz PixelSense o przek\u0105tnej 13 cali i rozdzielczo\u015bci 2880 x 1920 z wysokim zag\u0119szczeniem pikseli wynosz\u0105cym 267 PPI.<\/p>\n<p>Notebook Microsoft Surface Pro X posiada bogat\u0105 palet\u0119 z\u0142\u0105czy oraz niezr\u00f3wnan\u0105 mo\u017cliwo\u015b\u0107 komunikacji bezprzewodowej. Obudow\u0119 uzbrojono w szereg \u00a0multimedi\u00f3w jak kamery 10MP 4K, 5MP 1080p, 2 mikrofony, oraz g\u0142o\u015bniki stereo Dolby\u00ae Audio\u2122.<\/p>\n<p>Stworzony z my\u015bl\u0105 o pracy w chmurze, zapewnia doskona\u0142e parametry po\u0142\u0105czenia dzi\u0119ki protoko\u0142owi Wi-Fi 5. Bezkompromisowa \u0142\u0105czno\u015b\u0107 w duecie z oprogramowaniem Microsoft Office 365 pozwoli na wielozadaniowo\u015b\u0107 w pracy oraz natychmiastowy transfer jej wynik\u00f3w. Uczestnicz w telekonferencjach jak nigdy dot\u0105d dzi\u0119ki najlepszym multimediom w swojej klasie. Ponadto b\u0105d\u017a zawsze w centrum uwagi z technologi\u0105 Eye Connect, kt\u00f3ra dzi\u0119ki sztucznej inteligencji automatycznie skoryguje kierunek Twojego spojrzenia w kamer\u0119.<\/p>\n<p>Z klawiatur\u0105 Surface Pro X Signature laptop Microsoft Surface Pro X rozwinie swoje skrzyd\u0142a daj\u0105c Ci nieograniczone mo\u017cliwo\u015bci i niespotykan\u0105 dot\u0105d ergonomi\u0119 pracy. Schowaj rysik Surface Slim Pen bezpiecznie w dedykowanej wn\u0119ce klawiatury oraz precyzyjnie operuj najsmuklejszymi myszkami w gamie, czyli Surface Arc Mouse.<\/p>\n<p>Niniejsza konfiguracja Microsoft Surface Pro X E4S-00004 pracuje pod kontrol\u0105 systemu Microsoft Windows 11 Pro.<\/p>\n<p>Masz pytania? <a style=\"color: #2271b1;\" href=\"https:\/\/polsoft.pl\/microsoft-surface\/kontakt\/\"><span style=\"text-decoration: underline;\"><strong>Skontaktuj<\/strong><\/span><\/a> si\u0119 z nami!<\/p>\n<table width=\"810\">\n<tbody>\n<tr>\n<td width=\"239\">Procesor<\/td>\n<td width=\"571\"><a style=\"color: #2271b1;\" href=\"https:\/\/www.microsoft.com\/en-us\/surface\/business\/surface-pro-x\/processor\" rel=\"nofollow\"><span style=\"text-decoration: underline;\"><strong>Microsoft\u00ae SQ1\u2122<\/strong><\/span><\/a><\/td>\n<\/tr>\n<tr>\n<td>Wy\u015bwietlacz<\/td>\n<td width=\"571\">ekran:<br \/>\n13&#8243; PixelSense\u2122<br \/>\nrozdzielczo\u015b\u0107:<br \/>\n2880 x 1920 (267 PPI)<br \/>\nwsp\u00f3\u0142czynnik proporcji:<br \/>\n3:2<br \/>\ndotyk:<br \/>\nmulti-touch z obs\u0142ug\u0105 10 punkt\u00f3w dotykowych<\/td>\n<\/tr>\n<tr>\n<td>Karta graficzna<\/td>\n<td width=\"571\">Microsoft\u00ae SQ2\u2122 Adreno\u2122 690 GPU<\/td>\n<\/tr>\n<tr>\n<td>Pami\u0119\u0107<\/td>\n<td width=\"571\">8 GB RAM LPDDR4x<\/td>\n<\/tr>\n<tr>\n<td>Przestrze\u0144 dyskowa<\/td>\n<td width=\"571\">SSD 128 GB<\/td>\n<\/tr>\n<tr>\n<td>\u0141\u0105czno\u015b\u0107 bezprzewodowa<\/td>\n<td width=\"571\">Wi-Fi 5: zgodne ze standardem IEEE 802.11ac<br \/>\nmodu\u0142 Bluetooth\u00ae Wireless 5.0<br \/>\nmodu\u0142 GPS oraz GLONASS<\/td>\n<\/tr>\n<tr>\n<td>Z\u0142\u0105cza<\/td>\n<td width=\"571\">2 x USB-C\u2122<br \/>\n1 x Surface Connect port<br \/>\nport klawiatury Surface<br \/>\n1 x nanoSIM<br \/>\nkompatybilne z pokr\u0119t\u0142em Surface Dial off-screen interaction<\/td>\n<\/tr>\n<tr>\n<td>Sensory<\/td>\n<td width=\"571\">akcelenometr<br \/>\n\u017cyroskop<br \/>\nczujnik pola magnetycznego<br \/>\nczujnik nat\u0119\u017cenia \u015bwiat\u0142a<\/td>\n<\/tr>\n<tr>\n<td>Zabezpieczenia<\/td>\n<td width=\"571\">sprz\u0119towy TPM<br \/>\nWindows Hello &#8211; rozpoznawanie twarzy do odblokowania urz\u0105dzenia<\/td>\n<\/tr>\n<tr>\n<td>Czas pracy na baterii<\/td>\n<td width=\"571\">15 godzin przy pracy biurowej<\/td>\n<\/tr>\n<tr>\n<td>Multimedia<\/td>\n<td width=\"571\">przednia kamera do uwierzytelnienia twarzy &#8211; Windows Hello<br \/>\n5.0MP &#8211; przednia kamera &#8211; nagrywanie film\u00f3w w Full HD 1080p i 4K<br \/>\n10.0MP &#8211; tylny aparat z autofokusem &#8211; nagrywanie film\u00f3w Full HD 1080p i 4K<br \/>\n2 x mikrofon dalekiego pola<br \/>\ng\u0142o\u015bniki stereo 2W Dolby\u00ae Audio\u2122 Premium<\/td>\n<\/tr>\n<tr>\n<td>Oprogramowanie<\/td>\n<td width=\"571\">Windows 10 Pro<br \/>\nmiesi\u0119czna wersja pr\u00f3bna Microsoft Office 365<\/td>\n<\/tr>\n<tr>\n<td>Obudowa<\/td>\n<td width=\"571\">magnezowa obudowa z pasywnym trybem ch\u0142odzenia<br \/>\nkolor &#8211; Platinium (platynowy)<br \/>\nprzyciski regulacji g\u0142o\u015bno\u015bci oraz zasilania<\/td>\n<\/tr>\n<tr>\n<td>Wymiary (mm)<\/td>\n<td width=\"571\">287 x 208 x 7.3 (sz. x g\u0142. x wys.)<\/td>\n<\/tr>\n<tr>\n<td width=\"239\">Waga<br \/>\n(bez klawiatury)<\/td>\n<td width=\"571\">774 g<\/td>\n<\/tr>\n<tr>\n<td>Zawarto\u015b\u0107 zestawu<\/td>\n<td width=\"571\">Surface Pro X<br \/>\nzasilacz<br \/>\nnarz\u0119dzie do wyjmowania karty SIM<br \/>\nskr\u00f3cona instrukcja obs\u0142ugi<br \/>\ndokumenty dotycz\u0105ce gwarancji i bezpiecze\u0144stwa<\/td>\n<\/tr>\n<tr>\n<td>Gwarancja<\/td>\n<td>roczny okres gwarancji<\/td>\n<\/tr>\n<\/tbody>\n<\/table>\n","protected":false},"excerpt":{"rendered":"<p>Microsoft Surface Pro X E4S-00004 jest absolutnie ol\u015bniewaj\u0105cy, niebywale smuk\u0142y, elegancki oraz piekielnie szybki, a to zaledwie gar\u015b\u0107 epitet\u00f3w jakimi mo\u017cna opisa\u0107 ten niezwyk\u0142y laptop 2w1. Uwa\u017cany za najsmuklejszy laptop w ofercie firmy Microsoft. Wyr\u00f3\u017cnia si\u0119 doskona\u0142\u0105 obudow\u0105 wykonan\u0105 z anodyzowanego aluminium z kompozytem w\u0119glowym. W dodatku ca\u0142o\u015b\u0107 jest niezwykle cienka i lekka, dzi\u0119ki czemu [&hellip;]<\/p>\n","protected":false},"featured_media":4401,"template":"","meta":{"site-sidebar-layout":"default","site-content-layout":"default","ast-site-content-layout":"default","site-content-style":"default","site-sidebar-style":"default","ast-global-header-display":"","ast-banner-title-visibility":"","ast-main-header-display":"","ast-hfb-above-header-display":"","ast-hfb-below-header-display":"","ast-hfb-mobile-header-display":"","site-post-title":"","ast-breadcrumbs-content":"","ast-featured-img":"","footer-sml-layout":"","ast-disable-related-posts":"","theme-transparent-header-meta":"default","adv-header-id-meta":"","stick-header-meta":"","header-above-stick-meta":"","header-main-stick-meta":"","header-below-stick-meta":"","astra-migrate-meta-layouts":"default","ast-page-background-enabled":"default","ast-page-background-meta":{"desktop":{"background-color":"","background-image":"","background-repeat":"repeat","background-position":"center center","background-size":"auto","background-attachment":"scroll","background-type":"","background-media":"","overlay-type":"","overlay-color":"","overlay-opacity":"","overlay-gradient":""},"tablet":{"background-color":"","background-image":"","background-repeat":"repeat","background-position":"center center","background-size":"auto","background-attachment":"scroll","background-type":"","background-media":"","overlay-type":"","overlay-color":"","overlay-opacity":"","overlay-gradient":""},"mobile":{"background-color":"","background-image":"","background-repeat":"repeat","background-position":"center center","background-size":"auto","background-attachment":"scroll","background-type":"","background-media":"","overlay-type":"","overlay-color":"","overlay-opacity":"","overlay-gradient":""}},"ast-content-background-meta":{"desktop":{"background-color":"var(--ast-global-color-5)","background-image":"","background-repeat":"repeat","background-position":"center center","background-size":"auto","background-attachment":"scroll","background-type":"","background-media":"","overlay-type":"","overlay-color":"","overlay-opacity":"","overlay-gradient":""},"tablet":{"background-color":"var(--ast-global-color-5)","background-image":"","background-repeat":"repeat","background-position":"center center","background-size":"auto","background-attachment":"scroll","background-type":"","background-media":"","overlay-type":"","overlay-color":"","overlay-opacity":"","overlay-gradient":""},"mobile":{"background-color":"var(--ast-global-color-5)","background-image":"","background-repeat":"repeat","background-position":"center center","background-size":"auto","background-attachment":"scroll","background-type":"","background-media":"","overlay-type":"","overlay-color":"","overlay-opacity":"","overlay-gradient":""}},"_links_to":"","_links_to_target":""},"product_brand":[],"product_cat":[],"product_tag":[],"class_list":{"0":"post-4066","1":"product","2":"type-product","3":"status-publish","4":"has-post-thumbnail","6":"pa_dodatkowe-komponenty-wi-fi","7":"pa_matryca-48","8":"pa_model-procesora-sq1","9":"pa_pamiec-ram-8gb","10":"pa_pojemnosc-dysku-128gb","11":"pa_producent-procesora-microsoft","12":"pa_w-zestawie-urzadzenie-zasilacz","13":"desktop-align-left","14":"tablet-align-left","15":"mobile-align-left","17":"first","18":"outofstock","19":"taxable","20":"shipping-taxable","21":"purchasable","22":"product-type-simple"},"yoast_head":"<!-- This site is optimized with the Yoast SEO plugin v26.7 - https:\/\/yoast.com\/wordpress\/plugins\/seo\/ -->\n<title>Microsoft Surface Pro X E4S-00004 - Sklep Microsoft Surface<\/title>\n<meta name=\"description\" content=\"Microsoft Surface Pro X E4S-00004 - SQ1\/8GB\/128GB\/13&quot;\/Wi-Fi\/W11Pro Sklep rozwi\u0105za\u0144 Microsoft Surface firmy Polsoft Engineering.\" \/>\n<meta name=\"robots\" content=\"index, follow, max-snippet:-1, max-image-preview:large, max-video-preview:-1\" \/>\n<link rel=\"canonical\" href=\"https:\/\/polsoft.pl\/microsoft-surface\/produkt\/tablet-microsoft-surface-pro-x-sq1-wi-fi-platinium-e4s-00004-sq1-8gb-128gb-13-wi-fi-w11pro\/\" \/>\n<meta property=\"og:locale\" content=\"pl_PL\" \/>\n<meta property=\"og:type\" content=\"article\" \/>\n<meta property=\"og:title\" content=\"Microsoft Surface Pro X E4S-00004 - Sklep Microsoft Surface\" \/>\n<meta property=\"og:description\" content=\"Microsoft Surface Pro X E4S-00004 - SQ1\/8GB\/128GB\/13&quot;\/Wi-Fi\/W11Pro Sklep rozwi\u0105za\u0144 Microsoft Surface firmy Polsoft Engineering.\" \/>\n<meta property=\"og:url\" content=\"https:\/\/polsoft.pl\/microsoft-surface\/produkt\/tablet-microsoft-surface-pro-x-sq1-wi-fi-platinium-e4s-00004-sq1-8gb-128gb-13-wi-fi-w11pro\/\" \/>\n<meta property=\"og:site_name\" content=\"Sklep rozwi\u0105za\u0144 Microsoft Surface\" \/>\n<meta property=\"article:modified_time\" content=\"2025-07-15T11:57:08+00:00\" \/>\n<meta property=\"og:image\" content=\"https:\/\/polsoft.pl\/microsoft-surface\/wp-content\/uploads\/2022\/05\/zdjecie-wyrozniajace-tablet-microsoft-surface-pro-x-platynowy-E4S-00004.jpg\" \/>\n\t<meta property=\"og:image:width\" content=\"800\" \/>\n\t<meta property=\"og:image:height\" content=\"800\" \/>\n\t<meta property=\"og:image:type\" content=\"image\/jpeg\" \/>\n<meta name=\"twitter:card\" content=\"summary_large_image\" \/>\n<meta name=\"twitter:label1\" content=\"Szacowany czas czytania\" \/>\n\t<meta name=\"twitter:data1\" content=\"3 minuty\" \/>\n<script type=\"application\/ld+json\" class=\"yoast-schema-graph\">{\"@context\":\"https:\/\/schema.org\",\"@graph\":[{\"@type\":\"WebPage\",\"@id\":\"https:\/\/polsoft.pl\/microsoft-surface\/produkt\/tablet-microsoft-surface-pro-x-sq1-wi-fi-platinium-e4s-00004-sq1-8gb-128gb-13-wi-fi-w11pro\/\",\"url\":\"https:\/\/polsoft.pl\/microsoft-surface\/produkt\/tablet-microsoft-surface-pro-x-sq1-wi-fi-platinium-e4s-00004-sq1-8gb-128gb-13-wi-fi-w11pro\/\",\"name\":\"Microsoft Surface Pro X E4S-00004 - Sklep Microsoft Surface\",\"isPartOf\":{\"@id\":\"https:\/\/polsoft.pl\/microsoft-surface\/#website\"},\"primaryImageOfPage\":{\"@id\":\"https:\/\/polsoft.pl\/microsoft-surface\/produkt\/tablet-microsoft-surface-pro-x-sq1-wi-fi-platinium-e4s-00004-sq1-8gb-128gb-13-wi-fi-w11pro\/#primaryimage\"},\"image\":{\"@id\":\"https:\/\/polsoft.pl\/microsoft-surface\/produkt\/tablet-microsoft-surface-pro-x-sq1-wi-fi-platinium-e4s-00004-sq1-8gb-128gb-13-wi-fi-w11pro\/#primaryimage\"},\"thumbnailUrl\":\"https:\/\/www.polsoft.pl\/microsoft-surface\/wp-content\/uploads\/2022\/05\/zdjecie-wyrozniajace-tablet-microsoft-surface-pro-x-platynowy-E4S-00004.jpg\",\"datePublished\":\"2022-01-21T13:19:24+00:00\",\"dateModified\":\"2025-07-15T11:57:08+00:00\",\"description\":\"Microsoft Surface Pro X E4S-00004 - SQ1\/8GB\/128GB\/13\\\"\/Wi-Fi\/W11Pro Sklep rozwi\u0105za\u0144 Microsoft Surface firmy Polsoft Engineering.\",\"breadcrumb\":{\"@id\":\"https:\/\/polsoft.pl\/microsoft-surface\/produkt\/tablet-microsoft-surface-pro-x-sq1-wi-fi-platinium-e4s-00004-sq1-8gb-128gb-13-wi-fi-w11pro\/#breadcrumb\"},\"inLanguage\":\"pl-PL\",\"potentialAction\":[{\"@type\":\"ReadAction\",\"target\":[\"https:\/\/polsoft.pl\/microsoft-surface\/produkt\/tablet-microsoft-surface-pro-x-sq1-wi-fi-platinium-e4s-00004-sq1-8gb-128gb-13-wi-fi-w11pro\/\"]}]},{\"@type\":\"ImageObject\",\"inLanguage\":\"pl-PL\",\"@id\":\"https:\/\/polsoft.pl\/microsoft-surface\/produkt\/tablet-microsoft-surface-pro-x-sq1-wi-fi-platinium-e4s-00004-sq1-8gb-128gb-13-wi-fi-w11pro\/#primaryimage\",\"url\":\"https:\/\/www.polsoft.pl\/microsoft-surface\/wp-content\/uploads\/2022\/05\/zdjecie-wyrozniajace-tablet-microsoft-surface-pro-x-platynowy-E4S-00004.jpg\",\"contentUrl\":\"https:\/\/www.polsoft.pl\/microsoft-surface\/wp-content\/uploads\/2022\/05\/zdjecie-wyrozniajace-tablet-microsoft-surface-pro-x-platynowy-E4S-00004.jpg\",\"width\":800,\"height\":800,\"caption\":\"Zdj\u0119cie wyr\u00f3\u017cniaj\u0105ce produktu Microsoft Surface Pro X.\"},{\"@type\":\"BreadcrumbList\",\"@id\":\"https:\/\/polsoft.pl\/microsoft-surface\/produkt\/tablet-microsoft-surface-pro-x-sq1-wi-fi-platinium-e4s-00004-sq1-8gb-128gb-13-wi-fi-w11pro\/#breadcrumb\",\"itemListElement\":[{\"@type\":\"ListItem\",\"position\":1,\"name\":\"Strona g\u0142\u00f3wna\",\"item\":\"https:\/\/polsoft.pl\/microsoft-surface\/\"},{\"@type\":\"ListItem\",\"position\":2,\"name\":\"Sklep\",\"item\":\"https:\/\/polsoft.pl\/microsoft-surface\/sklep\/\"},{\"@type\":\"ListItem\",\"position\":3,\"name\":\"Tablet Microsoft Surface Pro X SQ1 Wi-Fi Platinium E4S-00004\/SQ1\/8GB\/128GB\/13&#8243;\/Wi-Fi\/W11Pro\"}]},{\"@type\":\"WebSite\",\"@id\":\"https:\/\/polsoft.pl\/microsoft-surface\/#website\",\"url\":\"https:\/\/polsoft.pl\/microsoft-surface\/\",\"name\":\"Sklep Microsoft Surface\",\"description\":\"Sklep Microsoft Surface\",\"publisher\":{\"@id\":\"https:\/\/polsoft.pl\/microsoft-surface\/#organization\"},\"potentialAction\":[{\"@type\":\"SearchAction\",\"target\":{\"@type\":\"EntryPoint\",\"urlTemplate\":\"https:\/\/polsoft.pl\/microsoft-surface\/?s={search_term_string}\"},\"query-input\":{\"@type\":\"PropertyValueSpecification\",\"valueRequired\":true,\"valueName\":\"search_term_string\"}}],\"inLanguage\":\"pl-PL\"},{\"@type\":\"Organization\",\"@id\":\"https:\/\/polsoft.pl\/microsoft-surface\/#organization\",\"name\":\"Polsoft Engineering Sp. z o.o.\",\"url\":\"https:\/\/polsoft.pl\/microsoft-surface\/\",\"logo\":{\"@type\":\"ImageObject\",\"inLanguage\":\"pl-PL\",\"@id\":\"https:\/\/polsoft.pl\/microsoft-surface\/#\/schema\/logo\/image\/\",\"url\":\"https:\/\/www.polsoft.pl\/microsoft-surface\/wp-content\/uploads\/2020\/10\/microsoft_partner_logo_black_polsoft.png\",\"contentUrl\":\"https:\/\/www.polsoft.pl\/microsoft-surface\/wp-content\/uploads\/2020\/10\/microsoft_partner_logo_black_polsoft.png\",\"width\":613,\"height\":158,\"caption\":\"Polsoft Engineering Sp. z o.o.\"},\"image\":{\"@id\":\"https:\/\/polsoft.pl\/microsoft-surface\/#\/schema\/logo\/image\/\"}}]}<\/script>\n<!-- \/ Yoast SEO plugin. -->","yoast_head_json":{"title":"Microsoft Surface Pro X E4S-00004 - Sklep Microsoft Surface","description":"Microsoft Surface Pro X E4S-00004 - SQ1\/8GB\/128GB\/13\"\/Wi-Fi\/W11Pro Sklep rozwi\u0105za\u0144 Microsoft Surface firmy Polsoft Engineering.","robots":{"index":"index","follow":"follow","max-snippet":"max-snippet:-1","max-image-preview":"max-image-preview:large","max-video-preview":"max-video-preview:-1"},"canonical":"https:\/\/polsoft.pl\/microsoft-surface\/produkt\/tablet-microsoft-surface-pro-x-sq1-wi-fi-platinium-e4s-00004-sq1-8gb-128gb-13-wi-fi-w11pro\/","og_locale":"pl_PL","og_type":"article","og_title":"Microsoft Surface Pro X E4S-00004 - Sklep Microsoft Surface","og_description":"Microsoft Surface Pro X E4S-00004 - SQ1\/8GB\/128GB\/13\"\/Wi-Fi\/W11Pro Sklep rozwi\u0105za\u0144 Microsoft Surface firmy Polsoft Engineering.","og_url":"https:\/\/polsoft.pl\/microsoft-surface\/produkt\/tablet-microsoft-surface-pro-x-sq1-wi-fi-platinium-e4s-00004-sq1-8gb-128gb-13-wi-fi-w11pro\/","og_site_name":"Sklep rozwi\u0105za\u0144 Microsoft Surface","article_modified_time":"2025-07-15T11:57:08+00:00","og_image":[{"width":800,"height":800,"url":"https:\/\/polsoft.pl\/microsoft-surface\/wp-content\/uploads\/2022\/05\/zdjecie-wyrozniajace-tablet-microsoft-surface-pro-x-platynowy-E4S-00004.jpg","type":"image\/jpeg"}],"twitter_card":"summary_large_image","twitter_misc":{"Szacowany czas czytania":"3 minuty"},"schema":{"@context":"https:\/\/schema.org","@graph":[{"@type":"WebPage","@id":"https:\/\/polsoft.pl\/microsoft-surface\/produkt\/tablet-microsoft-surface-pro-x-sq1-wi-fi-platinium-e4s-00004-sq1-8gb-128gb-13-wi-fi-w11pro\/","url":"https:\/\/polsoft.pl\/microsoft-surface\/produkt\/tablet-microsoft-surface-pro-x-sq1-wi-fi-platinium-e4s-00004-sq1-8gb-128gb-13-wi-fi-w11pro\/","name":"Microsoft Surface Pro X E4S-00004 - Sklep Microsoft Surface","isPartOf":{"@id":"https:\/\/polsoft.pl\/microsoft-surface\/#website"},"primaryImageOfPage":{"@id":"https:\/\/polsoft.pl\/microsoft-surface\/produkt\/tablet-microsoft-surface-pro-x-sq1-wi-fi-platinium-e4s-00004-sq1-8gb-128gb-13-wi-fi-w11pro\/#primaryimage"},"image":{"@id":"https:\/\/polsoft.pl\/microsoft-surface\/produkt\/tablet-microsoft-surface-pro-x-sq1-wi-fi-platinium-e4s-00004-sq1-8gb-128gb-13-wi-fi-w11pro\/#primaryimage"},"thumbnailUrl":"https:\/\/www.polsoft.pl\/microsoft-surface\/wp-content\/uploads\/2022\/05\/zdjecie-wyrozniajace-tablet-microsoft-surface-pro-x-platynowy-E4S-00004.jpg","datePublished":"2022-01-21T13:19:24+00:00","dateModified":"2025-07-15T11:57:08+00:00","description":"Microsoft Surface Pro X E4S-00004 - SQ1\/8GB\/128GB\/13\"\/Wi-Fi\/W11Pro Sklep rozwi\u0105za\u0144 Microsoft Surface firmy Polsoft Engineering.","breadcrumb":{"@id":"https:\/\/polsoft.pl\/microsoft-surface\/produkt\/tablet-microsoft-surface-pro-x-sq1-wi-fi-platinium-e4s-00004-sq1-8gb-128gb-13-wi-fi-w11pro\/#breadcrumb"},"inLanguage":"pl-PL","potentialAction":[{"@type":"ReadAction","target":["https:\/\/polsoft.pl\/microsoft-surface\/produkt\/tablet-microsoft-surface-pro-x-sq1-wi-fi-platinium-e4s-00004-sq1-8gb-128gb-13-wi-fi-w11pro\/"]}]},{"@type":"ImageObject","inLanguage":"pl-PL","@id":"https:\/\/polsoft.pl\/microsoft-surface\/produkt\/tablet-microsoft-surface-pro-x-sq1-wi-fi-platinium-e4s-00004-sq1-8gb-128gb-13-wi-fi-w11pro\/#primaryimage","url":"https:\/\/www.polsoft.pl\/microsoft-surface\/wp-content\/uploads\/2022\/05\/zdjecie-wyrozniajace-tablet-microsoft-surface-pro-x-platynowy-E4S-00004.jpg","contentUrl":"https:\/\/www.polsoft.pl\/microsoft-surface\/wp-content\/uploads\/2022\/05\/zdjecie-wyrozniajace-tablet-microsoft-surface-pro-x-platynowy-E4S-00004.jpg","width":800,"height":800,"caption":"Zdj\u0119cie wyr\u00f3\u017cniaj\u0105ce produktu Microsoft Surface Pro X."},{"@type":"BreadcrumbList","@id":"https:\/\/polsoft.pl\/microsoft-surface\/produkt\/tablet-microsoft-surface-pro-x-sq1-wi-fi-platinium-e4s-00004-sq1-8gb-128gb-13-wi-fi-w11pro\/#breadcrumb","itemListElement":[{"@type":"ListItem","position":1,"name":"Strona g\u0142\u00f3wna","item":"https:\/\/polsoft.pl\/microsoft-surface\/"},{"@type":"ListItem","position":2,"name":"Sklep","item":"https:\/\/polsoft.pl\/microsoft-surface\/sklep\/"},{"@type":"ListItem","position":3,"name":"Tablet Microsoft Surface Pro X SQ1 Wi-Fi Platinium E4S-00004\/SQ1\/8GB\/128GB\/13&#8243;\/Wi-Fi\/W11Pro"}]},{"@type":"WebSite","@id":"https:\/\/polsoft.pl\/microsoft-surface\/#website","url":"https:\/\/polsoft.pl\/microsoft-surface\/","name":"Sklep Microsoft Surface","description":"Sklep Microsoft Surface","publisher":{"@id":"https:\/\/polsoft.pl\/microsoft-surface\/#organization"},"potentialAction":[{"@type":"SearchAction","target":{"@type":"EntryPoint","urlTemplate":"https:\/\/polsoft.pl\/microsoft-surface\/?s={search_term_string}"},"query-input":{"@type":"PropertyValueSpecification","valueRequired":true,"valueName":"search_term_string"}}],"inLanguage":"pl-PL"},{"@type":"Organization","@id":"https:\/\/polsoft.pl\/microsoft-surface\/#organization","name":"Polsoft Engineering Sp. z o.o.","url":"https:\/\/polsoft.pl\/microsoft-surface\/","logo":{"@type":"ImageObject","inLanguage":"pl-PL","@id":"https:\/\/polsoft.pl\/microsoft-surface\/#\/schema\/logo\/image\/","url":"https:\/\/www.polsoft.pl\/microsoft-surface\/wp-content\/uploads\/2020\/10\/microsoft_partner_logo_black_polsoft.png","contentUrl":"https:\/\/www.polsoft.pl\/microsoft-surface\/wp-content\/uploads\/2020\/10\/microsoft_partner_logo_black_polsoft.png","width":613,"height":158,"caption":"Polsoft Engineering Sp. z o.o."},"image":{"@id":"https:\/\/polsoft.pl\/microsoft-surface\/#\/schema\/logo\/image\/"}}]}},"_links":{"self":[{"href":"https:\/\/www.polsoft.pl\/microsoft-surface\/wp-json\/wp\/v2\/product\/4066","targetHints":{"allow":["GET"]}}],"collection":[{"href":"https:\/\/www.polsoft.pl\/microsoft-surface\/wp-json\/wp\/v2\/product"}],"about":[{"href":"https:\/\/www.polsoft.pl\/microsoft-surface\/wp-json\/wp\/v2\/types\/product"}],"version-history":[{"count":4,"href":"https:\/\/www.polsoft.pl\/microsoft-surface\/wp-json\/wp\/v2\/product\/4066\/revisions"}],"predecessor-version":[{"id":4669,"href":"https:\/\/www.polsoft.pl\/microsoft-surface\/wp-json\/wp\/v2\/product\/4066\/revisions\/4669"}],"wp:featuredmedia":[{"embeddable":true,"href":"https:\/\/www.polsoft.pl\/microsoft-surface\/wp-json\/wp\/v2\/media\/4401"}],"wp:attachment":[{"href":"https:\/\/www.polsoft.pl\/microsoft-surface\/wp-json\/wp\/v2\/media?parent=4066"}],"wp:term":[{"taxonomy":"product_brand","embeddable":true,"href":"https:\/\/www.polsoft.pl\/microsoft-surface\/wp-json\/wp\/v2\/product_brand?post=4066"},{"taxonomy":"product_cat","embeddable":true,"href":"https:\/\/www.polsoft.pl\/microsoft-surface\/wp-json\/wp\/v2\/product_cat?post=4066"},{"taxonomy":"product_tag","embeddable":true,"href":"https:\/\/www.polsoft.pl\/microsoft-surface\/wp-json\/wp\/v2\/product_tag?post=4066"}],"curies":[{"name":"wp","href":"https:\/\/api.w.org\/{rel}","templated":true}]}}