{"id":4122,"date":"2022-01-21T13:19:32","date_gmt":"2022-01-21T13:19:32","guid":{"rendered":"https:\/\/polsoft.pl\/microsoft-surface\/produkt\/surface-slim-pen-2-black\/"},"modified":"2026-01-23T12:47:12","modified_gmt":"2026-01-23T11:47:12","slug":"surface-slim-pen-2-black","status":"publish","type":"product","link":"https:\/\/www.polsoft.pl\/microsoft-surface\/produkt\/surface-slim-pen-2-black\/","title":{"rendered":"Surface Slim Pen 2 Black"},"content":{"rendered":"<p style=\"text-align: justify;\">Microsoft\u00a0Surface\u00a0Slim\u00a0Pen 2 8WX-00006 jest najbardziej wydajnym pi\u00f3rem w portfolio Microsoft Surface. Korzystaj\u0105c z niego, mo\u017cesz tworzy\u0107, co tylko chcesz: codzienne notatki, wygodna nawigacja czy realizacja artystycznych lub technicznych projekt\u00f3w. Przemy\u015blana konstrukcja pi\u00f3ra sprawia, \u017ce pisanie jest niezwykle komfortowe, jednocze\u015bnie nie obci\u0105\u017caj\u0105c d\u0142oni. Miej pi\u00f3ro Surface Slim Pen 2 zawsze przy sobie dzi\u0119ki kompatybilno\u015bci z szerok\u0105 gam\u0105 urz\u0105dze\u0144 Microsoftu Surface.<\/p>\n<p style=\"text-align: justify;\">Pi\u00f3ro <strong><span style=\"text-decoration: underline;\"><a style=\"color: #2271b1;\" href=\"https:\/\/www.microsoft.com\/pl-pl\/d\/pioro-surface-slim-pen-2\/8tb9xw8rwc14\" rel=\"nofollow\">Surface Slim Pen 2<\/a><\/span><\/strong> jest lekkie i smuk\u0142e, dzi\u0119ki czemu wygodnie le\u017cy w d\u0142oni. Mo\u017cesz mie\u0107 je zawsze przy sobie i nigdy go nie zgubisz, je\u015bli skorzystasz ze schowka znajduj\u0105cego si\u0119 w klawiaturze Surface Pro Signature Keyboard, Microsoft Surface Laptop Studio lub dedykowanego etui. Pi\u00f3ro nie tylko si\u0119 na\u0142aduje, ale tak\u017ce b\u0119dzie zabezpieczone przed uszkodzeniami. Ponadto swoim eleganckim designem idealnie wkomponuje si\u0119 w ka\u017cde stanowisko pracy.<\/p>\n<p style=\"text-align: justify;\">Tw\u00f3rz niesamowite rysunki z niespotykan\u0105 precyzj\u0105 i czu\u0142o\u015bci\u0105 rozpoznaj\u0105c\u0105 4096 poziom\u00f3w nacisku. Ostra ko\u0144c\u00f3wka oraz ulepszona konstrukcja pi\u00f3ra umo\u017cliwia jego obs\u0142ug\u0119 pod k\u0105tem 77\u00b0 kt\u00f3ry zapewnia najwy\u017cszy poziom ergonomii pracy.<\/p>\n<p>B\u0105d\u017a Smart z Surface Slim Pen 2! Skorzystaj z szeregu inteligentnych funkcji jak zaznaczanie zakre\u015blonych s\u0142\u00f3w lub kasowanie przekre\u015blonych s\u0142\u00f3w. Sygna\u0142y dotykowe, kt\u00f3re obs\u0142uguje Microsoft Surface Slim Pen 2 u\u0142atwiaj\u0105 pos\u0142ugiwanie si\u0119 programami. Mo\u017cesz je tak\u017ce dostosowa\u0107 pod siebie, a nawet ca\u0142kowicie wy\u0142\u0105czy\u0107.<\/p>\n<p style=\"text-align: justify;\">Microsoft Surface Slim Pen 2 8WX-00006 nie posiada w zestawie \u0142adowarki, ale mo\u017cesz kupi\u0107 j\u0105 <strong><a style=\"color: #2271b1;\" href=\"https:\/\/polsoft.pl\/microsoft-surface\/produkt\/ladowarka-do-surface-slim-pen-2-black\/\" rel=\"nofollow\">tutaj<\/a><\/strong>. Pi\u00f3ro dost\u0119pne jest wy\u0142\u0105cznie w kolorze czarnym.<\/p>\n<table>\n<tbody>\n<tr>\n<td width=\"170\">Producent:<\/td>\n<td width=\"434\">Microsoft<\/td>\n<\/tr>\n<tr>\n<td width=\"170\">Numer katalogowy:<\/td>\n<td width=\"434\">8WX-00006<\/td>\n<\/tr>\n<tr>\n<td width=\"170\">Wymiary (mm):<\/td>\n<td width=\"434\">136,8 x 11,3 x 6,3 (sz. x g\u0142. x wys.)<\/td>\n<\/tr>\n<tr>\n<td width=\"170\">Waga:<\/td>\n<td width=\"434\">13 g<\/td>\n<\/tr>\n<tr>\n<td width=\"170\">Kolor:<\/td>\n<td width=\"434\">czarny (black)<\/td>\n<\/tr>\n<tr>\n<td width=\"170\">Pasuje do:<\/td>\n<td width=\"434\">Microsoft Surface Pro 8<br \/>\nMicrosoft Surface Pro 7+<br \/>\nMicrosoft Surface Pro 7<br \/>\nMicrosoft Surface Pro X<br \/>\nMicrosoft Surface Go, Surface Go 2, Surface Go 3<br \/>\nMicrosoft Surface Laptop, Surface Laptop 2, Surface Laptop 3, Surface Laptop 4<br \/>\nMicrosoft Surface Laptop Studio<br \/>\nMicrosoft Surface Studio, Surface Studio 2<br \/>\nMicrosoft Surface Hub 2S<br \/>\nMicrosoft Surface Duo, Surface Duo 2<br \/>\nMicrosoft Surface Book 1, Surface Book 2, Surface Book 3<\/td>\n<\/tr>\n<tr>\n<td width=\"170\">Po\u0142\u0105czenie:<\/td>\n<td width=\"434\">technologia Bluetooth\u00ae Wireless 5.0<\/td>\n<\/tr>\n<tr>\n<td width=\"170\">Przyciski:<\/td>\n<td width=\"434\">boczny<br \/>\ng\u00f3rny z funkcj\u0105 gumki<\/td>\n<\/tr>\n<tr>\n<td width=\"170\">Nacisk, czu\u0142o\u015b\u0107:<\/td>\n<td width=\"434\">4096 poziom\u00f3w nacisku<br \/>\npisanie odr\u0119czne bez u\u017cycia si\u0142y \u2013 dost\u0119pne tylko w Surface Pro 8, Surface Pro X, Surface Laptop Studio i Surface Duo 2<\/td>\n<\/tr>\n<tr>\n<td width=\"170\">Bateria:<\/td>\n<td width=\"434\">akumulator litowo-jonowy<br \/>\nczas pracy baterii do 15 h normalnego u\u017cytkowania<\/td>\n<\/tr>\n<tr>\n<td width=\"170\">W zestawie:<\/td>\n<td width=\"434\">Microsoft Surface Slim Pen 2<br \/>\nskr\u00f3cona instrukcja obs\u0142ugi<br \/>\ndokumenty dotycz\u0105ce gwarancji i bezpiecze\u0144stwa<\/td>\n<\/tr>\n<tr>\n<td width=\"170\">Gwarancja:<\/td>\n<td width=\"434\">roczny okres gwarancji<\/td>\n<\/tr>\n<\/tbody>\n<\/table>\n","protected":false},"excerpt":{"rendered":"<p>Microsoft\u00a0Surface\u00a0Slim\u00a0Pen 2 8WX-00006 jest najbardziej wydajnym pi\u00f3rem w portfolio Microsoft Surface. Korzystaj\u0105c z niego, mo\u017cesz tworzy\u0107, co tylko chcesz: codzienne notatki, wygodna nawigacja czy realizacja artystycznych lub technicznych projekt\u00f3w. Przemy\u015blana konstrukcja pi\u00f3ra sprawia, \u017ce pisanie jest niezwykle komfortowe, jednocze\u015bnie nie obci\u0105\u017caj\u0105c d\u0142oni. Miej pi\u00f3ro Surface Slim Pen 2 zawsze przy sobie dzi\u0119ki kompatybilno\u015bci z szerok\u0105 [&hellip;]<\/p>\n","protected":false},"featured_media":4810,"template":"","meta":{"site-sidebar-layout":"default","site-content-layout":"default","ast-site-content-layout":"default","site-content-style":"default","site-sidebar-style":"default","ast-global-header-display":"","ast-banner-title-visibility":"","ast-main-header-display":"","ast-hfb-above-header-display":"","ast-hfb-below-header-display":"","ast-hfb-mobile-header-display":"","site-post-title":"","ast-breadcrumbs-content":"","ast-featured-img":"","footer-sml-layout":"","ast-disable-related-posts":"","theme-transparent-header-meta":"default","adv-header-id-meta":"","stick-header-meta":"","header-above-stick-meta":"","header-main-stick-meta":"","header-below-stick-meta":"","astra-migrate-meta-layouts":"default","ast-page-background-enabled":"default","ast-page-background-meta":{"desktop":{"background-color":"","background-image":"","background-repeat":"repeat","background-position":"center center","background-size":"auto","background-attachment":"scroll","background-type":"","background-media":"","overlay-type":"","overlay-color":"","overlay-opacity":"","overlay-gradient":""},"tablet":{"background-color":"","background-image":"","background-repeat":"repeat","background-position":"center center","background-size":"auto","background-attachment":"scroll","background-type":"","background-media":"","overlay-type":"","overlay-color":"","overlay-opacity":"","overlay-gradient":""},"mobile":{"background-color":"","background-image":"","background-repeat":"repeat","background-position":"center center","background-size":"auto","background-attachment":"scroll","background-type":"","background-media":"","overlay-type":"","overlay-color":"","overlay-opacity":"","overlay-gradient":""}},"ast-content-background-meta":{"desktop":{"background-color":"var(--ast-global-color-5)","background-image":"","background-repeat":"repeat","background-position":"center center","background-size":"auto","background-attachment":"scroll","background-type":"","background-media":"","overlay-type":"","overlay-color":"","overlay-opacity":"","overlay-gradient":""},"tablet":{"background-color":"var(--ast-global-color-5)","background-image":"","background-repeat":"repeat","background-position":"center center","background-size":"auto","background-attachment":"scroll","background-type":"","background-media":"","overlay-type":"","overlay-color":"","overlay-opacity":"","overlay-gradient":""},"mobile":{"background-color":"var(--ast-global-color-5)","background-image":"","background-repeat":"repeat","background-position":"center center","background-size":"auto","background-attachment":"scroll","background-type":"","background-media":"","overlay-type":"","overlay-color":"","overlay-opacity":"","overlay-gradient":""}},"_links_to":"","_links_to_target":""},"product_brand":[],"product_cat":[90],"product_tag":[],"class_list":{"0":"post-4122","1":"product","2":"type-product","3":"status-publish","4":"has-post-thumbnail","6":"product_cat-akcesoria-microsoft-surface","7":"desktop-align-left","8":"tablet-align-left","9":"mobile-align-left","11":"first","12":"instock","13":"taxable","14":"shipping-taxable","15":"purchasable","16":"product-type-simple"},"yoast_head":"<!-- This site is optimized with the Yoast SEO plugin v26.7 - https:\/\/yoast.com\/wordpress\/plugins\/seo\/ -->\n<title>Microsoft Surface Slim Pen 2 8WX-00006 - Sklep Microsoft Surface<\/title>\n<meta name=\"description\" content=\"Microsoft Surface Slim Pen 2 8WX-00006 - Sklep rozwi\u0105za\u0144 Microsoft Surface firmy Polsoft Engineering. Microsoft\" \/>\n<meta name=\"robots\" content=\"index, follow, max-snippet:-1, max-image-preview:large, max-video-preview:-1\" \/>\n<link rel=\"canonical\" href=\"https:\/\/polsoft.pl\/microsoft-surface\/produkt\/surface-slim-pen-2-black\/\" \/>\n<meta property=\"og:locale\" content=\"pl_PL\" \/>\n<meta property=\"og:type\" content=\"article\" \/>\n<meta property=\"og:title\" content=\"Microsoft Surface Slim Pen 2 8WX-00006 - Sklep Microsoft Surface\" \/>\n<meta property=\"og:description\" content=\"Microsoft Surface Slim Pen 2 8WX-00006 - Sklep rozwi\u0105za\u0144 Microsoft Surface firmy Polsoft Engineering. Microsoft\" \/>\n<meta property=\"og:url\" content=\"https:\/\/polsoft.pl\/microsoft-surface\/produkt\/surface-slim-pen-2-black\/\" \/>\n<meta property=\"og:site_name\" content=\"Sklep rozwi\u0105za\u0144 Microsoft Surface\" \/>\n<meta property=\"article:modified_time\" content=\"2026-01-23T11:47:12+00:00\" \/>\n<meta property=\"og:image\" content=\"https:\/\/polsoft.pl\/microsoft-surface\/wp-content\/uploads\/2022\/06\/pioro-microsoft-surface-slim-pen-2-czarny-8WX-00006.jpg\" \/>\n\t<meta property=\"og:image:width\" content=\"800\" \/>\n\t<meta property=\"og:image:height\" content=\"800\" \/>\n\t<meta property=\"og:image:type\" content=\"image\/jpeg\" \/>\n<meta name=\"twitter:card\" content=\"summary_large_image\" \/>\n<meta name=\"twitter:label1\" content=\"Szacowany czas czytania\" \/>\n\t<meta name=\"twitter:data1\" content=\"2 minuty\" \/>\n<script type=\"application\/ld+json\" class=\"yoast-schema-graph\">{\"@context\":\"https:\/\/schema.org\",\"@graph\":[{\"@type\":\"WebPage\",\"@id\":\"https:\/\/polsoft.pl\/microsoft-surface\/produkt\/surface-slim-pen-2-black\/\",\"url\":\"https:\/\/polsoft.pl\/microsoft-surface\/produkt\/surface-slim-pen-2-black\/\",\"name\":\"Microsoft Surface Slim Pen 2 8WX-00006 - Sklep Microsoft Surface\",\"isPartOf\":{\"@id\":\"https:\/\/polsoft.pl\/microsoft-surface\/#website\"},\"primaryImageOfPage\":{\"@id\":\"https:\/\/polsoft.pl\/microsoft-surface\/produkt\/surface-slim-pen-2-black\/#primaryimage\"},\"image\":{\"@id\":\"https:\/\/polsoft.pl\/microsoft-surface\/produkt\/surface-slim-pen-2-black\/#primaryimage\"},\"thumbnailUrl\":\"https:\/\/www.polsoft.pl\/microsoft-surface\/wp-content\/uploads\/2022\/06\/pioro-microsoft-surface-slim-pen-2-czarny-8WX-00006.jpg\",\"datePublished\":\"2022-01-21T13:19:32+00:00\",\"dateModified\":\"2026-01-23T11:47:12+00:00\",\"description\":\"Microsoft Surface Slim Pen 2 8WX-00006 - Sklep rozwi\u0105za\u0144 Microsoft Surface firmy Polsoft Engineering. Microsoft\",\"breadcrumb\":{\"@id\":\"https:\/\/polsoft.pl\/microsoft-surface\/produkt\/surface-slim-pen-2-black\/#breadcrumb\"},\"inLanguage\":\"pl-PL\",\"potentialAction\":[{\"@type\":\"ReadAction\",\"target\":[\"https:\/\/polsoft.pl\/microsoft-surface\/produkt\/surface-slim-pen-2-black\/\"]}]},{\"@type\":\"ImageObject\",\"inLanguage\":\"pl-PL\",\"@id\":\"https:\/\/polsoft.pl\/microsoft-surface\/produkt\/surface-slim-pen-2-black\/#primaryimage\",\"url\":\"https:\/\/www.polsoft.pl\/microsoft-surface\/wp-content\/uploads\/2022\/06\/pioro-microsoft-surface-slim-pen-2-czarny-8WX-00006.jpg\",\"contentUrl\":\"https:\/\/www.polsoft.pl\/microsoft-surface\/wp-content\/uploads\/2022\/06\/pioro-microsoft-surface-slim-pen-2-czarny-8WX-00006.jpg\",\"width\":800,\"height\":800,\"caption\":\"Zdj\u0119cie pi\u00f3ra Microsoft Surface Slim Pen 2 - 8WX-00006\"},{\"@type\":\"BreadcrumbList\",\"@id\":\"https:\/\/polsoft.pl\/microsoft-surface\/produkt\/surface-slim-pen-2-black\/#breadcrumb\",\"itemListElement\":[{\"@type\":\"ListItem\",\"position\":1,\"name\":\"Strona g\u0142\u00f3wna\",\"item\":\"https:\/\/polsoft.pl\/microsoft-surface\/\"},{\"@type\":\"ListItem\",\"position\":2,\"name\":\"Sklep\",\"item\":\"https:\/\/polsoft.pl\/microsoft-surface\/sklep\/\"},{\"@type\":\"ListItem\",\"position\":3,\"name\":\"Surface Slim Pen 2 Black\"}]},{\"@type\":\"WebSite\",\"@id\":\"https:\/\/polsoft.pl\/microsoft-surface\/#website\",\"url\":\"https:\/\/polsoft.pl\/microsoft-surface\/\",\"name\":\"Sklep Microsoft Surface\",\"description\":\"Sklep Microsoft Surface\",\"publisher\":{\"@id\":\"https:\/\/polsoft.pl\/microsoft-surface\/#organization\"},\"potentialAction\":[{\"@type\":\"SearchAction\",\"target\":{\"@type\":\"EntryPoint\",\"urlTemplate\":\"https:\/\/polsoft.pl\/microsoft-surface\/?s={search_term_string}\"},\"query-input\":{\"@type\":\"PropertyValueSpecification\",\"valueRequired\":true,\"valueName\":\"search_term_string\"}}],\"inLanguage\":\"pl-PL\"},{\"@type\":\"Organization\",\"@id\":\"https:\/\/polsoft.pl\/microsoft-surface\/#organization\",\"name\":\"Polsoft Engineering Sp. z o.o.\",\"url\":\"https:\/\/polsoft.pl\/microsoft-surface\/\",\"logo\":{\"@type\":\"ImageObject\",\"inLanguage\":\"pl-PL\",\"@id\":\"https:\/\/polsoft.pl\/microsoft-surface\/#\/schema\/logo\/image\/\",\"url\":\"https:\/\/www.polsoft.pl\/microsoft-surface\/wp-content\/uploads\/2020\/10\/microsoft_partner_logo_black_polsoft.png\",\"contentUrl\":\"https:\/\/www.polsoft.pl\/microsoft-surface\/wp-content\/uploads\/2020\/10\/microsoft_partner_logo_black_polsoft.png\",\"width\":613,\"height\":158,\"caption\":\"Polsoft Engineering Sp. z o.o.\"},\"image\":{\"@id\":\"https:\/\/polsoft.pl\/microsoft-surface\/#\/schema\/logo\/image\/\"}}]}<\/script>\n<!-- \/ Yoast SEO plugin. -->","yoast_head_json":{"title":"Microsoft Surface Slim Pen 2 8WX-00006 - Sklep Microsoft Surface","description":"Microsoft Surface Slim Pen 2 8WX-00006 - Sklep rozwi\u0105za\u0144 Microsoft Surface firmy Polsoft Engineering. Microsoft","robots":{"index":"index","follow":"follow","max-snippet":"max-snippet:-1","max-image-preview":"max-image-preview:large","max-video-preview":"max-video-preview:-1"},"canonical":"https:\/\/polsoft.pl\/microsoft-surface\/produkt\/surface-slim-pen-2-black\/","og_locale":"pl_PL","og_type":"article","og_title":"Microsoft Surface Slim Pen 2 8WX-00006 - Sklep Microsoft Surface","og_description":"Microsoft Surface Slim Pen 2 8WX-00006 - Sklep rozwi\u0105za\u0144 Microsoft Surface firmy Polsoft Engineering. Microsoft","og_url":"https:\/\/polsoft.pl\/microsoft-surface\/produkt\/surface-slim-pen-2-black\/","og_site_name":"Sklep rozwi\u0105za\u0144 Microsoft Surface","article_modified_time":"2026-01-23T11:47:12+00:00","og_image":[{"width":800,"height":800,"url":"https:\/\/polsoft.pl\/microsoft-surface\/wp-content\/uploads\/2022\/06\/pioro-microsoft-surface-slim-pen-2-czarny-8WX-00006.jpg","type":"image\/jpeg"}],"twitter_card":"summary_large_image","twitter_misc":{"Szacowany czas czytania":"2 minuty"},"schema":{"@context":"https:\/\/schema.org","@graph":[{"@type":"WebPage","@id":"https:\/\/polsoft.pl\/microsoft-surface\/produkt\/surface-slim-pen-2-black\/","url":"https:\/\/polsoft.pl\/microsoft-surface\/produkt\/surface-slim-pen-2-black\/","name":"Microsoft Surface Slim Pen 2 8WX-00006 - Sklep Microsoft Surface","isPartOf":{"@id":"https:\/\/polsoft.pl\/microsoft-surface\/#website"},"primaryImageOfPage":{"@id":"https:\/\/polsoft.pl\/microsoft-surface\/produkt\/surface-slim-pen-2-black\/#primaryimage"},"image":{"@id":"https:\/\/polsoft.pl\/microsoft-surface\/produkt\/surface-slim-pen-2-black\/#primaryimage"},"thumbnailUrl":"https:\/\/www.polsoft.pl\/microsoft-surface\/wp-content\/uploads\/2022\/06\/pioro-microsoft-surface-slim-pen-2-czarny-8WX-00006.jpg","datePublished":"2022-01-21T13:19:32+00:00","dateModified":"2026-01-23T11:47:12+00:00","description":"Microsoft Surface Slim Pen 2 8WX-00006 - Sklep rozwi\u0105za\u0144 Microsoft Surface firmy Polsoft Engineering. Microsoft","breadcrumb":{"@id":"https:\/\/polsoft.pl\/microsoft-surface\/produkt\/surface-slim-pen-2-black\/#breadcrumb"},"inLanguage":"pl-PL","potentialAction":[{"@type":"ReadAction","target":["https:\/\/polsoft.pl\/microsoft-surface\/produkt\/surface-slim-pen-2-black\/"]}]},{"@type":"ImageObject","inLanguage":"pl-PL","@id":"https:\/\/polsoft.pl\/microsoft-surface\/produkt\/surface-slim-pen-2-black\/#primaryimage","url":"https:\/\/www.polsoft.pl\/microsoft-surface\/wp-content\/uploads\/2022\/06\/pioro-microsoft-surface-slim-pen-2-czarny-8WX-00006.jpg","contentUrl":"https:\/\/www.polsoft.pl\/microsoft-surface\/wp-content\/uploads\/2022\/06\/pioro-microsoft-surface-slim-pen-2-czarny-8WX-00006.jpg","width":800,"height":800,"caption":"Zdj\u0119cie pi\u00f3ra Microsoft Surface Slim Pen 2 - 8WX-00006"},{"@type":"BreadcrumbList","@id":"https:\/\/polsoft.pl\/microsoft-surface\/produkt\/surface-slim-pen-2-black\/#breadcrumb","itemListElement":[{"@type":"ListItem","position":1,"name":"Strona g\u0142\u00f3wna","item":"https:\/\/polsoft.pl\/microsoft-surface\/"},{"@type":"ListItem","position":2,"name":"Sklep","item":"https:\/\/polsoft.pl\/microsoft-surface\/sklep\/"},{"@type":"ListItem","position":3,"name":"Surface Slim Pen 2 Black"}]},{"@type":"WebSite","@id":"https:\/\/polsoft.pl\/microsoft-surface\/#website","url":"https:\/\/polsoft.pl\/microsoft-surface\/","name":"Sklep Microsoft Surface","description":"Sklep Microsoft Surface","publisher":{"@id":"https:\/\/polsoft.pl\/microsoft-surface\/#organization"},"potentialAction":[{"@type":"SearchAction","target":{"@type":"EntryPoint","urlTemplate":"https:\/\/polsoft.pl\/microsoft-surface\/?s={search_term_string}"},"query-input":{"@type":"PropertyValueSpecification","valueRequired":true,"valueName":"search_term_string"}}],"inLanguage":"pl-PL"},{"@type":"Organization","@id":"https:\/\/polsoft.pl\/microsoft-surface\/#organization","name":"Polsoft Engineering Sp. z o.o.","url":"https:\/\/polsoft.pl\/microsoft-surface\/","logo":{"@type":"ImageObject","inLanguage":"pl-PL","@id":"https:\/\/polsoft.pl\/microsoft-surface\/#\/schema\/logo\/image\/","url":"https:\/\/www.polsoft.pl\/microsoft-surface\/wp-content\/uploads\/2020\/10\/microsoft_partner_logo_black_polsoft.png","contentUrl":"https:\/\/www.polsoft.pl\/microsoft-surface\/wp-content\/uploads\/2020\/10\/microsoft_partner_logo_black_polsoft.png","width":613,"height":158,"caption":"Polsoft Engineering Sp. z o.o."},"image":{"@id":"https:\/\/polsoft.pl\/microsoft-surface\/#\/schema\/logo\/image\/"}}]}},"_links":{"self":[{"href":"https:\/\/www.polsoft.pl\/microsoft-surface\/wp-json\/wp\/v2\/product\/4122","targetHints":{"allow":["GET"]}}],"collection":[{"href":"https:\/\/www.polsoft.pl\/microsoft-surface\/wp-json\/wp\/v2\/product"}],"about":[{"href":"https:\/\/www.polsoft.pl\/microsoft-surface\/wp-json\/wp\/v2\/types\/product"}],"version-history":[{"count":5,"href":"https:\/\/www.polsoft.pl\/microsoft-surface\/wp-json\/wp\/v2\/product\/4122\/revisions"}],"predecessor-version":[{"id":4840,"href":"https:\/\/www.polsoft.pl\/microsoft-surface\/wp-json\/wp\/v2\/product\/4122\/revisions\/4840"}],"wp:featuredmedia":[{"embeddable":true,"href":"https:\/\/www.polsoft.pl\/microsoft-surface\/wp-json\/wp\/v2\/media\/4810"}],"wp:attachment":[{"href":"https:\/\/www.polsoft.pl\/microsoft-surface\/wp-json\/wp\/v2\/media?parent=4122"}],"wp:term":[{"taxonomy":"product_brand","embeddable":true,"href":"https:\/\/www.polsoft.pl\/microsoft-surface\/wp-json\/wp\/v2\/product_brand?post=4122"},{"taxonomy":"product_cat","embeddable":true,"href":"https:\/\/www.polsoft.pl\/microsoft-surface\/wp-json\/wp\/v2\/product_cat?post=4122"},{"taxonomy":"product_tag","embeddable":true,"href":"https:\/\/www.polsoft.pl\/microsoft-surface\/wp-json\/wp\/v2\/product_tag?post=4122"}],"curies":[{"name":"wp","href":"https:\/\/api.w.org\/{rel}","templated":true}]}}