{"id":4124,"date":"2022-01-21T13:19:32","date_gmt":"2022-01-21T13:19:32","guid":{"rendered":"https:\/\/polsoft.pl\/microsoft-surface\/produkt\/ladowarka-do-surface-slim-pen-2-black\/"},"modified":"2026-01-23T12:47:18","modified_gmt":"2026-01-23T11:47:18","slug":"ladowarka-do-surface-slim-pen-2-black","status":"publish","type":"product","link":"https:\/\/www.polsoft.pl\/microsoft-surface\/produkt\/ladowarka-do-surface-slim-pen-2-black\/","title":{"rendered":"\u0141adowarka do Surface Slim Pen 2 Black"},"content":{"rendered":"<p><strong><a style=\"color: #2271b1;\" href=\"https:\/\/www.microsoft.com\/pl-pl\/d\/%c5%81adowarka-do-surface-slim-pen\/8zc6jrr8jmr8?cid=msft_web_collection\" rel=\"nofollow\">\u0141adowarka<\/a><\/strong> jest kompatybilna z pi\u00f3rami Surface Slim Pen oraz Surface Slim Pen 2. Do \u0142adowarki do\u0142\u0105czony jest kabel USB-A, dzi\u0119ki kt\u00f3remu mo\u017cesz pod\u0142\u0105czy\u0107 pi\u00f3ro bezpo\u015brednio do urz\u0105dzenia Surface.<\/p>\n<p style=\"text-align: justify;\">Pi\u00f3ro Surface Slim Pen 2 sprzedawane jest osobno pod tym <a style=\"color: #2271b1;\" href=\"https:\/\/polsoft.pl\/microsoft-surface\/produkt\/surface-slim-pen-2-black\/\"><strong>adresem<\/strong><\/a>.<\/p>\n<table>\n<tbody>\n<tr>\n<td width=\"170\">Producent:<\/td>\n<td width=\"434\">Microsoft<\/td>\n<\/tr>\n<tr>\n<td width=\"170\">Numer katalogowy:<\/td>\n<td width=\"434\">8X3-00003<\/td>\n<\/tr>\n<tr>\n<td width=\"170\">Wymiary (mm):<\/td>\n<td width=\"434\">161,9 x 15,9 x 9,5 (sz. x g\u0142. x wys.)<\/td>\n<\/tr>\n<tr>\n<td width=\"170\">Waga:<\/td>\n<td width=\"434\">31 g<\/td>\n<\/tr>\n<tr>\n<td width=\"170\">Kolor:<\/td>\n<td width=\"434\">czarny (black)<\/td>\n<\/tr>\n<tr>\n<td width=\"170\">Materia\u0142:<\/td>\n<td width=\"434\">tworzywo sztuczne<\/td>\n<\/tr>\n<tr>\n<td width=\"170\">Pasuje do:<\/td>\n<td width=\"434\">Microsoft Surface Slim Pen 2<br \/>\nMicrosoft Surface Slim Pen<\/td>\n<\/tr>\n<tr>\n<td width=\"170\">W zestawie:<\/td>\n<td width=\"434\">\u0141adowarka Microsoft Surface Slim Pen 2<br \/>\nkabel USB-A<br \/>\nskr\u00f3cona instrukcja obs\u0142ugi<br \/>\ndokumenty dotycz\u0105ce gwarancji i bezpiecze\u0144stwa<\/td>\n<\/tr>\n<tr>\n<td width=\"170\">Gwarancja:<\/td>\n<td width=\"434\">roczny okres gwarancji<\/td>\n<\/tr>\n<\/tbody>\n<\/table>\n","protected":false},"excerpt":{"rendered":"<p>\u0141adowarka jest kompatybilna z pi\u00f3rami Surface Slim Pen oraz Surface Slim Pen 2. Do \u0142adowarki do\u0142\u0105czony jest kabel USB-A, dzi\u0119ki kt\u00f3remu mo\u017cesz pod\u0142\u0105czy\u0107 pi\u00f3ro bezpo\u015brednio do urz\u0105dzenia Surface. Pi\u00f3ro Surface Slim Pen 2 sprzedawane jest osobno pod tym adresem. Producent: Microsoft Numer katalogowy: 8X3-00003 Wymiary (mm): 161,9 x 15,9 x 9,5 (sz. x g\u0142. x [&hellip;]<\/p>\n","protected":false},"featured_media":4806,"template":"","meta":{"site-sidebar-layout":"default","site-content-layout":"default","ast-site-content-layout":"default","site-content-style":"default","site-sidebar-style":"default","ast-global-header-display":"","ast-banner-title-visibility":"","ast-main-header-display":"","ast-hfb-above-header-display":"","ast-hfb-below-header-display":"","ast-hfb-mobile-header-display":"","site-post-title":"","ast-breadcrumbs-content":"","ast-featured-img":"","footer-sml-layout":"","ast-disable-related-posts":"","theme-transparent-header-meta":"default","adv-header-id-meta":"","stick-header-meta":"","header-above-stick-meta":"","header-main-stick-meta":"","header-below-stick-meta":"","astra-migrate-meta-layouts":"default","ast-page-background-enabled":"default","ast-page-background-meta":{"desktop":{"background-color":"","background-image":"","background-repeat":"repeat","background-position":"center center","background-size":"auto","background-attachment":"scroll","background-type":"","background-media":"","overlay-type":"","overlay-color":"","overlay-opacity":"","overlay-gradient":""},"tablet":{"background-color":"","background-image":"","background-repeat":"repeat","background-position":"center center","background-size":"auto","background-attachment":"scroll","background-type":"","background-media":"","overlay-type":"","overlay-color":"","overlay-opacity":"","overlay-gradient":""},"mobile":{"background-color":"","background-image":"","background-repeat":"repeat","background-position":"center center","background-size":"auto","background-attachment":"scroll","background-type":"","background-media":"","overlay-type":"","overlay-color":"","overlay-opacity":"","overlay-gradient":""}},"ast-content-background-meta":{"desktop":{"background-color":"var(--ast-global-color-5)","background-image":"","background-repeat":"repeat","background-position":"center center","background-size":"auto","background-attachment":"scroll","background-type":"","background-media":"","overlay-type":"","overlay-color":"","overlay-opacity":"","overlay-gradient":""},"tablet":{"background-color":"var(--ast-global-color-5)","background-image":"","background-repeat":"repeat","background-position":"center center","background-size":"auto","background-attachment":"scroll","background-type":"","background-media":"","overlay-type":"","overlay-color":"","overlay-opacity":"","overlay-gradient":""},"mobile":{"background-color":"var(--ast-global-color-5)","background-image":"","background-repeat":"repeat","background-position":"center center","background-size":"auto","background-attachment":"scroll","background-type":"","background-media":"","overlay-type":"","overlay-color":"","overlay-opacity":"","overlay-gradient":""}},"_links_to":"","_links_to_target":""},"product_brand":[],"product_cat":[90],"product_tag":[],"class_list":{"0":"post-4124","1":"product","2":"type-product","3":"status-publish","4":"has-post-thumbnail","6":"product_cat-akcesoria-microsoft-surface","7":"desktop-align-left","8":"tablet-align-left","9":"mobile-align-left","11":"first","12":"instock","13":"taxable","14":"shipping-taxable","15":"purchasable","16":"product-type-simple"},"yoast_head":"<!-- This site is optimized with the Yoast SEO plugin v26.7 - https:\/\/yoast.com\/wordpress\/plugins\/seo\/ -->\n<title>\u0141adowarka do Surface Slim Pen 2 8X3-00003 - Sklep Microsoft Surface<\/title>\n<meta name=\"description\" content=\"\u0141adowarka do Surface Slim Pen 2 8X3-00003 - czarny - Sklep rozwi\u0105za\u0144 Microsoft Surface firmy Polsoft Engineering.\" \/>\n<meta name=\"robots\" content=\"index, follow, max-snippet:-1, max-image-preview:large, max-video-preview:-1\" \/>\n<link rel=\"canonical\" href=\"https:\/\/polsoft.pl\/microsoft-surface\/produkt\/ladowarka-do-surface-slim-pen-2-black\/\" \/>\n<meta property=\"og:locale\" content=\"pl_PL\" \/>\n<meta property=\"og:type\" content=\"article\" \/>\n<meta property=\"og:title\" content=\"\u0141adowarka do Surface Slim Pen 2 8X3-00003 - Sklep Microsoft Surface\" \/>\n<meta property=\"og:description\" content=\"\u0141adowarka do Surface Slim Pen 2 8X3-00003 - czarny - Sklep rozwi\u0105za\u0144 Microsoft Surface firmy Polsoft Engineering.\" \/>\n<meta property=\"og:url\" content=\"https:\/\/polsoft.pl\/microsoft-surface\/produkt\/ladowarka-do-surface-slim-pen-2-black\/\" \/>\n<meta property=\"og:site_name\" content=\"Sklep rozwi\u0105za\u0144 Microsoft Surface\" \/>\n<meta property=\"article:modified_time\" content=\"2026-01-23T11:47:18+00:00\" \/>\n<meta property=\"og:image\" content=\"https:\/\/polsoft.pl\/microsoft-surface\/wp-content\/uploads\/2022\/06\/ladowarka-do-microsoft-surface-slim-pen-2-czarny-8X3-00003.jpg\" \/>\n\t<meta property=\"og:image:width\" content=\"800\" \/>\n\t<meta property=\"og:image:height\" content=\"800\" \/>\n\t<meta property=\"og:image:type\" content=\"image\/jpeg\" \/>\n<meta name=\"twitter:card\" content=\"summary_large_image\" \/>\n<meta name=\"twitter:label1\" content=\"Szacowany czas czytania\" \/>\n\t<meta name=\"twitter:data1\" content=\"1 minuta\" \/>\n<script type=\"application\/ld+json\" class=\"yoast-schema-graph\">{\"@context\":\"https:\/\/schema.org\",\"@graph\":[{\"@type\":\"WebPage\",\"@id\":\"https:\/\/polsoft.pl\/microsoft-surface\/produkt\/ladowarka-do-surface-slim-pen-2-black\/\",\"url\":\"https:\/\/polsoft.pl\/microsoft-surface\/produkt\/ladowarka-do-surface-slim-pen-2-black\/\",\"name\":\"\u0141adowarka do Surface Slim Pen 2 8X3-00003 - Sklep Microsoft Surface\",\"isPartOf\":{\"@id\":\"https:\/\/polsoft.pl\/microsoft-surface\/#website\"},\"primaryImageOfPage\":{\"@id\":\"https:\/\/polsoft.pl\/microsoft-surface\/produkt\/ladowarka-do-surface-slim-pen-2-black\/#primaryimage\"},\"image\":{\"@id\":\"https:\/\/polsoft.pl\/microsoft-surface\/produkt\/ladowarka-do-surface-slim-pen-2-black\/#primaryimage\"},\"thumbnailUrl\":\"https:\/\/www.polsoft.pl\/microsoft-surface\/wp-content\/uploads\/2022\/06\/ladowarka-do-microsoft-surface-slim-pen-2-czarny-8X3-00003.jpg\",\"datePublished\":\"2022-01-21T13:19:32+00:00\",\"dateModified\":\"2026-01-23T11:47:18+00:00\",\"description\":\"\u0141adowarka do Surface Slim Pen 2 8X3-00003 - czarny - Sklep rozwi\u0105za\u0144 Microsoft Surface firmy Polsoft Engineering.\",\"breadcrumb\":{\"@id\":\"https:\/\/polsoft.pl\/microsoft-surface\/produkt\/ladowarka-do-surface-slim-pen-2-black\/#breadcrumb\"},\"inLanguage\":\"pl-PL\",\"potentialAction\":[{\"@type\":\"ReadAction\",\"target\":[\"https:\/\/polsoft.pl\/microsoft-surface\/produkt\/ladowarka-do-surface-slim-pen-2-black\/\"]}]},{\"@type\":\"ImageObject\",\"inLanguage\":\"pl-PL\",\"@id\":\"https:\/\/polsoft.pl\/microsoft-surface\/produkt\/ladowarka-do-surface-slim-pen-2-black\/#primaryimage\",\"url\":\"https:\/\/www.polsoft.pl\/microsoft-surface\/wp-content\/uploads\/2022\/06\/ladowarka-do-microsoft-surface-slim-pen-2-czarny-8X3-00003.jpg\",\"contentUrl\":\"https:\/\/www.polsoft.pl\/microsoft-surface\/wp-content\/uploads\/2022\/06\/ladowarka-do-microsoft-surface-slim-pen-2-czarny-8X3-00003.jpg\",\"width\":800,\"height\":800,\"caption\":\"Zdj\u0119cie \u0142adowarki do Microsoft Surface Slim Pen 2 - 8X3-00003\"},{\"@type\":\"BreadcrumbList\",\"@id\":\"https:\/\/polsoft.pl\/microsoft-surface\/produkt\/ladowarka-do-surface-slim-pen-2-black\/#breadcrumb\",\"itemListElement\":[{\"@type\":\"ListItem\",\"position\":1,\"name\":\"Strona g\u0142\u00f3wna\",\"item\":\"https:\/\/polsoft.pl\/microsoft-surface\/\"},{\"@type\":\"ListItem\",\"position\":2,\"name\":\"Sklep\",\"item\":\"https:\/\/polsoft.pl\/microsoft-surface\/sklep\/\"},{\"@type\":\"ListItem\",\"position\":3,\"name\":\"\u0141adowarka do Surface Slim Pen 2 Black\"}]},{\"@type\":\"WebSite\",\"@id\":\"https:\/\/polsoft.pl\/microsoft-surface\/#website\",\"url\":\"https:\/\/polsoft.pl\/microsoft-surface\/\",\"name\":\"Sklep Microsoft Surface\",\"description\":\"Sklep Microsoft Surface\",\"publisher\":{\"@id\":\"https:\/\/polsoft.pl\/microsoft-surface\/#organization\"},\"potentialAction\":[{\"@type\":\"SearchAction\",\"target\":{\"@type\":\"EntryPoint\",\"urlTemplate\":\"https:\/\/polsoft.pl\/microsoft-surface\/?s={search_term_string}\"},\"query-input\":{\"@type\":\"PropertyValueSpecification\",\"valueRequired\":true,\"valueName\":\"search_term_string\"}}],\"inLanguage\":\"pl-PL\"},{\"@type\":\"Organization\",\"@id\":\"https:\/\/polsoft.pl\/microsoft-surface\/#organization\",\"name\":\"Polsoft Engineering Sp. z o.o.\",\"url\":\"https:\/\/polsoft.pl\/microsoft-surface\/\",\"logo\":{\"@type\":\"ImageObject\",\"inLanguage\":\"pl-PL\",\"@id\":\"https:\/\/polsoft.pl\/microsoft-surface\/#\/schema\/logo\/image\/\",\"url\":\"https:\/\/www.polsoft.pl\/microsoft-surface\/wp-content\/uploads\/2020\/10\/microsoft_partner_logo_black_polsoft.png\",\"contentUrl\":\"https:\/\/www.polsoft.pl\/microsoft-surface\/wp-content\/uploads\/2020\/10\/microsoft_partner_logo_black_polsoft.png\",\"width\":613,\"height\":158,\"caption\":\"Polsoft Engineering Sp. z o.o.\"},\"image\":{\"@id\":\"https:\/\/polsoft.pl\/microsoft-surface\/#\/schema\/logo\/image\/\"}}]}<\/script>\n<!-- \/ Yoast SEO plugin. -->","yoast_head_json":{"title":"\u0141adowarka do Surface Slim Pen 2 8X3-00003 - Sklep Microsoft Surface","description":"\u0141adowarka do Surface Slim Pen 2 8X3-00003 - czarny - Sklep rozwi\u0105za\u0144 Microsoft Surface firmy Polsoft Engineering.","robots":{"index":"index","follow":"follow","max-snippet":"max-snippet:-1","max-image-preview":"max-image-preview:large","max-video-preview":"max-video-preview:-1"},"canonical":"https:\/\/polsoft.pl\/microsoft-surface\/produkt\/ladowarka-do-surface-slim-pen-2-black\/","og_locale":"pl_PL","og_type":"article","og_title":"\u0141adowarka do Surface Slim Pen 2 8X3-00003 - Sklep Microsoft Surface","og_description":"\u0141adowarka do Surface Slim Pen 2 8X3-00003 - czarny - Sklep rozwi\u0105za\u0144 Microsoft Surface firmy Polsoft Engineering.","og_url":"https:\/\/polsoft.pl\/microsoft-surface\/produkt\/ladowarka-do-surface-slim-pen-2-black\/","og_site_name":"Sklep rozwi\u0105za\u0144 Microsoft Surface","article_modified_time":"2026-01-23T11:47:18+00:00","og_image":[{"width":800,"height":800,"url":"https:\/\/polsoft.pl\/microsoft-surface\/wp-content\/uploads\/2022\/06\/ladowarka-do-microsoft-surface-slim-pen-2-czarny-8X3-00003.jpg","type":"image\/jpeg"}],"twitter_card":"summary_large_image","twitter_misc":{"Szacowany czas czytania":"1 minuta"},"schema":{"@context":"https:\/\/schema.org","@graph":[{"@type":"WebPage","@id":"https:\/\/polsoft.pl\/microsoft-surface\/produkt\/ladowarka-do-surface-slim-pen-2-black\/","url":"https:\/\/polsoft.pl\/microsoft-surface\/produkt\/ladowarka-do-surface-slim-pen-2-black\/","name":"\u0141adowarka do Surface Slim Pen 2 8X3-00003 - Sklep Microsoft Surface","isPartOf":{"@id":"https:\/\/polsoft.pl\/microsoft-surface\/#website"},"primaryImageOfPage":{"@id":"https:\/\/polsoft.pl\/microsoft-surface\/produkt\/ladowarka-do-surface-slim-pen-2-black\/#primaryimage"},"image":{"@id":"https:\/\/polsoft.pl\/microsoft-surface\/produkt\/ladowarka-do-surface-slim-pen-2-black\/#primaryimage"},"thumbnailUrl":"https:\/\/www.polsoft.pl\/microsoft-surface\/wp-content\/uploads\/2022\/06\/ladowarka-do-microsoft-surface-slim-pen-2-czarny-8X3-00003.jpg","datePublished":"2022-01-21T13:19:32+00:00","dateModified":"2026-01-23T11:47:18+00:00","description":"\u0141adowarka do Surface Slim Pen 2 8X3-00003 - czarny - Sklep rozwi\u0105za\u0144 Microsoft Surface firmy Polsoft Engineering.","breadcrumb":{"@id":"https:\/\/polsoft.pl\/microsoft-surface\/produkt\/ladowarka-do-surface-slim-pen-2-black\/#breadcrumb"},"inLanguage":"pl-PL","potentialAction":[{"@type":"ReadAction","target":["https:\/\/polsoft.pl\/microsoft-surface\/produkt\/ladowarka-do-surface-slim-pen-2-black\/"]}]},{"@type":"ImageObject","inLanguage":"pl-PL","@id":"https:\/\/polsoft.pl\/microsoft-surface\/produkt\/ladowarka-do-surface-slim-pen-2-black\/#primaryimage","url":"https:\/\/www.polsoft.pl\/microsoft-surface\/wp-content\/uploads\/2022\/06\/ladowarka-do-microsoft-surface-slim-pen-2-czarny-8X3-00003.jpg","contentUrl":"https:\/\/www.polsoft.pl\/microsoft-surface\/wp-content\/uploads\/2022\/06\/ladowarka-do-microsoft-surface-slim-pen-2-czarny-8X3-00003.jpg","width":800,"height":800,"caption":"Zdj\u0119cie \u0142adowarki do Microsoft Surface Slim Pen 2 - 8X3-00003"},{"@type":"BreadcrumbList","@id":"https:\/\/polsoft.pl\/microsoft-surface\/produkt\/ladowarka-do-surface-slim-pen-2-black\/#breadcrumb","itemListElement":[{"@type":"ListItem","position":1,"name":"Strona g\u0142\u00f3wna","item":"https:\/\/polsoft.pl\/microsoft-surface\/"},{"@type":"ListItem","position":2,"name":"Sklep","item":"https:\/\/polsoft.pl\/microsoft-surface\/sklep\/"},{"@type":"ListItem","position":3,"name":"\u0141adowarka do Surface Slim Pen 2 Black"}]},{"@type":"WebSite","@id":"https:\/\/polsoft.pl\/microsoft-surface\/#website","url":"https:\/\/polsoft.pl\/microsoft-surface\/","name":"Sklep Microsoft Surface","description":"Sklep Microsoft Surface","publisher":{"@id":"https:\/\/polsoft.pl\/microsoft-surface\/#organization"},"potentialAction":[{"@type":"SearchAction","target":{"@type":"EntryPoint","urlTemplate":"https:\/\/polsoft.pl\/microsoft-surface\/?s={search_term_string}"},"query-input":{"@type":"PropertyValueSpecification","valueRequired":true,"valueName":"search_term_string"}}],"inLanguage":"pl-PL"},{"@type":"Organization","@id":"https:\/\/polsoft.pl\/microsoft-surface\/#organization","name":"Polsoft Engineering Sp. z o.o.","url":"https:\/\/polsoft.pl\/microsoft-surface\/","logo":{"@type":"ImageObject","inLanguage":"pl-PL","@id":"https:\/\/polsoft.pl\/microsoft-surface\/#\/schema\/logo\/image\/","url":"https:\/\/www.polsoft.pl\/microsoft-surface\/wp-content\/uploads\/2020\/10\/microsoft_partner_logo_black_polsoft.png","contentUrl":"https:\/\/www.polsoft.pl\/microsoft-surface\/wp-content\/uploads\/2020\/10\/microsoft_partner_logo_black_polsoft.png","width":613,"height":158,"caption":"Polsoft Engineering Sp. z o.o."},"image":{"@id":"https:\/\/polsoft.pl\/microsoft-surface\/#\/schema\/logo\/image\/"}}]}},"_links":{"self":[{"href":"https:\/\/www.polsoft.pl\/microsoft-surface\/wp-json\/wp\/v2\/product\/4124","targetHints":{"allow":["GET"]}}],"collection":[{"href":"https:\/\/www.polsoft.pl\/microsoft-surface\/wp-json\/wp\/v2\/product"}],"about":[{"href":"https:\/\/www.polsoft.pl\/microsoft-surface\/wp-json\/wp\/v2\/types\/product"}],"version-history":[{"count":4,"href":"https:\/\/www.polsoft.pl\/microsoft-surface\/wp-json\/wp\/v2\/product\/4124\/revisions"}],"predecessor-version":[{"id":4890,"href":"https:\/\/www.polsoft.pl\/microsoft-surface\/wp-json\/wp\/v2\/product\/4124\/revisions\/4890"}],"wp:featuredmedia":[{"embeddable":true,"href":"https:\/\/www.polsoft.pl\/microsoft-surface\/wp-json\/wp\/v2\/media\/4806"}],"wp:attachment":[{"href":"https:\/\/www.polsoft.pl\/microsoft-surface\/wp-json\/wp\/v2\/media?parent=4124"}],"wp:term":[{"taxonomy":"product_brand","embeddable":true,"href":"https:\/\/www.polsoft.pl\/microsoft-surface\/wp-json\/wp\/v2\/product_brand?post=4124"},{"taxonomy":"product_cat","embeddable":true,"href":"https:\/\/www.polsoft.pl\/microsoft-surface\/wp-json\/wp\/v2\/product_cat?post=4124"},{"taxonomy":"product_tag","embeddable":true,"href":"https:\/\/www.polsoft.pl\/microsoft-surface\/wp-json\/wp\/v2\/product_tag?post=4124"}],"curies":[{"name":"wp","href":"https:\/\/api.w.org\/{rel}","templated":true}]}}